{"id":138,"date":"2019-07-11T09:35:04","date_gmt":"2019-07-11T07:35:04","guid":{"rendered":"https:\/\/instytutpolski.pl\/lipsk\/?page_id=138"},"modified":"2025-06-19T10:48:13","modified_gmt":"2025-06-19T08:48:13","slug":"ueber-uns","status":"publish","type":"page","link":"https:\/\/instytutpolski.pl\/leipzig\/ueber-uns\/","title":{"rendered":"\u00dcber uns"},"content":{"rendered":"\n<p>\u00d6ffnungszeiten: Di\u2013Fr 10:00\u201316:00 Uhr<br \/>Tel.: 0341 \/ 702 61-0<br \/><br \/>Direktorin: <strong>Katarzyna Sitko<\/strong>\u00a0\u2013 Berlin<br \/><br \/>Referenten:<br \/>Literatur, Politik, Geschichte:\u00a0<b>Bernd Karwen<br \/><\/b>Film, Musik, Bildung:\u00a0<b>Rainer Mende<\/b><br \/><br \/>Verwaltung &amp; Finanzen:\u00a0<b>Maria Hajduk<\/b>\u00a0\u2013 Berlin<br \/><br \/><\/p>\n<hr \/>\n<p><strong><br \/>\u00dcber das Polnische Institut<\/strong><\/p>\n<p>Das Polnische Institut Berlin \u2013 Filiale Leipzig ist als Einrichtung des Ministeriums f\u00fcr Ausw\u00e4rtige Angelegenheiten der Republik Polen mit Aufgaben der polnischen \u00f6ffentlichen und kulturellen Diplomatie betraut. Es vermittelt nicht nur die polnische Kultur in Deutschland, sondern m\u00f6chte viel mehr Interesse und Begeisterung f\u00fcr alle Aspekte des facettenreichen und vielf\u00e4ltigen gesellschaftlichen Lebens im Nachbarland wecken. Dazu z\u00e4hlen Landesgeschichte, Traditionen und das Engagement Polens als verl\u00e4ssliches Mitglied der Europ\u00e4ischen Union. Durch zahlreiche, gemeinsam mit deutschen und polnischen Partnern durchgef\u00fchrte Projekte entstehen dauerhafte Netzwerke und langfristige Kooperationen, die einen intensiven und direkten Kulturaustausch erm\u00f6glichen. Dabei gelingt es polnischen K\u00fcnstlern und Kulturschaffenden Traditionen und Geschichte mit der Gegenwart zu verweben. <br \/><br \/>Doch die Pr\u00e4sentation klassischer und neuester Kunst und Kultur ist nicht das einzige Anliegen des Instituts. Es versteht sich dar\u00fcber hinaus als Mittler, Plattform und kompetenter Ansprechpartner f\u00fcr deutsche Kulturschaffende und K\u00fcnstler, aber auch Institutionen und Kultureinrichtungen, die an einem Austausch mit Polen interessiert sind. So entstehen nachhaltige Netzwerke und Kooperationen, die im kleinen und gro\u00dfen Ma\u00dfstab wesentlich zur St\u00e4rkung der europ\u00e4ischen Wertegemeinschaft beitragen und bestehende Horizonte erweitern.<br \/><br \/>Besonderen Wert legt das Institut auf Kommunikation und nutzt engagiert virtuelle Plattformen wie die eigene Internetseite, <a href=\"https:\/\/www.facebook.com\/polnischesinstitutberlin\">Facebook<\/a> und <a href=\"https:\/\/twitter.com\/PLInst_Leipzig\">Twitter<\/a>, um ein m\u00f6glichst breites und vielf\u00e4ltiges Publikum zu erreichen. <br \/><br \/>Das Polnische Institut Berlin \u2013 Filiale Leipzig unterst\u00fctzt und initiiert Projekte und Veranstaltungen in Sachsen, Th\u00fcringen und Sachsen-Anhalt.<br \/><br \/>Weltweit gibt es gegenw\u00e4rtig 25 Polnische Institute, wobei im deutschsprachigen Raum neben dem Berliner Institut und seiner Filiale in Leipzig auch das Institut in <a href=\"https:\/\/instytutpolski.pl\/duesseldorf\/\">D\u00fcsseldorf<\/a> und in <a href=\"https:\/\/instytutpolski.pl\/wien\/\">Wien<\/a> z\u00e4hlen: <a href=\"https:\/\/instytutpolski.pl\">https:\/\/instytutpolski.pl<\/a><\/p>\n<hr \/>\n<div>\u00a0<\/div>\n<div><strong><br \/>Hinweis zu Film-, Foto- und Tonaufnahmen<\/strong><\/div>\n<div>\u00a0<\/div>\n<div><span class=\"Apple-style-span\"><b>Die Veranstaltungen des Polnischen Instituts werden zu Dokumentations- und Werbezwecken fotografiert und gefilmt. Eine Auswahl an Fotos und kurzen Videos wird auf der Website <a href=\"https:\/\/instytutpolski.pl\/leipzig\">https:\/\/instytutpolski.pl\/leipzig<\/a> und in sozialen Netzwerken ver\u00f6ffentlicht. Die Foto-, Film- und Tonaufnahmen werden im Archiv des Polnischen Instituts gespeichert.<br \/><br \/><\/b><\/span><\/div>\n<p>Mit der Teilnahme an den Veranstaltungen des Polnischen Instituts erkl\u00e4ren Sie sich mit der m\u00f6glichen Ver\u00f6ffentlichung von Bildmaterialen einverstanden.<\/p>\n","protected":false},"excerpt":{"rendered":"<p>\u00d6ffnungszeiten: Di\u2013Fr 10:00\u201316:00 UhrTel.: 0341 \/ 702 61-0 Direktorin: Katarzyna Sitko\u00a0\u2013 Berlin Referenten:Literatur, Politik, Geschichte:\u00a0Bernd KarwenFilm, Musik, Bildung:\u00a0Rainer Mende Verwaltung &amp; Finanzen:\u00a0Maria Hajduk\u00a0\u2013 Berlin \u00dcber das Polnische Institut Das Polnische Institut Berlin \u2013 Filiale Leipzig ist als Einrichtung des Ministeriums f\u00fcr Ausw\u00e4rtige Angelegenheiten der Republik Polen mit Aufgaben der polnischen \u00f6ffentlichen und kulturellen Diplomatie betraut. [&hellip;]<\/p>\n","protected":false},"author":1,"featured_media":869,"parent":0,"menu_order":0,"comment_status":"closed","ping_status":"closed","template":"","meta":{"inline_featured_image":false,"_monsterinsights_skip_tracking":false,"_monsterinsights_sitenote_active":false,"_monsterinsights_sitenote_note":"","_monsterinsights_sitenote_category":0,"footnotes":""},"class_list":["post-138","page","type-page","status-publish","has-post-thumbnail","hentry"],"yoast_head":"<!-- This site is optimized with the Yoast SEO plugin v24.6 - https:\/\/yoast.com\/wordpress\/plugins\/seo\/ -->\n<title>\u00dcber uns - Instytut Polski w Lipsku<\/title>\n<meta name=\"robots\" content=\"index, follow, max-snippet:-1, max-image-preview:large, max-video-preview:-1\" \/>\n<link rel=\"canonical\" href=\"https:\/\/instytutpolski.pl\/leipzig\/ueber-uns\/\" \/>\n<meta property=\"og:locale\" content=\"pl_PL\" \/>\n<meta property=\"og:type\" content=\"article\" \/>\n<meta property=\"og:title\" content=\"\u00dcber uns - Instytut Polski w Lipsku\" \/>\n<meta property=\"og:description\" content=\"\u00d6ffnungszeiten: Di\u2013Fr 10:00\u201316:00 UhrTel.: 0341 \/ 702 61-0 Direktorin: Katarzyna Sitko\u00a0\u2013 Berlin Referenten:Literatur, Politik, Geschichte:\u00a0Bernd KarwenFilm, Musik, Bildung:\u00a0Rainer Mende Verwaltung &amp; Finanzen:\u00a0Maria Hajduk\u00a0\u2013 Berlin \u00dcber das Polnische Institut Das Polnische Institut Berlin \u2013 Filiale Leipzig ist als Einrichtung des Ministeriums f\u00fcr Ausw\u00e4rtige Angelegenheiten der Republik Polen mit Aufgaben der polnischen \u00f6ffentlichen und kulturellen Diplomatie betraut. [&hellip;]\" \/>\n<meta property=\"og:url\" content=\"https:\/\/instytutpolski.pl\/leipzig\/ueber-uns\/\" \/>\n<meta property=\"og:site_name\" content=\"Instytut Polski w Lipsku\" \/>\n<meta property=\"article:modified_time\" content=\"2025-06-19T08:48:13+00:00\" \/>\n<meta property=\"og:image\" content=\"https:\/\/instytutpolski.pl\/leipzig\/wp-content\/uploads\/sites\/29\/2020\/06\/2014-05-02-Ozdoba-IP-Lipsk-fasada-001-scaled.jpg\" \/>\n\t<meta property=\"og:image:width\" content=\"2560\" \/>\n\t<meta property=\"og:image:height\" content=\"1714\" \/>\n\t<meta property=\"og:image:type\" content=\"image\/jpeg\" \/>\n<meta name=\"twitter:card\" content=\"summary_large_image\" \/>\n<meta name=\"twitter:label1\" content=\"Szacowany czas czytania\" \/>\n\t<meta name=\"twitter:data1\" content=\"3 minuty\" \/>\n<script type=\"application\/ld+json\" class=\"yoast-schema-graph\">{\"@context\":\"https:\/\/schema.org\",\"@graph\":[{\"@type\":\"WebPage\",\"@id\":\"https:\/\/instytutpolski.pl\/leipzig\/ueber-uns\/\",\"url\":\"https:\/\/instytutpolski.pl\/leipzig\/ueber-uns\/\",\"name\":\"\u00dcber uns - Instytut Polski w Lipsku\",\"isPartOf\":{\"@id\":\"https:\/\/instytutpolski.pl\/leipzig\/#website\"},\"primaryImageOfPage\":{\"@id\":\"https:\/\/instytutpolski.pl\/leipzig\/ueber-uns\/#primaryimage\"},\"image\":{\"@id\":\"https:\/\/instytutpolski.pl\/leipzig\/ueber-uns\/#primaryimage\"},\"thumbnailUrl\":\"https:\/\/instytutpolski.pl\/leipzig\/wp-content\/uploads\/sites\/29\/2020\/06\/2014-05-02-Ozdoba-IP-Lipsk-fasada-001-scaled.jpg\",\"datePublished\":\"2019-07-11T07:35:04+00:00\",\"dateModified\":\"2025-06-19T08:48:13+00:00\",\"breadcrumb\":{\"@id\":\"https:\/\/instytutpolski.pl\/leipzig\/ueber-uns\/#breadcrumb\"},\"inLanguage\":\"pl-PL\",\"potentialAction\":[{\"@type\":\"ReadAction\",\"target\":[\"https:\/\/instytutpolski.pl\/leipzig\/ueber-uns\/\"]}]},{\"@type\":\"ImageObject\",\"inLanguage\":\"pl-PL\",\"@id\":\"https:\/\/instytutpolski.pl\/leipzig\/ueber-uns\/#primaryimage\",\"url\":\"https:\/\/instytutpolski.pl\/leipzig\/wp-content\/uploads\/sites\/29\/2020\/06\/2014-05-02-Ozdoba-IP-Lipsk-fasada-001-scaled.jpg\",\"contentUrl\":\"https:\/\/instytutpolski.pl\/leipzig\/wp-content\/uploads\/sites\/29\/2020\/06\/2014-05-02-Ozdoba-IP-Lipsk-fasada-001-scaled.jpg\",\"width\":2560,\"height\":1714,\"caption\":\"SONY DSC\"},{\"@type\":\"BreadcrumbList\",\"@id\":\"https:\/\/instytutpolski.pl\/leipzig\/ueber-uns\/#breadcrumb\",\"itemListElement\":[{\"@type\":\"ListItem\",\"position\":1,\"name\":\"Home\",\"item\":\"https:\/\/instytutpolski.pl\/leipzig\/\"},{\"@type\":\"ListItem\",\"position\":2,\"name\":\"\u00dcber uns\"}]},{\"@type\":\"WebSite\",\"@id\":\"https:\/\/instytutpolski.pl\/leipzig\/#website\",\"url\":\"https:\/\/instytutpolski.pl\/leipzig\/\",\"name\":\"Instytut Polski w Lipsku\",\"description\":\"Kolejna witryna sieci &#8222;Instytuty Polskie&#8221;\",\"potentialAction\":[{\"@type\":\"SearchAction\",\"target\":{\"@type\":\"EntryPoint\",\"urlTemplate\":\"https:\/\/instytutpolski.pl\/leipzig\/?s={search_term_string}\"},\"query-input\":{\"@type\":\"PropertyValueSpecification\",\"valueRequired\":true,\"valueName\":\"search_term_string\"}}],\"inLanguage\":\"pl-PL\"}]}<\/script>\n<!-- \/ Yoast SEO plugin. -->","yoast_head_json":{"title":"\u00dcber uns - Instytut Polski w Lipsku","robots":{"index":"index","follow":"follow","max-snippet":"max-snippet:-1","max-image-preview":"max-image-preview:large","max-video-preview":"max-video-preview:-1"},"canonical":"https:\/\/instytutpolski.pl\/leipzig\/ueber-uns\/","og_locale":"pl_PL","og_type":"article","og_title":"\u00dcber uns - Instytut Polski w Lipsku","og_description":"\u00d6ffnungszeiten: Di\u2013Fr 10:00\u201316:00 UhrTel.: 0341 \/ 702 61-0 Direktorin: Katarzyna Sitko\u00a0\u2013 Berlin Referenten:Literatur, Politik, Geschichte:\u00a0Bernd KarwenFilm, Musik, Bildung:\u00a0Rainer Mende Verwaltung &amp; Finanzen:\u00a0Maria Hajduk\u00a0\u2013 Berlin \u00dcber das Polnische Institut Das Polnische Institut Berlin \u2013 Filiale Leipzig ist als Einrichtung des Ministeriums f\u00fcr Ausw\u00e4rtige Angelegenheiten der Republik Polen mit Aufgaben der polnischen \u00f6ffentlichen und kulturellen Diplomatie betraut. [&hellip;]","og_url":"https:\/\/instytutpolski.pl\/leipzig\/ueber-uns\/","og_site_name":"Instytut Polski w Lipsku","article_modified_time":"2025-06-19T08:48:13+00:00","og_image":[{"width":2560,"height":1714,"url":"https:\/\/instytutpolski.pl\/leipzig\/wp-content\/uploads\/sites\/29\/2020\/06\/2014-05-02-Ozdoba-IP-Lipsk-fasada-001-scaled.jpg","type":"image\/jpeg"}],"twitter_card":"summary_large_image","twitter_misc":{"Szacowany czas czytania":"3 minuty"},"schema":{"@context":"https:\/\/schema.org","@graph":[{"@type":"WebPage","@id":"https:\/\/instytutpolski.pl\/leipzig\/ueber-uns\/","url":"https:\/\/instytutpolski.pl\/leipzig\/ueber-uns\/","name":"\u00dcber uns - Instytut Polski w Lipsku","isPartOf":{"@id":"https:\/\/instytutpolski.pl\/leipzig\/#website"},"primaryImageOfPage":{"@id":"https:\/\/instytutpolski.pl\/leipzig\/ueber-uns\/#primaryimage"},"image":{"@id":"https:\/\/instytutpolski.pl\/leipzig\/ueber-uns\/#primaryimage"},"thumbnailUrl":"https:\/\/instytutpolski.pl\/leipzig\/wp-content\/uploads\/sites\/29\/2020\/06\/2014-05-02-Ozdoba-IP-Lipsk-fasada-001-scaled.jpg","datePublished":"2019-07-11T07:35:04+00:00","dateModified":"2025-06-19T08:48:13+00:00","breadcrumb":{"@id":"https:\/\/instytutpolski.pl\/leipzig\/ueber-uns\/#breadcrumb"},"inLanguage":"pl-PL","potentialAction":[{"@type":"ReadAction","target":["https:\/\/instytutpolski.pl\/leipzig\/ueber-uns\/"]}]},{"@type":"ImageObject","inLanguage":"pl-PL","@id":"https:\/\/instytutpolski.pl\/leipzig\/ueber-uns\/#primaryimage","url":"https:\/\/instytutpolski.pl\/leipzig\/wp-content\/uploads\/sites\/29\/2020\/06\/2014-05-02-Ozdoba-IP-Lipsk-fasada-001-scaled.jpg","contentUrl":"https:\/\/instytutpolski.pl\/leipzig\/wp-content\/uploads\/sites\/29\/2020\/06\/2014-05-02-Ozdoba-IP-Lipsk-fasada-001-scaled.jpg","width":2560,"height":1714,"caption":"SONY DSC"},{"@type":"BreadcrumbList","@id":"https:\/\/instytutpolski.pl\/leipzig\/ueber-uns\/#breadcrumb","itemListElement":[{"@type":"ListItem","position":1,"name":"Home","item":"https:\/\/instytutpolski.pl\/leipzig\/"},{"@type":"ListItem","position":2,"name":"\u00dcber uns"}]},{"@type":"WebSite","@id":"https:\/\/instytutpolski.pl\/leipzig\/#website","url":"https:\/\/instytutpolski.pl\/leipzig\/","name":"Instytut Polski w Lipsku","description":"Kolejna witryna sieci &#8222;Instytuty Polskie&#8221;","potentialAction":[{"@type":"SearchAction","target":{"@type":"EntryPoint","urlTemplate":"https:\/\/instytutpolski.pl\/leipzig\/?s={search_term_string}"},"query-input":{"@type":"PropertyValueSpecification","valueRequired":true,"valueName":"search_term_string"}}],"inLanguage":"pl-PL"}]}},"_links":{"self":[{"href":"https:\/\/instytutpolski.pl\/leipzig\/wp-json\/wp\/v2\/pages\/138","targetHints":{"allow":["GET"]}}],"collection":[{"href":"https:\/\/instytutpolski.pl\/leipzig\/wp-json\/wp\/v2\/pages"}],"about":[{"href":"https:\/\/instytutpolski.pl\/leipzig\/wp-json\/wp\/v2\/types\/page"}],"author":[{"embeddable":true,"href":"https:\/\/instytutpolski.pl\/leipzig\/wp-json\/wp\/v2\/users\/1"}],"replies":[{"embeddable":true,"href":"https:\/\/instytutpolski.pl\/leipzig\/wp-json\/wp\/v2\/comments?post=138"}],"version-history":[{"count":14,"href":"https:\/\/instytutpolski.pl\/leipzig\/wp-json\/wp\/v2\/pages\/138\/revisions"}],"predecessor-version":[{"id":15735,"href":"https:\/\/instytutpolski.pl\/leipzig\/wp-json\/wp\/v2\/pages\/138\/revisions\/15735"}],"wp:featuredmedia":[{"embeddable":true,"href":"https:\/\/instytutpolski.pl\/leipzig\/wp-json\/wp\/v2\/media\/869"}],"wp:attachment":[{"href":"https:\/\/instytutpolski.pl\/leipzig\/wp-json\/wp\/v2\/media?parent=138"}],"curies":[{"name":"wp","href":"https:\/\/api.w.org\/{rel}","templated":true}]}}