{"id":1387,"date":"2020-07-08T11:27:42","date_gmt":"2020-07-08T09:27:42","guid":{"rendered":"https:\/\/instytutpolski.pl\/leipzig\/?page_id=1387"},"modified":"2020-07-09T10:52:29","modified_gmt":"2020-07-09T08:52:29","slug":"bialowieza","status":"publish","type":"page","link":"https:\/\/instytutpolski.pl\/leipzig\/polen-erleben\/unesco-welterbe-in-polen\/bialowieza\/","title":{"rendered":"Bia\u0142owie\u017ca"},"content":{"rendered":"\n<p><strong>Der Bia\u0142owie\u017ca-Urwald liegt an der Grenze zwischen Polen und Belarus. Es handelt sich um einen ausgedehnten, zusammenh\u00e4ngenden Urwald, in dem sowohl Laub- als auch Nadelb\u00e4ume zu finden sind. Das eingetragene Gebiet erstreckt sich \u00fcber eine Fl\u00e4che von 141.885 Hektar. Das Waldgebiet ist im Hinblick auf die Erhaltung seiner Biodiversit\u00e4t einzigartig. Hier ist die gr\u00f6\u00dfte frei lebende Population von Wisenten (Europ\u00e4ischen Bisons) zu finden \u2013 des Tieres, das Symbol des Bia\u0142owie\u017ca-Urwalds ist.<\/strong><\/p>\n\n\n\n<p>Der Bia\u0142owie\u017ca-Urwald ist ein gro\u00dfes Waldgebiet an der polnisch-wei\u00dfrussischen Grenze. Dank mehrerer Jahrhunderte des Naturschutzes \u00fcberdauerte der Wald bis in die heutige Zeit in seinem nat\u00fcrlichen Zustand. Der Nationalpark Bia\u0142owie\u017ca in Polen wurde 1979 in die Welt-erbeliste aufgenommen. 1992 wurde diese Eintragung um die Belovezhskaya Pushcha in Belarus erweitert. Die umfangreiche Erweiterung der St\u00e4tte im Jahr 2014 f\u00fchrte zu einer Gesamt-fl\u00e4che von 141.885 ha mit einer Pufferzone von 166.708 Hektar.<\/p>\n<p>Diese St\u00e4tte umfasst ein Gebiet aus Niederungsw\u00e4ldern, die f\u00fcr die mitteleurop\u00e4ische Mischwald-\u00d6koregion charakteristisch sind. Die Erhaltung des Gebiets ist aufgrund des Umfangs seiner Prim\u00e4rw\u00e4lder, die ausgedehnte unbe-r\u00fchrte Bereiche umfassen, in denen nat\u00fcrliche Prozesse andauern, von au\u00dferordentlicher Bedeutung. Die Folge ist ein Reichtum an stehendem und am Boden liegendem Totholz und damit eine gro\u00dfe Vielfalt an Pilzenund saprophylischen Wirbellosen. Durch die St\u00e4tte wird eine vielf\u00e4ltige und reiche Tierwelt mit 59 S\u00e4ugetier-, \u00fcber 250 Vogel-, 13 Amphibien-, sieben Reptilienarten und \u00fcber 12.000 Arten von Wirbellosen gesch\u00fctzt.<\/p>\n<p>Ikonisches Symbol der St\u00e4tte ist der Wisent: Sch\u00e4tzungsweise 900 Tiere leben in der gesamten Welterbest\u00e4tte. Das sind fast 25 % der weltweiten Gesamtpopulation und \u00fcber 30 % der frei lebenden Tiere.<\/p>\n\n\n\n<p><em>Quelle: UNESCO (offizielle Webseite: <a href=\"https:\/\/whc.unesco.org\/en\/list\/33\">whc.unesco.org<\/a>)<br>\u00dcbersetzung: Agata Biernacka<\/em><\/p>\n","protected":false},"excerpt":{"rendered":"<p>Der Bia\u0142owie\u017ca-Urwald liegt an der Grenze zwischen Polen und Belarus. Es handelt sich um einen ausgedehnten, zusammenh\u00e4ngenden Urwald, in dem sowohl Laub- als auch Nadelb\u00e4ume zu finden sind. Das eingetragene Gebiet erstreckt sich \u00fcber eine Fl\u00e4che von 141.885 Hektar. Das Waldgebiet ist im Hinblick auf die Erhaltung seiner Biodiversit\u00e4t einzigartig. Hier ist die gr\u00f6\u00dfte frei [&hellip;]<\/p>\n","protected":false},"author":79,"featured_media":1388,"parent":932,"menu_order":0,"comment_status":"closed","ping_status":"closed","template":"","meta":{"inline_featured_image":false,"_monsterinsights_skip_tracking":false,"_monsterinsights_sitenote_active":false,"_monsterinsights_sitenote_note":"","_monsterinsights_sitenote_category":0,"footnotes":""},"class_list":["post-1387","page","type-page","status-publish","has-post-thumbnail","hentry"],"yoast_head":"<!-- This site is optimized with the Yoast SEO plugin v24.6 - https:\/\/yoast.com\/wordpress\/plugins\/seo\/ -->\n<title>Bia\u0142owie\u017ca - Instytut Polski w Lipsku<\/title>\n<meta name=\"robots\" content=\"index, follow, max-snippet:-1, max-image-preview:large, max-video-preview:-1\" \/>\n<link rel=\"canonical\" href=\"https:\/\/instytutpolski.pl\/leipzig\/polen-erleben\/unesco-welterbe-in-polen\/bialowieza\/\" \/>\n<meta property=\"og:locale\" content=\"pl_PL\" \/>\n<meta property=\"og:type\" content=\"article\" \/>\n<meta property=\"og:title\" content=\"Bia\u0142owie\u017ca - Instytut Polski w Lipsku\" \/>\n<meta property=\"og:description\" content=\"Der Bia\u0142owie\u017ca-Urwald liegt an der Grenze zwischen Polen und Belarus. Es handelt sich um einen ausgedehnten, zusammenh\u00e4ngenden Urwald, in dem sowohl Laub- als auch Nadelb\u00e4ume zu finden sind. Das eingetragene Gebiet erstreckt sich \u00fcber eine Fl\u00e4che von 141.885 Hektar. Das Waldgebiet ist im Hinblick auf die Erhaltung seiner Biodiversit\u00e4t einzigartig. Hier ist die gr\u00f6\u00dfte frei [&hellip;]\" \/>\n<meta property=\"og:url\" content=\"https:\/\/instytutpolski.pl\/leipzig\/polen-erleben\/unesco-welterbe-in-polen\/bialowieza\/\" \/>\n<meta property=\"og:site_name\" content=\"Instytut Polski w Lipsku\" \/>\n<meta property=\"article:modified_time\" content=\"2020-07-09T08:52:29+00:00\" \/>\n<meta property=\"og:image\" content=\"https:\/\/instytutpolski.pl\/leipzig\/wp-content\/uploads\/sites\/29\/2020\/07\/UNESCO-Bison-Pixabay.jpg\" \/>\n\t<meta property=\"og:image:width\" content=\"1920\" \/>\n\t<meta property=\"og:image:height\" content=\"1280\" \/>\n\t<meta property=\"og:image:type\" content=\"image\/jpeg\" \/>\n<meta name=\"twitter:card\" content=\"summary_large_image\" \/>\n<meta name=\"twitter:label1\" content=\"Szacowany czas czytania\" \/>\n\t<meta name=\"twitter:data1\" content=\"1 minuta\" \/>\n<script type=\"application\/ld+json\" class=\"yoast-schema-graph\">{\"@context\":\"https:\/\/schema.org\",\"@graph\":[{\"@type\":\"WebPage\",\"@id\":\"https:\/\/instytutpolski.pl\/leipzig\/polen-erleben\/unesco-welterbe-in-polen\/bialowieza\/\",\"url\":\"https:\/\/instytutpolski.pl\/leipzig\/polen-erleben\/unesco-welterbe-in-polen\/bialowieza\/\",\"name\":\"Bia\u0142owie\u017ca - Instytut Polski w Lipsku\",\"isPartOf\":{\"@id\":\"https:\/\/instytutpolski.pl\/leipzig\/#website\"},\"primaryImageOfPage\":{\"@id\":\"https:\/\/instytutpolski.pl\/leipzig\/polen-erleben\/unesco-welterbe-in-polen\/bialowieza\/#primaryimage\"},\"image\":{\"@id\":\"https:\/\/instytutpolski.pl\/leipzig\/polen-erleben\/unesco-welterbe-in-polen\/bialowieza\/#primaryimage\"},\"thumbnailUrl\":\"https:\/\/instytutpolski.pl\/leipzig\/wp-content\/uploads\/sites\/29\/2020\/07\/UNESCO-Bison-Pixabay.jpg\",\"datePublished\":\"2020-07-08T09:27:42+00:00\",\"dateModified\":\"2020-07-09T08:52:29+00:00\",\"breadcrumb\":{\"@id\":\"https:\/\/instytutpolski.pl\/leipzig\/polen-erleben\/unesco-welterbe-in-polen\/bialowieza\/#breadcrumb\"},\"inLanguage\":\"pl-PL\",\"potentialAction\":[{\"@type\":\"ReadAction\",\"target\":[\"https:\/\/instytutpolski.pl\/leipzig\/polen-erleben\/unesco-welterbe-in-polen\/bialowieza\/\"]}]},{\"@type\":\"ImageObject\",\"inLanguage\":\"pl-PL\",\"@id\":\"https:\/\/instytutpolski.pl\/leipzig\/polen-erleben\/unesco-welterbe-in-polen\/bialowieza\/#primaryimage\",\"url\":\"https:\/\/instytutpolski.pl\/leipzig\/wp-content\/uploads\/sites\/29\/2020\/07\/UNESCO-Bison-Pixabay.jpg\",\"contentUrl\":\"https:\/\/instytutpolski.pl\/leipzig\/wp-content\/uploads\/sites\/29\/2020\/07\/UNESCO-Bison-Pixabay.jpg\",\"width\":1920,\"height\":1280},{\"@type\":\"BreadcrumbList\",\"@id\":\"https:\/\/instytutpolski.pl\/leipzig\/polen-erleben\/unesco-welterbe-in-polen\/bialowieza\/#breadcrumb\",\"itemListElement\":[{\"@type\":\"ListItem\",\"position\":1,\"name\":\"Home\",\"item\":\"https:\/\/instytutpolski.pl\/leipzig\/\"},{\"@type\":\"ListItem\",\"position\":2,\"name\":\"Polen erleben\",\"item\":\"https:\/\/instytutpolski.pl\/leipzig\/polen-erleben\/\"},{\"@type\":\"ListItem\",\"position\":3,\"name\":\"UNESCO-Welterbe in Polen\",\"item\":\"https:\/\/instytutpolski.pl\/leipzig\/polen-erleben\/unesco-welterbe-in-polen\/\"},{\"@type\":\"ListItem\",\"position\":4,\"name\":\"Bia\u0142owie\u017ca\"}]},{\"@type\":\"WebSite\",\"@id\":\"https:\/\/instytutpolski.pl\/leipzig\/#website\",\"url\":\"https:\/\/instytutpolski.pl\/leipzig\/\",\"name\":\"Instytut Polski w Lipsku\",\"description\":\"Kolejna witryna sieci &#8222;Instytuty Polskie&#8221;\",\"potentialAction\":[{\"@type\":\"SearchAction\",\"target\":{\"@type\":\"EntryPoint\",\"urlTemplate\":\"https:\/\/instytutpolski.pl\/leipzig\/?s={search_term_string}\"},\"query-input\":{\"@type\":\"PropertyValueSpecification\",\"valueRequired\":true,\"valueName\":\"search_term_string\"}}],\"inLanguage\":\"pl-PL\"}]}<\/script>\n<!-- \/ Yoast SEO plugin. -->","yoast_head_json":{"title":"Bia\u0142owie\u017ca - Instytut Polski w Lipsku","robots":{"index":"index","follow":"follow","max-snippet":"max-snippet:-1","max-image-preview":"max-image-preview:large","max-video-preview":"max-video-preview:-1"},"canonical":"https:\/\/instytutpolski.pl\/leipzig\/polen-erleben\/unesco-welterbe-in-polen\/bialowieza\/","og_locale":"pl_PL","og_type":"article","og_title":"Bia\u0142owie\u017ca - Instytut Polski w Lipsku","og_description":"Der Bia\u0142owie\u017ca-Urwald liegt an der Grenze zwischen Polen und Belarus. Es handelt sich um einen ausgedehnten, zusammenh\u00e4ngenden Urwald, in dem sowohl Laub- als auch Nadelb\u00e4ume zu finden sind. Das eingetragene Gebiet erstreckt sich \u00fcber eine Fl\u00e4che von 141.885 Hektar. Das Waldgebiet ist im Hinblick auf die Erhaltung seiner Biodiversit\u00e4t einzigartig. Hier ist die gr\u00f6\u00dfte frei [&hellip;]","og_url":"https:\/\/instytutpolski.pl\/leipzig\/polen-erleben\/unesco-welterbe-in-polen\/bialowieza\/","og_site_name":"Instytut Polski w Lipsku","article_modified_time":"2020-07-09T08:52:29+00:00","og_image":[{"width":1920,"height":1280,"url":"https:\/\/instytutpolski.pl\/leipzig\/wp-content\/uploads\/sites\/29\/2020\/07\/UNESCO-Bison-Pixabay.jpg","type":"image\/jpeg"}],"twitter_card":"summary_large_image","twitter_misc":{"Szacowany czas czytania":"1 minuta"},"schema":{"@context":"https:\/\/schema.org","@graph":[{"@type":"WebPage","@id":"https:\/\/instytutpolski.pl\/leipzig\/polen-erleben\/unesco-welterbe-in-polen\/bialowieza\/","url":"https:\/\/instytutpolski.pl\/leipzig\/polen-erleben\/unesco-welterbe-in-polen\/bialowieza\/","name":"Bia\u0142owie\u017ca - Instytut Polski w Lipsku","isPartOf":{"@id":"https:\/\/instytutpolski.pl\/leipzig\/#website"},"primaryImageOfPage":{"@id":"https:\/\/instytutpolski.pl\/leipzig\/polen-erleben\/unesco-welterbe-in-polen\/bialowieza\/#primaryimage"},"image":{"@id":"https:\/\/instytutpolski.pl\/leipzig\/polen-erleben\/unesco-welterbe-in-polen\/bialowieza\/#primaryimage"},"thumbnailUrl":"https:\/\/instytutpolski.pl\/leipzig\/wp-content\/uploads\/sites\/29\/2020\/07\/UNESCO-Bison-Pixabay.jpg","datePublished":"2020-07-08T09:27:42+00:00","dateModified":"2020-07-09T08:52:29+00:00","breadcrumb":{"@id":"https:\/\/instytutpolski.pl\/leipzig\/polen-erleben\/unesco-welterbe-in-polen\/bialowieza\/#breadcrumb"},"inLanguage":"pl-PL","potentialAction":[{"@type":"ReadAction","target":["https:\/\/instytutpolski.pl\/leipzig\/polen-erleben\/unesco-welterbe-in-polen\/bialowieza\/"]}]},{"@type":"ImageObject","inLanguage":"pl-PL","@id":"https:\/\/instytutpolski.pl\/leipzig\/polen-erleben\/unesco-welterbe-in-polen\/bialowieza\/#primaryimage","url":"https:\/\/instytutpolski.pl\/leipzig\/wp-content\/uploads\/sites\/29\/2020\/07\/UNESCO-Bison-Pixabay.jpg","contentUrl":"https:\/\/instytutpolski.pl\/leipzig\/wp-content\/uploads\/sites\/29\/2020\/07\/UNESCO-Bison-Pixabay.jpg","width":1920,"height":1280},{"@type":"BreadcrumbList","@id":"https:\/\/instytutpolski.pl\/leipzig\/polen-erleben\/unesco-welterbe-in-polen\/bialowieza\/#breadcrumb","itemListElement":[{"@type":"ListItem","position":1,"name":"Home","item":"https:\/\/instytutpolski.pl\/leipzig\/"},{"@type":"ListItem","position":2,"name":"Polen erleben","item":"https:\/\/instytutpolski.pl\/leipzig\/polen-erleben\/"},{"@type":"ListItem","position":3,"name":"UNESCO-Welterbe in Polen","item":"https:\/\/instytutpolski.pl\/leipzig\/polen-erleben\/unesco-welterbe-in-polen\/"},{"@type":"ListItem","position":4,"name":"Bia\u0142owie\u017ca"}]},{"@type":"WebSite","@id":"https:\/\/instytutpolski.pl\/leipzig\/#website","url":"https:\/\/instytutpolski.pl\/leipzig\/","name":"Instytut Polski w Lipsku","description":"Kolejna witryna sieci &#8222;Instytuty Polskie&#8221;","potentialAction":[{"@type":"SearchAction","target":{"@type":"EntryPoint","urlTemplate":"https:\/\/instytutpolski.pl\/leipzig\/?s={search_term_string}"},"query-input":{"@type":"PropertyValueSpecification","valueRequired":true,"valueName":"search_term_string"}}],"inLanguage":"pl-PL"}]}},"_links":{"self":[{"href":"https:\/\/instytutpolski.pl\/leipzig\/wp-json\/wp\/v2\/pages\/1387","targetHints":{"allow":["GET"]}}],"collection":[{"href":"https:\/\/instytutpolski.pl\/leipzig\/wp-json\/wp\/v2\/pages"}],"about":[{"href":"https:\/\/instytutpolski.pl\/leipzig\/wp-json\/wp\/v2\/types\/page"}],"author":[{"embeddable":true,"href":"https:\/\/instytutpolski.pl\/leipzig\/wp-json\/wp\/v2\/users\/79"}],"replies":[{"embeddable":true,"href":"https:\/\/instytutpolski.pl\/leipzig\/wp-json\/wp\/v2\/comments?post=1387"}],"version-history":[{"count":2,"href":"https:\/\/instytutpolski.pl\/leipzig\/wp-json\/wp\/v2\/pages\/1387\/revisions"}],"predecessor-version":[{"id":1492,"href":"https:\/\/instytutpolski.pl\/leipzig\/wp-json\/wp\/v2\/pages\/1387\/revisions\/1492"}],"up":[{"embeddable":true,"href":"https:\/\/instytutpolski.pl\/leipzig\/wp-json\/wp\/v2\/pages\/932"}],"wp:featuredmedia":[{"embeddable":true,"href":"https:\/\/instytutpolski.pl\/leipzig\/wp-json\/wp\/v2\/media\/1388"}],"wp:attachment":[{"href":"https:\/\/instytutpolski.pl\/leipzig\/wp-json\/wp\/v2\/media?parent=1387"}],"curies":[{"name":"wp","href":"https:\/\/api.w.org\/{rel}","templated":true}]}}