{"id":1392,"date":"2020-07-08T11:38:41","date_gmt":"2020-07-08T09:38:41","guid":{"rendered":"https:\/\/instytutpolski.pl\/leipzig\/?page_id=1392"},"modified":"2020-07-09T11:17:05","modified_gmt":"2020-07-09T09:17:05","slug":"zamosc","status":"publish","type":"page","link":"https:\/\/instytutpolski.pl\/leipzig\/polen-erleben\/unesco-welterbe-in-polen\/zamosc\/","title":{"rendered":"Zamo\u015b\u0107"},"content":{"rendered":"\n<p><strong>Zamo\u015b\u0107 wurde im 16. Jahrhundert vom Staatsmann Jan Zamoyski auf dem Handelsweg gegr\u00fcndet, der West- und Nordeuropa mit dem Schwarzen Meer verband. Zamo\u015b\u0107, dem italienischen Modell einer idealen Stadt nachgebildet und erbaut von dem aus Padua stammenden Architekten Bernardo Morando, ist ein ausgezeichnetes Beispiel f\u00fcr eine Renaissance-Stadt vom Ende des 16. Jahrhunderts, die ihren urspr\u00fcnglichen Grundriss, ihre Befestigungen und zahlreichen Bauwerke bewahrt hat,die italienische und mitteleurop\u00e4ische Architekturtraditionen miteinander verbinden.<\/strong><\/p>\n\n\n\n<p>Die Altstadt von Zamo\u015b\u0107 im s\u00fcd\u00f6stlichen Polen ist ein hervorragendes Beispiel f\u00fcr eine mitteleurop\u00e4ische Stadt aus dem sp\u00e4ten 16. Jahrhundert, die nach den italienischen Renaissance-Theorien einer \u201eidealen\u201c Stadt entworfen und erbaut wurde. Dieser innovative Ansatz der Stadtplanung war Ergebnis der engen Zusammenarbeit des aufgekl\u00e4rten Stadtgr\u00fcnders und des angesehenen italienischen Architekten Bernardo Morando. Die Altstadt von Zamo\u015b\u0107 hat ihre rechtwinklige Stra\u00dfenanordnung, ihre einzigartige Mischung aus italienischer und mitteleurop\u00e4ischer Architekturtradition sowie Teileihrer sie umgebenden Befestigungsanlagen bis zum heutigen Tag bewahrt.<\/p>\n<p>An der Handelsroute gelegen, die West- und Nordeuropa mit dem Schwarzen Meer verband, war Zamo\u015b\u0107 als wirtschaftliches Zentrum, das auf dem Handel beruhte, entworfen worden. Von Anfang an sollte Zamo\u015b\u0107 eine multinationale Stadt sein, weshalb es von hoher religi\u00f6ser Toleranz gepr\u00e4gt war. Die Stadt wurde zum greifbaren Abbild der sozialen und kulturellen Konzepte der Renaissance, die in Polen bereitwillig aufgenommen wurden. Dies veranschaulicht auch die Gr\u00fcndung einer Universit\u00e4t \u2013 der Zamoyski-Akademie \u2013 durch Jan Zamoyski, Gr\u00fcnder und Eigent\u00fcmer der Stadt. In seiner Stadtplanung kombinierte der Architekt Bernardo Morando die Funktionen eines Residenzpalasts, einesStadtensembles und einer Festung, alle im Einklang mit den Konzepten der Renaissance.<\/p>\n<p>Die Altstadt von Zamo\u015b\u0107 besteht aus zwei Bereichen: Im Westen liegt der Zamoyski-Palast, im Osten hingegen die eigentliche Stadt, die um drei Pl\u00e4tze herum angelegt ist. Der zentral gelegene Gro\u00dfe Markt, der am Knotenpunkt der beiden Hauptachsen der Stadt liegt, ist von Arkadenh\u00e4usern ehemaliger Kaufleute umgeben und beherbergt das prachtvolle Rathaus. Diese und zahlreiche weitere Bauten wie die Kathedrale, das Zeughaus und die Festungstore spiegeln ein Hauptmerkmal dieses gro\u00dfen Unterfangens wider: eine kreative Erweiterung, die durch die Eingliederung k\u00fcnstlerischer Errungenschaften der lokalen Architektur vorgenommen werden konnte. Die einheitliche Umsetzung von Morandos Pl\u00e4nen m\u00fcndete in einer stilistisch einheitlichen st\u00e4dtischen Gestaltung mit zahlreichen architektonischen und landschaftlichen Kostbarkeiten.<\/p>\n\n\n\n<p><em>Quelle: UNESCO (offizielle Webseite: <a href=\"https:\/\/whc.unesco.org\/en\/list\/564\">whc.unesco.org<\/a>)<br>\u00dcbersetzung: Agata Biernacka<\/em><\/p>\n","protected":false},"excerpt":{"rendered":"<p>Zamo\u015b\u0107 wurde im 16. Jahrhundert vom Staatsmann Jan Zamoyski auf dem Handelsweg gegr\u00fcndet, der West- und Nordeuropa mit dem Schwarzen Meer verband. Zamo\u015b\u0107, dem italienischen Modell einer idealen Stadt nachgebildet und erbaut von dem aus Padua stammenden Architekten Bernardo Morando, ist ein ausgezeichnetes Beispiel f\u00fcr eine Renaissance-Stadt vom Ende des 16. Jahrhunderts, die ihren urspr\u00fcnglichen [&hellip;]<\/p>\n","protected":false},"author":79,"featured_media":1393,"parent":932,"menu_order":0,"comment_status":"closed","ping_status":"closed","template":"","meta":{"inline_featured_image":false,"_monsterinsights_skip_tracking":false,"_monsterinsights_sitenote_active":false,"_monsterinsights_sitenote_note":"","_monsterinsights_sitenote_category":0,"footnotes":""},"class_list":["post-1392","page","type-page","status-publish","has-post-thumbnail","hentry"],"yoast_head":"<!-- This site is optimized with the Yoast SEO plugin v24.6 - https:\/\/yoast.com\/wordpress\/plugins\/seo\/ -->\n<title>Zamo\u015b\u0107 - Instytut Polski w Lipsku<\/title>\n<meta name=\"robots\" content=\"index, follow, max-snippet:-1, max-image-preview:large, max-video-preview:-1\" \/>\n<link rel=\"canonical\" href=\"https:\/\/instytutpolski.pl\/leipzig\/polen-erleben\/unesco-welterbe-in-polen\/zamosc\/\" \/>\n<meta property=\"og:locale\" content=\"pl_PL\" \/>\n<meta property=\"og:type\" content=\"article\" \/>\n<meta property=\"og:title\" content=\"Zamo\u015b\u0107 - Instytut Polski w Lipsku\" \/>\n<meta property=\"og:description\" content=\"Zamo\u015b\u0107 wurde im 16. Jahrhundert vom Staatsmann Jan Zamoyski auf dem Handelsweg gegr\u00fcndet, der West- und Nordeuropa mit dem Schwarzen Meer verband. Zamo\u015b\u0107, dem italienischen Modell einer idealen Stadt nachgebildet und erbaut von dem aus Padua stammenden Architekten Bernardo Morando, ist ein ausgezeichnetes Beispiel f\u00fcr eine Renaissance-Stadt vom Ende des 16. Jahrhunderts, die ihren urspr\u00fcnglichen [&hellip;]\" \/>\n<meta property=\"og:url\" content=\"https:\/\/instytutpolski.pl\/leipzig\/polen-erleben\/unesco-welterbe-in-polen\/zamosc\/\" \/>\n<meta property=\"og:site_name\" content=\"Instytut Polski w Lipsku\" \/>\n<meta property=\"article:modified_time\" content=\"2020-07-09T09:17:05+00:00\" \/>\n<meta property=\"og:image\" content=\"https:\/\/instytutpolski.pl\/leipzig\/wp-content\/uploads\/sites\/29\/2020\/07\/UNESCO-Zamosc-Pixabay-e1594204671116.jpg\" \/>\n\t<meta property=\"og:image:width\" content=\"1920\" \/>\n\t<meta property=\"og:image:height\" content=\"1080\" \/>\n\t<meta property=\"og:image:type\" content=\"image\/jpeg\" \/>\n<meta name=\"twitter:card\" content=\"summary_large_image\" \/>\n<meta name=\"twitter:label1\" content=\"Szacowany czas czytania\" \/>\n\t<meta name=\"twitter:data1\" content=\"2 minuty\" \/>\n<script type=\"application\/ld+json\" class=\"yoast-schema-graph\">{\"@context\":\"https:\/\/schema.org\",\"@graph\":[{\"@type\":\"WebPage\",\"@id\":\"https:\/\/instytutpolski.pl\/leipzig\/polen-erleben\/unesco-welterbe-in-polen\/zamosc\/\",\"url\":\"https:\/\/instytutpolski.pl\/leipzig\/polen-erleben\/unesco-welterbe-in-polen\/zamosc\/\",\"name\":\"Zamo\u015b\u0107 - Instytut Polski w Lipsku\",\"isPartOf\":{\"@id\":\"https:\/\/instytutpolski.pl\/leipzig\/#website\"},\"primaryImageOfPage\":{\"@id\":\"https:\/\/instytutpolski.pl\/leipzig\/polen-erleben\/unesco-welterbe-in-polen\/zamosc\/#primaryimage\"},\"image\":{\"@id\":\"https:\/\/instytutpolski.pl\/leipzig\/polen-erleben\/unesco-welterbe-in-polen\/zamosc\/#primaryimage\"},\"thumbnailUrl\":\"https:\/\/instytutpolski.pl\/leipzig\/wp-content\/uploads\/sites\/29\/2020\/07\/UNESCO-Zamosc-Pixabay-e1594204671116.jpg\",\"datePublished\":\"2020-07-08T09:38:41+00:00\",\"dateModified\":\"2020-07-09T09:17:05+00:00\",\"breadcrumb\":{\"@id\":\"https:\/\/instytutpolski.pl\/leipzig\/polen-erleben\/unesco-welterbe-in-polen\/zamosc\/#breadcrumb\"},\"inLanguage\":\"pl-PL\",\"potentialAction\":[{\"@type\":\"ReadAction\",\"target\":[\"https:\/\/instytutpolski.pl\/leipzig\/polen-erleben\/unesco-welterbe-in-polen\/zamosc\/\"]}]},{\"@type\":\"ImageObject\",\"inLanguage\":\"pl-PL\",\"@id\":\"https:\/\/instytutpolski.pl\/leipzig\/polen-erleben\/unesco-welterbe-in-polen\/zamosc\/#primaryimage\",\"url\":\"https:\/\/instytutpolski.pl\/leipzig\/wp-content\/uploads\/sites\/29\/2020\/07\/UNESCO-Zamosc-Pixabay-e1594204671116.jpg\",\"contentUrl\":\"https:\/\/instytutpolski.pl\/leipzig\/wp-content\/uploads\/sites\/29\/2020\/07\/UNESCO-Zamosc-Pixabay-e1594204671116.jpg\",\"width\":1920,\"height\":1080},{\"@type\":\"BreadcrumbList\",\"@id\":\"https:\/\/instytutpolski.pl\/leipzig\/polen-erleben\/unesco-welterbe-in-polen\/zamosc\/#breadcrumb\",\"itemListElement\":[{\"@type\":\"ListItem\",\"position\":1,\"name\":\"Home\",\"item\":\"https:\/\/instytutpolski.pl\/leipzig\/\"},{\"@type\":\"ListItem\",\"position\":2,\"name\":\"Polen erleben\",\"item\":\"https:\/\/instytutpolski.pl\/leipzig\/polen-erleben\/\"},{\"@type\":\"ListItem\",\"position\":3,\"name\":\"UNESCO-Welterbe in Polen\",\"item\":\"https:\/\/instytutpolski.pl\/leipzig\/polen-erleben\/unesco-welterbe-in-polen\/\"},{\"@type\":\"ListItem\",\"position\":4,\"name\":\"Zamo\u015b\u0107\"}]},{\"@type\":\"WebSite\",\"@id\":\"https:\/\/instytutpolski.pl\/leipzig\/#website\",\"url\":\"https:\/\/instytutpolski.pl\/leipzig\/\",\"name\":\"Instytut Polski w Lipsku\",\"description\":\"Kolejna witryna sieci &#8222;Instytuty Polskie&#8221;\",\"potentialAction\":[{\"@type\":\"SearchAction\",\"target\":{\"@type\":\"EntryPoint\",\"urlTemplate\":\"https:\/\/instytutpolski.pl\/leipzig\/?s={search_term_string}\"},\"query-input\":{\"@type\":\"PropertyValueSpecification\",\"valueRequired\":true,\"valueName\":\"search_term_string\"}}],\"inLanguage\":\"pl-PL\"}]}<\/script>\n<!-- \/ Yoast SEO plugin. -->","yoast_head_json":{"title":"Zamo\u015b\u0107 - Instytut Polski w Lipsku","robots":{"index":"index","follow":"follow","max-snippet":"max-snippet:-1","max-image-preview":"max-image-preview:large","max-video-preview":"max-video-preview:-1"},"canonical":"https:\/\/instytutpolski.pl\/leipzig\/polen-erleben\/unesco-welterbe-in-polen\/zamosc\/","og_locale":"pl_PL","og_type":"article","og_title":"Zamo\u015b\u0107 - Instytut Polski w Lipsku","og_description":"Zamo\u015b\u0107 wurde im 16. Jahrhundert vom Staatsmann Jan Zamoyski auf dem Handelsweg gegr\u00fcndet, der West- und Nordeuropa mit dem Schwarzen Meer verband. Zamo\u015b\u0107, dem italienischen Modell einer idealen Stadt nachgebildet und erbaut von dem aus Padua stammenden Architekten Bernardo Morando, ist ein ausgezeichnetes Beispiel f\u00fcr eine Renaissance-Stadt vom Ende des 16. Jahrhunderts, die ihren urspr\u00fcnglichen [&hellip;]","og_url":"https:\/\/instytutpolski.pl\/leipzig\/polen-erleben\/unesco-welterbe-in-polen\/zamosc\/","og_site_name":"Instytut Polski w Lipsku","article_modified_time":"2020-07-09T09:17:05+00:00","og_image":[{"width":1920,"height":1080,"url":"https:\/\/instytutpolski.pl\/leipzig\/wp-content\/uploads\/sites\/29\/2020\/07\/UNESCO-Zamosc-Pixabay-e1594204671116.jpg","type":"image\/jpeg"}],"twitter_card":"summary_large_image","twitter_misc":{"Szacowany czas czytania":"2 minuty"},"schema":{"@context":"https:\/\/schema.org","@graph":[{"@type":"WebPage","@id":"https:\/\/instytutpolski.pl\/leipzig\/polen-erleben\/unesco-welterbe-in-polen\/zamosc\/","url":"https:\/\/instytutpolski.pl\/leipzig\/polen-erleben\/unesco-welterbe-in-polen\/zamosc\/","name":"Zamo\u015b\u0107 - Instytut Polski w Lipsku","isPartOf":{"@id":"https:\/\/instytutpolski.pl\/leipzig\/#website"},"primaryImageOfPage":{"@id":"https:\/\/instytutpolski.pl\/leipzig\/polen-erleben\/unesco-welterbe-in-polen\/zamosc\/#primaryimage"},"image":{"@id":"https:\/\/instytutpolski.pl\/leipzig\/polen-erleben\/unesco-welterbe-in-polen\/zamosc\/#primaryimage"},"thumbnailUrl":"https:\/\/instytutpolski.pl\/leipzig\/wp-content\/uploads\/sites\/29\/2020\/07\/UNESCO-Zamosc-Pixabay-e1594204671116.jpg","datePublished":"2020-07-08T09:38:41+00:00","dateModified":"2020-07-09T09:17:05+00:00","breadcrumb":{"@id":"https:\/\/instytutpolski.pl\/leipzig\/polen-erleben\/unesco-welterbe-in-polen\/zamosc\/#breadcrumb"},"inLanguage":"pl-PL","potentialAction":[{"@type":"ReadAction","target":["https:\/\/instytutpolski.pl\/leipzig\/polen-erleben\/unesco-welterbe-in-polen\/zamosc\/"]}]},{"@type":"ImageObject","inLanguage":"pl-PL","@id":"https:\/\/instytutpolski.pl\/leipzig\/polen-erleben\/unesco-welterbe-in-polen\/zamosc\/#primaryimage","url":"https:\/\/instytutpolski.pl\/leipzig\/wp-content\/uploads\/sites\/29\/2020\/07\/UNESCO-Zamosc-Pixabay-e1594204671116.jpg","contentUrl":"https:\/\/instytutpolski.pl\/leipzig\/wp-content\/uploads\/sites\/29\/2020\/07\/UNESCO-Zamosc-Pixabay-e1594204671116.jpg","width":1920,"height":1080},{"@type":"BreadcrumbList","@id":"https:\/\/instytutpolski.pl\/leipzig\/polen-erleben\/unesco-welterbe-in-polen\/zamosc\/#breadcrumb","itemListElement":[{"@type":"ListItem","position":1,"name":"Home","item":"https:\/\/instytutpolski.pl\/leipzig\/"},{"@type":"ListItem","position":2,"name":"Polen erleben","item":"https:\/\/instytutpolski.pl\/leipzig\/polen-erleben\/"},{"@type":"ListItem","position":3,"name":"UNESCO-Welterbe in Polen","item":"https:\/\/instytutpolski.pl\/leipzig\/polen-erleben\/unesco-welterbe-in-polen\/"},{"@type":"ListItem","position":4,"name":"Zamo\u015b\u0107"}]},{"@type":"WebSite","@id":"https:\/\/instytutpolski.pl\/leipzig\/#website","url":"https:\/\/instytutpolski.pl\/leipzig\/","name":"Instytut Polski w Lipsku","description":"Kolejna witryna sieci &#8222;Instytuty Polskie&#8221;","potentialAction":[{"@type":"SearchAction","target":{"@type":"EntryPoint","urlTemplate":"https:\/\/instytutpolski.pl\/leipzig\/?s={search_term_string}"},"query-input":{"@type":"PropertyValueSpecification","valueRequired":true,"valueName":"search_term_string"}}],"inLanguage":"pl-PL"}]}},"_links":{"self":[{"href":"https:\/\/instytutpolski.pl\/leipzig\/wp-json\/wp\/v2\/pages\/1392","targetHints":{"allow":["GET"]}}],"collection":[{"href":"https:\/\/instytutpolski.pl\/leipzig\/wp-json\/wp\/v2\/pages"}],"about":[{"href":"https:\/\/instytutpolski.pl\/leipzig\/wp-json\/wp\/v2\/types\/page"}],"author":[{"embeddable":true,"href":"https:\/\/instytutpolski.pl\/leipzig\/wp-json\/wp\/v2\/users\/79"}],"replies":[{"embeddable":true,"href":"https:\/\/instytutpolski.pl\/leipzig\/wp-json\/wp\/v2\/comments?post=1392"}],"version-history":[{"count":2,"href":"https:\/\/instytutpolski.pl\/leipzig\/wp-json\/wp\/v2\/pages\/1392\/revisions"}],"predecessor-version":[{"id":1504,"href":"https:\/\/instytutpolski.pl\/leipzig\/wp-json\/wp\/v2\/pages\/1392\/revisions\/1504"}],"up":[{"embeddable":true,"href":"https:\/\/instytutpolski.pl\/leipzig\/wp-json\/wp\/v2\/pages\/932"}],"wp:featuredmedia":[{"embeddable":true,"href":"https:\/\/instytutpolski.pl\/leipzig\/wp-json\/wp\/v2\/media\/1393"}],"wp:attachment":[{"href":"https:\/\/instytutpolski.pl\/leipzig\/wp-json\/wp\/v2\/media?parent=1392"}],"curies":[{"name":"wp","href":"https:\/\/api.w.org\/{rel}","templated":true}]}}