{"id":1398,"date":"2020-07-08T11:52:46","date_gmt":"2020-07-08T09:52:46","guid":{"rendered":"https:\/\/instytutpolski.pl\/leipzig\/?page_id=1398"},"modified":"2020-07-09T11:03:32","modified_gmt":"2020-07-09T09:03:32","slug":"malbork","status":"publish","type":"page","link":"https:\/\/instytutpolski.pl\/leipzig\/polen-erleben\/unesco-welterbe-in-polen\/malbork\/","title":{"rendered":"Malbork"},"content":{"rendered":"\n<p><strong>Das 800 Jahre alte, befestigte Kloster des Deutschen Ordens wurde nach 1309 grundlegend ausgebaut und versch\u00f6nert, als der Sitz des Hochmeisters von Venedig hierher verlegt wurde. Dieses hervorragende Beispiel eines mittelalterlichen, aus Backstein erbauten Schlosses verfiel zun\u00e4chst, bist es Ende des 19. \/ Anfang des20. Jahrhunderts sorgf\u00e4ltig restauriert wurde. Daher entstanden gerade in Malbork viele bisheute angewandte konservatorische Techniken. Nach schwerwiegenden Zerst\u00f6rungen im Zweiten Weltkrieg wurde das Schloss anhand detaillierter Unterlagen ehemaliger Konservatoren erneut restauriert.<\/strong><\/p>\n\n\n\n<p>Die Marienburg liegt in Nordpolen am Ostufer der Nogat. Sie ist das am vollst\u00e4ndigsten erhaltene und kunstvollste Beispiel eines gotischen Backstein-Schlosskomplexes im charakteristischen und unverwechselbaren Stil des Deutschen Ordens. Dieser Stil bildete sich unabh\u00e4ngig von den Stilen heraus, die bei zeitgen\u00f6ssischen Schl\u00f6ssern in Westeuropa und im Nahen Osten vorherrschten. Die eindrucksvolle Festung zeugt vonder Erscheinung des Deutschordensstaats in Preu\u00dfen.<\/p>\n<p>Der Deutsche Orden wurde im 13. Jahrhundert von deutschen Ordensgemeinschaften kriegerischer M\u00f6nche gegr\u00fcndet, die Kreuzz\u00fcge gegen das heidnische Preu\u00dfen und Litauen, die an der s\u00fcdlichen Ostseek\u00fcste lagen, und das christliche K\u00f6nigreich Polen f\u00fchrten. Seinen gr\u00f6\u00dften Einfluss erreichte er im 14. Jahrhundert. Schloss und Kloster sind eine Verk\u00f6rperung des Dramas des sp\u00e4tmittelalterlichen Christentums, das zwischen den Extremen der Fr\u00f6mmigkeit und der Grausamkeit hin- und hergerissen war.<\/p>\n<p>Ab Mitte des 18. Jahrhunderts war die Marienburg eine der gr\u00f6\u00dften Quellen der Faszination f\u00fcr die Geschichte des europ\u00e4ischen Mittelalters und deren greifbare \u00dcberreste. In der j\u00fcngsten Vergangenheit veranschaulichte sie ebenfalls die Tendenz, die Geschichte und ihre Denkm\u00e4ler als Instrumente im Dienste politischer Ideologien zu behandeln.<\/p>\n<p>Seit dem 19. Jahrhundert bis zum heutigen Tag war die Marienburg Objekt von Restaurierungsarbeiten, die einen au\u00dfergew\u00f6hnlichen Beitrag zur Entwicklung der Forschung und Konservierungstheorie und -praxis in diesem Teil der Welt geleistet haben. Im Verlauf dieser Arbeit wurden zahlreiche vergessene mittelalterliche Kunst- und Handwerkstechniken wiederentdeckt. Im 19. und fr\u00fchen 20. Jahrhundert wurden umfangreiche Konservierungsarbeiten vorgenommen. Nach den schwerwiegenden Zerst\u00f6rungen,denen das Schloss Ende des Zweiten Weltkriegs ausgesetzt war, wurde es erneut restauriert.<\/p>\n<p>Abgesehen von ihrem materiellen Erbe ist die Marienburg auch als bedeutendes und emotionales Symbol der mitteleurop\u00e4ischen Geschichte tiefim kollektiven Bewusstsein verwurzelt.<\/p>\n\n\n\n<p><em>Quelle: UNESCO (offizielle Webseite: <a href=\"https:\/\/whc.unesco.org\/en\/list\/847\">whc.unesco.org<\/a>)<br>\u00dcbersetzung: Agata Biernacka<\/em><\/p>\n","protected":false},"excerpt":{"rendered":"<p>Das 800 Jahre alte, befestigte Kloster des Deutschen Ordens wurde nach 1309 grundlegend ausgebaut und versch\u00f6nert, als der Sitz des Hochmeisters von Venedig hierher verlegt wurde. Dieses hervorragende Beispiel eines mittelalterlichen, aus Backstein erbauten Schlosses verfiel zun\u00e4chst, bist es Ende des 19. \/ Anfang des20. Jahrhunderts sorgf\u00e4ltig restauriert wurde. Daher entstanden gerade in Malbork viele [&hellip;]<\/p>\n","protected":false},"author":79,"featured_media":1399,"parent":932,"menu_order":0,"comment_status":"closed","ping_status":"closed","template":"","meta":{"inline_featured_image":false,"_monsterinsights_skip_tracking":false,"_monsterinsights_sitenote_active":false,"_monsterinsights_sitenote_note":"","_monsterinsights_sitenote_category":0,"footnotes":""},"class_list":["post-1398","page","type-page","status-publish","has-post-thumbnail","hentry"],"yoast_head":"<!-- This site is optimized with the Yoast SEO plugin v24.6 - https:\/\/yoast.com\/wordpress\/plugins\/seo\/ -->\n<title>Malbork - Instytut Polski w Lipsku<\/title>\n<meta name=\"robots\" content=\"index, follow, max-snippet:-1, max-image-preview:large, max-video-preview:-1\" \/>\n<link rel=\"canonical\" href=\"https:\/\/instytutpolski.pl\/leipzig\/polen-erleben\/unesco-welterbe-in-polen\/malbork\/\" \/>\n<meta property=\"og:locale\" content=\"pl_PL\" \/>\n<meta property=\"og:type\" content=\"article\" \/>\n<meta property=\"og:title\" content=\"Malbork - Instytut Polski w Lipsku\" \/>\n<meta property=\"og:description\" content=\"Das 800 Jahre alte, befestigte Kloster des Deutschen Ordens wurde nach 1309 grundlegend ausgebaut und versch\u00f6nert, als der Sitz des Hochmeisters von Venedig hierher verlegt wurde. Dieses hervorragende Beispiel eines mittelalterlichen, aus Backstein erbauten Schlosses verfiel zun\u00e4chst, bist es Ende des 19. \/ Anfang des20. Jahrhunderts sorgf\u00e4ltig restauriert wurde. Daher entstanden gerade in Malbork viele [&hellip;]\" \/>\n<meta property=\"og:url\" content=\"https:\/\/instytutpolski.pl\/leipzig\/polen-erleben\/unesco-welterbe-in-polen\/malbork\/\" \/>\n<meta property=\"og:site_name\" content=\"Instytut Polski w Lipsku\" \/>\n<meta property=\"article:modified_time\" content=\"2020-07-09T09:03:32+00:00\" \/>\n<meta property=\"og:image\" content=\"https:\/\/instytutpolski.pl\/leipzig\/wp-content\/uploads\/sites\/29\/2020\/07\/UNESCO-Malbork-Pixabay_cut-e1594285397832.jpg\" \/>\n\t<meta property=\"og:image:width\" content=\"1800\" \/>\n\t<meta property=\"og:image:height\" content=\"693\" \/>\n\t<meta property=\"og:image:type\" content=\"image\/jpeg\" \/>\n<meta name=\"twitter:card\" content=\"summary_large_image\" \/>\n<meta name=\"twitter:label1\" content=\"Szacowany czas czytania\" \/>\n\t<meta name=\"twitter:data1\" content=\"2 minuty\" \/>\n<script type=\"application\/ld+json\" class=\"yoast-schema-graph\">{\"@context\":\"https:\/\/schema.org\",\"@graph\":[{\"@type\":\"WebPage\",\"@id\":\"https:\/\/instytutpolski.pl\/leipzig\/polen-erleben\/unesco-welterbe-in-polen\/malbork\/\",\"url\":\"https:\/\/instytutpolski.pl\/leipzig\/polen-erleben\/unesco-welterbe-in-polen\/malbork\/\",\"name\":\"Malbork - Instytut Polski w Lipsku\",\"isPartOf\":{\"@id\":\"https:\/\/instytutpolski.pl\/leipzig\/#website\"},\"primaryImageOfPage\":{\"@id\":\"https:\/\/instytutpolski.pl\/leipzig\/polen-erleben\/unesco-welterbe-in-polen\/malbork\/#primaryimage\"},\"image\":{\"@id\":\"https:\/\/instytutpolski.pl\/leipzig\/polen-erleben\/unesco-welterbe-in-polen\/malbork\/#primaryimage\"},\"thumbnailUrl\":\"https:\/\/instytutpolski.pl\/leipzig\/wp-content\/uploads\/sites\/29\/2020\/07\/UNESCO-Malbork-Pixabay_cut-e1594285397832.jpg\",\"datePublished\":\"2020-07-08T09:52:46+00:00\",\"dateModified\":\"2020-07-09T09:03:32+00:00\",\"breadcrumb\":{\"@id\":\"https:\/\/instytutpolski.pl\/leipzig\/polen-erleben\/unesco-welterbe-in-polen\/malbork\/#breadcrumb\"},\"inLanguage\":\"pl-PL\",\"potentialAction\":[{\"@type\":\"ReadAction\",\"target\":[\"https:\/\/instytutpolski.pl\/leipzig\/polen-erleben\/unesco-welterbe-in-polen\/malbork\/\"]}]},{\"@type\":\"ImageObject\",\"inLanguage\":\"pl-PL\",\"@id\":\"https:\/\/instytutpolski.pl\/leipzig\/polen-erleben\/unesco-welterbe-in-polen\/malbork\/#primaryimage\",\"url\":\"https:\/\/instytutpolski.pl\/leipzig\/wp-content\/uploads\/sites\/29\/2020\/07\/UNESCO-Malbork-Pixabay_cut-e1594285397832.jpg\",\"contentUrl\":\"https:\/\/instytutpolski.pl\/leipzig\/wp-content\/uploads\/sites\/29\/2020\/07\/UNESCO-Malbork-Pixabay_cut-e1594285397832.jpg\",\"width\":1800,\"height\":693},{\"@type\":\"BreadcrumbList\",\"@id\":\"https:\/\/instytutpolski.pl\/leipzig\/polen-erleben\/unesco-welterbe-in-polen\/malbork\/#breadcrumb\",\"itemListElement\":[{\"@type\":\"ListItem\",\"position\":1,\"name\":\"Home\",\"item\":\"https:\/\/instytutpolski.pl\/leipzig\/\"},{\"@type\":\"ListItem\",\"position\":2,\"name\":\"Polen erleben\",\"item\":\"https:\/\/instytutpolski.pl\/leipzig\/polen-erleben\/\"},{\"@type\":\"ListItem\",\"position\":3,\"name\":\"UNESCO-Welterbe in Polen\",\"item\":\"https:\/\/instytutpolski.pl\/leipzig\/polen-erleben\/unesco-welterbe-in-polen\/\"},{\"@type\":\"ListItem\",\"position\":4,\"name\":\"Malbork\"}]},{\"@type\":\"WebSite\",\"@id\":\"https:\/\/instytutpolski.pl\/leipzig\/#website\",\"url\":\"https:\/\/instytutpolski.pl\/leipzig\/\",\"name\":\"Instytut Polski w Lipsku\",\"description\":\"Kolejna witryna sieci &#8222;Instytuty Polskie&#8221;\",\"potentialAction\":[{\"@type\":\"SearchAction\",\"target\":{\"@type\":\"EntryPoint\",\"urlTemplate\":\"https:\/\/instytutpolski.pl\/leipzig\/?s={search_term_string}\"},\"query-input\":{\"@type\":\"PropertyValueSpecification\",\"valueRequired\":true,\"valueName\":\"search_term_string\"}}],\"inLanguage\":\"pl-PL\"}]}<\/script>\n<!-- \/ Yoast SEO plugin. -->","yoast_head_json":{"title":"Malbork - Instytut Polski w Lipsku","robots":{"index":"index","follow":"follow","max-snippet":"max-snippet:-1","max-image-preview":"max-image-preview:large","max-video-preview":"max-video-preview:-1"},"canonical":"https:\/\/instytutpolski.pl\/leipzig\/polen-erleben\/unesco-welterbe-in-polen\/malbork\/","og_locale":"pl_PL","og_type":"article","og_title":"Malbork - Instytut Polski w Lipsku","og_description":"Das 800 Jahre alte, befestigte Kloster des Deutschen Ordens wurde nach 1309 grundlegend ausgebaut und versch\u00f6nert, als der Sitz des Hochmeisters von Venedig hierher verlegt wurde. Dieses hervorragende Beispiel eines mittelalterlichen, aus Backstein erbauten Schlosses verfiel zun\u00e4chst, bist es Ende des 19. \/ Anfang des20. Jahrhunderts sorgf\u00e4ltig restauriert wurde. Daher entstanden gerade in Malbork viele [&hellip;]","og_url":"https:\/\/instytutpolski.pl\/leipzig\/polen-erleben\/unesco-welterbe-in-polen\/malbork\/","og_site_name":"Instytut Polski w Lipsku","article_modified_time":"2020-07-09T09:03:32+00:00","og_image":[{"width":1800,"height":693,"url":"https:\/\/instytutpolski.pl\/leipzig\/wp-content\/uploads\/sites\/29\/2020\/07\/UNESCO-Malbork-Pixabay_cut-e1594285397832.jpg","type":"image\/jpeg"}],"twitter_card":"summary_large_image","twitter_misc":{"Szacowany czas czytania":"2 minuty"},"schema":{"@context":"https:\/\/schema.org","@graph":[{"@type":"WebPage","@id":"https:\/\/instytutpolski.pl\/leipzig\/polen-erleben\/unesco-welterbe-in-polen\/malbork\/","url":"https:\/\/instytutpolski.pl\/leipzig\/polen-erleben\/unesco-welterbe-in-polen\/malbork\/","name":"Malbork - Instytut Polski w Lipsku","isPartOf":{"@id":"https:\/\/instytutpolski.pl\/leipzig\/#website"},"primaryImageOfPage":{"@id":"https:\/\/instytutpolski.pl\/leipzig\/polen-erleben\/unesco-welterbe-in-polen\/malbork\/#primaryimage"},"image":{"@id":"https:\/\/instytutpolski.pl\/leipzig\/polen-erleben\/unesco-welterbe-in-polen\/malbork\/#primaryimage"},"thumbnailUrl":"https:\/\/instytutpolski.pl\/leipzig\/wp-content\/uploads\/sites\/29\/2020\/07\/UNESCO-Malbork-Pixabay_cut-e1594285397832.jpg","datePublished":"2020-07-08T09:52:46+00:00","dateModified":"2020-07-09T09:03:32+00:00","breadcrumb":{"@id":"https:\/\/instytutpolski.pl\/leipzig\/polen-erleben\/unesco-welterbe-in-polen\/malbork\/#breadcrumb"},"inLanguage":"pl-PL","potentialAction":[{"@type":"ReadAction","target":["https:\/\/instytutpolski.pl\/leipzig\/polen-erleben\/unesco-welterbe-in-polen\/malbork\/"]}]},{"@type":"ImageObject","inLanguage":"pl-PL","@id":"https:\/\/instytutpolski.pl\/leipzig\/polen-erleben\/unesco-welterbe-in-polen\/malbork\/#primaryimage","url":"https:\/\/instytutpolski.pl\/leipzig\/wp-content\/uploads\/sites\/29\/2020\/07\/UNESCO-Malbork-Pixabay_cut-e1594285397832.jpg","contentUrl":"https:\/\/instytutpolski.pl\/leipzig\/wp-content\/uploads\/sites\/29\/2020\/07\/UNESCO-Malbork-Pixabay_cut-e1594285397832.jpg","width":1800,"height":693},{"@type":"BreadcrumbList","@id":"https:\/\/instytutpolski.pl\/leipzig\/polen-erleben\/unesco-welterbe-in-polen\/malbork\/#breadcrumb","itemListElement":[{"@type":"ListItem","position":1,"name":"Home","item":"https:\/\/instytutpolski.pl\/leipzig\/"},{"@type":"ListItem","position":2,"name":"Polen erleben","item":"https:\/\/instytutpolski.pl\/leipzig\/polen-erleben\/"},{"@type":"ListItem","position":3,"name":"UNESCO-Welterbe in Polen","item":"https:\/\/instytutpolski.pl\/leipzig\/polen-erleben\/unesco-welterbe-in-polen\/"},{"@type":"ListItem","position":4,"name":"Malbork"}]},{"@type":"WebSite","@id":"https:\/\/instytutpolski.pl\/leipzig\/#website","url":"https:\/\/instytutpolski.pl\/leipzig\/","name":"Instytut Polski w Lipsku","description":"Kolejna witryna sieci &#8222;Instytuty Polskie&#8221;","potentialAction":[{"@type":"SearchAction","target":{"@type":"EntryPoint","urlTemplate":"https:\/\/instytutpolski.pl\/leipzig\/?s={search_term_string}"},"query-input":{"@type":"PropertyValueSpecification","valueRequired":true,"valueName":"search_term_string"}}],"inLanguage":"pl-PL"}]}},"_links":{"self":[{"href":"https:\/\/instytutpolski.pl\/leipzig\/wp-json\/wp\/v2\/pages\/1398","targetHints":{"allow":["GET"]}}],"collection":[{"href":"https:\/\/instytutpolski.pl\/leipzig\/wp-json\/wp\/v2\/pages"}],"about":[{"href":"https:\/\/instytutpolski.pl\/leipzig\/wp-json\/wp\/v2\/types\/page"}],"author":[{"embeddable":true,"href":"https:\/\/instytutpolski.pl\/leipzig\/wp-json\/wp\/v2\/users\/79"}],"replies":[{"embeddable":true,"href":"https:\/\/instytutpolski.pl\/leipzig\/wp-json\/wp\/v2\/comments?post=1398"}],"version-history":[{"count":2,"href":"https:\/\/instytutpolski.pl\/leipzig\/wp-json\/wp\/v2\/pages\/1398\/revisions"}],"predecessor-version":[{"id":1498,"href":"https:\/\/instytutpolski.pl\/leipzig\/wp-json\/wp\/v2\/pages\/1398\/revisions\/1498"}],"up":[{"embeddable":true,"href":"https:\/\/instytutpolski.pl\/leipzig\/wp-json\/wp\/v2\/pages\/932"}],"wp:featuredmedia":[{"embeddable":true,"href":"https:\/\/instytutpolski.pl\/leipzig\/wp-json\/wp\/v2\/media\/1399"}],"wp:attachment":[{"href":"https:\/\/instytutpolski.pl\/leipzig\/wp-json\/wp\/v2\/media?parent=1398"}],"curies":[{"name":"wp","href":"https:\/\/api.w.org\/{rel}","templated":true}]}}