{"id":1408,"date":"2020-07-08T12:34:12","date_gmt":"2020-07-08T10:34:12","guid":{"rendered":"https:\/\/instytutpolski.pl\/leipzig\/?page_id=1408"},"modified":"2020-07-09T10:58:55","modified_gmt":"2020-07-09T08:58:55","slug":"kalwaria-zebrzydowska","status":"publish","type":"page","link":"https:\/\/instytutpolski.pl\/leipzig\/polen-erleben\/unesco-welterbe-in-polen\/kalwaria-zebrzydowska\/","title":{"rendered":"Kalwaria Zebrzydowska"},"content":{"rendered":"\n<p><strong>Im Park von Kalwaria Zebrzydowska vereint sich eine malerische Kulturlandschaft mit Spiritualit\u00e4t. Die nat\u00fcrliche Umgebung, in die sich symbolische Orte in Bezug auf die Passion Christi und das Leben der Mutter Gottes einf\u00fcgen, blieb seit dem 17. Jahrhundert fast unber\u00fchrt. Kalwaria Zebrzydowska ist auch heute noch ein wichtiger Wallfahrtsort.<\/strong><\/p>\n\n\n\n<p>Die manieristische Architektur- und Parklandschaft und die Wallfahrtsst\u00e4tte in Kalwaria Zebrzydowska, die aus der ersten H\u00e4lfte des 17. Jahrhunderts stammen, sind eine s\u00fcdlich von Krak\u00f3w gelegene Kulturlandschaft, die das Gebiet des \u017bar- und Lanckoro\u0144ska-Bergs umfasst. Dieses au\u00dfergew\u00f6hnliche Zeugnis von Fr\u00f6mmigkeit und Kultur war einer der ersten gro\u00df angelegten, in Polen erbauten Kalvarienberge und wurde zum Vorbild f\u00fcr zahlreiche sp\u00e4tere Projekte. Aufgrund seiner charakteristischen architektonischen Merkmale, der gekonnten Verschmelzung von religi\u00f6ser Anbetung mit der Natur und der ununterbrochenen Tradition der hier aufgef\u00fchrten Passionsspiele hebt sich der Parkvon Kalwaria Zebrzydowska unter europ\u00e4ischen Kalvarienbergen hervor. Das Heiligtum, dasder Verehrung der Passion Christi und Marias gewidmet ist, ist ein herausragendes Beispiel f\u00fcr Kalvarienberge aus der Zeit der Gegenreformation, die zur Verbreitung der Religiosit\u00e4t in Form von Wallfahrten beitrugen. Der Wallfahrtspark, ein Gebetsgarten, ist eng mit den Themen der Passion Christi und dem Leben der Jungfrau Maria verbunden.<\/p>\n<p>Der Sch\u00f6pfer und Gr\u00fcnder von Kalwaria Zebrzydowska war Miko\u0142aj Zebrzydowski, Woiwode von Krak\u00f3w und Starost von Lanckorona. Er beauftragte den angesehenen Mathematiker, Astronomen und Landvermesser Felix \u017bebrowski damit, eine Nachbildung von Jerusalem, wie man es sich zu Zeiten Christi vorstellte, zu schaffen. Er verwendete ein Vermessungssystem, das er entwickelt hatte, um die Nachbildung in die \u00f6rtliche nat\u00fcrliche Landschaft einzuf\u00fcgen. Er nutzte dabei geschickt die nat\u00fcrlichen Merkmale des Gel\u00e4ndes, verlieh topografischen Elementen Namen, die sich auf die Landschaft der HeiligenStadt bezogen (z. B. Kidontal, \u00d6lberg, Golgota) und verband erg\u00e4nzende architektonische Strukturen mit Pfaden und Gassen, welche die historischen Routen symbolisierten, die darauf errichtet wurden. Merkmale der Garten- und Parkgestaltung der italienischen Renaissance und des franz\u00f6sischen Barocks wurden mit manieristischer Freiheit und Unregelm\u00e4\u00dfigkeit vermischt. Es gibt zahlreiche Ausblicke zwischen den verschiedenen Elementen der Gestaltung sowie eine Reihe von \u00fcberw\u00e4ltigenden Panoramen des Parks selbst sowie der Tatra und der Stadt Krak\u00f3w.<\/p>\n<p>Der Komplex besteht aus einem Kloster, einer Vielzahl an Kirchen, Kapellen und anderen architektonischen Strukturen. Die aufgrund ihres hohen k\u00fcnstlerischen Werts des Manierismus bemerkenswertesten Strukturen, von denen Paul Baudarth die ersten 14 Kapellen entwarf, wurden zwischen 1605 und 1632 erbaut. Die folgenden wurden nacheinander vom 17. bis Anfang des 20. Jahrhunderts errichtet. Die Wege, welche die architektonischen Bestandteile miteinander verbinden, waren urspr\u00fcnglich durch die \u00d6ffnung von weiten Schneisen in einem dichten Waldbestand geschaffen worden. Die Landschaft wurde schrittweise aufgrund der Abholzung lichter, daher wurden die Wege im sp\u00e4ten 18. Jahrhundert von B\u00e4umen ges\u00e4umt, um die urspr\u00fcngliche Anordnung der Wege auf Dauer auszuweisen. Dadurch wurde die Raumgestaltung des Kalvarienbergs in Kalaria Zebrzydowska bereichert.<\/p>\n<p>Die Architektur und Landschaft des Parks bilden eine ausgezeichnete Kulisse, um den Kreuzweg nachzustellen und die Festlichkeiten zu Mari\u00e4 Himmelfahrt zu begehen. Diese Veranstaltungen werden hier seit dem fr\u00fchen 17. Jahrhundert abgehalten \u2013 also seit bereits \u00fcber 400 Jahren \u2013 und ziehen j\u00e4hrlich Tausende Pilger an.<\/p>\n\n\n\n<p><em>Quelle: UNESCO (offizielle Webseite: <a href=\"https:\/\/whc.unesco.org\/en\/list\/905\">whc.unesco.org<\/a>)<br>\u00dcbersetzung: Agata Biernacka<\/em><\/p>\n","protected":false},"excerpt":{"rendered":"<p>Im Park von Kalwaria Zebrzydowska vereint sich eine malerische Kulturlandschaft mit Spiritualit\u00e4t. Die nat\u00fcrliche Umgebung, in die sich symbolische Orte in Bezug auf die Passion Christi und das Leben der Mutter Gottes einf\u00fcgen, blieb seit dem 17. Jahrhundert fast unber\u00fchrt. Kalwaria Zebrzydowska ist auch heute noch ein wichtiger Wallfahrtsort. Die manieristische Architektur- und Parklandschaft und [&hellip;]<\/p>\n","protected":false},"author":79,"featured_media":1411,"parent":932,"menu_order":0,"comment_status":"closed","ping_status":"closed","template":"","meta":{"inline_featured_image":false,"_monsterinsights_skip_tracking":false,"_monsterinsights_sitenote_active":false,"_monsterinsights_sitenote_note":"","_monsterinsights_sitenote_category":0,"footnotes":""},"class_list":["post-1408","page","type-page","status-publish","has-post-thumbnail","hentry"],"yoast_head":"<!-- This site is optimized with the Yoast SEO plugin v24.6 - https:\/\/yoast.com\/wordpress\/plugins\/seo\/ -->\n<title>Kalwaria Zebrzydowska - Instytut Polski w Lipsku<\/title>\n<meta name=\"robots\" content=\"index, follow, max-snippet:-1, max-image-preview:large, max-video-preview:-1\" \/>\n<link rel=\"canonical\" href=\"https:\/\/instytutpolski.pl\/leipzig\/polen-erleben\/unesco-welterbe-in-polen\/kalwaria-zebrzydowska\/\" \/>\n<meta property=\"og:locale\" content=\"pl_PL\" \/>\n<meta property=\"og:type\" content=\"article\" \/>\n<meta property=\"og:title\" content=\"Kalwaria Zebrzydowska - Instytut Polski w Lipsku\" \/>\n<meta property=\"og:description\" content=\"Im Park von Kalwaria Zebrzydowska vereint sich eine malerische Kulturlandschaft mit Spiritualit\u00e4t. Die nat\u00fcrliche Umgebung, in die sich symbolische Orte in Bezug auf die Passion Christi und das Leben der Mutter Gottes einf\u00fcgen, blieb seit dem 17. Jahrhundert fast unber\u00fchrt. Kalwaria Zebrzydowska ist auch heute noch ein wichtiger Wallfahrtsort. Die manieristische Architektur- und Parklandschaft und [&hellip;]\" \/>\n<meta property=\"og:url\" content=\"https:\/\/instytutpolski.pl\/leipzig\/polen-erleben\/unesco-welterbe-in-polen\/kalwaria-zebrzydowska\/\" \/>\n<meta property=\"og:site_name\" content=\"Instytut Polski w Lipsku\" \/>\n<meta property=\"article:modified_time\" content=\"2020-07-09T08:58:55+00:00\" \/>\n<meta property=\"og:image\" content=\"https:\/\/instytutpolski.pl\/leipzig\/wp-content\/uploads\/sites\/29\/2020\/07\/UNESCO-Kalwaria-Zebrzydowska-Pixabay-e1594285126179.jpg\" \/>\n\t<meta property=\"og:image:width\" content=\"1728\" \/>\n\t<meta property=\"og:image:height\" content=\"451\" \/>\n\t<meta property=\"og:image:type\" content=\"image\/jpeg\" \/>\n<meta name=\"twitter:card\" content=\"summary_large_image\" \/>\n<meta name=\"twitter:label1\" content=\"Szacowany czas czytania\" \/>\n\t<meta name=\"twitter:data1\" content=\"3 minuty\" \/>\n<script type=\"application\/ld+json\" class=\"yoast-schema-graph\">{\"@context\":\"https:\/\/schema.org\",\"@graph\":[{\"@type\":\"WebPage\",\"@id\":\"https:\/\/instytutpolski.pl\/leipzig\/polen-erleben\/unesco-welterbe-in-polen\/kalwaria-zebrzydowska\/\",\"url\":\"https:\/\/instytutpolski.pl\/leipzig\/polen-erleben\/unesco-welterbe-in-polen\/kalwaria-zebrzydowska\/\",\"name\":\"Kalwaria Zebrzydowska - Instytut Polski w Lipsku\",\"isPartOf\":{\"@id\":\"https:\/\/instytutpolski.pl\/leipzig\/#website\"},\"primaryImageOfPage\":{\"@id\":\"https:\/\/instytutpolski.pl\/leipzig\/polen-erleben\/unesco-welterbe-in-polen\/kalwaria-zebrzydowska\/#primaryimage\"},\"image\":{\"@id\":\"https:\/\/instytutpolski.pl\/leipzig\/polen-erleben\/unesco-welterbe-in-polen\/kalwaria-zebrzydowska\/#primaryimage\"},\"thumbnailUrl\":\"https:\/\/instytutpolski.pl\/leipzig\/wp-content\/uploads\/sites\/29\/2020\/07\/UNESCO-Kalwaria-Zebrzydowska-Pixabay-e1594285126179.jpg\",\"datePublished\":\"2020-07-08T10:34:12+00:00\",\"dateModified\":\"2020-07-09T08:58:55+00:00\",\"breadcrumb\":{\"@id\":\"https:\/\/instytutpolski.pl\/leipzig\/polen-erleben\/unesco-welterbe-in-polen\/kalwaria-zebrzydowska\/#breadcrumb\"},\"inLanguage\":\"pl-PL\",\"potentialAction\":[{\"@type\":\"ReadAction\",\"target\":[\"https:\/\/instytutpolski.pl\/leipzig\/polen-erleben\/unesco-welterbe-in-polen\/kalwaria-zebrzydowska\/\"]}]},{\"@type\":\"ImageObject\",\"inLanguage\":\"pl-PL\",\"@id\":\"https:\/\/instytutpolski.pl\/leipzig\/polen-erleben\/unesco-welterbe-in-polen\/kalwaria-zebrzydowska\/#primaryimage\",\"url\":\"https:\/\/instytutpolski.pl\/leipzig\/wp-content\/uploads\/sites\/29\/2020\/07\/UNESCO-Kalwaria-Zebrzydowska-Pixabay-e1594285126179.jpg\",\"contentUrl\":\"https:\/\/instytutpolski.pl\/leipzig\/wp-content\/uploads\/sites\/29\/2020\/07\/UNESCO-Kalwaria-Zebrzydowska-Pixabay-e1594285126179.jpg\",\"width\":1728,\"height\":451},{\"@type\":\"BreadcrumbList\",\"@id\":\"https:\/\/instytutpolski.pl\/leipzig\/polen-erleben\/unesco-welterbe-in-polen\/kalwaria-zebrzydowska\/#breadcrumb\",\"itemListElement\":[{\"@type\":\"ListItem\",\"position\":1,\"name\":\"Home\",\"item\":\"https:\/\/instytutpolski.pl\/leipzig\/\"},{\"@type\":\"ListItem\",\"position\":2,\"name\":\"Polen erleben\",\"item\":\"https:\/\/instytutpolski.pl\/leipzig\/polen-erleben\/\"},{\"@type\":\"ListItem\",\"position\":3,\"name\":\"UNESCO-Welterbe in Polen\",\"item\":\"https:\/\/instytutpolski.pl\/leipzig\/polen-erleben\/unesco-welterbe-in-polen\/\"},{\"@type\":\"ListItem\",\"position\":4,\"name\":\"Kalwaria Zebrzydowska\"}]},{\"@type\":\"WebSite\",\"@id\":\"https:\/\/instytutpolski.pl\/leipzig\/#website\",\"url\":\"https:\/\/instytutpolski.pl\/leipzig\/\",\"name\":\"Instytut Polski w Lipsku\",\"description\":\"Kolejna witryna sieci &#8222;Instytuty Polskie&#8221;\",\"potentialAction\":[{\"@type\":\"SearchAction\",\"target\":{\"@type\":\"EntryPoint\",\"urlTemplate\":\"https:\/\/instytutpolski.pl\/leipzig\/?s={search_term_string}\"},\"query-input\":{\"@type\":\"PropertyValueSpecification\",\"valueRequired\":true,\"valueName\":\"search_term_string\"}}],\"inLanguage\":\"pl-PL\"}]}<\/script>\n<!-- \/ Yoast SEO plugin. -->","yoast_head_json":{"title":"Kalwaria Zebrzydowska - Instytut Polski w Lipsku","robots":{"index":"index","follow":"follow","max-snippet":"max-snippet:-1","max-image-preview":"max-image-preview:large","max-video-preview":"max-video-preview:-1"},"canonical":"https:\/\/instytutpolski.pl\/leipzig\/polen-erleben\/unesco-welterbe-in-polen\/kalwaria-zebrzydowska\/","og_locale":"pl_PL","og_type":"article","og_title":"Kalwaria Zebrzydowska - Instytut Polski w Lipsku","og_description":"Im Park von Kalwaria Zebrzydowska vereint sich eine malerische Kulturlandschaft mit Spiritualit\u00e4t. Die nat\u00fcrliche Umgebung, in die sich symbolische Orte in Bezug auf die Passion Christi und das Leben der Mutter Gottes einf\u00fcgen, blieb seit dem 17. Jahrhundert fast unber\u00fchrt. Kalwaria Zebrzydowska ist auch heute noch ein wichtiger Wallfahrtsort. Die manieristische Architektur- und Parklandschaft und [&hellip;]","og_url":"https:\/\/instytutpolski.pl\/leipzig\/polen-erleben\/unesco-welterbe-in-polen\/kalwaria-zebrzydowska\/","og_site_name":"Instytut Polski w Lipsku","article_modified_time":"2020-07-09T08:58:55+00:00","og_image":[{"width":1728,"height":451,"url":"https:\/\/instytutpolski.pl\/leipzig\/wp-content\/uploads\/sites\/29\/2020\/07\/UNESCO-Kalwaria-Zebrzydowska-Pixabay-e1594285126179.jpg","type":"image\/jpeg"}],"twitter_card":"summary_large_image","twitter_misc":{"Szacowany czas czytania":"3 minuty"},"schema":{"@context":"https:\/\/schema.org","@graph":[{"@type":"WebPage","@id":"https:\/\/instytutpolski.pl\/leipzig\/polen-erleben\/unesco-welterbe-in-polen\/kalwaria-zebrzydowska\/","url":"https:\/\/instytutpolski.pl\/leipzig\/polen-erleben\/unesco-welterbe-in-polen\/kalwaria-zebrzydowska\/","name":"Kalwaria Zebrzydowska - Instytut Polski w Lipsku","isPartOf":{"@id":"https:\/\/instytutpolski.pl\/leipzig\/#website"},"primaryImageOfPage":{"@id":"https:\/\/instytutpolski.pl\/leipzig\/polen-erleben\/unesco-welterbe-in-polen\/kalwaria-zebrzydowska\/#primaryimage"},"image":{"@id":"https:\/\/instytutpolski.pl\/leipzig\/polen-erleben\/unesco-welterbe-in-polen\/kalwaria-zebrzydowska\/#primaryimage"},"thumbnailUrl":"https:\/\/instytutpolski.pl\/leipzig\/wp-content\/uploads\/sites\/29\/2020\/07\/UNESCO-Kalwaria-Zebrzydowska-Pixabay-e1594285126179.jpg","datePublished":"2020-07-08T10:34:12+00:00","dateModified":"2020-07-09T08:58:55+00:00","breadcrumb":{"@id":"https:\/\/instytutpolski.pl\/leipzig\/polen-erleben\/unesco-welterbe-in-polen\/kalwaria-zebrzydowska\/#breadcrumb"},"inLanguage":"pl-PL","potentialAction":[{"@type":"ReadAction","target":["https:\/\/instytutpolski.pl\/leipzig\/polen-erleben\/unesco-welterbe-in-polen\/kalwaria-zebrzydowska\/"]}]},{"@type":"ImageObject","inLanguage":"pl-PL","@id":"https:\/\/instytutpolski.pl\/leipzig\/polen-erleben\/unesco-welterbe-in-polen\/kalwaria-zebrzydowska\/#primaryimage","url":"https:\/\/instytutpolski.pl\/leipzig\/wp-content\/uploads\/sites\/29\/2020\/07\/UNESCO-Kalwaria-Zebrzydowska-Pixabay-e1594285126179.jpg","contentUrl":"https:\/\/instytutpolski.pl\/leipzig\/wp-content\/uploads\/sites\/29\/2020\/07\/UNESCO-Kalwaria-Zebrzydowska-Pixabay-e1594285126179.jpg","width":1728,"height":451},{"@type":"BreadcrumbList","@id":"https:\/\/instytutpolski.pl\/leipzig\/polen-erleben\/unesco-welterbe-in-polen\/kalwaria-zebrzydowska\/#breadcrumb","itemListElement":[{"@type":"ListItem","position":1,"name":"Home","item":"https:\/\/instytutpolski.pl\/leipzig\/"},{"@type":"ListItem","position":2,"name":"Polen erleben","item":"https:\/\/instytutpolski.pl\/leipzig\/polen-erleben\/"},{"@type":"ListItem","position":3,"name":"UNESCO-Welterbe in Polen","item":"https:\/\/instytutpolski.pl\/leipzig\/polen-erleben\/unesco-welterbe-in-polen\/"},{"@type":"ListItem","position":4,"name":"Kalwaria Zebrzydowska"}]},{"@type":"WebSite","@id":"https:\/\/instytutpolski.pl\/leipzig\/#website","url":"https:\/\/instytutpolski.pl\/leipzig\/","name":"Instytut Polski w Lipsku","description":"Kolejna witryna sieci &#8222;Instytuty Polskie&#8221;","potentialAction":[{"@type":"SearchAction","target":{"@type":"EntryPoint","urlTemplate":"https:\/\/instytutpolski.pl\/leipzig\/?s={search_term_string}"},"query-input":{"@type":"PropertyValueSpecification","valueRequired":true,"valueName":"search_term_string"}}],"inLanguage":"pl-PL"}]}},"_links":{"self":[{"href":"https:\/\/instytutpolski.pl\/leipzig\/wp-json\/wp\/v2\/pages\/1408","targetHints":{"allow":["GET"]}}],"collection":[{"href":"https:\/\/instytutpolski.pl\/leipzig\/wp-json\/wp\/v2\/pages"}],"about":[{"href":"https:\/\/instytutpolski.pl\/leipzig\/wp-json\/wp\/v2\/types\/page"}],"author":[{"embeddable":true,"href":"https:\/\/instytutpolski.pl\/leipzig\/wp-json\/wp\/v2\/users\/79"}],"replies":[{"embeddable":true,"href":"https:\/\/instytutpolski.pl\/leipzig\/wp-json\/wp\/v2\/comments?post=1408"}],"version-history":[{"count":6,"href":"https:\/\/instytutpolski.pl\/leipzig\/wp-json\/wp\/v2\/pages\/1408\/revisions"}],"predecessor-version":[{"id":1496,"href":"https:\/\/instytutpolski.pl\/leipzig\/wp-json\/wp\/v2\/pages\/1408\/revisions\/1496"}],"up":[{"embeddable":true,"href":"https:\/\/instytutpolski.pl\/leipzig\/wp-json\/wp\/v2\/pages\/932"}],"wp:featuredmedia":[{"embeddable":true,"href":"https:\/\/instytutpolski.pl\/leipzig\/wp-json\/wp\/v2\/media\/1411"}],"wp:attachment":[{"href":"https:\/\/instytutpolski.pl\/leipzig\/wp-json\/wp\/v2\/media?parent=1408"}],"curies":[{"name":"wp","href":"https:\/\/api.w.org\/{rel}","templated":true}]}}