{"id":1420,"date":"2020-07-08T12:54:35","date_gmt":"2020-07-08T10:54:35","guid":{"rendered":"https:\/\/instytutpolski.pl\/leipzig\/?page_id=1420"},"modified":"2020-07-09T10:57:13","modified_gmt":"2020-07-09T08:57:13","slug":"holzkirchen","status":"publish","type":"page","link":"https:\/\/instytutpolski.pl\/leipzig\/polen-erleben\/unesco-welterbe-in-polen\/holzkirchen\/","title":{"rendered":"Holzkirchen in Kleinpolen"},"content":{"rendered":"\n<p><strong>Bei den Holzkirchen im s\u00fcdlichen Kleinpolen handelt es sich um einen Serieneintrag der sechs besterhaltenen und \u00e4ltesten gotischen Holzkirchen, die f\u00fcr diese Region typisch sind. Sie befinden sich in den St\u00e4dten bzw. D\u00f6rfern Blizne, Binarowa, D\u0119bno, Podhala\u0144skie, Hacz\u00f3w, Lipnica Murowana und S\u0119kowa, die historisch in der Region Kleinpolen in S\u00fcd- und S\u00fcdostpolen liegen und das Karpatenvorland im n\u00f6rdlichen Teil der Westkarpaten umschlie\u00dfen. Die Kirchen stellen ein einzigartiges Beispiel f\u00fcr die Tradition der mittelalterlichen Fachwerkkirchen in der r\u00f6misch-katholischen Kultur dar.<\/strong><\/p>\n\n\n\n<p>Sie wurden unter Verwendung der horizontalen Rundbalkentechnik erbaut, die im Mittelalter in Nord- und Osteuropa weit verbreitet war. Der Umfang an eigenwilligen strukturellen L\u00f6sungen, die beim Bau Anwendung fanden, macht jedoch ihre Einzigartigkeit aus.<\/p>\n<p>Die funktionale Raumverteilung dieser Bauten r\u00fchrt von liturgischen Anforderungen her, die aus dem Westen \u00fcbernommen worden waren. Die Kirchen verf\u00fcgen \u00fcber eine weitl\u00e4ufige Raumstruktur, die urspr\u00fcnglich aus zwei Elementen bestand: einem rechteckigen Kir-chenschiff und einem schmaleren, nach Osten gerichteten Altarraum, der \u00fcblicherweise in einer dreiseitigen Apsis endete. Sp\u00e4ter wurden am Westende Kircht\u00fcrme im Pfosten-Riegel-System errichtet (wobei die Kirche in Lipnica Murowana eine Ausnahme ist) und der Hauptteil der Kirchen wurde von Arkaden umgeben, die als \u201esoboty\u201c bekannt waren. Aufgrund der Anwendung hochwertiger baulicher L\u00f6sungen zur Holzverbindung wie beispielsweise das System, die Rundbalkenstrukturen des Kirchenschiffs und des Chorraums durch Dachbalken zu verbinden, nahmen die Kirchen eine charakteristische architektonische Form an, die durch gro\u00dfe Schindeld\u00e4cher gekennzeichnet ist, die sowohl das Kirchenschiff als auch den Chorraum abdecken und dadurch das gesamte Geb\u00e4ude verst\u00e4rken. Die Kirchen sind auch durch einzigartige, hochwertige Holzverbindungs-Details gekennzeichnet, die ihren gotischen Charakter betonen.<\/p>\n<p>Die Sakralbauten weisen besonders wertvolle Ausschm\u00fcckungen und Montagen auf, die sich durch verschiedene Bearbeitungstechniken und -stile, ein pr\u00e4chtige Ikonografie und einen herausragenden k\u00fcnstlerischen Wert auszeichnen. Anhand dieser Kirchen kann man au\u00dfer-dem den Stilwandel bei der Verzierung sakraler Innenr\u00e4ume ab der Zeit der Gotik beobachten. Alle Elemente der pr\u00e4chtigen Innenausstattung stehen auf harmonische Weise miteinander in Beziehung und erg\u00e4nzen sich in Bezug auf ihren Inhalt, ihre Funktion und ihren Stil gegenseitig.<\/p>\n<p>Die Kirchen sind Beispiele f\u00fcr dominante Wahrzeichen in l\u00e4ndlichen Umgebungen, die bis heute noch die einzigartigen Landschaften pr\u00e4gen \u2013 ein Gro\u00dfteil der Kirchen befindet sich in malerischen T\u00e4lern. Diese Bauten, die von adligen Familien als Symbole ihres Ansehens gestiftet wurden, dienen noch heute ihrem urspr\u00fcnglichen Zweck als Orte f\u00fcr traditionelle Feste und religi\u00f6se Zeremonien. In einigen werden noch heute religi\u00f6se Bildnisse verehrt, denen nachgesagt wird, sie ziehen die Gunst Gottes auf sich.<\/p>\n\n\n\n<p><em>Quelle: UNESCO (offizielle Webseite: <a href=\"https:\/\/whc.unesco.org\/en\/list\/1053\">whc.unesco.org<\/a>)<br>\u00dcbersetzung: Agata Biernacka<\/em><\/p>\n","protected":false},"excerpt":{"rendered":"<p>Bei den Holzkirchen im s\u00fcdlichen Kleinpolen handelt es sich um einen Serieneintrag der sechs besterhaltenen und \u00e4ltesten gotischen Holzkirchen, die f\u00fcr diese Region typisch sind. Sie befinden sich in den St\u00e4dten bzw. D\u00f6rfern Blizne, Binarowa, D\u0119bno, Podhala\u0144skie, Hacz\u00f3w, Lipnica Murowana und S\u0119kowa, die historisch in der Region Kleinpolen in S\u00fcd- und S\u00fcdostpolen liegen und das [&hellip;]<\/p>\n","protected":false},"author":79,"featured_media":1421,"parent":932,"menu_order":0,"comment_status":"closed","ping_status":"closed","template":"","meta":{"inline_featured_image":false,"_monsterinsights_skip_tracking":false,"_monsterinsights_sitenote_active":false,"_monsterinsights_sitenote_note":"","_monsterinsights_sitenote_category":0,"footnotes":""},"class_list":["post-1420","page","type-page","status-publish","has-post-thumbnail","hentry"],"yoast_head":"<!-- This site is optimized with the Yoast SEO plugin v24.6 - https:\/\/yoast.com\/wordpress\/plugins\/seo\/ -->\n<title>Holzkirchen in Kleinpolen - Instytut Polski w Lipsku<\/title>\n<meta name=\"robots\" content=\"index, follow, max-snippet:-1, max-image-preview:large, max-video-preview:-1\" \/>\n<link rel=\"canonical\" href=\"https:\/\/instytutpolski.pl\/leipzig\/polen-erleben\/unesco-welterbe-in-polen\/holzkirchen\/\" \/>\n<meta property=\"og:locale\" content=\"pl_PL\" \/>\n<meta property=\"og:type\" content=\"article\" \/>\n<meta property=\"og:title\" content=\"Holzkirchen in Kleinpolen - Instytut Polski w Lipsku\" \/>\n<meta property=\"og:description\" content=\"Bei den Holzkirchen im s\u00fcdlichen Kleinpolen handelt es sich um einen Serieneintrag der sechs besterhaltenen und \u00e4ltesten gotischen Holzkirchen, die f\u00fcr diese Region typisch sind. Sie befinden sich in den St\u00e4dten bzw. D\u00f6rfern Blizne, Binarowa, D\u0119bno, Podhala\u0144skie, Hacz\u00f3w, Lipnica Murowana und S\u0119kowa, die historisch in der Region Kleinpolen in S\u00fcd- und S\u00fcdostpolen liegen und das [&hellip;]\" \/>\n<meta property=\"og:url\" content=\"https:\/\/instytutpolski.pl\/leipzig\/polen-erleben\/unesco-welterbe-in-polen\/holzkirchen\/\" \/>\n<meta property=\"og:site_name\" content=\"Instytut Polski w Lipsku\" \/>\n<meta property=\"article:modified_time\" content=\"2020-07-09T08:57:13+00:00\" \/>\n<meta property=\"og:image\" content=\"https:\/\/instytutpolski.pl\/leipzig\/wp-content\/uploads\/sites\/29\/2020\/07\/UNESCO-Holzkirchen-Pixabay_cut.jpg\" \/>\n\t<meta property=\"og:image:width\" content=\"1637\" \/>\n\t<meta property=\"og:image:height\" content=\"1213\" \/>\n\t<meta property=\"og:image:type\" content=\"image\/jpeg\" \/>\n<meta name=\"twitter:card\" content=\"summary_large_image\" \/>\n<meta name=\"twitter:label1\" content=\"Szacowany czas czytania\" \/>\n\t<meta name=\"twitter:data1\" content=\"2 minuty\" \/>\n<script type=\"application\/ld+json\" class=\"yoast-schema-graph\">{\"@context\":\"https:\/\/schema.org\",\"@graph\":[{\"@type\":\"WebPage\",\"@id\":\"https:\/\/instytutpolski.pl\/leipzig\/polen-erleben\/unesco-welterbe-in-polen\/holzkirchen\/\",\"url\":\"https:\/\/instytutpolski.pl\/leipzig\/polen-erleben\/unesco-welterbe-in-polen\/holzkirchen\/\",\"name\":\"Holzkirchen in Kleinpolen - Instytut Polski w Lipsku\",\"isPartOf\":{\"@id\":\"https:\/\/instytutpolski.pl\/leipzig\/#website\"},\"primaryImageOfPage\":{\"@id\":\"https:\/\/instytutpolski.pl\/leipzig\/polen-erleben\/unesco-welterbe-in-polen\/holzkirchen\/#primaryimage\"},\"image\":{\"@id\":\"https:\/\/instytutpolski.pl\/leipzig\/polen-erleben\/unesco-welterbe-in-polen\/holzkirchen\/#primaryimage\"},\"thumbnailUrl\":\"https:\/\/instytutpolski.pl\/leipzig\/wp-content\/uploads\/sites\/29\/2020\/07\/UNESCO-Holzkirchen-Pixabay_cut.jpg\",\"datePublished\":\"2020-07-08T10:54:35+00:00\",\"dateModified\":\"2020-07-09T08:57:13+00:00\",\"breadcrumb\":{\"@id\":\"https:\/\/instytutpolski.pl\/leipzig\/polen-erleben\/unesco-welterbe-in-polen\/holzkirchen\/#breadcrumb\"},\"inLanguage\":\"pl-PL\",\"potentialAction\":[{\"@type\":\"ReadAction\",\"target\":[\"https:\/\/instytutpolski.pl\/leipzig\/polen-erleben\/unesco-welterbe-in-polen\/holzkirchen\/\"]}]},{\"@type\":\"ImageObject\",\"inLanguage\":\"pl-PL\",\"@id\":\"https:\/\/instytutpolski.pl\/leipzig\/polen-erleben\/unesco-welterbe-in-polen\/holzkirchen\/#primaryimage\",\"url\":\"https:\/\/instytutpolski.pl\/leipzig\/wp-content\/uploads\/sites\/29\/2020\/07\/UNESCO-Holzkirchen-Pixabay_cut.jpg\",\"contentUrl\":\"https:\/\/instytutpolski.pl\/leipzig\/wp-content\/uploads\/sites\/29\/2020\/07\/UNESCO-Holzkirchen-Pixabay_cut.jpg\",\"width\":1637,\"height\":1213},{\"@type\":\"BreadcrumbList\",\"@id\":\"https:\/\/instytutpolski.pl\/leipzig\/polen-erleben\/unesco-welterbe-in-polen\/holzkirchen\/#breadcrumb\",\"itemListElement\":[{\"@type\":\"ListItem\",\"position\":1,\"name\":\"Home\",\"item\":\"https:\/\/instytutpolski.pl\/leipzig\/\"},{\"@type\":\"ListItem\",\"position\":2,\"name\":\"Polen erleben\",\"item\":\"https:\/\/instytutpolski.pl\/leipzig\/polen-erleben\/\"},{\"@type\":\"ListItem\",\"position\":3,\"name\":\"UNESCO-Welterbe in Polen\",\"item\":\"https:\/\/instytutpolski.pl\/leipzig\/polen-erleben\/unesco-welterbe-in-polen\/\"},{\"@type\":\"ListItem\",\"position\":4,\"name\":\"Holzkirchen in Kleinpolen\"}]},{\"@type\":\"WebSite\",\"@id\":\"https:\/\/instytutpolski.pl\/leipzig\/#website\",\"url\":\"https:\/\/instytutpolski.pl\/leipzig\/\",\"name\":\"Instytut Polski w Lipsku\",\"description\":\"Kolejna witryna sieci &#8222;Instytuty Polskie&#8221;\",\"potentialAction\":[{\"@type\":\"SearchAction\",\"target\":{\"@type\":\"EntryPoint\",\"urlTemplate\":\"https:\/\/instytutpolski.pl\/leipzig\/?s={search_term_string}\"},\"query-input\":{\"@type\":\"PropertyValueSpecification\",\"valueRequired\":true,\"valueName\":\"search_term_string\"}}],\"inLanguage\":\"pl-PL\"}]}<\/script>\n<!-- \/ Yoast SEO plugin. -->","yoast_head_json":{"title":"Holzkirchen in Kleinpolen - Instytut Polski w Lipsku","robots":{"index":"index","follow":"follow","max-snippet":"max-snippet:-1","max-image-preview":"max-image-preview:large","max-video-preview":"max-video-preview:-1"},"canonical":"https:\/\/instytutpolski.pl\/leipzig\/polen-erleben\/unesco-welterbe-in-polen\/holzkirchen\/","og_locale":"pl_PL","og_type":"article","og_title":"Holzkirchen in Kleinpolen - Instytut Polski w Lipsku","og_description":"Bei den Holzkirchen im s\u00fcdlichen Kleinpolen handelt es sich um einen Serieneintrag der sechs besterhaltenen und \u00e4ltesten gotischen Holzkirchen, die f\u00fcr diese Region typisch sind. Sie befinden sich in den St\u00e4dten bzw. D\u00f6rfern Blizne, Binarowa, D\u0119bno, Podhala\u0144skie, Hacz\u00f3w, Lipnica Murowana und S\u0119kowa, die historisch in der Region Kleinpolen in S\u00fcd- und S\u00fcdostpolen liegen und das [&hellip;]","og_url":"https:\/\/instytutpolski.pl\/leipzig\/polen-erleben\/unesco-welterbe-in-polen\/holzkirchen\/","og_site_name":"Instytut Polski w Lipsku","article_modified_time":"2020-07-09T08:57:13+00:00","og_image":[{"width":1637,"height":1213,"url":"https:\/\/instytutpolski.pl\/leipzig\/wp-content\/uploads\/sites\/29\/2020\/07\/UNESCO-Holzkirchen-Pixabay_cut.jpg","type":"image\/jpeg"}],"twitter_card":"summary_large_image","twitter_misc":{"Szacowany czas czytania":"2 minuty"},"schema":{"@context":"https:\/\/schema.org","@graph":[{"@type":"WebPage","@id":"https:\/\/instytutpolski.pl\/leipzig\/polen-erleben\/unesco-welterbe-in-polen\/holzkirchen\/","url":"https:\/\/instytutpolski.pl\/leipzig\/polen-erleben\/unesco-welterbe-in-polen\/holzkirchen\/","name":"Holzkirchen in Kleinpolen - Instytut Polski w Lipsku","isPartOf":{"@id":"https:\/\/instytutpolski.pl\/leipzig\/#website"},"primaryImageOfPage":{"@id":"https:\/\/instytutpolski.pl\/leipzig\/polen-erleben\/unesco-welterbe-in-polen\/holzkirchen\/#primaryimage"},"image":{"@id":"https:\/\/instytutpolski.pl\/leipzig\/polen-erleben\/unesco-welterbe-in-polen\/holzkirchen\/#primaryimage"},"thumbnailUrl":"https:\/\/instytutpolski.pl\/leipzig\/wp-content\/uploads\/sites\/29\/2020\/07\/UNESCO-Holzkirchen-Pixabay_cut.jpg","datePublished":"2020-07-08T10:54:35+00:00","dateModified":"2020-07-09T08:57:13+00:00","breadcrumb":{"@id":"https:\/\/instytutpolski.pl\/leipzig\/polen-erleben\/unesco-welterbe-in-polen\/holzkirchen\/#breadcrumb"},"inLanguage":"pl-PL","potentialAction":[{"@type":"ReadAction","target":["https:\/\/instytutpolski.pl\/leipzig\/polen-erleben\/unesco-welterbe-in-polen\/holzkirchen\/"]}]},{"@type":"ImageObject","inLanguage":"pl-PL","@id":"https:\/\/instytutpolski.pl\/leipzig\/polen-erleben\/unesco-welterbe-in-polen\/holzkirchen\/#primaryimage","url":"https:\/\/instytutpolski.pl\/leipzig\/wp-content\/uploads\/sites\/29\/2020\/07\/UNESCO-Holzkirchen-Pixabay_cut.jpg","contentUrl":"https:\/\/instytutpolski.pl\/leipzig\/wp-content\/uploads\/sites\/29\/2020\/07\/UNESCO-Holzkirchen-Pixabay_cut.jpg","width":1637,"height":1213},{"@type":"BreadcrumbList","@id":"https:\/\/instytutpolski.pl\/leipzig\/polen-erleben\/unesco-welterbe-in-polen\/holzkirchen\/#breadcrumb","itemListElement":[{"@type":"ListItem","position":1,"name":"Home","item":"https:\/\/instytutpolski.pl\/leipzig\/"},{"@type":"ListItem","position":2,"name":"Polen erleben","item":"https:\/\/instytutpolski.pl\/leipzig\/polen-erleben\/"},{"@type":"ListItem","position":3,"name":"UNESCO-Welterbe in Polen","item":"https:\/\/instytutpolski.pl\/leipzig\/polen-erleben\/unesco-welterbe-in-polen\/"},{"@type":"ListItem","position":4,"name":"Holzkirchen in Kleinpolen"}]},{"@type":"WebSite","@id":"https:\/\/instytutpolski.pl\/leipzig\/#website","url":"https:\/\/instytutpolski.pl\/leipzig\/","name":"Instytut Polski w Lipsku","description":"Kolejna witryna sieci &#8222;Instytuty Polskie&#8221;","potentialAction":[{"@type":"SearchAction","target":{"@type":"EntryPoint","urlTemplate":"https:\/\/instytutpolski.pl\/leipzig\/?s={search_term_string}"},"query-input":{"@type":"PropertyValueSpecification","valueRequired":true,"valueName":"search_term_string"}}],"inLanguage":"pl-PL"}]}},"_links":{"self":[{"href":"https:\/\/instytutpolski.pl\/leipzig\/wp-json\/wp\/v2\/pages\/1420","targetHints":{"allow":["GET"]}}],"collection":[{"href":"https:\/\/instytutpolski.pl\/leipzig\/wp-json\/wp\/v2\/pages"}],"about":[{"href":"https:\/\/instytutpolski.pl\/leipzig\/wp-json\/wp\/v2\/types\/page"}],"author":[{"embeddable":true,"href":"https:\/\/instytutpolski.pl\/leipzig\/wp-json\/wp\/v2\/users\/79"}],"replies":[{"embeddable":true,"href":"https:\/\/instytutpolski.pl\/leipzig\/wp-json\/wp\/v2\/comments?post=1420"}],"version-history":[{"count":2,"href":"https:\/\/instytutpolski.pl\/leipzig\/wp-json\/wp\/v2\/pages\/1420\/revisions"}],"predecessor-version":[{"id":1495,"href":"https:\/\/instytutpolski.pl\/leipzig\/wp-json\/wp\/v2\/pages\/1420\/revisions\/1495"}],"up":[{"embeddable":true,"href":"https:\/\/instytutpolski.pl\/leipzig\/wp-json\/wp\/v2\/pages\/932"}],"wp:featuredmedia":[{"embeddable":true,"href":"https:\/\/instytutpolski.pl\/leipzig\/wp-json\/wp\/v2\/media\/1421"}],"wp:attachment":[{"href":"https:\/\/instytutpolski.pl\/leipzig\/wp-json\/wp\/v2\/media?parent=1420"}],"curies":[{"name":"wp","href":"https:\/\/api.w.org\/{rel}","templated":true}]}}