{"id":1430,"date":"2020-07-08T14:11:00","date_gmt":"2020-07-08T12:11:00","guid":{"rendered":"https:\/\/instytutpolski.pl\/leipzig\/?page_id=1430"},"modified":"2020-07-09T11:04:52","modified_gmt":"2020-07-09T09:04:52","slug":"muskauer-park","status":"publish","type":"page","link":"https:\/\/instytutpolski.pl\/leipzig\/polen-erleben\/unesco-welterbe-in-polen\/muskauer-park\/","title":{"rendered":"Muskauer Park"},"content":{"rendered":"\n<p><strong>Der Muskauer Park (Park Mu\u017cakowski) ist eine weitl\u00e4ufige Landschaft, die anfangs von F\u00fcrst Hermann von P\u00fcckler-Muskau auf seinem Grundbesitz entworfen und sp\u00e4ter von seinem Sch\u00fcler Eduard Petzold fortgef\u00fchrt wurde. Der harmonisch im Flusstal der Lausitzer Nei\u00dfe angelegte Park wurde in die lokalen Ortschaften und umgebenden landwirtschaftlichen Grundst\u00fccke integriert, was eine neue Herangehensweise an die Landschaftsgestaltung einl\u00e4utete und zu ihrem Fortschritt als Fachdisziplin beitrug. Die ausgedehnte St\u00e4tte umfasst die Nei\u00dfe und weitere k\u00fcnstlich angelegte und nat\u00fcrliche Gew\u00e4sser, Br\u00fccken, Geb\u00e4ude, Waldgebiete und Wege. Sie ist ein Beispiel f\u00fcr eine Kulturlandschaft, in der man sich die nat\u00fcrlichen Eigenschaften vor Ort mit \u00e4u\u00dferstem Geschick zunutze machte.<\/strong><\/p>\n\n\n\n<p>Der Park ist von h\u00f6chster \u00e4sthetischer Qualit\u00e4t und seine Gestaltung verschmilzt flie\u00dfend mit dem naturbelassenen Flusstal. Sein Kern ist das visuelle Verh\u00e4ltnis zwischen der im Zentrum gelegenen Residenz, dem Neuen Schloss und einer Reihe von idealen Aussichtspunkten, die sich auf den Terrassen im Tal entlang dem Flussufer aufreihen, von denen jede Teil eines meisterhaft gestalteten Netzwerks aus Blickpunkten darstellt. P\u00fcckler integrierte von Menschen geschaffene architektonische Elemente samt nat\u00fcrlicher Komponenten in dieses Netzwerk, einschlie\u00dflich der geologischen Merkmale des Gel\u00e4ndes. Der Park ist mit seiner au\u00dfergew\u00f6hnlichen Schlichtheit und Ausdehnung unverwechselbar.<\/p>\n<p>Die St\u00e4tte umschlie\u00dft den zentralen Teil dieser weitl\u00e4ufigen Landschaftsanlage, die insgesamt 348 Hektar misst (davon 136,10 ha in Deutschland und 211,9 ha in Polen). Der verbleibende Teil der Anlage geh\u00f6rt zur umgebenden Pufferzone, die eine Fl\u00e4che von 1,205 ha einnimmt.<\/p>\n<p>P\u00fcckler legte durch die Ausweitung des Parks mit Gr\u00fcnfl\u00e4chen und Stadtparks auf die Stadt Bad Muskau die Fundamente f\u00fcr eine integrierte Landschaftsgestaltung. Die Einbeziehung der Gemeinde in die Gesamtanlage als Hauptkomponente in einer geplanten utopischen Landschaft hatte gro\u00dfen Einfluss auf die zeitgen\u00f6ssische Stadtplanung, insbesondere in den USA (sichtbar an den Gr\u00fcnfl\u00e4chen in der Stadt Boston) und die Entwicklung des Berufs des Landschaftsarchitekten. P\u00fcckler ver\u00f6ffentlichte die Grunds\u00e4tze seiner Theorie zur Landschaftsgestaltung in seinem Buch \u201eAndeutungen \u00fcber Landschaftsg\u00e4rtnerei\u201c (1834).<\/p>\n<p>Dar\u00fcber hinaus trug die Ausbildung von Landschaftsg\u00e4rtnern durch F\u00fcrst von P\u00fcckler und seinen Sch\u00fcler Eduard Petzold zur Schaffung von Fachstandards bei, welche die Arbeit anderer G\u00e4rtner und Planer beeinflussten. Diese Tradition der Ausbildung wurde k\u00fcrzlich wiederbelebt, indem die Muskauer Schule ins Leben gerufen wurde \u2013 eine internationale Ausbildungsst\u00e4tte f\u00fcr die Pflege von Garten- und Kulturlandschaften.<\/p>\n\n\n\n<p><em>Quelle: UNESCO (offizielle Webseite: <a href=\"https:\/\/whc.unesco.org\/en\/list\/1127\">whc.unesco.org<\/a>)<br>\u00dcbersetzung: Agata Biernacka<\/em><\/p>\n","protected":false},"excerpt":{"rendered":"<p>Der Muskauer Park (Park Mu\u017cakowski) ist eine weitl\u00e4ufige Landschaft, die anfangs von F\u00fcrst Hermann von P\u00fcckler-Muskau auf seinem Grundbesitz entworfen und sp\u00e4ter von seinem Sch\u00fcler Eduard Petzold fortgef\u00fchrt wurde. Der harmonisch im Flusstal der Lausitzer Nei\u00dfe angelegte Park wurde in die lokalen Ortschaften und umgebenden landwirtschaftlichen Grundst\u00fccke integriert, was eine neue Herangehensweise an die Landschaftsgestaltung [&hellip;]<\/p>\n","protected":false},"author":79,"featured_media":1432,"parent":932,"menu_order":0,"comment_status":"closed","ping_status":"closed","template":"","meta":{"inline_featured_image":false,"_monsterinsights_skip_tracking":false,"_monsterinsights_sitenote_active":false,"_monsterinsights_sitenote_note":"","_monsterinsights_sitenote_category":0,"footnotes":""},"class_list":["post-1430","page","type-page","status-publish","has-post-thumbnail","hentry"],"yoast_head":"<!-- This site is optimized with the Yoast SEO plugin v24.6 - https:\/\/yoast.com\/wordpress\/plugins\/seo\/ -->\n<title>Muskauer Park - Instytut Polski w Lipsku<\/title>\n<meta name=\"robots\" content=\"index, follow, max-snippet:-1, max-image-preview:large, max-video-preview:-1\" \/>\n<link rel=\"canonical\" href=\"https:\/\/instytutpolski.pl\/leipzig\/polen-erleben\/unesco-welterbe-in-polen\/muskauer-park\/\" \/>\n<meta property=\"og:locale\" content=\"pl_PL\" \/>\n<meta property=\"og:type\" content=\"article\" \/>\n<meta property=\"og:title\" content=\"Muskauer Park - Instytut Polski w Lipsku\" \/>\n<meta property=\"og:description\" content=\"Der Muskauer Park (Park Mu\u017cakowski) ist eine weitl\u00e4ufige Landschaft, die anfangs von F\u00fcrst Hermann von P\u00fcckler-Muskau auf seinem Grundbesitz entworfen und sp\u00e4ter von seinem Sch\u00fcler Eduard Petzold fortgef\u00fchrt wurde. Der harmonisch im Flusstal der Lausitzer Nei\u00dfe angelegte Park wurde in die lokalen Ortschaften und umgebenden landwirtschaftlichen Grundst\u00fccke integriert, was eine neue Herangehensweise an die Landschaftsgestaltung [&hellip;]\" \/>\n<meta property=\"og:url\" content=\"https:\/\/instytutpolski.pl\/leipzig\/polen-erleben\/unesco-welterbe-in-polen\/muskauer-park\/\" \/>\n<meta property=\"og:site_name\" content=\"Instytut Polski w Lipsku\" \/>\n<meta property=\"article:modified_time\" content=\"2020-07-09T09:04:52+00:00\" \/>\n<meta property=\"og:image\" content=\"https:\/\/instytutpolski.pl\/leipzig\/wp-content\/uploads\/sites\/29\/2020\/07\/UNESCO-Muskauer-Park-Pixabay.jpg\" \/>\n\t<meta property=\"og:image:width\" content=\"1920\" \/>\n\t<meta property=\"og:image:height\" content=\"1275\" \/>\n\t<meta property=\"og:image:type\" content=\"image\/jpeg\" \/>\n<meta name=\"twitter:card\" content=\"summary_large_image\" \/>\n<meta name=\"twitter:label1\" content=\"Szacowany czas czytania\" \/>\n\t<meta name=\"twitter:data1\" content=\"2 minuty\" \/>\n<script type=\"application\/ld+json\" class=\"yoast-schema-graph\">{\"@context\":\"https:\/\/schema.org\",\"@graph\":[{\"@type\":\"WebPage\",\"@id\":\"https:\/\/instytutpolski.pl\/leipzig\/polen-erleben\/unesco-welterbe-in-polen\/muskauer-park\/\",\"url\":\"https:\/\/instytutpolski.pl\/leipzig\/polen-erleben\/unesco-welterbe-in-polen\/muskauer-park\/\",\"name\":\"Muskauer Park - Instytut Polski w Lipsku\",\"isPartOf\":{\"@id\":\"https:\/\/instytutpolski.pl\/leipzig\/#website\"},\"primaryImageOfPage\":{\"@id\":\"https:\/\/instytutpolski.pl\/leipzig\/polen-erleben\/unesco-welterbe-in-polen\/muskauer-park\/#primaryimage\"},\"image\":{\"@id\":\"https:\/\/instytutpolski.pl\/leipzig\/polen-erleben\/unesco-welterbe-in-polen\/muskauer-park\/#primaryimage\"},\"thumbnailUrl\":\"https:\/\/instytutpolski.pl\/leipzig\/wp-content\/uploads\/sites\/29\/2020\/07\/UNESCO-Muskauer-Park-Pixabay.jpg\",\"datePublished\":\"2020-07-08T12:11:00+00:00\",\"dateModified\":\"2020-07-09T09:04:52+00:00\",\"breadcrumb\":{\"@id\":\"https:\/\/instytutpolski.pl\/leipzig\/polen-erleben\/unesco-welterbe-in-polen\/muskauer-park\/#breadcrumb\"},\"inLanguage\":\"pl-PL\",\"potentialAction\":[{\"@type\":\"ReadAction\",\"target\":[\"https:\/\/instytutpolski.pl\/leipzig\/polen-erleben\/unesco-welterbe-in-polen\/muskauer-park\/\"]}]},{\"@type\":\"ImageObject\",\"inLanguage\":\"pl-PL\",\"@id\":\"https:\/\/instytutpolski.pl\/leipzig\/polen-erleben\/unesco-welterbe-in-polen\/muskauer-park\/#primaryimage\",\"url\":\"https:\/\/instytutpolski.pl\/leipzig\/wp-content\/uploads\/sites\/29\/2020\/07\/UNESCO-Muskauer-Park-Pixabay.jpg\",\"contentUrl\":\"https:\/\/instytutpolski.pl\/leipzig\/wp-content\/uploads\/sites\/29\/2020\/07\/UNESCO-Muskauer-Park-Pixabay.jpg\",\"width\":1920,\"height\":1275},{\"@type\":\"BreadcrumbList\",\"@id\":\"https:\/\/instytutpolski.pl\/leipzig\/polen-erleben\/unesco-welterbe-in-polen\/muskauer-park\/#breadcrumb\",\"itemListElement\":[{\"@type\":\"ListItem\",\"position\":1,\"name\":\"Home\",\"item\":\"https:\/\/instytutpolski.pl\/leipzig\/\"},{\"@type\":\"ListItem\",\"position\":2,\"name\":\"Polen erleben\",\"item\":\"https:\/\/instytutpolski.pl\/leipzig\/polen-erleben\/\"},{\"@type\":\"ListItem\",\"position\":3,\"name\":\"UNESCO-Welterbe in Polen\",\"item\":\"https:\/\/instytutpolski.pl\/leipzig\/polen-erleben\/unesco-welterbe-in-polen\/\"},{\"@type\":\"ListItem\",\"position\":4,\"name\":\"Muskauer Park\"}]},{\"@type\":\"WebSite\",\"@id\":\"https:\/\/instytutpolski.pl\/leipzig\/#website\",\"url\":\"https:\/\/instytutpolski.pl\/leipzig\/\",\"name\":\"Instytut Polski w Lipsku\",\"description\":\"Kolejna witryna sieci &#8222;Instytuty Polskie&#8221;\",\"potentialAction\":[{\"@type\":\"SearchAction\",\"target\":{\"@type\":\"EntryPoint\",\"urlTemplate\":\"https:\/\/instytutpolski.pl\/leipzig\/?s={search_term_string}\"},\"query-input\":{\"@type\":\"PropertyValueSpecification\",\"valueRequired\":true,\"valueName\":\"search_term_string\"}}],\"inLanguage\":\"pl-PL\"}]}<\/script>\n<!-- \/ Yoast SEO plugin. -->","yoast_head_json":{"title":"Muskauer Park - Instytut Polski w Lipsku","robots":{"index":"index","follow":"follow","max-snippet":"max-snippet:-1","max-image-preview":"max-image-preview:large","max-video-preview":"max-video-preview:-1"},"canonical":"https:\/\/instytutpolski.pl\/leipzig\/polen-erleben\/unesco-welterbe-in-polen\/muskauer-park\/","og_locale":"pl_PL","og_type":"article","og_title":"Muskauer Park - Instytut Polski w Lipsku","og_description":"Der Muskauer Park (Park Mu\u017cakowski) ist eine weitl\u00e4ufige Landschaft, die anfangs von F\u00fcrst Hermann von P\u00fcckler-Muskau auf seinem Grundbesitz entworfen und sp\u00e4ter von seinem Sch\u00fcler Eduard Petzold fortgef\u00fchrt wurde. Der harmonisch im Flusstal der Lausitzer Nei\u00dfe angelegte Park wurde in die lokalen Ortschaften und umgebenden landwirtschaftlichen Grundst\u00fccke integriert, was eine neue Herangehensweise an die Landschaftsgestaltung [&hellip;]","og_url":"https:\/\/instytutpolski.pl\/leipzig\/polen-erleben\/unesco-welterbe-in-polen\/muskauer-park\/","og_site_name":"Instytut Polski w Lipsku","article_modified_time":"2020-07-09T09:04:52+00:00","og_image":[{"width":1920,"height":1275,"url":"https:\/\/instytutpolski.pl\/leipzig\/wp-content\/uploads\/sites\/29\/2020\/07\/UNESCO-Muskauer-Park-Pixabay.jpg","type":"image\/jpeg"}],"twitter_card":"summary_large_image","twitter_misc":{"Szacowany czas czytania":"2 minuty"},"schema":{"@context":"https:\/\/schema.org","@graph":[{"@type":"WebPage","@id":"https:\/\/instytutpolski.pl\/leipzig\/polen-erleben\/unesco-welterbe-in-polen\/muskauer-park\/","url":"https:\/\/instytutpolski.pl\/leipzig\/polen-erleben\/unesco-welterbe-in-polen\/muskauer-park\/","name":"Muskauer Park - Instytut Polski w Lipsku","isPartOf":{"@id":"https:\/\/instytutpolski.pl\/leipzig\/#website"},"primaryImageOfPage":{"@id":"https:\/\/instytutpolski.pl\/leipzig\/polen-erleben\/unesco-welterbe-in-polen\/muskauer-park\/#primaryimage"},"image":{"@id":"https:\/\/instytutpolski.pl\/leipzig\/polen-erleben\/unesco-welterbe-in-polen\/muskauer-park\/#primaryimage"},"thumbnailUrl":"https:\/\/instytutpolski.pl\/leipzig\/wp-content\/uploads\/sites\/29\/2020\/07\/UNESCO-Muskauer-Park-Pixabay.jpg","datePublished":"2020-07-08T12:11:00+00:00","dateModified":"2020-07-09T09:04:52+00:00","breadcrumb":{"@id":"https:\/\/instytutpolski.pl\/leipzig\/polen-erleben\/unesco-welterbe-in-polen\/muskauer-park\/#breadcrumb"},"inLanguage":"pl-PL","potentialAction":[{"@type":"ReadAction","target":["https:\/\/instytutpolski.pl\/leipzig\/polen-erleben\/unesco-welterbe-in-polen\/muskauer-park\/"]}]},{"@type":"ImageObject","inLanguage":"pl-PL","@id":"https:\/\/instytutpolski.pl\/leipzig\/polen-erleben\/unesco-welterbe-in-polen\/muskauer-park\/#primaryimage","url":"https:\/\/instytutpolski.pl\/leipzig\/wp-content\/uploads\/sites\/29\/2020\/07\/UNESCO-Muskauer-Park-Pixabay.jpg","contentUrl":"https:\/\/instytutpolski.pl\/leipzig\/wp-content\/uploads\/sites\/29\/2020\/07\/UNESCO-Muskauer-Park-Pixabay.jpg","width":1920,"height":1275},{"@type":"BreadcrumbList","@id":"https:\/\/instytutpolski.pl\/leipzig\/polen-erleben\/unesco-welterbe-in-polen\/muskauer-park\/#breadcrumb","itemListElement":[{"@type":"ListItem","position":1,"name":"Home","item":"https:\/\/instytutpolski.pl\/leipzig\/"},{"@type":"ListItem","position":2,"name":"Polen erleben","item":"https:\/\/instytutpolski.pl\/leipzig\/polen-erleben\/"},{"@type":"ListItem","position":3,"name":"UNESCO-Welterbe in Polen","item":"https:\/\/instytutpolski.pl\/leipzig\/polen-erleben\/unesco-welterbe-in-polen\/"},{"@type":"ListItem","position":4,"name":"Muskauer Park"}]},{"@type":"WebSite","@id":"https:\/\/instytutpolski.pl\/leipzig\/#website","url":"https:\/\/instytutpolski.pl\/leipzig\/","name":"Instytut Polski w Lipsku","description":"Kolejna witryna sieci &#8222;Instytuty Polskie&#8221;","potentialAction":[{"@type":"SearchAction","target":{"@type":"EntryPoint","urlTemplate":"https:\/\/instytutpolski.pl\/leipzig\/?s={search_term_string}"},"query-input":{"@type":"PropertyValueSpecification","valueRequired":true,"valueName":"search_term_string"}}],"inLanguage":"pl-PL"}]}},"_links":{"self":[{"href":"https:\/\/instytutpolski.pl\/leipzig\/wp-json\/wp\/v2\/pages\/1430","targetHints":{"allow":["GET"]}}],"collection":[{"href":"https:\/\/instytutpolski.pl\/leipzig\/wp-json\/wp\/v2\/pages"}],"about":[{"href":"https:\/\/instytutpolski.pl\/leipzig\/wp-json\/wp\/v2\/types\/page"}],"author":[{"embeddable":true,"href":"https:\/\/instytutpolski.pl\/leipzig\/wp-json\/wp\/v2\/users\/79"}],"replies":[{"embeddable":true,"href":"https:\/\/instytutpolski.pl\/leipzig\/wp-json\/wp\/v2\/comments?post=1430"}],"version-history":[{"count":2,"href":"https:\/\/instytutpolski.pl\/leipzig\/wp-json\/wp\/v2\/pages\/1430\/revisions"}],"predecessor-version":[{"id":1499,"href":"https:\/\/instytutpolski.pl\/leipzig\/wp-json\/wp\/v2\/pages\/1430\/revisions\/1499"}],"up":[{"embeddable":true,"href":"https:\/\/instytutpolski.pl\/leipzig\/wp-json\/wp\/v2\/pages\/932"}],"wp:featuredmedia":[{"embeddable":true,"href":"https:\/\/instytutpolski.pl\/leipzig\/wp-json\/wp\/v2\/media\/1432"}],"wp:attachment":[{"href":"https:\/\/instytutpolski.pl\/leipzig\/wp-json\/wp\/v2\/media?parent=1430"}],"curies":[{"name":"wp","href":"https:\/\/api.w.org\/{rel}","templated":true}]}}