{"id":1441,"date":"2020-07-08T14:43:49","date_gmt":"2020-07-08T12:43:49","guid":{"rendered":"https:\/\/instytutpolski.pl\/leipzig\/?page_id=1441"},"modified":"2020-07-09T11:01:55","modified_gmt":"2020-07-09T09:01:55","slug":"krzemionki","status":"publish","type":"page","link":"https:\/\/instytutpolski.pl\/leipzig\/polen-erleben\/unesco-welterbe-in-polen\/krzemionki\/","title":{"rendered":"Krzemionki"},"content":{"rendered":"\n<p><strong>Die im Heiligkreuzgebirge gelegene Mine Krzemionki beherbergt vier Bergbaust\u00e4tten, die aus der Zeit von der Jungsteinzeit bis hin zur Bronzezeit stammen (ca. 3900 bis 1600 v. Chr.) und zur Gewinnung und Verarbeitung von geb\u00e4ndertem Feuerstein dienten. Dieser wurde zur Herstellung von Beilen verwendet.<\/strong><\/p>\n\n\n\n<p>Mit ihren unterirdischen Bergbaustrukturen, Feuerstein-Werkst\u00e4tten und ca. 4.000 Sch\u00e4chten und Gruben beherbergt die St\u00e4tte eines der umfangreichsten bisher bekannten pr\u00e4historischen Systeme zum unterirdischen Abbau und zur unterirdischen Verarbeitung von Feuerstein.<\/p>\n<p>Die St\u00e4tte liefert Informationen zum Leben und Arbeiten in pr\u00e4historischen Siedlungen und zeugt von einer untergegangenen Kulturtechnik. Sie ist ein au\u00dfergew\u00f6hnliches Zeugnis f\u00fcr die Bedeutung der pr\u00e4historischen Epoche und des Feuersteinabbaus zur Werkzeugherstellung in der Menschheitsgeschichte.<\/p>\n\n\n\n<p><em>Quelle: UNESCO (offizielle Webseite: <a href=\"https:\/\/whc.unesco.org\/en\/list\/1599\">whc.unesco.org<\/a>)<br>\u00dcbersetzung: Agata Biernacka<\/em><\/p>\n\n\n\n<p>&nbsp;<\/p>\n<pre>Bild \u00a9 Muzeum Archeologiczne i Rezerwat \u201eKrzemionki\u201c, <a href=\"http:\/\/krzemionki.pl\">krzemionki.pl<\/a><\/pre>\n","protected":false},"excerpt":{"rendered":"<p>Die im Heiligkreuzgebirge gelegene Mine Krzemionki beherbergt vier Bergbaust\u00e4tten, die aus der Zeit von der Jungsteinzeit bis hin zur Bronzezeit stammen (ca. 3900 bis 1600 v. Chr.) und zur Gewinnung und Verarbeitung von geb\u00e4ndertem Feuerstein dienten. Dieser wurde zur Herstellung von Beilen verwendet. Mit ihren unterirdischen Bergbaustrukturen, Feuerstein-Werkst\u00e4tten und ca. 4.000 Sch\u00e4chten und Gruben beherbergt [&hellip;]<\/p>\n","protected":false},"author":79,"featured_media":1442,"parent":932,"menu_order":0,"comment_status":"closed","ping_status":"closed","template":"","meta":{"inline_featured_image":false,"_monsterinsights_skip_tracking":false,"_monsterinsights_sitenote_active":false,"_monsterinsights_sitenote_note":"","_monsterinsights_sitenote_category":0,"footnotes":""},"class_list":["post-1441","page","type-page","status-publish","has-post-thumbnail","hentry"],"yoast_head":"<!-- This site is optimized with the Yoast SEO plugin v24.6 - https:\/\/yoast.com\/wordpress\/plugins\/seo\/ -->\n<title>Krzemionki - Instytut Polski w Lipsku<\/title>\n<meta name=\"robots\" content=\"index, follow, max-snippet:-1, max-image-preview:large, max-video-preview:-1\" \/>\n<link rel=\"canonical\" href=\"https:\/\/instytutpolski.pl\/leipzig\/polen-erleben\/unesco-welterbe-in-polen\/krzemionki\/\" \/>\n<meta property=\"og:locale\" content=\"pl_PL\" \/>\n<meta property=\"og:type\" content=\"article\" \/>\n<meta property=\"og:title\" content=\"Krzemionki - Instytut Polski w Lipsku\" \/>\n<meta property=\"og:description\" content=\"Die im Heiligkreuzgebirge gelegene Mine Krzemionki beherbergt vier Bergbaust\u00e4tten, die aus der Zeit von der Jungsteinzeit bis hin zur Bronzezeit stammen (ca. 3900 bis 1600 v. Chr.) und zur Gewinnung und Verarbeitung von geb\u00e4ndertem Feuerstein dienten. Dieser wurde zur Herstellung von Beilen verwendet. Mit ihren unterirdischen Bergbaustrukturen, Feuerstein-Werkst\u00e4tten und ca. 4.000 Sch\u00e4chten und Gruben beherbergt [&hellip;]\" \/>\n<meta property=\"og:url\" content=\"https:\/\/instytutpolski.pl\/leipzig\/polen-erleben\/unesco-welterbe-in-polen\/krzemionki\/\" \/>\n<meta property=\"og:site_name\" content=\"Instytut Polski w Lipsku\" \/>\n<meta property=\"article:modified_time\" content=\"2020-07-09T09:01:55+00:00\" \/>\n<meta property=\"og:image\" content=\"https:\/\/instytutpolski.pl\/leipzig\/wp-content\/uploads\/sites\/29\/2020\/07\/UNESCO-Krzemionki-Muzeum-Archeologiczne-i-Rezerwat-Krzemionki-krzemionki.pl_-e1594212103996.jpg\" \/>\n\t<meta property=\"og:image:width\" content=\"1170\" \/>\n\t<meta property=\"og:image:height\" content=\"546\" \/>\n\t<meta property=\"og:image:type\" content=\"image\/jpeg\" \/>\n<meta name=\"twitter:card\" content=\"summary_large_image\" \/>\n<meta name=\"twitter:label1\" content=\"Szacowany czas czytania\" \/>\n\t<meta name=\"twitter:data1\" content=\"1 minuta\" \/>\n<script type=\"application\/ld+json\" class=\"yoast-schema-graph\">{\"@context\":\"https:\/\/schema.org\",\"@graph\":[{\"@type\":\"WebPage\",\"@id\":\"https:\/\/instytutpolski.pl\/leipzig\/polen-erleben\/unesco-welterbe-in-polen\/krzemionki\/\",\"url\":\"https:\/\/instytutpolski.pl\/leipzig\/polen-erleben\/unesco-welterbe-in-polen\/krzemionki\/\",\"name\":\"Krzemionki - Instytut Polski w Lipsku\",\"isPartOf\":{\"@id\":\"https:\/\/instytutpolski.pl\/leipzig\/#website\"},\"primaryImageOfPage\":{\"@id\":\"https:\/\/instytutpolski.pl\/leipzig\/polen-erleben\/unesco-welterbe-in-polen\/krzemionki\/#primaryimage\"},\"image\":{\"@id\":\"https:\/\/instytutpolski.pl\/leipzig\/polen-erleben\/unesco-welterbe-in-polen\/krzemionki\/#primaryimage\"},\"thumbnailUrl\":\"https:\/\/instytutpolski.pl\/leipzig\/wp-content\/uploads\/sites\/29\/2020\/07\/UNESCO-Krzemionki-Muzeum-Archeologiczne-i-Rezerwat-Krzemionki-krzemionki.pl_-e1594212103996.jpg\",\"datePublished\":\"2020-07-08T12:43:49+00:00\",\"dateModified\":\"2020-07-09T09:01:55+00:00\",\"breadcrumb\":{\"@id\":\"https:\/\/instytutpolski.pl\/leipzig\/polen-erleben\/unesco-welterbe-in-polen\/krzemionki\/#breadcrumb\"},\"inLanguage\":\"pl-PL\",\"potentialAction\":[{\"@type\":\"ReadAction\",\"target\":[\"https:\/\/instytutpolski.pl\/leipzig\/polen-erleben\/unesco-welterbe-in-polen\/krzemionki\/\"]}]},{\"@type\":\"ImageObject\",\"inLanguage\":\"pl-PL\",\"@id\":\"https:\/\/instytutpolski.pl\/leipzig\/polen-erleben\/unesco-welterbe-in-polen\/krzemionki\/#primaryimage\",\"url\":\"https:\/\/instytutpolski.pl\/leipzig\/wp-content\/uploads\/sites\/29\/2020\/07\/UNESCO-Krzemionki-Muzeum-Archeologiczne-i-Rezerwat-Krzemionki-krzemionki.pl_-e1594212103996.jpg\",\"contentUrl\":\"https:\/\/instytutpolski.pl\/leipzig\/wp-content\/uploads\/sites\/29\/2020\/07\/UNESCO-Krzemionki-Muzeum-Archeologiczne-i-Rezerwat-Krzemionki-krzemionki.pl_-e1594212103996.jpg\",\"width\":1170,\"height\":546},{\"@type\":\"BreadcrumbList\",\"@id\":\"https:\/\/instytutpolski.pl\/leipzig\/polen-erleben\/unesco-welterbe-in-polen\/krzemionki\/#breadcrumb\",\"itemListElement\":[{\"@type\":\"ListItem\",\"position\":1,\"name\":\"Home\",\"item\":\"https:\/\/instytutpolski.pl\/leipzig\/\"},{\"@type\":\"ListItem\",\"position\":2,\"name\":\"Polen erleben\",\"item\":\"https:\/\/instytutpolski.pl\/leipzig\/polen-erleben\/\"},{\"@type\":\"ListItem\",\"position\":3,\"name\":\"UNESCO-Welterbe in Polen\",\"item\":\"https:\/\/instytutpolski.pl\/leipzig\/polen-erleben\/unesco-welterbe-in-polen\/\"},{\"@type\":\"ListItem\",\"position\":4,\"name\":\"Krzemionki\"}]},{\"@type\":\"WebSite\",\"@id\":\"https:\/\/instytutpolski.pl\/leipzig\/#website\",\"url\":\"https:\/\/instytutpolski.pl\/leipzig\/\",\"name\":\"Instytut Polski w Lipsku\",\"description\":\"Kolejna witryna sieci &#8222;Instytuty Polskie&#8221;\",\"potentialAction\":[{\"@type\":\"SearchAction\",\"target\":{\"@type\":\"EntryPoint\",\"urlTemplate\":\"https:\/\/instytutpolski.pl\/leipzig\/?s={search_term_string}\"},\"query-input\":{\"@type\":\"PropertyValueSpecification\",\"valueRequired\":true,\"valueName\":\"search_term_string\"}}],\"inLanguage\":\"pl-PL\"}]}<\/script>\n<!-- \/ Yoast SEO plugin. -->","yoast_head_json":{"title":"Krzemionki - Instytut Polski w Lipsku","robots":{"index":"index","follow":"follow","max-snippet":"max-snippet:-1","max-image-preview":"max-image-preview:large","max-video-preview":"max-video-preview:-1"},"canonical":"https:\/\/instytutpolski.pl\/leipzig\/polen-erleben\/unesco-welterbe-in-polen\/krzemionki\/","og_locale":"pl_PL","og_type":"article","og_title":"Krzemionki - Instytut Polski w Lipsku","og_description":"Die im Heiligkreuzgebirge gelegene Mine Krzemionki beherbergt vier Bergbaust\u00e4tten, die aus der Zeit von der Jungsteinzeit bis hin zur Bronzezeit stammen (ca. 3900 bis 1600 v. Chr.) und zur Gewinnung und Verarbeitung von geb\u00e4ndertem Feuerstein dienten. Dieser wurde zur Herstellung von Beilen verwendet. Mit ihren unterirdischen Bergbaustrukturen, Feuerstein-Werkst\u00e4tten und ca. 4.000 Sch\u00e4chten und Gruben beherbergt [&hellip;]","og_url":"https:\/\/instytutpolski.pl\/leipzig\/polen-erleben\/unesco-welterbe-in-polen\/krzemionki\/","og_site_name":"Instytut Polski w Lipsku","article_modified_time":"2020-07-09T09:01:55+00:00","og_image":[{"width":1170,"height":546,"url":"https:\/\/instytutpolski.pl\/leipzig\/wp-content\/uploads\/sites\/29\/2020\/07\/UNESCO-Krzemionki-Muzeum-Archeologiczne-i-Rezerwat-Krzemionki-krzemionki.pl_-e1594212103996.jpg","type":"image\/jpeg"}],"twitter_card":"summary_large_image","twitter_misc":{"Szacowany czas czytania":"1 minuta"},"schema":{"@context":"https:\/\/schema.org","@graph":[{"@type":"WebPage","@id":"https:\/\/instytutpolski.pl\/leipzig\/polen-erleben\/unesco-welterbe-in-polen\/krzemionki\/","url":"https:\/\/instytutpolski.pl\/leipzig\/polen-erleben\/unesco-welterbe-in-polen\/krzemionki\/","name":"Krzemionki - Instytut Polski w Lipsku","isPartOf":{"@id":"https:\/\/instytutpolski.pl\/leipzig\/#website"},"primaryImageOfPage":{"@id":"https:\/\/instytutpolski.pl\/leipzig\/polen-erleben\/unesco-welterbe-in-polen\/krzemionki\/#primaryimage"},"image":{"@id":"https:\/\/instytutpolski.pl\/leipzig\/polen-erleben\/unesco-welterbe-in-polen\/krzemionki\/#primaryimage"},"thumbnailUrl":"https:\/\/instytutpolski.pl\/leipzig\/wp-content\/uploads\/sites\/29\/2020\/07\/UNESCO-Krzemionki-Muzeum-Archeologiczne-i-Rezerwat-Krzemionki-krzemionki.pl_-e1594212103996.jpg","datePublished":"2020-07-08T12:43:49+00:00","dateModified":"2020-07-09T09:01:55+00:00","breadcrumb":{"@id":"https:\/\/instytutpolski.pl\/leipzig\/polen-erleben\/unesco-welterbe-in-polen\/krzemionki\/#breadcrumb"},"inLanguage":"pl-PL","potentialAction":[{"@type":"ReadAction","target":["https:\/\/instytutpolski.pl\/leipzig\/polen-erleben\/unesco-welterbe-in-polen\/krzemionki\/"]}]},{"@type":"ImageObject","inLanguage":"pl-PL","@id":"https:\/\/instytutpolski.pl\/leipzig\/polen-erleben\/unesco-welterbe-in-polen\/krzemionki\/#primaryimage","url":"https:\/\/instytutpolski.pl\/leipzig\/wp-content\/uploads\/sites\/29\/2020\/07\/UNESCO-Krzemionki-Muzeum-Archeologiczne-i-Rezerwat-Krzemionki-krzemionki.pl_-e1594212103996.jpg","contentUrl":"https:\/\/instytutpolski.pl\/leipzig\/wp-content\/uploads\/sites\/29\/2020\/07\/UNESCO-Krzemionki-Muzeum-Archeologiczne-i-Rezerwat-Krzemionki-krzemionki.pl_-e1594212103996.jpg","width":1170,"height":546},{"@type":"BreadcrumbList","@id":"https:\/\/instytutpolski.pl\/leipzig\/polen-erleben\/unesco-welterbe-in-polen\/krzemionki\/#breadcrumb","itemListElement":[{"@type":"ListItem","position":1,"name":"Home","item":"https:\/\/instytutpolski.pl\/leipzig\/"},{"@type":"ListItem","position":2,"name":"Polen erleben","item":"https:\/\/instytutpolski.pl\/leipzig\/polen-erleben\/"},{"@type":"ListItem","position":3,"name":"UNESCO-Welterbe in Polen","item":"https:\/\/instytutpolski.pl\/leipzig\/polen-erleben\/unesco-welterbe-in-polen\/"},{"@type":"ListItem","position":4,"name":"Krzemionki"}]},{"@type":"WebSite","@id":"https:\/\/instytutpolski.pl\/leipzig\/#website","url":"https:\/\/instytutpolski.pl\/leipzig\/","name":"Instytut Polski w Lipsku","description":"Kolejna witryna sieci &#8222;Instytuty Polskie&#8221;","potentialAction":[{"@type":"SearchAction","target":{"@type":"EntryPoint","urlTemplate":"https:\/\/instytutpolski.pl\/leipzig\/?s={search_term_string}"},"query-input":{"@type":"PropertyValueSpecification","valueRequired":true,"valueName":"search_term_string"}}],"inLanguage":"pl-PL"}]}},"_links":{"self":[{"href":"https:\/\/instytutpolski.pl\/leipzig\/wp-json\/wp\/v2\/pages\/1441","targetHints":{"allow":["GET"]}}],"collection":[{"href":"https:\/\/instytutpolski.pl\/leipzig\/wp-json\/wp\/v2\/pages"}],"about":[{"href":"https:\/\/instytutpolski.pl\/leipzig\/wp-json\/wp\/v2\/types\/page"}],"author":[{"embeddable":true,"href":"https:\/\/instytutpolski.pl\/leipzig\/wp-json\/wp\/v2\/users\/79"}],"replies":[{"embeddable":true,"href":"https:\/\/instytutpolski.pl\/leipzig\/wp-json\/wp\/v2\/comments?post=1441"}],"version-history":[{"count":3,"href":"https:\/\/instytutpolski.pl\/leipzig\/wp-json\/wp\/v2\/pages\/1441\/revisions"}],"predecessor-version":[{"id":1490,"href":"https:\/\/instytutpolski.pl\/leipzig\/wp-json\/wp\/v2\/pages\/1441\/revisions\/1490"}],"up":[{"embeddable":true,"href":"https:\/\/instytutpolski.pl\/leipzig\/wp-json\/wp\/v2\/pages\/932"}],"wp:featuredmedia":[{"embeddable":true,"href":"https:\/\/instytutpolski.pl\/leipzig\/wp-json\/wp\/v2\/media\/1442"}],"wp:attachment":[{"href":"https:\/\/instytutpolski.pl\/leipzig\/wp-json\/wp\/v2\/media?parent=1441"}],"curies":[{"name":"wp","href":"https:\/\/api.w.org\/{rel}","templated":true}]}}