{"id":1460,"date":"2020-07-09T10:01:00","date_gmt":"2020-07-09T08:01:00","guid":{"rendered":"https:\/\/instytutpolski.pl\/leipzig\/?page_id=1460"},"modified":"2020-07-09T10:50:41","modified_gmt":"2020-07-09T08:50:41","slug":"auschwitz","status":"publish","type":"page","link":"https:\/\/instytutpolski.pl\/leipzig\/polen-erleben\/unesco-welterbe-in-polen\/auschwitz\/","title":{"rendered":"Auschwitz-Birkenau"},"content":{"rendered":"\n<p><strong>Die ehemaligen Lager in Auschwitz-Birkenau wurden 1979 auf Grundlage des VI. Kriteriums in die Welterbeliste aufgenommen und stehen stellvertretend f\u00fcr alle Konzentrations- und Vernichtungslager weltweit.<\/strong><\/p>\n\n\n\n<p>Die Umz\u00e4unungen, Stacheldr\u00e4hte, Wacht\u00fcrme, Baracken, Galgen, Gaskammern und Krematorien zeugen von den Bedingungen, unter denen Hitlers V\u00f6lkermord auf dem Grundst\u00fcck des ehemaligen Konzentrations- und Vernichtungslagers Auschwitz-Birkenau, des gr\u00f6\u00dften Lagers des Dritten Reichs, stattfand. Historische Forschungen haben nachwiesen, dass in diesem Lager, einem Symbol f\u00fcr die menschliche Grausamkeit, 1,5 Mio. Menschen \u2013 vorwiegend Juden \u2013 gefoltert und ermordet wurden.<\/p>\n<p>Auschwitz-Birkenau war das bedeutendste und ber\u00fcchtigtste der sechs von NS-Deutschland mit dem Ziel errichteten Konzentrations- und Vernichtungslager, eine \u201eEndl\u00f6sung\u201c umzusetzen, also den Massenmord an den Juden in Europa. In Polen unter deutscher nationalsozialistischer Besatzung urspr\u00fcnglich als Konzentrationslager f\u00fcr Polen und sp\u00e4ter f\u00fcr sowjetische Kriegsgefangene erbaut, wurde es schnell zum Gef\u00e4ngnis f\u00fcr eine Vielzahl Gefangener anderer Nationalit\u00e4ten. In den Jahren 1942\u20131944 wurde das Lager Auschwitz-Birkenau zum Hauptmassenvernichtungslager, in dem Juden aufgrund ihrer sogenannten \u201eRassenzugeh\u00f6rigkeit\u201c gefoltert und ermordet wurden. Zus\u00e4tzlich zu dem Massenmord an weit \u00fcber einer Million j\u00fcdischer M\u00e4nner, Frauen und Kinder sowie Zehntausenden polnischer Opfer diente Auschwitz auch als Lager f\u00fcr rassistische Morde an Tausenden Sinti und Roma und Gefangenen zahlreicher europ\u00e4ischer Nationalit\u00e4ten.<\/p>\n<p>Die Politik der Nazis, welche die Enteignung, Herabsetzung und Vernichtung von Juden umfasste, wurzelte in einer rassistischen und antisemitischen Ideologie, die das Dritte Reich verbreitete.<\/p>\n<p>Auschwitz-Birkenau war das gr\u00f6\u00dfte der von NS-Deutschland errichteten Konzentrationslager, in dem Vernichtung mit Zwangsarbeit verbunden wurde. Im Zentrum einer unfassbar gro\u00dfen Landschaft der Ausbeutung und des menschlichen Leidens wurden die \u00dcberreste der beiden Lager Auschwitz I und Auschwitz II-Birkenau als Beweis f\u00fcr das unmenschliche, grauenvolle und systematische Bem\u00fchen, Menschen aus als minderwertig betrachteten Gruppen ihre W\u00fcrde abzusprechen \u2013 was zu ihrer systematischen Ermordung f\u00fchrte \u2013 in die Welterbeliste aufgenommen. Die Lager sind ein Zeugnis f\u00fcr die m\u00f6rderische Natur der antisemitischen und rassistischen Politik der Nationalsozialisten, die zur Vernichtung von \u00fcber einer Million Personen in Krematorien f\u00fchrte, von denen 90 % Juden waren.<\/p>\n<p>Die Stacheldr\u00e4hte, verst\u00e4rkten Mauern, Bahngleise, Rampen, Baracken, Galgen, Gaskammern und Krematorien in Auschwitz-Birkenau zeigen deutlich, wie der Holocaust, die NS-Politik des Massenmords und die Zwangsarbeit vonstatten gingen. Die Sammlungen der St\u00e4tte bewahren die Spuren derer, die vors\u00e4tzlich ermordet wurden, und zeigen, wie systematisch diese Ermordungen durchgef\u00fchrt wurden. Die pers\u00f6nlichen Gegenst\u00e4nde in den Sammlungen legen Zeugnis von den Leben der Opfer ab, bevor sie in die Vernichtungslager gebracht wurden, und zeigen die zynische Nutzung ihrer Besitzt\u00fcmer und \u00dcberreste. Die St\u00e4tte und ihre Umgebung sind h\u00f6chst authentisch und gr\u00f6\u00dftenteils vollst\u00e4ndig, da die originalen Zeugnisse ohne unn\u00f6tige Renovierungen behutsam erhalten wurden.<\/p>\n\n\n\n<p><em>Quelle: UNESCO (offizielle Webseite: <a href=\"https:\/\/whc.unesco.org\/en\/list\/31\">whc.unesco.org<\/a>)<br>\u00dcbersetzung: Agata Biernacka<\/em><\/p>\n","protected":false},"excerpt":{"rendered":"<p>Die ehemaligen Lager in Auschwitz-Birkenau wurden 1979 auf Grundlage des VI. Kriteriums in die Welterbeliste aufgenommen und stehen stellvertretend f\u00fcr alle Konzentrations- und Vernichtungslager weltweit. Die Umz\u00e4unungen, Stacheldr\u00e4hte, Wacht\u00fcrme, Baracken, Galgen, Gaskammern und Krematorien zeugen von den Bedingungen, unter denen Hitlers V\u00f6lkermord auf dem Grundst\u00fcck des ehemaligen Konzentrations- und Vernichtungslagers Auschwitz-Birkenau, des gr\u00f6\u00dften Lagers des [&hellip;]<\/p>\n","protected":false},"author":79,"featured_media":1462,"parent":932,"menu_order":0,"comment_status":"closed","ping_status":"closed","template":"","meta":{"inline_featured_image":false,"_monsterinsights_skip_tracking":false,"_monsterinsights_sitenote_active":false,"_monsterinsights_sitenote_note":"","_monsterinsights_sitenote_category":0,"footnotes":""},"class_list":["post-1460","page","type-page","status-publish","has-post-thumbnail","hentry"],"yoast_head":"<!-- This site is optimized with the Yoast SEO plugin v24.6 - https:\/\/yoast.com\/wordpress\/plugins\/seo\/ -->\n<title>Auschwitz-Birkenau - Instytut Polski w Lipsku<\/title>\n<meta name=\"robots\" content=\"index, follow, max-snippet:-1, max-image-preview:large, max-video-preview:-1\" \/>\n<link rel=\"canonical\" href=\"https:\/\/instytutpolski.pl\/leipzig\/polen-erleben\/unesco-welterbe-in-polen\/auschwitz\/\" \/>\n<meta property=\"og:locale\" content=\"pl_PL\" \/>\n<meta property=\"og:type\" content=\"article\" \/>\n<meta property=\"og:title\" content=\"Auschwitz-Birkenau - Instytut Polski w Lipsku\" \/>\n<meta property=\"og:description\" content=\"Die ehemaligen Lager in Auschwitz-Birkenau wurden 1979 auf Grundlage des VI. Kriteriums in die Welterbeliste aufgenommen und stehen stellvertretend f\u00fcr alle Konzentrations- und Vernichtungslager weltweit. Die Umz\u00e4unungen, Stacheldr\u00e4hte, Wacht\u00fcrme, Baracken, Galgen, Gaskammern und Krematorien zeugen von den Bedingungen, unter denen Hitlers V\u00f6lkermord auf dem Grundst\u00fcck des ehemaligen Konzentrations- und Vernichtungslagers Auschwitz-Birkenau, des gr\u00f6\u00dften Lagers des [&hellip;]\" \/>\n<meta property=\"og:url\" content=\"https:\/\/instytutpolski.pl\/leipzig\/polen-erleben\/unesco-welterbe-in-polen\/auschwitz\/\" \/>\n<meta property=\"og:site_name\" content=\"Instytut Polski w Lipsku\" \/>\n<meta property=\"article:modified_time\" content=\"2020-07-09T08:50:41+00:00\" \/>\n<meta property=\"og:image\" content=\"https:\/\/instytutpolski.pl\/leipzig\/wp-content\/uploads\/sites\/29\/2020\/07\/UNESCO-Auschwitz-Birkenau-Pixabay-e1594281604562.jpg\" \/>\n\t<meta property=\"og:image:width\" content=\"1920\" \/>\n\t<meta property=\"og:image:height\" content=\"806\" \/>\n\t<meta property=\"og:image:type\" content=\"image\/jpeg\" \/>\n<meta name=\"twitter:card\" content=\"summary_large_image\" \/>\n<meta name=\"twitter:label1\" content=\"Szacowany czas czytania\" \/>\n\t<meta name=\"twitter:data1\" content=\"2 minuty\" \/>\n<script type=\"application\/ld+json\" class=\"yoast-schema-graph\">{\"@context\":\"https:\/\/schema.org\",\"@graph\":[{\"@type\":\"WebPage\",\"@id\":\"https:\/\/instytutpolski.pl\/leipzig\/polen-erleben\/unesco-welterbe-in-polen\/auschwitz\/\",\"url\":\"https:\/\/instytutpolski.pl\/leipzig\/polen-erleben\/unesco-welterbe-in-polen\/auschwitz\/\",\"name\":\"Auschwitz-Birkenau - Instytut Polski w Lipsku\",\"isPartOf\":{\"@id\":\"https:\/\/instytutpolski.pl\/leipzig\/#website\"},\"primaryImageOfPage\":{\"@id\":\"https:\/\/instytutpolski.pl\/leipzig\/polen-erleben\/unesco-welterbe-in-polen\/auschwitz\/#primaryimage\"},\"image\":{\"@id\":\"https:\/\/instytutpolski.pl\/leipzig\/polen-erleben\/unesco-welterbe-in-polen\/auschwitz\/#primaryimage\"},\"thumbnailUrl\":\"https:\/\/instytutpolski.pl\/leipzig\/wp-content\/uploads\/sites\/29\/2020\/07\/UNESCO-Auschwitz-Birkenau-Pixabay-e1594281604562.jpg\",\"datePublished\":\"2020-07-09T08:01:00+00:00\",\"dateModified\":\"2020-07-09T08:50:41+00:00\",\"breadcrumb\":{\"@id\":\"https:\/\/instytutpolski.pl\/leipzig\/polen-erleben\/unesco-welterbe-in-polen\/auschwitz\/#breadcrumb\"},\"inLanguage\":\"pl-PL\",\"potentialAction\":[{\"@type\":\"ReadAction\",\"target\":[\"https:\/\/instytutpolski.pl\/leipzig\/polen-erleben\/unesco-welterbe-in-polen\/auschwitz\/\"]}]},{\"@type\":\"ImageObject\",\"inLanguage\":\"pl-PL\",\"@id\":\"https:\/\/instytutpolski.pl\/leipzig\/polen-erleben\/unesco-welterbe-in-polen\/auschwitz\/#primaryimage\",\"url\":\"https:\/\/instytutpolski.pl\/leipzig\/wp-content\/uploads\/sites\/29\/2020\/07\/UNESCO-Auschwitz-Birkenau-Pixabay-e1594281604562.jpg\",\"contentUrl\":\"https:\/\/instytutpolski.pl\/leipzig\/wp-content\/uploads\/sites\/29\/2020\/07\/UNESCO-Auschwitz-Birkenau-Pixabay-e1594281604562.jpg\",\"width\":1920,\"height\":806},{\"@type\":\"BreadcrumbList\",\"@id\":\"https:\/\/instytutpolski.pl\/leipzig\/polen-erleben\/unesco-welterbe-in-polen\/auschwitz\/#breadcrumb\",\"itemListElement\":[{\"@type\":\"ListItem\",\"position\":1,\"name\":\"Home\",\"item\":\"https:\/\/instytutpolski.pl\/leipzig\/\"},{\"@type\":\"ListItem\",\"position\":2,\"name\":\"Polen erleben\",\"item\":\"https:\/\/instytutpolski.pl\/leipzig\/polen-erleben\/\"},{\"@type\":\"ListItem\",\"position\":3,\"name\":\"UNESCO-Welterbe in Polen\",\"item\":\"https:\/\/instytutpolski.pl\/leipzig\/polen-erleben\/unesco-welterbe-in-polen\/\"},{\"@type\":\"ListItem\",\"position\":4,\"name\":\"Auschwitz-Birkenau\"}]},{\"@type\":\"WebSite\",\"@id\":\"https:\/\/instytutpolski.pl\/leipzig\/#website\",\"url\":\"https:\/\/instytutpolski.pl\/leipzig\/\",\"name\":\"Instytut Polski w Lipsku\",\"description\":\"Kolejna witryna sieci &#8222;Instytuty Polskie&#8221;\",\"potentialAction\":[{\"@type\":\"SearchAction\",\"target\":{\"@type\":\"EntryPoint\",\"urlTemplate\":\"https:\/\/instytutpolski.pl\/leipzig\/?s={search_term_string}\"},\"query-input\":{\"@type\":\"PropertyValueSpecification\",\"valueRequired\":true,\"valueName\":\"search_term_string\"}}],\"inLanguage\":\"pl-PL\"}]}<\/script>\n<!-- \/ Yoast SEO plugin. -->","yoast_head_json":{"title":"Auschwitz-Birkenau - Instytut Polski w Lipsku","robots":{"index":"index","follow":"follow","max-snippet":"max-snippet:-1","max-image-preview":"max-image-preview:large","max-video-preview":"max-video-preview:-1"},"canonical":"https:\/\/instytutpolski.pl\/leipzig\/polen-erleben\/unesco-welterbe-in-polen\/auschwitz\/","og_locale":"pl_PL","og_type":"article","og_title":"Auschwitz-Birkenau - Instytut Polski w Lipsku","og_description":"Die ehemaligen Lager in Auschwitz-Birkenau wurden 1979 auf Grundlage des VI. Kriteriums in die Welterbeliste aufgenommen und stehen stellvertretend f\u00fcr alle Konzentrations- und Vernichtungslager weltweit. Die Umz\u00e4unungen, Stacheldr\u00e4hte, Wacht\u00fcrme, Baracken, Galgen, Gaskammern und Krematorien zeugen von den Bedingungen, unter denen Hitlers V\u00f6lkermord auf dem Grundst\u00fcck des ehemaligen Konzentrations- und Vernichtungslagers Auschwitz-Birkenau, des gr\u00f6\u00dften Lagers des [&hellip;]","og_url":"https:\/\/instytutpolski.pl\/leipzig\/polen-erleben\/unesco-welterbe-in-polen\/auschwitz\/","og_site_name":"Instytut Polski w Lipsku","article_modified_time":"2020-07-09T08:50:41+00:00","og_image":[{"width":1920,"height":806,"url":"https:\/\/instytutpolski.pl\/leipzig\/wp-content\/uploads\/sites\/29\/2020\/07\/UNESCO-Auschwitz-Birkenau-Pixabay-e1594281604562.jpg","type":"image\/jpeg"}],"twitter_card":"summary_large_image","twitter_misc":{"Szacowany czas czytania":"2 minuty"},"schema":{"@context":"https:\/\/schema.org","@graph":[{"@type":"WebPage","@id":"https:\/\/instytutpolski.pl\/leipzig\/polen-erleben\/unesco-welterbe-in-polen\/auschwitz\/","url":"https:\/\/instytutpolski.pl\/leipzig\/polen-erleben\/unesco-welterbe-in-polen\/auschwitz\/","name":"Auschwitz-Birkenau - Instytut Polski w Lipsku","isPartOf":{"@id":"https:\/\/instytutpolski.pl\/leipzig\/#website"},"primaryImageOfPage":{"@id":"https:\/\/instytutpolski.pl\/leipzig\/polen-erleben\/unesco-welterbe-in-polen\/auschwitz\/#primaryimage"},"image":{"@id":"https:\/\/instytutpolski.pl\/leipzig\/polen-erleben\/unesco-welterbe-in-polen\/auschwitz\/#primaryimage"},"thumbnailUrl":"https:\/\/instytutpolski.pl\/leipzig\/wp-content\/uploads\/sites\/29\/2020\/07\/UNESCO-Auschwitz-Birkenau-Pixabay-e1594281604562.jpg","datePublished":"2020-07-09T08:01:00+00:00","dateModified":"2020-07-09T08:50:41+00:00","breadcrumb":{"@id":"https:\/\/instytutpolski.pl\/leipzig\/polen-erleben\/unesco-welterbe-in-polen\/auschwitz\/#breadcrumb"},"inLanguage":"pl-PL","potentialAction":[{"@type":"ReadAction","target":["https:\/\/instytutpolski.pl\/leipzig\/polen-erleben\/unesco-welterbe-in-polen\/auschwitz\/"]}]},{"@type":"ImageObject","inLanguage":"pl-PL","@id":"https:\/\/instytutpolski.pl\/leipzig\/polen-erleben\/unesco-welterbe-in-polen\/auschwitz\/#primaryimage","url":"https:\/\/instytutpolski.pl\/leipzig\/wp-content\/uploads\/sites\/29\/2020\/07\/UNESCO-Auschwitz-Birkenau-Pixabay-e1594281604562.jpg","contentUrl":"https:\/\/instytutpolski.pl\/leipzig\/wp-content\/uploads\/sites\/29\/2020\/07\/UNESCO-Auschwitz-Birkenau-Pixabay-e1594281604562.jpg","width":1920,"height":806},{"@type":"BreadcrumbList","@id":"https:\/\/instytutpolski.pl\/leipzig\/polen-erleben\/unesco-welterbe-in-polen\/auschwitz\/#breadcrumb","itemListElement":[{"@type":"ListItem","position":1,"name":"Home","item":"https:\/\/instytutpolski.pl\/leipzig\/"},{"@type":"ListItem","position":2,"name":"Polen erleben","item":"https:\/\/instytutpolski.pl\/leipzig\/polen-erleben\/"},{"@type":"ListItem","position":3,"name":"UNESCO-Welterbe in Polen","item":"https:\/\/instytutpolski.pl\/leipzig\/polen-erleben\/unesco-welterbe-in-polen\/"},{"@type":"ListItem","position":4,"name":"Auschwitz-Birkenau"}]},{"@type":"WebSite","@id":"https:\/\/instytutpolski.pl\/leipzig\/#website","url":"https:\/\/instytutpolski.pl\/leipzig\/","name":"Instytut Polski w Lipsku","description":"Kolejna witryna sieci &#8222;Instytuty Polskie&#8221;","potentialAction":[{"@type":"SearchAction","target":{"@type":"EntryPoint","urlTemplate":"https:\/\/instytutpolski.pl\/leipzig\/?s={search_term_string}"},"query-input":{"@type":"PropertyValueSpecification","valueRequired":true,"valueName":"search_term_string"}}],"inLanguage":"pl-PL"}]}},"_links":{"self":[{"href":"https:\/\/instytutpolski.pl\/leipzig\/wp-json\/wp\/v2\/pages\/1460","targetHints":{"allow":["GET"]}}],"collection":[{"href":"https:\/\/instytutpolski.pl\/leipzig\/wp-json\/wp\/v2\/pages"}],"about":[{"href":"https:\/\/instytutpolski.pl\/leipzig\/wp-json\/wp\/v2\/types\/page"}],"author":[{"embeddable":true,"href":"https:\/\/instytutpolski.pl\/leipzig\/wp-json\/wp\/v2\/users\/79"}],"replies":[{"embeddable":true,"href":"https:\/\/instytutpolski.pl\/leipzig\/wp-json\/wp\/v2\/comments?post=1460"}],"version-history":[{"count":2,"href":"https:\/\/instytutpolski.pl\/leipzig\/wp-json\/wp\/v2\/pages\/1460\/revisions"}],"predecessor-version":[{"id":1491,"href":"https:\/\/instytutpolski.pl\/leipzig\/wp-json\/wp\/v2\/pages\/1460\/revisions\/1491"}],"up":[{"embeddable":true,"href":"https:\/\/instytutpolski.pl\/leipzig\/wp-json\/wp\/v2\/pages\/932"}],"wp:featuredmedia":[{"embeddable":true,"href":"https:\/\/instytutpolski.pl\/leipzig\/wp-json\/wp\/v2\/media\/1462"}],"wp:attachment":[{"href":"https:\/\/instytutpolski.pl\/leipzig\/wp-json\/wp\/v2\/media?parent=1460"}],"curies":[{"name":"wp","href":"https:\/\/api.w.org\/{rel}","templated":true}]}}