{"id":262,"date":"2019-07-11T10:47:07","date_gmt":"2019-07-11T08:47:07","guid":{"rendered":"https:\/\/instytutpolski.pl\/lipsk\/?page_id=262"},"modified":"2020-07-01T14:17:54","modified_gmt":"2020-07-01T12:17:54","slug":"rodo","status":"publish","type":"page","link":"https:\/\/instytutpolski.pl\/leipzig\/rodo\/","title":{"rendered":"RODO"},"content":{"rendered":"\n<p style=\"font-weight: 400\"><strong>Information \u00fcber die Verarbeitung personenbezogener Daten der Abonnenten des Newsletters des Polnischen Instituts Berlin und seiner Filiale in Leipzig<\/strong><\/p>\n<p style=\"font-weight: 400\">Diese Information dient der Umsetzung der Verpflichtungen gem\u00e4\u00df Artikel 13 der\u00a0Grundverordnung 2016\/679 des Europ\u00e4ischen Parlaments und des Rates vom 27.04.2019 zum Schutz nat\u00fcrlicher Personen bei der Verarbeitung personenbezogener Daten, zum freien Datenverkehr und zur Aufhebung der Richtlinie 95\/46\/EG (DSGVO).<\/p>\n<ol>\n<li style=\"font-weight: 400\">Administrator Ihrer personenbezogenen Daten ist, im Sinne von Artikel 4 Punkt 7 des DSGVO, der Minister f\u00fcr Ausw\u00e4rtige Angelegenheiten der Republik Polen mit Sitz in Polen, Warschau, Al. J. Ch. Szucha 23. Der die Pflichten aus\u00fcbende Administrator ist der Direktor des Polnischen Instituts Berlin und seiner Filiale in Leipzig.<\/li>\n<li style=\"font-weight: 400\">F\u00fcr das Ministerium f\u00fcr Ausw\u00e4rtige Angelegenheiten der Republik Polen und seine Dienststellen im Ausland wurde ein Inspektor f\u00fcr Datenschutz (IOD) berufen.<br \/>IOD-Kontaktdaten:<br \/><span style=\"font-size: inherit\">Adresse: Al. J. Ch. Szucha 23, 00-580 Warszawa <br \/><\/span><span style=\"font-size: inherit\">E-Mail:\u00a0<\/span><a style=\"font-size: inherit\" href=\"mailto:iod@msz.gov.pl\">iod@msz.gov.pl<\/a><\/li>\n<\/ol>\n<ol start=\"3\">\n<li style=\"font-weight: 400\">Die Daten werden verarbeitet auf Grundlage von Artikel 6 Punkt 1 der DSGVO \u2013 mit Zustimmung der Person, welche diese Daten betreffen, um mithilfe von Newslettern Informationen \u00fcber das Programm und die Aktivit\u00e4ten des Polnischen Instituts Berlin und seiner Filiale in Leipzig zu informieren. Die \u00dcbermittlung dieser Daten erfolgt freiwillig, ist aber f\u00fcr den Empfang von Newslettern zwingend notwendig.<\/li>\n<li style=\"font-weight: 400\">Die Daten unterliegen dem Schutz auf der Grundlage der Verordnungen des DSGVO und d\u00fcrfen dritten Personen nicht zug\u00e4nglich gemacht werden, die keine Berechtigung zum Zugang zu diesen Daten haben.<\/li>\n<li style=\"font-weight: 400\">Die Daten werden weder an dritte L\u00e4nder noch an internationale Organisationen weitergegeben.<\/li>\n<li style=\"font-weight: 400\">Zugang zu den Daten haben ausschlie\u00dflich die dazu berechtigten Mitarbeiter des Polnischen Instituts in Berlin und seiner Filiale in Leipzig.<\/li>\n<li style=\"font-weight: 400\">Die Daten werden solange verarbeitet, bis die Person, welche die Daten betreffen, ihre Zustimmung zur weiteren Verarbeitung widerruft. Die Zustimmung kann in jedem Moment durch Nutzung der entsprechenden Widerrufsmechanismen, die in der Fu\u00dfzeile jedes Newsletters enthalten sind, oder durch eine entsprechende Nachricht an die Adresse Burgstra\u00dfe 27, 10179 Berlin, widerrufen werden.<\/li>\n<li style=\"font-weight: 400\">Die Person, welche die Daten betreffen, hat gem\u00e4\u00df Artikel 15 \u2013 20 des DSGVO das Recht darauf, ihre Daten zu \u00fcberpr\u00fcfen, im Speziellen hat sie das Recht auf Zugang zum Inhalt der eigenen Daten und ihre Korrektur, L\u00f6schung oder die Begrenzung ihrer Verarbeitung.<\/li>\n<li style=\"font-weight: 400\">Die Daten werden weder automatisiert verarbeitet noch zur Erstellung von Profilen verwendet.<\/li>\n<li style=\"font-weight: 400\">Im Fall eines Versto\u00dfes gegen die Verordnung zur Verarbeitung Ihrer personenbezogenen Daten haben Sie das Recht, eine Klage beim zust\u00e4ndigen Aufsichtsorgan unter folgender Adresse einzureichen:<br \/><br \/><strong>Urz\u0105d Ochrony Danych Osobowych<\/strong><br \/><strong>ul. Stawki 2<\/strong><br \/><strong>00-193 Warszawa<\/strong><br \/><strong>Polen<\/strong><\/li>\n<\/ol>\n<p>\u00a0<\/p>\n","protected":false},"excerpt":{"rendered":"<p>Information \u00fcber die Verarbeitung personenbezogener Daten der Abonnenten des Newsletters des Polnischen Instituts Berlin und seiner Filiale in Leipzig Diese Information dient der Umsetzung der Verpflichtungen gem\u00e4\u00df Artikel 13 der\u00a0Grundverordnung 2016\/679 des Europ\u00e4ischen Parlaments und des Rates vom 27.04.2019 zum Schutz nat\u00fcrlicher Personen bei der Verarbeitung personenbezogener Daten, zum freien Datenverkehr und zur Aufhebung der [&hellip;]<\/p>\n","protected":false},"author":1,"featured_media":0,"parent":0,"menu_order":0,"comment_status":"closed","ping_status":"closed","template":"","meta":{"inline_featured_image":false,"_monsterinsights_skip_tracking":false,"_monsterinsights_sitenote_active":false,"_monsterinsights_sitenote_note":"","_monsterinsights_sitenote_category":0,"footnotes":""},"class_list":["post-262","page","type-page","status-publish","hentry"],"yoast_head":"<!-- This site is optimized with the Yoast SEO plugin v24.6 - https:\/\/yoast.com\/wordpress\/plugins\/seo\/ -->\n<title>RODO - Instytut Polski w Lipsku<\/title>\n<meta name=\"robots\" content=\"index, follow, max-snippet:-1, max-image-preview:large, max-video-preview:-1\" \/>\n<link rel=\"canonical\" href=\"https:\/\/instytutpolski.pl\/leipzig\/rodo\/\" \/>\n<meta property=\"og:locale\" content=\"pl_PL\" \/>\n<meta property=\"og:type\" content=\"article\" \/>\n<meta property=\"og:title\" content=\"RODO - Instytut Polski w Lipsku\" \/>\n<meta property=\"og:description\" content=\"Information \u00fcber die Verarbeitung personenbezogener Daten der Abonnenten des Newsletters des Polnischen Instituts Berlin und seiner Filiale in Leipzig Diese Information dient der Umsetzung der Verpflichtungen gem\u00e4\u00df Artikel 13 der\u00a0Grundverordnung 2016\/679 des Europ\u00e4ischen Parlaments und des Rates vom 27.04.2019 zum Schutz nat\u00fcrlicher Personen bei der Verarbeitung personenbezogener Daten, zum freien Datenverkehr und zur Aufhebung der [&hellip;]\" \/>\n<meta property=\"og:url\" content=\"https:\/\/instytutpolski.pl\/leipzig\/rodo\/\" \/>\n<meta property=\"og:site_name\" content=\"Instytut Polski w Lipsku\" \/>\n<meta property=\"article:modified_time\" content=\"2020-07-01T12:17:54+00:00\" \/>\n<meta name=\"twitter:card\" content=\"summary_large_image\" \/>\n<meta name=\"twitter:label1\" content=\"Szacowany czas czytania\" \/>\n\t<meta name=\"twitter:data1\" content=\"2 minuty\" \/>\n<script type=\"application\/ld+json\" class=\"yoast-schema-graph\">{\"@context\":\"https:\/\/schema.org\",\"@graph\":[{\"@type\":\"WebPage\",\"@id\":\"https:\/\/instytutpolski.pl\/leipzig\/rodo\/\",\"url\":\"https:\/\/instytutpolski.pl\/leipzig\/rodo\/\",\"name\":\"RODO - Instytut Polski w Lipsku\",\"isPartOf\":{\"@id\":\"https:\/\/instytutpolski.pl\/leipzig\/#website\"},\"datePublished\":\"2019-07-11T08:47:07+00:00\",\"dateModified\":\"2020-07-01T12:17:54+00:00\",\"breadcrumb\":{\"@id\":\"https:\/\/instytutpolski.pl\/leipzig\/rodo\/#breadcrumb\"},\"inLanguage\":\"pl-PL\",\"potentialAction\":[{\"@type\":\"ReadAction\",\"target\":[\"https:\/\/instytutpolski.pl\/leipzig\/rodo\/\"]}]},{\"@type\":\"BreadcrumbList\",\"@id\":\"https:\/\/instytutpolski.pl\/leipzig\/rodo\/#breadcrumb\",\"itemListElement\":[{\"@type\":\"ListItem\",\"position\":1,\"name\":\"Home\",\"item\":\"https:\/\/instytutpolski.pl\/leipzig\/\"},{\"@type\":\"ListItem\",\"position\":2,\"name\":\"RODO\"}]},{\"@type\":\"WebSite\",\"@id\":\"https:\/\/instytutpolski.pl\/leipzig\/#website\",\"url\":\"https:\/\/instytutpolski.pl\/leipzig\/\",\"name\":\"Instytut Polski w Lipsku\",\"description\":\"Kolejna witryna sieci &#8222;Instytuty Polskie&#8221;\",\"potentialAction\":[{\"@type\":\"SearchAction\",\"target\":{\"@type\":\"EntryPoint\",\"urlTemplate\":\"https:\/\/instytutpolski.pl\/leipzig\/?s={search_term_string}\"},\"query-input\":{\"@type\":\"PropertyValueSpecification\",\"valueRequired\":true,\"valueName\":\"search_term_string\"}}],\"inLanguage\":\"pl-PL\"}]}<\/script>\n<!-- \/ Yoast SEO plugin. -->","yoast_head_json":{"title":"RODO - Instytut Polski w Lipsku","robots":{"index":"index","follow":"follow","max-snippet":"max-snippet:-1","max-image-preview":"max-image-preview:large","max-video-preview":"max-video-preview:-1"},"canonical":"https:\/\/instytutpolski.pl\/leipzig\/rodo\/","og_locale":"pl_PL","og_type":"article","og_title":"RODO - Instytut Polski w Lipsku","og_description":"Information \u00fcber die Verarbeitung personenbezogener Daten der Abonnenten des Newsletters des Polnischen Instituts Berlin und seiner Filiale in Leipzig Diese Information dient der Umsetzung der Verpflichtungen gem\u00e4\u00df Artikel 13 der\u00a0Grundverordnung 2016\/679 des Europ\u00e4ischen Parlaments und des Rates vom 27.04.2019 zum Schutz nat\u00fcrlicher Personen bei der Verarbeitung personenbezogener Daten, zum freien Datenverkehr und zur Aufhebung der [&hellip;]","og_url":"https:\/\/instytutpolski.pl\/leipzig\/rodo\/","og_site_name":"Instytut Polski w Lipsku","article_modified_time":"2020-07-01T12:17:54+00:00","twitter_card":"summary_large_image","twitter_misc":{"Szacowany czas czytania":"2 minuty"},"schema":{"@context":"https:\/\/schema.org","@graph":[{"@type":"WebPage","@id":"https:\/\/instytutpolski.pl\/leipzig\/rodo\/","url":"https:\/\/instytutpolski.pl\/leipzig\/rodo\/","name":"RODO - Instytut Polski w Lipsku","isPartOf":{"@id":"https:\/\/instytutpolski.pl\/leipzig\/#website"},"datePublished":"2019-07-11T08:47:07+00:00","dateModified":"2020-07-01T12:17:54+00:00","breadcrumb":{"@id":"https:\/\/instytutpolski.pl\/leipzig\/rodo\/#breadcrumb"},"inLanguage":"pl-PL","potentialAction":[{"@type":"ReadAction","target":["https:\/\/instytutpolski.pl\/leipzig\/rodo\/"]}]},{"@type":"BreadcrumbList","@id":"https:\/\/instytutpolski.pl\/leipzig\/rodo\/#breadcrumb","itemListElement":[{"@type":"ListItem","position":1,"name":"Home","item":"https:\/\/instytutpolski.pl\/leipzig\/"},{"@type":"ListItem","position":2,"name":"RODO"}]},{"@type":"WebSite","@id":"https:\/\/instytutpolski.pl\/leipzig\/#website","url":"https:\/\/instytutpolski.pl\/leipzig\/","name":"Instytut Polski w Lipsku","description":"Kolejna witryna sieci &#8222;Instytuty Polskie&#8221;","potentialAction":[{"@type":"SearchAction","target":{"@type":"EntryPoint","urlTemplate":"https:\/\/instytutpolski.pl\/leipzig\/?s={search_term_string}"},"query-input":{"@type":"PropertyValueSpecification","valueRequired":true,"valueName":"search_term_string"}}],"inLanguage":"pl-PL"}]}},"_links":{"self":[{"href":"https:\/\/instytutpolski.pl\/leipzig\/wp-json\/wp\/v2\/pages\/262","targetHints":{"allow":["GET"]}}],"collection":[{"href":"https:\/\/instytutpolski.pl\/leipzig\/wp-json\/wp\/v2\/pages"}],"about":[{"href":"https:\/\/instytutpolski.pl\/leipzig\/wp-json\/wp\/v2\/types\/page"}],"author":[{"embeddable":true,"href":"https:\/\/instytutpolski.pl\/leipzig\/wp-json\/wp\/v2\/users\/1"}],"replies":[{"embeddable":true,"href":"https:\/\/instytutpolski.pl\/leipzig\/wp-json\/wp\/v2\/comments?post=262"}],"version-history":[{"count":2,"href":"https:\/\/instytutpolski.pl\/leipzig\/wp-json\/wp\/v2\/pages\/262\/revisions"}],"predecessor-version":[{"id":1296,"href":"https:\/\/instytutpolski.pl\/leipzig\/wp-json\/wp\/v2\/pages\/262\/revisions\/1296"}],"wp:attachment":[{"href":"https:\/\/instytutpolski.pl\/leipzig\/wp-json\/wp\/v2\/media?parent=262"}],"curies":[{"name":"wp","href":"https:\/\/api.w.org\/{rel}","templated":true}]}}