{"id":2714,"date":"2020-11-04T11:31:41","date_gmt":"2020-11-04T10:31:41","guid":{"rendered":"https:\/\/instytutpolski.pl\/leipzig\/?page_id=2714"},"modified":"2025-04-14T13:02:11","modified_gmt":"2025-04-14T11:02:11","slug":"poniatowski-vorlesung","status":"publish","type":"page","link":"https:\/\/instytutpolski.pl\/leipzig\/ueber-uns\/poniatowski-vorlesung\/","title":{"rendered":"Poniatowski-Vorlesung"},"content":{"rendered":"\n<p>Im Jahr 2013 etablierte das Polnische Institut Berlin \u2013 Filiale Leipzig zwei neue Vortragsreihen, die jeweils j\u00e4hrlich an wichtigen polnischen Nationalfeiertagen stattfinden.&nbsp; Am 3. Mai, dem polnischen Nationalfeiertag zur Erinnerung an die erste moderne geschriebene Verfassung in Europa vom 3. Mai 1791, erinnert die \u201e<strong>Poniatowski-Vorlesung<\/strong>\u201c an den F\u00fcrsten <a href=\"https:\/\/de.wikipedia.org\/wiki\/J%C3%B3zef_Antoni_Poniatowski\">J\u00f3zef Poniatowski<\/a>, der 1813 bei der V\u00f6lkerschlacht in Leipzig ums Leben kam.<\/p>\n<div id=\"attachment_2721\" style=\"width: 810px\" class=\"wp-caption aligncenter\"><img loading=\"lazy\" decoding=\"async\" aria-describedby=\"caption-attachment-2721\" class=\"wp-image-2721 size-full\" src=\"https:\/\/instytutpolski.pl\/leipzig\/wp-content\/uploads\/sites\/29\/2020\/11\/Poniatowski-Wikipedia-rechtefrei-e1604498735595.jpg\" alt=\"\" width=\"800\" height=\"554\" srcset=\"https:\/\/instytutpolski.pl\/leipzig\/wp-content\/uploads\/sites\/29\/2020\/11\/Poniatowski-Wikipedia-rechtefrei-e1604498735595.jpg 800w, https:\/\/instytutpolski.pl\/leipzig\/wp-content\/uploads\/sites\/29\/2020\/11\/Poniatowski-Wikipedia-rechtefrei-e1604498735595-300x208.jpg 300w, https:\/\/instytutpolski.pl\/leipzig\/wp-content\/uploads\/sites\/29\/2020\/11\/Poniatowski-Wikipedia-rechtefrei-e1604498735595-768x532.jpg 768w\" sizes=\"auto, (max-width: 800px) 100vw, 800px\" \/><p id=\"caption-attachment-2721\" class=\"wp-caption-text\">January Suchodolski: Der Tod F\u00fcrst J\u00f3zef Poniatowskis bei der Leipziger V\u00f6lkerschlacht<\/p><\/div>\n\n\n\n<p>Der Zyklus wurde am 03.05.2013 mit dem Vortrag \u201e<strong>Die erste europ\u00e4ische Verfassung vom 3. Mai 1791. Polnische Traditionen und europ\u00e4ische Bedeutung<\/strong>\u201c des Historikers Prof. Dr. Hans-J\u00fcrgen B\u00f6melburg er\u00f6ffnet. Am 05.05.2014 sprach Prof. Dr. hab. Piotr Madajczyk (Polnische Akademie der Wissenschaften) zum Thema \u201e<strong>Der Erste Weltkrieg auf polnischem Boden und die Erinnerung nach 100 Jahren<\/strong>\u201c. Bei der 3. Poniatowski-Vorlesung am 06.05.2015 erl\u00e4uterte Krzysztof Ruchniewicz (Wroc\u0142aw) das Thema \u201e<strong>1945 \u2013 Der 'bittere Sieg&#8217;. Polen und die Befreiung<\/strong>\u201c. Am 03.05.2016 w\u00e4hlte Robert \u017burek (Wroc\u0142aw) das Thema \u201e<strong>Mein Weg zur Freiheit \u2013 wie Polen die DDR-B\u00fcrgerrechtler inspirierte<\/strong>\u201c. Am 03.05.2017 lautete das Motto \u201e<strong>Tadeusz Ko\u015bciuszko \u2013 Freund der Freiheit<\/strong>\u201c \u2013 Instituts-Mitarbeiter Bernd Karwen stellte ihn vor, anschlie\u00dfend begeisterte das Aga Derlak Trio mit Jazz aus Polen. Thema des Vortrags von Wolfgang Templin am 03.05.2018 war \u201e<strong>Der Kampf um Polen. Die abenteuerliche Gr\u00fcndung der Zweiten Polnischen Republik 1918<\/strong>\u201c. Am 10.05.2019 sprach Dr. Hans-Christian Trepte \u00fcber das Thema \u201e<a href=\"https:\/\/instytutpolski.pl\/leipzig\/2019\/01\/01\/50-jahre-polnisches-institut-in-leipzig\/\"><strong>50 Jahre Polnisches Institut in Leipzig<\/strong><\/a>\u201c. Wegen des Corona-Lockdowns musste die Vorlesung im Jahr 2020 leider ausfallen. Der Zyklus wurde am 03.05.2021 online mit dem Vortrag \u201e<a href=\"https:\/\/instytutpolski.pl\/leipzig\/2020\/05\/03\/die-verfassung-vom-3-mai-1791\/\"><strong>Die Verfassung vom 3. Mai 1791 aus der Sicht von Preu\u00dfen, Sachsen und anderen Deutschen in Polen-Litauen<\/strong><\/a>\u201c von Prof. Dr. Igor K\u0105kolewski fortgesetzt. Die neunte Poniatowski-Vorlesung hielt Wolfgang Templin in Bautzen, wo er am 1. Mai 2022 sein Buch \u201e<strong>Revolution\u00e4r und Staatsgr\u00fcnder. J\u00f3zef Pi\u0142sudski \u2013 eine Biografie<\/strong>\u201c vorstellte. Zur zehnten Poniatowski-Vorlesung am 03.05.2023 sprach Prof. Dr. Andrii Portnov \u00fcber \u201e<strong>Die Geschichte der Ukraine als Verflechtungsgeschichte. Polnische und deutsche Aspekte<\/strong>\u201c. Die elfte Poniatowski-Vorlesung am 06.05.2025 unter dem Titel \u201e<strong><a href=\"https:\/\/instytutpolski.pl\/leipzig\/2023\/05\/06\/11-poniatowski-vorlesung-tadeusz-kosciuszko\/\">Tadeusz Ko\u015bciuszko. Mythos, Film und Fakten<\/a><\/strong>\u201c setzte sich aus einem Vortrag von Prof. Dr. habil. Zdzis\u0142aw Noga und dem Spielfilm \u201e<strong>Kos \/ Scarborn<\/strong>\u201c (R: Pawe\u0142 Ma\u015blona, PL 2023, 119 min, OmdU) zusammen. Die zw\u00f6lfte Poniatowski-Vorlesung am 09.05.2025 hielt Dr. Katarzyna Woniak zum Thema \u201e<strong><a href=\"https:\/\/instytutpolski.pl\/leipzig\/2024\/05\/09\/12-poniatowski-vorlesung-woniak\/\">\u201aJeden Tag muss man durchleiden\u2018. Emotionen in Polen unter deutscher Besatzung<\/a><\/strong>\u201c.<\/p>\n<div id=\"attachment_8908\" style=\"width: 678px\" class=\"wp-caption aligncenter\"><img loading=\"lazy\" decoding=\"async\" aria-describedby=\"caption-attachment-8908\" class=\"wp-image-8908 size-full\" src=\"https:\/\/instytutpolski.pl\/leipzig\/wp-content\/uploads\/sites\/29\/2022\/05\/Poniatowski-Denkmal-10_web.jpg\" alt=\"\" width=\"668\" height=\"1000\" srcset=\"https:\/\/instytutpolski.pl\/leipzig\/wp-content\/uploads\/sites\/29\/2022\/05\/Poniatowski-Denkmal-10_web.jpg 668w, https:\/\/instytutpolski.pl\/leipzig\/wp-content\/uploads\/sites\/29\/2022\/05\/Poniatowski-Denkmal-10_web-200x300.jpg 200w\" sizes=\"auto, (max-width: 668px) 100vw, 668px\" \/><p id=\"caption-attachment-8908\" class=\"wp-caption-text\">Relief auf dem Leipziger Poniatowski-Denkmal (derzeit im Umbau)<\/p><\/div>\n<p>\u00a0<\/p>\n","protected":false},"excerpt":{"rendered":"<p>Im Jahr 2013 etablierte das Polnische Institut Berlin \u2013 Filiale Leipzig zwei neue Vortragsreihen, die jeweils j\u00e4hrlich an wichtigen polnischen Nationalfeiertagen stattfinden.&nbsp; Am 3. Mai, dem polnischen Nationalfeiertag zur Erinnerung an die erste moderne geschriebene Verfassung in Europa vom 3. Mai 1791, erinnert die \u201ePoniatowski-Vorlesung\u201c an den F\u00fcrsten J\u00f3zef Poniatowski, der 1813 bei der V\u00f6lkerschlacht [&hellip;]<\/p>\n","protected":false},"author":79,"featured_media":3503,"parent":138,"menu_order":0,"comment_status":"closed","ping_status":"closed","template":"","meta":{"inline_featured_image":false,"_monsterinsights_skip_tracking":false,"_monsterinsights_sitenote_active":false,"_monsterinsights_sitenote_note":"","_monsterinsights_sitenote_category":0,"footnotes":""},"class_list":["post-2714","page","type-page","status-publish","has-post-thumbnail","hentry"],"yoast_head":"<!-- This site is optimized with the Yoast SEO plugin v24.6 - https:\/\/yoast.com\/wordpress\/plugins\/seo\/ -->\n<title>Poniatowski-Vorlesung - Instytut Polski w Lipsku<\/title>\n<meta name=\"robots\" content=\"index, follow, max-snippet:-1, max-image-preview:large, max-video-preview:-1\" \/>\n<link rel=\"canonical\" href=\"https:\/\/instytutpolski.pl\/leipzig\/ueber-uns\/poniatowski-vorlesung\/\" \/>\n<meta property=\"og:locale\" content=\"pl_PL\" \/>\n<meta property=\"og:type\" content=\"article\" \/>\n<meta property=\"og:title\" content=\"Poniatowski-Vorlesung - Instytut Polski w Lipsku\" \/>\n<meta property=\"og:description\" content=\"Im Jahr 2013 etablierte das Polnische Institut Berlin \u2013 Filiale Leipzig zwei neue Vortragsreihen, die jeweils j\u00e4hrlich an wichtigen polnischen Nationalfeiertagen stattfinden.&nbsp; Am 3. Mai, dem polnischen Nationalfeiertag zur Erinnerung an die erste moderne geschriebene Verfassung in Europa vom 3. Mai 1791, erinnert die \u201ePoniatowski-Vorlesung\u201c an den F\u00fcrsten J\u00f3zef Poniatowski, der 1813 bei der V\u00f6lkerschlacht [&hellip;]\" \/>\n<meta property=\"og:url\" content=\"https:\/\/instytutpolski.pl\/leipzig\/ueber-uns\/poniatowski-vorlesung\/\" \/>\n<meta property=\"og:site_name\" content=\"Instytut Polski w Lipsku\" \/>\n<meta property=\"article:modified_time\" content=\"2025-04-14T11:02:11+00:00\" \/>\n<meta property=\"og:image\" content=\"https:\/\/instytutpolski.pl\/leipzig\/wp-content\/uploads\/sites\/29\/2021\/04\/Poniatowski-Schrift-Apelstein-33_cut.jpg\" \/>\n\t<meta property=\"og:image:width\" content=\"2000\" \/>\n\t<meta property=\"og:image:height\" content=\"888\" \/>\n\t<meta property=\"og:image:type\" content=\"image\/jpeg\" \/>\n<meta name=\"twitter:card\" content=\"summary_large_image\" \/>\n<meta name=\"twitter:label1\" content=\"Szacowany czas czytania\" \/>\n\t<meta name=\"twitter:data1\" content=\"3 minuty\" \/>\n<script type=\"application\/ld+json\" class=\"yoast-schema-graph\">{\"@context\":\"https:\/\/schema.org\",\"@graph\":[{\"@type\":\"WebPage\",\"@id\":\"https:\/\/instytutpolski.pl\/leipzig\/ueber-uns\/poniatowski-vorlesung\/\",\"url\":\"https:\/\/instytutpolski.pl\/leipzig\/ueber-uns\/poniatowski-vorlesung\/\",\"name\":\"Poniatowski-Vorlesung - Instytut Polski w Lipsku\",\"isPartOf\":{\"@id\":\"https:\/\/instytutpolski.pl\/leipzig\/#website\"},\"primaryImageOfPage\":{\"@id\":\"https:\/\/instytutpolski.pl\/leipzig\/ueber-uns\/poniatowski-vorlesung\/#primaryimage\"},\"image\":{\"@id\":\"https:\/\/instytutpolski.pl\/leipzig\/ueber-uns\/poniatowski-vorlesung\/#primaryimage\"},\"thumbnailUrl\":\"https:\/\/instytutpolski.pl\/leipzig\/wp-content\/uploads\/sites\/29\/2021\/04\/Poniatowski-Schrift-Apelstein-33_cut.jpg\",\"datePublished\":\"2020-11-04T10:31:41+00:00\",\"dateModified\":\"2025-04-14T11:02:11+00:00\",\"breadcrumb\":{\"@id\":\"https:\/\/instytutpolski.pl\/leipzig\/ueber-uns\/poniatowski-vorlesung\/#breadcrumb\"},\"inLanguage\":\"pl-PL\",\"potentialAction\":[{\"@type\":\"ReadAction\",\"target\":[\"https:\/\/instytutpolski.pl\/leipzig\/ueber-uns\/poniatowski-vorlesung\/\"]}]},{\"@type\":\"ImageObject\",\"inLanguage\":\"pl-PL\",\"@id\":\"https:\/\/instytutpolski.pl\/leipzig\/ueber-uns\/poniatowski-vorlesung\/#primaryimage\",\"url\":\"https:\/\/instytutpolski.pl\/leipzig\/wp-content\/uploads\/sites\/29\/2021\/04\/Poniatowski-Schrift-Apelstein-33_cut.jpg\",\"contentUrl\":\"https:\/\/instytutpolski.pl\/leipzig\/wp-content\/uploads\/sites\/29\/2021\/04\/Poniatowski-Schrift-Apelstein-33_cut.jpg\",\"width\":2000,\"height\":888},{\"@type\":\"BreadcrumbList\",\"@id\":\"https:\/\/instytutpolski.pl\/leipzig\/ueber-uns\/poniatowski-vorlesung\/#breadcrumb\",\"itemListElement\":[{\"@type\":\"ListItem\",\"position\":1,\"name\":\"Home\",\"item\":\"https:\/\/instytutpolski.pl\/leipzig\/\"},{\"@type\":\"ListItem\",\"position\":2,\"name\":\"\u00dcber uns\",\"item\":\"https:\/\/instytutpolski.pl\/leipzig\/ueber-uns\/\"},{\"@type\":\"ListItem\",\"position\":3,\"name\":\"Poniatowski-Vorlesung\"}]},{\"@type\":\"WebSite\",\"@id\":\"https:\/\/instytutpolski.pl\/leipzig\/#website\",\"url\":\"https:\/\/instytutpolski.pl\/leipzig\/\",\"name\":\"Instytut Polski w Lipsku\",\"description\":\"Kolejna witryna sieci &#8222;Instytuty Polskie&#8221;\",\"potentialAction\":[{\"@type\":\"SearchAction\",\"target\":{\"@type\":\"EntryPoint\",\"urlTemplate\":\"https:\/\/instytutpolski.pl\/leipzig\/?s={search_term_string}\"},\"query-input\":{\"@type\":\"PropertyValueSpecification\",\"valueRequired\":true,\"valueName\":\"search_term_string\"}}],\"inLanguage\":\"pl-PL\"}]}<\/script>\n<!-- \/ Yoast SEO plugin. -->","yoast_head_json":{"title":"Poniatowski-Vorlesung - Instytut Polski w Lipsku","robots":{"index":"index","follow":"follow","max-snippet":"max-snippet:-1","max-image-preview":"max-image-preview:large","max-video-preview":"max-video-preview:-1"},"canonical":"https:\/\/instytutpolski.pl\/leipzig\/ueber-uns\/poniatowski-vorlesung\/","og_locale":"pl_PL","og_type":"article","og_title":"Poniatowski-Vorlesung - Instytut Polski w Lipsku","og_description":"Im Jahr 2013 etablierte das Polnische Institut Berlin \u2013 Filiale Leipzig zwei neue Vortragsreihen, die jeweils j\u00e4hrlich an wichtigen polnischen Nationalfeiertagen stattfinden.&nbsp; Am 3. Mai, dem polnischen Nationalfeiertag zur Erinnerung an die erste moderne geschriebene Verfassung in Europa vom 3. Mai 1791, erinnert die \u201ePoniatowski-Vorlesung\u201c an den F\u00fcrsten J\u00f3zef Poniatowski, der 1813 bei der V\u00f6lkerschlacht [&hellip;]","og_url":"https:\/\/instytutpolski.pl\/leipzig\/ueber-uns\/poniatowski-vorlesung\/","og_site_name":"Instytut Polski w Lipsku","article_modified_time":"2025-04-14T11:02:11+00:00","og_image":[{"width":2000,"height":888,"url":"https:\/\/instytutpolski.pl\/leipzig\/wp-content\/uploads\/sites\/29\/2021\/04\/Poniatowski-Schrift-Apelstein-33_cut.jpg","type":"image\/jpeg"}],"twitter_card":"summary_large_image","twitter_misc":{"Szacowany czas czytania":"3 minuty"},"schema":{"@context":"https:\/\/schema.org","@graph":[{"@type":"WebPage","@id":"https:\/\/instytutpolski.pl\/leipzig\/ueber-uns\/poniatowski-vorlesung\/","url":"https:\/\/instytutpolski.pl\/leipzig\/ueber-uns\/poniatowski-vorlesung\/","name":"Poniatowski-Vorlesung - Instytut Polski w Lipsku","isPartOf":{"@id":"https:\/\/instytutpolski.pl\/leipzig\/#website"},"primaryImageOfPage":{"@id":"https:\/\/instytutpolski.pl\/leipzig\/ueber-uns\/poniatowski-vorlesung\/#primaryimage"},"image":{"@id":"https:\/\/instytutpolski.pl\/leipzig\/ueber-uns\/poniatowski-vorlesung\/#primaryimage"},"thumbnailUrl":"https:\/\/instytutpolski.pl\/leipzig\/wp-content\/uploads\/sites\/29\/2021\/04\/Poniatowski-Schrift-Apelstein-33_cut.jpg","datePublished":"2020-11-04T10:31:41+00:00","dateModified":"2025-04-14T11:02:11+00:00","breadcrumb":{"@id":"https:\/\/instytutpolski.pl\/leipzig\/ueber-uns\/poniatowski-vorlesung\/#breadcrumb"},"inLanguage":"pl-PL","potentialAction":[{"@type":"ReadAction","target":["https:\/\/instytutpolski.pl\/leipzig\/ueber-uns\/poniatowski-vorlesung\/"]}]},{"@type":"ImageObject","inLanguage":"pl-PL","@id":"https:\/\/instytutpolski.pl\/leipzig\/ueber-uns\/poniatowski-vorlesung\/#primaryimage","url":"https:\/\/instytutpolski.pl\/leipzig\/wp-content\/uploads\/sites\/29\/2021\/04\/Poniatowski-Schrift-Apelstein-33_cut.jpg","contentUrl":"https:\/\/instytutpolski.pl\/leipzig\/wp-content\/uploads\/sites\/29\/2021\/04\/Poniatowski-Schrift-Apelstein-33_cut.jpg","width":2000,"height":888},{"@type":"BreadcrumbList","@id":"https:\/\/instytutpolski.pl\/leipzig\/ueber-uns\/poniatowski-vorlesung\/#breadcrumb","itemListElement":[{"@type":"ListItem","position":1,"name":"Home","item":"https:\/\/instytutpolski.pl\/leipzig\/"},{"@type":"ListItem","position":2,"name":"\u00dcber uns","item":"https:\/\/instytutpolski.pl\/leipzig\/ueber-uns\/"},{"@type":"ListItem","position":3,"name":"Poniatowski-Vorlesung"}]},{"@type":"WebSite","@id":"https:\/\/instytutpolski.pl\/leipzig\/#website","url":"https:\/\/instytutpolski.pl\/leipzig\/","name":"Instytut Polski w Lipsku","description":"Kolejna witryna sieci &#8222;Instytuty Polskie&#8221;","potentialAction":[{"@type":"SearchAction","target":{"@type":"EntryPoint","urlTemplate":"https:\/\/instytutpolski.pl\/leipzig\/?s={search_term_string}"},"query-input":{"@type":"PropertyValueSpecification","valueRequired":true,"valueName":"search_term_string"}}],"inLanguage":"pl-PL"}]}},"_links":{"self":[{"href":"https:\/\/instytutpolski.pl\/leipzig\/wp-json\/wp\/v2\/pages\/2714","targetHints":{"allow":["GET"]}}],"collection":[{"href":"https:\/\/instytutpolski.pl\/leipzig\/wp-json\/wp\/v2\/pages"}],"about":[{"href":"https:\/\/instytutpolski.pl\/leipzig\/wp-json\/wp\/v2\/types\/page"}],"author":[{"embeddable":true,"href":"https:\/\/instytutpolski.pl\/leipzig\/wp-json\/wp\/v2\/users\/79"}],"replies":[{"embeddable":true,"href":"https:\/\/instytutpolski.pl\/leipzig\/wp-json\/wp\/v2\/comments?post=2714"}],"version-history":[{"count":21,"href":"https:\/\/instytutpolski.pl\/leipzig\/wp-json\/wp\/v2\/pages\/2714\/revisions"}],"predecessor-version":[{"id":14825,"href":"https:\/\/instytutpolski.pl\/leipzig\/wp-json\/wp\/v2\/pages\/2714\/revisions\/14825"}],"up":[{"embeddable":true,"href":"https:\/\/instytutpolski.pl\/leipzig\/wp-json\/wp\/v2\/pages\/138"}],"wp:featuredmedia":[{"embeddable":true,"href":"https:\/\/instytutpolski.pl\/leipzig\/wp-json\/wp\/v2\/media\/3503"}],"wp:attachment":[{"href":"https:\/\/instytutpolski.pl\/leipzig\/wp-json\/wp\/v2\/media?parent=2714"}],"curies":[{"name":"wp","href":"https:\/\/api.w.org\/{rel}","templated":true}]}}