{"id":2807,"date":"2020-11-23T12:08:23","date_gmt":"2020-11-23T11:08:23","guid":{"rendered":"https:\/\/instytutpolski.pl\/leipzig\/?page_id=2807"},"modified":"2023-01-30T12:05:11","modified_gmt":"2023-01-30T11:05:11","slug":"penderecki-baum-2020","status":"publish","type":"page","link":"https:\/\/instytutpolski.pl\/leipzig\/ueber-uns\/gedenkorte\/penderecki-baum-2020\/","title":{"rendered":"Penderecki-Baum (2020)"},"content":{"rendered":"\n<p>Im November 2020 wurde auf dem Leipziger Augustusplatz zwischen Gewandhaus und Oper eine Kaiser-Linde dem polnischen Komponisten <a href=\"https:\/\/de.wikipedia.org\/wiki\/Krzysztof_Penderecki\"><strong>Krzysztof Penderecki<\/strong><\/a> (1933\u20132020) gewidmet.<\/p>\n<p><img loading=\"lazy\" decoding=\"async\" class=\"aligncenter wp-image-2815 size-large\" src=\"https:\/\/instytutpolski.pl\/leipzig\/wp-content\/uploads\/sites\/29\/2020\/11\/2020-11-15-MUSIK-Penderecki-Blumen_web-1024x686.jpg\" alt=\"\" width=\"1024\" height=\"686\" srcset=\"https:\/\/instytutpolski.pl\/leipzig\/wp-content\/uploads\/sites\/29\/2020\/11\/2020-11-15-MUSIK-Penderecki-Blumen_web-1024x686.jpg 1024w, https:\/\/instytutpolski.pl\/leipzig\/wp-content\/uploads\/sites\/29\/2020\/11\/2020-11-15-MUSIK-Penderecki-Blumen_web-300x201.jpg 300w, https:\/\/instytutpolski.pl\/leipzig\/wp-content\/uploads\/sites\/29\/2020\/11\/2020-11-15-MUSIK-Penderecki-Blumen_web-768x514.jpg 768w, https:\/\/instytutpolski.pl\/leipzig\/wp-content\/uploads\/sites\/29\/2020\/11\/2020-11-15-MUSIK-Penderecki-Blumen_web-1536x1028.jpg 1536w, https:\/\/instytutpolski.pl\/leipzig\/wp-content\/uploads\/sites\/29\/2020\/11\/2020-11-15-MUSIK-Penderecki-Blumen_web.jpg 2000w\" sizes=\"auto, (max-width: 1024px) 100vw, 1024px\" \/><\/p>\n<p>Der weltbekannte Komponist Krzysztof Penderecki war vielfach in Leipzig zu Gast, dirigierte das Gewandhausorchester, mehrfach den MDR-Chor mit MDR-Orchester, schrieb f\u00fcr den Thomanerchor ein Werk zum 800-J\u00e4hrigen Jubil\u00e4um und war zu Gast im Polnischen Institut.<\/p>\n<p><img loading=\"lazy\" decoding=\"async\" class=\"aligncenter wp-image-2808 size-large\" src=\"https:\/\/instytutpolski.pl\/leipzig\/wp-content\/uploads\/sites\/29\/2020\/11\/2020-11-15-MUSIK-Penderecki-Baum_web-754x1024.jpg\" alt=\"\" width=\"754\" height=\"1024\" srcset=\"https:\/\/instytutpolski.pl\/leipzig\/wp-content\/uploads\/sites\/29\/2020\/11\/2020-11-15-MUSIK-Penderecki-Baum_web-754x1024.jpg 754w, https:\/\/instytutpolski.pl\/leipzig\/wp-content\/uploads\/sites\/29\/2020\/11\/2020-11-15-MUSIK-Penderecki-Baum_web-221x300.jpg 221w, https:\/\/instytutpolski.pl\/leipzig\/wp-content\/uploads\/sites\/29\/2020\/11\/2020-11-15-MUSIK-Penderecki-Baum_web-768x1043.jpg 768w, https:\/\/instytutpolski.pl\/leipzig\/wp-content\/uploads\/sites\/29\/2020\/11\/2020-11-15-MUSIK-Penderecki-Baum_web-1131x1536.jpg 1131w, https:\/\/instytutpolski.pl\/leipzig\/wp-content\/uploads\/sites\/29\/2020\/11\/2020-11-15-MUSIK-Penderecki-Baum_web.jpg 1473w\" sizes=\"auto, (max-width: 754px) 100vw, 754px\" \/><\/p>\n<p>Penderecki war ein Br\u00fcckenbauer zwischen Deutschen und Polen. <a href=\"https:\/\/de.wikipedia.org\/wiki\/Anne-Sophie_Mutter\">Anne-Sophie Mutter<\/a> widmete er sein Zweites Violinkonzert, das sie 1995 mit dem MDR-Sinfonieorchester im Gewandhaus unter Maris Janssons urauff\u00fchrte. Die Geigerin f\u00fchlte eine Seelenverwandtschaft mit dem Komponisten. Gerne<span lang=\"DE\"> folgte sie der Einladung des Polnischen Instituts, an der Baumwidmung teilzunehmen.<\/span><\/p>\n<p><a href=\"https:\/\/www.youtube.com\/watch?v=CfwS2O-7XGk&#038;list=PLhAle3txmGjB-GwHkymtQqpQEDEakn1Z1&#038;index=7&#038;t=0s\">https:\/\/www.youtube.com\/watch?v=CfwS2O-7XGk&amp;list=PLhAle3txmGjB-GwHkymtQqpQEDEakn1Z1&amp;index=7&amp;t=0s<\/a><\/p>\n<p>Der weltber\u00fchmte Pole hat auf seinem Landgut in <a href=\"http:\/\/luslawice.pl\/\">Lus\u0142awice<\/a> (S\u00fcdpolen) selbst ein Arboretum gepflanzt. Pendereckis Parkanlage bezeugt seine gro\u00dfe Liebe zu B\u00e4umen in ihrer vielf\u00e4ltigen Sch\u00f6nheit. Nun bleibt Penderecki der baumstarken Musikstadt durch die Musik und diesen Baum verbunden.<\/p>\n<p><a href=\"https:\/\/www.youtube.com\/watch?v=MHglAV7cJp8\">https:\/\/www.youtube.com\/watch?v=MHglAV7cJp8<\/a><\/p>\n<p>In Leipzig entstand auch der Film \u201e<a href=\"https:\/\/www.schmidt-film.com\/wege-durchs-labyrinth-der-komponist-krzysztof-penderecki.html?language=de\">Wege durchs Labyrinth. Der Komponist Krzysztof Penderecki<\/a>\u201c, in dem Regisseurin Anna Schmidt den genialen Polen portraitiert.<\/p>\n<p>https:\/\/www.youtube.com\/watch?v=BPR8cGjET8c<\/p>\n<p><strong>Ort:<\/strong> Augustusplatz, Ostseite, gegen\u00fcber der Alten Hauptpost<br \/><strong>Widmungs-Datum:<\/strong> November 2020<br \/><strong>Inschrift:<\/strong> Krzysztof Penderecki \/ 1933 &#8211; 3030 \/ Polnischer Komponist \/ und Dirigent \/ Polnisches Institut Berlin \/ mit Filiale in Leipzig<\/p>\n<p><img loading=\"lazy\" decoding=\"async\" class=\"aligncenter wp-image-2810 size-full\" src=\"https:\/\/instytutpolski.pl\/leipzig\/wp-content\/uploads\/sites\/29\/2020\/11\/2020-11-15-MUSIK-Penderecki-Plakette_web.jpg\" alt=\"\" width=\"2000\" height=\"1339\" srcset=\"https:\/\/instytutpolski.pl\/leipzig\/wp-content\/uploads\/sites\/29\/2020\/11\/2020-11-15-MUSIK-Penderecki-Plakette_web.jpg 2000w, https:\/\/instytutpolski.pl\/leipzig\/wp-content\/uploads\/sites\/29\/2020\/11\/2020-11-15-MUSIK-Penderecki-Plakette_web-300x201.jpg 300w, https:\/\/instytutpolski.pl\/leipzig\/wp-content\/uploads\/sites\/29\/2020\/11\/2020-11-15-MUSIK-Penderecki-Plakette_web-1024x686.jpg 1024w, https:\/\/instytutpolski.pl\/leipzig\/wp-content\/uploads\/sites\/29\/2020\/11\/2020-11-15-MUSIK-Penderecki-Plakette_web-768x514.jpg 768w, https:\/\/instytutpolski.pl\/leipzig\/wp-content\/uploads\/sites\/29\/2020\/11\/2020-11-15-MUSIK-Penderecki-Plakette_web-1536x1028.jpg 1536w\" sizes=\"auto, (max-width: 2000px) 100vw, 2000px\" \/><\/p>\n<p>\u00a0<\/p>\n<p><strong>Weitere Gedenkorte in Leipzig:<\/strong><\/p>\n<ul style=\"list-style-type: circle\">\n<li><a href=\"https:\/\/instytutpolski.pl\/leipzig\/uber-uns\/gedenkorte\/jan-karski-baum\/\">Jan-Karski-Gedenkbaum<\/a><\/li>\n<li><a href=\"https:\/\/instytutpolski.pl\/leipzig\/uber-uns\/gedenkorte\/solidarnosc-gedenktafel\/\">Solidarno\u015b\u0107-Gedenktafel<\/a><\/li>\n<li><a href=\"https:\/\/instytutpolski.pl\/leipzig\/uber-uns\/gedenkorte\/raczynski-baum\/\">Edward-Raczy\u0144ski-Gedenkbaum<\/a><\/li>\n<\/ul>\n\n\n\n<p><\/p>\n\n\n\n<p><img loading=\"lazy\" decoding=\"async\" class=\"aligncenter wp-image-2927 size-full\" src=\"https:\/\/instytutpolski.pl\/leipzig\/wp-content\/uploads\/sites\/29\/2020\/12\/Penderecki-Baum-Zertifikat-scaled.jpg\" alt=\"\" width=\"1621\" height=\"2560\" srcset=\"https:\/\/instytutpolski.pl\/leipzig\/wp-content\/uploads\/sites\/29\/2020\/12\/Penderecki-Baum-Zertifikat-scaled.jpg 1621w, https:\/\/instytutpolski.pl\/leipzig\/wp-content\/uploads\/sites\/29\/2020\/12\/Penderecki-Baum-Zertifikat-190x300.jpg 190w, https:\/\/instytutpolski.pl\/leipzig\/wp-content\/uploads\/sites\/29\/2020\/12\/Penderecki-Baum-Zertifikat-648x1024.jpg 648w, https:\/\/instytutpolski.pl\/leipzig\/wp-content\/uploads\/sites\/29\/2020\/12\/Penderecki-Baum-Zertifikat-768x1213.jpg 768w, https:\/\/instytutpolski.pl\/leipzig\/wp-content\/uploads\/sites\/29\/2020\/12\/Penderecki-Baum-Zertifikat-972x1536.jpg 972w, https:\/\/instytutpolski.pl\/leipzig\/wp-content\/uploads\/sites\/29\/2020\/12\/Penderecki-Baum-Zertifikat-1297x2048.jpg 1297w\" sizes=\"auto, (max-width: 1621px) 100vw, 1621px\" \/><\/p>\n","protected":false},"excerpt":{"rendered":"<p>Im November 2020 wurde auf dem Leipziger Augustusplatz zwischen Gewandhaus und Oper eine Kaiser-Linde dem polnischen Komponisten Krzysztof Penderecki (1933\u20132020) gewidmet. Der weltbekannte Komponist Krzysztof Penderecki war vielfach in Leipzig zu Gast, dirigierte das Gewandhausorchester, mehrfach den MDR-Chor mit MDR-Orchester, schrieb f\u00fcr den Thomanerchor ein Werk zum 800-J\u00e4hrigen Jubil\u00e4um und war zu Gast im Polnischen [&hellip;]<\/p>\n","protected":false},"author":79,"featured_media":2832,"parent":2818,"menu_order":0,"comment_status":"closed","ping_status":"closed","template":"","meta":{"inline_featured_image":false,"_monsterinsights_skip_tracking":false,"_monsterinsights_sitenote_active":false,"_monsterinsights_sitenote_note":"","_monsterinsights_sitenote_category":0,"footnotes":""},"class_list":["post-2807","page","type-page","status-publish","has-post-thumbnail","hentry"],"yoast_head":"<!-- This site is optimized with the Yoast SEO plugin v24.6 - https:\/\/yoast.com\/wordpress\/plugins\/seo\/ -->\n<title>Penderecki-Baum (2020) - Instytut Polski w Lipsku<\/title>\n<meta name=\"robots\" content=\"index, follow, max-snippet:-1, max-image-preview:large, max-video-preview:-1\" \/>\n<link rel=\"canonical\" href=\"https:\/\/instytutpolski.pl\/leipzig\/ueber-uns\/gedenkorte\/penderecki-baum-2020\/\" \/>\n<meta property=\"og:locale\" content=\"pl_PL\" \/>\n<meta property=\"og:type\" content=\"article\" \/>\n<meta property=\"og:title\" content=\"Penderecki-Baum (2020) - Instytut Polski w Lipsku\" \/>\n<meta property=\"og:description\" content=\"Im November 2020 wurde auf dem Leipziger Augustusplatz zwischen Gewandhaus und Oper eine Kaiser-Linde dem polnischen Komponisten Krzysztof Penderecki (1933\u20132020) gewidmet. Der weltbekannte Komponist Krzysztof Penderecki war vielfach in Leipzig zu Gast, dirigierte das Gewandhausorchester, mehrfach den MDR-Chor mit MDR-Orchester, schrieb f\u00fcr den Thomanerchor ein Werk zum 800-J\u00e4hrigen Jubil\u00e4um und war zu Gast im Polnischen [&hellip;]\" \/>\n<meta property=\"og:url\" content=\"https:\/\/instytutpolski.pl\/leipzig\/ueber-uns\/gedenkorte\/penderecki-baum-2020\/\" \/>\n<meta property=\"og:site_name\" content=\"Instytut Polski w Lipsku\" \/>\n<meta property=\"article:modified_time\" content=\"2023-01-30T11:05:11+00:00\" \/>\n<meta property=\"og:image\" content=\"https:\/\/instytutpolski.pl\/leipzig\/wp-content\/uploads\/sites\/29\/2020\/11\/2020-11-15-MUSIK-Penderecki-Mutter_web-1-e1606134705243.jpg\" \/>\n\t<meta property=\"og:image:width\" content=\"1381\" \/>\n\t<meta property=\"og:image:height\" content=\"606\" \/>\n\t<meta property=\"og:image:type\" content=\"image\/jpeg\" \/>\n<meta name=\"twitter:card\" content=\"summary_large_image\" \/>\n<meta name=\"twitter:label1\" content=\"Szacowany czas czytania\" \/>\n\t<meta name=\"twitter:data1\" content=\"3 minuty\" \/>\n<script type=\"application\/ld+json\" class=\"yoast-schema-graph\">{\"@context\":\"https:\/\/schema.org\",\"@graph\":[{\"@type\":\"WebPage\",\"@id\":\"https:\/\/instytutpolski.pl\/leipzig\/ueber-uns\/gedenkorte\/penderecki-baum-2020\/\",\"url\":\"https:\/\/instytutpolski.pl\/leipzig\/ueber-uns\/gedenkorte\/penderecki-baum-2020\/\",\"name\":\"Penderecki-Baum (2020) - Instytut Polski w Lipsku\",\"isPartOf\":{\"@id\":\"https:\/\/instytutpolski.pl\/leipzig\/#website\"},\"primaryImageOfPage\":{\"@id\":\"https:\/\/instytutpolski.pl\/leipzig\/ueber-uns\/gedenkorte\/penderecki-baum-2020\/#primaryimage\"},\"image\":{\"@id\":\"https:\/\/instytutpolski.pl\/leipzig\/ueber-uns\/gedenkorte\/penderecki-baum-2020\/#primaryimage\"},\"thumbnailUrl\":\"https:\/\/instytutpolski.pl\/leipzig\/wp-content\/uploads\/sites\/29\/2020\/11\/2020-11-15-MUSIK-Penderecki-Mutter_web-1-e1606134705243.jpg\",\"datePublished\":\"2020-11-23T11:08:23+00:00\",\"dateModified\":\"2023-01-30T11:05:11+00:00\",\"breadcrumb\":{\"@id\":\"https:\/\/instytutpolski.pl\/leipzig\/ueber-uns\/gedenkorte\/penderecki-baum-2020\/#breadcrumb\"},\"inLanguage\":\"pl-PL\",\"potentialAction\":[{\"@type\":\"ReadAction\",\"target\":[\"https:\/\/instytutpolski.pl\/leipzig\/ueber-uns\/gedenkorte\/penderecki-baum-2020\/\"]}]},{\"@type\":\"ImageObject\",\"inLanguage\":\"pl-PL\",\"@id\":\"https:\/\/instytutpolski.pl\/leipzig\/ueber-uns\/gedenkorte\/penderecki-baum-2020\/#primaryimage\",\"url\":\"https:\/\/instytutpolski.pl\/leipzig\/wp-content\/uploads\/sites\/29\/2020\/11\/2020-11-15-MUSIK-Penderecki-Mutter_web-1-e1606134705243.jpg\",\"contentUrl\":\"https:\/\/instytutpolski.pl\/leipzig\/wp-content\/uploads\/sites\/29\/2020\/11\/2020-11-15-MUSIK-Penderecki-Mutter_web-1-e1606134705243.jpg\",\"width\":1381,\"height\":606},{\"@type\":\"BreadcrumbList\",\"@id\":\"https:\/\/instytutpolski.pl\/leipzig\/ueber-uns\/gedenkorte\/penderecki-baum-2020\/#breadcrumb\",\"itemListElement\":[{\"@type\":\"ListItem\",\"position\":1,\"name\":\"Home\",\"item\":\"https:\/\/instytutpolski.pl\/leipzig\/\"},{\"@type\":\"ListItem\",\"position\":2,\"name\":\"\u00dcber uns\",\"item\":\"https:\/\/instytutpolski.pl\/leipzig\/ueber-uns\/\"},{\"@type\":\"ListItem\",\"position\":3,\"name\":\"Gedenkorte\",\"item\":\"https:\/\/instytutpolski.pl\/leipzig\/ueber-uns\/gedenkorte\/\"},{\"@type\":\"ListItem\",\"position\":4,\"name\":\"Penderecki-Baum (2020)\"}]},{\"@type\":\"WebSite\",\"@id\":\"https:\/\/instytutpolski.pl\/leipzig\/#website\",\"url\":\"https:\/\/instytutpolski.pl\/leipzig\/\",\"name\":\"Instytut Polski w Lipsku\",\"description\":\"Kolejna witryna sieci &#8222;Instytuty Polskie&#8221;\",\"potentialAction\":[{\"@type\":\"SearchAction\",\"target\":{\"@type\":\"EntryPoint\",\"urlTemplate\":\"https:\/\/instytutpolski.pl\/leipzig\/?s={search_term_string}\"},\"query-input\":{\"@type\":\"PropertyValueSpecification\",\"valueRequired\":true,\"valueName\":\"search_term_string\"}}],\"inLanguage\":\"pl-PL\"}]}<\/script>\n<!-- \/ Yoast SEO plugin. -->","yoast_head_json":{"title":"Penderecki-Baum (2020) - Instytut Polski w Lipsku","robots":{"index":"index","follow":"follow","max-snippet":"max-snippet:-1","max-image-preview":"max-image-preview:large","max-video-preview":"max-video-preview:-1"},"canonical":"https:\/\/instytutpolski.pl\/leipzig\/ueber-uns\/gedenkorte\/penderecki-baum-2020\/","og_locale":"pl_PL","og_type":"article","og_title":"Penderecki-Baum (2020) - Instytut Polski w Lipsku","og_description":"Im November 2020 wurde auf dem Leipziger Augustusplatz zwischen Gewandhaus und Oper eine Kaiser-Linde dem polnischen Komponisten Krzysztof Penderecki (1933\u20132020) gewidmet. Der weltbekannte Komponist Krzysztof Penderecki war vielfach in Leipzig zu Gast, dirigierte das Gewandhausorchester, mehrfach den MDR-Chor mit MDR-Orchester, schrieb f\u00fcr den Thomanerchor ein Werk zum 800-J\u00e4hrigen Jubil\u00e4um und war zu Gast im Polnischen [&hellip;]","og_url":"https:\/\/instytutpolski.pl\/leipzig\/ueber-uns\/gedenkorte\/penderecki-baum-2020\/","og_site_name":"Instytut Polski w Lipsku","article_modified_time":"2023-01-30T11:05:11+00:00","og_image":[{"width":1381,"height":606,"url":"https:\/\/instytutpolski.pl\/leipzig\/wp-content\/uploads\/sites\/29\/2020\/11\/2020-11-15-MUSIK-Penderecki-Mutter_web-1-e1606134705243.jpg","type":"image\/jpeg"}],"twitter_card":"summary_large_image","twitter_misc":{"Szacowany czas czytania":"3 minuty"},"schema":{"@context":"https:\/\/schema.org","@graph":[{"@type":"WebPage","@id":"https:\/\/instytutpolski.pl\/leipzig\/ueber-uns\/gedenkorte\/penderecki-baum-2020\/","url":"https:\/\/instytutpolski.pl\/leipzig\/ueber-uns\/gedenkorte\/penderecki-baum-2020\/","name":"Penderecki-Baum (2020) - Instytut Polski w Lipsku","isPartOf":{"@id":"https:\/\/instytutpolski.pl\/leipzig\/#website"},"primaryImageOfPage":{"@id":"https:\/\/instytutpolski.pl\/leipzig\/ueber-uns\/gedenkorte\/penderecki-baum-2020\/#primaryimage"},"image":{"@id":"https:\/\/instytutpolski.pl\/leipzig\/ueber-uns\/gedenkorte\/penderecki-baum-2020\/#primaryimage"},"thumbnailUrl":"https:\/\/instytutpolski.pl\/leipzig\/wp-content\/uploads\/sites\/29\/2020\/11\/2020-11-15-MUSIK-Penderecki-Mutter_web-1-e1606134705243.jpg","datePublished":"2020-11-23T11:08:23+00:00","dateModified":"2023-01-30T11:05:11+00:00","breadcrumb":{"@id":"https:\/\/instytutpolski.pl\/leipzig\/ueber-uns\/gedenkorte\/penderecki-baum-2020\/#breadcrumb"},"inLanguage":"pl-PL","potentialAction":[{"@type":"ReadAction","target":["https:\/\/instytutpolski.pl\/leipzig\/ueber-uns\/gedenkorte\/penderecki-baum-2020\/"]}]},{"@type":"ImageObject","inLanguage":"pl-PL","@id":"https:\/\/instytutpolski.pl\/leipzig\/ueber-uns\/gedenkorte\/penderecki-baum-2020\/#primaryimage","url":"https:\/\/instytutpolski.pl\/leipzig\/wp-content\/uploads\/sites\/29\/2020\/11\/2020-11-15-MUSIK-Penderecki-Mutter_web-1-e1606134705243.jpg","contentUrl":"https:\/\/instytutpolski.pl\/leipzig\/wp-content\/uploads\/sites\/29\/2020\/11\/2020-11-15-MUSIK-Penderecki-Mutter_web-1-e1606134705243.jpg","width":1381,"height":606},{"@type":"BreadcrumbList","@id":"https:\/\/instytutpolski.pl\/leipzig\/ueber-uns\/gedenkorte\/penderecki-baum-2020\/#breadcrumb","itemListElement":[{"@type":"ListItem","position":1,"name":"Home","item":"https:\/\/instytutpolski.pl\/leipzig\/"},{"@type":"ListItem","position":2,"name":"\u00dcber uns","item":"https:\/\/instytutpolski.pl\/leipzig\/ueber-uns\/"},{"@type":"ListItem","position":3,"name":"Gedenkorte","item":"https:\/\/instytutpolski.pl\/leipzig\/ueber-uns\/gedenkorte\/"},{"@type":"ListItem","position":4,"name":"Penderecki-Baum (2020)"}]},{"@type":"WebSite","@id":"https:\/\/instytutpolski.pl\/leipzig\/#website","url":"https:\/\/instytutpolski.pl\/leipzig\/","name":"Instytut Polski w Lipsku","description":"Kolejna witryna sieci &#8222;Instytuty Polskie&#8221;","potentialAction":[{"@type":"SearchAction","target":{"@type":"EntryPoint","urlTemplate":"https:\/\/instytutpolski.pl\/leipzig\/?s={search_term_string}"},"query-input":{"@type":"PropertyValueSpecification","valueRequired":true,"valueName":"search_term_string"}}],"inLanguage":"pl-PL"}]}},"_links":{"self":[{"href":"https:\/\/instytutpolski.pl\/leipzig\/wp-json\/wp\/v2\/pages\/2807","targetHints":{"allow":["GET"]}}],"collection":[{"href":"https:\/\/instytutpolski.pl\/leipzig\/wp-json\/wp\/v2\/pages"}],"about":[{"href":"https:\/\/instytutpolski.pl\/leipzig\/wp-json\/wp\/v2\/types\/page"}],"author":[{"embeddable":true,"href":"https:\/\/instytutpolski.pl\/leipzig\/wp-json\/wp\/v2\/users\/79"}],"replies":[{"embeddable":true,"href":"https:\/\/instytutpolski.pl\/leipzig\/wp-json\/wp\/v2\/comments?post=2807"}],"version-history":[{"count":12,"href":"https:\/\/instytutpolski.pl\/leipzig\/wp-json\/wp\/v2\/pages\/2807\/revisions"}],"predecessor-version":[{"id":7950,"href":"https:\/\/instytutpolski.pl\/leipzig\/wp-json\/wp\/v2\/pages\/2807\/revisions\/7950"}],"up":[{"embeddable":true,"href":"https:\/\/instytutpolski.pl\/leipzig\/wp-json\/wp\/v2\/pages\/2818"}],"wp:featuredmedia":[{"embeddable":true,"href":"https:\/\/instytutpolski.pl\/leipzig\/wp-json\/wp\/v2\/media\/2832"}],"wp:attachment":[{"href":"https:\/\/instytutpolski.pl\/leipzig\/wp-json\/wp\/v2\/media?parent=2807"}],"curies":[{"name":"wp","href":"https:\/\/api.w.org\/{rel}","templated":true}]}}