{"id":2818,"date":"2020-11-23T12:26:22","date_gmt":"2020-11-23T11:26:22","guid":{"rendered":"https:\/\/instytutpolski.pl\/leipzig\/?page_id=2818"},"modified":"2023-01-30T12:35:10","modified_gmt":"2023-01-30T11:35:10","slug":"gedenkorte","status":"publish","type":"page","link":"https:\/\/instytutpolski.pl\/leipzig\/ueber-uns\/gedenkorte\/","title":{"rendered":"Gedenkorte"},"content":{"rendered":"\n<p>An verschiedenen Orten in Leipzig hat das Polnische Institut gemeinsam mit Partnern Gedenkorte initiiert, welche an die Verbundenheit der Stadt mit Polen erinnern.<\/p>\n<p><strong>Gedenkorte in Leipzig:<\/strong><\/p>\n<ul>\n<li><a href=\"https:\/\/instytutpolski.pl\/leipzig\/uber-uns\/gedenkorte\/jan-karski-baum\/\">Jan-Karski-Gedenkbaum<\/a><\/li>\n<li><a href=\"https:\/\/instytutpolski.pl\/leipzig\/uber-uns\/gedenkorte\/solidarnosc-gedenktafel\/\">Solidarno\u015b\u0107-Gedenktafel<\/a><\/li>\n<li><a href=\"https:\/\/instytutpolski.pl\/leipzig\/uber-uns\/gedenkorte\/raczynski-baum\/\">Edward-Raczy\u0144ski-Gedenkbaum<\/a><\/li>\n<li><a href=\"https:\/\/instytutpolski.pl\/leipzig\/uber-uns\/gedenkorte\/penderecki-baum-2020\/\">Krzysztof-Penderecki-Gedenkbaum<\/a><\/li>\n<\/ul>\n","protected":false},"excerpt":{"rendered":"<p>An verschiedenen Orten in Leipzig hat das Polnische Institut gemeinsam mit Partnern Gedenkorte initiiert, welche an die Verbundenheit der Stadt mit Polen erinnern. Gedenkorte in Leipzig: Jan-Karski-Gedenkbaum Solidarno\u015b\u0107-Gedenktafel Edward-Raczy\u0144ski-Gedenkbaum Krzysztof-Penderecki-Gedenkbaum<\/p>\n","protected":false},"author":79,"featured_media":2824,"parent":138,"menu_order":0,"comment_status":"closed","ping_status":"closed","template":"","meta":{"inline_featured_image":false,"_monsterinsights_skip_tracking":false,"_monsterinsights_sitenote_active":false,"_monsterinsights_sitenote_note":"","_monsterinsights_sitenote_category":0,"footnotes":""},"class_list":["post-2818","page","type-page","status-publish","has-post-thumbnail","hentry"],"yoast_head":"<!-- This site is optimized with the Yoast SEO plugin v24.6 - https:\/\/yoast.com\/wordpress\/plugins\/seo\/ -->\n<title>Gedenkorte - Instytut Polski w Lipsku<\/title>\n<meta name=\"robots\" content=\"index, follow, max-snippet:-1, max-image-preview:large, max-video-preview:-1\" \/>\n<link rel=\"canonical\" href=\"https:\/\/instytutpolski.pl\/leipzig\/ueber-uns\/gedenkorte\/\" \/>\n<meta property=\"og:locale\" content=\"pl_PL\" \/>\n<meta property=\"og:type\" content=\"article\" \/>\n<meta property=\"og:title\" content=\"Gedenkorte - Instytut Polski w Lipsku\" \/>\n<meta property=\"og:description\" content=\"An verschiedenen Orten in Leipzig hat das Polnische Institut gemeinsam mit Partnern Gedenkorte initiiert, welche an die Verbundenheit der Stadt mit Polen erinnern. Gedenkorte in Leipzig: Jan-Karski-Gedenkbaum Solidarno\u015b\u0107-Gedenktafel Edward-Raczy\u0144ski-Gedenkbaum Krzysztof-Penderecki-Gedenkbaum\" \/>\n<meta property=\"og:url\" content=\"https:\/\/instytutpolski.pl\/leipzig\/ueber-uns\/gedenkorte\/\" \/>\n<meta property=\"og:site_name\" content=\"Instytut Polski w Lipsku\" \/>\n<meta property=\"article:modified_time\" content=\"2023-01-30T11:35:10+00:00\" \/>\n<meta property=\"og:image\" content=\"https:\/\/instytutpolski.pl\/leipzig\/wp-content\/uploads\/sites\/29\/2020\/11\/2020-11-15-MUSIK-Penderecki-Baum_breit-scaled.jpg\" \/>\n\t<meta property=\"og:image:width\" content=\"2560\" \/>\n\t<meta property=\"og:image:height\" content=\"909\" \/>\n\t<meta property=\"og:image:type\" content=\"image\/jpeg\" \/>\n<meta name=\"twitter:card\" content=\"summary_large_image\" \/>\n<meta name=\"twitter:label1\" content=\"Szacowany czas czytania\" \/>\n\t<meta name=\"twitter:data1\" content=\"1 minuta\" \/>\n<script type=\"application\/ld+json\" class=\"yoast-schema-graph\">{\"@context\":\"https:\/\/schema.org\",\"@graph\":[{\"@type\":\"WebPage\",\"@id\":\"https:\/\/instytutpolski.pl\/leipzig\/ueber-uns\/gedenkorte\/\",\"url\":\"https:\/\/instytutpolski.pl\/leipzig\/ueber-uns\/gedenkorte\/\",\"name\":\"Gedenkorte - Instytut Polski w Lipsku\",\"isPartOf\":{\"@id\":\"https:\/\/instytutpolski.pl\/leipzig\/#website\"},\"primaryImageOfPage\":{\"@id\":\"https:\/\/instytutpolski.pl\/leipzig\/ueber-uns\/gedenkorte\/#primaryimage\"},\"image\":{\"@id\":\"https:\/\/instytutpolski.pl\/leipzig\/ueber-uns\/gedenkorte\/#primaryimage\"},\"thumbnailUrl\":\"https:\/\/instytutpolski.pl\/leipzig\/wp-content\/uploads\/sites\/29\/2020\/11\/2020-11-15-MUSIK-Penderecki-Baum_breit-scaled.jpg\",\"datePublished\":\"2020-11-23T11:26:22+00:00\",\"dateModified\":\"2023-01-30T11:35:10+00:00\",\"breadcrumb\":{\"@id\":\"https:\/\/instytutpolski.pl\/leipzig\/ueber-uns\/gedenkorte\/#breadcrumb\"},\"inLanguage\":\"pl-PL\",\"potentialAction\":[{\"@type\":\"ReadAction\",\"target\":[\"https:\/\/instytutpolski.pl\/leipzig\/ueber-uns\/gedenkorte\/\"]}]},{\"@type\":\"ImageObject\",\"inLanguage\":\"pl-PL\",\"@id\":\"https:\/\/instytutpolski.pl\/leipzig\/ueber-uns\/gedenkorte\/#primaryimage\",\"url\":\"https:\/\/instytutpolski.pl\/leipzig\/wp-content\/uploads\/sites\/29\/2020\/11\/2020-11-15-MUSIK-Penderecki-Baum_breit-scaled.jpg\",\"contentUrl\":\"https:\/\/instytutpolski.pl\/leipzig\/wp-content\/uploads\/sites\/29\/2020\/11\/2020-11-15-MUSIK-Penderecki-Baum_breit-scaled.jpg\",\"width\":2560,\"height\":909},{\"@type\":\"BreadcrumbList\",\"@id\":\"https:\/\/instytutpolski.pl\/leipzig\/ueber-uns\/gedenkorte\/#breadcrumb\",\"itemListElement\":[{\"@type\":\"ListItem\",\"position\":1,\"name\":\"Home\",\"item\":\"https:\/\/instytutpolski.pl\/leipzig\/\"},{\"@type\":\"ListItem\",\"position\":2,\"name\":\"\u00dcber uns\",\"item\":\"https:\/\/instytutpolski.pl\/leipzig\/ueber-uns\/\"},{\"@type\":\"ListItem\",\"position\":3,\"name\":\"Gedenkorte\"}]},{\"@type\":\"WebSite\",\"@id\":\"https:\/\/instytutpolski.pl\/leipzig\/#website\",\"url\":\"https:\/\/instytutpolski.pl\/leipzig\/\",\"name\":\"Instytut Polski w Lipsku\",\"description\":\"Kolejna witryna sieci &#8222;Instytuty Polskie&#8221;\",\"potentialAction\":[{\"@type\":\"SearchAction\",\"target\":{\"@type\":\"EntryPoint\",\"urlTemplate\":\"https:\/\/instytutpolski.pl\/leipzig\/?s={search_term_string}\"},\"query-input\":{\"@type\":\"PropertyValueSpecification\",\"valueRequired\":true,\"valueName\":\"search_term_string\"}}],\"inLanguage\":\"pl-PL\"}]}<\/script>\n<!-- \/ Yoast SEO plugin. -->","yoast_head_json":{"title":"Gedenkorte - Instytut Polski w Lipsku","robots":{"index":"index","follow":"follow","max-snippet":"max-snippet:-1","max-image-preview":"max-image-preview:large","max-video-preview":"max-video-preview:-1"},"canonical":"https:\/\/instytutpolski.pl\/leipzig\/ueber-uns\/gedenkorte\/","og_locale":"pl_PL","og_type":"article","og_title":"Gedenkorte - Instytut Polski w Lipsku","og_description":"An verschiedenen Orten in Leipzig hat das Polnische Institut gemeinsam mit Partnern Gedenkorte initiiert, welche an die Verbundenheit der Stadt mit Polen erinnern. Gedenkorte in Leipzig: Jan-Karski-Gedenkbaum Solidarno\u015b\u0107-Gedenktafel Edward-Raczy\u0144ski-Gedenkbaum Krzysztof-Penderecki-Gedenkbaum","og_url":"https:\/\/instytutpolski.pl\/leipzig\/ueber-uns\/gedenkorte\/","og_site_name":"Instytut Polski w Lipsku","article_modified_time":"2023-01-30T11:35:10+00:00","og_image":[{"width":2560,"height":909,"url":"https:\/\/instytutpolski.pl\/leipzig\/wp-content\/uploads\/sites\/29\/2020\/11\/2020-11-15-MUSIK-Penderecki-Baum_breit-scaled.jpg","type":"image\/jpeg"}],"twitter_card":"summary_large_image","twitter_misc":{"Szacowany czas czytania":"1 minuta"},"schema":{"@context":"https:\/\/schema.org","@graph":[{"@type":"WebPage","@id":"https:\/\/instytutpolski.pl\/leipzig\/ueber-uns\/gedenkorte\/","url":"https:\/\/instytutpolski.pl\/leipzig\/ueber-uns\/gedenkorte\/","name":"Gedenkorte - Instytut Polski w Lipsku","isPartOf":{"@id":"https:\/\/instytutpolski.pl\/leipzig\/#website"},"primaryImageOfPage":{"@id":"https:\/\/instytutpolski.pl\/leipzig\/ueber-uns\/gedenkorte\/#primaryimage"},"image":{"@id":"https:\/\/instytutpolski.pl\/leipzig\/ueber-uns\/gedenkorte\/#primaryimage"},"thumbnailUrl":"https:\/\/instytutpolski.pl\/leipzig\/wp-content\/uploads\/sites\/29\/2020\/11\/2020-11-15-MUSIK-Penderecki-Baum_breit-scaled.jpg","datePublished":"2020-11-23T11:26:22+00:00","dateModified":"2023-01-30T11:35:10+00:00","breadcrumb":{"@id":"https:\/\/instytutpolski.pl\/leipzig\/ueber-uns\/gedenkorte\/#breadcrumb"},"inLanguage":"pl-PL","potentialAction":[{"@type":"ReadAction","target":["https:\/\/instytutpolski.pl\/leipzig\/ueber-uns\/gedenkorte\/"]}]},{"@type":"ImageObject","inLanguage":"pl-PL","@id":"https:\/\/instytutpolski.pl\/leipzig\/ueber-uns\/gedenkorte\/#primaryimage","url":"https:\/\/instytutpolski.pl\/leipzig\/wp-content\/uploads\/sites\/29\/2020\/11\/2020-11-15-MUSIK-Penderecki-Baum_breit-scaled.jpg","contentUrl":"https:\/\/instytutpolski.pl\/leipzig\/wp-content\/uploads\/sites\/29\/2020\/11\/2020-11-15-MUSIK-Penderecki-Baum_breit-scaled.jpg","width":2560,"height":909},{"@type":"BreadcrumbList","@id":"https:\/\/instytutpolski.pl\/leipzig\/ueber-uns\/gedenkorte\/#breadcrumb","itemListElement":[{"@type":"ListItem","position":1,"name":"Home","item":"https:\/\/instytutpolski.pl\/leipzig\/"},{"@type":"ListItem","position":2,"name":"\u00dcber uns","item":"https:\/\/instytutpolski.pl\/leipzig\/ueber-uns\/"},{"@type":"ListItem","position":3,"name":"Gedenkorte"}]},{"@type":"WebSite","@id":"https:\/\/instytutpolski.pl\/leipzig\/#website","url":"https:\/\/instytutpolski.pl\/leipzig\/","name":"Instytut Polski w Lipsku","description":"Kolejna witryna sieci &#8222;Instytuty Polskie&#8221;","potentialAction":[{"@type":"SearchAction","target":{"@type":"EntryPoint","urlTemplate":"https:\/\/instytutpolski.pl\/leipzig\/?s={search_term_string}"},"query-input":{"@type":"PropertyValueSpecification","valueRequired":true,"valueName":"search_term_string"}}],"inLanguage":"pl-PL"}]}},"_links":{"self":[{"href":"https:\/\/instytutpolski.pl\/leipzig\/wp-json\/wp\/v2\/pages\/2818","targetHints":{"allow":["GET"]}}],"collection":[{"href":"https:\/\/instytutpolski.pl\/leipzig\/wp-json\/wp\/v2\/pages"}],"about":[{"href":"https:\/\/instytutpolski.pl\/leipzig\/wp-json\/wp\/v2\/types\/page"}],"author":[{"embeddable":true,"href":"https:\/\/instytutpolski.pl\/leipzig\/wp-json\/wp\/v2\/users\/79"}],"replies":[{"embeddable":true,"href":"https:\/\/instytutpolski.pl\/leipzig\/wp-json\/wp\/v2\/comments?post=2818"}],"version-history":[{"count":10,"href":"https:\/\/instytutpolski.pl\/leipzig\/wp-json\/wp\/v2\/pages\/2818\/revisions"}],"predecessor-version":[{"id":7965,"href":"https:\/\/instytutpolski.pl\/leipzig\/wp-json\/wp\/v2\/pages\/2818\/revisions\/7965"}],"up":[{"embeddable":true,"href":"https:\/\/instytutpolski.pl\/leipzig\/wp-json\/wp\/v2\/pages\/138"}],"wp:featuredmedia":[{"embeddable":true,"href":"https:\/\/instytutpolski.pl\/leipzig\/wp-json\/wp\/v2\/media\/2824"}],"wp:attachment":[{"href":"https:\/\/instytutpolski.pl\/leipzig\/wp-json\/wp\/v2\/media?parent=2818"}],"curies":[{"name":"wp","href":"https:\/\/api.w.org\/{rel}","templated":true}]}}