{"id":407,"date":"2019-07-15T11:50:25","date_gmt":"2019-07-15T09:50:25","guid":{"rendered":"https:\/\/instytutpolski.pl\/lipsk\/?page_id=407"},"modified":"2019-07-15T11:50:26","modified_gmt":"2019-07-15T09:50:26","slug":"links","status":"publish","type":"page","link":"https:\/\/instytutpolski.pl\/leipzig\/ueber-uns\/links\/","title":{"rendered":"Links"},"content":{"rendered":"\n<table border=\"0\" width=\"450\" cellspacing=\"1\" cellpadding=\"6\" align=\"left\">\n<tbody>\n<tr>\n<td>Filmfestival\u00a0<b>FilmPOLSKA<\/b><\/td>\n<td><a href=\"http:\/\/www.filmpolski.pl\/\" target=\"_blank\" rel=\"noopener noreferrer\">www.filmpolska.de<\/a><\/td>\n<\/tr>\n<tr>\n<td>EUNIC Berlin<\/td>\n<td><a href=\"http:\/\/www.eunic-berlin.eu\/\" target=\"_blank\" rel=\"noopener noreferrer\">www.eunic-berlin.eu<\/a><\/td>\n<\/tr>\n<tr>\n<td>\u00a0<\/td>\n<td>\u00a0<\/td>\n<\/tr>\n<tr>\n<td>Polnische Ratspr\u00e4sidentschaft<\/td>\n<td><a href=\"http:\/\/www.prezydencjaue.gov.pl\/\" target=\"_blank\" rel=\"noopener noreferrer\">www.prezydencjaue.gov.pl<\/a><\/td>\n<\/tr>\n<tr>\n<td>\u00a0<\/td>\n<td>\u00a0<\/td>\n<\/tr>\n<tr>\n<td>Botschaft der Republik Polen in Berlin<\/td>\n<td><a href=\"http:\/\/www.berlin.polemb.net\/index.php?document=24\">www.berlin.polemb.net\/index.php<\/a><\/td>\n<\/tr>\n<tr>\n<td>Zentrum f\u00fcr Historische Forschung Berlin der Polnischen Akademie der Wissenschaften<\/td>\n<td><a href=\"http:\/\/www.panberlin.de\/\" target=\"_blank\" rel=\"noopener noreferrer\">www.panberlin.de<\/a><\/td>\n<\/tr>\n<tr>\n<td>Polnische Tourismusorganisation<\/td>\n<td><a href=\"http:\/\/www.polen.travel\/de\/Artykuly\/corp-de\/\" target=\"_blank\" rel=\"noopener noreferrer\">www.polen.travel.de<\/a><\/td>\n<\/tr>\n<tr>\n<td>Abteilung f\u00fcr Handel und Investitionen<br \/>der Botschaft der Republik Polen in der Bundesrepublik Deutschland<b><\/b><\/td>\n<td><a href=\"http:\/\/www.wirtschaft-polen.de\/\" target=\"_blank\" rel=\"noopener noreferrer\">www.wirtschaft-polen.de<\/a><\/td>\n<\/tr>\n<tr>\n<td>Ministerium f\u00fcr Ausw\u00e4rtige Angelegenheiten der Republik Polen<\/td>\n<td><a href=\"http:\/\/www.msz.gov.pl\/\" target=\"_blank\" rel=\"noopener noreferrer\">www.msz.gov.pl<\/a><\/td>\n<\/tr>\n<tr>\n<td>Polen online<\/td>\n<td><a href=\"http:\/\/www.poland.gov.pl\/\" target=\"_blank\" rel=\"noopener noreferrer\">www.poland.gov.pl<\/a><\/td>\n<\/tr>\n<tr>\n<td>Deutsch-Polnische Wissenschaftsstiftung (DPWS)<\/td>\n<td><a href=\"http:\/\/www.dpws.de\/\" target=\"_blank\" rel=\"noopener noreferrer\">www.dpws.de<\/a><\/td>\n<\/tr>\n<tr>\n<td>Deutsch-polnischer Kalender<\/td>\n<td><a href=\"http:\/\/www.de-pl.info\/de\" target=\"_blank\" rel=\"noopener noreferrer\">www.de-pl.info\/de<\/a><\/td>\n<\/tr>\n<tr>\n<td>European Network Remembrance and Solidarity<\/td>\n<td>\n<p><a href=\"http:\/\/www.enrs.eu\/\">www.enrs.eu<\/a><\/p>\n<\/td>\n<\/tr>\n<\/tbody>\n<\/table>\n<p>\u00a0<\/p>\n<p>\u00a0<\/p>\n<p>\u00a0<\/p>\n<p>\u00a0<\/p>\n<p>\u00a0<\/p>\n<p>\u00a0<\/p>\n<p>\u00a0<\/p>\n<p>\u00a0<\/p>\n<p>\u00a0<\/p>\n<p>\u00a0<\/p>\n<p>\u00a0<\/p>\n<p>\u00a0<\/p>\n<p>\u00a0<\/p>\n<table border=\"0\" width=\"450\" cellspacing=\"1\" cellpadding=\"6\" align=\"left\">\n<tbody>\n<tr>\n<td colspan=\"2\">\n<h3>Informationen \u00fcber Polen, Polen in Deutschland u.a.<\/h3>\n<\/td>\n<\/tr>\n<tr>\n<td>Deutsch-Polnische Gesellschaft<\/td>\n<td><a href=\"http:\/\/www.dpg-bundesverband.de\/\" target=\"_blank\" rel=\"noopener noreferrer\">www.dpg-bundesverband.de<\/a><\/td>\n<\/tr>\n<tr>\n<td>Deutsches Polen &#8211; Institut Darmstadt<\/td>\n<td><a href=\"http:\/\/www.deutsches-polen-institut.de\/\" target=\"_blank\" rel=\"noopener noreferrer\">www.deutsches-polen-institut.de<\/a><\/td>\n<\/tr>\n<tr>\n<td>Polen virtual<\/td>\n<td><a href=\"http:\/\/www.virtualpolen.de\/\" target=\"_blank\" rel=\"noopener noreferrer\">www.virtualpolen.de<\/a><\/td>\n<\/tr>\n<tr>\n<td>Polonia in Deutschland<\/td>\n<td><a href=\"http:\/\/www.polonia-total.de\/\" target=\"_blank\" rel=\"noopener noreferrer\">www.polonia-total.de<\/a><\/td>\n<\/tr>\n<tr>\n<td>Polonia in Berlin<\/td>\n<td><a href=\"http:\/\/www.poloniaberlin.de\/\" target=\"_blank\" rel=\"noopener noreferrer\">www.poloniaberlin.de<\/a><\/td>\n<\/tr>\n<tr>\n<td>Polen in Berlin<\/td>\n<td><a href=\"http:\/\/www.polacywberlinie.de\/\" target=\"_blank\" rel=\"noopener noreferrer\">www.polacywberlinie.de<\/a><\/td>\n<\/tr>\n<tr>\n<td>Polen in Deutschland<\/td>\n<td><a href=\"http:\/\/www.polacywniemczech.de\/\" target=\"_blank\" rel=\"noopener noreferrer\">www.polacywniemczech.de<\/a><\/td>\n<\/tr>\n<tr>\n<td>Solidarno\u015b\u0107<\/td>\n<td><a href=\"http:\/\/www.solidarnosc.gov.pl\/\" target=\"_blank\" rel=\"noopener noreferrer\">www.solidarnosc.gov.pl<\/a><\/td>\n<\/tr>\n<tr>\n<td>FORUM46 &#8211; Interdisziplin\u00e4res<br \/>Forum f\u00fcr Europa e.V.<\/td>\n<td><a href=\"http:\/\/www.forum46.net\/\" target=\"_blank\" rel=\"noopener noreferrer\">www.forum46.net<\/a><\/td>\n<\/tr>\n<tr>\n<td>Europ\u00e4ischer Buchladen\/Sprachkurse<\/td>\n<td><a href=\"http:\/\/www.die12sterne.eu\/\" target=\"_blank\" rel=\"noopener noreferrer\">www.die12sterne.eu<\/a><\/td>\n<\/tr>\n<tr>\n<td>Polentouristik\/Eventkalender<\/td>\n<td><a href=\"http:\/\/www.polentouristik.pl\/\" target=\"_blank\" rel=\"noopener noreferrer\">www.polentouristik.pl<\/a><\/td>\n<\/tr>\n<tr>\n<td>Touristikinformation in Lublin<\/td>\n<td><a href=\"http:\/\/www.loit.lublin.pl\/\" target=\"_blank\" rel=\"noopener noreferrer\">www.loit.lublin.pl<\/a><\/td>\n<\/tr>\n<tr>\n<td colspan=\"2\">\n<h3>\u00d6ffentliche Institutionen in Polen<\/h3>\n<\/td>\n<\/tr>\n<tr>\n<td>Senat der Republik Polen<\/td>\n<td><a href=\"http:\/\/www.senat.gov.pl\/\" target=\"_blank\" rel=\"noopener noreferrer\">www.senat.gov.pl<\/a><\/td>\n<\/tr>\n<tr>\n<td>Sejm der Republik Polen<\/td>\n<td><a href=\"http:\/\/www.sejm.gov.pl\/\" target=\"_blank\" rel=\"noopener noreferrer\">www.sejm.gov.pl<\/a><\/td>\n<\/tr>\n<tr>\n<td>Ministerium f\u00fcr Kultur und Nationalerbe<\/td>\n<td><a href=\"http:\/\/www.mkidn.gov.pl\/\" target=\"_blank\" rel=\"noopener noreferrer\">www.mkidn.gov.pl<\/a><\/td>\n<\/tr>\n<tr>\n<td>Statistisches Hauptamt<\/td>\n<td><a href=\"http:\/\/www.stat.gov.pl\/\" target=\"_blank\" rel=\"noopener noreferrer\">www.stat.gov.pl<\/a><\/td>\n<\/tr>\n<tr>\n<td>Kanzlei des Pr\u00e4sidenten<\/td>\n<td><a href=\"http:\/\/www.prezydent.pl\/\" target=\"_blank\" rel=\"noopener noreferrer\">www.prezydent.pl<\/a><\/td>\n<\/tr>\n<tr>\n<td>Kanzlei des Ministerpr\u00e4sidenten<\/td>\n<td><a href=\"http:\/\/www.kprm.gov.pl\/\" target=\"_blank\" rel=\"noopener noreferrer\">www.kprm.gov.pl<\/a><\/td>\n<\/tr>\n<tr>\n<td>Polnische Akademie der Wissenschaften<\/td>\n<td><a href=\"http:\/\/www.pan.pl\/\" target=\"_blank\" rel=\"noopener noreferrer\">www.pan.pl<\/a><\/td>\n<\/tr>\n<tr>\n<td>Polnische Nationalbank<\/td>\n<td><a href=\"http:\/\/www.nbp.pl\/\" target=\"_blank\" rel=\"noopener noreferrer\">www.nbp.pl<\/a><\/td>\n<\/tr>\n<tr>\n<td>Komitee f\u00fcr Europ\u00e4ische Integration<\/td>\n<td><a href=\"http:\/\/www.ukie.gov.pl\/\" target=\"_blank\" rel=\"noopener noreferrer\">www.ukie.gov.pl<\/a><\/td>\n<\/tr>\n<tr>\n<td>Institut f\u00fcr \u00d6ffentliche Angelegenheiten<\/td>\n<td><a href=\"http:\/\/www.isp.org.pl\/\" target=\"_blank\" rel=\"noopener noreferrer\">www.isp.org.pl<\/a><\/td>\n<\/tr>\n<tr>\n<td>Zentrum f\u00fcr Oststudien<br \/><br \/>Urz\u0105d Miasta Krakowa<\/td>\n<td><a href=\"http:\/\/www.osw.waw.pl\/\">www.osw.waw.pl<\/a><br \/><br \/><a href=\"http:\/\/krakow.pl\/otwarty_na_swiat\/\">www.krakow.pl<\/a><\/td>\n<\/tr>\n<tr>\n<td colspan=\"2\">\n<h3>Kulturinstitutionen und Links in Polen<\/h3>\n<\/td>\n<\/tr>\n<tr>\n<td>Adam-Mickiewicz-Institut<\/td>\n<td><a href=\"http:\/\/www.iam.pl\/\" target=\"_blank\" rel=\"noopener noreferrer\">www.iam.pl<\/a><\/td>\n<\/tr>\n<tr>\n<td>Culture.pl<\/td>\n<td><a href=\"http:\/\/www.culture.pl\/\" target=\"_blank\" rel=\"noopener noreferrer\">www.culture.pl<\/a><\/td>\n<\/tr>\n<tr>\n<td>Veranstaltungen in Polen\/Tickets online<\/td>\n<td><a href=\"http:\/\/www.ticketonline.pl\/\" target=\"_blank\" rel=\"noopener noreferrer\">www.ticketonline.pl<\/a><\/td>\n<\/tr>\n<tr>\n<td>Konzerte, Partys und Kultur in Polen<\/td>\n<td><a href=\"http:\/\/www.facebook.com\/Musik.Festivals.Partys.in.Polen\" target=\"_blank\" rel=\"noopener noreferrer\">www.facebook.com<\/a><\/td>\n<\/tr>\n<tr>\n<td><b><br \/>Kunst<\/b><\/td>\n<td>\u00a0<\/td>\n<\/tr>\n<tr>\n<td>CSW Centrum Sztuki Wsp\u00f3\u0142czesnej\/<br \/>Zamek Ujazdowski<br \/>Zentrum f\u00fcr zeitgen\u00f6ssische Kunst \/Zamek Ujazdowski<\/td>\n<td><a href=\"http:\/\/www.csw.art.pl\/\" target=\"_blank\" rel=\"noopener noreferrer\">www.csw.art.pl<\/a><\/td>\n<\/tr>\n<tr>\n<td>Zach\u0119ta Narodowa Galeria Sztuki<\/td>\n<td><a href=\"http:\/\/www.zacheta.art.pl\/\" target=\"_blank\" rel=\"noopener noreferrer\">www.zacheta.art.pl<\/a><\/td>\n<\/tr>\n<tr>\n<td>Zach\u0119ta Sztuki Wsp\u00f3\u0142czesnej\/Szczecin<\/td>\n<td><a href=\"http:\/\/zacheta.szczecin.art.pl\/\" target=\"_blank\" rel=\"noopener noreferrer\">zacheta.szczecin.art.pl<\/a><\/td>\n<\/tr>\n<tr>\n<td>&#8222;Bunkier Sztuki&#8221; Galeria Sztuki Wsp\u00f3\u0142czesnej<\/td>\n<td><a href=\"http:\/\/www.bunkier.com.pl\/\" target=\"_blank\" rel=\"noopener noreferrer\">www.bunkier.com.pl<\/a><\/td>\n<\/tr>\n<tr>\n<td>BWA Wroc\u0142aw<\/td>\n<td><a href=\"http:\/\/www.bwa.wroc.pl\/\" target=\"_blank\" rel=\"noopener noreferrer\">www.bwa.wroc.pl<\/a><\/td>\n<\/tr>\n<tr>\n<td>Muzeum Sztuki Nowoczesnej w Warszawie \/ Museum f\u00fcr moderne Kunst in Warschau<\/td>\n<td><a href=\"http:\/\/www.artmuseum.pl\/\" target=\"_blank\" rel=\"noopener noreferrer\">www.artmuseum.pl<\/a><\/td>\n<\/tr>\n<tr>\n<td align=\"left\">Galeria Kronika Bytom \/ Galerie Kronika in Bytom<\/td>\n<td><a href=\"http:\/\/www.kronika.org.pl\/\" target=\"_blank\" rel=\"noopener noreferrer\">www.kronika.org.pl<\/a><\/td>\n<\/tr>\n<tr>\n<td align=\"left\">Muzeum Sztuki w \u0141odzi \/ Kunstmuseum in \u0141\u00f3d\u017a<\/td>\n<td><a href=\"http:\/\/www.msl.org.pl\/\" target=\"_blank\" rel=\"noopener noreferrer\">www.msl.org.pl<\/a><\/td>\n<\/tr>\n<tr>\n<td align=\"left\">Centrum Sztuki Wsp\u00f3\u0142czesnej \u0141a\u017ania \/ Zentrum f\u00fcr zeitgen\u00f6ssische Kunst \u0141a\u017ania<\/td>\n<td><a href=\"http:\/\/www.laznia.pl\/\" target=\"_blank\" rel=\"noopener noreferrer\">www.laznia.pl<\/a><\/td>\n<\/tr>\n<tr>\n<td align=\"left\">Instytut Sztuki Wyspa \/\u00a0<br \/>Kunstinstitut Wyspa<\/td>\n<td><a href=\"http:\/\/www.wyspa.art.pl\/\" target=\"_blank\" rel=\"noopener noreferrer\">www.wyspa.art.pl<\/a><\/td>\n<\/tr>\n<tr>\n<td align=\"left\">Internationale Grafik Triennale in Krak\u00f3w<\/td>\n<td><a href=\"http:\/\/www.triennial.cracow.pl\/\" target=\"_blank\" rel=\"noopener noreferrer\">www.triennial.cracow.pl<\/a><\/td>\n<\/tr>\n<tr>\n<td align=\"left\">Polnischer Grafikerverband<\/td>\n<td><a href=\"http:\/\/www.stgu.pl\/\" target=\"_blank\" rel=\"noopener noreferrer\">www.stgu.pl<\/a><\/td>\n<\/tr>\n<tr>\n<td align=\"left\">Zentrum f\u00fcr zeitgen\u00f6ssische Kunst in Toru\u0144<\/td>\n<td><a href=\"http:\/\/www.csw.torun.pl\/\" target=\"_blank\" rel=\"noopener noreferrer\">www.csw.torun.pl<\/a><\/td>\n<\/tr>\n<tr>\n<td align=\"left\">Centrum Sztuki WRO<\/td>\n<td><a href=\"http:\/\/www.wrocenter.pl\/\" target=\"_blank\" rel=\"noopener noreferrer\">www.wrocenter.pl<\/a><\/td>\n<\/tr>\n<tr>\n<td align=\"left\"><b><br \/>Film<\/b><\/td>\n<td>\u00a0<\/td>\n<\/tr>\n<tr>\n<td>Polnisches Filminstitut<\/td>\n<td><a href=\"http:\/\/www.pisf.pl\/\" target=\"_blank\" rel=\"noopener noreferrer\">www.pisf.pl<\/a><\/td>\n<\/tr>\n<tr>\n<td>Polnischer audiovisueller Verlag<\/td>\n<td><a href=\"http:\/\/www.pwa.gov.pl\/\" target=\"_blank\" rel=\"noopener noreferrer\">www.pwa.gov.pl<\/a><\/td>\n<\/tr>\n<tr>\n<td>Verband polnischer Filmemacher<\/td>\n<td><a href=\"http:\/\/www.sfp.org.pl\/\" target=\"_blank\" rel=\"noopener noreferrer\">www.sfp.org.pl<\/a><\/td>\n<\/tr>\n<tr>\n<td>Polnische Filmdatenbank<\/td>\n<td><a href=\"http:\/\/www.filmpolski.pl\/\" target=\"_blank\" rel=\"noopener noreferrer\">www.filmpolski.pl<\/a><\/td>\n<\/tr>\n<tr>\n<td>Media Desk Polen<\/td>\n<td><a href=\"http:\/\/www.mediadesk.com.pl\/\" target=\"_blank\" rel=\"noopener noreferrer\">www.mediadesk.com.pl<\/a><\/td>\n<\/tr>\n<tr>\n<td>Polnischer Filmpreis Or\u0142y<\/td>\n<td><a href=\"http:\/\/www.pnf.pl\/\" target=\"_blank\" rel=\"noopener noreferrer\">www.pnf.pl<\/a><\/td>\n<\/tr>\n<tr>\n<td>Nationale Filmothek<\/td>\n<td><a href=\"http:\/\/www.fn.org.pl\/\" target=\"_blank\" rel=\"noopener noreferrer\">www.fn.org.pl<\/a><\/td>\n<\/tr>\n<tr>\n<td>Filmportal\u00a0<i>Filmweb.pl<\/i><\/td>\n<td><a href=\"http:\/\/www.filmweb.pl\/\" target=\"_blank\" rel=\"noopener noreferrer\">www.filmweb.pl<\/a><\/td>\n<\/tr>\n<tr>\n<td>Filmportal\u00a0<i>Stopklatka.pl<\/i><\/td>\n<td><a href=\"http:\/\/www.stopklatka.pl\/\" target=\"_blank\" rel=\"noopener noreferrer\">www.stopklatka.pl<\/a><\/td>\n<\/tr>\n<tr>\n<td>Filmhochschule \u0141\u00f3d\u017a<\/td>\n<td><a href=\"http:\/\/www.filmschool.lodz.pl\/\" target=\"_blank\" rel=\"noopener noreferrer\">www.filmschool.lodz.pl<\/a><\/td>\n<\/tr>\n<tr>\n<td>Andrzej Wajda Master School of Film Directing<\/td>\n<td><a href=\"http:\/\/www.wajdaschool.pl\/\" target=\"_blank\" rel=\"noopener noreferrer\">www.wajdaschool.pl<\/a><\/td>\n<\/tr>\n<tr>\n<td>Filmschule Warschau<\/td>\n<td><a href=\"http:\/\/www.szkolafilmowa.pl\/\" target=\"_blank\" rel=\"noopener noreferrer\">www.szkolafilmowa.pl<\/a><\/td>\n<\/tr>\n<tr>\n<td>Krzysztof Kie\u015blowski &#8211; Abt. f. Radio und Fernsehen der Schlesischen Universit\u00e4t<\/td>\n<td><a href=\"http:\/\/www.writv.us.edu.pl\/\" target=\"_blank\" rel=\"noopener noreferrer\">www.writv.us.edu.pl<\/a><\/td>\n<\/tr>\n<tr>\n<td>Filmmuseum<\/td>\n<td><a href=\"http:\/\/www.kinomuzeum.pl\/\" target=\"_blank\" rel=\"noopener noreferrer\">www.kinomuzeum.pl<\/a><\/td>\n<\/tr>\n<tr>\n<td>Kino Polska<\/td>\n<td><a href=\"http:\/\/www.kinopolska.pl\/\" target=\"_blank\" rel=\"noopener noreferrer\">www.kinopolska.pl<\/a><\/td>\n<\/tr>\n<tr>\n<td>Landesverband der Produzenten<br \/>audiovisueller Medien<\/td>\n<td><a href=\"http:\/\/www.kipa.pl\/\" target=\"_blank\" rel=\"noopener noreferrer\">www.kipa.pl<\/a><\/td>\n<\/tr>\n<tr>\n<td>Verband\u00a0<i>Film 1,2<\/i><\/td>\n<td><a href=\"http:\/\/www.film12.pl\/\" target=\"_blank\" rel=\"noopener noreferrer\">www.film12.pl<\/a><\/td>\n<\/tr>\n<tr>\n<td>Statistischer Dienst der Filmbranche\u00a0<i>Boxoffice.pl<\/i><\/td>\n<td><a href=\"http:\/\/www.boxoffice.pl\/\" target=\"_blank\" rel=\"noopener noreferrer\">www.boxoffice.pl<\/a><\/td>\n<\/tr>\n<tr>\n<td>Krak\u00f3w Film Festival \/ Krakowska Fundacja Filmowa<\/td>\n<td><a href=\"http:\/\/www.kff.com.pl\/en\" target=\"_blank\" rel=\"noopener noreferrer\">www.kff.com.pl\/en<\/a><\/td>\n<\/tr>\n<tr>\n<td><b><br \/>Literatur<\/b><\/td>\n<td>\u00a0<\/td>\n<\/tr>\n<tr>\n<td>Buchinstitut Krak\u00f3w<\/td>\n<td><a href=\"http:\/\/www.instytutksiazki.pl\/\" target=\"_blank\" rel=\"noopener noreferrer\">www.instytutksiazki.pl<\/a><\/td>\n<\/tr>\n<tr>\n<td>Czes\u0142aw Mi\u0142osz<\/td>\n<td><a href=\"http:\/\/www.milosz.pl\/\" target=\"_blank\" rel=\"noopener noreferrer\">www.milosz.pl<\/a><\/td>\n<\/tr>\n<tr>\n<td>Villa Decius<\/td>\n<td><a href=\"http:\/\/www.polska2000.pl\/\" target=\"_blank\" rel=\"noopener noreferrer\">www.polska2000.pl<\/a><\/td>\n<\/tr>\n<tr>\n<td><b><br \/>Theater<\/b><\/td>\n<td>\u00a0<\/td>\n<\/tr>\n<tr>\n<td>Nationaltheater in Warschau<\/td>\n<td><a href=\"http:\/\/www.narodowy.pl\/\" target=\"_blank\" rel=\"noopener noreferrer\">www.narodowy.pl<\/a><\/td>\n<\/tr>\n<tr>\n<td>Teatr Polski in Wroc\u0142aw<\/td>\n<td><a href=\"http:\/\/www.teatrpolski.wroc.pl\/\" target=\"_blank\" rel=\"noopener noreferrer\">www.teatrpolski.wroc.pl<\/a><\/td>\n<\/tr>\n<tr>\n<td>Teatr Rozmaito\u015bci Warschau<\/td>\n<td><a href=\"http:\/\/www.trwarszawa.pl\/\" target=\"_blank\" rel=\"noopener noreferrer\">www.trwarszawa.pl<\/a><\/td>\n<\/tr>\n<tr>\n<td>Teatr Wierszalin in Supra\u015bl<\/td>\n<td><a href=\"http:\/\/www.wierszalin.pl\/\" target=\"_blank\" rel=\"noopener noreferrer\">www.wierszalin.pl<\/a><\/td>\n<\/tr>\n<tr>\n<td>Teatr Wielki &#8211; Nationaloper<\/td>\n<td><a href=\"http:\/\/www.teatrwielki.pl\/\" target=\"_blank\" rel=\"noopener noreferrer\">www.teatrwielki.pl<\/a><\/td>\n<\/tr>\n<tr>\n<td>Narodowy Stary Teatr in Krak\u00f3w<\/td>\n<td><a href=\"http:\/\/www.stary-teatr.krakow.pl\/\" target=\"_blank\" rel=\"noopener noreferrer\">www.stary-teatr.krakow.pl<\/a><\/td>\n<\/tr>\n<tr>\n<td>St. l. Witkiewicz &#8211; Theater in Zakopane<\/td>\n<td><a href=\"http:\/\/www.witkacy.zakopane.pl\/\" target=\"_blank\" rel=\"noopener noreferrer\">www.witkacy.zakopane.pl<\/a><\/td>\n<\/tr>\n<tr>\n<td>Zbigniew Raszewski &#8211;\u00a0<br \/>Theater Institut<\/td>\n<td><a href=\"http:\/\/www.instytut-teatralny.pl\/\" target=\"_blank\" rel=\"noopener noreferrer\">www.instytut-teatralny.pl<\/a><\/td>\n<\/tr>\n<tr>\n<td>Jerzy Grotowski &#8211; Institut<\/td>\n<td><a href=\"http:\/\/www.grotcenter.art.pl\/\" target=\"_blank\" rel=\"noopener noreferrer\">www.grotcenter.art.pl<\/a><\/td>\n<\/tr>\n<tr>\n<td>O\u015brodek Praktyk Teatralnych Gardzienice<\/td>\n<td><a href=\"http:\/\/www.gardzienice.art.pl\/\" target=\"_blank\" rel=\"noopener noreferrer\">www.gardzienice.art.pl<\/a><\/td>\n<\/tr>\n<tr>\n<td>Teatr Na Woli<\/td>\n<td><a href=\"http:\/\/www.teatrnawoli.pl\/\" target=\"_blank\" rel=\"noopener noreferrer\">www.teatrnawoli.pl<\/a><\/td>\n<\/tr>\n<tr>\n<td colspan=\"2\">\n<h3>F\u00fcr Studenten<\/h3>\n<\/td>\n<\/tr>\n<tr>\n<td>Studieren in Polen<\/td>\n<td><a href=\"http:\/\/www.studyinpoland.pl\/\" target=\"_blank\" rel=\"noopener noreferrer\">www.studyinpoland.pl<\/a><\/td>\n<\/tr>\n<tr>\n<td colspan=\"2\">\n<h3>Andere Links<\/h3>\n<\/td>\n<\/tr>\n<tr>\n<td>Onlinew\u00f6rterbuch Deutsch-Polnisch<\/td>\n<td><a href=\"http:\/\/de.bab.la\/woerterbuch\/deutsch-polnisch\/\" target=\"_blank\" rel=\"noopener noreferrer\">W\u00f6rterbuch<\/a><\/td>\n<\/tr>\n<tr>\n<td>Onlinew\u00f6rterbuch Englisch-Polnisch<\/td>\n<td><a href=\"http:\/\/en.bab.la\/dictionary\/english-polish\/\" target=\"_blank\" rel=\"noopener noreferrer\">W\u00f6rterbuch<\/a><\/td>\n<\/tr>\n<tr>\n<td colspan=\"2\">\u00a0<\/td>\n<\/tr>\n<tr>\n<td>Stiftung Wissenschaft und Politik<\/td>\n<td><a href=\"http:\/\/www.swp-berlin.org\/\" target=\"_blank\" rel=\"noopener noreferrer\">www.swp-berlin.org<\/a><\/td>\n<\/tr>\n<tr>\n<td>Heinrich-B\u00f6ll-Stiftung<\/td>\n<td><a href=\"http:\/\/www.boell.de\/\" target=\"_blank\" rel=\"noopener noreferrer\">www.boell.de<\/a><\/td>\n<\/tr>\n<tr>\n<td>Konrad-Adenauer-Stiftung<\/td>\n<td><a href=\"http:\/\/www.kas.de\/\" target=\"_blank\" rel=\"noopener noreferrer\">www.kas.de<\/a><\/td>\n<\/tr>\n<tr>\n<td>Friedrich-Naumann-Stiftung<\/td>\n<td><a href=\"http:\/\/www.freiheit.org\/\" target=\"_blank\" rel=\"noopener noreferrer\">www.freiheit.org<\/a><\/td>\n<\/tr>\n<tr>\n<td>Friedrich-Ebert Stiftung<\/td>\n<td><a href=\"http:\/\/www.fes.de\/\" target=\"_blank\" rel=\"noopener noreferrer\">www.fes.de<\/a><\/td>\n<\/tr>\n<tr>\n<td>Theater Studio am Salzufer<\/td>\n<td><a href=\"http:\/\/www.transform-schauspielschule.de\/\" target=\"_blank\" rel=\"noopener noreferrer\">www.transform-schauspielschule.de<\/a><\/td>\n<\/tr>\n<\/tbody>\n<\/table>\n","protected":false},"excerpt":{"rendered":"<p>Filmfestival\u00a0FilmPOLSKA www.filmpolska.de EUNIC Berlin www.eunic-berlin.eu \u00a0 \u00a0 Polnische Ratspr\u00e4sidentschaft www.prezydencjaue.gov.pl \u00a0 \u00a0 Botschaft der Republik Polen in Berlin www.berlin.polemb.net\/index.php Zentrum f\u00fcr Historische Forschung Berlin der Polnischen Akademie der Wissenschaften www.panberlin.de Polnische Tourismusorganisation www.polen.travel.de Abteilung f\u00fcr Handel und Investitionender Botschaft der Republik Polen in der Bundesrepublik Deutschland www.wirtschaft-polen.de Ministerium f\u00fcr Ausw\u00e4rtige Angelegenheiten der Republik Polen www.msz.gov.pl [&hellip;]<\/p>\n","protected":false},"author":1,"featured_media":0,"parent":138,"menu_order":0,"comment_status":"closed","ping_status":"closed","template":"","meta":{"inline_featured_image":false,"_monsterinsights_skip_tracking":false,"_monsterinsights_sitenote_active":false,"_monsterinsights_sitenote_note":"","_monsterinsights_sitenote_category":0,"footnotes":""},"class_list":["post-407","page","type-page","status-publish","hentry"],"yoast_head":"<!-- This site is optimized with the Yoast SEO plugin v24.6 - https:\/\/yoast.com\/wordpress\/plugins\/seo\/ -->\n<title>Links - Instytut Polski w Lipsku<\/title>\n<meta name=\"robots\" content=\"index, follow, max-snippet:-1, max-image-preview:large, max-video-preview:-1\" \/>\n<link rel=\"canonical\" href=\"https:\/\/instytutpolski.pl\/leipzig\/ueber-uns\/links\/\" \/>\n<meta property=\"og:locale\" content=\"pl_PL\" \/>\n<meta property=\"og:type\" content=\"article\" \/>\n<meta property=\"og:title\" content=\"Links - Instytut Polski w Lipsku\" \/>\n<meta property=\"og:description\" content=\"Filmfestival\u00a0FilmPOLSKA www.filmpolska.de EUNIC Berlin www.eunic-berlin.eu \u00a0 \u00a0 Polnische Ratspr\u00e4sidentschaft www.prezydencjaue.gov.pl \u00a0 \u00a0 Botschaft der Republik Polen in Berlin www.berlin.polemb.net\/index.php Zentrum f\u00fcr Historische Forschung Berlin der Polnischen Akademie der Wissenschaften www.panberlin.de Polnische Tourismusorganisation www.polen.travel.de Abteilung f\u00fcr Handel und Investitionender Botschaft der Republik Polen in der Bundesrepublik Deutschland www.wirtschaft-polen.de Ministerium f\u00fcr Ausw\u00e4rtige Angelegenheiten der Republik Polen www.msz.gov.pl [&hellip;]\" \/>\n<meta property=\"og:url\" content=\"https:\/\/instytutpolski.pl\/leipzig\/ueber-uns\/links\/\" \/>\n<meta property=\"og:site_name\" content=\"Instytut Polski w Lipsku\" \/>\n<meta property=\"article:modified_time\" content=\"2019-07-15T09:50:26+00:00\" \/>\n<meta name=\"twitter:card\" content=\"summary_large_image\" \/>\n<meta name=\"twitter:label1\" content=\"Szacowany czas czytania\" \/>\n\t<meta name=\"twitter:data1\" content=\"4 minuty\" \/>\n<script type=\"application\/ld+json\" class=\"yoast-schema-graph\">{\"@context\":\"https:\/\/schema.org\",\"@graph\":[{\"@type\":\"WebPage\",\"@id\":\"https:\/\/instytutpolski.pl\/leipzig\/ueber-uns\/links\/\",\"url\":\"https:\/\/instytutpolski.pl\/leipzig\/ueber-uns\/links\/\",\"name\":\"Links - Instytut Polski w Lipsku\",\"isPartOf\":{\"@id\":\"https:\/\/instytutpolski.pl\/leipzig\/#website\"},\"datePublished\":\"2019-07-15T09:50:25+00:00\",\"dateModified\":\"2019-07-15T09:50:26+00:00\",\"breadcrumb\":{\"@id\":\"https:\/\/instytutpolski.pl\/leipzig\/ueber-uns\/links\/#breadcrumb\"},\"inLanguage\":\"pl-PL\",\"potentialAction\":[{\"@type\":\"ReadAction\",\"target\":[\"https:\/\/instytutpolski.pl\/leipzig\/ueber-uns\/links\/\"]}]},{\"@type\":\"BreadcrumbList\",\"@id\":\"https:\/\/instytutpolski.pl\/leipzig\/ueber-uns\/links\/#breadcrumb\",\"itemListElement\":[{\"@type\":\"ListItem\",\"position\":1,\"name\":\"Home\",\"item\":\"https:\/\/instytutpolski.pl\/leipzig\/\"},{\"@type\":\"ListItem\",\"position\":2,\"name\":\"\u00dcber uns\",\"item\":\"https:\/\/instytutpolski.pl\/leipzig\/ueber-uns\/\"},{\"@type\":\"ListItem\",\"position\":3,\"name\":\"Links\"}]},{\"@type\":\"WebSite\",\"@id\":\"https:\/\/instytutpolski.pl\/leipzig\/#website\",\"url\":\"https:\/\/instytutpolski.pl\/leipzig\/\",\"name\":\"Instytut Polski w Lipsku\",\"description\":\"Kolejna witryna sieci &#8222;Instytuty Polskie&#8221;\",\"potentialAction\":[{\"@type\":\"SearchAction\",\"target\":{\"@type\":\"EntryPoint\",\"urlTemplate\":\"https:\/\/instytutpolski.pl\/leipzig\/?s={search_term_string}\"},\"query-input\":{\"@type\":\"PropertyValueSpecification\",\"valueRequired\":true,\"valueName\":\"search_term_string\"}}],\"inLanguage\":\"pl-PL\"}]}<\/script>\n<!-- \/ Yoast SEO plugin. -->","yoast_head_json":{"title":"Links - Instytut Polski w Lipsku","robots":{"index":"index","follow":"follow","max-snippet":"max-snippet:-1","max-image-preview":"max-image-preview:large","max-video-preview":"max-video-preview:-1"},"canonical":"https:\/\/instytutpolski.pl\/leipzig\/ueber-uns\/links\/","og_locale":"pl_PL","og_type":"article","og_title":"Links - Instytut Polski w Lipsku","og_description":"Filmfestival\u00a0FilmPOLSKA www.filmpolska.de EUNIC Berlin www.eunic-berlin.eu \u00a0 \u00a0 Polnische Ratspr\u00e4sidentschaft www.prezydencjaue.gov.pl \u00a0 \u00a0 Botschaft der Republik Polen in Berlin www.berlin.polemb.net\/index.php Zentrum f\u00fcr Historische Forschung Berlin der Polnischen Akademie der Wissenschaften www.panberlin.de Polnische Tourismusorganisation www.polen.travel.de Abteilung f\u00fcr Handel und Investitionender Botschaft der Republik Polen in der Bundesrepublik Deutschland www.wirtschaft-polen.de Ministerium f\u00fcr Ausw\u00e4rtige Angelegenheiten der Republik Polen www.msz.gov.pl [&hellip;]","og_url":"https:\/\/instytutpolski.pl\/leipzig\/ueber-uns\/links\/","og_site_name":"Instytut Polski w Lipsku","article_modified_time":"2019-07-15T09:50:26+00:00","twitter_card":"summary_large_image","twitter_misc":{"Szacowany czas czytania":"4 minuty"},"schema":{"@context":"https:\/\/schema.org","@graph":[{"@type":"WebPage","@id":"https:\/\/instytutpolski.pl\/leipzig\/ueber-uns\/links\/","url":"https:\/\/instytutpolski.pl\/leipzig\/ueber-uns\/links\/","name":"Links - Instytut Polski w Lipsku","isPartOf":{"@id":"https:\/\/instytutpolski.pl\/leipzig\/#website"},"datePublished":"2019-07-15T09:50:25+00:00","dateModified":"2019-07-15T09:50:26+00:00","breadcrumb":{"@id":"https:\/\/instytutpolski.pl\/leipzig\/ueber-uns\/links\/#breadcrumb"},"inLanguage":"pl-PL","potentialAction":[{"@type":"ReadAction","target":["https:\/\/instytutpolski.pl\/leipzig\/ueber-uns\/links\/"]}]},{"@type":"BreadcrumbList","@id":"https:\/\/instytutpolski.pl\/leipzig\/ueber-uns\/links\/#breadcrumb","itemListElement":[{"@type":"ListItem","position":1,"name":"Home","item":"https:\/\/instytutpolski.pl\/leipzig\/"},{"@type":"ListItem","position":2,"name":"\u00dcber uns","item":"https:\/\/instytutpolski.pl\/leipzig\/ueber-uns\/"},{"@type":"ListItem","position":3,"name":"Links"}]},{"@type":"WebSite","@id":"https:\/\/instytutpolski.pl\/leipzig\/#website","url":"https:\/\/instytutpolski.pl\/leipzig\/","name":"Instytut Polski w Lipsku","description":"Kolejna witryna sieci &#8222;Instytuty Polskie&#8221;","potentialAction":[{"@type":"SearchAction","target":{"@type":"EntryPoint","urlTemplate":"https:\/\/instytutpolski.pl\/leipzig\/?s={search_term_string}"},"query-input":{"@type":"PropertyValueSpecification","valueRequired":true,"valueName":"search_term_string"}}],"inLanguage":"pl-PL"}]}},"_links":{"self":[{"href":"https:\/\/instytutpolski.pl\/leipzig\/wp-json\/wp\/v2\/pages\/407","targetHints":{"allow":["GET"]}}],"collection":[{"href":"https:\/\/instytutpolski.pl\/leipzig\/wp-json\/wp\/v2\/pages"}],"about":[{"href":"https:\/\/instytutpolski.pl\/leipzig\/wp-json\/wp\/v2\/types\/page"}],"author":[{"embeddable":true,"href":"https:\/\/instytutpolski.pl\/leipzig\/wp-json\/wp\/v2\/users\/1"}],"replies":[{"embeddable":true,"href":"https:\/\/instytutpolski.pl\/leipzig\/wp-json\/wp\/v2\/comments?post=407"}],"version-history":[{"count":1,"href":"https:\/\/instytutpolski.pl\/leipzig\/wp-json\/wp\/v2\/pages\/407\/revisions"}],"predecessor-version":[{"id":408,"href":"https:\/\/instytutpolski.pl\/leipzig\/wp-json\/wp\/v2\/pages\/407\/revisions\/408"}],"up":[{"embeddable":true,"href":"https:\/\/instytutpolski.pl\/leipzig\/wp-json\/wp\/v2\/pages\/138"}],"wp:attachment":[{"href":"https:\/\/instytutpolski.pl\/leipzig\/wp-json\/wp\/v2\/media?parent=407"}],"curies":[{"name":"wp","href":"https:\/\/api.w.org\/{rel}","templated":true}]}}