{"id":932,"date":"2020-06-09T15:46:08","date_gmt":"2020-06-09T13:46:08","guid":{"rendered":"https:\/\/instytutpolski.pl\/leipzig\/?page_id=932"},"modified":"2020-07-09T10:47:21","modified_gmt":"2020-07-09T08:47:21","slug":"unesco-welterbe-in-polen","status":"publish","type":"page","link":"https:\/\/instytutpolski.pl\/leipzig\/polen-erleben\/unesco-welterbe-in-polen\/","title":{"rendered":"UNESCO-Welterbe in Polen"},"content":{"rendered":"\n<p>Hier finden Sie Informationen \u00fcber polnische Objekte auf der Welterbe-Liste der UNESCO.<\/p>\n\n\n\n<ul>\n<li><a href=\"https:\/\/instytutpolski.pl\/leipzig\/polen-erleben\/unesco-welterbe-in-polen\/auschwitz\/\"><strong>Auschwitz-Birkenau<\/strong>: Deutsches nationalsozialistisches Konzentrations- und Vernichtungslager (1940\u20131945)<\/a> \u21d2 <span style=\"color: #0000ff\"><a style=\"color: #0000ff\" href=\"https:\/\/instytutpolski.pl\/leipzig\/wp-content\/uploads\/sites\/29\/2020\/07\/www-UNESCO-Auschwitz.pdf\">[PDF]<\/a><\/span><\/li>\n<li><a href=\"https:\/\/instytutpolski.pl\/leipzig\/polen-erleben\/unesco-welterbe-in-polen\/bialowieza\/\">Waldgebiet <strong>Bia\u0142owie\u017ca<\/strong>: Grenz\u00fcberschreitendes Naturerbe an der Grenze zwischen Polen und Wei\u00dfrussland<\/a> \u21d2 <span style=\"color: #0000ff\"><a style=\"color: #0000ff\" href=\"https:\/\/instytutpolski.pl\/leipzig\/wp-content\/uploads\/sites\/29\/2020\/07\/www-UNESCO-Bialowieza.pdf\">[PDF]<\/a><\/span><\/li>\n<li><a href=\"https:\/\/instytutpolski.pl\/leipzig\/polen-erleben\/unesco-welterbe-in-polen\/friedenskirchen\/\">Friedenskirchen in <strong>Jawor<\/strong> und <strong>\u015awidnica<\/strong><\/a>&nbsp;\u21d2 <span style=\"color: #0000ff\"><a style=\"color: #0000ff\" href=\"https:\/\/instytutpolski.pl\/leipzig\/wp-content\/uploads\/sites\/29\/2020\/07\/www-UNESCO-Friedenskirchen.pdf\">[PDF]<\/a><\/span><\/li>\n<li><a href=\"https:\/\/instytutpolski.pl\/leipzig\/polen-erleben\/unesco-welterbe-in-polen\/holzkirchen\/\">Holzkirchen im S\u00fcden Kleinpolens: <strong>Binarowa<\/strong>, <strong>Blizne<\/strong>, <strong>D\u0119bno<\/strong>, <strong>Hacz\u00f3w<\/strong>, <strong>Lipnica Murowana<\/strong> und <strong>S\u0119kowa<\/strong><\/a>&nbsp;\u21d2 <span style=\"color: #0000ff\"><a style=\"color: #0000ff\" href=\"https:\/\/instytutpolski.pl\/leipzig\/wp-content\/uploads\/sites\/29\/2020\/07\/www-UNESCO-Holzkirchen.pdf\">[PDF]<\/a><\/span><\/li>\n<li><a href=\"https:\/\/instytutpolski.pl\/leipzig\/polen-erleben\/unesco-welterbe-in-polen\/jahrhunderthalle\/\">Jahrhunderthalle in <strong>Wroc\u0142aw<\/strong><\/a>&nbsp;\u21d2 <span style=\"color: #0000ff\"><a style=\"color: #0000ff\" href=\"https:\/\/instytutpolski.pl\/leipzig\/wp-content\/uploads\/sites\/29\/2020\/07\/www-UNESCO-Jahrhunderthalle.pdf\">[PDF]<\/a><\/span><\/li>\n<li><a href=\"https:\/\/instytutpolski.pl\/leipzig\/polen-erleben\/unesco-welterbe-in-polen\/kalwaria-zebrzydowska\/\">Kalvarienberg in <strong>Kalwaria Zebrzydowska<\/strong>: manieristischer Geb\u00e4ude- und Landschaftskomplex &amp; Pilgerpark<\/a>&nbsp;\u21d2 <a href=\"https:\/\/instytutpolski.pl\/leipzig\/wp-content\/uploads\/sites\/29\/2020\/07\/www-UNESCO-Kalwaria.pdf\"><span style=\"color: #0000ff\">[PDF]<\/span><\/a><\/li>\n<li><a href=\"https:\/\/instytutpolski.pl\/leipzig\/polen-erleben\/unesco-welterbe-in-polen\/krakow\/\">Altstadt von <strong>Krak\u00f3w<\/strong>, Wawel, Kazimierz und Stradom<\/a>&nbsp;\u21d2 <span style=\"color: #0000ff\"><a style=\"color: #0000ff\" href=\"https:\/\/instytutpolski.pl\/leipzig\/wp-content\/uploads\/sites\/29\/2020\/07\/www-UNESCO-Krakow.pdf\">[PDF]<\/a><\/span><\/li>\n<li><a href=\"https:\/\/instytutpolski.pl\/leipzig\/polen-erleben\/unesco-welterbe-in-polen\/krzemionki\/\"><strong>Krzemionki<\/strong> \u2013 Montanregion der pr\u00e4historischen Gewinnung von geb\u00e4ndertem Feuerstein<\/a>&nbsp;\u21d2 <a href=\"https:\/\/instytutpolski.pl\/leipzig\/wp-content\/uploads\/sites\/29\/2020\/07\/www-UNESCO-Krzemionki.pdf\"><span style=\"color: #0000ff\">[PDF]<\/span><\/a><\/li>\n<li><a href=\"https:\/\/instytutpolski.pl\/leipzig\/polen-erleben\/unesco-welterbe-in-polen\/malbork\/\">Marienburg in <strong>Malbork<\/strong><\/a>&nbsp;\u21d2 <span style=\"color: #0000ff\"><a style=\"color: #0000ff\" href=\"https:\/\/instytutpolski.pl\/leipzig\/wp-content\/uploads\/sites\/29\/2020\/07\/www-UNESCO-Malbork_small.pdf\">[PDF]<\/a><\/span><\/li>\n<li><a href=\"https:\/\/instytutpolski.pl\/leipzig\/polen-erleben\/unesco-welterbe-in-polen\/muskauer-park\/\"><strong>Muskauer Park<\/strong> (Park Mu\u017cakowski) \u2013 eine grenz\u00fcberschreitende deutsch-polnische St\u00e4tte<\/a>&nbsp;\u21d2 <span style=\"color: #0000ff\"><a style=\"color: #0000ff\" href=\"https:\/\/instytutpolski.pl\/leipzig\/wp-content\/uploads\/sites\/29\/2020\/07\/www-UNESCO-Muskauer-Park.pdf\">[PDF]<\/a><\/span><\/li>\n<li><a href=\"https:\/\/instytutpolski.pl\/leipzig\/polen-erleben\/unesco-welterbe-in-polen\/tarnowskie-gory\/\">Blei-Silber-Zink-Mine von <strong>Tarnowskie G\u00f3ry<\/strong> und ihr unterirdisches Wasserleitungssystem<\/a>&nbsp;\u21d2 <span style=\"color: #0000ff\"><a style=\"color: #0000ff\" href=\"https:\/\/instytutpolski.pl\/leipzig\/wp-content\/uploads\/sites\/29\/2020\/07\/www-UNESCO-Tarnowskie-Gory.pdf\">[PDF]<\/a><\/span><\/li>\n<li><a href=\"https:\/\/instytutpolski.pl\/leipzig\/polen-erleben\/unesco-welterbe-in-polen\/torun\/\">Mittelalterlicher Stadtkomplex von <strong>Toru\u0144<\/strong><\/a>&nbsp;\u21d2 <span style=\"color: #0000ff\"><a style=\"color: #0000ff\" href=\"https:\/\/instytutpolski.pl\/leipzig\/wp-content\/uploads\/sites\/29\/2020\/07\/www-UNESCO-Torun.pdf\">[PDF]<\/a><\/span><\/li>\n<li><a href=\"https:\/\/instytutpolski.pl\/leipzig\/polen-erleben\/unesco-welterbe-in-polen\/warschau\/\">Altstadt von <strong>Warschau<\/strong><\/a>&nbsp;\u21d2 <span style=\"color: #0000ff\"><a style=\"color: #0000ff\" href=\"https:\/\/instytutpolski.pl\/leipzig\/wp-content\/uploads\/sites\/29\/2020\/07\/www-UNESCO-Warszawa.pdf\">[PDF]<\/a><\/span><\/li>\n<li><a href=\"https:\/\/instytutpolski.pl\/leipzig\/polen-erleben\/unesco-welterbe-in-polen\/wieliczka-bochnia\/\">Salzbergwerke in Wieliczka und Bochnia sowie Salzgrafenschloss <strong>Wieliczka<\/strong><\/a>&nbsp;\u21d2 <span style=\"color: #0000ff\"><a style=\"color: #0000ff\" href=\"https:\/\/instytutpolski.pl\/leipzig\/wp-content\/uploads\/sites\/29\/2020\/07\/www-UNESCO-Wieliczka-Bochnia.pdf\">[PDF]<\/a><\/span><\/li>\n<li><a href=\"https:\/\/instytutpolski.pl\/leipzig\/polen-erleben\/unesco-welterbe-in-polen\/zamosc\/\">Altstadt von <strong>Zamo\u015b\u0107<\/strong><\/a>&nbsp;\u21d2 <span style=\"color: #0000ff\"><a style=\"color: #0000ff\" href=\"https:\/\/instytutpolski.pl\/leipzig\/wp-content\/uploads\/sites\/29\/2020\/07\/www-UNESCO-Zamosc.pdf\">[PDF]<\/a><\/span><\/li>\n<\/ul>\n\n\n\n<p>Weitere Informationen und Bilder zu anerkannten, kandidierenden und abgelehnten Welterbe-St\u00e4tten in Polen finden Sie hier: <a href=\"https:\/\/de.wikipedia.org\/wiki\/Welterbe_in_Polen\">de.wikipedia.org\/wiki\/Welterbe_in_Polen<\/a><\/p>\n","protected":false},"excerpt":{"rendered":"<p>Hier finden Sie Informationen \u00fcber polnische Objekte auf der Welterbe-Liste der UNESCO. Auschwitz-Birkenau: Deutsches nationalsozialistisches Konzentrations- und Vernichtungslager (1940\u20131945) \u21d2 [PDF] Waldgebiet Bia\u0142owie\u017ca: Grenz\u00fcberschreitendes Naturerbe an der Grenze zwischen Polen und Wei\u00dfrussland \u21d2 [PDF] Friedenskirchen in Jawor und \u015awidnica&nbsp;\u21d2 [PDF] Holzkirchen im S\u00fcden Kleinpolens: Binarowa, Blizne, D\u0119bno, Hacz\u00f3w, Lipnica Murowana und S\u0119kowa&nbsp;\u21d2 [PDF] Jahrhunderthalle in [&hellip;]<\/p>\n","protected":false},"author":79,"featured_media":828,"parent":27,"menu_order":0,"comment_status":"closed","ping_status":"closed","template":"","meta":{"inline_featured_image":false,"_monsterinsights_skip_tracking":false,"_monsterinsights_sitenote_active":false,"_monsterinsights_sitenote_note":"","_monsterinsights_sitenote_category":0,"footnotes":""},"class_list":["post-932","page","type-page","status-publish","has-post-thumbnail","hentry"],"yoast_head":"<!-- This site is optimized with the Yoast SEO plugin v24.6 - https:\/\/yoast.com\/wordpress\/plugins\/seo\/ -->\n<title>UNESCO-Welterbe in Polen - Instytut Polski w Lipsku<\/title>\n<meta name=\"robots\" content=\"index, follow, max-snippet:-1, max-image-preview:large, max-video-preview:-1\" \/>\n<link rel=\"canonical\" href=\"https:\/\/instytutpolski.pl\/leipzig\/polen-erleben\/unesco-welterbe-in-polen\/\" \/>\n<meta property=\"og:locale\" content=\"pl_PL\" \/>\n<meta property=\"og:type\" content=\"article\" \/>\n<meta property=\"og:title\" content=\"UNESCO-Welterbe in Polen - Instytut Polski w Lipsku\" \/>\n<meta property=\"og:description\" content=\"Hier finden Sie Informationen \u00fcber polnische Objekte auf der Welterbe-Liste der UNESCO. Auschwitz-Birkenau: Deutsches nationalsozialistisches Konzentrations- und Vernichtungslager (1940\u20131945) \u21d2 [PDF] Waldgebiet Bia\u0142owie\u017ca: Grenz\u00fcberschreitendes Naturerbe an der Grenze zwischen Polen und Wei\u00dfrussland \u21d2 [PDF] Friedenskirchen in Jawor und \u015awidnica&nbsp;\u21d2 [PDF] Holzkirchen im S\u00fcden Kleinpolens: Binarowa, Blizne, D\u0119bno, Hacz\u00f3w, Lipnica Murowana und S\u0119kowa&nbsp;\u21d2 [PDF] Jahrhunderthalle in [&hellip;]\" \/>\n<meta property=\"og:url\" content=\"https:\/\/instytutpolski.pl\/leipzig\/polen-erleben\/unesco-welterbe-in-polen\/\" \/>\n<meta property=\"og:site_name\" content=\"Instytut Polski w Lipsku\" \/>\n<meta property=\"article:modified_time\" content=\"2020-07-09T08:47:21+00:00\" \/>\n<meta property=\"og:image\" content=\"https:\/\/instytutpolski.pl\/leipzig\/wp-content\/uploads\/sites\/29\/2020\/05\/7.png\" \/>\n\t<meta property=\"og:image:width\" content=\"1200\" \/>\n\t<meta property=\"og:image:height\" content=\"600\" \/>\n\t<meta property=\"og:image:type\" content=\"image\/png\" \/>\n<meta name=\"twitter:card\" content=\"summary_large_image\" \/>\n<meta name=\"twitter:label1\" content=\"Szacowany czas czytania\" \/>\n\t<meta name=\"twitter:data1\" content=\"1 minuta\" \/>\n<script type=\"application\/ld+json\" class=\"yoast-schema-graph\">{\"@context\":\"https:\/\/schema.org\",\"@graph\":[{\"@type\":\"WebPage\",\"@id\":\"https:\/\/instytutpolski.pl\/leipzig\/polen-erleben\/unesco-welterbe-in-polen\/\",\"url\":\"https:\/\/instytutpolski.pl\/leipzig\/polen-erleben\/unesco-welterbe-in-polen\/\",\"name\":\"UNESCO-Welterbe in Polen - Instytut Polski w Lipsku\",\"isPartOf\":{\"@id\":\"https:\/\/instytutpolski.pl\/leipzig\/#website\"},\"primaryImageOfPage\":{\"@id\":\"https:\/\/instytutpolski.pl\/leipzig\/polen-erleben\/unesco-welterbe-in-polen\/#primaryimage\"},\"image\":{\"@id\":\"https:\/\/instytutpolski.pl\/leipzig\/polen-erleben\/unesco-welterbe-in-polen\/#primaryimage\"},\"thumbnailUrl\":\"https:\/\/instytutpolski.pl\/leipzig\/wp-content\/uploads\/sites\/29\/2020\/05\/7.png\",\"datePublished\":\"2020-06-09T13:46:08+00:00\",\"dateModified\":\"2020-07-09T08:47:21+00:00\",\"breadcrumb\":{\"@id\":\"https:\/\/instytutpolski.pl\/leipzig\/polen-erleben\/unesco-welterbe-in-polen\/#breadcrumb\"},\"inLanguage\":\"pl-PL\",\"potentialAction\":[{\"@type\":\"ReadAction\",\"target\":[\"https:\/\/instytutpolski.pl\/leipzig\/polen-erleben\/unesco-welterbe-in-polen\/\"]}]},{\"@type\":\"ImageObject\",\"inLanguage\":\"pl-PL\",\"@id\":\"https:\/\/instytutpolski.pl\/leipzig\/polen-erleben\/unesco-welterbe-in-polen\/#primaryimage\",\"url\":\"https:\/\/instytutpolski.pl\/leipzig\/wp-content\/uploads\/sites\/29\/2020\/05\/7.png\",\"contentUrl\":\"https:\/\/instytutpolski.pl\/leipzig\/wp-content\/uploads\/sites\/29\/2020\/05\/7.png\",\"width\":1200,\"height\":600},{\"@type\":\"BreadcrumbList\",\"@id\":\"https:\/\/instytutpolski.pl\/leipzig\/polen-erleben\/unesco-welterbe-in-polen\/#breadcrumb\",\"itemListElement\":[{\"@type\":\"ListItem\",\"position\":1,\"name\":\"Home\",\"item\":\"https:\/\/instytutpolski.pl\/leipzig\/\"},{\"@type\":\"ListItem\",\"position\":2,\"name\":\"Polen erleben\",\"item\":\"https:\/\/instytutpolski.pl\/leipzig\/polen-erleben\/\"},{\"@type\":\"ListItem\",\"position\":3,\"name\":\"UNESCO-Welterbe in Polen\"}]},{\"@type\":\"WebSite\",\"@id\":\"https:\/\/instytutpolski.pl\/leipzig\/#website\",\"url\":\"https:\/\/instytutpolski.pl\/leipzig\/\",\"name\":\"Instytut Polski w Lipsku\",\"description\":\"Kolejna witryna sieci &#8222;Instytuty Polskie&#8221;\",\"potentialAction\":[{\"@type\":\"SearchAction\",\"target\":{\"@type\":\"EntryPoint\",\"urlTemplate\":\"https:\/\/instytutpolski.pl\/leipzig\/?s={search_term_string}\"},\"query-input\":{\"@type\":\"PropertyValueSpecification\",\"valueRequired\":true,\"valueName\":\"search_term_string\"}}],\"inLanguage\":\"pl-PL\"}]}<\/script>\n<!-- \/ Yoast SEO plugin. -->","yoast_head_json":{"title":"UNESCO-Welterbe in Polen - Instytut Polski w Lipsku","robots":{"index":"index","follow":"follow","max-snippet":"max-snippet:-1","max-image-preview":"max-image-preview:large","max-video-preview":"max-video-preview:-1"},"canonical":"https:\/\/instytutpolski.pl\/leipzig\/polen-erleben\/unesco-welterbe-in-polen\/","og_locale":"pl_PL","og_type":"article","og_title":"UNESCO-Welterbe in Polen - Instytut Polski w Lipsku","og_description":"Hier finden Sie Informationen \u00fcber polnische Objekte auf der Welterbe-Liste der UNESCO. Auschwitz-Birkenau: Deutsches nationalsozialistisches Konzentrations- und Vernichtungslager (1940\u20131945) \u21d2 [PDF] Waldgebiet Bia\u0142owie\u017ca: Grenz\u00fcberschreitendes Naturerbe an der Grenze zwischen Polen und Wei\u00dfrussland \u21d2 [PDF] Friedenskirchen in Jawor und \u015awidnica&nbsp;\u21d2 [PDF] Holzkirchen im S\u00fcden Kleinpolens: Binarowa, Blizne, D\u0119bno, Hacz\u00f3w, Lipnica Murowana und S\u0119kowa&nbsp;\u21d2 [PDF] Jahrhunderthalle in [&hellip;]","og_url":"https:\/\/instytutpolski.pl\/leipzig\/polen-erleben\/unesco-welterbe-in-polen\/","og_site_name":"Instytut Polski w Lipsku","article_modified_time":"2020-07-09T08:47:21+00:00","og_image":[{"width":1200,"height":600,"url":"https:\/\/instytutpolski.pl\/leipzig\/wp-content\/uploads\/sites\/29\/2020\/05\/7.png","type":"image\/png"}],"twitter_card":"summary_large_image","twitter_misc":{"Szacowany czas czytania":"1 minuta"},"schema":{"@context":"https:\/\/schema.org","@graph":[{"@type":"WebPage","@id":"https:\/\/instytutpolski.pl\/leipzig\/polen-erleben\/unesco-welterbe-in-polen\/","url":"https:\/\/instytutpolski.pl\/leipzig\/polen-erleben\/unesco-welterbe-in-polen\/","name":"UNESCO-Welterbe in Polen - Instytut Polski w Lipsku","isPartOf":{"@id":"https:\/\/instytutpolski.pl\/leipzig\/#website"},"primaryImageOfPage":{"@id":"https:\/\/instytutpolski.pl\/leipzig\/polen-erleben\/unesco-welterbe-in-polen\/#primaryimage"},"image":{"@id":"https:\/\/instytutpolski.pl\/leipzig\/polen-erleben\/unesco-welterbe-in-polen\/#primaryimage"},"thumbnailUrl":"https:\/\/instytutpolski.pl\/leipzig\/wp-content\/uploads\/sites\/29\/2020\/05\/7.png","datePublished":"2020-06-09T13:46:08+00:00","dateModified":"2020-07-09T08:47:21+00:00","breadcrumb":{"@id":"https:\/\/instytutpolski.pl\/leipzig\/polen-erleben\/unesco-welterbe-in-polen\/#breadcrumb"},"inLanguage":"pl-PL","potentialAction":[{"@type":"ReadAction","target":["https:\/\/instytutpolski.pl\/leipzig\/polen-erleben\/unesco-welterbe-in-polen\/"]}]},{"@type":"ImageObject","inLanguage":"pl-PL","@id":"https:\/\/instytutpolski.pl\/leipzig\/polen-erleben\/unesco-welterbe-in-polen\/#primaryimage","url":"https:\/\/instytutpolski.pl\/leipzig\/wp-content\/uploads\/sites\/29\/2020\/05\/7.png","contentUrl":"https:\/\/instytutpolski.pl\/leipzig\/wp-content\/uploads\/sites\/29\/2020\/05\/7.png","width":1200,"height":600},{"@type":"BreadcrumbList","@id":"https:\/\/instytutpolski.pl\/leipzig\/polen-erleben\/unesco-welterbe-in-polen\/#breadcrumb","itemListElement":[{"@type":"ListItem","position":1,"name":"Home","item":"https:\/\/instytutpolski.pl\/leipzig\/"},{"@type":"ListItem","position":2,"name":"Polen erleben","item":"https:\/\/instytutpolski.pl\/leipzig\/polen-erleben\/"},{"@type":"ListItem","position":3,"name":"UNESCO-Welterbe in Polen"}]},{"@type":"WebSite","@id":"https:\/\/instytutpolski.pl\/leipzig\/#website","url":"https:\/\/instytutpolski.pl\/leipzig\/","name":"Instytut Polski w Lipsku","description":"Kolejna witryna sieci &#8222;Instytuty Polskie&#8221;","potentialAction":[{"@type":"SearchAction","target":{"@type":"EntryPoint","urlTemplate":"https:\/\/instytutpolski.pl\/leipzig\/?s={search_term_string}"},"query-input":{"@type":"PropertyValueSpecification","valueRequired":true,"valueName":"search_term_string"}}],"inLanguage":"pl-PL"}]}},"_links":{"self":[{"href":"https:\/\/instytutpolski.pl\/leipzig\/wp-json\/wp\/v2\/pages\/932","targetHints":{"allow":["GET"]}}],"collection":[{"href":"https:\/\/instytutpolski.pl\/leipzig\/wp-json\/wp\/v2\/pages"}],"about":[{"href":"https:\/\/instytutpolski.pl\/leipzig\/wp-json\/wp\/v2\/types\/page"}],"author":[{"embeddable":true,"href":"https:\/\/instytutpolski.pl\/leipzig\/wp-json\/wp\/v2\/users\/79"}],"replies":[{"embeddable":true,"href":"https:\/\/instytutpolski.pl\/leipzig\/wp-json\/wp\/v2\/comments?post=932"}],"version-history":[{"count":29,"href":"https:\/\/instytutpolski.pl\/leipzig\/wp-json\/wp\/v2\/pages\/932\/revisions"}],"predecessor-version":[{"id":1489,"href":"https:\/\/instytutpolski.pl\/leipzig\/wp-json\/wp\/v2\/pages\/932\/revisions\/1489"}],"up":[{"embeddable":true,"href":"https:\/\/instytutpolski.pl\/leipzig\/wp-json\/wp\/v2\/pages\/27"}],"wp:featuredmedia":[{"embeddable":true,"href":"https:\/\/instytutpolski.pl\/leipzig\/wp-json\/wp\/v2\/media\/828"}],"wp:attachment":[{"href":"https:\/\/instytutpolski.pl\/leipzig\/wp-json\/wp\/v2\/media?parent=932"}],"curies":[{"name":"wp","href":"https:\/\/api.w.org\/{rel}","templated":true}]}}