{"id":98,"date":"2019-07-11T09:16:56","date_gmt":"2019-07-11T07:16:56","guid":{"rendered":"https:\/\/instytutpolski.pl\/lipsk\/?page_id=98"},"modified":"2022-04-26T21:56:03","modified_gmt":"2022-04-26T19:56:03","slug":"polnische-sprache","status":"publish","type":"page","link":"https:\/\/instytutpolski.pl\/leipzig\/polnische-sprache\/","title":{"rendered":"Polnische Sprache"},"content":{"rendered":"\n<p>\u21d2 <a href=\"https:\/\/instytutpolski.pl\/leipzig\/polnische-sprache\/sprachkurse\/\">Sprachkurse im Polnischen Institut<\/a><\/p>\n<p>\u21d2 <a href=\"https:\/\/instytutpolski.pl\/leipzig\/polnische-sprache\/andere-polnischkurse\/\">Andere Polnischkurse in Sachsen, Th\u00fcringen und Sachsen-Anhalt<\/a><\/p>\n<p>\u21d2 <a href=\"https:\/\/instytutpolski.pl\/leipzig\/polnische-sprache\/polnische-lektorate-an-hochschulen\/\">Polnische Lektorate an Hochschulen<\/a><\/p>\n<p>\u21d2 <a href=\"https:\/\/instytutpolski.pl\/leipzig\/polnische-sprache\/polenstudien\/\">Polenstudien<\/a><\/p>\n<p>\u21d2 <a href=\"https:\/\/instytutpolski.pl\/leipzig\/polnische-sprache\/kurse-sommerschulen\/\">Kurse &amp; Sommerschulen in Polen &amp; online<\/a><\/p>\n<p>\u21d2 Polnisch-Zertifikate &gt; <a href=\"https:\/\/certyfikatpolski.pl\/\">certyfikatpolski.pl<\/a> (extern)<\/p>\n<p>\u21d2 NAWA \/ Polnische Sprachsektion &gt; <a href=\"https:\/\/nawa.gov.pl\/jezyk-polski\">nawa.gov.pl<\/a> (extern)<\/p>\n<p>\u21d2 Polnische Sprach- und Kulturkurse &gt; <a href=\"https:\/\/nawa.gov.pl\/en\/the-polish-language\/nawa-summer-courses\">nawa.gov.pl<\/a> (extern)<\/p>\n<p>\u00a0<\/p>\n<hr \/><hr \/>\n<h6>Das Polnische Institut \u00fcbernimmt keine Haftung f\u00fcr den Inhalt weiterf\u00fchrender Links und distanziert sich ausdr\u00fccklich von deren Inhalt. Das Polnische Institut \u00fcbernimmt keine Haftung f\u00fcr die Qualit\u00e4t und den Ablauf der hier benannten Sprachkurse und Sommerschulen. Die Haftung und Verantwortung liegt beim jeweiligen Veranstalter.<\/h6>\n","protected":false},"excerpt":{"rendered":"<p>\u21d2 Sprachkurse im Polnischen Institut \u21d2 Andere Polnischkurse in Sachsen, Th\u00fcringen und Sachsen-Anhalt \u21d2 Polnische Lektorate an Hochschulen \u21d2 Polenstudien \u21d2 Kurse &amp; Sommerschulen in Polen &amp; online \u21d2 Polnisch-Zertifikate &gt; certyfikatpolski.pl (extern) \u21d2 NAWA \/ Polnische Sprachsektion &gt; nawa.gov.pl (extern) \u21d2 Polnische Sprach- und Kulturkurse &gt; nawa.gov.pl (extern) \u00a0 Das Polnische Institut \u00fcbernimmt keine [&hellip;]<\/p>\n","protected":false},"author":1,"featured_media":95,"parent":0,"menu_order":0,"comment_status":"closed","ping_status":"closed","template":"","meta":{"inline_featured_image":false,"_monsterinsights_skip_tracking":false,"_monsterinsights_sitenote_active":false,"_monsterinsights_sitenote_note":"","_monsterinsights_sitenote_category":0,"footnotes":""},"class_list":["post-98","page","type-page","status-publish","has-post-thumbnail","hentry"],"yoast_head":"<!-- This site is optimized with the Yoast SEO plugin v24.6 - https:\/\/yoast.com\/wordpress\/plugins\/seo\/ -->\n<title>Polnische Sprache - Instytut Polski w Lipsku<\/title>\n<meta name=\"robots\" content=\"index, follow, max-snippet:-1, max-image-preview:large, max-video-preview:-1\" \/>\n<link rel=\"canonical\" href=\"https:\/\/instytutpolski.pl\/leipzig\/polnische-sprache\/\" \/>\n<meta property=\"og:locale\" content=\"pl_PL\" \/>\n<meta property=\"og:type\" content=\"article\" \/>\n<meta property=\"og:title\" content=\"Polnische Sprache - Instytut Polski w Lipsku\" \/>\n<meta property=\"og:description\" content=\"\u21d2 Sprachkurse im Polnischen Institut \u21d2 Andere Polnischkurse in Sachsen, Th\u00fcringen und Sachsen-Anhalt \u21d2 Polnische Lektorate an Hochschulen \u21d2 Polenstudien \u21d2 Kurse &amp; Sommerschulen in Polen &amp; online \u21d2 Polnisch-Zertifikate &gt; certyfikatpolski.pl (extern) \u21d2 NAWA \/ Polnische Sprachsektion &gt; nawa.gov.pl (extern) \u21d2 Polnische Sprach- und Kulturkurse &gt; nawa.gov.pl (extern) \u00a0 Das Polnische Institut \u00fcbernimmt keine [&hellip;]\" \/>\n<meta property=\"og:url\" content=\"https:\/\/instytutpolski.pl\/leipzig\/polnische-sprache\/\" \/>\n<meta property=\"og:site_name\" content=\"Instytut Polski w Lipsku\" \/>\n<meta property=\"article:modified_time\" content=\"2022-04-26T19:56:03+00:00\" \/>\n<meta property=\"og:image\" content=\"https:\/\/instytutpolski.pl\/leipzig\/wp-content\/uploads\/sites\/29\/2019\/07\/jezyk-polski.jpg\" \/>\n\t<meta property=\"og:image:width\" content=\"1920\" \/>\n\t<meta property=\"og:image:height\" content=\"700\" \/>\n\t<meta property=\"og:image:type\" content=\"image\/jpeg\" \/>\n<meta name=\"twitter:card\" content=\"summary_large_image\" \/>\n<meta name=\"twitter:label1\" content=\"Szacowany czas czytania\" \/>\n\t<meta name=\"twitter:data1\" content=\"1 minuta\" \/>\n<script type=\"application\/ld+json\" class=\"yoast-schema-graph\">{\"@context\":\"https:\/\/schema.org\",\"@graph\":[{\"@type\":\"WebPage\",\"@id\":\"https:\/\/instytutpolski.pl\/leipzig\/polnische-sprache\/\",\"url\":\"https:\/\/instytutpolski.pl\/leipzig\/polnische-sprache\/\",\"name\":\"Polnische Sprache - Instytut Polski w Lipsku\",\"isPartOf\":{\"@id\":\"https:\/\/instytutpolski.pl\/leipzig\/#website\"},\"primaryImageOfPage\":{\"@id\":\"https:\/\/instytutpolski.pl\/leipzig\/polnische-sprache\/#primaryimage\"},\"image\":{\"@id\":\"https:\/\/instytutpolski.pl\/leipzig\/polnische-sprache\/#primaryimage\"},\"thumbnailUrl\":\"https:\/\/instytutpolski.pl\/leipzig\/wp-content\/uploads\/sites\/29\/2019\/07\/jezyk-polski.jpg\",\"datePublished\":\"2019-07-11T07:16:56+00:00\",\"dateModified\":\"2022-04-26T19:56:03+00:00\",\"breadcrumb\":{\"@id\":\"https:\/\/instytutpolski.pl\/leipzig\/polnische-sprache\/#breadcrumb\"},\"inLanguage\":\"pl-PL\",\"potentialAction\":[{\"@type\":\"ReadAction\",\"target\":[\"https:\/\/instytutpolski.pl\/leipzig\/polnische-sprache\/\"]}]},{\"@type\":\"ImageObject\",\"inLanguage\":\"pl-PL\",\"@id\":\"https:\/\/instytutpolski.pl\/leipzig\/polnische-sprache\/#primaryimage\",\"url\":\"https:\/\/instytutpolski.pl\/leipzig\/wp-content\/uploads\/sites\/29\/2019\/07\/jezyk-polski.jpg\",\"contentUrl\":\"https:\/\/instytutpolski.pl\/leipzig\/wp-content\/uploads\/sites\/29\/2019\/07\/jezyk-polski.jpg\",\"width\":1920,\"height\":700},{\"@type\":\"BreadcrumbList\",\"@id\":\"https:\/\/instytutpolski.pl\/leipzig\/polnische-sprache\/#breadcrumb\",\"itemListElement\":[{\"@type\":\"ListItem\",\"position\":1,\"name\":\"Home\",\"item\":\"https:\/\/instytutpolski.pl\/leipzig\/\"},{\"@type\":\"ListItem\",\"position\":2,\"name\":\"Polnische Sprache\"}]},{\"@type\":\"WebSite\",\"@id\":\"https:\/\/instytutpolski.pl\/leipzig\/#website\",\"url\":\"https:\/\/instytutpolski.pl\/leipzig\/\",\"name\":\"Instytut Polski w Lipsku\",\"description\":\"Kolejna witryna sieci &#8222;Instytuty Polskie&#8221;\",\"potentialAction\":[{\"@type\":\"SearchAction\",\"target\":{\"@type\":\"EntryPoint\",\"urlTemplate\":\"https:\/\/instytutpolski.pl\/leipzig\/?s={search_term_string}\"},\"query-input\":{\"@type\":\"PropertyValueSpecification\",\"valueRequired\":true,\"valueName\":\"search_term_string\"}}],\"inLanguage\":\"pl-PL\"}]}<\/script>\n<!-- \/ Yoast SEO plugin. -->","yoast_head_json":{"title":"Polnische Sprache - Instytut Polski w Lipsku","robots":{"index":"index","follow":"follow","max-snippet":"max-snippet:-1","max-image-preview":"max-image-preview:large","max-video-preview":"max-video-preview:-1"},"canonical":"https:\/\/instytutpolski.pl\/leipzig\/polnische-sprache\/","og_locale":"pl_PL","og_type":"article","og_title":"Polnische Sprache - Instytut Polski w Lipsku","og_description":"\u21d2 Sprachkurse im Polnischen Institut \u21d2 Andere Polnischkurse in Sachsen, Th\u00fcringen und Sachsen-Anhalt \u21d2 Polnische Lektorate an Hochschulen \u21d2 Polenstudien \u21d2 Kurse &amp; Sommerschulen in Polen &amp; online \u21d2 Polnisch-Zertifikate &gt; certyfikatpolski.pl (extern) \u21d2 NAWA \/ Polnische Sprachsektion &gt; nawa.gov.pl (extern) \u21d2 Polnische Sprach- und Kulturkurse &gt; nawa.gov.pl (extern) \u00a0 Das Polnische Institut \u00fcbernimmt keine [&hellip;]","og_url":"https:\/\/instytutpolski.pl\/leipzig\/polnische-sprache\/","og_site_name":"Instytut Polski w Lipsku","article_modified_time":"2022-04-26T19:56:03+00:00","og_image":[{"width":1920,"height":700,"url":"https:\/\/instytutpolski.pl\/leipzig\/wp-content\/uploads\/sites\/29\/2019\/07\/jezyk-polski.jpg","type":"image\/jpeg"}],"twitter_card":"summary_large_image","twitter_misc":{"Szacowany czas czytania":"1 minuta"},"schema":{"@context":"https:\/\/schema.org","@graph":[{"@type":"WebPage","@id":"https:\/\/instytutpolski.pl\/leipzig\/polnische-sprache\/","url":"https:\/\/instytutpolski.pl\/leipzig\/polnische-sprache\/","name":"Polnische Sprache - Instytut Polski w Lipsku","isPartOf":{"@id":"https:\/\/instytutpolski.pl\/leipzig\/#website"},"primaryImageOfPage":{"@id":"https:\/\/instytutpolski.pl\/leipzig\/polnische-sprache\/#primaryimage"},"image":{"@id":"https:\/\/instytutpolski.pl\/leipzig\/polnische-sprache\/#primaryimage"},"thumbnailUrl":"https:\/\/instytutpolski.pl\/leipzig\/wp-content\/uploads\/sites\/29\/2019\/07\/jezyk-polski.jpg","datePublished":"2019-07-11T07:16:56+00:00","dateModified":"2022-04-26T19:56:03+00:00","breadcrumb":{"@id":"https:\/\/instytutpolski.pl\/leipzig\/polnische-sprache\/#breadcrumb"},"inLanguage":"pl-PL","potentialAction":[{"@type":"ReadAction","target":["https:\/\/instytutpolski.pl\/leipzig\/polnische-sprache\/"]}]},{"@type":"ImageObject","inLanguage":"pl-PL","@id":"https:\/\/instytutpolski.pl\/leipzig\/polnische-sprache\/#primaryimage","url":"https:\/\/instytutpolski.pl\/leipzig\/wp-content\/uploads\/sites\/29\/2019\/07\/jezyk-polski.jpg","contentUrl":"https:\/\/instytutpolski.pl\/leipzig\/wp-content\/uploads\/sites\/29\/2019\/07\/jezyk-polski.jpg","width":1920,"height":700},{"@type":"BreadcrumbList","@id":"https:\/\/instytutpolski.pl\/leipzig\/polnische-sprache\/#breadcrumb","itemListElement":[{"@type":"ListItem","position":1,"name":"Home","item":"https:\/\/instytutpolski.pl\/leipzig\/"},{"@type":"ListItem","position":2,"name":"Polnische Sprache"}]},{"@type":"WebSite","@id":"https:\/\/instytutpolski.pl\/leipzig\/#website","url":"https:\/\/instytutpolski.pl\/leipzig\/","name":"Instytut Polski w Lipsku","description":"Kolejna witryna sieci &#8222;Instytuty Polskie&#8221;","potentialAction":[{"@type":"SearchAction","target":{"@type":"EntryPoint","urlTemplate":"https:\/\/instytutpolski.pl\/leipzig\/?s={search_term_string}"},"query-input":{"@type":"PropertyValueSpecification","valueRequired":true,"valueName":"search_term_string"}}],"inLanguage":"pl-PL"}]}},"_links":{"self":[{"href":"https:\/\/instytutpolski.pl\/leipzig\/wp-json\/wp\/v2\/pages\/98","targetHints":{"allow":["GET"]}}],"collection":[{"href":"https:\/\/instytutpolski.pl\/leipzig\/wp-json\/wp\/v2\/pages"}],"about":[{"href":"https:\/\/instytutpolski.pl\/leipzig\/wp-json\/wp\/v2\/types\/page"}],"author":[{"embeddable":true,"href":"https:\/\/instytutpolski.pl\/leipzig\/wp-json\/wp\/v2\/users\/1"}],"replies":[{"embeddable":true,"href":"https:\/\/instytutpolski.pl\/leipzig\/wp-json\/wp\/v2\/comments?post=98"}],"version-history":[{"count":6,"href":"https:\/\/instytutpolski.pl\/leipzig\/wp-json\/wp\/v2\/pages\/98\/revisions"}],"predecessor-version":[{"id":5926,"href":"https:\/\/instytutpolski.pl\/leipzig\/wp-json\/wp\/v2\/pages\/98\/revisions\/5926"}],"wp:featuredmedia":[{"embeddable":true,"href":"https:\/\/instytutpolski.pl\/leipzig\/wp-json\/wp\/v2\/media\/95"}],"wp:attachment":[{"href":"https:\/\/instytutpolski.pl\/leipzig\/wp-json\/wp\/v2\/media?parent=98"}],"curies":[{"name":"wp","href":"https:\/\/api.w.org\/{rel}","templated":true}]}}