{"id":106,"date":"2019-06-04T22:12:25","date_gmt":"2019-06-04T20:12:25","guid":{"rendered":"https:\/\/instytutpolski.pl\/londyn\/?page_id=106"},"modified":"2020-05-28T16:34:44","modified_gmt":"2020-05-28T14:34:44","slug":"newsletter","status":"publish","type":"page","link":"https:\/\/instytutpolski.pl\/london\/newsletter\/","title":{"rendered":"Newsletter"},"content":{"rendered":"<!-- Widget Shortcode --><div id=\"acymailing_subform_widget-2\" class=\"widget widget_acymailing_subform_widget widget-shortcode area-footer-4 \"><script type=\"text\/javascript\">\tif(typeof acymailingModule == 'undefined'){\r\n\t\t\t\tvar acymailingModule = [];\r\n\t\t\t}\r\n\t\t\t\r\n\t\t\tacymailingModule['emailRegex'] = \/^[a-z0-9!#$%&\\'*+\\\/=?^_`{|}~-]+(?:\\.[a-z0-9!#$%&\\'*+\\\/=?^_`{|}~-]+)*\\@([a-z0-9-]+\\.)+[a-z0-9]{2,20}$\/i;\r\n\r\n\t\t\tacymailingModule['NAMECAPTION'] = 'Imi\u0119';\r\n\t\t\tacymailingModule['NAME_MISSING'] = 'Wpisz swoje imi\u0119';\r\n\t\t\tacymailingModule['EMAILCAPTION'] = 'E-mail';\r\n\t\t\tacymailingModule['VALID_EMAIL'] = 'Wpisz prawid\u0142owy adres e-mail';\r\n\t\t\tacymailingModule['ACCEPT_TERMS'] = 'Zapoznaj si\u0119 z regulaminem';\r\n\t\t\tacymailingModule['CAPTCHA_MISSING'] = 'Wpisz kod wy\u015bwietlony na obrazku';\r\n\t\t\tacymailingModule['NO_LIST_SELECTED'] = 'Prosz\u0119 wybra\u0107 listy kt\u00f3re chcesz prenumerowa\u0107';\r\n\t\t<\/script><script type=\"text\/javascript\" src=\"https:\/\/instytutpolski.pl\/london\/wp-content\/plugins\/acymailing5\/media\/js\/acymailing_module.js?v=5107\" async><\/script><link rel=\"stylesheet\" href=\"https:\/\/instytutpolski.pl\/london\/wp-content\/plugins\/acymailing5\/media\/css\/module_default.css?v=1554200310\" type=\"text\/css\"><h2 class=\"widgettitle\">Subscribe<\/h2><script type=\"text\/javascript\">\n                    <!--\n                        \n                acymailingModule['level'] = 'enterprise';\n                acymailingModule['reqFieldsformAcymailing16321'] = Array('html','rodo');\n                    acymailingModule['validFieldsformAcymailing16321'] = Array('Prosz\u0119 poda\u0107 warto\u015b\u0107 w polu Odbieranie','Prosz\u0119 wyrazi\u0107 zgod\u0119 aby kontynuowa\u0107');\n                    \n                    \/\/-->\n\t\t\t\t\t<\/script><div class=\"acymailing_module\" id=\"acymailing_module_formAcymailing16321\">\n    <div class=\"acymailing_fulldiv\" id=\"acymailing_fulldiv_formAcymailing16321\" >\n        <form id=\"formAcymailing16321\" action=\"https:\/\/instytutpolski.pl\/london\/wp-admin\/admin-ajax.php?page=acymailing5_front&ctrl=sub&action=acymailing5_frontrouter&noheader=1\" onsubmit=\"return submitacymailingform('optin','formAcymailing16321')\" method=\"post\" name=\"formAcymailing16321\"  >\n\n            <div class=\"acymailing_module_form\">\n\t\t<div class=\"acymailing_form\">\n\t\t<p class=\"onefield fieldacyemail\" id=\"field_email_formAcymailing16321\"><span class=\"acyfield_email acy_requiredField\"><input id=\"user_email_formAcymailing16321\"  style=\"width:80%\" onfocus=\"if(this.value == 'E-mail') this.value = '';\" onblur=\"if(this.value=='') this.value='E-mail';\" type=\"text\" class=\"inputbox required\" name=\"user[email]\" value=\"E-mail\" title=\"E-mail\"\/><\/span>\n\t\t\t\t\t\t<\/p><p class=\"onefield fieldacyrodo\" id=\"field_rodo_formAcymailing16321\"><span class=\"acyfield_rodo acy_requiredField\"> <input type=\"hidden\" name=\"user[rodo]\" value=\" \" \/>\n<span id=\"span_user_rodo_formAcymailing16321_rodo-zaakceptowane\"><label for=\"user_rodo_formAcymailing16321_rodo-zaakceptowane\"><input type=\"checkbox\" name=\"user[rodo][]\" value=\"rodo-zaakceptowane\" id=\"user_rodo_formAcymailing16321_rodo-zaakceptowane\"   title=\"\"\/> O\u015bwiadczam, \u017ce zapozna\u0142am\/em si\u0119 z informacjami zamieszczonymi poni\u017cej:<\/label><\/span>\n<\/span>\n\t\t\t\t\t\t<\/p><p class=\"onefield fieldacycustomtext_162_8_39_43\" id=\"field_customtext_162_8_39_43_formAcymailing16321\"><span class=\"acyfield_customtext_162_8_39_43\">In accordance with Article 6(1)(a) of Regulation (EU) 2016\/679 of the European Parliament and of the Council of 27 April 2016 on the protection of individuals with regard to the processing of personal data and on the free movement of such data and repealing Directive 95\/46\/EC (GDPR), I hereby give my consent to the processing of my personal data - email address, by the Polish Institute in London (address: 10 Bouverie Street London EC4Y 8AX) in connection with the subscription to the newsletter.\r\n<p class=\"onefield fieldacycustomtext_153_12_44_15\"><a href='rodo'>More information<\/a><\/p><\/span>\n\t\t\t\t\t\t<\/p><script type=\"text\/javascript\">\n\t\t\t\t\t<!--\n\t\t\t\t\t\nacymailingModule['excludeValuesformAcymailing16321'] = [];\nacymailingModule['excludeValuesformAcymailing16321']['email'] = 'E-mail';\n\n\t\t\t\t\t\/\/-->\n\t\t\t\t\t<\/script>\t<\/div>\n\n\t<p class=\"acysubbuttons\">\n\t\t<button type=\"submit\" class=\"button subbutton\" value=\"Sign up\" name=\"Submit\" onclick=\"try{ return submitacymailingform('optin','formAcymailing16321'); }catch(err){alert('The form could not be submitted '+err);return false;}\"><span class=\"fas fa-at\"><\/span><\/button>\n\t\t\t<\/p>\n<\/div>\n            <input type=\"hidden\" name=\"page\" value=\"front\"\/>\n            <input type=\"hidden\" name=\"ctrl\" value=\"sub\"\/>\n            <input type=\"hidden\" name=\"task\" value=\"notask\"\/>\n            <input type=\"hidden\" name=\"option\" value=\"acymailing5\"\/>\n\n            <input type=\"hidden\" name=\"ajax\" value=\"1\"\/>            <input type=\"hidden\" name=\"acy_source\" value=\"widget 2\" \/>\n                        <input type=\"hidden\" name=\"hiddenlists\" value=\"2,1\"\/>\n            <input type=\"hidden\" name=\"acyformname\" value=\"formAcymailing16321\" \/>\n\n                    <\/form>\n    <\/div>\n<\/div>\n<\/div><!-- \/Widget Shortcode -->\n","protected":false},"excerpt":{"rendered":"","protected":false},"author":1,"featured_media":1682,"parent":0,"menu_order":0,"comment_status":"closed","ping_status":"closed","template":"","meta":{"inline_featured_image":false,"_monsterinsights_skip_tracking":false,"_monsterinsights_sitenote_active":false,"_monsterinsights_sitenote_note":"","_monsterinsights_sitenote_category":0,"footnotes":""},"class_list":["post-106","page","type-page","status-publish","has-post-thumbnail","hentry"],"yoast_head":"<!-- This site is optimized with the Yoast SEO plugin v24.6 - https:\/\/yoast.com\/wordpress\/plugins\/seo\/ -->\n<title>Newsletter - Instytut Polski w Londynie<\/title>\n<meta name=\"robots\" content=\"index, follow, max-snippet:-1, max-image-preview:large, max-video-preview:-1\" \/>\n<link rel=\"canonical\" href=\"https:\/\/instytutpolski.pl\/london\/newsletter\/\" \/>\n<meta property=\"og:locale\" content=\"pl_PL\" \/>\n<meta property=\"og:type\" content=\"article\" \/>\n<meta property=\"og:title\" content=\"Newsletter - Instytut Polski w Londynie\" \/>\n<meta property=\"og:url\" content=\"https:\/\/instytutpolski.pl\/london\/newsletter\/\" \/>\n<meta property=\"og:site_name\" content=\"Instytut Polski w Londynie\" \/>\n<meta property=\"article:modified_time\" content=\"2020-05-28T14:34:44+00:00\" \/>\n<meta property=\"og:image\" content=\"https:\/\/instytutpolski.pl\/london\/wp-content\/uploads\/sites\/23\/2020\/05\/email-marketing-2362038_1920.png\" \/>\n\t<meta property=\"og:image:width\" content=\"1920\" \/>\n\t<meta property=\"og:image:height\" content=\"693\" \/>\n\t<meta property=\"og:image:type\" content=\"image\/png\" \/>\n<meta name=\"twitter:card\" content=\"summary_large_image\" \/>\n<script type=\"application\/ld+json\" class=\"yoast-schema-graph\">{\"@context\":\"https:\/\/schema.org\",\"@graph\":[{\"@type\":\"WebPage\",\"@id\":\"https:\/\/instytutpolski.pl\/london\/newsletter\/\",\"url\":\"https:\/\/instytutpolski.pl\/london\/newsletter\/\",\"name\":\"Newsletter - Instytut Polski w Londynie\",\"isPartOf\":{\"@id\":\"https:\/\/instytutpolski.pl\/london\/#website\"},\"primaryImageOfPage\":{\"@id\":\"https:\/\/instytutpolski.pl\/london\/newsletter\/#primaryimage\"},\"image\":{\"@id\":\"https:\/\/instytutpolski.pl\/london\/newsletter\/#primaryimage\"},\"thumbnailUrl\":\"https:\/\/instytutpolski.pl\/london\/wp-content\/uploads\/sites\/23\/2020\/05\/email-marketing-2362038_1920.png\",\"datePublished\":\"2019-06-04T20:12:25+00:00\",\"dateModified\":\"2020-05-28T14:34:44+00:00\",\"breadcrumb\":{\"@id\":\"https:\/\/instytutpolski.pl\/london\/newsletter\/#breadcrumb\"},\"inLanguage\":\"pl-PL\",\"potentialAction\":[{\"@type\":\"ReadAction\",\"target\":[\"https:\/\/instytutpolski.pl\/london\/newsletter\/\"]}]},{\"@type\":\"ImageObject\",\"inLanguage\":\"pl-PL\",\"@id\":\"https:\/\/instytutpolski.pl\/london\/newsletter\/#primaryimage\",\"url\":\"https:\/\/instytutpolski.pl\/london\/wp-content\/uploads\/sites\/23\/2020\/05\/email-marketing-2362038_1920.png\",\"contentUrl\":\"https:\/\/instytutpolski.pl\/london\/wp-content\/uploads\/sites\/23\/2020\/05\/email-marketing-2362038_1920.png\",\"width\":1920,\"height\":693},{\"@type\":\"BreadcrumbList\",\"@id\":\"https:\/\/instytutpolski.pl\/london\/newsletter\/#breadcrumb\",\"itemListElement\":[{\"@type\":\"ListItem\",\"position\":1,\"name\":\"Home\",\"item\":\"https:\/\/instytutpolski.pl\/london\/\"},{\"@type\":\"ListItem\",\"position\":2,\"name\":\"Newsletter\"}]},{\"@type\":\"WebSite\",\"@id\":\"https:\/\/instytutpolski.pl\/london\/#website\",\"url\":\"https:\/\/instytutpolski.pl\/london\/\",\"name\":\"Instytut Polski w Londynie\",\"description\":\"Instytuty Polskie\",\"potentialAction\":[{\"@type\":\"SearchAction\",\"target\":{\"@type\":\"EntryPoint\",\"urlTemplate\":\"https:\/\/instytutpolski.pl\/london\/?s={search_term_string}\"},\"query-input\":{\"@type\":\"PropertyValueSpecification\",\"valueRequired\":true,\"valueName\":\"search_term_string\"}}],\"inLanguage\":\"pl-PL\"}]}<\/script>\n<!-- \/ Yoast SEO plugin. -->","yoast_head_json":{"title":"Newsletter - Instytut Polski w Londynie","robots":{"index":"index","follow":"follow","max-snippet":"max-snippet:-1","max-image-preview":"max-image-preview:large","max-video-preview":"max-video-preview:-1"},"canonical":"https:\/\/instytutpolski.pl\/london\/newsletter\/","og_locale":"pl_PL","og_type":"article","og_title":"Newsletter - Instytut Polski w Londynie","og_url":"https:\/\/instytutpolski.pl\/london\/newsletter\/","og_site_name":"Instytut Polski w Londynie","article_modified_time":"2020-05-28T14:34:44+00:00","og_image":[{"width":1920,"height":693,"url":"https:\/\/instytutpolski.pl\/london\/wp-content\/uploads\/sites\/23\/2020\/05\/email-marketing-2362038_1920.png","type":"image\/png"}],"twitter_card":"summary_large_image","schema":{"@context":"https:\/\/schema.org","@graph":[{"@type":"WebPage","@id":"https:\/\/instytutpolski.pl\/london\/newsletter\/","url":"https:\/\/instytutpolski.pl\/london\/newsletter\/","name":"Newsletter - Instytut Polski w Londynie","isPartOf":{"@id":"https:\/\/instytutpolski.pl\/london\/#website"},"primaryImageOfPage":{"@id":"https:\/\/instytutpolski.pl\/london\/newsletter\/#primaryimage"},"image":{"@id":"https:\/\/instytutpolski.pl\/london\/newsletter\/#primaryimage"},"thumbnailUrl":"https:\/\/instytutpolski.pl\/london\/wp-content\/uploads\/sites\/23\/2020\/05\/email-marketing-2362038_1920.png","datePublished":"2019-06-04T20:12:25+00:00","dateModified":"2020-05-28T14:34:44+00:00","breadcrumb":{"@id":"https:\/\/instytutpolski.pl\/london\/newsletter\/#breadcrumb"},"inLanguage":"pl-PL","potentialAction":[{"@type":"ReadAction","target":["https:\/\/instytutpolski.pl\/london\/newsletter\/"]}]},{"@type":"ImageObject","inLanguage":"pl-PL","@id":"https:\/\/instytutpolski.pl\/london\/newsletter\/#primaryimage","url":"https:\/\/instytutpolski.pl\/london\/wp-content\/uploads\/sites\/23\/2020\/05\/email-marketing-2362038_1920.png","contentUrl":"https:\/\/instytutpolski.pl\/london\/wp-content\/uploads\/sites\/23\/2020\/05\/email-marketing-2362038_1920.png","width":1920,"height":693},{"@type":"BreadcrumbList","@id":"https:\/\/instytutpolski.pl\/london\/newsletter\/#breadcrumb","itemListElement":[{"@type":"ListItem","position":1,"name":"Home","item":"https:\/\/instytutpolski.pl\/london\/"},{"@type":"ListItem","position":2,"name":"Newsletter"}]},{"@type":"WebSite","@id":"https:\/\/instytutpolski.pl\/london\/#website","url":"https:\/\/instytutpolski.pl\/london\/","name":"Instytut Polski w Londynie","description":"Instytuty Polskie","potentialAction":[{"@type":"SearchAction","target":{"@type":"EntryPoint","urlTemplate":"https:\/\/instytutpolski.pl\/london\/?s={search_term_string}"},"query-input":{"@type":"PropertyValueSpecification","valueRequired":true,"valueName":"search_term_string"}}],"inLanguage":"pl-PL"}]}},"_links":{"self":[{"href":"https:\/\/instytutpolski.pl\/london\/wp-json\/wp\/v2\/pages\/106","targetHints":{"allow":["GET"]}}],"collection":[{"href":"https:\/\/instytutpolski.pl\/london\/wp-json\/wp\/v2\/pages"}],"about":[{"href":"https:\/\/instytutpolski.pl\/london\/wp-json\/wp\/v2\/types\/page"}],"author":[{"embeddable":true,"href":"https:\/\/instytutpolski.pl\/london\/wp-json\/wp\/v2\/users\/1"}],"replies":[{"embeddable":true,"href":"https:\/\/instytutpolski.pl\/london\/wp-json\/wp\/v2\/comments?post=106"}],"version-history":[{"count":3,"href":"https:\/\/instytutpolski.pl\/london\/wp-json\/wp\/v2\/pages\/106\/revisions"}],"predecessor-version":[{"id":206,"href":"https:\/\/instytutpolski.pl\/london\/wp-json\/wp\/v2\/pages\/106\/revisions\/206"}],"wp:featuredmedia":[{"embeddable":true,"href":"https:\/\/instytutpolski.pl\/london\/wp-json\/wp\/v2\/media\/1682"}],"wp:attachment":[{"href":"https:\/\/instytutpolski.pl\/london\/wp-json\/wp\/v2\/media?parent=106"}],"curies":[{"name":"wp","href":"https:\/\/api.w.org\/{rel}","templated":true}]}}