{"id":1304,"date":"2020-01-31T11:32:22","date_gmt":"2020-01-31T10:32:22","guid":{"rendered":"https:\/\/instytutpolski.pl\/london\/?page_id=1304"},"modified":"2025-11-28T13:36:51","modified_gmt":"2025-11-28T12:36:51","slug":"get-involved","status":"publish","type":"page","link":"https:\/\/instytutpolski.pl\/london\/about-us\/get-involved\/","title":{"rendered":"Get Involved"},"content":{"rendered":"\n<h5><strong>Are you a student or recent graduate? <\/strong><\/h5>\n<h5><strong>Are you interested in culture in general or Polish culture in particular? <\/strong><\/h5>\n<h5><strong>Would you like to experience working in one of the leading cultural institution in London?<\/strong><\/h5>\n<h5>\u00a0<\/h5>\n<p><strong>Polish Cultural Institute is looking for interns to join our team and help us to work on our exciting new projects.<\/strong><\/p>\n<p>Last year we&#8217;ve worked in partnership with Shakespeare&#8217;s Globe, BFI, Barbican, ICA or TATE Modern, while having a really close relationships with the Polish Embassy and other significant Polish institutions.<\/p>\n<p>This is a great opportunity for anyone who wants to learn more about the culture management, public relations, project management or events planning.<\/p>\n<p>The scope of skills you may have a chance acquire at the Institute include:<\/p>\n<p><strong>Administrative<\/strong> &#8211; skills like drafting official and business documents or dealing with telephone queries<\/p>\n<p><strong>Project management<\/strong> &#8211; conducting relevant research, supporting relationships with partners and assisting in managing projects<\/p>\n<p><strong>PR and Marketing<\/strong> &#8211; supporting social media management, website management, drafting press releases and content writing.<\/p>\n<p><strong>Co-ordinating events<\/strong> &#8211; support in planning, co-ordinating and attending events organised by the Institute.<\/p>\n<p>The internships last a minimum of one month and are unpaid (we do not refund travel costs).<\/p>\n<p>The minimum presence is 18 hours a week.<\/p>\n<p>To apply for an internship please send your CV and short cover letter explaining why you would like to intern at the PCI \u00a0to <a class=\"mail\" title=\"Opens internal link in current window\" href=\"mailto:london.pci@instytutpolski.pl\">london.pci@instytutpolski.pl<\/a>.<\/p>\n<p>We&#8217;re looking forward to meeting you!<br \/><br \/>JOB OFFER:<\/p>\n<p data-start=\"79\" data-end=\"150\"><strong data-start=\"79\" data-end=\"148\">Instytut Kultury Polskiej w Londynie og\u0142asza nab\u00f3r na stanowisko:<\/strong><\/p>\n<h3 data-start=\"151\" data-end=\"179\"><strong data-start=\"155\" data-end=\"179\">KIEROWCA \u2013 INTENDENT<\/strong><\/h3>\n<p data-start=\"181\" data-end=\"311\"><strong data-start=\"181\" data-end=\"199\">Miejsce pracy:<\/strong> Londyn, Wielka Brytania<br data-start=\"223\" data-end=\"226\" \/><strong data-start=\"226\" data-end=\"243\">Wymiar etatu:<\/strong> pe\u0142ny etat<br data-start=\"254\" data-end=\"257\" \/><strong data-start=\"257\" data-end=\"274\">Rodzaj umowy:<\/strong> umowa o prac\u0119 na lokalnych warunkach<\/p>\n<p data-start=\"313\" data-end=\"472\">Szczeg\u00f3\u0142owy opis stanowiska, wymagania oraz informacje dotycz\u0105ce rekrutacji znajduj\u0105 si\u0119 w dokumentach dost\u0119pnych pod linkiem:<br data-start=\"439\" data-end=\"442\" \/><strong data-start=\"442\" data-end=\"472\"><a class=\"decorated-link\" href=\"https:\/\/we.tl\/t-jnvSkuXlle\" target=\"_new\" rel=\"noopener\" data-start=\"444\" data-end=\"470\">https:\/\/we.tl\/t-jnvSkuXlle<\/a><\/strong><\/p>\n<hr data-start=\"474\" data-end=\"477\" \/>\n<h3 data-start=\"479\" data-end=\"522\"><strong data-start=\"483\" data-end=\"522\">Termin i spos\u00f3b sk\u0142adania aplikacji<\/strong><\/h3>\n<p data-start=\"524\" data-end=\"702\">Dokumenty aplikacyjne nale\u017cy przes\u0142a\u0107 <strong data-start=\"562\" data-end=\"587\">do 16 grudnia 2025 r.<\/strong> na adres:<br data-start=\"597\" data-end=\"600\" \/><strong data-start=\"600\" data-end=\"632\"><a class=\"decorated-link cursor-pointer\" rel=\"noopener\" data-start=\"602\" data-end=\"630\">london.pci@instytutpolski.pl<\/a><\/strong><br data-start=\"632\" data-end=\"635\" \/>z dopiskiem: <strong data-start=\"648\" data-end=\"701\">\u201eNab\u00f3r na stanowisko Kierowca \u2013 Intendent \u2013 2025\u201d<\/strong>.<\/p>\n<p data-start=\"704\" data-end=\"819\"><em data-start=\"704\" data-end=\"744\">Decyduje data wp\u0142ywu oferty do urz\u0119du.<\/em><br data-start=\"744\" data-end=\"747\" \/>Zg\u0142oszenia niekompletne lub przes\u0142ane po terminie nie b\u0119d\u0105 rozpatrywane.<\/p>\n","protected":false},"excerpt":{"rendered":"<p>Are you a student or recent graduate? Are you interested in culture in general or Polish culture in particular? Would you like to experience working in one of the leading cultural institution in London? \u00a0 Polish Cultural Institute is looking for interns to join our team and help us to work on our exciting new [&hellip;]<\/p>\n","protected":false},"author":80,"featured_media":2048,"parent":9,"menu_order":0,"comment_status":"closed","ping_status":"closed","template":"","meta":{"inline_featured_image":false,"_monsterinsights_skip_tracking":false,"_monsterinsights_sitenote_active":false,"_monsterinsights_sitenote_note":"","_monsterinsights_sitenote_category":0,"footnotes":""},"class_list":["post-1304","page","type-page","status-publish","has-post-thumbnail","hentry"],"yoast_head":"<!-- This site is optimized with the Yoast SEO plugin v24.6 - https:\/\/yoast.com\/wordpress\/plugins\/seo\/ -->\n<title>Get Involved - Instytut Polski w Londynie<\/title>\n<meta name=\"robots\" content=\"index, follow, max-snippet:-1, max-image-preview:large, max-video-preview:-1\" \/>\n<link rel=\"canonical\" href=\"https:\/\/instytutpolski.pl\/london\/about-us\/get-involved\/\" \/>\n<meta property=\"og:locale\" content=\"pl_PL\" \/>\n<meta property=\"og:type\" content=\"article\" \/>\n<meta property=\"og:title\" content=\"Get Involved - Instytut Polski w Londynie\" \/>\n<meta property=\"og:description\" content=\"Are you a student or recent graduate? Are you interested in culture in general or Polish culture in particular? Would you like to experience working in one of the leading cultural institution in London? \u00a0 Polish Cultural Institute is looking for interns to join our team and help us to work on our exciting new [&hellip;]\" \/>\n<meta property=\"og:url\" content=\"https:\/\/instytutpolski.pl\/london\/about-us\/get-involved\/\" \/>\n<meta property=\"og:site_name\" content=\"Instytut Polski w Londynie\" \/>\n<meta property=\"article:modified_time\" content=\"2025-11-28T12:36:51+00:00\" \/>\n<meta property=\"og:image\" content=\"https:\/\/instytutpolski.pl\/london\/wp-content\/uploads\/sites\/23\/2020\/06\/startup-594090_1920.jpg\" \/>\n\t<meta property=\"og:image:width\" content=\"1920\" \/>\n\t<meta property=\"og:image:height\" content=\"1280\" \/>\n\t<meta property=\"og:image:type\" content=\"image\/jpeg\" \/>\n<meta name=\"twitter:card\" content=\"summary_large_image\" \/>\n<meta name=\"twitter:label1\" content=\"Szacowany czas czytania\" \/>\n\t<meta name=\"twitter:data1\" content=\"3 minuty\" \/>\n<script type=\"application\/ld+json\" class=\"yoast-schema-graph\">{\"@context\":\"https:\/\/schema.org\",\"@graph\":[{\"@type\":\"WebPage\",\"@id\":\"https:\/\/instytutpolski.pl\/london\/about-us\/get-involved\/\",\"url\":\"https:\/\/instytutpolski.pl\/london\/about-us\/get-involved\/\",\"name\":\"Get Involved - Instytut Polski w Londynie\",\"isPartOf\":{\"@id\":\"https:\/\/instytutpolski.pl\/london\/#website\"},\"primaryImageOfPage\":{\"@id\":\"https:\/\/instytutpolski.pl\/london\/about-us\/get-involved\/#primaryimage\"},\"image\":{\"@id\":\"https:\/\/instytutpolski.pl\/london\/about-us\/get-involved\/#primaryimage\"},\"thumbnailUrl\":\"https:\/\/instytutpolski.pl\/london\/wp-content\/uploads\/sites\/23\/2020\/06\/startup-594090_1920.jpg\",\"datePublished\":\"2020-01-31T10:32:22+00:00\",\"dateModified\":\"2025-11-28T12:36:51+00:00\",\"breadcrumb\":{\"@id\":\"https:\/\/instytutpolski.pl\/london\/about-us\/get-involved\/#breadcrumb\"},\"inLanguage\":\"pl-PL\",\"potentialAction\":[{\"@type\":\"ReadAction\",\"target\":[\"https:\/\/instytutpolski.pl\/london\/about-us\/get-involved\/\"]}]},{\"@type\":\"ImageObject\",\"inLanguage\":\"pl-PL\",\"@id\":\"https:\/\/instytutpolski.pl\/london\/about-us\/get-involved\/#primaryimage\",\"url\":\"https:\/\/instytutpolski.pl\/london\/wp-content\/uploads\/sites\/23\/2020\/06\/startup-594090_1920.jpg\",\"contentUrl\":\"https:\/\/instytutpolski.pl\/london\/wp-content\/uploads\/sites\/23\/2020\/06\/startup-594090_1920.jpg\",\"width\":1920,\"height\":1280},{\"@type\":\"BreadcrumbList\",\"@id\":\"https:\/\/instytutpolski.pl\/london\/about-us\/get-involved\/#breadcrumb\",\"itemListElement\":[{\"@type\":\"ListItem\",\"position\":1,\"name\":\"Home\",\"item\":\"https:\/\/instytutpolski.pl\/london\/\"},{\"@type\":\"ListItem\",\"position\":2,\"name\":\"About Us\",\"item\":\"https:\/\/instytutpolski.pl\/london\/about-us\/\"},{\"@type\":\"ListItem\",\"position\":3,\"name\":\"Get Involved\"}]},{\"@type\":\"WebSite\",\"@id\":\"https:\/\/instytutpolski.pl\/london\/#website\",\"url\":\"https:\/\/instytutpolski.pl\/london\/\",\"name\":\"Instytut Polski w Londynie\",\"description\":\"Instytuty Polskie\",\"potentialAction\":[{\"@type\":\"SearchAction\",\"target\":{\"@type\":\"EntryPoint\",\"urlTemplate\":\"https:\/\/instytutpolski.pl\/london\/?s={search_term_string}\"},\"query-input\":{\"@type\":\"PropertyValueSpecification\",\"valueRequired\":true,\"valueName\":\"search_term_string\"}}],\"inLanguage\":\"pl-PL\"}]}<\/script>\n<!-- \/ Yoast SEO plugin. -->","yoast_head_json":{"title":"Get Involved - Instytut Polski w Londynie","robots":{"index":"index","follow":"follow","max-snippet":"max-snippet:-1","max-image-preview":"max-image-preview:large","max-video-preview":"max-video-preview:-1"},"canonical":"https:\/\/instytutpolski.pl\/london\/about-us\/get-involved\/","og_locale":"pl_PL","og_type":"article","og_title":"Get Involved - Instytut Polski w Londynie","og_description":"Are you a student or recent graduate? Are you interested in culture in general or Polish culture in particular? Would you like to experience working in one of the leading cultural institution in London? \u00a0 Polish Cultural Institute is looking for interns to join our team and help us to work on our exciting new [&hellip;]","og_url":"https:\/\/instytutpolski.pl\/london\/about-us\/get-involved\/","og_site_name":"Instytut Polski w Londynie","article_modified_time":"2025-11-28T12:36:51+00:00","og_image":[{"width":1920,"height":1280,"url":"https:\/\/instytutpolski.pl\/london\/wp-content\/uploads\/sites\/23\/2020\/06\/startup-594090_1920.jpg","type":"image\/jpeg"}],"twitter_card":"summary_large_image","twitter_misc":{"Szacowany czas czytania":"3 minuty"},"schema":{"@context":"https:\/\/schema.org","@graph":[{"@type":"WebPage","@id":"https:\/\/instytutpolski.pl\/london\/about-us\/get-involved\/","url":"https:\/\/instytutpolski.pl\/london\/about-us\/get-involved\/","name":"Get Involved - Instytut Polski w Londynie","isPartOf":{"@id":"https:\/\/instytutpolski.pl\/london\/#website"},"primaryImageOfPage":{"@id":"https:\/\/instytutpolski.pl\/london\/about-us\/get-involved\/#primaryimage"},"image":{"@id":"https:\/\/instytutpolski.pl\/london\/about-us\/get-involved\/#primaryimage"},"thumbnailUrl":"https:\/\/instytutpolski.pl\/london\/wp-content\/uploads\/sites\/23\/2020\/06\/startup-594090_1920.jpg","datePublished":"2020-01-31T10:32:22+00:00","dateModified":"2025-11-28T12:36:51+00:00","breadcrumb":{"@id":"https:\/\/instytutpolski.pl\/london\/about-us\/get-involved\/#breadcrumb"},"inLanguage":"pl-PL","potentialAction":[{"@type":"ReadAction","target":["https:\/\/instytutpolski.pl\/london\/about-us\/get-involved\/"]}]},{"@type":"ImageObject","inLanguage":"pl-PL","@id":"https:\/\/instytutpolski.pl\/london\/about-us\/get-involved\/#primaryimage","url":"https:\/\/instytutpolski.pl\/london\/wp-content\/uploads\/sites\/23\/2020\/06\/startup-594090_1920.jpg","contentUrl":"https:\/\/instytutpolski.pl\/london\/wp-content\/uploads\/sites\/23\/2020\/06\/startup-594090_1920.jpg","width":1920,"height":1280},{"@type":"BreadcrumbList","@id":"https:\/\/instytutpolski.pl\/london\/about-us\/get-involved\/#breadcrumb","itemListElement":[{"@type":"ListItem","position":1,"name":"Home","item":"https:\/\/instytutpolski.pl\/london\/"},{"@type":"ListItem","position":2,"name":"About Us","item":"https:\/\/instytutpolski.pl\/london\/about-us\/"},{"@type":"ListItem","position":3,"name":"Get Involved"}]},{"@type":"WebSite","@id":"https:\/\/instytutpolski.pl\/london\/#website","url":"https:\/\/instytutpolski.pl\/london\/","name":"Instytut Polski w Londynie","description":"Instytuty Polskie","potentialAction":[{"@type":"SearchAction","target":{"@type":"EntryPoint","urlTemplate":"https:\/\/instytutpolski.pl\/london\/?s={search_term_string}"},"query-input":{"@type":"PropertyValueSpecification","valueRequired":true,"valueName":"search_term_string"}}],"inLanguage":"pl-PL"}]}},"_links":{"self":[{"href":"https:\/\/instytutpolski.pl\/london\/wp-json\/wp\/v2\/pages\/1304","targetHints":{"allow":["GET"]}}],"collection":[{"href":"https:\/\/instytutpolski.pl\/london\/wp-json\/wp\/v2\/pages"}],"about":[{"href":"https:\/\/instytutpolski.pl\/london\/wp-json\/wp\/v2\/types\/page"}],"author":[{"embeddable":true,"href":"https:\/\/instytutpolski.pl\/london\/wp-json\/wp\/v2\/users\/80"}],"replies":[{"embeddable":true,"href":"https:\/\/instytutpolski.pl\/london\/wp-json\/wp\/v2\/comments?post=1304"}],"version-history":[{"count":6,"href":"https:\/\/instytutpolski.pl\/london\/wp-json\/wp\/v2\/pages\/1304\/revisions"}],"predecessor-version":[{"id":11600,"href":"https:\/\/instytutpolski.pl\/london\/wp-json\/wp\/v2\/pages\/1304\/revisions\/11600"}],"up":[{"embeddable":true,"href":"https:\/\/instytutpolski.pl\/london\/wp-json\/wp\/v2\/pages\/9"}],"wp:featuredmedia":[{"embeddable":true,"href":"https:\/\/instytutpolski.pl\/london\/wp-json\/wp\/v2\/media\/2048"}],"wp:attachment":[{"href":"https:\/\/instytutpolski.pl\/london\/wp-json\/wp\/v2\/media?parent=1304"}],"curies":[{"name":"wp","href":"https:\/\/api.w.org\/{rel}","templated":true}]}}