{"id":142,"date":"2019-06-24T15:34:59","date_gmt":"2019-06-24T13:34:59","guid":{"rendered":"https:\/\/instytutpolski.pl\/londyn\/?page_id=142"},"modified":"2020-05-28T17:23:30","modified_gmt":"2020-05-28T15:23:30","slug":"polish-language","status":"publish","type":"page","link":"https:\/\/instytutpolski.pl\/london\/polish-language\/","title":{"rendered":"Polish language"},"content":{"rendered":"\n<p>Polish is the second largest Slavic language in the world in terms of the number of users. About 50 million people actively use it, and at least 10 million have a passive knowledge of it. Thus, Polish is the largest Slavic language in the European Union, its fifth ethnic language (ex aequo with Spanish Castilian, after German, English, French and Italian).<\/p>\n\n\n\n<p><br>Polish belongs to the group of Indo-European languages \u200b\u200band a subgroup of West Slavic languages \u200b\u200b(next to Czech, Slovak, Kashubian, Lower Sorbian, Upper Sorbian and &#8211; extinct &#8211; Polabian).<\/p>\n\n\n\n<p><br>It is estimated that the average Pole actively knows about 30,000 words, and passively &#8211; understands about 100 thousand, but does not use them. According to some university polonists, it is enough to know the 1200 words most commonly used to be able to speak Polish.<\/p>\n\n\n\n<p><br>The Polish alphabet is based on the Latin alphabet and consists of 32 letters. There are nine letters created using diacritical signs (\u0105, \u0107, \u0119, \u0142, \u0144, \u00f3, \u015b, \u017a, \u017c). In addition, the language notation has seven more digraphs (sz, rz, cz, ch, dz, d\u017a, d\u017c) and one trigraph (dzi).<br>There is declination in Polish. For seven cases nouns, adjectives, adjectival participles, substantive, adjective and numeral pronouns and numerals change. Verbs, in turn, are conjugated by persons, tenses, modes, pages and numbers, as well as aspects.<br><\/p>\n\n\n\n<p>The oldest sentence in Polish: &#8222;Day, ut ia pobrusa, a ti poziwai&#8221; (&#8222;Give me a break and you rest&#8221;) was written in the Latin alphabet in 1270 in Wroc\u0142aw (in the Book of Henrykow on the World Remembrance List UNESCO). In 1285 at the congress in \u0141\u0119czyca, it was decided that Polish would be used next to Latin in monastery and cathedral schools.<\/p>\n\n\n\n<p><br>Polish was influenced by Latin, Greek, German, Czech, Ruthenian, Turkish, French, Italian, Russian, Hungarian and Yiddish. Currently, the greatest influence on him is the lingua franca of our time &#8211; English.<br>The main dialects of the Polish language are Greater Poland, Lesser Poland, Silesia, Mazovia, Che\u0142mno-Kociewie-Warmia, and the North and South Borders.<\/p>\n\n\n\n<p>More:<br>Multimedia Guide to Polish Language:<br><a href=\"http:\/\/multimediaguides.culture.pl\/multimediaguides\/alphabet\/the-polish-alphabet\/0\">http:\/\/multimediaguides.culture.pl\/multimediaguides\/alphabet\/the-polish-alphabet\/0<\/a><br>Poland.pl: <a href=\"https:\/\/poland.pl\/social-issues\/social\/polish-language-simple-language\/\">https:\/\/poland.pl\/social-issues\/social\/polish-language-simple-language\/<\/a><br>Information about where in the world you can learn Polish and about Polish book collections on the interactive map of Poland outside of Poland <a href=\"https:\/\/polski.msz.gov.pl\/\">https:\/\/polski.msz.gov.pl\/<\/a><br>Popularisation of the Polish language abroad: <a href=\"https:\/\/nawa.gov.pl\/jezyk-polski\">https:\/\/nawa.gov.pl\/jezyk-polski<\/a><\/p>\n","protected":false},"excerpt":{"rendered":"<p>Polish is the second largest Slavic language in the world in terms of the number of users. About 50 million people actively use it, and at least 10 million have a passive knowledge of it. Thus, Polish is the largest Slavic language in the European Union, its fifth ethnic language (ex aequo with Spanish Castilian, [&hellip;]<\/p>\n","protected":false},"author":1,"featured_media":177,"parent":0,"menu_order":0,"comment_status":"closed","ping_status":"closed","template":"","meta":{"inline_featured_image":false,"_monsterinsights_skip_tracking":false,"_monsterinsights_sitenote_active":false,"_monsterinsights_sitenote_note":"","_monsterinsights_sitenote_category":0,"footnotes":""},"class_list":["post-142","page","type-page","status-publish","has-post-thumbnail","hentry"],"yoast_head":"<!-- This site is optimized with the Yoast SEO plugin v24.6 - https:\/\/yoast.com\/wordpress\/plugins\/seo\/ -->\n<title>Polish language - Instytut Polski w Londynie<\/title>\n<meta name=\"robots\" content=\"index, follow, max-snippet:-1, max-image-preview:large, max-video-preview:-1\" \/>\n<link rel=\"canonical\" href=\"https:\/\/instytutpolski.pl\/london\/polish-language\/\" \/>\n<meta property=\"og:locale\" content=\"pl_PL\" \/>\n<meta property=\"og:type\" content=\"article\" \/>\n<meta property=\"og:title\" content=\"Polish language - Instytut Polski w Londynie\" \/>\n<meta property=\"og:description\" content=\"Polish is the second largest Slavic language in the world in terms of the number of users. About 50 million people actively use it, and at least 10 million have a passive knowledge of it. Thus, Polish is the largest Slavic language in the European Union, its fifth ethnic language (ex aequo with Spanish Castilian, [&hellip;]\" \/>\n<meta property=\"og:url\" content=\"https:\/\/instytutpolski.pl\/london\/polish-language\/\" \/>\n<meta property=\"og:site_name\" content=\"Instytut Polski w Londynie\" \/>\n<meta property=\"article:modified_time\" content=\"2020-05-28T15:23:30+00:00\" \/>\n<meta property=\"og:image\" content=\"https:\/\/instytutpolski.pl\/london\/wp-content\/uploads\/sites\/23\/2019\/06\/jezyk-polski.jpg\" \/>\n\t<meta property=\"og:image:width\" content=\"1920\" \/>\n\t<meta property=\"og:image:height\" content=\"700\" \/>\n\t<meta property=\"og:image:type\" content=\"image\/jpeg\" \/>\n<meta name=\"twitter:card\" content=\"summary_large_image\" \/>\n<meta name=\"twitter:label1\" content=\"Szacowany czas czytania\" \/>\n\t<meta name=\"twitter:data1\" content=\"2 minuty\" \/>\n<script type=\"application\/ld+json\" class=\"yoast-schema-graph\">{\"@context\":\"https:\/\/schema.org\",\"@graph\":[{\"@type\":\"WebPage\",\"@id\":\"https:\/\/instytutpolski.pl\/london\/polish-language\/\",\"url\":\"https:\/\/instytutpolski.pl\/london\/polish-language\/\",\"name\":\"Polish language - Instytut Polski w Londynie\",\"isPartOf\":{\"@id\":\"https:\/\/instytutpolski.pl\/london\/#website\"},\"primaryImageOfPage\":{\"@id\":\"https:\/\/instytutpolski.pl\/london\/polish-language\/#primaryimage\"},\"image\":{\"@id\":\"https:\/\/instytutpolski.pl\/london\/polish-language\/#primaryimage\"},\"thumbnailUrl\":\"https:\/\/instytutpolski.pl\/london\/wp-content\/uploads\/sites\/23\/2019\/06\/jezyk-polski.jpg\",\"datePublished\":\"2019-06-24T13:34:59+00:00\",\"dateModified\":\"2020-05-28T15:23:30+00:00\",\"breadcrumb\":{\"@id\":\"https:\/\/instytutpolski.pl\/london\/polish-language\/#breadcrumb\"},\"inLanguage\":\"pl-PL\",\"potentialAction\":[{\"@type\":\"ReadAction\",\"target\":[\"https:\/\/instytutpolski.pl\/london\/polish-language\/\"]}]},{\"@type\":\"ImageObject\",\"inLanguage\":\"pl-PL\",\"@id\":\"https:\/\/instytutpolski.pl\/london\/polish-language\/#primaryimage\",\"url\":\"https:\/\/instytutpolski.pl\/london\/wp-content\/uploads\/sites\/23\/2019\/06\/jezyk-polski.jpg\",\"contentUrl\":\"https:\/\/instytutpolski.pl\/london\/wp-content\/uploads\/sites\/23\/2019\/06\/jezyk-polski.jpg\",\"width\":1920,\"height\":700},{\"@type\":\"BreadcrumbList\",\"@id\":\"https:\/\/instytutpolski.pl\/london\/polish-language\/#breadcrumb\",\"itemListElement\":[{\"@type\":\"ListItem\",\"position\":1,\"name\":\"Home\",\"item\":\"https:\/\/instytutpolski.pl\/london\/\"},{\"@type\":\"ListItem\",\"position\":2,\"name\":\"Polish language\"}]},{\"@type\":\"WebSite\",\"@id\":\"https:\/\/instytutpolski.pl\/london\/#website\",\"url\":\"https:\/\/instytutpolski.pl\/london\/\",\"name\":\"Instytut Polski w Londynie\",\"description\":\"Instytuty Polskie\",\"potentialAction\":[{\"@type\":\"SearchAction\",\"target\":{\"@type\":\"EntryPoint\",\"urlTemplate\":\"https:\/\/instytutpolski.pl\/london\/?s={search_term_string}\"},\"query-input\":{\"@type\":\"PropertyValueSpecification\",\"valueRequired\":true,\"valueName\":\"search_term_string\"}}],\"inLanguage\":\"pl-PL\"}]}<\/script>\n<!-- \/ Yoast SEO plugin. -->","yoast_head_json":{"title":"Polish language - Instytut Polski w Londynie","robots":{"index":"index","follow":"follow","max-snippet":"max-snippet:-1","max-image-preview":"max-image-preview:large","max-video-preview":"max-video-preview:-1"},"canonical":"https:\/\/instytutpolski.pl\/london\/polish-language\/","og_locale":"pl_PL","og_type":"article","og_title":"Polish language - Instytut Polski w Londynie","og_description":"Polish is the second largest Slavic language in the world in terms of the number of users. About 50 million people actively use it, and at least 10 million have a passive knowledge of it. Thus, Polish is the largest Slavic language in the European Union, its fifth ethnic language (ex aequo with Spanish Castilian, [&hellip;]","og_url":"https:\/\/instytutpolski.pl\/london\/polish-language\/","og_site_name":"Instytut Polski w Londynie","article_modified_time":"2020-05-28T15:23:30+00:00","og_image":[{"width":1920,"height":700,"url":"https:\/\/instytutpolski.pl\/london\/wp-content\/uploads\/sites\/23\/2019\/06\/jezyk-polski.jpg","type":"image\/jpeg"}],"twitter_card":"summary_large_image","twitter_misc":{"Szacowany czas czytania":"2 minuty"},"schema":{"@context":"https:\/\/schema.org","@graph":[{"@type":"WebPage","@id":"https:\/\/instytutpolski.pl\/london\/polish-language\/","url":"https:\/\/instytutpolski.pl\/london\/polish-language\/","name":"Polish language - Instytut Polski w Londynie","isPartOf":{"@id":"https:\/\/instytutpolski.pl\/london\/#website"},"primaryImageOfPage":{"@id":"https:\/\/instytutpolski.pl\/london\/polish-language\/#primaryimage"},"image":{"@id":"https:\/\/instytutpolski.pl\/london\/polish-language\/#primaryimage"},"thumbnailUrl":"https:\/\/instytutpolski.pl\/london\/wp-content\/uploads\/sites\/23\/2019\/06\/jezyk-polski.jpg","datePublished":"2019-06-24T13:34:59+00:00","dateModified":"2020-05-28T15:23:30+00:00","breadcrumb":{"@id":"https:\/\/instytutpolski.pl\/london\/polish-language\/#breadcrumb"},"inLanguage":"pl-PL","potentialAction":[{"@type":"ReadAction","target":["https:\/\/instytutpolski.pl\/london\/polish-language\/"]}]},{"@type":"ImageObject","inLanguage":"pl-PL","@id":"https:\/\/instytutpolski.pl\/london\/polish-language\/#primaryimage","url":"https:\/\/instytutpolski.pl\/london\/wp-content\/uploads\/sites\/23\/2019\/06\/jezyk-polski.jpg","contentUrl":"https:\/\/instytutpolski.pl\/london\/wp-content\/uploads\/sites\/23\/2019\/06\/jezyk-polski.jpg","width":1920,"height":700},{"@type":"BreadcrumbList","@id":"https:\/\/instytutpolski.pl\/london\/polish-language\/#breadcrumb","itemListElement":[{"@type":"ListItem","position":1,"name":"Home","item":"https:\/\/instytutpolski.pl\/london\/"},{"@type":"ListItem","position":2,"name":"Polish language"}]},{"@type":"WebSite","@id":"https:\/\/instytutpolski.pl\/london\/#website","url":"https:\/\/instytutpolski.pl\/london\/","name":"Instytut Polski w Londynie","description":"Instytuty Polskie","potentialAction":[{"@type":"SearchAction","target":{"@type":"EntryPoint","urlTemplate":"https:\/\/instytutpolski.pl\/london\/?s={search_term_string}"},"query-input":{"@type":"PropertyValueSpecification","valueRequired":true,"valueName":"search_term_string"}}],"inLanguage":"pl-PL"}]}},"_links":{"self":[{"href":"https:\/\/instytutpolski.pl\/london\/wp-json\/wp\/v2\/pages\/142","targetHints":{"allow":["GET"]}}],"collection":[{"href":"https:\/\/instytutpolski.pl\/london\/wp-json\/wp\/v2\/pages"}],"about":[{"href":"https:\/\/instytutpolski.pl\/london\/wp-json\/wp\/v2\/types\/page"}],"author":[{"embeddable":true,"href":"https:\/\/instytutpolski.pl\/london\/wp-json\/wp\/v2\/users\/1"}],"replies":[{"embeddable":true,"href":"https:\/\/instytutpolski.pl\/london\/wp-json\/wp\/v2\/comments?post=142"}],"version-history":[{"count":3,"href":"https:\/\/instytutpolski.pl\/london\/wp-json\/wp\/v2\/pages\/142\/revisions"}],"predecessor-version":[{"id":1692,"href":"https:\/\/instytutpolski.pl\/london\/wp-json\/wp\/v2\/pages\/142\/revisions\/1692"}],"wp:featuredmedia":[{"embeddable":true,"href":"https:\/\/instytutpolski.pl\/london\/wp-json\/wp\/v2\/media\/177"}],"wp:attachment":[{"href":"https:\/\/instytutpolski.pl\/london\/wp-json\/wp\/v2\/media?parent=142"}],"curies":[{"name":"wp","href":"https:\/\/api.w.org\/{rel}","templated":true}]}}