{"id":13,"date":"2019-06-04T14:16:25","date_gmt":"2019-06-04T12:16:25","guid":{"rendered":"https:\/\/instytutpolski.pl\/madryt\/?page_id=13"},"modified":"2021-02-26T10:25:25","modified_gmt":"2021-02-26T09:25:25","slug":"rodo","status":"publish","type":"page","link":"https:\/\/instytutpolski.pl\/madrid\/rodo\/","title":{"rendered":"RODO"},"content":{"rendered":"\n<p><strong>Informaci\u00f3n sobre el tratamiento de datos personales de los suscriptores de la newsletter por parte del Instituto Polaco de Cultura en Madrid<\/strong><\/p>\n<p>La siguiente informaci\u00f3n se da en cumplimiento de la obligaci\u00f3n prevista en el art. 13 de Reglamento (UE) 2016\/679 del Parlamento Europeo y del Consejo de 27 de abril de 2016, relativo a la protecci\u00f3n de las personas f\u00edsicas en lo que respecta al tratamiento de datos personales y a la libre circulaci\u00f3n de estos datos y por el que se deroga la Directiva 95\/46\/CE (Reglamento General de Protecci\u00f3n de Datos).<\/p>\n<ol>\n<li>En el sentido del art. 4 punto 7 de Reglamento General de Protecci\u00f3n de Datos, el responsable de tratamiento de los datos personales es el Ministro de Asuntos Exteriores de Polonia, con sede en Varsovia, Al. J. Ch. Szucha 23, mientras el responsable en funciones del tratamiento es el Director del Instituto Polaco de Cultura en Madrid.<\/li>\n<li>Se ha creado el cargo de Inspector de la Protecci\u00f3n de Datos personales para el Ministerio de Asuntos Exteriores de Polonia y para sus instituciones en el extranjero.<br \/>Datos de contacto:<br \/><span style=\"font-size: inherit;\">Direcci\u00f3n: Al. J. Ch. Szucha 23, 00-580 Varsovia,<br \/>Polonia <\/span><span style=\"font-size: inherit;\">Email: <\/span><a style=\"font-size: inherit;\" href=\"mailto:iod@msz.gov.pl\">iod@msz.gov.pl<\/a><\/li>\n<\/ol>\n<ol start=\"3\">\n<li>Los datos son tratados en base al art. 6 punto 1a del Reglamento General de Protecci\u00f3n de Datos, para que, tras el consentimiento de la persona interesada, se le env\u00ede la newsletter con la informaci\u00f3n acerca del programa y las actividades del Instituto Polaco de Cultura en Madrid. La proporci\u00f3n de dichos datos tiene car\u00e1cter voluntario, sin embargo es imprescindible para la recepci\u00f3n de la newsletter.<\/li>\n<li>Los datos est\u00e1n protegidos en cumplimiento con las disposiciones del Reglamento General de Protecci\u00f3n de Datos y no pueden ser transferidos a terceros que no est\u00e9n autorizados para tener acceso a los mismos.<\/li>\n<li>Los datos no ser\u00e1n tranferidos a un tercer pa\u00eds, ni a una organizaci\u00f3n internacional.<\/li>\n<li>Solo podr\u00e1n tener acceso a los datos los empleados autorizados del Instituto Polaco de Cultura en Madrid.<\/li>\n<li>Los datos ser\u00e1n tratados hasta que la persona interesada retire su consentimiento para su ulterior tratamiento. Dicho consentimiento puede ser retirado en cualquier momento, a trav\u00e9s del procedimiento descrito al final de cada newsletter, o a trav\u00e9s de un correo enviado a la direcci\u00f3n: <a href=\"mailto:madryt@instytutpolski.org\">madryt@instytutpolski.org<\/a><\/li>\n<li>A la persona interesada le corresponden los derechos de control del tratamiento de datos, en cumplimiento de los art\u00edculos 15-20 del Reglamento General de Protecci\u00f3n de Datos y, en particular, el derecho de acceso a los datos, su rectificaci\u00f3n, supresi\u00f3n o limitaci\u00f3n.<\/li>\n<li>Los datos no ser\u00e1n tratados de forma automatizada ni ser\u00e1n sujeto a la elaboraci\u00f3n de perfiles.<\/li>\n<li>En el caso de infracci\u00f3n del reglamento de protecci\u00f3n de datos en relaci\u00f3n con el tratamiento de sus datos, la persona interesada tiene derecho a presentar una denuncia al \u00f3rgano de control (Agencia de Protecci\u00f3n de Datos Personales): <br \/>Urz\u0119du Ochrony Danych Osobowych<br \/>ul. <span style=\"font-size: inherit;\">Stawki 2 <br \/>00-193 Varsovia, Polonia<\/span><\/li>\n<\/ol>\n","protected":false},"excerpt":{"rendered":"<p>Informaci\u00f3n sobre el tratamiento de datos personales de los suscriptores de la newsletter por parte del Instituto Polaco de Cultura en Madrid La siguiente informaci\u00f3n se da en cumplimiento de la obligaci\u00f3n prevista en el art. 13 de Reglamento (UE) 2016\/679 del Parlamento Europeo y del Consejo de 27 de abril de 2016, relativo a [&hellip;]<\/p>\n","protected":false},"author":1,"featured_media":5098,"parent":0,"menu_order":0,"comment_status":"closed","ping_status":"closed","template":"","meta":{"inline_featured_image":false,"_monsterinsights_skip_tracking":false,"_monsterinsights_sitenote_active":false,"_monsterinsights_sitenote_note":"","_monsterinsights_sitenote_category":0,"footnotes":""},"class_list":["post-13","page","type-page","status-publish","has-post-thumbnail","hentry"],"yoast_head":"<!-- This site is optimized with the Yoast SEO plugin v24.6 - https:\/\/yoast.com\/wordpress\/plugins\/seo\/ -->\n<title>RODO - Instytut Polski w Madrycie<\/title>\n<meta name=\"robots\" content=\"index, follow, max-snippet:-1, max-image-preview:large, max-video-preview:-1\" \/>\n<link rel=\"canonical\" href=\"https:\/\/instytutpolski.pl\/madrid\/rodo\/\" \/>\n<meta property=\"og:locale\" content=\"pl_PL\" \/>\n<meta property=\"og:type\" content=\"article\" \/>\n<meta property=\"og:title\" content=\"RODO - Instytut Polski w Madrycie\" \/>\n<meta property=\"og:description\" content=\"Informaci\u00f3n sobre el tratamiento de datos personales de los suscriptores de la newsletter por parte del Instituto Polaco de Cultura en Madrid La siguiente informaci\u00f3n se da en cumplimiento de la obligaci\u00f3n prevista en el art. 13 de Reglamento (UE) 2016\/679 del Parlamento Europeo y del Consejo de 27 de abril de 2016, relativo a [&hellip;]\" \/>\n<meta property=\"og:url\" content=\"https:\/\/instytutpolski.pl\/madrid\/rodo\/\" \/>\n<meta property=\"og:site_name\" content=\"Instytut Polski w Madrycie\" \/>\n<meta property=\"article:modified_time\" content=\"2021-02-26T09:25:25+00:00\" \/>\n<meta property=\"og:image\" content=\"https:\/\/instytutpolski.pl\/madrid\/wp-content\/uploads\/sites\/16\/2021\/02\/newsletter-foto.jpg\" \/>\n\t<meta property=\"og:image:width\" content=\"2048\" \/>\n\t<meta property=\"og:image:height\" content=\"1365\" \/>\n\t<meta property=\"og:image:type\" content=\"image\/jpeg\" \/>\n<meta name=\"twitter:card\" content=\"summary_large_image\" \/>\n<meta name=\"twitter:label1\" content=\"Szacowany czas czytania\" \/>\n\t<meta name=\"twitter:data1\" content=\"3 minuty\" \/>\n<script type=\"application\/ld+json\" class=\"yoast-schema-graph\">{\"@context\":\"https:\/\/schema.org\",\"@graph\":[{\"@type\":\"WebPage\",\"@id\":\"https:\/\/instytutpolski.pl\/madrid\/rodo\/\",\"url\":\"https:\/\/instytutpolski.pl\/madrid\/rodo\/\",\"name\":\"RODO - Instytut Polski w Madrycie\",\"isPartOf\":{\"@id\":\"https:\/\/instytutpolski.pl\/madrid\/#website\"},\"primaryImageOfPage\":{\"@id\":\"https:\/\/instytutpolski.pl\/madrid\/rodo\/#primaryimage\"},\"image\":{\"@id\":\"https:\/\/instytutpolski.pl\/madrid\/rodo\/#primaryimage\"},\"thumbnailUrl\":\"https:\/\/instytutpolski.pl\/madrid\/wp-content\/uploads\/sites\/16\/2021\/02\/newsletter-foto.jpg\",\"datePublished\":\"2019-06-04T12:16:25+00:00\",\"dateModified\":\"2021-02-26T09:25:25+00:00\",\"breadcrumb\":{\"@id\":\"https:\/\/instytutpolski.pl\/madrid\/rodo\/#breadcrumb\"},\"inLanguage\":\"pl-PL\",\"potentialAction\":[{\"@type\":\"ReadAction\",\"target\":[\"https:\/\/instytutpolski.pl\/madrid\/rodo\/\"]}]},{\"@type\":\"ImageObject\",\"inLanguage\":\"pl-PL\",\"@id\":\"https:\/\/instytutpolski.pl\/madrid\/rodo\/#primaryimage\",\"url\":\"https:\/\/instytutpolski.pl\/madrid\/wp-content\/uploads\/sites\/16\/2021\/02\/newsletter-foto.jpg\",\"contentUrl\":\"https:\/\/instytutpolski.pl\/madrid\/wp-content\/uploads\/sites\/16\/2021\/02\/newsletter-foto.jpg\",\"width\":2048,\"height\":1365,\"caption\":\"Fot. M. Cieszewski\"},{\"@type\":\"BreadcrumbList\",\"@id\":\"https:\/\/instytutpolski.pl\/madrid\/rodo\/#breadcrumb\",\"itemListElement\":[{\"@type\":\"ListItem\",\"position\":1,\"name\":\"Home\",\"item\":\"https:\/\/instytutpolski.pl\/madrid\/\"},{\"@type\":\"ListItem\",\"position\":2,\"name\":\"RODO\"}]},{\"@type\":\"WebSite\",\"@id\":\"https:\/\/instytutpolski.pl\/madrid\/#website\",\"url\":\"https:\/\/instytutpolski.pl\/madrid\/\",\"name\":\"Instytut Polski w Madrycie\",\"description\":\"Instytuty Polskie\",\"potentialAction\":[{\"@type\":\"SearchAction\",\"target\":{\"@type\":\"EntryPoint\",\"urlTemplate\":\"https:\/\/instytutpolski.pl\/madrid\/?s={search_term_string}\"},\"query-input\":{\"@type\":\"PropertyValueSpecification\",\"valueRequired\":true,\"valueName\":\"search_term_string\"}}],\"inLanguage\":\"pl-PL\"}]}<\/script>\n<!-- \/ Yoast SEO plugin. -->","yoast_head_json":{"title":"RODO - Instytut Polski w Madrycie","robots":{"index":"index","follow":"follow","max-snippet":"max-snippet:-1","max-image-preview":"max-image-preview:large","max-video-preview":"max-video-preview:-1"},"canonical":"https:\/\/instytutpolski.pl\/madrid\/rodo\/","og_locale":"pl_PL","og_type":"article","og_title":"RODO - Instytut Polski w Madrycie","og_description":"Informaci\u00f3n sobre el tratamiento de datos personales de los suscriptores de la newsletter por parte del Instituto Polaco de Cultura en Madrid La siguiente informaci\u00f3n se da en cumplimiento de la obligaci\u00f3n prevista en el art. 13 de Reglamento (UE) 2016\/679 del Parlamento Europeo y del Consejo de 27 de abril de 2016, relativo a [&hellip;]","og_url":"https:\/\/instytutpolski.pl\/madrid\/rodo\/","og_site_name":"Instytut Polski w Madrycie","article_modified_time":"2021-02-26T09:25:25+00:00","og_image":[{"width":2048,"height":1365,"url":"https:\/\/instytutpolski.pl\/madrid\/wp-content\/uploads\/sites\/16\/2021\/02\/newsletter-foto.jpg","type":"image\/jpeg"}],"twitter_card":"summary_large_image","twitter_misc":{"Szacowany czas czytania":"3 minuty"},"schema":{"@context":"https:\/\/schema.org","@graph":[{"@type":"WebPage","@id":"https:\/\/instytutpolski.pl\/madrid\/rodo\/","url":"https:\/\/instytutpolski.pl\/madrid\/rodo\/","name":"RODO - Instytut Polski w Madrycie","isPartOf":{"@id":"https:\/\/instytutpolski.pl\/madrid\/#website"},"primaryImageOfPage":{"@id":"https:\/\/instytutpolski.pl\/madrid\/rodo\/#primaryimage"},"image":{"@id":"https:\/\/instytutpolski.pl\/madrid\/rodo\/#primaryimage"},"thumbnailUrl":"https:\/\/instytutpolski.pl\/madrid\/wp-content\/uploads\/sites\/16\/2021\/02\/newsletter-foto.jpg","datePublished":"2019-06-04T12:16:25+00:00","dateModified":"2021-02-26T09:25:25+00:00","breadcrumb":{"@id":"https:\/\/instytutpolski.pl\/madrid\/rodo\/#breadcrumb"},"inLanguage":"pl-PL","potentialAction":[{"@type":"ReadAction","target":["https:\/\/instytutpolski.pl\/madrid\/rodo\/"]}]},{"@type":"ImageObject","inLanguage":"pl-PL","@id":"https:\/\/instytutpolski.pl\/madrid\/rodo\/#primaryimage","url":"https:\/\/instytutpolski.pl\/madrid\/wp-content\/uploads\/sites\/16\/2021\/02\/newsletter-foto.jpg","contentUrl":"https:\/\/instytutpolski.pl\/madrid\/wp-content\/uploads\/sites\/16\/2021\/02\/newsletter-foto.jpg","width":2048,"height":1365,"caption":"Fot. M. Cieszewski"},{"@type":"BreadcrumbList","@id":"https:\/\/instytutpolski.pl\/madrid\/rodo\/#breadcrumb","itemListElement":[{"@type":"ListItem","position":1,"name":"Home","item":"https:\/\/instytutpolski.pl\/madrid\/"},{"@type":"ListItem","position":2,"name":"RODO"}]},{"@type":"WebSite","@id":"https:\/\/instytutpolski.pl\/madrid\/#website","url":"https:\/\/instytutpolski.pl\/madrid\/","name":"Instytut Polski w Madrycie","description":"Instytuty Polskie","potentialAction":[{"@type":"SearchAction","target":{"@type":"EntryPoint","urlTemplate":"https:\/\/instytutpolski.pl\/madrid\/?s={search_term_string}"},"query-input":{"@type":"PropertyValueSpecification","valueRequired":true,"valueName":"search_term_string"}}],"inLanguage":"pl-PL"}]}},"_links":{"self":[{"href":"https:\/\/instytutpolski.pl\/madrid\/wp-json\/wp\/v2\/pages\/13","targetHints":{"allow":["GET"]}}],"collection":[{"href":"https:\/\/instytutpolski.pl\/madrid\/wp-json\/wp\/v2\/pages"}],"about":[{"href":"https:\/\/instytutpolski.pl\/madrid\/wp-json\/wp\/v2\/types\/page"}],"author":[{"embeddable":true,"href":"https:\/\/instytutpolski.pl\/madrid\/wp-json\/wp\/v2\/users\/1"}],"replies":[{"embeddable":true,"href":"https:\/\/instytutpolski.pl\/madrid\/wp-json\/wp\/v2\/comments?post=13"}],"version-history":[{"count":4,"href":"https:\/\/instytutpolski.pl\/madrid\/wp-json\/wp\/v2\/pages\/13\/revisions"}],"predecessor-version":[{"id":5099,"href":"https:\/\/instytutpolski.pl\/madrid\/wp-json\/wp\/v2\/pages\/13\/revisions\/5099"}],"wp:featuredmedia":[{"embeddable":true,"href":"https:\/\/instytutpolski.pl\/madrid\/wp-json\/wp\/v2\/media\/5098"}],"wp:attachment":[{"href":"https:\/\/instytutpolski.pl\/madrid\/wp-json\/wp\/v2\/media?parent=13"}],"curies":[{"name":"wp","href":"https:\/\/api.w.org\/{rel}","templated":true}]}}