{"id":161,"date":"2019-06-07T01:04:47","date_gmt":"2019-06-06T23:04:47","guid":{"rendered":"https:\/\/instytutpolski.pl\/madryt\/?page_id=161"},"modified":"2020-01-13T13:57:42","modified_gmt":"2020-01-13T12:57:42","slug":"sobre-nosotros","status":"publish","type":"page","link":"https:\/\/instytutpolski.pl\/madrid\/sobre-nosotros\/","title":{"rendered":"Sobre nosotros"},"content":{"rendered":"\n<p>El Instituto Polaco de Cultura\u00a0en\u00a0Madrid\u00a0es una unidad dependiente del Ministerio de Asuntos Exteriores de Polonia y tiene como objetivo, al igual que los otros veinte Institutos Polacos existentes en el mundo, asumir profesionalmente la funci\u00f3n de promover un conocimiento m\u00e1s profundo de Polonia, su historia y su patrimonio.<\/p>\n<p>En paralelo a una intensa labor informativa, su tarea principal consiste en conseguir que los creadores polacos est\u00e9n siempre presentes en los principales centros de cultura de la Pen\u00ednsula Ib\u00e9rica. Otra misi\u00f3n importante consiste en fortalecer los contactos ya existentes y fomentar el establecimiento de nuevos contactos entre los creadores e instituciones culturales en Polonia, Espa\u00f1a y Portugal. Las actividades del Instituto contemplan tambi\u00e9n la intensificaci\u00f3n del intercambio cultural entre Polonia y los pa\u00edses de Am\u00e9rica Latina.<\/p>\n<p>Las actividades del Instituto\u00a0tienen como objetivo mostrar\u00a0a los diversos c\u00edrculos sociales de la Pen\u00ednsula Ib\u00e9rica la Polonia de hoy: un pa\u00eds moderno, que vive transformaciones muy din\u00e1micas, pero que a la vez mantiene orgulloso su tradici\u00f3n hist\u00f3rica -extensa, rica y multicultural-. Desde Instituto Polaco de Cultura en Madrid queremos hacer llegar\u00a0a Espa\u00f1a una informaci\u00f3n polifac\u00e9tica y actualizada sobre el potencial intelectual de Polonia, no s\u00f3lo a los c\u00edrculos creadores de opini\u00f3n, artistas o expertos, sino a los m\u00e1s amplios sectores sociales.<\/p>\n","protected":false},"excerpt":{"rendered":"<p>El Instituto Polaco de Cultura\u00a0en\u00a0Madrid\u00a0es una unidad dependiente del Ministerio de Asuntos Exteriores de Polonia y tiene como objetivo, al igual que los otros veinte Institutos Polacos existentes en el mundo, asumir profesionalmente la funci\u00f3n de promover un conocimiento m\u00e1s profundo de Polonia, su historia y su patrimonio. En paralelo a una intensa labor informativa, [&hellip;]<\/p>\n","protected":false},"author":1,"featured_media":0,"parent":0,"menu_order":0,"comment_status":"closed","ping_status":"closed","template":"","meta":{"inline_featured_image":false,"_monsterinsights_skip_tracking":false,"_monsterinsights_sitenote_active":false,"_monsterinsights_sitenote_note":"","_monsterinsights_sitenote_category":0,"footnotes":""},"class_list":["post-161","page","type-page","status-publish","hentry"],"yoast_head":"<!-- This site is optimized with the Yoast SEO plugin v24.6 - https:\/\/yoast.com\/wordpress\/plugins\/seo\/ -->\n<title>Sobre nosotros - Instytut Polski w Madrycie<\/title>\n<meta name=\"robots\" content=\"index, follow, max-snippet:-1, max-image-preview:large, max-video-preview:-1\" \/>\n<link rel=\"canonical\" href=\"https:\/\/instytutpolski.pl\/madrid\/sobre-nosotros\/\" \/>\n<meta property=\"og:locale\" content=\"pl_PL\" \/>\n<meta property=\"og:type\" content=\"article\" \/>\n<meta property=\"og:title\" content=\"Sobre nosotros - Instytut Polski w Madrycie\" \/>\n<meta property=\"og:description\" content=\"El Instituto Polaco de Cultura\u00a0en\u00a0Madrid\u00a0es una unidad dependiente del Ministerio de Asuntos Exteriores de Polonia y tiene como objetivo, al igual que los otros veinte Institutos Polacos existentes en el mundo, asumir profesionalmente la funci\u00f3n de promover un conocimiento m\u00e1s profundo de Polonia, su historia y su patrimonio. En paralelo a una intensa labor informativa, [&hellip;]\" \/>\n<meta property=\"og:url\" content=\"https:\/\/instytutpolski.pl\/madrid\/sobre-nosotros\/\" \/>\n<meta property=\"og:site_name\" content=\"Instytut Polski w Madrycie\" \/>\n<meta property=\"article:modified_time\" content=\"2020-01-13T12:57:42+00:00\" \/>\n<meta name=\"twitter:card\" content=\"summary_large_image\" \/>\n<meta name=\"twitter:label1\" content=\"Szacowany czas czytania\" \/>\n\t<meta name=\"twitter:data1\" content=\"1 minuta\" \/>\n<script type=\"application\/ld+json\" class=\"yoast-schema-graph\">{\"@context\":\"https:\/\/schema.org\",\"@graph\":[{\"@type\":\"WebPage\",\"@id\":\"https:\/\/instytutpolski.pl\/madrid\/sobre-nosotros\/\",\"url\":\"https:\/\/instytutpolski.pl\/madrid\/sobre-nosotros\/\",\"name\":\"Sobre nosotros - Instytut Polski w Madrycie\",\"isPartOf\":{\"@id\":\"https:\/\/instytutpolski.pl\/madrid\/#website\"},\"datePublished\":\"2019-06-06T23:04:47+00:00\",\"dateModified\":\"2020-01-13T12:57:42+00:00\",\"breadcrumb\":{\"@id\":\"https:\/\/instytutpolski.pl\/madrid\/sobre-nosotros\/#breadcrumb\"},\"inLanguage\":\"pl-PL\",\"potentialAction\":[{\"@type\":\"ReadAction\",\"target\":[\"https:\/\/instytutpolski.pl\/madrid\/sobre-nosotros\/\"]}]},{\"@type\":\"BreadcrumbList\",\"@id\":\"https:\/\/instytutpolski.pl\/madrid\/sobre-nosotros\/#breadcrumb\",\"itemListElement\":[{\"@type\":\"ListItem\",\"position\":1,\"name\":\"Home\",\"item\":\"https:\/\/instytutpolski.pl\/madrid\/\"},{\"@type\":\"ListItem\",\"position\":2,\"name\":\"Sobre nosotros\"}]},{\"@type\":\"WebSite\",\"@id\":\"https:\/\/instytutpolski.pl\/madrid\/#website\",\"url\":\"https:\/\/instytutpolski.pl\/madrid\/\",\"name\":\"Instytut Polski w Madrycie\",\"description\":\"Instytuty Polskie\",\"potentialAction\":[{\"@type\":\"SearchAction\",\"target\":{\"@type\":\"EntryPoint\",\"urlTemplate\":\"https:\/\/instytutpolski.pl\/madrid\/?s={search_term_string}\"},\"query-input\":{\"@type\":\"PropertyValueSpecification\",\"valueRequired\":true,\"valueName\":\"search_term_string\"}}],\"inLanguage\":\"pl-PL\"}]}<\/script>\n<!-- \/ Yoast SEO plugin. -->","yoast_head_json":{"title":"Sobre nosotros - Instytut Polski w Madrycie","robots":{"index":"index","follow":"follow","max-snippet":"max-snippet:-1","max-image-preview":"max-image-preview:large","max-video-preview":"max-video-preview:-1"},"canonical":"https:\/\/instytutpolski.pl\/madrid\/sobre-nosotros\/","og_locale":"pl_PL","og_type":"article","og_title":"Sobre nosotros - Instytut Polski w Madrycie","og_description":"El Instituto Polaco de Cultura\u00a0en\u00a0Madrid\u00a0es una unidad dependiente del Ministerio de Asuntos Exteriores de Polonia y tiene como objetivo, al igual que los otros veinte Institutos Polacos existentes en el mundo, asumir profesionalmente la funci\u00f3n de promover un conocimiento m\u00e1s profundo de Polonia, su historia y su patrimonio. En paralelo a una intensa labor informativa, [&hellip;]","og_url":"https:\/\/instytutpolski.pl\/madrid\/sobre-nosotros\/","og_site_name":"Instytut Polski w Madrycie","article_modified_time":"2020-01-13T12:57:42+00:00","twitter_card":"summary_large_image","twitter_misc":{"Szacowany czas czytania":"1 minuta"},"schema":{"@context":"https:\/\/schema.org","@graph":[{"@type":"WebPage","@id":"https:\/\/instytutpolski.pl\/madrid\/sobre-nosotros\/","url":"https:\/\/instytutpolski.pl\/madrid\/sobre-nosotros\/","name":"Sobre nosotros - Instytut Polski w Madrycie","isPartOf":{"@id":"https:\/\/instytutpolski.pl\/madrid\/#website"},"datePublished":"2019-06-06T23:04:47+00:00","dateModified":"2020-01-13T12:57:42+00:00","breadcrumb":{"@id":"https:\/\/instytutpolski.pl\/madrid\/sobre-nosotros\/#breadcrumb"},"inLanguage":"pl-PL","potentialAction":[{"@type":"ReadAction","target":["https:\/\/instytutpolski.pl\/madrid\/sobre-nosotros\/"]}]},{"@type":"BreadcrumbList","@id":"https:\/\/instytutpolski.pl\/madrid\/sobre-nosotros\/#breadcrumb","itemListElement":[{"@type":"ListItem","position":1,"name":"Home","item":"https:\/\/instytutpolski.pl\/madrid\/"},{"@type":"ListItem","position":2,"name":"Sobre nosotros"}]},{"@type":"WebSite","@id":"https:\/\/instytutpolski.pl\/madrid\/#website","url":"https:\/\/instytutpolski.pl\/madrid\/","name":"Instytut Polski w Madrycie","description":"Instytuty Polskie","potentialAction":[{"@type":"SearchAction","target":{"@type":"EntryPoint","urlTemplate":"https:\/\/instytutpolski.pl\/madrid\/?s={search_term_string}"},"query-input":{"@type":"PropertyValueSpecification","valueRequired":true,"valueName":"search_term_string"}}],"inLanguage":"pl-PL"}]}},"_links":{"self":[{"href":"https:\/\/instytutpolski.pl\/madrid\/wp-json\/wp\/v2\/pages\/161","targetHints":{"allow":["GET"]}}],"collection":[{"href":"https:\/\/instytutpolski.pl\/madrid\/wp-json\/wp\/v2\/pages"}],"about":[{"href":"https:\/\/instytutpolski.pl\/madrid\/wp-json\/wp\/v2\/types\/page"}],"author":[{"embeddable":true,"href":"https:\/\/instytutpolski.pl\/madrid\/wp-json\/wp\/v2\/users\/1"}],"replies":[{"embeddable":true,"href":"https:\/\/instytutpolski.pl\/madrid\/wp-json\/wp\/v2\/comments?post=161"}],"version-history":[{"count":4,"href":"https:\/\/instytutpolski.pl\/madrid\/wp-json\/wp\/v2\/pages\/161\/revisions"}],"predecessor-version":[{"id":700,"href":"https:\/\/instytutpolski.pl\/madrid\/wp-json\/wp\/v2\/pages\/161\/revisions\/700"}],"wp:attachment":[{"href":"https:\/\/instytutpolski.pl\/madrid\/wp-json\/wp\/v2\/media?parent=161"}],"curies":[{"name":"wp","href":"https:\/\/api.w.org\/{rel}","templated":true}]}}