{"id":2537,"date":"2020-04-08T13:10:36","date_gmt":"2020-04-08T11:10:36","guid":{"rendered":"https:\/\/instytutpolski.pl\/madrid\/?page_id=2537"},"modified":"2020-04-08T13:11:40","modified_gmt":"2020-04-08T11:11:40","slug":"literatura-polaca-en-espana","status":"publish","type":"page","link":"https:\/\/instytutpolski.pl\/madrid\/literatura-polaca-en-espana\/","title":{"rendered":"Literatura polaca en Espa\u00f1a"},"content":{"rendered":"\n<p>Libros polacos publicados en Espa\u00f1a:<\/p>\n\n\n\n<p><strong>Jerzy Andrzejewski<\/strong><\/p>\n\n\n\n<ul class=\"wp-block-list\"><li><em>Cenizas y diamantes<\/em><\/li><li><em>Helo aqu\u00ed que viene saltando por las monta\u00f1as<\/em><\/li><li><em>Las puertas del paraiso<\/em><\/li><\/ul>\n\n\n\n<p><strong>Zygmunt Bauman<\/strong><\/p>\n\n\n\n<ul class=\"wp-block-list\"><li><em>44 cartas desde el mundo l\u00edquido<\/em><\/li><li><em>Tiempos l\u00edquidos<\/em><\/li><li><em>Vida l\u00edquida<\/em><\/li><li><em>Modernidad y holocausto<\/em><\/li><li><em>Amor l\u00edquido<\/em><\/li><li><em>Vida de consumo<\/em><\/li><li><em>Modernidad l\u00edquida<\/em><\/li><li><em>El arte de la vida<\/em><\/li><li><em>Mundo consumo<\/em><\/li><li><em>Da\u00f1os colaterales<\/em><\/li><li><em>Europa una aventura inacabada<\/em><\/li><li><em>Comunidad, en busca de seguridad en un mundo hostil&nbsp;<\/em><\/li><li><em>La cultura como praxis&nbsp;<\/em><\/li><li><em>Esto no es un diario&nbsp;<\/em><\/li><li><em>\u00c9tica posmoderna&nbsp;<\/em><\/li><li><em>Identidad&nbsp;<\/em><\/li><li><em>Libertad&nbsp;<\/em><\/li><li><em>La posmodernidad y sus descontentos&nbsp;<\/em><\/li><li><em>La sociedad individualizada&nbsp;<\/em><\/li><li><em>Trabajo, consumismo y nuevos pobres&nbsp;<\/em><\/li><li><em>Vidas desperdiciadas<\/em><\/li><li><em>Modernidad y ambivalencia<\/em><\/li><li><em>La ambivalencia de la modernidad y otras conversaciones<\/em><\/li><li><em>Las consecuencias perversas de la modernidad&nbsp;<\/em><\/li><li><em>Legisladores e int\u00e9rpretes: Sobre la modernidad, la postmodernidad y\n     los intelectuales<\/em><\/li><li><em>La globalizaci\u00f3n: Consecuencias humanas<\/em><\/li><li><em>En b\u00fasqueda de la pol\u00edtica<\/em><\/li><li><em>La sociedad sitiada<\/em><\/li><li><em>Confianza y temor en la ciudad<\/em><\/li><li><em>Miedo l\u00edquido: La sociedad contempor\u00e1nea y sus temores<\/em><\/li><li><em>Arte,\u00bfl\u00edquido?<\/em><\/li><li><em>Archipi\u00e9lago de excepciones&nbsp;<\/em><\/li><li><em>M\u00faltiples culturas, una sola humanidad<\/em><\/li><li><em>La herman\u00e9utica y las ciencias sociales<\/em><\/li><li><em>Pensando sociol\u00f3gicamente<\/em><\/li><li><em>Los retos de la educaci\u00f3n en la modernidad l\u00edquida<\/em><\/li><li><em>El tiempo apremia: Conversaciones con Citlali Rovirosa-Madrazo<\/em><\/li><li><em>\u00bfLa riqueza de unos pocos nos beneficia a todos?&nbsp;<\/em><\/li><\/ul>\n\n\n\n<p><strong>Marek Bie\u0144czyk<\/strong><\/p>\n\n\n\n<ul class=\"wp-block-list\"><li><em>Tworki (El manicomio)<\/em><\/li><li><em>Melancol\u00eda&nbsp;<\/em><\/li><\/ul>\n\n\n\n<p><strong>Anna Burzy\u0144ska<\/strong><\/p>\n\n\n\n<ul class=\"wp-block-list\"><li><em>La mayor\u00eda de los suicidios ocurre en domingo,&nbsp;<\/em><\/li><li><em>Hombres al borde de ataque de nervios<\/em><\/li><\/ul>\n\n\n\n<p><strong>Stefan Chwin<\/strong>&nbsp;<\/p>\n\n\n\n<ul class=\"wp-block-list\"><li><em>La Pelikan de oro&nbsp;<\/em><\/li><li><em>El doctor Hanemann<\/em><\/li><\/ul>\n\n\n\n<p><strong>J\u00f3zef Czapski<\/strong>&nbsp;<\/p>\n\n\n\n<ul class=\"wp-block-list\"><li><em>En tierra inhumana<\/em><\/li><\/ul>\n\n\n\n<p><strong>Jacek Dehnel<\/strong><\/p>\n\n\n\n<ul class=\"wp-block-list\"><li><em>El jard\u00edn de Lala <\/em><\/li><\/ul>\n\n\n\n<p><strong>Artur Domos\u0142awski<\/strong><\/p>\n\n\n\n<ul class=\"wp-block-list\"><li><em>Kaspu\u015bcinski non fiction<\/em><\/li><\/ul>\n\n\n\n<p><strong>Maria Dzielska<\/strong><\/p>\n\n\n\n<ul class=\"wp-block-list\"><li><em>Hipatia de Alejandria<\/em><\/li><\/ul>\n\n\n\n<p><strong>Janusz G\u0142owacki<\/strong><\/p>\n\n\n\n<ul class=\"wp-block-list\"><li><em>A vuela pluma<\/em><\/li><\/ul>\n\n\n\n<p><strong>Witold Gombrowicz<\/strong><\/p>\n\n\n\n<ul class=\"wp-block-list\"><li><em>Trans-Atlantico<\/em><\/li><li><em>Cosmos<\/em><\/li><li><em>Diario argentino<\/em><\/li><li><em>Souvenirs de Pologne<\/em><\/li><li><em>Diario<\/em><\/li><li><em>Bakakai&nbsp;<\/em><\/li><li><em>Contra los poetas<\/em><\/li><li><em>Cursos e filosof\u00eda en seis\n     horas y cuarto<\/em><\/li><li><em>Correspondance 1950 -1969\n     (Jerzy Giedroy\u0107 y Witold Gombrowicz)<\/em><\/li><li><em>Pornografia<\/em><\/li><li><em>Ferdydurke<\/em><\/li><li><em>Los Hechizados<\/em><\/li><li><em>Ivonne, princesa de\n     Borgo\u00f1a&nbsp;<\/em><\/li><li><em>El matrimonio opereta<\/em>&nbsp;<\/li><\/ul>\n\n\n\n<p><strong>Manuela Gretkowska<\/strong><\/p>\n\n\n\n<ul class=\"wp-block-list\"><li><em>Cabaret metaf\u00edsico<\/em><\/li><\/ul>\n\n\n\n<p><strong>Jerzy Grotowski<\/strong><\/p>\n\n\n\n<ul class=\"wp-block-list\"><li><em>Teatro Laboratorio<\/em><\/li><li><em>Hacia un teatro pobre<\/em><\/li><li><em>Apocalypsis Cum Figuris<\/em><\/li><\/ul>\n\n\n\n<p><strong>Zbigniew Herbert<\/strong>&nbsp;<\/p>\n\n\n\n<ul class=\"wp-block-list\"><li><em>Informe desde la cuidad\n     sitiada y otros poemas<\/em><\/li><li><em>Naturaleza muerta con brida<\/em><\/li><li><em>Un b\u00e1rbaro en el jard\u00edn<\/em><\/li><li><em>Poes\u00eda completa<\/em>&nbsp;&nbsp;<\/li><\/ul>\n\n\n\n<p><strong>Pawe\u0142 Huelle<\/strong><\/p>\n\n\n\n<ul class=\"wp-block-list\"><li><em>\u00bfQui\u00e9n es Weiser Dawidek?<\/em><\/li><li><em>Mercedes-Benz. Seg\u00fan cartas\n     a Bohumil Hrabal<\/em><\/li><li><em>Castorp<\/em><\/li><\/ul>\n\n\n\n<p><strong>Jacek Hugo Bader<\/strong><\/p>\n\n\n\n<ul class=\"wp-block-list\"><li><em>La fiebre blanca&nbsp;<\/em><\/li><\/ul>\n\n\n\n<p><strong>Jaros\u0142aw Iwaszkiewicz<\/strong>&nbsp;<\/p>\n\n\n\n<ul class=\"wp-block-list\"><li><em>El bosque de abedules<\/em>&nbsp;<\/li><\/ul>\n\n\n\n<p><strong>Tadeusz Kantor<\/strong><\/p>\n\n\n\n<ul class=\"wp-block-list\"><li><em>El teatro&nbsp;y la muerte y otrosa ensayos<\/em><\/li><li><em>La clase muerta; Wielopole, Wielopole<\/em><\/li><\/ul>\n\n\n\n<p><strong>Ryszard Kapu\u015bcinski<\/strong><\/p>\n\n\n\n<ul class=\"wp-block-list\"><li><em>Poes\u00eda completa<\/em><\/li><li><em>Lapidarium IV<\/em><\/li><li><em>El mundo de hoy<\/em><\/li><li><em>\u00c9bano<\/em><\/li><li><em>Los cinicos no sirven para\n     este oficio: sobre el buen periodismo<\/em><\/li><li><em>Un dia mas con vida<\/em><\/li><li><em>La guerra del futbol<\/em><\/li><li><em>La jungla polaca<\/em><\/li><li><em>Viajes con Her\u00f3doto<\/em><\/li><li><em>Encuentro con el otro<\/em><\/li><li><em>El imperio<\/em><\/li><li><em>Desde \u00c1frica<\/em><\/li><li><em>El emperador<\/em><\/li><li><em>El mundo de (y a trav\u00e9s de)\n     los &#8222;Mass-media&#8221;&nbsp;<\/em><\/li><li><em>El Sha o la desmesura del\n     poder&nbsp;<\/em><\/li><li><em>Cristo con un fusil al\n     hombro&nbsp;<\/em><\/li><\/ul>\n\n\n\n<p><strong>Jan Karski<\/strong><\/p>\n\n\n\n<ul class=\"wp-block-list\"><li><em>Historia de un estado clandestino<\/em>&nbsp;<\/li><\/ul>\n\n\n\n<p><strong>Leszek Ko\u0142akowski<\/strong><\/p>\n\n\n\n<ul class=\"wp-block-list\"><li><em>Trece cuentos del reino de Lailonia para peque\u00f1os y mayores<\/em><\/li><li><em>La presencia del mito<\/em><\/li><\/ul>\n\n\n\n<p><strong>Jan Kott<\/strong><\/p>\n\n\n\n<ul class=\"wp-block-list\"><li><em>Apuntes sobre Shakespeare<\/em><\/li><li><em>Shakespeare, nuestro contempor\u00e1neo <\/em><\/li><\/ul>\n\n\n\n<p><strong>Marek Krajewski<\/strong><\/p>\n\n\n\n<ul class=\"wp-block-list\"><li><em>Muerte en Breslau<\/em><\/li><li><em>Fin del mundo en Breslau<\/em><\/li><li><em>Peste en Breslau<\/em><\/li><li><em>Espectros en Breslau<\/em><\/li><\/ul>\n\n\n\n<p><strong>Hanna Krall<\/strong><\/p>\n\n\n\n<ul class=\"wp-block-list\"><li><em>Ganarle a Dios&nbsp;<\/em><\/li><li><em>Fue el \u00faltimo instante. La\n     vida en el gueto de Varsovia<\/em><\/li><li><em>Rey de corazones<\/em>&nbsp;<\/li><\/ul>\n\n\n\n<p><strong>Zygmunt Krasi\u0144ski<\/strong><\/p>\n\n\n\n<ul class=\"wp-block-list\"><li><em>La no divina comedia<\/em><\/li><\/ul>\n\n\n\n<p><strong>Andrzej Ku\u015bniewicz<\/strong><\/p>\n\n\n\n<ul class=\"wp-block-list\"><li><em>El rey de las Dos Sicilias<\/em><\/li><\/ul>\n\n\n\n<p><strong>Stanis\u0142aw Lem<\/strong><\/p>\n\n\n\n<ul class=\"wp-block-list\"><li><em>Provocaci\u00f3n<\/em><\/li><li><em>Vac\u00edo perfecto<\/em><\/li><li><em>El hospital de la\n     transfiguraci\u00f3n<\/em><\/li><li><em>Diarios de la estrellas<\/em><\/li><li><em>Congreso de futurologia<\/em><\/li><li><em>Eden<\/em><\/li><li><em>M\u00e1s relatos de piloto Pirx<\/em><\/li><li><em>Fiasco<\/em><\/li><li><em>Realtos de piloto Pirx<\/em><\/li><li><em>Ciberiada<\/em><\/li><li><em>Retorno a las estrellas<\/em><\/li><li><em>El Invencible<\/em><\/li><li><em>Solaris<\/em><\/li><li><em>Guerra de las Rosas. El sol\n     en esplendor<\/em><\/li><li><em>El castillo alto<\/em><\/li><\/ul>\n\n\n\n<p><strong>Dorota Mas\u0142owska<\/strong><\/p>\n\n\n\n<ul class=\"wp-block-list\"><li><em>Blanco nieve, rojo Rusia<\/em><\/li><\/ul>\n\n\n\n<p><strong>Adam Mickiewicz<\/strong><\/p>\n\n\n\n<ul class=\"wp-block-list\"><li><em>Sonetos de Crimea<\/em><\/li><li><em>El libro de la naci\u00f3n polaca\n     y de los peregrinos polacos<\/em>&nbsp;<\/li><\/ul>\n\n\n\n<p><strong>Czes\u0142aw Mi\u0142osz<\/strong><\/p>\n\n\n\n<ul class=\"wp-block-list\"><li><em>Otra Europa<\/em><\/li><li><em>Abecedario: Diccionario de\n     una vida<\/em><\/li><li><em>El pensamiento cuativo<\/em><\/li><li><em>El valle de Issa<\/em><\/li><li><em>Tierra inalcanzable&nbsp;<\/em><\/li><li><em>El poder cambia de\n     manos&nbsp;<\/em><\/li><li><em>Poemas<\/em>&nbsp;<\/li><\/ul>\n\n\n\n<p><strong>S\u0142awomir Mro\u017cek<\/strong>&nbsp;<\/p>\n\n\n\n<ul class=\"wp-block-list\"><li><em>Huida hacia el sur<\/em><\/li><li><em>Tango<\/em><\/li><li><em>La mosca<\/em><\/li><li><em>El peque\u00f1o verano<\/em><\/li><li><em>El \u00e1rbol<\/em><\/li><li><em>Dos cartas<\/em><\/li><li><em>La vida dif\u00edcil<\/em><\/li><li><em>Juego de azar<\/em><\/li><li><em>El elefante<\/em><\/li><li><em>Baltasar<\/em><\/li><\/ul>\n\n\n\n<p><strong>Zofia Na\u0142kowska<\/strong><\/p>\n\n\n\n<ul class=\"wp-block-list\"><li><em>Medallones<\/em><\/li><\/ul>\n\n\n\n<p><strong>Maria Nurowska<\/strong><\/p>\n\n\n\n<ul class=\"wp-block-list\"><li><em>Post Scriptum<\/em><\/li><\/ul>\n\n\n\n<p><strong>W\u0142odzimierz Odojewski<\/strong><\/p>\n\n\n\n<ul class=\"wp-block-list\"><li><em>Una temporada en Venecia<\/em><\/li><\/ul>\n\n\n\n<p><strong>Sergiusz Piasecki<\/strong>&nbsp;<\/p>\n\n\n\n<ul class=\"wp-block-list\"><li><em>El enamorado de la Osa Mayor<\/em><\/li><\/ul>\n\n\n\n<p><strong>Jerzy Pilch<\/strong><\/p>\n\n\n\n<ul class=\"wp-block-list\"><li><em>Otros placeres,&nbsp;<\/em><\/li><li><em>Casa del \u00c1ngel Fuerte<\/em><\/li><\/ul>\n\n\n\n<p><strong>Jan Potocki&nbsp;<\/strong><\/p>\n\n\n\n<ul class=\"wp-block-list\"><li><em>Manuscrito encontrado en Zaragoza&nbsp;<\/em><\/li><\/ul>\n\n\n\n<p><strong>Boles\u0142aw Prus<\/strong><\/p>\n\n\n\n<ul class=\"wp-block-list\"><li><em>La mu\u00f1eca<\/em><\/li><li><em>Fara\u00f3n<\/em><\/li><li><em>Anielka<\/em>&nbsp;<\/li><\/ul>\n\n\n\n<p><strong>S\u0142awomir Rawicz<\/strong><\/p>\n\n\n\n<ul class=\"wp-block-list\"><li><em>La llarga caminada<\/em><\/li><\/ul>\n\n\n\n<p><strong>W\u0142adys\u0142aw Reymont<\/strong><\/p>\n\n\n\n<ul class=\"wp-block-list\"><li><em>La tierra de la gran promesa<\/em><\/li><li><em>El so\u00f1ador<\/em><\/li><li><em>Los campesinos<\/em><\/li><\/ul>\n\n\n\n<p><strong>Tadeusz R\u00f3\u017cewicz<\/strong><\/p>\n\n\n\n<ul class=\"wp-block-list\"><li><em>Inquietud<\/em><\/li><li><em>El Fichero&nbsp;<\/em><\/li><li><em>Poesia abierta (1944-2003)<\/em><\/li><li><em>Matrimonio blanco; El\n     ayunador de va<\/em><\/li><li><em>Testigos o nuestra peque\u00f1a\n     estabilizaci\u00f3n<\/em><\/li><\/ul>\n\n\n\n<p><strong>Andrzej Sapkowski<\/strong>&nbsp;<\/p>\n\n\n\n<ul class=\"wp-block-list\"><li><em>Bautismo de fuego &nbsp;<\/em><\/li><li><em>La dama del lago 1<\/em><\/li><li><em>La dama del lago 2&nbsp;<\/em><\/li><li><em>La espada del destino &nbsp;<\/em><\/li><li><em>Narrenturm &nbsp;<\/em><\/li><li><em>La sangre de los elfos\n     &nbsp;<\/em><\/li><li><em>Tiempo de odio &nbsp;<\/em><\/li><li><em>La torre de la golondrina\n     &nbsp;<\/em><\/li><li><em>El \u00faltimo deseo<\/em><\/li><li><em>Los guerreros de Dios&nbsp;<\/em><\/li><li><em>Camino sin retorno<\/em><\/li><li><em>La tarde dorada&nbsp;<\/em><\/li><\/ul>\n\n\n\n<p><strong>Bogus\u0142aw Schaeffer<\/strong><\/p>\n\n\n\n<ul class=\"wp-block-list\"><li><em>Cuarteto para cuatro\n     autores, Ensayos para siete<\/em><\/li><\/ul>\n\n\n\n<p><strong>Bruno Schulz<\/strong><\/p>\n\n\n\n<ul class=\"wp-block-list\"><li><em>Madurar hacia la infancia.\n     Relatos, in\u00e9ditos y dibujos&nbsp;<\/em><\/li><li><em>La rep\u00fablica de los\n     sue\u00f1os&nbsp;<\/em><\/li><li><em>Las tiendas de canela fina<\/em><\/li><li><em>Opera Omnia. I.\n     Relatos&nbsp;<\/em><\/li><\/ul>\n\n\n\n<p><strong>Henryk Sienkiewicz<\/strong><\/p>\n\n\n\n<ul class=\"wp-block-list\"><li><em>Relatos<\/em><\/li><li><em>Quo vadis<\/em><\/li><li><em>Bartek:el triunfador<\/em><\/li><li><em>A sangre y fuego&nbsp;<\/em><\/li><li><em>A traves del desierto y de\n     la selva<\/em><\/li><li><em>Janko el M\u00fasico, El Farero,\n     Sachem (ed.bilingue)<\/em><\/li><li><em>Los caballeros teutones<\/em><\/li><li><em>La casa solagriega (La\n     Familia Polaniecki) &nbsp;<\/em><\/li><li><em>Del diario del maestro de\n     Pozna\u0144<\/em><\/li><\/ul>\n\n\n\n<p><strong>Andrzej Stasiuk<\/strong>&nbsp;<\/p>\n\n\n\n<ul class=\"wp-block-list\"><li><em>De camino a Babadag<\/em><\/li><li><em>Mi Europa<\/em><\/li><li><em>Nueve<\/em><\/li><li><em>El mundo detr\u00e1s de Dukla<\/em><\/li><li><em>Cuentos de Galitzia<\/em><\/li><\/ul>\n\n\n\n<p><strong>Mariusz Szczygie\u0142<\/strong><\/p>\n\n\n\n<ul class=\"wp-block-list\"><li><em>Gottland&nbsp;<\/em><\/li><\/ul>\n\n\n\n<p><strong>Seweryna Szmaglewska<\/strong><\/p>\n\n\n\n<ul class=\"wp-block-list\"><li><em>Una mujer en Birkenau<\/em><\/li><\/ul>\n\n\n\n<p><strong>Wis\u0142awa Szymborska<\/strong><\/p>\n\n\n\n<ul class=\"wp-block-list\"><li><em>Poes\u00eda no completa<\/em><\/li><li><em>Aqu\u00ed<\/em><\/li><li><em>Lecturas no obligatorias<\/em><\/li><li><em>M\u00e1s lecturas no obligatorias\n     : prosas<\/em><\/li><li><em>M\u00e1s lecturas no obligatorias<\/em><\/li><li><em>Hasta aqu\u00ed&nbsp;<\/em><\/li><li><em>Dos puntos<\/em><\/li><li><em>Instante<\/em><\/li><li><em>El gran numero; Fin y\n     principio y otros poemas<\/em><\/li><li><em>Paisaje con grabo de arena<\/em><\/li><\/ul>\n\n\n\n<p><strong>Olga Tokarczuk<\/strong><\/p>\n\n\n\n<ul class=\"wp-block-list\"><li><em>Un lugar llamado Anta\u00f1o<\/em><\/li><\/ul>\n\n\n\n<p><strong>Tomasz Tryzna<\/strong><\/p>\n\n\n\n<ul class=\"wp-block-list\"><li><em>Ni\u00f1a nadie<\/em><\/li><\/ul>\n\n\n\n<p><strong>Aleksander Wat<\/strong>&nbsp;<\/p>\n\n\n\n<ul class=\"wp-block-list\"><li><em>Mi siglo<\/em><\/li><\/ul>\n\n\n\n<p><strong>Stanis\u0142aw Ignacy Witkiewicz<\/strong><\/p>\n\n\n\n<ul class=\"wp-block-list\"><li><em>La mare: comedia de mal gust en dos actes i eplieg<\/em><\/li><li><em>Las 622 caidas de Bungo o la mujer diab\u00f3lica<\/em><\/li><li><em>Comedia repugnante de una madre<\/em><\/li><li><em>La gallina acu\u00e1tica<\/em><\/li><li><em>El loco y la monja<\/em><\/li><li><em>Insaciabilidad&nbsp;<\/em><\/li><\/ul>\n\n\n\n<p><strong>Micha\u0142 Witkowski<\/strong><\/p>\n\n\n\n<ul class=\"wp-block-list\"><li><em>Lovetown<\/em><\/li><\/ul>\n\n\n\n<p><strong>J\u00f3zef Wittlin<\/strong><\/p>\n\n\n\n<ul class=\"wp-block-list\"><li><em>Mi Lvov<\/em><\/li><\/ul>\n\n\n\n<p><strong>Stanis\u0142aw Wyspia\u0144ski<\/strong><\/p>\n\n\n\n<ul class=\"wp-block-list\"><li><em>Los jueces<\/em><\/li><\/ul>\n\n\n\n<p><strong>Adam Zagajewski&nbsp;<\/strong><\/p>\n\n\n\n<ul class=\"wp-block-list\"><li><em>Antenas<\/em><\/li><li><em>Dos ciudades<\/em><\/li><li><em>Deseo<\/em><\/li><li><em>En defensa del fervor<\/em><\/li><li><em>Tierra del fuego<\/em><\/li><li><em>Solidaridad y soledad&nbsp;<\/em><\/li><li><em>Mano invisible<\/em><\/li><li><em>En la belleza ajena<\/em><\/li><\/ul>\n\n\n\n<p><strong>ANTOLOG\u00cdAS:<\/strong><\/p>\n\n\n\n<ul class=\"wp-block-list\"><li><em>Beneyeto Antonio<\/em><\/li><li><em>16 poetas polacos<\/em><\/li><li><em>Adam Czerniawski<\/em><\/li><li><em>Antolog\u00eda del nuevo cuento\n     polaco: opowiadania<\/em><\/li><li><em>Maciej Zi\u0119tara y Mauricio\n     Barrientos<\/em><\/li><li><em>101 (6 poetas polacos\n     contempor\u00e1neos)<\/em><\/li><li><em>Poes\u00eda a contragolpe &#8211;\n     Antolog\u00eda de autores polacos nacidos entre 1960 y 1980<\/em><\/li><li><em>Poes\u00eda polaca del\n     Romanticismo<\/em><\/li><\/ul>\n","protected":false},"excerpt":{"rendered":"<p>Libros polacos publicados en Espa\u00f1a: Jerzy Andrzejewski Cenizas y diamantes Helo aqu\u00ed que viene saltando por las monta\u00f1as Las puertas del paraiso Zygmunt Bauman 44 cartas desde el mundo l\u00edquido Tiempos l\u00edquidos Vida l\u00edquida Modernidad y holocausto Amor l\u00edquido Vida de consumo Modernidad l\u00edquida El arte de la vida Mundo consumo Da\u00f1os colaterales Europa una [&hellip;]<\/p>\n","protected":false},"author":49,"featured_media":0,"parent":0,"menu_order":0,"comment_status":"closed","ping_status":"closed","template":"","meta":{"inline_featured_image":false,"_monsterinsights_skip_tracking":false,"_monsterinsights_sitenote_active":false,"_monsterinsights_sitenote_note":"","_monsterinsights_sitenote_category":0,"footnotes":""},"class_list":["post-2537","page","type-page","status-publish","hentry"],"yoast_head":"<!-- This site is optimized with the Yoast SEO plugin v24.6 - https:\/\/yoast.com\/wordpress\/plugins\/seo\/ -->\n<title>Literatura polaca en Espa\u00f1a - Instytut Polski w Madrycie<\/title>\n<meta name=\"robots\" content=\"index, follow, max-snippet:-1, max-image-preview:large, max-video-preview:-1\" \/>\n<link rel=\"canonical\" href=\"https:\/\/instytutpolski.pl\/madrid\/literatura-polaca-en-espana\/\" \/>\n<meta property=\"og:locale\" content=\"pl_PL\" \/>\n<meta property=\"og:type\" content=\"article\" \/>\n<meta property=\"og:title\" content=\"Literatura polaca en Espa\u00f1a - Instytut Polski w Madrycie\" \/>\n<meta property=\"og:description\" content=\"Libros polacos publicados en Espa\u00f1a: Jerzy Andrzejewski Cenizas y diamantes Helo aqu\u00ed que viene saltando por las monta\u00f1as Las puertas del paraiso Zygmunt Bauman 44 cartas desde el mundo l\u00edquido Tiempos l\u00edquidos Vida l\u00edquida Modernidad y holocausto Amor l\u00edquido Vida de consumo Modernidad l\u00edquida El arte de la vida Mundo consumo Da\u00f1os colaterales Europa una [&hellip;]\" \/>\n<meta property=\"og:url\" content=\"https:\/\/instytutpolski.pl\/madrid\/literatura-polaca-en-espana\/\" \/>\n<meta property=\"og:site_name\" content=\"Instytut Polski w Madrycie\" \/>\n<meta property=\"article:modified_time\" content=\"2020-04-08T11:11:40+00:00\" \/>\n<meta name=\"twitter:card\" content=\"summary_large_image\" \/>\n<meta name=\"twitter:label1\" content=\"Szacowany czas czytania\" \/>\n\t<meta name=\"twitter:data1\" content=\"5 minut\" \/>\n<script type=\"application\/ld+json\" class=\"yoast-schema-graph\">{\"@context\":\"https:\/\/schema.org\",\"@graph\":[{\"@type\":\"WebPage\",\"@id\":\"https:\/\/instytutpolski.pl\/madrid\/literatura-polaca-en-espana\/\",\"url\":\"https:\/\/instytutpolski.pl\/madrid\/literatura-polaca-en-espana\/\",\"name\":\"Literatura polaca en Espa\u00f1a - Instytut Polski w Madrycie\",\"isPartOf\":{\"@id\":\"https:\/\/instytutpolski.pl\/madrid\/#website\"},\"datePublished\":\"2020-04-08T11:10:36+00:00\",\"dateModified\":\"2020-04-08T11:11:40+00:00\",\"breadcrumb\":{\"@id\":\"https:\/\/instytutpolski.pl\/madrid\/literatura-polaca-en-espana\/#breadcrumb\"},\"inLanguage\":\"pl-PL\",\"potentialAction\":[{\"@type\":\"ReadAction\",\"target\":[\"https:\/\/instytutpolski.pl\/madrid\/literatura-polaca-en-espana\/\"]}]},{\"@type\":\"BreadcrumbList\",\"@id\":\"https:\/\/instytutpolski.pl\/madrid\/literatura-polaca-en-espana\/#breadcrumb\",\"itemListElement\":[{\"@type\":\"ListItem\",\"position\":1,\"name\":\"Home\",\"item\":\"https:\/\/instytutpolski.pl\/madrid\/\"},{\"@type\":\"ListItem\",\"position\":2,\"name\":\"Literatura polaca en Espa\u00f1a\"}]},{\"@type\":\"WebSite\",\"@id\":\"https:\/\/instytutpolski.pl\/madrid\/#website\",\"url\":\"https:\/\/instytutpolski.pl\/madrid\/\",\"name\":\"Instytut Polski w Madrycie\",\"description\":\"Instytuty Polskie\",\"potentialAction\":[{\"@type\":\"SearchAction\",\"target\":{\"@type\":\"EntryPoint\",\"urlTemplate\":\"https:\/\/instytutpolski.pl\/madrid\/?s={search_term_string}\"},\"query-input\":{\"@type\":\"PropertyValueSpecification\",\"valueRequired\":true,\"valueName\":\"search_term_string\"}}],\"inLanguage\":\"pl-PL\"}]}<\/script>\n<!-- \/ Yoast SEO plugin. -->","yoast_head_json":{"title":"Literatura polaca en Espa\u00f1a - Instytut Polski w Madrycie","robots":{"index":"index","follow":"follow","max-snippet":"max-snippet:-1","max-image-preview":"max-image-preview:large","max-video-preview":"max-video-preview:-1"},"canonical":"https:\/\/instytutpolski.pl\/madrid\/literatura-polaca-en-espana\/","og_locale":"pl_PL","og_type":"article","og_title":"Literatura polaca en Espa\u00f1a - Instytut Polski w Madrycie","og_description":"Libros polacos publicados en Espa\u00f1a: Jerzy Andrzejewski Cenizas y diamantes Helo aqu\u00ed que viene saltando por las monta\u00f1as Las puertas del paraiso Zygmunt Bauman 44 cartas desde el mundo l\u00edquido Tiempos l\u00edquidos Vida l\u00edquida Modernidad y holocausto Amor l\u00edquido Vida de consumo Modernidad l\u00edquida El arte de la vida Mundo consumo Da\u00f1os colaterales Europa una [&hellip;]","og_url":"https:\/\/instytutpolski.pl\/madrid\/literatura-polaca-en-espana\/","og_site_name":"Instytut Polski w Madrycie","article_modified_time":"2020-04-08T11:11:40+00:00","twitter_card":"summary_large_image","twitter_misc":{"Szacowany czas czytania":"5 minut"},"schema":{"@context":"https:\/\/schema.org","@graph":[{"@type":"WebPage","@id":"https:\/\/instytutpolski.pl\/madrid\/literatura-polaca-en-espana\/","url":"https:\/\/instytutpolski.pl\/madrid\/literatura-polaca-en-espana\/","name":"Literatura polaca en Espa\u00f1a - Instytut Polski w Madrycie","isPartOf":{"@id":"https:\/\/instytutpolski.pl\/madrid\/#website"},"datePublished":"2020-04-08T11:10:36+00:00","dateModified":"2020-04-08T11:11:40+00:00","breadcrumb":{"@id":"https:\/\/instytutpolski.pl\/madrid\/literatura-polaca-en-espana\/#breadcrumb"},"inLanguage":"pl-PL","potentialAction":[{"@type":"ReadAction","target":["https:\/\/instytutpolski.pl\/madrid\/literatura-polaca-en-espana\/"]}]},{"@type":"BreadcrumbList","@id":"https:\/\/instytutpolski.pl\/madrid\/literatura-polaca-en-espana\/#breadcrumb","itemListElement":[{"@type":"ListItem","position":1,"name":"Home","item":"https:\/\/instytutpolski.pl\/madrid\/"},{"@type":"ListItem","position":2,"name":"Literatura polaca en Espa\u00f1a"}]},{"@type":"WebSite","@id":"https:\/\/instytutpolski.pl\/madrid\/#website","url":"https:\/\/instytutpolski.pl\/madrid\/","name":"Instytut Polski w Madrycie","description":"Instytuty Polskie","potentialAction":[{"@type":"SearchAction","target":{"@type":"EntryPoint","urlTemplate":"https:\/\/instytutpolski.pl\/madrid\/?s={search_term_string}"},"query-input":{"@type":"PropertyValueSpecification","valueRequired":true,"valueName":"search_term_string"}}],"inLanguage":"pl-PL"}]}},"_links":{"self":[{"href":"https:\/\/instytutpolski.pl\/madrid\/wp-json\/wp\/v2\/pages\/2537","targetHints":{"allow":["GET"]}}],"collection":[{"href":"https:\/\/instytutpolski.pl\/madrid\/wp-json\/wp\/v2\/pages"}],"about":[{"href":"https:\/\/instytutpolski.pl\/madrid\/wp-json\/wp\/v2\/types\/page"}],"author":[{"embeddable":true,"href":"https:\/\/instytutpolski.pl\/madrid\/wp-json\/wp\/v2\/users\/49"}],"replies":[{"embeddable":true,"href":"https:\/\/instytutpolski.pl\/madrid\/wp-json\/wp\/v2\/comments?post=2537"}],"version-history":[{"count":3,"href":"https:\/\/instytutpolski.pl\/madrid\/wp-json\/wp\/v2\/pages\/2537\/revisions"}],"predecessor-version":[{"id":2545,"href":"https:\/\/instytutpolski.pl\/madrid\/wp-json\/wp\/v2\/pages\/2537\/revisions\/2545"}],"wp:attachment":[{"href":"https:\/\/instytutpolski.pl\/madrid\/wp-json\/wp\/v2\/media?parent=2537"}],"curies":[{"name":"wp","href":"https:\/\/api.w.org\/{rel}","templated":true}]}}