{"id":262,"date":"2019-06-07T01:02:37","date_gmt":"2019-06-06T23:02:37","guid":{"rendered":"https:\/\/instytutpolski.pl\/madryt\/?page_id=262"},"modified":"2022-08-19T13:43:15","modified_gmt":"2022-08-19T11:43:15","slug":"kontakt","status":"publish","type":"page","link":"https:\/\/instytutpolski.pl\/madrid\/pl\/kontakt\/","title":{"rendered":"Kontakt"},"content":{"rendered":"\n<h5>Gdzie jeste\u015bmy:<\/h5>\n<p>c\/ Felipe IV, 12 bajo A<br \/>28014 Madrid<br \/><br \/><\/p>\n<h5>Kontakt:<\/h5>\n<p>tel: 0034 914 298 672<br \/>fax: 0034 914 298 682<br \/>email: madryt [at] instytutpolski [dot] pl<\/p>\n<p><br \/>Godziny otwarcia:<br \/>pn. &#8211; pt. 9.00 &#8211; 17.00<\/p>\n<p>\u00a0<\/p>\n<p>W sprawach skarg i wniosk\u00f3w przyjmuje Dyrektor Instytutu Polskiego w Madrycie.<\/p>\n<p>Przyj\u0119cia interesant\u00f3w:<\/p>\n<p>&#8211; poniedzia\u0142ek &#8211; czwartek: w godzinach od 13:00 do 15:00<\/p>\n<p>&#8211; \u015broda: w godzinach od 15:00 do 17:00<\/p>\n","protected":false},"excerpt":{"rendered":"<p>Gdzie jeste\u015bmy: c\/ Felipe IV, 12 bajo A28014 Madrid Kontakt: tel: 0034 914 298 672fax: 0034 914 298 682email: madryt [at] instytutpolski [dot] pl Godziny otwarcia:pn. &#8211; pt. 9.00 &#8211; 17.00 \u00a0 W sprawach skarg i wniosk\u00f3w przyjmuje Dyrektor Instytutu Polskiego w Madrycie. Przyj\u0119cia interesant\u00f3w: &#8211; poniedzia\u0142ek &#8211; czwartek: w godzinach od 13:00 do 15:00 [&hellip;]<\/p>\n","protected":false},"author":1,"featured_media":0,"parent":0,"menu_order":0,"comment_status":"closed","ping_status":"closed","template":"","meta":{"inline_featured_image":false,"_monsterinsights_skip_tracking":false,"_monsterinsights_sitenote_active":false,"_monsterinsights_sitenote_note":"","_monsterinsights_sitenote_category":0,"footnotes":""},"class_list":["post-262","page","type-page","status-publish","hentry"],"yoast_head":"<!-- This site is optimized with the Yoast SEO plugin v24.6 - https:\/\/yoast.com\/wordpress\/plugins\/seo\/ -->\n<title>Kontakt - Instytut Polski w Madrycie<\/title>\n<meta name=\"robots\" content=\"index, follow, max-snippet:-1, max-image-preview:large, max-video-preview:-1\" \/>\n<link rel=\"canonical\" href=\"https:\/\/instytutpolski.pl\/madrid\/pl\/kontakt\/\" \/>\n<meta property=\"og:locale\" content=\"pl_PL\" \/>\n<meta property=\"og:type\" content=\"article\" \/>\n<meta property=\"og:title\" content=\"Kontakt - Instytut Polski w Madrycie\" \/>\n<meta property=\"og:description\" content=\"Gdzie jeste\u015bmy: c\/ Felipe IV, 12 bajo A28014 Madrid Kontakt: tel: 0034 914 298 672fax: 0034 914 298 682email: madryt [at] instytutpolski [dot] pl Godziny otwarcia:pn. &#8211; pt. 9.00 &#8211; 17.00 \u00a0 W sprawach skarg i wniosk\u00f3w przyjmuje Dyrektor Instytutu Polskiego w Madrycie. Przyj\u0119cia interesant\u00f3w: &#8211; poniedzia\u0142ek &#8211; czwartek: w godzinach od 13:00 do 15:00 [&hellip;]\" \/>\n<meta property=\"og:url\" content=\"https:\/\/instytutpolski.pl\/madrid\/pl\/kontakt\/\" \/>\n<meta property=\"og:site_name\" content=\"Instytut Polski w Madrycie\" \/>\n<meta property=\"article:modified_time\" content=\"2022-08-19T11:43:15+00:00\" \/>\n<meta name=\"twitter:card\" content=\"summary_large_image\" \/>\n<meta name=\"twitter:label1\" content=\"Szacowany czas czytania\" \/>\n\t<meta name=\"twitter:data1\" content=\"1 minuta\" \/>\n<script type=\"application\/ld+json\" class=\"yoast-schema-graph\">{\"@context\":\"https:\/\/schema.org\",\"@graph\":[{\"@type\":\"WebPage\",\"@id\":\"https:\/\/instytutpolski.pl\/madrid\/pl\/kontakt\/\",\"url\":\"https:\/\/instytutpolski.pl\/madrid\/pl\/kontakt\/\",\"name\":\"Kontakt - Instytut Polski w Madrycie\",\"isPartOf\":{\"@id\":\"https:\/\/instytutpolski.pl\/madrid\/#website\"},\"datePublished\":\"2019-06-06T23:02:37+00:00\",\"dateModified\":\"2022-08-19T11:43:15+00:00\",\"breadcrumb\":{\"@id\":\"https:\/\/instytutpolski.pl\/madrid\/pl\/kontakt\/#breadcrumb\"},\"inLanguage\":\"pl-PL\",\"potentialAction\":[{\"@type\":\"ReadAction\",\"target\":[\"https:\/\/instytutpolski.pl\/madrid\/pl\/kontakt\/\"]}]},{\"@type\":\"BreadcrumbList\",\"@id\":\"https:\/\/instytutpolski.pl\/madrid\/pl\/kontakt\/#breadcrumb\",\"itemListElement\":[{\"@type\":\"ListItem\",\"position\":1,\"name\":\"Home\",\"item\":\"https:\/\/instytutpolski.pl\/madrid\/\"},{\"@type\":\"ListItem\",\"position\":2,\"name\":\"Kontakt\"}]},{\"@type\":\"WebSite\",\"@id\":\"https:\/\/instytutpolski.pl\/madrid\/#website\",\"url\":\"https:\/\/instytutpolski.pl\/madrid\/\",\"name\":\"Instytut Polski w Madrycie\",\"description\":\"Instytuty Polskie\",\"potentialAction\":[{\"@type\":\"SearchAction\",\"target\":{\"@type\":\"EntryPoint\",\"urlTemplate\":\"https:\/\/instytutpolski.pl\/madrid\/?s={search_term_string}\"},\"query-input\":{\"@type\":\"PropertyValueSpecification\",\"valueRequired\":true,\"valueName\":\"search_term_string\"}}],\"inLanguage\":\"pl-PL\"}]}<\/script>\n<!-- \/ Yoast SEO plugin. -->","yoast_head_json":{"title":"Kontakt - Instytut Polski w Madrycie","robots":{"index":"index","follow":"follow","max-snippet":"max-snippet:-1","max-image-preview":"max-image-preview:large","max-video-preview":"max-video-preview:-1"},"canonical":"https:\/\/instytutpolski.pl\/madrid\/pl\/kontakt\/","og_locale":"pl_PL","og_type":"article","og_title":"Kontakt - Instytut Polski w Madrycie","og_description":"Gdzie jeste\u015bmy: c\/ Felipe IV, 12 bajo A28014 Madrid Kontakt: tel: 0034 914 298 672fax: 0034 914 298 682email: madryt [at] instytutpolski [dot] pl Godziny otwarcia:pn. &#8211; pt. 9.00 &#8211; 17.00 \u00a0 W sprawach skarg i wniosk\u00f3w przyjmuje Dyrektor Instytutu Polskiego w Madrycie. Przyj\u0119cia interesant\u00f3w: &#8211; poniedzia\u0142ek &#8211; czwartek: w godzinach od 13:00 do 15:00 [&hellip;]","og_url":"https:\/\/instytutpolski.pl\/madrid\/pl\/kontakt\/","og_site_name":"Instytut Polski w Madrycie","article_modified_time":"2022-08-19T11:43:15+00:00","twitter_card":"summary_large_image","twitter_misc":{"Szacowany czas czytania":"1 minuta"},"schema":{"@context":"https:\/\/schema.org","@graph":[{"@type":"WebPage","@id":"https:\/\/instytutpolski.pl\/madrid\/pl\/kontakt\/","url":"https:\/\/instytutpolski.pl\/madrid\/pl\/kontakt\/","name":"Kontakt - Instytut Polski w Madrycie","isPartOf":{"@id":"https:\/\/instytutpolski.pl\/madrid\/#website"},"datePublished":"2019-06-06T23:02:37+00:00","dateModified":"2022-08-19T11:43:15+00:00","breadcrumb":{"@id":"https:\/\/instytutpolski.pl\/madrid\/pl\/kontakt\/#breadcrumb"},"inLanguage":"pl-PL","potentialAction":[{"@type":"ReadAction","target":["https:\/\/instytutpolski.pl\/madrid\/pl\/kontakt\/"]}]},{"@type":"BreadcrumbList","@id":"https:\/\/instytutpolski.pl\/madrid\/pl\/kontakt\/#breadcrumb","itemListElement":[{"@type":"ListItem","position":1,"name":"Home","item":"https:\/\/instytutpolski.pl\/madrid\/"},{"@type":"ListItem","position":2,"name":"Kontakt"}]},{"@type":"WebSite","@id":"https:\/\/instytutpolski.pl\/madrid\/#website","url":"https:\/\/instytutpolski.pl\/madrid\/","name":"Instytut Polski w Madrycie","description":"Instytuty Polskie","potentialAction":[{"@type":"SearchAction","target":{"@type":"EntryPoint","urlTemplate":"https:\/\/instytutpolski.pl\/madrid\/?s={search_term_string}"},"query-input":{"@type":"PropertyValueSpecification","valueRequired":true,"valueName":"search_term_string"}}],"inLanguage":"pl-PL"}]}},"_links":{"self":[{"href":"https:\/\/instytutpolski.pl\/madrid\/wp-json\/wp\/v2\/pages\/262","targetHints":{"allow":["GET"]}}],"collection":[{"href":"https:\/\/instytutpolski.pl\/madrid\/wp-json\/wp\/v2\/pages"}],"about":[{"href":"https:\/\/instytutpolski.pl\/madrid\/wp-json\/wp\/v2\/types\/page"}],"author":[{"embeddable":true,"href":"https:\/\/instytutpolski.pl\/madrid\/wp-json\/wp\/v2\/users\/1"}],"replies":[{"embeddable":true,"href":"https:\/\/instytutpolski.pl\/madrid\/wp-json\/wp\/v2\/comments?post=262"}],"version-history":[{"count":7,"href":"https:\/\/instytutpolski.pl\/madrid\/wp-json\/wp\/v2\/pages\/262\/revisions"}],"predecessor-version":[{"id":6871,"href":"https:\/\/instytutpolski.pl\/madrid\/wp-json\/wp\/v2\/pages\/262\/revisions\/6871"}],"wp:attachment":[{"href":"https:\/\/instytutpolski.pl\/madrid\/wp-json\/wp\/v2\/media?parent=262"}],"curies":[{"name":"wp","href":"https:\/\/api.w.org\/{rel}","templated":true}]}}