{"id":265,"date":"2019-06-07T01:04:47","date_gmt":"2019-06-06T23:04:47","guid":{"rendered":"https:\/\/instytutpolski.pl\/madryt\/?page_id=265"},"modified":"2020-01-13T13:56:36","modified_gmt":"2020-01-13T12:56:36","slug":"265-2","status":"publish","type":"page","link":"https:\/\/instytutpolski.pl\/madrid\/pl\/265-2\/","title":{"rendered":"O nas"},"content":{"rendered":"\n<p>Instytuty Polskie s\u0105 plac\u00f3wkami podleg\u0142ymi Ministerstwu Spraw Zagranicznych, kt\u00f3rych naczelnym zadaniem jest upowszechnianie polskiej kultury, wiedzy o historii oraz dziedzictwie narodowym w \u015bwiecie, a tak\u017ce promocja wsp\u00f3\u0142pracy w dziedzinie kultury, edukacji, nauki oraz \u017cycia spo\u0142ecznego. W wielu miejscach Instytuty Polskie pe\u0142ni\u0105 te\u017c rol\u0119 wydzia\u0142\u00f3w do spraw kultury i nauki Ambasad RP.<\/p>\n<p>Instytuty Polskie spe\u0142niaj\u0105 funkcje kompetentnych centr\u00f3w promocji wiedzy o Polsce przez dzia\u0142alno\u015b\u0107 informacyjno-edukacyjn\u0105 oraz zapewnienie polskiej obecno\u015bci w \u017cyciu kulturalnym poszczeg\u00f3lnych kraj\u00f3w. G\u0142\u00f3wnymi zadaniami tych plac\u00f3wek jest wprowadzanie polskiej kultury do najwa\u017cniejszych o\u015brodk\u00f3w kraj\u00f3w ich funkcjonowania oraz dba\u0142o\u015b\u0107 o zapewnienie znacz\u0105cej polskiej obecno\u015bci w przedsi\u0119wzi\u0119ciach mi\u0119dzynarodowych, a tak\u017ce dzia\u0142anie na rzecz nawi\u0105zywania trwa\u0142ych kontakt\u00f3w mi\u0119dzy polskimi i zagranicznymi partnerami, aktywnymi w sferze mi\u0119dzynarodowej wymiany kulturalnej. Najkorzystniejsz\u0105 form\u0105 organizacji wydarze\u0144 promocyjnych jest wsp\u00f3\u0142produkcja z lokalnymi, renomowanymi instytucjami kultury, co z jednej strony obni\u017ca koszt prezentacji po stronie polskiej, a z drugiej stanowi gwarancj\u0119 dotarcia do miejscowego wyrobionego odbiorcy.<br \/><br \/>Misj\u0105 dyplomacji kulturalnej jest skuteczne oddzia\u0142ywanie na mo\u017cliwie najszersze miejscowe \u015brodowiska artystyczne, eksperckie i opiniotw\u00f3rcze. Budowanie dobrych, \u015bcis\u0142ych kontakt\u00f3w z przedstawicielami medi\u00f3w nale\u017cy do priorytet\u00f3w dzia\u0142alno\u015bci Instytut\u00f3w Polskich.<\/p>\n<p>Instytuty Polskie uwzgl\u0119dniaj\u0105 w swej dzia\u0142alno\u015bci budowanie grona przysz\u0142ych sprzymierze\u0144c\u00f3w w dziele popularyzacji polskiego dorobku &#8211; pracownik\u00f3w i student\u00f3w wydzia\u0142\u00f3w polonoznawczych, polonistyk, slawistyk i studi\u00f3w \u015brodkowoeuropejskich, a tak\u017ce pracuj\u0105 na rzecz udzia\u0142u polskiej kadry naukowej w procesie kszta\u0142cenia m\u0142odzie\u017cy w kraju urz\u0119dowania.<br \/><br \/>Wsparcie ze strony polskiej dla dzia\u0142alno\u015bci Instytut\u00f3w Polskich w \u015bwiecie zapewniaj\u0105 &#8211; poza MSZ &#8211; krajowe instytucje kultury, kt\u00f3re w swoich zadaniach umie\u015bci\u0142y wsp\u00f3\u0142prac\u0119 mi\u0119dzynarodow\u0105, m.in. Polski Instytut Sztuki Filmowej, Instytut Ksi\u0105\u017cki, Instytut Teatralny, Narodowy Instytut Fryderyka Chopina oraz Instytut Adama Mickiewicza.<br \/><br \/>Program dzia\u0142alno\u015bci Instytut\u00f3w Polskich jest realizowany przez zespo\u0142y sk\u0142adaj\u0105ce si\u0119 z sze\u015bciu do o\u015bmiu os\u00f3b, w tym: dyrektor oraz zazwyczaj jeden pracownik merytoryczny delegowany z kraju, dw\u00f3ch lub trzech ekspert\u00f3w miejscowych, posiadaj\u0105cych doskona\u0142\u0105 znajomo\u015b\u0107 j\u0119zyka i warunk\u00f3w kraju urz\u0119dowania oraz wyrobione kontakty w miejscowych \u015brodowiskach kulturalnych, a tak\u017ce dw\u00f3ch pracownik\u00f3w pomocniczych. Sk\u0142ad ten mo\u017ce ulega\u0107 niewielkim modyfikacjom ze wzgl\u0119du na miejscowe uwarunkowania.<\/p>\n","protected":false},"excerpt":{"rendered":"<p>Instytuty Polskie s\u0105 plac\u00f3wkami podleg\u0142ymi Ministerstwu Spraw Zagranicznych, kt\u00f3rych naczelnym zadaniem jest upowszechnianie polskiej kultury, wiedzy o historii oraz dziedzictwie narodowym w \u015bwiecie, a tak\u017ce promocja wsp\u00f3\u0142pracy w dziedzinie kultury, edukacji, nauki oraz \u017cycia spo\u0142ecznego. W wielu miejscach Instytuty Polskie pe\u0142ni\u0105 te\u017c rol\u0119 wydzia\u0142\u00f3w do spraw kultury i nauki Ambasad RP. Instytuty Polskie spe\u0142niaj\u0105 funkcje [&hellip;]<\/p>\n","protected":false},"author":1,"featured_media":0,"parent":0,"menu_order":0,"comment_status":"closed","ping_status":"closed","template":"","meta":{"inline_featured_image":false,"_monsterinsights_skip_tracking":false,"_monsterinsights_sitenote_active":false,"_monsterinsights_sitenote_note":"","_monsterinsights_sitenote_category":0,"footnotes":""},"class_list":["post-265","page","type-page","status-publish","hentry"],"yoast_head":"<!-- This site is optimized with the Yoast SEO plugin v24.6 - https:\/\/yoast.com\/wordpress\/plugins\/seo\/ -->\n<title>O nas - Instytut Polski w Madrycie<\/title>\n<meta name=\"robots\" content=\"index, follow, max-snippet:-1, max-image-preview:large, max-video-preview:-1\" \/>\n<link rel=\"canonical\" href=\"https:\/\/instytutpolski.pl\/madrid\/pl\/265-2\/\" \/>\n<meta property=\"og:locale\" content=\"pl_PL\" \/>\n<meta property=\"og:type\" content=\"article\" \/>\n<meta property=\"og:title\" content=\"O nas - Instytut Polski w Madrycie\" \/>\n<meta property=\"og:description\" content=\"Instytuty Polskie s\u0105 plac\u00f3wkami podleg\u0142ymi Ministerstwu Spraw Zagranicznych, kt\u00f3rych naczelnym zadaniem jest upowszechnianie polskiej kultury, wiedzy o historii oraz dziedzictwie narodowym w \u015bwiecie, a tak\u017ce promocja wsp\u00f3\u0142pracy w dziedzinie kultury, edukacji, nauki oraz \u017cycia spo\u0142ecznego. W wielu miejscach Instytuty Polskie pe\u0142ni\u0105 te\u017c rol\u0119 wydzia\u0142\u00f3w do spraw kultury i nauki Ambasad RP. Instytuty Polskie spe\u0142niaj\u0105 funkcje [&hellip;]\" \/>\n<meta property=\"og:url\" content=\"https:\/\/instytutpolski.pl\/madrid\/pl\/265-2\/\" \/>\n<meta property=\"og:site_name\" content=\"Instytut Polski w Madrycie\" \/>\n<meta property=\"article:modified_time\" content=\"2020-01-13T12:56:36+00:00\" \/>\n<meta name=\"twitter:card\" content=\"summary_large_image\" \/>\n<meta name=\"twitter:label1\" content=\"Szacowany czas czytania\" \/>\n\t<meta name=\"twitter:data1\" content=\"2 minuty\" \/>\n<script type=\"application\/ld+json\" class=\"yoast-schema-graph\">{\"@context\":\"https:\/\/schema.org\",\"@graph\":[{\"@type\":\"WebPage\",\"@id\":\"https:\/\/instytutpolski.pl\/madrid\/pl\/265-2\/\",\"url\":\"https:\/\/instytutpolski.pl\/madrid\/pl\/265-2\/\",\"name\":\"O nas - Instytut Polski w Madrycie\",\"isPartOf\":{\"@id\":\"https:\/\/instytutpolski.pl\/madrid\/#website\"},\"datePublished\":\"2019-06-06T23:04:47+00:00\",\"dateModified\":\"2020-01-13T12:56:36+00:00\",\"breadcrumb\":{\"@id\":\"https:\/\/instytutpolski.pl\/madrid\/pl\/265-2\/#breadcrumb\"},\"inLanguage\":\"pl-PL\",\"potentialAction\":[{\"@type\":\"ReadAction\",\"target\":[\"https:\/\/instytutpolski.pl\/madrid\/pl\/265-2\/\"]}]},{\"@type\":\"BreadcrumbList\",\"@id\":\"https:\/\/instytutpolski.pl\/madrid\/pl\/265-2\/#breadcrumb\",\"itemListElement\":[{\"@type\":\"ListItem\",\"position\":1,\"name\":\"Home\",\"item\":\"https:\/\/instytutpolski.pl\/madrid\/\"},{\"@type\":\"ListItem\",\"position\":2,\"name\":\"O nas\"}]},{\"@type\":\"WebSite\",\"@id\":\"https:\/\/instytutpolski.pl\/madrid\/#website\",\"url\":\"https:\/\/instytutpolski.pl\/madrid\/\",\"name\":\"Instytut Polski w Madrycie\",\"description\":\"Instytuty Polskie\",\"potentialAction\":[{\"@type\":\"SearchAction\",\"target\":{\"@type\":\"EntryPoint\",\"urlTemplate\":\"https:\/\/instytutpolski.pl\/madrid\/?s={search_term_string}\"},\"query-input\":{\"@type\":\"PropertyValueSpecification\",\"valueRequired\":true,\"valueName\":\"search_term_string\"}}],\"inLanguage\":\"pl-PL\"}]}<\/script>\n<!-- \/ Yoast SEO plugin. -->","yoast_head_json":{"title":"O nas - Instytut Polski w Madrycie","robots":{"index":"index","follow":"follow","max-snippet":"max-snippet:-1","max-image-preview":"max-image-preview:large","max-video-preview":"max-video-preview:-1"},"canonical":"https:\/\/instytutpolski.pl\/madrid\/pl\/265-2\/","og_locale":"pl_PL","og_type":"article","og_title":"O nas - Instytut Polski w Madrycie","og_description":"Instytuty Polskie s\u0105 plac\u00f3wkami podleg\u0142ymi Ministerstwu Spraw Zagranicznych, kt\u00f3rych naczelnym zadaniem jest upowszechnianie polskiej kultury, wiedzy o historii oraz dziedzictwie narodowym w \u015bwiecie, a tak\u017ce promocja wsp\u00f3\u0142pracy w dziedzinie kultury, edukacji, nauki oraz \u017cycia spo\u0142ecznego. W wielu miejscach Instytuty Polskie pe\u0142ni\u0105 te\u017c rol\u0119 wydzia\u0142\u00f3w do spraw kultury i nauki Ambasad RP. Instytuty Polskie spe\u0142niaj\u0105 funkcje [&hellip;]","og_url":"https:\/\/instytutpolski.pl\/madrid\/pl\/265-2\/","og_site_name":"Instytut Polski w Madrycie","article_modified_time":"2020-01-13T12:56:36+00:00","twitter_card":"summary_large_image","twitter_misc":{"Szacowany czas czytania":"2 minuty"},"schema":{"@context":"https:\/\/schema.org","@graph":[{"@type":"WebPage","@id":"https:\/\/instytutpolski.pl\/madrid\/pl\/265-2\/","url":"https:\/\/instytutpolski.pl\/madrid\/pl\/265-2\/","name":"O nas - Instytut Polski w Madrycie","isPartOf":{"@id":"https:\/\/instytutpolski.pl\/madrid\/#website"},"datePublished":"2019-06-06T23:04:47+00:00","dateModified":"2020-01-13T12:56:36+00:00","breadcrumb":{"@id":"https:\/\/instytutpolski.pl\/madrid\/pl\/265-2\/#breadcrumb"},"inLanguage":"pl-PL","potentialAction":[{"@type":"ReadAction","target":["https:\/\/instytutpolski.pl\/madrid\/pl\/265-2\/"]}]},{"@type":"BreadcrumbList","@id":"https:\/\/instytutpolski.pl\/madrid\/pl\/265-2\/#breadcrumb","itemListElement":[{"@type":"ListItem","position":1,"name":"Home","item":"https:\/\/instytutpolski.pl\/madrid\/"},{"@type":"ListItem","position":2,"name":"O nas"}]},{"@type":"WebSite","@id":"https:\/\/instytutpolski.pl\/madrid\/#website","url":"https:\/\/instytutpolski.pl\/madrid\/","name":"Instytut Polski w Madrycie","description":"Instytuty Polskie","potentialAction":[{"@type":"SearchAction","target":{"@type":"EntryPoint","urlTemplate":"https:\/\/instytutpolski.pl\/madrid\/?s={search_term_string}"},"query-input":{"@type":"PropertyValueSpecification","valueRequired":true,"valueName":"search_term_string"}}],"inLanguage":"pl-PL"}]}},"_links":{"self":[{"href":"https:\/\/instytutpolski.pl\/madrid\/wp-json\/wp\/v2\/pages\/265","targetHints":{"allow":["GET"]}}],"collection":[{"href":"https:\/\/instytutpolski.pl\/madrid\/wp-json\/wp\/v2\/pages"}],"about":[{"href":"https:\/\/instytutpolski.pl\/madrid\/wp-json\/wp\/v2\/types\/page"}],"author":[{"embeddable":true,"href":"https:\/\/instytutpolski.pl\/madrid\/wp-json\/wp\/v2\/users\/1"}],"replies":[{"embeddable":true,"href":"https:\/\/instytutpolski.pl\/madrid\/wp-json\/wp\/v2\/comments?post=265"}],"version-history":[{"count":4,"href":"https:\/\/instytutpolski.pl\/madrid\/wp-json\/wp\/v2\/pages\/265\/revisions"}],"predecessor-version":[{"id":699,"href":"https:\/\/instytutpolski.pl\/madrid\/wp-json\/wp\/v2\/pages\/265\/revisions\/699"}],"wp:attachment":[{"href":"https:\/\/instytutpolski.pl\/madrid\/wp-json\/wp\/v2\/media?parent=265"}],"curies":[{"name":"wp","href":"https:\/\/api.w.org\/{rel}","templated":true}]}}