{"id":418,"date":"2019-06-25T10:03:55","date_gmt":"2019-06-25T08:03:55","guid":{"rendered":"https:\/\/instytutpolski.pl\/madryt\/?page_id=418"},"modified":"2020-06-09T10:35:30","modified_gmt":"2020-06-09T08:35:30","slug":"becas-de-investigacion","status":"publish","type":"page","link":"https:\/\/instytutpolski.pl\/madrid\/conoce-polonia\/becas-en-polonia\/becas-de-investigacion\/","title":{"rendered":"Becas de investigaci\u00f3n"},"content":{"rendered":"\n<p>La informaci\u00f3n m\u00e1s completa y actual acerca de las becas para la comunidad cient\u00edfica, ofrecidas por Polonia, se puede encontrar en la p\u00e1gina de la Agencia Nacional de Intercambio Acad\u00e9mico (NAWA):<\/p>\n\n\n\n<p><a href=\"https:\/\/nawa.gov.pl\/en\/scientists\">https:\/\/nawa.gov.pl\/en\/scientists<\/a><\/p>\n","protected":false},"excerpt":{"rendered":"<p>La informaci\u00f3n m\u00e1s completa y actual acerca de las becas para la comunidad cient\u00edfica, ofrecidas por Polonia, se puede encontrar en la p\u00e1gina de la Agencia Nacional de Intercambio Acad\u00e9mico (NAWA): https:\/\/nawa.gov.pl\/en\/scientists<\/p>\n","protected":false},"author":1,"featured_media":0,"parent":414,"menu_order":0,"comment_status":"closed","ping_status":"closed","template":"","meta":{"inline_featured_image":false,"_monsterinsights_skip_tracking":false,"_monsterinsights_sitenote_active":false,"_monsterinsights_sitenote_note":"","_monsterinsights_sitenote_category":0,"footnotes":""},"class_list":["post-418","page","type-page","status-publish","hentry"],"yoast_head":"<!-- This site is optimized with the Yoast SEO plugin v24.6 - https:\/\/yoast.com\/wordpress\/plugins\/seo\/ -->\n<title>Becas de investigaci\u00f3n - Instytut Polski w Madrycie<\/title>\n<meta name=\"robots\" content=\"index, follow, max-snippet:-1, max-image-preview:large, max-video-preview:-1\" \/>\n<link rel=\"canonical\" href=\"https:\/\/instytutpolski.pl\/madrid\/conoce-polonia\/becas-en-polonia\/becas-de-investigacion\/\" \/>\n<meta property=\"og:locale\" content=\"pl_PL\" \/>\n<meta property=\"og:type\" content=\"article\" \/>\n<meta property=\"og:title\" content=\"Becas de investigaci\u00f3n - Instytut Polski w Madrycie\" \/>\n<meta property=\"og:description\" content=\"La informaci\u00f3n m\u00e1s completa y actual acerca de las becas para la comunidad cient\u00edfica, ofrecidas por Polonia, se puede encontrar en la p\u00e1gina de la Agencia Nacional de Intercambio Acad\u00e9mico (NAWA): https:\/\/nawa.gov.pl\/en\/scientists\" \/>\n<meta property=\"og:url\" content=\"https:\/\/instytutpolski.pl\/madrid\/conoce-polonia\/becas-en-polonia\/becas-de-investigacion\/\" \/>\n<meta property=\"og:site_name\" content=\"Instytut Polski w Madrycie\" \/>\n<meta property=\"article:modified_time\" content=\"2020-06-09T08:35:30+00:00\" \/>\n<meta name=\"twitter:card\" content=\"summary_large_image\" \/>\n<script type=\"application\/ld+json\" class=\"yoast-schema-graph\">{\"@context\":\"https:\/\/schema.org\",\"@graph\":[{\"@type\":\"WebPage\",\"@id\":\"https:\/\/instytutpolski.pl\/madrid\/conoce-polonia\/becas-en-polonia\/becas-de-investigacion\/\",\"url\":\"https:\/\/instytutpolski.pl\/madrid\/conoce-polonia\/becas-en-polonia\/becas-de-investigacion\/\",\"name\":\"Becas de investigaci\u00f3n - Instytut Polski w Madrycie\",\"isPartOf\":{\"@id\":\"https:\/\/instytutpolski.pl\/madrid\/#website\"},\"datePublished\":\"2019-06-25T08:03:55+00:00\",\"dateModified\":\"2020-06-09T08:35:30+00:00\",\"breadcrumb\":{\"@id\":\"https:\/\/instytutpolski.pl\/madrid\/conoce-polonia\/becas-en-polonia\/becas-de-investigacion\/#breadcrumb\"},\"inLanguage\":\"pl-PL\",\"potentialAction\":[{\"@type\":\"ReadAction\",\"target\":[\"https:\/\/instytutpolski.pl\/madrid\/conoce-polonia\/becas-en-polonia\/becas-de-investigacion\/\"]}]},{\"@type\":\"BreadcrumbList\",\"@id\":\"https:\/\/instytutpolski.pl\/madrid\/conoce-polonia\/becas-en-polonia\/becas-de-investigacion\/#breadcrumb\",\"itemListElement\":[{\"@type\":\"ListItem\",\"position\":1,\"name\":\"Home\",\"item\":\"https:\/\/instytutpolski.pl\/madrid\/\"},{\"@type\":\"ListItem\",\"position\":2,\"name\":\"Conoce Polonia\",\"item\":\"https:\/\/instytutpolski.pl\/madrid\/conoce-polonia\/\"},{\"@type\":\"ListItem\",\"position\":3,\"name\":\"Becas en Polonia\",\"item\":\"https:\/\/instytutpolski.pl\/madrid\/conoce-polonia\/becas-en-polonia\/\"},{\"@type\":\"ListItem\",\"position\":4,\"name\":\"Becas de investigaci\u00f3n\"}]},{\"@type\":\"WebSite\",\"@id\":\"https:\/\/instytutpolski.pl\/madrid\/#website\",\"url\":\"https:\/\/instytutpolski.pl\/madrid\/\",\"name\":\"Instytut Polski w Madrycie\",\"description\":\"Instytuty Polskie\",\"potentialAction\":[{\"@type\":\"SearchAction\",\"target\":{\"@type\":\"EntryPoint\",\"urlTemplate\":\"https:\/\/instytutpolski.pl\/madrid\/?s={search_term_string}\"},\"query-input\":{\"@type\":\"PropertyValueSpecification\",\"valueRequired\":true,\"valueName\":\"search_term_string\"}}],\"inLanguage\":\"pl-PL\"}]}<\/script>\n<!-- \/ Yoast SEO plugin. -->","yoast_head_json":{"title":"Becas de investigaci\u00f3n - Instytut Polski w Madrycie","robots":{"index":"index","follow":"follow","max-snippet":"max-snippet:-1","max-image-preview":"max-image-preview:large","max-video-preview":"max-video-preview:-1"},"canonical":"https:\/\/instytutpolski.pl\/madrid\/conoce-polonia\/becas-en-polonia\/becas-de-investigacion\/","og_locale":"pl_PL","og_type":"article","og_title":"Becas de investigaci\u00f3n - Instytut Polski w Madrycie","og_description":"La informaci\u00f3n m\u00e1s completa y actual acerca de las becas para la comunidad cient\u00edfica, ofrecidas por Polonia, se puede encontrar en la p\u00e1gina de la Agencia Nacional de Intercambio Acad\u00e9mico (NAWA): https:\/\/nawa.gov.pl\/en\/scientists","og_url":"https:\/\/instytutpolski.pl\/madrid\/conoce-polonia\/becas-en-polonia\/becas-de-investigacion\/","og_site_name":"Instytut Polski w Madrycie","article_modified_time":"2020-06-09T08:35:30+00:00","twitter_card":"summary_large_image","schema":{"@context":"https:\/\/schema.org","@graph":[{"@type":"WebPage","@id":"https:\/\/instytutpolski.pl\/madrid\/conoce-polonia\/becas-en-polonia\/becas-de-investigacion\/","url":"https:\/\/instytutpolski.pl\/madrid\/conoce-polonia\/becas-en-polonia\/becas-de-investigacion\/","name":"Becas de investigaci\u00f3n - Instytut Polski w Madrycie","isPartOf":{"@id":"https:\/\/instytutpolski.pl\/madrid\/#website"},"datePublished":"2019-06-25T08:03:55+00:00","dateModified":"2020-06-09T08:35:30+00:00","breadcrumb":{"@id":"https:\/\/instytutpolski.pl\/madrid\/conoce-polonia\/becas-en-polonia\/becas-de-investigacion\/#breadcrumb"},"inLanguage":"pl-PL","potentialAction":[{"@type":"ReadAction","target":["https:\/\/instytutpolski.pl\/madrid\/conoce-polonia\/becas-en-polonia\/becas-de-investigacion\/"]}]},{"@type":"BreadcrumbList","@id":"https:\/\/instytutpolski.pl\/madrid\/conoce-polonia\/becas-en-polonia\/becas-de-investigacion\/#breadcrumb","itemListElement":[{"@type":"ListItem","position":1,"name":"Home","item":"https:\/\/instytutpolski.pl\/madrid\/"},{"@type":"ListItem","position":2,"name":"Conoce Polonia","item":"https:\/\/instytutpolski.pl\/madrid\/conoce-polonia\/"},{"@type":"ListItem","position":3,"name":"Becas en Polonia","item":"https:\/\/instytutpolski.pl\/madrid\/conoce-polonia\/becas-en-polonia\/"},{"@type":"ListItem","position":4,"name":"Becas de investigaci\u00f3n"}]},{"@type":"WebSite","@id":"https:\/\/instytutpolski.pl\/madrid\/#website","url":"https:\/\/instytutpolski.pl\/madrid\/","name":"Instytut Polski w Madrycie","description":"Instytuty Polskie","potentialAction":[{"@type":"SearchAction","target":{"@type":"EntryPoint","urlTemplate":"https:\/\/instytutpolski.pl\/madrid\/?s={search_term_string}"},"query-input":{"@type":"PropertyValueSpecification","valueRequired":true,"valueName":"search_term_string"}}],"inLanguage":"pl-PL"}]}},"_links":{"self":[{"href":"https:\/\/instytutpolski.pl\/madrid\/wp-json\/wp\/v2\/pages\/418","targetHints":{"allow":["GET"]}}],"collection":[{"href":"https:\/\/instytutpolski.pl\/madrid\/wp-json\/wp\/v2\/pages"}],"about":[{"href":"https:\/\/instytutpolski.pl\/madrid\/wp-json\/wp\/v2\/types\/page"}],"author":[{"embeddable":true,"href":"https:\/\/instytutpolski.pl\/madrid\/wp-json\/wp\/v2\/users\/1"}],"replies":[{"embeddable":true,"href":"https:\/\/instytutpolski.pl\/madrid\/wp-json\/wp\/v2\/comments?post=418"}],"version-history":[{"count":3,"href":"https:\/\/instytutpolski.pl\/madrid\/wp-json\/wp\/v2\/pages\/418\/revisions"}],"predecessor-version":[{"id":4309,"href":"https:\/\/instytutpolski.pl\/madrid\/wp-json\/wp\/v2\/pages\/418\/revisions\/4309"}],"up":[{"embeddable":true,"href":"https:\/\/instytutpolski.pl\/madrid\/wp-json\/wp\/v2\/pages\/414"}],"wp:attachment":[{"href":"https:\/\/instytutpolski.pl\/madrid\/wp-json\/wp\/v2\/media?parent=418"}],"curies":[{"name":"wp","href":"https:\/\/api.w.org\/{rel}","templated":true}]}}