{"id":422,"date":"2021-04-12T12:41:20","date_gmt":"2021-04-12T10:41:20","guid":{"rendered":"https:\/\/instytutpolski.pl\/madryt\/?page_id=422"},"modified":"2021-04-12T12:59:15","modified_gmt":"2021-04-12T10:59:15","slug":"becas-en-el-marco-de-acuerdos-bilaterales","status":"publish","type":"page","link":"https:\/\/instytutpolski.pl\/madrid\/conoce-polonia\/becas-en-polonia\/becas-en-el-marco-de-acuerdos-bilaterales\/","title":{"rendered":"Becas de educaci\u00f3n"},"content":{"rendered":"\n<div class=\"wp-block-image\"><figure class=\"aligncenter size-large is-resized\"><img loading=\"lazy\" decoding=\"async\" src=\"https:\/\/instytutpolski.pl\/madrid\/wp-content\/uploads\/sites\/16\/2021\/04\/NAWA-1-1024x552.png\" alt=\"\" class=\"wp-image-5277\" width=\"798\" height=\"429\" srcset=\"https:\/\/instytutpolski.pl\/madrid\/wp-content\/uploads\/sites\/16\/2021\/04\/NAWA-1-1024x552.png 1024w, https:\/\/instytutpolski.pl\/madrid\/wp-content\/uploads\/sites\/16\/2021\/04\/NAWA-1-300x162.png 300w, https:\/\/instytutpolski.pl\/madrid\/wp-content\/uploads\/sites\/16\/2021\/04\/NAWA-1-768x414.png 768w, https:\/\/instytutpolski.pl\/madrid\/wp-content\/uploads\/sites\/16\/2021\/04\/NAWA-1.png 1114w\" sizes=\"auto, (max-width: 798px) 100vw, 798px\" \/><\/figure><\/div>\n\n\n\n<p><\/p>\n\n\n\n<p class=\"has-medium-font-size\"><strong>El Programa Poland My First Choice<\/strong><\/p>\n\n\n\n<p>El programa de becas <strong>Poland My First Choice<\/strong> ofrecido por la Agencia Nacional de Intercambio Acad\u00e9mico (NAWA) est\u00e1 dirigido a j\u00f3venes estudiantes extranjeros y tiene como objetivo alentarlos a estudiar en las mejores universidades polacas.<\/p>\n\n\n\n<p>El programa ofrece la posibilidad de completar estudios universitarios de segundo ciclo de forma presencial en reconocidas universidades p\u00fablicas y privadas supervisadas por el Ministro de Educaci\u00f3n y Ciencia, en todos los campos de estudio. El programa permite estudiar en polaco o en otros idiomas. Como parte del programa, se ofrece <strong>una beca mensual NAWA<\/strong> por un importe de 2000 PLN (450 EUR aprox.) para cubrir los gastos de manutenci\u00f3n durante el per\u00edodo de educaci\u00f3n reglada en Polonia. En las universidades p\u00fablicas, el programa tambi\u00e9n ofrece una exenci\u00f3n de las tasas acad\u00e9micas. Los solicitantes eligen, entre la oferta educativa de las universidades polacas, el centro y la disciplina acad\u00e9mica en la que quieren cursar estudios y solicitan por su cuenta el acceso a la facultad seleccionada. Las decisiones finales sobre la admisi\u00f3n de los solicitantes y las condiciones econ\u00f3micas las toman las universidades.<\/p>\n\n\n\n<p>M\u00e1s informaci\u00f3n sobre el Programa:<br><a href=\"https:\/\/nawa.gov.pl\/en\/students\/foreign-students\/poland-my-first-choice-programme\">https:\/\/nawa.gov.pl\/en\/students\/foreign-students\/poland-my-first-choice-programme<\/a><\/p>\n\n\n\n<p><\/p>\n\n\n\n<p class=\"has-text-align-left has-medium-font-size\"><strong>El Programa General W\u0142adys\u0142aw Anders <\/strong><\/p>\n\n\n\n<p>El programa de becas <strong>General W\u0142adys\u0142aw Anders<\/strong> para la di\u00e1spora polaca es una oferta dirigida a j\u00f3venes polacos residentes en el extranjero que est\u00e9n interesados \u200b\u200ben cursar estudios universitarios de primer o segundo ciclo o de licenciatura en universidades polacas, de forma presencial y en polaco.<\/p>\n\n\n\n<p>Las personas que tengan un origen polaco documentado o la Tarjeta Polaca (<em>Karta Polaka<\/em>) pueden solicitar el acceso al Programa. Adem\u00e1s, los estudios universitarios de primer ciclo o de grado tambi\u00e9n pueden ser cursados por personas con nacionalidad polaca y de terceros pa\u00edses, que hayan completado todo el per\u00edodo de educaci\u00f3n secundaria fuera de Polonia.<\/p>\n\n\n\n<p>El Programa ofrece <strong>una beca mensual del Director de la Agencia Nacional de Intercambio Acad\u00e9mico (NAWA)<\/strong> en universidades supervisadas por el Ministro de Educaci\u00f3n y Ciencia y la posibilidad de estudiar en universidades supervisadas por el Ministro de Sanidad (facultades de medicina) y el Ministro de Cultura, Patrimonio Nacional y Deporte (facultades de bellas artes).<\/p>\n\n\n\n<p>La lista de disciplinas acad\u00e9micas, niveles formativos, t\u00edtulos profesionales, tipos de educaci\u00f3n y universidades que ofrecen un campo de estudio determinado se puede encontrar en: <a href=\"http:\/\/www.polon.nauka.gov.pl\">www.polon.nauka.gov.pl<\/a>. La informaci\u00f3n sobre las facultades (oferta de las universidades polacas) est\u00e1 disponible en: <a href=\"http:\/\/www.wybierzstudia.nauka.gov.pl\">www.wybierzstudia.nauka.gov.pl<\/a>.<\/p>\n\n\n\n<p>M\u00e1s informaci\u00f3n sobre el Programa:<br>(pl) <a href=\"https:\/\/nawa.gov.pl\/studenci\/studenci-zagraniczni\/program-im-gen-andersa\">https:\/\/nawa.gov.pl\/studenci\/studenci-zagraniczni\/program-im-gen-andersa<\/a> <br>(en) <a href=\"https:\/\/nawa.gov.pl\/en\/students\/foreign-students\/the-gen-anders-programme\">https:\/\/nawa.gov.pl\/en\/students\/foreign-students\/the-gen-anders-programme<\/a><\/p>\n","protected":false},"excerpt":{"rendered":"<p>El Programa Poland My First Choice El programa de becas Poland My First Choice ofrecido por la Agencia Nacional de Intercambio Acad\u00e9mico (NAWA) est\u00e1 dirigido a j\u00f3venes estudiantes extranjeros y tiene como objetivo alentarlos a estudiar en las mejores universidades polacas. El programa ofrece la posibilidad de completar estudios universitarios de segundo ciclo de forma [&hellip;]<\/p>\n","protected":false},"author":1,"featured_media":0,"parent":414,"menu_order":0,"comment_status":"closed","ping_status":"closed","template":"","meta":{"inline_featured_image":false,"_monsterinsights_skip_tracking":false,"_monsterinsights_sitenote_active":false,"_monsterinsights_sitenote_note":"","_monsterinsights_sitenote_category":0,"footnotes":""},"class_list":["post-422","page","type-page","status-publish","hentry"],"yoast_head":"<!-- This site is optimized with the Yoast SEO plugin v24.6 - https:\/\/yoast.com\/wordpress\/plugins\/seo\/ -->\n<title>Becas de educaci\u00f3n - Instytut Polski w Madrycie<\/title>\n<meta name=\"robots\" content=\"index, follow, max-snippet:-1, max-image-preview:large, max-video-preview:-1\" \/>\n<link rel=\"canonical\" href=\"https:\/\/instytutpolski.pl\/madrid\/conoce-polonia\/becas-en-polonia\/becas-en-el-marco-de-acuerdos-bilaterales\/\" \/>\n<meta property=\"og:locale\" content=\"pl_PL\" \/>\n<meta property=\"og:type\" content=\"article\" \/>\n<meta property=\"og:title\" content=\"Becas de educaci\u00f3n - Instytut Polski w Madrycie\" \/>\n<meta property=\"og:description\" content=\"El Programa Poland My First Choice El programa de becas Poland My First Choice ofrecido por la Agencia Nacional de Intercambio Acad\u00e9mico (NAWA) est\u00e1 dirigido a j\u00f3venes estudiantes extranjeros y tiene como objetivo alentarlos a estudiar en las mejores universidades polacas. El programa ofrece la posibilidad de completar estudios universitarios de segundo ciclo de forma [&hellip;]\" \/>\n<meta property=\"og:url\" content=\"https:\/\/instytutpolski.pl\/madrid\/conoce-polonia\/becas-en-polonia\/becas-en-el-marco-de-acuerdos-bilaterales\/\" \/>\n<meta property=\"og:site_name\" content=\"Instytut Polski w Madrycie\" \/>\n<meta property=\"article:modified_time\" content=\"2021-04-12T10:59:15+00:00\" \/>\n<meta property=\"og:image\" content=\"https:\/\/instytutpolski.pl\/madrid\/wp-content\/uploads\/sites\/16\/2021\/04\/NAWA-1-1024x552.png\" \/>\n<meta name=\"twitter:card\" content=\"summary_large_image\" \/>\n<meta name=\"twitter:label1\" content=\"Szacowany czas czytania\" \/>\n\t<meta name=\"twitter:data1\" content=\"2 minuty\" \/>\n<script type=\"application\/ld+json\" class=\"yoast-schema-graph\">{\"@context\":\"https:\/\/schema.org\",\"@graph\":[{\"@type\":\"WebPage\",\"@id\":\"https:\/\/instytutpolski.pl\/madrid\/conoce-polonia\/becas-en-polonia\/becas-en-el-marco-de-acuerdos-bilaterales\/\",\"url\":\"https:\/\/instytutpolski.pl\/madrid\/conoce-polonia\/becas-en-polonia\/becas-en-el-marco-de-acuerdos-bilaterales\/\",\"name\":\"Becas de educaci\u00f3n - Instytut Polski w Madrycie\",\"isPartOf\":{\"@id\":\"https:\/\/instytutpolski.pl\/madrid\/#website\"},\"primaryImageOfPage\":{\"@id\":\"https:\/\/instytutpolski.pl\/madrid\/conoce-polonia\/becas-en-polonia\/becas-en-el-marco-de-acuerdos-bilaterales\/#primaryimage\"},\"image\":{\"@id\":\"https:\/\/instytutpolski.pl\/madrid\/conoce-polonia\/becas-en-polonia\/becas-en-el-marco-de-acuerdos-bilaterales\/#primaryimage\"},\"thumbnailUrl\":\"https:\/\/instytutpolski.pl\/madrid\/wp-content\/uploads\/sites\/16\/2021\/04\/NAWA-1-1024x552.png\",\"datePublished\":\"2021-04-12T10:41:20+00:00\",\"dateModified\":\"2021-04-12T10:59:15+00:00\",\"breadcrumb\":{\"@id\":\"https:\/\/instytutpolski.pl\/madrid\/conoce-polonia\/becas-en-polonia\/becas-en-el-marco-de-acuerdos-bilaterales\/#breadcrumb\"},\"inLanguage\":\"pl-PL\",\"potentialAction\":[{\"@type\":\"ReadAction\",\"target\":[\"https:\/\/instytutpolski.pl\/madrid\/conoce-polonia\/becas-en-polonia\/becas-en-el-marco-de-acuerdos-bilaterales\/\"]}]},{\"@type\":\"ImageObject\",\"inLanguage\":\"pl-PL\",\"@id\":\"https:\/\/instytutpolski.pl\/madrid\/conoce-polonia\/becas-en-polonia\/becas-en-el-marco-de-acuerdos-bilaterales\/#primaryimage\",\"url\":\"https:\/\/instytutpolski.pl\/madrid\/wp-content\/uploads\/sites\/16\/2021\/04\/NAWA-1.png\",\"contentUrl\":\"https:\/\/instytutpolski.pl\/madrid\/wp-content\/uploads\/sites\/16\/2021\/04\/NAWA-1.png\",\"width\":1114,\"height\":600},{\"@type\":\"BreadcrumbList\",\"@id\":\"https:\/\/instytutpolski.pl\/madrid\/conoce-polonia\/becas-en-polonia\/becas-en-el-marco-de-acuerdos-bilaterales\/#breadcrumb\",\"itemListElement\":[{\"@type\":\"ListItem\",\"position\":1,\"name\":\"Home\",\"item\":\"https:\/\/instytutpolski.pl\/madrid\/\"},{\"@type\":\"ListItem\",\"position\":2,\"name\":\"Conoce Polonia\",\"item\":\"https:\/\/instytutpolski.pl\/madrid\/conoce-polonia\/\"},{\"@type\":\"ListItem\",\"position\":3,\"name\":\"Becas en Polonia\",\"item\":\"https:\/\/instytutpolski.pl\/madrid\/conoce-polonia\/becas-en-polonia\/\"},{\"@type\":\"ListItem\",\"position\":4,\"name\":\"Becas de educaci\u00f3n\"}]},{\"@type\":\"WebSite\",\"@id\":\"https:\/\/instytutpolski.pl\/madrid\/#website\",\"url\":\"https:\/\/instytutpolski.pl\/madrid\/\",\"name\":\"Instytut Polski w Madrycie\",\"description\":\"Instytuty Polskie\",\"potentialAction\":[{\"@type\":\"SearchAction\",\"target\":{\"@type\":\"EntryPoint\",\"urlTemplate\":\"https:\/\/instytutpolski.pl\/madrid\/?s={search_term_string}\"},\"query-input\":{\"@type\":\"PropertyValueSpecification\",\"valueRequired\":true,\"valueName\":\"search_term_string\"}}],\"inLanguage\":\"pl-PL\"}]}<\/script>\n<!-- \/ Yoast SEO plugin. -->","yoast_head_json":{"title":"Becas de educaci\u00f3n - Instytut Polski w Madrycie","robots":{"index":"index","follow":"follow","max-snippet":"max-snippet:-1","max-image-preview":"max-image-preview:large","max-video-preview":"max-video-preview:-1"},"canonical":"https:\/\/instytutpolski.pl\/madrid\/conoce-polonia\/becas-en-polonia\/becas-en-el-marco-de-acuerdos-bilaterales\/","og_locale":"pl_PL","og_type":"article","og_title":"Becas de educaci\u00f3n - Instytut Polski w Madrycie","og_description":"El Programa Poland My First Choice El programa de becas Poland My First Choice ofrecido por la Agencia Nacional de Intercambio Acad\u00e9mico (NAWA) est\u00e1 dirigido a j\u00f3venes estudiantes extranjeros y tiene como objetivo alentarlos a estudiar en las mejores universidades polacas. El programa ofrece la posibilidad de completar estudios universitarios de segundo ciclo de forma [&hellip;]","og_url":"https:\/\/instytutpolski.pl\/madrid\/conoce-polonia\/becas-en-polonia\/becas-en-el-marco-de-acuerdos-bilaterales\/","og_site_name":"Instytut Polski w Madrycie","article_modified_time":"2021-04-12T10:59:15+00:00","og_image":[{"url":"https:\/\/instytutpolski.pl\/madrid\/wp-content\/uploads\/sites\/16\/2021\/04\/NAWA-1-1024x552.png","type":"","width":"","height":""}],"twitter_card":"summary_large_image","twitter_misc":{"Szacowany czas czytania":"2 minuty"},"schema":{"@context":"https:\/\/schema.org","@graph":[{"@type":"WebPage","@id":"https:\/\/instytutpolski.pl\/madrid\/conoce-polonia\/becas-en-polonia\/becas-en-el-marco-de-acuerdos-bilaterales\/","url":"https:\/\/instytutpolski.pl\/madrid\/conoce-polonia\/becas-en-polonia\/becas-en-el-marco-de-acuerdos-bilaterales\/","name":"Becas de educaci\u00f3n - Instytut Polski w Madrycie","isPartOf":{"@id":"https:\/\/instytutpolski.pl\/madrid\/#website"},"primaryImageOfPage":{"@id":"https:\/\/instytutpolski.pl\/madrid\/conoce-polonia\/becas-en-polonia\/becas-en-el-marco-de-acuerdos-bilaterales\/#primaryimage"},"image":{"@id":"https:\/\/instytutpolski.pl\/madrid\/conoce-polonia\/becas-en-polonia\/becas-en-el-marco-de-acuerdos-bilaterales\/#primaryimage"},"thumbnailUrl":"https:\/\/instytutpolski.pl\/madrid\/wp-content\/uploads\/sites\/16\/2021\/04\/NAWA-1-1024x552.png","datePublished":"2021-04-12T10:41:20+00:00","dateModified":"2021-04-12T10:59:15+00:00","breadcrumb":{"@id":"https:\/\/instytutpolski.pl\/madrid\/conoce-polonia\/becas-en-polonia\/becas-en-el-marco-de-acuerdos-bilaterales\/#breadcrumb"},"inLanguage":"pl-PL","potentialAction":[{"@type":"ReadAction","target":["https:\/\/instytutpolski.pl\/madrid\/conoce-polonia\/becas-en-polonia\/becas-en-el-marco-de-acuerdos-bilaterales\/"]}]},{"@type":"ImageObject","inLanguage":"pl-PL","@id":"https:\/\/instytutpolski.pl\/madrid\/conoce-polonia\/becas-en-polonia\/becas-en-el-marco-de-acuerdos-bilaterales\/#primaryimage","url":"https:\/\/instytutpolski.pl\/madrid\/wp-content\/uploads\/sites\/16\/2021\/04\/NAWA-1.png","contentUrl":"https:\/\/instytutpolski.pl\/madrid\/wp-content\/uploads\/sites\/16\/2021\/04\/NAWA-1.png","width":1114,"height":600},{"@type":"BreadcrumbList","@id":"https:\/\/instytutpolski.pl\/madrid\/conoce-polonia\/becas-en-polonia\/becas-en-el-marco-de-acuerdos-bilaterales\/#breadcrumb","itemListElement":[{"@type":"ListItem","position":1,"name":"Home","item":"https:\/\/instytutpolski.pl\/madrid\/"},{"@type":"ListItem","position":2,"name":"Conoce Polonia","item":"https:\/\/instytutpolski.pl\/madrid\/conoce-polonia\/"},{"@type":"ListItem","position":3,"name":"Becas en Polonia","item":"https:\/\/instytutpolski.pl\/madrid\/conoce-polonia\/becas-en-polonia\/"},{"@type":"ListItem","position":4,"name":"Becas de educaci\u00f3n"}]},{"@type":"WebSite","@id":"https:\/\/instytutpolski.pl\/madrid\/#website","url":"https:\/\/instytutpolski.pl\/madrid\/","name":"Instytut Polski w Madrycie","description":"Instytuty Polskie","potentialAction":[{"@type":"SearchAction","target":{"@type":"EntryPoint","urlTemplate":"https:\/\/instytutpolski.pl\/madrid\/?s={search_term_string}"},"query-input":{"@type":"PropertyValueSpecification","valueRequired":true,"valueName":"search_term_string"}}],"inLanguage":"pl-PL"}]}},"_links":{"self":[{"href":"https:\/\/instytutpolski.pl\/madrid\/wp-json\/wp\/v2\/pages\/422","targetHints":{"allow":["GET"]}}],"collection":[{"href":"https:\/\/instytutpolski.pl\/madrid\/wp-json\/wp\/v2\/pages"}],"about":[{"href":"https:\/\/instytutpolski.pl\/madrid\/wp-json\/wp\/v2\/types\/page"}],"author":[{"embeddable":true,"href":"https:\/\/instytutpolski.pl\/madrid\/wp-json\/wp\/v2\/users\/1"}],"replies":[{"embeddable":true,"href":"https:\/\/instytutpolski.pl\/madrid\/wp-json\/wp\/v2\/comments?post=422"}],"version-history":[{"count":9,"href":"https:\/\/instytutpolski.pl\/madrid\/wp-json\/wp\/v2\/pages\/422\/revisions"}],"predecessor-version":[{"id":5286,"href":"https:\/\/instytutpolski.pl\/madrid\/wp-json\/wp\/v2\/pages\/422\/revisions\/5286"}],"up":[{"embeddable":true,"href":"https:\/\/instytutpolski.pl\/madrid\/wp-json\/wp\/v2\/pages\/414"}],"wp:attachment":[{"href":"https:\/\/instytutpolski.pl\/madrid\/wp-json\/wp\/v2\/media?parent=422"}],"curies":[{"name":"wp","href":"https:\/\/api.w.org\/{rel}","templated":true}]}}