{"id":4227,"date":"2020-05-29T15:19:36","date_gmt":"2020-05-29T13:19:36","guid":{"rendered":"https:\/\/instytutpolski.pl\/madrid\/?page_id=4227"},"modified":"2022-12-13T14:13:22","modified_gmt":"2022-12-13T13:13:22","slug":"cursos-de-lengua-y-cultura-polacas-en-polonia","status":"publish","type":"page","link":"https:\/\/instytutpolski.pl\/madrid\/lengua-polaca\/cursos-de-lengua-y-cultura-polacas-en-polonia\/","title":{"rendered":"Cursos de lengua y cultura polacas en Polonia"},"content":{"rendered":"\n<p>Los numerosos cursos y programas universitarios organizados en Polonia para extranjeros que est\u00e1n estudiando la lengua polaca les ofrecen la oportunidad de verificar y mejorar sus conocimientos, as\u00ed como profundizar en su conocimiento del pa\u00eds.<br><a rel=\"noreferrer noopener\" href=\"http:\/\/certyfikatpolski.pl\/\" target=\"_blank\"><br><\/a>&#8212;&#8212;&#8212;&#8212;&#8212;&#8212;&#8212;&#8212;&#8212;&#8212;&#8212;&#8212;&#8212;&#8212;&#8212;&#8212;&#8212;&#8212;&#8212;&#8212;&#8212;&#8212;&#8212;&#8212;&#8212;&#8212;&#8211;<\/p>\n\n\n\n<p><strong>Centros de lengua polaca en las universidades:<\/strong><br><br>Universidad Adam Mickiewicz de Pozna\u0144<br>Instituto de Lengua Polaca para Extranjeros<br>Al. Niepodleglosci 4<br>61-874 Poznan<br>tel. (0048) 618 567 464<br>e-mail:&nbsp;<a href=\"mailto:schoolpl@amu.edu.pl\">schoolpl@amu.edu.pl<br><\/a><a href=\"http:\/\/www.schoolpl.amu.edu.pl\/go.php\/en.html\" target=\"_blank\" rel=\"noreferrer noopener\">http:\/\/www.schoolpl.amu.edu.pl\/go.php\/en.html<\/a>&nbsp;<\/p>\n\n\n\n<p>Universidad Jagellona de Cracovia<br>Escuela de Lengua y Cultura Polaca de la Universidad<br>Ul. Grabarska 7A<br>31-131 Krak\u00f3w<br>tel. (0048) 124 213 692, 124 296 427,<br>e-mail:&nbsp;<a href=\"mailto:plschool@jetta.if.uj.edu.pl\">plschool@jetta.if.uj.edu.pl<\/a><br>Internet:&nbsp;<a href=\"https:\/\/plschool.uj.edu.pl\/en_GB\/web\/sjikp\">https:\/\/plschool.uj.edu.pl\/en_GB\/web\/sjikp<\/a><\/p>\n\n\n\n<p><br>Universidad Cat\u00f3lica de Lublin<br>Escuela de Verano de la Cultura y Lengua Polaca<br>Al. Raclawickie 14<br>20-950 Lublin<br>tel. (0048) 814 454 111<br>e-mail:&nbsp;<a href=\"mailto:lato@kul.lublin.pl\">lato@kul.lublin.pl<\/a><br>Internet:&nbsp;<a href=\"http:\/\/www.kul.lublin.pl\/school\">www.kul.lublin.pl\/school<\/a><\/p>\n\n\n\n<p>Universidad Maria Curie-Sklodowska de Lublin<br>Centro de Lengua y Cultura Polaca para Extranjeros&nbsp;y Emigrados<br>ul. Weteran\u00f3w 18<br>20-038 Lublin<br>tel. (0048) 815 332 786,<br>e-mail:&nbsp;<a href=\"mailto:polonia@poczta.umcs.lublin.pl\">polonia@poczta.umcs.lublin.pl<\/a><br>http:\/\/www.cjkp.umcs.lublin.pl\/eng\/<\/p>\n\n\n\n<p>Universidad de L\u00f3dz<br>Instituto de Lengua Polaca para Extranjeros<br>Ul. Kopcinskiego 16-18<br>90-232 L\u00f3d\u017a<br>tel. (0048) 426 354 030<br>e-mail:&nbsp;<a href=\"mailto:sjpdc@uni.lodz.pl\">sjpdc@uni.lodz.pl<\/a><br>http:\/\/www.sjpdc.uni.lodz.pl\/?language=en<\/p>\n\n\n\n<p>Universidad de Silesia<br>Escuela de Lengua y Cultura Polacas<br>Pl. Sejmu \u015al\u0105skiego 1<br>40-032 Katowice<br>tel. (0048) 322 512 991,<br>e-mail:&nbsp;<a href=\"mailto:szkola@homer.fil.us.edu.pl\">szkola@homer.fil.us.edu.pl<\/a><br><a href=\"http:\/\/www.sjikp.us.edu.pl\/\">http:\/\/www.sjikp.us.edu.pl\/<\/a><\/p>\n\n\n\n<p>Universidad de Varsovia<br>Centro de Lengua y Cultura Polaca para Extranjeros &#8222;Polonicum&#8221;<br>26\/28 Krakowskie Przedmie\u015bcie<br>00-927 Varsovia<br>tel. (+ 48 22 ) 55 21 530, 55 21 533<br>e-mail:&nbsp;<a href=\"mailto:polonicum@uw.edu.pl\">polonicum@uw.edu.pl<\/a><br><a href=\"http:\/\/polonicum.uw.edu.pl\/en\/\">http:\/\/polonicum.uw.edu.pl\/en\/<\/a><br><br><strong>Otros centros de la ense\u00f1anza de la lengua polaca:<\/strong><\/p>\n\n\n\n<p>&#8222;Varia&#8221; Polish Language Center, Krak\u00f3w<strong><br><\/strong>Cursos de polaco en l\u00ednea y en la escuela en Cracovia<br>Micha\u0142owskiego 2\/3<br>31-126 Krak\u00f3w<br>Tel. (0048) 12\u00a0633 58 71<br>M\u00f3vil: (0048) 501-584-623<br><a href=\"http:\/\/www.varia-course.com\">www.varia-course.com<\/a> <\/p>\n\n\n\n<p>Academia &#8222;Glossa&#8221;:&nbsp;<a href=\"http:\/\/polish-courses.com\/e-learning-polish-course\">http:\/\/polish-courses.com\/e-learning-polish-course<\/a><\/p>\n\n\n\n<p><\/p>\n\n\n\n<p><\/p>\n\n\n\n<p><\/p>\n","protected":false},"excerpt":{"rendered":"<p>Los numerosos cursos y programas universitarios organizados en Polonia para extranjeros que est\u00e1n estudiando la lengua polaca les ofrecen la oportunidad de verificar y mejorar sus conocimientos, as\u00ed como profundizar en su conocimiento del pa\u00eds.&#8212;&#8212;&#8212;&#8212;&#8212;&#8212;&#8212;&#8212;&#8212;&#8212;&#8212;&#8212;&#8212;&#8212;&#8212;&#8212;&#8212;&#8212;&#8212;&#8212;&#8212;&#8212;&#8212;&#8212;&#8212;&#8212;&#8211; Centros de lengua polaca en las universidades: Universidad Adam Mickiewicz de Pozna\u0144Instituto de Lengua Polaca para ExtranjerosAl. Niepodleglosci 461-874 Poznantel. [&hellip;]<\/p>\n","protected":false},"author":49,"featured_media":0,"parent":467,"menu_order":0,"comment_status":"closed","ping_status":"closed","template":"","meta":{"inline_featured_image":false,"_monsterinsights_skip_tracking":false,"_monsterinsights_sitenote_active":false,"_monsterinsights_sitenote_note":"","_monsterinsights_sitenote_category":0,"footnotes":""},"class_list":["post-4227","page","type-page","status-publish","hentry"],"yoast_head":"<!-- This site is optimized with the Yoast SEO plugin v24.6 - https:\/\/yoast.com\/wordpress\/plugins\/seo\/ -->\n<title>Cursos de lengua y cultura polacas en Polonia - Instytut Polski w Madrycie<\/title>\n<meta name=\"robots\" content=\"index, follow, max-snippet:-1, max-image-preview:large, max-video-preview:-1\" \/>\n<link rel=\"canonical\" href=\"https:\/\/instytutpolski.pl\/madrid\/lengua-polaca\/cursos-de-lengua-y-cultura-polacas-en-polonia\/\" \/>\n<meta property=\"og:locale\" content=\"pl_PL\" \/>\n<meta property=\"og:type\" content=\"article\" \/>\n<meta property=\"og:title\" content=\"Cursos de lengua y cultura polacas en Polonia - Instytut Polski w Madrycie\" \/>\n<meta property=\"og:description\" content=\"Los numerosos cursos y programas universitarios organizados en Polonia para extranjeros que est\u00e1n estudiando la lengua polaca les ofrecen la oportunidad de verificar y mejorar sus conocimientos, as\u00ed como profundizar en su conocimiento del pa\u00eds.&#8212;&#8212;&#8212;&#8212;&#8212;&#8212;&#8212;&#8212;&#8212;&#8212;&#8212;&#8212;&#8212;&#8212;&#8212;&#8212;&#8212;&#8212;&#8212;&#8212;&#8212;&#8212;&#8212;&#8212;&#8212;&#8212;&#8211; Centros de lengua polaca en las universidades: Universidad Adam Mickiewicz de Pozna\u0144Instituto de Lengua Polaca para ExtranjerosAl. Niepodleglosci 461-874 Poznantel. [&hellip;]\" \/>\n<meta property=\"og:url\" content=\"https:\/\/instytutpolski.pl\/madrid\/lengua-polaca\/cursos-de-lengua-y-cultura-polacas-en-polonia\/\" \/>\n<meta property=\"og:site_name\" content=\"Instytut Polski w Madrycie\" \/>\n<meta property=\"article:modified_time\" content=\"2022-12-13T13:13:22+00:00\" \/>\n<meta name=\"twitter:card\" content=\"summary_large_image\" \/>\n<meta name=\"twitter:label1\" content=\"Szacowany czas czytania\" \/>\n\t<meta name=\"twitter:data1\" content=\"2 minuty\" \/>\n<script type=\"application\/ld+json\" class=\"yoast-schema-graph\">{\"@context\":\"https:\/\/schema.org\",\"@graph\":[{\"@type\":\"WebPage\",\"@id\":\"https:\/\/instytutpolski.pl\/madrid\/lengua-polaca\/cursos-de-lengua-y-cultura-polacas-en-polonia\/\",\"url\":\"https:\/\/instytutpolski.pl\/madrid\/lengua-polaca\/cursos-de-lengua-y-cultura-polacas-en-polonia\/\",\"name\":\"Cursos de lengua y cultura polacas en Polonia - Instytut Polski w Madrycie\",\"isPartOf\":{\"@id\":\"https:\/\/instytutpolski.pl\/madrid\/#website\"},\"datePublished\":\"2020-05-29T13:19:36+00:00\",\"dateModified\":\"2022-12-13T13:13:22+00:00\",\"breadcrumb\":{\"@id\":\"https:\/\/instytutpolski.pl\/madrid\/lengua-polaca\/cursos-de-lengua-y-cultura-polacas-en-polonia\/#breadcrumb\"},\"inLanguage\":\"pl-PL\",\"potentialAction\":[{\"@type\":\"ReadAction\",\"target\":[\"https:\/\/instytutpolski.pl\/madrid\/lengua-polaca\/cursos-de-lengua-y-cultura-polacas-en-polonia\/\"]}]},{\"@type\":\"BreadcrumbList\",\"@id\":\"https:\/\/instytutpolski.pl\/madrid\/lengua-polaca\/cursos-de-lengua-y-cultura-polacas-en-polonia\/#breadcrumb\",\"itemListElement\":[{\"@type\":\"ListItem\",\"position\":1,\"name\":\"Home\",\"item\":\"https:\/\/instytutpolski.pl\/madrid\/\"},{\"@type\":\"ListItem\",\"position\":2,\"name\":\"Lengua polaca\",\"item\":\"https:\/\/instytutpolski.pl\/madrid\/lengua-polaca\/\"},{\"@type\":\"ListItem\",\"position\":3,\"name\":\"Cursos de lengua y cultura polacas en Polonia\"}]},{\"@type\":\"WebSite\",\"@id\":\"https:\/\/instytutpolski.pl\/madrid\/#website\",\"url\":\"https:\/\/instytutpolski.pl\/madrid\/\",\"name\":\"Instytut Polski w Madrycie\",\"description\":\"Instytuty Polskie\",\"potentialAction\":[{\"@type\":\"SearchAction\",\"target\":{\"@type\":\"EntryPoint\",\"urlTemplate\":\"https:\/\/instytutpolski.pl\/madrid\/?s={search_term_string}\"},\"query-input\":{\"@type\":\"PropertyValueSpecification\",\"valueRequired\":true,\"valueName\":\"search_term_string\"}}],\"inLanguage\":\"pl-PL\"}]}<\/script>\n<!-- \/ Yoast SEO plugin. -->","yoast_head_json":{"title":"Cursos de lengua y cultura polacas en Polonia - Instytut Polski w Madrycie","robots":{"index":"index","follow":"follow","max-snippet":"max-snippet:-1","max-image-preview":"max-image-preview:large","max-video-preview":"max-video-preview:-1"},"canonical":"https:\/\/instytutpolski.pl\/madrid\/lengua-polaca\/cursos-de-lengua-y-cultura-polacas-en-polonia\/","og_locale":"pl_PL","og_type":"article","og_title":"Cursos de lengua y cultura polacas en Polonia - Instytut Polski w Madrycie","og_description":"Los numerosos cursos y programas universitarios organizados en Polonia para extranjeros que est\u00e1n estudiando la lengua polaca les ofrecen la oportunidad de verificar y mejorar sus conocimientos, as\u00ed como profundizar en su conocimiento del pa\u00eds.&#8212;&#8212;&#8212;&#8212;&#8212;&#8212;&#8212;&#8212;&#8212;&#8212;&#8212;&#8212;&#8212;&#8212;&#8212;&#8212;&#8212;&#8212;&#8212;&#8212;&#8212;&#8212;&#8212;&#8212;&#8212;&#8212;&#8211; Centros de lengua polaca en las universidades: Universidad Adam Mickiewicz de Pozna\u0144Instituto de Lengua Polaca para ExtranjerosAl. Niepodleglosci 461-874 Poznantel. [&hellip;]","og_url":"https:\/\/instytutpolski.pl\/madrid\/lengua-polaca\/cursos-de-lengua-y-cultura-polacas-en-polonia\/","og_site_name":"Instytut Polski w Madrycie","article_modified_time":"2022-12-13T13:13:22+00:00","twitter_card":"summary_large_image","twitter_misc":{"Szacowany czas czytania":"2 minuty"},"schema":{"@context":"https:\/\/schema.org","@graph":[{"@type":"WebPage","@id":"https:\/\/instytutpolski.pl\/madrid\/lengua-polaca\/cursos-de-lengua-y-cultura-polacas-en-polonia\/","url":"https:\/\/instytutpolski.pl\/madrid\/lengua-polaca\/cursos-de-lengua-y-cultura-polacas-en-polonia\/","name":"Cursos de lengua y cultura polacas en Polonia - Instytut Polski w Madrycie","isPartOf":{"@id":"https:\/\/instytutpolski.pl\/madrid\/#website"},"datePublished":"2020-05-29T13:19:36+00:00","dateModified":"2022-12-13T13:13:22+00:00","breadcrumb":{"@id":"https:\/\/instytutpolski.pl\/madrid\/lengua-polaca\/cursos-de-lengua-y-cultura-polacas-en-polonia\/#breadcrumb"},"inLanguage":"pl-PL","potentialAction":[{"@type":"ReadAction","target":["https:\/\/instytutpolski.pl\/madrid\/lengua-polaca\/cursos-de-lengua-y-cultura-polacas-en-polonia\/"]}]},{"@type":"BreadcrumbList","@id":"https:\/\/instytutpolski.pl\/madrid\/lengua-polaca\/cursos-de-lengua-y-cultura-polacas-en-polonia\/#breadcrumb","itemListElement":[{"@type":"ListItem","position":1,"name":"Home","item":"https:\/\/instytutpolski.pl\/madrid\/"},{"@type":"ListItem","position":2,"name":"Lengua polaca","item":"https:\/\/instytutpolski.pl\/madrid\/lengua-polaca\/"},{"@type":"ListItem","position":3,"name":"Cursos de lengua y cultura polacas en Polonia"}]},{"@type":"WebSite","@id":"https:\/\/instytutpolski.pl\/madrid\/#website","url":"https:\/\/instytutpolski.pl\/madrid\/","name":"Instytut Polski w Madrycie","description":"Instytuty Polskie","potentialAction":[{"@type":"SearchAction","target":{"@type":"EntryPoint","urlTemplate":"https:\/\/instytutpolski.pl\/madrid\/?s={search_term_string}"},"query-input":{"@type":"PropertyValueSpecification","valueRequired":true,"valueName":"search_term_string"}}],"inLanguage":"pl-PL"}]}},"_links":{"self":[{"href":"https:\/\/instytutpolski.pl\/madrid\/wp-json\/wp\/v2\/pages\/4227","targetHints":{"allow":["GET"]}}],"collection":[{"href":"https:\/\/instytutpolski.pl\/madrid\/wp-json\/wp\/v2\/pages"}],"about":[{"href":"https:\/\/instytutpolski.pl\/madrid\/wp-json\/wp\/v2\/types\/page"}],"author":[{"embeddable":true,"href":"https:\/\/instytutpolski.pl\/madrid\/wp-json\/wp\/v2\/users\/49"}],"replies":[{"embeddable":true,"href":"https:\/\/instytutpolski.pl\/madrid\/wp-json\/wp\/v2\/comments?post=4227"}],"version-history":[{"count":5,"href":"https:\/\/instytutpolski.pl\/madrid\/wp-json\/wp\/v2\/pages\/4227\/revisions"}],"predecessor-version":[{"id":7006,"href":"https:\/\/instytutpolski.pl\/madrid\/wp-json\/wp\/v2\/pages\/4227\/revisions\/7006"}],"up":[{"embeddable":true,"href":"https:\/\/instytutpolski.pl\/madrid\/wp-json\/wp\/v2\/pages\/467"}],"wp:attachment":[{"href":"https:\/\/instytutpolski.pl\/madrid\/wp-json\/wp\/v2\/media?parent=4227"}],"curies":[{"name":"wp","href":"https:\/\/api.w.org\/{rel}","templated":true}]}}