{"id":425,"date":"2021-04-12T12:41:20","date_gmt":"2021-04-12T10:41:20","guid":{"rendered":"https:\/\/instytutpolski.pl\/madryt\/?page_id=425"},"modified":"2021-04-12T15:54:19","modified_gmt":"2021-04-12T13:54:19","slug":"stypendia-w-ramach-umow-dwustronnych","status":"publish","type":"page","link":"https:\/\/instytutpolski.pl\/madrid\/pl\/poznaj-polske\/stypendia-w-polsce\/stypendia-w-ramach-umow-dwustronnych\/","title":{"rendered":"Stypendia dla student\u00f3w"},"content":{"rendered":"\n<div class=\"wp-block-image\"><figure class=\"aligncenter size-large\"><img loading=\"lazy\" decoding=\"async\" width=\"1024\" height=\"552\" src=\"https:\/\/instytutpolski.pl\/madrid\/wp-content\/uploads\/sites\/16\/2021\/04\/NAWA-2-1024x552.png\" alt=\"\" class=\"wp-image-5288\" srcset=\"https:\/\/instytutpolski.pl\/madrid\/wp-content\/uploads\/sites\/16\/2021\/04\/NAWA-2-1024x552.png 1024w, https:\/\/instytutpolski.pl\/madrid\/wp-content\/uploads\/sites\/16\/2021\/04\/NAWA-2-300x162.png 300w, https:\/\/instytutpolski.pl\/madrid\/wp-content\/uploads\/sites\/16\/2021\/04\/NAWA-2-768x414.png 768w, https:\/\/instytutpolski.pl\/madrid\/wp-content\/uploads\/sites\/16\/2021\/04\/NAWA-2.png 1114w\" sizes=\"auto, (max-width: 1024px) 100vw, 1024px\" \/><\/figure><\/div>\n\n\n\n<p><\/p>\n\n\n\n<p class=\"has-medium-font-size\"><strong>Program Poland My First Choice<\/strong><\/p>\n\n\n\n<p>Program stypendialny <strong>Poland My First Choice <\/strong>oferowany przez Narodow\u0105 Agencj\u0119 Wymiany Akademickiej (NAWA) skierowany jest do zdolnej m\u0142odzie\u017cy z zagranicy i ma na celu zach\u0119cenie do podejmowania studi\u00f3w na najlepszych polskich uczelniach.<\/p>\n\n\n\n<p>Program oferuje mo\u017cliwo\u015b\u0107 odbycia studi\u00f3w II stopnia w trybie stacjonarnym na uznanych uczelniach publicznych i niepublicznych podleg\u0142ych Ministrowi Nauki i Szkolnictwa na wszystkich kierunkach. Program umo\u017cliwia podj\u0119cie studi\u00f3w w j\u0119zyku polskim lub innym ni\u017c polski. W ramach programu przyznawane jest<strong> comiesi\u0119czne stypendium NAWA<\/strong> w wysoko\u015bci 2000 z\u0142 (ok. 450 EUR) na pokrycie koszt\u00f3w utrzymania w regulaminowym okresie kszta\u0142cenia w Polsce. <strong>Na uczelniach publicznych Program oferuje ponadto zwolnienie z op\u0142at za kszta\u0142cenie. <\/strong>Wnioskodawcy samodzielnie dokonuj\u0105 wyboru uczelni i kierunku studi\u00f3w, na kt\u00f3rych chc\u0105 podj\u0105\u0107 studia spo\u015br\u00f3d oferty edukacyjnej polskich szk\u00f3\u0142 wy\u017cszych i samodzielnie aplikuj\u0105 na wybrany kierunek. Ostateczne decyzje o przyj\u0119ciu Wnioskodawc\u00f3w na studia i warunkach finansowych kszta\u0142cenia podejmuj\u0105 uczelnie.<\/p>\n\n\n\n<p>Wi\u0119cej informacji na temat programu:<br><a href=\"https:\/\/nawa.gov.pl\/studenci\/studenci-zagraniczni\/program-poland-my-first-choice\">https:\/\/nawa.gov.pl\/studenci\/studenci-zagraniczni\/program-poland-my-first-choice<\/a><\/p>\n\n\n\n<p><\/p>\n\n\n\n<p class=\"has-medium-font-size\"><strong>Program im. Genera\u0142a W\u0142adys\u0142awa Andersa<\/strong><\/p>\n\n\n\n<p>Program stypendialny dla Polonii im. Gen. W\u0142. Andersa to oferta skierowana <strong>do m\u0142odzie\u017cy polonijnej <\/strong>zainteresowanej podj\u0119ciem studi\u00f3w I stopnia, II stopnia lub jednolitych studi\u00f3w magisterskich na polskich uczelniach, w trybie stacjonarnym, w j\u0119zyku polskim.<\/p>\n\n\n\n<p>O udzia\u0142 w programie stara\u0107 si\u0119 mog\u0105 osoby, kt\u00f3re posiadaj\u0105 udokumentowane polskie pochodzenie lub Kart\u0119 Polaka. Ponadto w naborze na studia I stopnia lub jednolite studia magisterskie mog\u0105 wzi\u0105\u0107 r\u00f3wnie\u017c osoby posiadaj\u0105ce polskie obywatelstwo oraz obywatelstwo innego kraju, kt\u00f3re odbywa\u0142y ca\u0142y okres kszta\u0142cenia na poziomie szko\u0142y \u015bredniej poza granicami Polski.<\/p>\n\n\n\n<p>W ramach Programu oferowane jest <strong>comiesi\u0119czne stypendium Dyrektora Narodowej Agencji Wymiany Akademickiej <\/strong>w uczelniach nadzorowanych przez ministra w\u0142a\u015bciwego do spraw szkolnictwa wy\u017cszego i nauki oraz mo\u017cliwo\u015b\u0107 odbycia studi\u00f3w w uczelniach nadzorowanych przez ministra w\u0142a\u015bciwego do spraw zdrowia (kierunki medyczne) oraz ministra w\u0142a\u015bciwego do spraw kultury i ochrony dziedzictwa narodowego (kierunki artystyczne).<\/p>\n\n\n\n<p>Wykaz kierunk\u00f3w, poziom\u00f3w kszta\u0142cenia, uzyskiwanych tytu\u0142\u00f3w zawodowych, form kszta\u0142cenia i uczelni prowadz\u0105cych dany kierunek studi\u00f3w znajduje si\u0119 w systemie Pol-on na stronie internetowej: <a href=\"http:\/\/www.polon.nauka.gov.pl\/\">www.polon.nauka.gov.pl<\/a>. Informacje o kierunkach studi\u00f3w (ofercie polskich uczelni) s\u0105 dost\u0119pne na stronie: <a href=\"http:\/\/www.wybierzstudia.nauka.gov.pl\/\">www.wybierzstudia.nauka.gov.pl<\/a>.<\/p>\n\n\n\n<p>Wi\u0119cej informacji na temat programu:<br><a href=\"https:\/\/nawa.gov.pl\/studenci\/studenci-zagraniczni\/program-im-gen-andersa\">https:\/\/nawa.gov.pl\/studenci\/studenci-zagraniczni\/program-im-gen-andersa<\/a><\/p>\n\n\n\n<p>Kontakt:<br>e-mail: <a href=\"mailto:polonia@nawa.gov.pl\">polonia@nawa.gov.pl<\/a><br>tel:+ 48 22-390-35-23, + 48 22-390-35-25, + 48 22-390-35-52,+ 48 22-390-35-88<\/p>\n","protected":false},"excerpt":{"rendered":"<p>Program Poland My First Choice Program stypendialny Poland My First Choice oferowany przez Narodow\u0105 Agencj\u0119 Wymiany Akademickiej (NAWA) skierowany jest do zdolnej m\u0142odzie\u017cy z zagranicy i ma na celu zach\u0119cenie do podejmowania studi\u00f3w na najlepszych polskich uczelniach. Program oferuje mo\u017cliwo\u015b\u0107 odbycia studi\u00f3w II stopnia w trybie stacjonarnym na uznanych uczelniach publicznych i niepublicznych podleg\u0142ych Ministrowi [&hellip;]<\/p>\n","protected":false},"author":1,"featured_media":0,"parent":416,"menu_order":0,"comment_status":"closed","ping_status":"closed","template":"","meta":{"inline_featured_image":false,"_monsterinsights_skip_tracking":false,"_monsterinsights_sitenote_active":false,"_monsterinsights_sitenote_note":"","_monsterinsights_sitenote_category":0,"footnotes":""},"class_list":["post-425","page","type-page","status-publish","hentry"],"yoast_head":"<!-- This site is optimized with the Yoast SEO plugin v24.6 - https:\/\/yoast.com\/wordpress\/plugins\/seo\/ -->\n<title>Stypendia dla student\u00f3w - Instytut Polski w Madrycie<\/title>\n<meta name=\"robots\" content=\"index, follow, max-snippet:-1, max-image-preview:large, max-video-preview:-1\" \/>\n<link rel=\"canonical\" href=\"https:\/\/instytutpolski.pl\/madrid\/pl\/poznaj-polske\/stypendia-w-polsce\/stypendia-w-ramach-umow-dwustronnych\/\" \/>\n<meta property=\"og:locale\" content=\"pl_PL\" \/>\n<meta property=\"og:type\" content=\"article\" \/>\n<meta property=\"og:title\" content=\"Stypendia dla student\u00f3w - Instytut Polski w Madrycie\" \/>\n<meta property=\"og:description\" content=\"Program Poland My First Choice Program stypendialny Poland My First Choice oferowany przez Narodow\u0105 Agencj\u0119 Wymiany Akademickiej (NAWA) skierowany jest do zdolnej m\u0142odzie\u017cy z zagranicy i ma na celu zach\u0119cenie do podejmowania studi\u00f3w na najlepszych polskich uczelniach. Program oferuje mo\u017cliwo\u015b\u0107 odbycia studi\u00f3w II stopnia w trybie stacjonarnym na uznanych uczelniach publicznych i niepublicznych podleg\u0142ych Ministrowi [&hellip;]\" \/>\n<meta property=\"og:url\" content=\"https:\/\/instytutpolski.pl\/madrid\/pl\/poznaj-polske\/stypendia-w-polsce\/stypendia-w-ramach-umow-dwustronnych\/\" \/>\n<meta property=\"og:site_name\" content=\"Instytut Polski w Madrycie\" \/>\n<meta property=\"article:modified_time\" content=\"2021-04-12T13:54:19+00:00\" \/>\n<meta property=\"og:image\" content=\"https:\/\/instytutpolski.pl\/madrid\/wp-content\/uploads\/sites\/16\/2021\/04\/NAWA-2-1024x552.png\" \/>\n<meta name=\"twitter:card\" content=\"summary_large_image\" \/>\n<meta name=\"twitter:label1\" content=\"Szacowany czas czytania\" \/>\n\t<meta name=\"twitter:data1\" content=\"2 minuty\" \/>\n<script type=\"application\/ld+json\" class=\"yoast-schema-graph\">{\"@context\":\"https:\/\/schema.org\",\"@graph\":[{\"@type\":\"WebPage\",\"@id\":\"https:\/\/instytutpolski.pl\/madrid\/pl\/poznaj-polske\/stypendia-w-polsce\/stypendia-w-ramach-umow-dwustronnych\/\",\"url\":\"https:\/\/instytutpolski.pl\/madrid\/pl\/poznaj-polske\/stypendia-w-polsce\/stypendia-w-ramach-umow-dwustronnych\/\",\"name\":\"Stypendia dla student\u00f3w - Instytut Polski w Madrycie\",\"isPartOf\":{\"@id\":\"https:\/\/instytutpolski.pl\/madrid\/#website\"},\"primaryImageOfPage\":{\"@id\":\"https:\/\/instytutpolski.pl\/madrid\/pl\/poznaj-polske\/stypendia-w-polsce\/stypendia-w-ramach-umow-dwustronnych\/#primaryimage\"},\"image\":{\"@id\":\"https:\/\/instytutpolski.pl\/madrid\/pl\/poznaj-polske\/stypendia-w-polsce\/stypendia-w-ramach-umow-dwustronnych\/#primaryimage\"},\"thumbnailUrl\":\"https:\/\/instytutpolski.pl\/madrid\/wp-content\/uploads\/sites\/16\/2021\/04\/NAWA-2-1024x552.png\",\"datePublished\":\"2021-04-12T10:41:20+00:00\",\"dateModified\":\"2021-04-12T13:54:19+00:00\",\"breadcrumb\":{\"@id\":\"https:\/\/instytutpolski.pl\/madrid\/pl\/poznaj-polske\/stypendia-w-polsce\/stypendia-w-ramach-umow-dwustronnych\/#breadcrumb\"},\"inLanguage\":\"pl-PL\",\"potentialAction\":[{\"@type\":\"ReadAction\",\"target\":[\"https:\/\/instytutpolski.pl\/madrid\/pl\/poznaj-polske\/stypendia-w-polsce\/stypendia-w-ramach-umow-dwustronnych\/\"]}]},{\"@type\":\"ImageObject\",\"inLanguage\":\"pl-PL\",\"@id\":\"https:\/\/instytutpolski.pl\/madrid\/pl\/poznaj-polske\/stypendia-w-polsce\/stypendia-w-ramach-umow-dwustronnych\/#primaryimage\",\"url\":\"https:\/\/instytutpolski.pl\/madrid\/wp-content\/uploads\/sites\/16\/2021\/04\/NAWA-2.png\",\"contentUrl\":\"https:\/\/instytutpolski.pl\/madrid\/wp-content\/uploads\/sites\/16\/2021\/04\/NAWA-2.png\",\"width\":1114,\"height\":600},{\"@type\":\"BreadcrumbList\",\"@id\":\"https:\/\/instytutpolski.pl\/madrid\/pl\/poznaj-polske\/stypendia-w-polsce\/stypendia-w-ramach-umow-dwustronnych\/#breadcrumb\",\"itemListElement\":[{\"@type\":\"ListItem\",\"position\":1,\"name\":\"Home\",\"item\":\"https:\/\/instytutpolski.pl\/madrid\/\"},{\"@type\":\"ListItem\",\"position\":2,\"name\":\"Poznaj Polsk\u0119\",\"item\":\"https:\/\/instytutpolski.pl\/madrid\/pl\/poznaj-polske\/\"},{\"@type\":\"ListItem\",\"position\":3,\"name\":\"Stypendia w Polsce\",\"item\":\"https:\/\/instytutpolski.pl\/madrid\/pl\/poznaj-polske\/stypendia-w-polsce\/\"},{\"@type\":\"ListItem\",\"position\":4,\"name\":\"Stypendia dla student\u00f3w\"}]},{\"@type\":\"WebSite\",\"@id\":\"https:\/\/instytutpolski.pl\/madrid\/#website\",\"url\":\"https:\/\/instytutpolski.pl\/madrid\/\",\"name\":\"Instytut Polski w Madrycie\",\"description\":\"Instytuty Polskie\",\"potentialAction\":[{\"@type\":\"SearchAction\",\"target\":{\"@type\":\"EntryPoint\",\"urlTemplate\":\"https:\/\/instytutpolski.pl\/madrid\/?s={search_term_string}\"},\"query-input\":{\"@type\":\"PropertyValueSpecification\",\"valueRequired\":true,\"valueName\":\"search_term_string\"}}],\"inLanguage\":\"pl-PL\"}]}<\/script>\n<!-- \/ Yoast SEO plugin. -->","yoast_head_json":{"title":"Stypendia dla student\u00f3w - Instytut Polski w Madrycie","robots":{"index":"index","follow":"follow","max-snippet":"max-snippet:-1","max-image-preview":"max-image-preview:large","max-video-preview":"max-video-preview:-1"},"canonical":"https:\/\/instytutpolski.pl\/madrid\/pl\/poznaj-polske\/stypendia-w-polsce\/stypendia-w-ramach-umow-dwustronnych\/","og_locale":"pl_PL","og_type":"article","og_title":"Stypendia dla student\u00f3w - Instytut Polski w Madrycie","og_description":"Program Poland My First Choice Program stypendialny Poland My First Choice oferowany przez Narodow\u0105 Agencj\u0119 Wymiany Akademickiej (NAWA) skierowany jest do zdolnej m\u0142odzie\u017cy z zagranicy i ma na celu zach\u0119cenie do podejmowania studi\u00f3w na najlepszych polskich uczelniach. Program oferuje mo\u017cliwo\u015b\u0107 odbycia studi\u00f3w II stopnia w trybie stacjonarnym na uznanych uczelniach publicznych i niepublicznych podleg\u0142ych Ministrowi [&hellip;]","og_url":"https:\/\/instytutpolski.pl\/madrid\/pl\/poznaj-polske\/stypendia-w-polsce\/stypendia-w-ramach-umow-dwustronnych\/","og_site_name":"Instytut Polski w Madrycie","article_modified_time":"2021-04-12T13:54:19+00:00","og_image":[{"url":"https:\/\/instytutpolski.pl\/madrid\/wp-content\/uploads\/sites\/16\/2021\/04\/NAWA-2-1024x552.png","type":"","width":"","height":""}],"twitter_card":"summary_large_image","twitter_misc":{"Szacowany czas czytania":"2 minuty"},"schema":{"@context":"https:\/\/schema.org","@graph":[{"@type":"WebPage","@id":"https:\/\/instytutpolski.pl\/madrid\/pl\/poznaj-polske\/stypendia-w-polsce\/stypendia-w-ramach-umow-dwustronnych\/","url":"https:\/\/instytutpolski.pl\/madrid\/pl\/poznaj-polske\/stypendia-w-polsce\/stypendia-w-ramach-umow-dwustronnych\/","name":"Stypendia dla student\u00f3w - Instytut Polski w Madrycie","isPartOf":{"@id":"https:\/\/instytutpolski.pl\/madrid\/#website"},"primaryImageOfPage":{"@id":"https:\/\/instytutpolski.pl\/madrid\/pl\/poznaj-polske\/stypendia-w-polsce\/stypendia-w-ramach-umow-dwustronnych\/#primaryimage"},"image":{"@id":"https:\/\/instytutpolski.pl\/madrid\/pl\/poznaj-polske\/stypendia-w-polsce\/stypendia-w-ramach-umow-dwustronnych\/#primaryimage"},"thumbnailUrl":"https:\/\/instytutpolski.pl\/madrid\/wp-content\/uploads\/sites\/16\/2021\/04\/NAWA-2-1024x552.png","datePublished":"2021-04-12T10:41:20+00:00","dateModified":"2021-04-12T13:54:19+00:00","breadcrumb":{"@id":"https:\/\/instytutpolski.pl\/madrid\/pl\/poznaj-polske\/stypendia-w-polsce\/stypendia-w-ramach-umow-dwustronnych\/#breadcrumb"},"inLanguage":"pl-PL","potentialAction":[{"@type":"ReadAction","target":["https:\/\/instytutpolski.pl\/madrid\/pl\/poznaj-polske\/stypendia-w-polsce\/stypendia-w-ramach-umow-dwustronnych\/"]}]},{"@type":"ImageObject","inLanguage":"pl-PL","@id":"https:\/\/instytutpolski.pl\/madrid\/pl\/poznaj-polske\/stypendia-w-polsce\/stypendia-w-ramach-umow-dwustronnych\/#primaryimage","url":"https:\/\/instytutpolski.pl\/madrid\/wp-content\/uploads\/sites\/16\/2021\/04\/NAWA-2.png","contentUrl":"https:\/\/instytutpolski.pl\/madrid\/wp-content\/uploads\/sites\/16\/2021\/04\/NAWA-2.png","width":1114,"height":600},{"@type":"BreadcrumbList","@id":"https:\/\/instytutpolski.pl\/madrid\/pl\/poznaj-polske\/stypendia-w-polsce\/stypendia-w-ramach-umow-dwustronnych\/#breadcrumb","itemListElement":[{"@type":"ListItem","position":1,"name":"Home","item":"https:\/\/instytutpolski.pl\/madrid\/"},{"@type":"ListItem","position":2,"name":"Poznaj Polsk\u0119","item":"https:\/\/instytutpolski.pl\/madrid\/pl\/poznaj-polske\/"},{"@type":"ListItem","position":3,"name":"Stypendia w Polsce","item":"https:\/\/instytutpolski.pl\/madrid\/pl\/poznaj-polske\/stypendia-w-polsce\/"},{"@type":"ListItem","position":4,"name":"Stypendia dla student\u00f3w"}]},{"@type":"WebSite","@id":"https:\/\/instytutpolski.pl\/madrid\/#website","url":"https:\/\/instytutpolski.pl\/madrid\/","name":"Instytut Polski w Madrycie","description":"Instytuty Polskie","potentialAction":[{"@type":"SearchAction","target":{"@type":"EntryPoint","urlTemplate":"https:\/\/instytutpolski.pl\/madrid\/?s={search_term_string}"},"query-input":{"@type":"PropertyValueSpecification","valueRequired":true,"valueName":"search_term_string"}}],"inLanguage":"pl-PL"}]}},"_links":{"self":[{"href":"https:\/\/instytutpolski.pl\/madrid\/wp-json\/wp\/v2\/pages\/425","targetHints":{"allow":["GET"]}}],"collection":[{"href":"https:\/\/instytutpolski.pl\/madrid\/wp-json\/wp\/v2\/pages"}],"about":[{"href":"https:\/\/instytutpolski.pl\/madrid\/wp-json\/wp\/v2\/types\/page"}],"author":[{"embeddable":true,"href":"https:\/\/instytutpolski.pl\/madrid\/wp-json\/wp\/v2\/users\/1"}],"replies":[{"embeddable":true,"href":"https:\/\/instytutpolski.pl\/madrid\/wp-json\/wp\/v2\/comments?post=425"}],"version-history":[{"count":3,"href":"https:\/\/instytutpolski.pl\/madrid\/wp-json\/wp\/v2\/pages\/425\/revisions"}],"predecessor-version":[{"id":5290,"href":"https:\/\/instytutpolski.pl\/madrid\/wp-json\/wp\/v2\/pages\/425\/revisions\/5290"}],"up":[{"embeddable":true,"href":"https:\/\/instytutpolski.pl\/madrid\/wp-json\/wp\/v2\/pages\/416"}],"wp:attachment":[{"href":"https:\/\/instytutpolski.pl\/madrid\/wp-json\/wp\/v2\/media?parent=425"}],"curies":[{"name":"wp","href":"https:\/\/api.w.org\/{rel}","templated":true}]}}