{"id":427,"date":"2019-06-25T10:05:03","date_gmt":"2019-06-25T08:05:03","guid":{"rendered":"https:\/\/instytutpolski.pl\/madryt\/?page_id=427"},"modified":"2020-04-02T14:37:04","modified_gmt":"2020-04-02T12:37:04","slug":"educacion-en-polonia","status":"publish","type":"page","link":"https:\/\/instytutpolski.pl\/madrid\/conoce-polonia\/educacion-en-polonia\/","title":{"rendered":"Educaci\u00f3n en Polonia"},"content":{"rendered":"\n<p>En el a\u00f1o 2018se llev\u00f3 a cabo una reforma del sistema educativo en Polonia, se cambi\u00f3 la estructura de los colegios, el programa, el sistema de evaluaci\u00f3n de los alumnos y los niveles m\u00ednimos que se les exig\u00eda. Tambi\u00e9n cambi\u00f3 el proceso de formaci\u00f3n de los futuros profesores. A partir de ese momento, cada maestro tiene que ir superando uno por uno cada una de las etapas de la carrera pedag\u00f3gica: profesor interino (nauczyciel stazysta); profesor contratado (nauczyciel kontraktowy); profesor titular (nauczyciel mianowany), profesor licenciado (nauczyciel dyplomowany). El grado m\u00e1ximo es el profesor catedr\u00e1tico de ense\u00f1anza (profesor oswiaty), al que tienen derecho s\u00f3lo los mejores pedagogos.<\/p>\n\n\n\n<p>El sistema educativo polaco est\u00e1 formado por colegios de ense\u00f1anza b\u00e1sica, centros de ense\u00f1anza secundaria superior que incluyen institutos (liceum), escuelas de ense\u00f1anza t\u00e9cnica y de formaci\u00f3n profesional, y finalmente, centros de educaci\u00f3n universitaria. La ense\u00f1anza es obligatoria hasta la mayor\u00eda de edad, es decir 18 a\u00f1os, y gratuita en los centros p\u00fablicos.<\/p>\n\n\n\n<p>Despu\u00e9s de la reforma del sistema educativo, todos los ni\u00f1os de 6 a\u00f1os son escolarizados en los llamados cursos &#8222;0&#8221;, en los que consiguen las habilidades b\u00e1sicas de lectura y escritura y conocen los conceptos y operaciones matem\u00e1ticas m\u00e1s sencillas. Su educaci\u00f3n en el colegio (escuela b\u00e1sica o primaria) dura ocho a\u00f1os. Una vez terminada la ense\u00f1anza b\u00e1sica, los alumnos pasan al instituto de educaci\u00f3n secundaria (liceum), la escuela t\u00e9cnica profesional, de cincoa\u00f1os; o la escuela de formaci\u00f3n profesional b\u00e1sica, de tres a\u00f1os de duraci\u00f3n.<\/p>\n\n\n\n<p>La formaci\u00f3n profesional recibida en este \u00faltimo tipo de escuelas termina con un examen profesional de car\u00e1cter externo, es decir, evaluado por un tribunal independiente del centro donde se han recibido las clases.<\/p>\n\n\n\n<p>Las ense\u00f1anzas impartidas en el instituto, o en la escuela secundaria t\u00e9cnica, terminan con la prueba final de evaluaci\u00f3n, hom\u00f3logo a la EBAU espa\u00f1ola. Los ex\u00e1menes escritos llevan c\u00f3digo en vez del nombre y son corregidos por comisiones especiales externas. Los resultados de estos ex\u00e1menes se comparan en todo el pa\u00eds, lo cual permite a los finalistas de los mismos iniciar los estudios universitarios sin necesidad de aprobar un examen de ingreso. Hay tambi\u00e9n un examen oral interno, realizado en el mismo centro al que el alumno ha estado asistiendo.<\/p>\n\n\n\n<p>El examen interno consiste de las siguientes asignaturas:<br>Obligatorias:<\/p>\n\n\n\n<p>\u2022Lengua polaca (s\u00f3lo un nivel) <br>\u2022Lengua materna (para las minor\u00edas \u00e9tnicas, s\u00f3lo un nivel) <br>\u2022Lengua extranjera moderna (nivel b\u00e1sico o avanzado)<br>Optativas:<\/p>\n\n\n\n<p>\u2022Lengua extranjera (nivel avanzado) <br><\/p>\n\n\n\n<p>El examen externo consiste de las siguientes asignaturas: <br>Obligatorias:<\/p>\n\n\n\n<p>\u2022Lengua polaca (nivel b\u00e1sico o avanzado) <br>\u2022Lengua materna (para las minor\u00edas \u00e9tnicas, nivel b\u00e1sico o avanzado) <br>\u2022Lengua extranjera moderna (nivel b\u00e1sico o avanzado) <br>\u2022Matem\u00e1ticas (nivel b\u00e1sico o avanzado)<br>Optativas (al menos una)<\/p>\n\n\n\n<p>\u2022Filosof\u00eda <br>\u2022Historia <br>\u2022Historia de la m\u00fasica <br>\u2022Historia del arte <br>\u2022Ciencias sociales <br>\u2022Teor\u00eda de la danza <br>\u2022Otra lengua extranjera <br>\u2022Lenguas cl\u00e1sicas <br>\u2022Biolog\u00eda <br>\u2022Qu\u00edmica <br>\u2022F\u00edsica y Astronom\u00eda <br>\u2022Geograf\u00eda <br>\u2022Inform\u00e1tica <br>\u2022Otras, notificadas previamente <br><\/p>\n\n\n\n<p>Una vez superada la prueba, se pueden continuar los estudios en un centro universitario. En funci\u00f3n del tipo del mismo, del perfil de los estudios y de su duraci\u00f3n, se puede obtener el t\u00edtulo de diplomado (licencjat, tres a\u00f1os de carrera) o el de licenciado (magister, cinco o seis a\u00f1os de carrera).<\/p>\n\n\n\n<p>Una vez terminados los estudios superiores y aprobado el examen de licenciatura, se pueden iniciar los estudios de doctorado u otros estudios de posgrado.<\/p>\n\n\n\n<p>Los centros de ense\u00f1anza no p\u00fablicos, ya sean privados, o de otra \u00edndole, cada vez ganan mayor popularidad en Polonia en todos las etapas de la formaci\u00f3n, desde la ense\u00f1anza b\u00e1sica hasta las universidades. Obviamente los estudios en este tipo de centros conllevan la necesidad de pagar matr\u00edcula. Su punto fuerte es un n\u00famero menor de alumnos por clase, gracias a lo cual, por un lado el profesor puede controlar mejor sus progresos, y por el otro se puede ofrecer un programa de estudios m\u00e1s completo.<\/p>\n\n\n\n<p>En funci\u00f3n de la cuant\u00eda del presupuesto del centro, los alumnos que cursan sus estudios en los centros p\u00fablicos pueden tener un mejor o peor acceso a los medios de ense\u00f1anza y equipamiento modernos. La situaci\u00f3n de los estudiantes en las grandes ciudades es mucho m\u00e1s f\u00e1cil que en los peque\u00f1os municipios rurales. Tambi\u00e9n es indiscutible el hecho de que el equipamiento de los centros privados es muy superior, y que, de este modo, sus alumnos tienen unas posibilidades m\u00e1s amplias de formaci\u00f3n y desarrollo.<\/p>\n\n\n\n<p>M\u00e1s informaci\u00f3n:<a href=\"http:\/\/www.frse.org.pl\/foundation-development-education-system-frse\">http:\/\/www.frse.org.pl\/foundation-development-education-system-frse<\/a><\/p>\n\n\n\n<p><strong>S<\/strong><strong>istema de estudios<\/strong><\/p>\n\n\n\n<p>De acuerdo con las premisas del Proceso de Bolonia, las universidades polacas han adoptado un sistema de estudios que consta de tres ciclos:<\/p>\n\n\n\n<p>&#8211; el primer ciclo: son estudios de diplomatura o ingenier\u00eda, posibilitan adquirir conocimientos y habilidades en una determinada \u00e1rea de formaci\u00f3n, preparan para el ejercicio de una determinada profesi\u00f3n y terminan con la consecuci\u00f3n del t\u00edtulo de diplomado o ingeniero,<\/p>\n\n\n\n<p>&#8211; el segundo ciclo: son estudios de licenciatura, posibilitan adquirir conocimientos especializados en una determinada \u00e1rea de formaci\u00f3n, preparan para un ejercicio creativo de una determinada profesi\u00f3n y terminan con la consecuci\u00f3n del t\u00edtulo de licenciado u otro equivalente,<\/p>\n\n\n\n<p>&#8211; el tercer ciclo: son estudios de doctorado, pueden ser cursados por los candidatos que hayan conseguido el t\u00edtulo de licenciado u otro equivalente, posibilitan adquirir conocimientos avanzados en un \u00e1rea o disciplina de la ciencia, preparan para poder realizar investigaciones de manera aut\u00f3noma y creativa, y terminan con la consecuci\u00f3n del t\u00edtulo de doctor.<\/p>\n\n\n\n<p>Los estudiantes que han conseguido un diploma universitario pueden ampliar sus conocimientos en estudios de posgrado.<\/p>\n\n\n\n<p><strong>Aprendizaje de lenguas extranjeras<\/strong><\/p>\n\n\n\n<p>En las universidades polacas las lenguas extranjeras se ense\u00f1an de forma gratuita. La oferta no se limita s\u00f3lo a las lenguas m\u00e1s populares, como el ingl\u00e9s, alem\u00e1n, franc\u00e9s o ruso. La Universidad de Varsovia, por ejemplo, ofrece cursos de m\u00e1s de 40 idiomas, incluyendo algunos tan ex\u00f3ticos como el swahili.<\/p>\n\n\n\n<p>Los estudiantes tienen la posibilidad de participar en varios programas de intercambio con otras universidades.<\/p>\n\n\n\n<p><strong>Corresponsabilidad por los asuntos de la universidad<\/strong><\/p>\n\n\n\n<p>Los estudiantes tienen una influencia considerable en el funcionamiento de su universidad. En el marco del autogobierno estudiantil eligen a sus representantes, que luego est\u00e1n presentes en las estructuras oficiales, cuidando los intereses del alumnado e influyendo de forma directa en las decisiones tomadas por las autoridades de la universidad.<\/p>\n\n\n\n<p><strong>Apoyo a los estudiantes<\/strong><\/p>\n\n\n\n<p>Los estudiantes pueden contar tambi\u00e9n con un apoyo financiero de su universidad. Se conceden muchas becas tanto por buenas notas como sociales. Los estudiantes que estudien fuera de su localidad natal pueden solicitar alojamiento en una residencia de estudiantes.<\/p>\n\n\n\n<p><strong>Vida estudiantil<\/strong><\/p>\n\n\n\n<p>Las universidades fomentan la creatividad y el compromiso social de los estudiantes, que pueden militar en numerosas organizaciones (<a href=\"http:\/\/www.studentnews.pl\/serwis.php?s=145\">http:\/\/www.studentnews.pl\/serwis.php?s=145<\/a>). La Asociaci\u00f3n Acad\u00e9mica de Deporte (<a href=\"http:\/\/www.azs.com.pl\/\">http:\/\/www.azs.com.pl<\/a>) permite desarrollar diversos talentos deportivos y conseguir \u00e9xitos en cert\u00e1menes nacionales e internacionales.<\/p>\n\n\n\n<p>En mayo de cada a\u00f1o tiene lugar la fiesta de los estudiantes llamada \u201cJuwenalia\u201d, que consiste en una serie de conciertos y acontecimientos organizados por las universidades o los autogobiernos estudiantiles (<a href=\"http:\/\/juwenalia.studentnews.pl\/serwis.php?s=50&amp;pok=36312\">http:\/\/juwenalia.studentnews.pl\/serwis.php?s=50&amp;pok=36312<\/a>).<br><br><\/p>\n","protected":false},"excerpt":{"rendered":"<p>En el a\u00f1o 2018se llev\u00f3 a cabo una reforma del sistema educativo en Polonia, se cambi\u00f3 la estructura de los colegios, el programa, el sistema de evaluaci\u00f3n de los alumnos y los niveles m\u00ednimos que se les exig\u00eda. Tambi\u00e9n cambi\u00f3 el proceso de formaci\u00f3n de los futuros profesores. A partir de ese momento, cada maestro [&hellip;]<\/p>\n","protected":false},"author":1,"featured_media":429,"parent":406,"menu_order":0,"comment_status":"closed","ping_status":"closed","template":"","meta":{"inline_featured_image":false,"_monsterinsights_skip_tracking":false,"_monsterinsights_sitenote_active":false,"_monsterinsights_sitenote_note":"","_monsterinsights_sitenote_category":0,"footnotes":""},"class_list":["post-427","page","type-page","status-publish","has-post-thumbnail","hentry"],"yoast_head":"<!-- This site is optimized with the Yoast SEO plugin v24.6 - https:\/\/yoast.com\/wordpress\/plugins\/seo\/ -->\n<title>Educaci\u00f3n en Polonia - Instytut Polski w Madrycie<\/title>\n<meta name=\"robots\" content=\"index, follow, max-snippet:-1, max-image-preview:large, max-video-preview:-1\" \/>\n<link rel=\"canonical\" href=\"https:\/\/instytutpolski.pl\/madrid\/conoce-polonia\/educacion-en-polonia\/\" \/>\n<meta property=\"og:locale\" content=\"pl_PL\" \/>\n<meta property=\"og:type\" content=\"article\" \/>\n<meta property=\"og:title\" content=\"Educaci\u00f3n en Polonia - Instytut Polski w Madrycie\" \/>\n<meta property=\"og:description\" content=\"En el a\u00f1o 2018se llev\u00f3 a cabo una reforma del sistema educativo en Polonia, se cambi\u00f3 la estructura de los colegios, el programa, el sistema de evaluaci\u00f3n de los alumnos y los niveles m\u00ednimos que se les exig\u00eda. Tambi\u00e9n cambi\u00f3 el proceso de formaci\u00f3n de los futuros profesores. A partir de ese momento, cada maestro [&hellip;]\" \/>\n<meta property=\"og:url\" content=\"https:\/\/instytutpolski.pl\/madrid\/conoce-polonia\/educacion-en-polonia\/\" \/>\n<meta property=\"og:site_name\" content=\"Instytut Polski w Madrycie\" \/>\n<meta property=\"article:modified_time\" content=\"2020-04-02T12:37:04+00:00\" \/>\n<meta property=\"og:image\" content=\"https:\/\/instytutpolski.pl\/madrid\/wp-content\/uploads\/sites\/16\/2019\/06\/edukacja-w-polsce.jpg\" \/>\n\t<meta property=\"og:image:width\" content=\"1920\" \/>\n\t<meta property=\"og:image:height\" content=\"700\" \/>\n\t<meta property=\"og:image:type\" content=\"image\/jpeg\" \/>\n<meta name=\"twitter:card\" content=\"summary_large_image\" \/>\n<meta name=\"twitter:label1\" content=\"Szacowany czas czytania\" \/>\n\t<meta name=\"twitter:data1\" content=\"6 minut\" \/>\n<script type=\"application\/ld+json\" class=\"yoast-schema-graph\">{\"@context\":\"https:\/\/schema.org\",\"@graph\":[{\"@type\":\"WebPage\",\"@id\":\"https:\/\/instytutpolski.pl\/madrid\/conoce-polonia\/educacion-en-polonia\/\",\"url\":\"https:\/\/instytutpolski.pl\/madrid\/conoce-polonia\/educacion-en-polonia\/\",\"name\":\"Educaci\u00f3n en Polonia - Instytut Polski w Madrycie\",\"isPartOf\":{\"@id\":\"https:\/\/instytutpolski.pl\/madrid\/#website\"},\"primaryImageOfPage\":{\"@id\":\"https:\/\/instytutpolski.pl\/madrid\/conoce-polonia\/educacion-en-polonia\/#primaryimage\"},\"image\":{\"@id\":\"https:\/\/instytutpolski.pl\/madrid\/conoce-polonia\/educacion-en-polonia\/#primaryimage\"},\"thumbnailUrl\":\"https:\/\/instytutpolski.pl\/madrid\/wp-content\/uploads\/sites\/16\/2019\/06\/edukacja-w-polsce.jpg\",\"datePublished\":\"2019-06-25T08:05:03+00:00\",\"dateModified\":\"2020-04-02T12:37:04+00:00\",\"breadcrumb\":{\"@id\":\"https:\/\/instytutpolski.pl\/madrid\/conoce-polonia\/educacion-en-polonia\/#breadcrumb\"},\"inLanguage\":\"pl-PL\",\"potentialAction\":[{\"@type\":\"ReadAction\",\"target\":[\"https:\/\/instytutpolski.pl\/madrid\/conoce-polonia\/educacion-en-polonia\/\"]}]},{\"@type\":\"ImageObject\",\"inLanguage\":\"pl-PL\",\"@id\":\"https:\/\/instytutpolski.pl\/madrid\/conoce-polonia\/educacion-en-polonia\/#primaryimage\",\"url\":\"https:\/\/instytutpolski.pl\/madrid\/wp-content\/uploads\/sites\/16\/2019\/06\/edukacja-w-polsce.jpg\",\"contentUrl\":\"https:\/\/instytutpolski.pl\/madrid\/wp-content\/uploads\/sites\/16\/2019\/06\/edukacja-w-polsce.jpg\",\"width\":1920,\"height\":700},{\"@type\":\"BreadcrumbList\",\"@id\":\"https:\/\/instytutpolski.pl\/madrid\/conoce-polonia\/educacion-en-polonia\/#breadcrumb\",\"itemListElement\":[{\"@type\":\"ListItem\",\"position\":1,\"name\":\"Home\",\"item\":\"https:\/\/instytutpolski.pl\/madrid\/\"},{\"@type\":\"ListItem\",\"position\":2,\"name\":\"Conoce Polonia\",\"item\":\"https:\/\/instytutpolski.pl\/madrid\/conoce-polonia\/\"},{\"@type\":\"ListItem\",\"position\":3,\"name\":\"Educaci\u00f3n en Polonia\"}]},{\"@type\":\"WebSite\",\"@id\":\"https:\/\/instytutpolski.pl\/madrid\/#website\",\"url\":\"https:\/\/instytutpolski.pl\/madrid\/\",\"name\":\"Instytut Polski w Madrycie\",\"description\":\"Instytuty Polskie\",\"potentialAction\":[{\"@type\":\"SearchAction\",\"target\":{\"@type\":\"EntryPoint\",\"urlTemplate\":\"https:\/\/instytutpolski.pl\/madrid\/?s={search_term_string}\"},\"query-input\":{\"@type\":\"PropertyValueSpecification\",\"valueRequired\":true,\"valueName\":\"search_term_string\"}}],\"inLanguage\":\"pl-PL\"}]}<\/script>\n<!-- \/ Yoast SEO plugin. -->","yoast_head_json":{"title":"Educaci\u00f3n en Polonia - Instytut Polski w Madrycie","robots":{"index":"index","follow":"follow","max-snippet":"max-snippet:-1","max-image-preview":"max-image-preview:large","max-video-preview":"max-video-preview:-1"},"canonical":"https:\/\/instytutpolski.pl\/madrid\/conoce-polonia\/educacion-en-polonia\/","og_locale":"pl_PL","og_type":"article","og_title":"Educaci\u00f3n en Polonia - Instytut Polski w Madrycie","og_description":"En el a\u00f1o 2018se llev\u00f3 a cabo una reforma del sistema educativo en Polonia, se cambi\u00f3 la estructura de los colegios, el programa, el sistema de evaluaci\u00f3n de los alumnos y los niveles m\u00ednimos que se les exig\u00eda. Tambi\u00e9n cambi\u00f3 el proceso de formaci\u00f3n de los futuros profesores. A partir de ese momento, cada maestro [&hellip;]","og_url":"https:\/\/instytutpolski.pl\/madrid\/conoce-polonia\/educacion-en-polonia\/","og_site_name":"Instytut Polski w Madrycie","article_modified_time":"2020-04-02T12:37:04+00:00","og_image":[{"width":1920,"height":700,"url":"https:\/\/instytutpolski.pl\/madrid\/wp-content\/uploads\/sites\/16\/2019\/06\/edukacja-w-polsce.jpg","type":"image\/jpeg"}],"twitter_card":"summary_large_image","twitter_misc":{"Szacowany czas czytania":"6 minut"},"schema":{"@context":"https:\/\/schema.org","@graph":[{"@type":"WebPage","@id":"https:\/\/instytutpolski.pl\/madrid\/conoce-polonia\/educacion-en-polonia\/","url":"https:\/\/instytutpolski.pl\/madrid\/conoce-polonia\/educacion-en-polonia\/","name":"Educaci\u00f3n en Polonia - Instytut Polski w Madrycie","isPartOf":{"@id":"https:\/\/instytutpolski.pl\/madrid\/#website"},"primaryImageOfPage":{"@id":"https:\/\/instytutpolski.pl\/madrid\/conoce-polonia\/educacion-en-polonia\/#primaryimage"},"image":{"@id":"https:\/\/instytutpolski.pl\/madrid\/conoce-polonia\/educacion-en-polonia\/#primaryimage"},"thumbnailUrl":"https:\/\/instytutpolski.pl\/madrid\/wp-content\/uploads\/sites\/16\/2019\/06\/edukacja-w-polsce.jpg","datePublished":"2019-06-25T08:05:03+00:00","dateModified":"2020-04-02T12:37:04+00:00","breadcrumb":{"@id":"https:\/\/instytutpolski.pl\/madrid\/conoce-polonia\/educacion-en-polonia\/#breadcrumb"},"inLanguage":"pl-PL","potentialAction":[{"@type":"ReadAction","target":["https:\/\/instytutpolski.pl\/madrid\/conoce-polonia\/educacion-en-polonia\/"]}]},{"@type":"ImageObject","inLanguage":"pl-PL","@id":"https:\/\/instytutpolski.pl\/madrid\/conoce-polonia\/educacion-en-polonia\/#primaryimage","url":"https:\/\/instytutpolski.pl\/madrid\/wp-content\/uploads\/sites\/16\/2019\/06\/edukacja-w-polsce.jpg","contentUrl":"https:\/\/instytutpolski.pl\/madrid\/wp-content\/uploads\/sites\/16\/2019\/06\/edukacja-w-polsce.jpg","width":1920,"height":700},{"@type":"BreadcrumbList","@id":"https:\/\/instytutpolski.pl\/madrid\/conoce-polonia\/educacion-en-polonia\/#breadcrumb","itemListElement":[{"@type":"ListItem","position":1,"name":"Home","item":"https:\/\/instytutpolski.pl\/madrid\/"},{"@type":"ListItem","position":2,"name":"Conoce Polonia","item":"https:\/\/instytutpolski.pl\/madrid\/conoce-polonia\/"},{"@type":"ListItem","position":3,"name":"Educaci\u00f3n en Polonia"}]},{"@type":"WebSite","@id":"https:\/\/instytutpolski.pl\/madrid\/#website","url":"https:\/\/instytutpolski.pl\/madrid\/","name":"Instytut Polski w Madrycie","description":"Instytuty Polskie","potentialAction":[{"@type":"SearchAction","target":{"@type":"EntryPoint","urlTemplate":"https:\/\/instytutpolski.pl\/madrid\/?s={search_term_string}"},"query-input":{"@type":"PropertyValueSpecification","valueRequired":true,"valueName":"search_term_string"}}],"inLanguage":"pl-PL"}]}},"_links":{"self":[{"href":"https:\/\/instytutpolski.pl\/madrid\/wp-json\/wp\/v2\/pages\/427","targetHints":{"allow":["GET"]}}],"collection":[{"href":"https:\/\/instytutpolski.pl\/madrid\/wp-json\/wp\/v2\/pages"}],"about":[{"href":"https:\/\/instytutpolski.pl\/madrid\/wp-json\/wp\/v2\/types\/page"}],"author":[{"embeddable":true,"href":"https:\/\/instytutpolski.pl\/madrid\/wp-json\/wp\/v2\/users\/1"}],"replies":[{"embeddable":true,"href":"https:\/\/instytutpolski.pl\/madrid\/wp-json\/wp\/v2\/comments?post=427"}],"version-history":[{"count":3,"href":"https:\/\/instytutpolski.pl\/madrid\/wp-json\/wp\/v2\/pages\/427\/revisions"}],"predecessor-version":[{"id":2402,"href":"https:\/\/instytutpolski.pl\/madrid\/wp-json\/wp\/v2\/pages\/427\/revisions\/2402"}],"up":[{"embeddable":true,"href":"https:\/\/instytutpolski.pl\/madrid\/wp-json\/wp\/v2\/pages\/406"}],"wp:featuredmedia":[{"embeddable":true,"href":"https:\/\/instytutpolski.pl\/madrid\/wp-json\/wp\/v2\/media\/429"}],"wp:attachment":[{"href":"https:\/\/instytutpolski.pl\/madrid\/wp-json\/wp\/v2\/media?parent=427"}],"curies":[{"name":"wp","href":"https:\/\/api.w.org\/{rel}","templated":true}]}}