{"id":4286,"date":"2020-06-02T16:04:44","date_gmt":"2020-06-02T14:04:44","guid":{"rendered":"https:\/\/instytutpolski.pl\/madrid\/?page_id=4286"},"modified":"2020-06-02T16:04:46","modified_gmt":"2020-06-02T14:04:46","slug":"politica-de-cookies","status":"publish","type":"page","link":"https:\/\/instytutpolski.pl\/madrid\/politica-de-cookies\/","title":{"rendered":"Pol\u00edtica de cookies"},"content":{"rendered":"\n<p>Con el fin de proporcionar servicios al m\u00e1s alto nivel utilizamos las <strong>cookies<\/strong>. Usar nuestro sitio significa que ser\u00e1n colocadas en su dispositivo. En cualquier momento puede cambiar la configuraci\u00f3n de su navegador.<\/p>\n<p>Para su comodidad, <strong>el<\/strong> <strong>sitio web instytutpolski.pl<\/strong>, perteneciente al Ministerio de Asuntos Exteriores de la Rep\u00fablica de Polonia, utiliza las cookies <strong>para ajustar el servicio a las necesidades de los usuarios<\/strong>, as\u00ed como para fines estad\u00edsticos.<\/p>\n<p>Los archivos de cookies (llamadas &#8222;cookies&#8221;) <strong>son peque\u00f1os archivos de texto enviados por el sitio web visitado<\/strong> al dispositivo del usuario (ordenador, smartphone, etc.). No contienen datos personales.<\/p>\n<p>El sitio web instytutpolski.pl utiliza dos tipos de cookies:<\/p>\n<ol>\n<li>Cookies de rendimiento (que recogen informaci\u00f3n sobre el uso que hacen los visitantes del sitio web, p. ej., las p\u00e1ginas m\u00e1s visitadas o los mensajes de error, etc.).<\/li>\n<li>Cookies funcionales (que guardan la configuraci\u00f3n del usuario, p. ej., el idioma, los permisos, etc.), como:<\/li>\n<\/ol>\n<ul>\n<li>Cookies de google-analytics.com: se utilizan para gestionar las estad\u00edsticas del sitio web instytutpolski.pl. La informaci\u00f3n exacta sobre el funcionamiento y la pol\u00edtica de privacidad de Google Analytics se pueden encontrar en la direcci\u00f3n <a href=\"http:\/\/www.google.com\/analytics\/learn\/privacy.html\">http:\/\/www.google.com\/analytics\/learn\/privacy.html<\/a>.<\/li>\n<li>Cookies de sesi\u00f3n: informaci\u00f3n temporal almacenada en la memoria del navegador hasta el final de la sesi\u00f3n<\/li>\n<\/ul>\n<p>Las p\u00e1ginas web externas a las que a veces remitir\u00e1 el sitio web instytutpolski.pl pueden utilizar cookies distintas de las mencionadas anteriormente, incluidas en particular las que permiten iniciar sesi\u00f3n y proporcionar anuncios correspondientes a las preferencias y los comportamientos del usuario. Estos tipos de cookies son:<\/p>\n<ul>\n<li>En el sitio web youtube.com: las que contienen las preferencias del usuario y el n\u00famero de clics. La pol\u00edtica de privacidad de YouTube est\u00e1 disponible en el siguiente enlace: <a href=\"http:\/\/www.google.pl\/intl\/pl\/policies\/privacy\/\">http:\/\/www.google.pl\/intl\/pl\/policies\/privacy\/<\/a>.<\/li>\n<li>En los sitios web player.vimeo.com y av.vimeo.com: las que permiten iniciar sesi\u00f3n, as\u00ed como las cookies colocadas por los anunciantes con el fin de ajustar el contenido y las formas de publicidad. La pol\u00edtica de cookies de Vimeo est\u00e1 disponible en el siguiente enlace: <a href=\"http:\/\/vimeo.com\/cookie_policy\">http:\/\/vimeo.com\/cookie_policy<\/a>.<\/li>\n<\/ul>\n<p><strong>En la mayor\u00eda de los navegadores web se permite borrar las cookies del disco duro de su ordenador (en la configuraci\u00f3n del navegador), bloquear todas las cookies enviadas o establecer una advertencia antes de guardarlas en su disco. <\/strong><\/p>\n<p>Tenga en cuenta que los cambios en la configuraci\u00f3n de estos archivos limitando su uso pueden afectar a algunas de las funcionalidades disponibles en los sitios web que las utilizan, p. ej., imposibilitando el acceso a su cuenta de correo electr\u00f3nico. <strong>Al no cambiar los ajustes, se entiende que acepta el uso de cookies.<\/strong><\/p>\n<p><strong>A continuaci\u00f3n indicamos c\u00f3mo cambiar la configuraci\u00f3n de las cookies en los navegadores m\u00e1s populares:<\/strong><\/p>\n<p><strong>Google Chrome<\/strong><\/p>\n<p>Men\u00fa &gt; Configuraci\u00f3n &gt; Mostrar configuraci\u00f3n avanzada &gt; Privacidad &gt; Configuraci\u00f3n de contenido &gt; Cookies \u2013 seleccione la opci\u00f3n deseada.<\/p>\n<p><strong>Internet Explorer<\/strong><\/p>\n<p>Men\u00fa &gt; Herramientas &gt; Opciones de Internet &gt; Privacidad \u2013 seleccione la opci\u00f3n deseada.<\/p>\n<p><strong>Mozilla Firefox<\/strong><\/p>\n<p>Men\u00fa &gt; Opciones &gt; Privacidad &gt; Historial \u2013 seleccione la opci\u00f3n deseada.<\/p>\n<p><strong>Opera<\/strong><\/p>\n<p>Men\u00fa &gt; Preferencias &gt; Avanzado &gt; Cookies \u2013 seleccione la opci\u00f3n deseada.<\/p>\n<p><strong>Safari<\/strong><\/p>\n<p>Men\u00fa &gt; Preferencias &gt; Privacidad &gt; Cookies \u2013 seleccione la opci\u00f3n deseada.<\/p>\n","protected":false},"excerpt":{"rendered":"<p>Con el fin de proporcionar servicios al m\u00e1s alto nivel utilizamos las cookies. Usar nuestro sitio significa que ser\u00e1n colocadas en su dispositivo. En cualquier momento puede cambiar la configuraci\u00f3n de su navegador. Para su comodidad, el sitio web instytutpolski.pl, perteneciente al Ministerio de Asuntos Exteriores de la Rep\u00fablica de Polonia, utiliza las cookies para [&hellip;]<\/p>\n","protected":false},"author":1,"featured_media":4287,"parent":0,"menu_order":0,"comment_status":"closed","ping_status":"closed","template":"","meta":{"inline_featured_image":false,"_monsterinsights_skip_tracking":false,"_monsterinsights_sitenote_active":false,"_monsterinsights_sitenote_note":"","_monsterinsights_sitenote_category":0,"footnotes":""},"class_list":["post-4286","page","type-page","status-publish","has-post-thumbnail","hentry"],"yoast_head":"<!-- This site is optimized with the Yoast SEO plugin v24.6 - https:\/\/yoast.com\/wordpress\/plugins\/seo\/ -->\n<title>Pol\u00edtica de cookies - Instytut Polski w Madrycie<\/title>\n<meta name=\"robots\" content=\"index, follow, max-snippet:-1, max-image-preview:large, max-video-preview:-1\" \/>\n<link rel=\"canonical\" href=\"https:\/\/instytutpolski.pl\/madrid\/politica-de-cookies\/\" \/>\n<meta property=\"og:locale\" content=\"pl_PL\" \/>\n<meta property=\"og:type\" content=\"article\" \/>\n<meta property=\"og:title\" content=\"Pol\u00edtica de cookies - Instytut Polski w Madrycie\" \/>\n<meta property=\"og:description\" content=\"Con el fin de proporcionar servicios al m\u00e1s alto nivel utilizamos las cookies. Usar nuestro sitio significa que ser\u00e1n colocadas en su dispositivo. En cualquier momento puede cambiar la configuraci\u00f3n de su navegador. Para su comodidad, el sitio web instytutpolski.pl, perteneciente al Ministerio de Asuntos Exteriores de la Rep\u00fablica de Polonia, utiliza las cookies para [&hellip;]\" \/>\n<meta property=\"og:url\" content=\"https:\/\/instytutpolski.pl\/madrid\/politica-de-cookies\/\" \/>\n<meta property=\"og:site_name\" content=\"Instytut Polski w Madrycie\" \/>\n<meta property=\"article:modified_time\" content=\"2020-06-02T14:04:46+00:00\" \/>\n<meta property=\"og:image\" content=\"https:\/\/instytutpolski.pl\/madrid\/wp-content\/uploads\/sites\/16\/2020\/06\/Krokusy-2.jpg\" \/>\n\t<meta property=\"og:image:width\" content=\"2048\" \/>\n\t<meta property=\"og:image:height\" content=\"1365\" \/>\n\t<meta property=\"og:image:type\" content=\"image\/jpeg\" \/>\n<meta name=\"twitter:card\" content=\"summary_large_image\" \/>\n<meta name=\"twitter:label1\" content=\"Szacowany czas czytania\" \/>\n\t<meta name=\"twitter:data1\" content=\"3 minuty\" \/>\n<script type=\"application\/ld+json\" class=\"yoast-schema-graph\">{\"@context\":\"https:\/\/schema.org\",\"@graph\":[{\"@type\":\"WebPage\",\"@id\":\"https:\/\/instytutpolski.pl\/madrid\/politica-de-cookies\/\",\"url\":\"https:\/\/instytutpolski.pl\/madrid\/politica-de-cookies\/\",\"name\":\"Pol\u00edtica de cookies - Instytut Polski w Madrycie\",\"isPartOf\":{\"@id\":\"https:\/\/instytutpolski.pl\/madrid\/#website\"},\"primaryImageOfPage\":{\"@id\":\"https:\/\/instytutpolski.pl\/madrid\/politica-de-cookies\/#primaryimage\"},\"image\":{\"@id\":\"https:\/\/instytutpolski.pl\/madrid\/politica-de-cookies\/#primaryimage\"},\"thumbnailUrl\":\"https:\/\/instytutpolski.pl\/madrid\/wp-content\/uploads\/sites\/16\/2020\/06\/Krokusy-2.jpg\",\"datePublished\":\"2020-06-02T14:04:44+00:00\",\"dateModified\":\"2020-06-02T14:04:46+00:00\",\"breadcrumb\":{\"@id\":\"https:\/\/instytutpolski.pl\/madrid\/politica-de-cookies\/#breadcrumb\"},\"inLanguage\":\"pl-PL\",\"potentialAction\":[{\"@type\":\"ReadAction\",\"target\":[\"https:\/\/instytutpolski.pl\/madrid\/politica-de-cookies\/\"]}]},{\"@type\":\"ImageObject\",\"inLanguage\":\"pl-PL\",\"@id\":\"https:\/\/instytutpolski.pl\/madrid\/politica-de-cookies\/#primaryimage\",\"url\":\"https:\/\/instytutpolski.pl\/madrid\/wp-content\/uploads\/sites\/16\/2020\/06\/Krokusy-2.jpg\",\"contentUrl\":\"https:\/\/instytutpolski.pl\/madrid\/wp-content\/uploads\/sites\/16\/2020\/06\/Krokusy-2.jpg\",\"width\":2048,\"height\":1365},{\"@type\":\"BreadcrumbList\",\"@id\":\"https:\/\/instytutpolski.pl\/madrid\/politica-de-cookies\/#breadcrumb\",\"itemListElement\":[{\"@type\":\"ListItem\",\"position\":1,\"name\":\"Home\",\"item\":\"https:\/\/instytutpolski.pl\/madrid\/\"},{\"@type\":\"ListItem\",\"position\":2,\"name\":\"Pol\u00edtica de cookies\"}]},{\"@type\":\"WebSite\",\"@id\":\"https:\/\/instytutpolski.pl\/madrid\/#website\",\"url\":\"https:\/\/instytutpolski.pl\/madrid\/\",\"name\":\"Instytut Polski w Madrycie\",\"description\":\"Instytuty Polskie\",\"potentialAction\":[{\"@type\":\"SearchAction\",\"target\":{\"@type\":\"EntryPoint\",\"urlTemplate\":\"https:\/\/instytutpolski.pl\/madrid\/?s={search_term_string}\"},\"query-input\":{\"@type\":\"PropertyValueSpecification\",\"valueRequired\":true,\"valueName\":\"search_term_string\"}}],\"inLanguage\":\"pl-PL\"}]}<\/script>\n<!-- \/ Yoast SEO plugin. -->","yoast_head_json":{"title":"Pol\u00edtica de cookies - Instytut Polski w Madrycie","robots":{"index":"index","follow":"follow","max-snippet":"max-snippet:-1","max-image-preview":"max-image-preview:large","max-video-preview":"max-video-preview:-1"},"canonical":"https:\/\/instytutpolski.pl\/madrid\/politica-de-cookies\/","og_locale":"pl_PL","og_type":"article","og_title":"Pol\u00edtica de cookies - Instytut Polski w Madrycie","og_description":"Con el fin de proporcionar servicios al m\u00e1s alto nivel utilizamos las cookies. Usar nuestro sitio significa que ser\u00e1n colocadas en su dispositivo. En cualquier momento puede cambiar la configuraci\u00f3n de su navegador. Para su comodidad, el sitio web instytutpolski.pl, perteneciente al Ministerio de Asuntos Exteriores de la Rep\u00fablica de Polonia, utiliza las cookies para [&hellip;]","og_url":"https:\/\/instytutpolski.pl\/madrid\/politica-de-cookies\/","og_site_name":"Instytut Polski w Madrycie","article_modified_time":"2020-06-02T14:04:46+00:00","og_image":[{"width":2048,"height":1365,"url":"https:\/\/instytutpolski.pl\/madrid\/wp-content\/uploads\/sites\/16\/2020\/06\/Krokusy-2.jpg","type":"image\/jpeg"}],"twitter_card":"summary_large_image","twitter_misc":{"Szacowany czas czytania":"3 minuty"},"schema":{"@context":"https:\/\/schema.org","@graph":[{"@type":"WebPage","@id":"https:\/\/instytutpolski.pl\/madrid\/politica-de-cookies\/","url":"https:\/\/instytutpolski.pl\/madrid\/politica-de-cookies\/","name":"Pol\u00edtica de cookies - Instytut Polski w Madrycie","isPartOf":{"@id":"https:\/\/instytutpolski.pl\/madrid\/#website"},"primaryImageOfPage":{"@id":"https:\/\/instytutpolski.pl\/madrid\/politica-de-cookies\/#primaryimage"},"image":{"@id":"https:\/\/instytutpolski.pl\/madrid\/politica-de-cookies\/#primaryimage"},"thumbnailUrl":"https:\/\/instytutpolski.pl\/madrid\/wp-content\/uploads\/sites\/16\/2020\/06\/Krokusy-2.jpg","datePublished":"2020-06-02T14:04:44+00:00","dateModified":"2020-06-02T14:04:46+00:00","breadcrumb":{"@id":"https:\/\/instytutpolski.pl\/madrid\/politica-de-cookies\/#breadcrumb"},"inLanguage":"pl-PL","potentialAction":[{"@type":"ReadAction","target":["https:\/\/instytutpolski.pl\/madrid\/politica-de-cookies\/"]}]},{"@type":"ImageObject","inLanguage":"pl-PL","@id":"https:\/\/instytutpolski.pl\/madrid\/politica-de-cookies\/#primaryimage","url":"https:\/\/instytutpolski.pl\/madrid\/wp-content\/uploads\/sites\/16\/2020\/06\/Krokusy-2.jpg","contentUrl":"https:\/\/instytutpolski.pl\/madrid\/wp-content\/uploads\/sites\/16\/2020\/06\/Krokusy-2.jpg","width":2048,"height":1365},{"@type":"BreadcrumbList","@id":"https:\/\/instytutpolski.pl\/madrid\/politica-de-cookies\/#breadcrumb","itemListElement":[{"@type":"ListItem","position":1,"name":"Home","item":"https:\/\/instytutpolski.pl\/madrid\/"},{"@type":"ListItem","position":2,"name":"Pol\u00edtica de cookies"}]},{"@type":"WebSite","@id":"https:\/\/instytutpolski.pl\/madrid\/#website","url":"https:\/\/instytutpolski.pl\/madrid\/","name":"Instytut Polski w Madrycie","description":"Instytuty Polskie","potentialAction":[{"@type":"SearchAction","target":{"@type":"EntryPoint","urlTemplate":"https:\/\/instytutpolski.pl\/madrid\/?s={search_term_string}"},"query-input":{"@type":"PropertyValueSpecification","valueRequired":true,"valueName":"search_term_string"}}],"inLanguage":"pl-PL"}]}},"_links":{"self":[{"href":"https:\/\/instytutpolski.pl\/madrid\/wp-json\/wp\/v2\/pages\/4286","targetHints":{"allow":["GET"]}}],"collection":[{"href":"https:\/\/instytutpolski.pl\/madrid\/wp-json\/wp\/v2\/pages"}],"about":[{"href":"https:\/\/instytutpolski.pl\/madrid\/wp-json\/wp\/v2\/types\/page"}],"author":[{"embeddable":true,"href":"https:\/\/instytutpolski.pl\/madrid\/wp-json\/wp\/v2\/users\/1"}],"replies":[{"embeddable":true,"href":"https:\/\/instytutpolski.pl\/madrid\/wp-json\/wp\/v2\/comments?post=4286"}],"version-history":[{"count":2,"href":"https:\/\/instytutpolski.pl\/madrid\/wp-json\/wp\/v2\/pages\/4286\/revisions"}],"predecessor-version":[{"id":4289,"href":"https:\/\/instytutpolski.pl\/madrid\/wp-json\/wp\/v2\/pages\/4286\/revisions\/4289"}],"wp:featuredmedia":[{"embeddable":true,"href":"https:\/\/instytutpolski.pl\/madrid\/wp-json\/wp\/v2\/media\/4287"}],"wp:attachment":[{"href":"https:\/\/instytutpolski.pl\/madrid\/wp-json\/wp\/v2\/media?parent=4286"}],"curies":[{"name":"wp","href":"https:\/\/api.w.org\/{rel}","templated":true}]}}