{"id":4290,"date":"2020-06-02T16:04:44","date_gmt":"2020-06-02T14:04:44","guid":{"rendered":"https:\/\/instytutpolski.pl\/madrid\/?page_id=4290"},"modified":"2020-06-02T16:45:34","modified_gmt":"2020-06-02T14:45:34","slug":"polityka-dotyczaca-cookies","status":"publish","type":"page","link":"https:\/\/instytutpolski.pl\/madrid\/pl\/polityka-dotyczaca-cookies\/","title":{"rendered":"Polityka dotycz\u0105ca cookies"},"content":{"rendered":"\n<p>W celu \u015bwiadczenia us\u0142ug na najwy\u017cszym poziomie stosujemy\u00a0<strong>pliki cookies<\/strong>. Korzystanie z naszej witryny oznacza, \u017ce b\u0119d\u0105 one zamieszczane w Pa\u0144stwa urz\u0105dzeniu. W ka\u017cdym momencie mo\u017cna dokona\u0107 zmiany ustawie\u0144 Pa\u0144stwa przegl\u0105darki.\u00a0<\/p>\n<p>Dla Pa\u0144stwa wygody s<strong>erwis<\/strong>\u00a0<strong>instytutpolski.pl<\/strong>\u00a0, nale\u017c\u0105cy do Ministerstwa Spraw Zagranicznych Rzeczypospolitej Polskiej, u\u017cywa plik\u00f3w cookies po to,\u00a0<strong>by dostosowa\u0107 serwis do potrzeb u\u017cytkownik\u00f3w<\/strong>, a tak\u017ce w celach statystycznych.<\/p>\n<p>Pliki cookies (tzw. ciasteczka)\u00a0<strong>to niewielkie pliki tekstowe wysy\u0142ane przez odwiedzany serwis internetowy<\/strong>\u00a0do urz\u0105dzenia internauty (komputer, smartfon itp.). Nie zawieraj\u0105 one \u017cadnych danych osobowych.<\/p>\n<p>Serwis instytutpolski.pl stosuje dwa typy plik\u00f3w cookies:\u00a0<\/p>\n<ol>\n<li>wydajno\u015bciowe (zbieraj\u0105ce informacje na temat sposobu u\u017cywania witryny przez odwiedzaj\u0105cych, np. najcz\u0119\u015bciej odwiedzanych stron lub komunikat\u00f3w o b\u0142\u0119dach itp.),<\/li>\n<li>funkcjonalne (zapisuj\u0105ce ustawienia u\u017cytkownika, np. j\u0119zyk, wyra\u017cone zgody itp.), takie jak:<\/li>\n<\/ol>\n<ul>\n<li>cookies google-analytics.com \u2013 s\u0142u\u017c\u0105 do prowadzenia statystyk dla witryny instytutpolski.pl; dok\u0142adny spos\u00f3b dzia\u0142ania i polityk\u0119 prywatno\u015bci Google Analytics mo\u017cna znale\u017a\u0107 pod adresem:\u00a0<a href=\"http:\/\/www.google.com\/analytics\/learn\/privacy.html\">http:\/\/www.google.com\/analytics\/learn\/privacy.html<\/a>,<\/li>\n<li>cookies sesyjne \u2013 s\u0105 to tymczasowe informacje przechowywane w pami\u0119ci przegl\u0105darki do momentu zako\u0144czenia sesji, czyli jej zamkni\u0119cia.<\/li>\n<\/ul>\n<p>Serwisy obce, do kt\u00f3rych niekiedy odsy\u0142a serwis instytutpolski.pl, mog\u0105 u\u017cywa\u0107 tak\u017ce innych plik\u00f3w cookies ni\u017c wymienione powy\u017cej, w \u00a0tym w szczeg\u00f3lno\u015bci plik\u00f3w umo\u017cliwiaj\u0105cych logowanie si\u0119 oraz dostarczanie reklam odpowiadaj\u0105cych upodobaniom i zachowaniom u\u017cytkownika. Tego rodzaju pliki cookies to:<\/p>\n<ul>\n<li>w serwisie youtube.com \u2013 zawieraj\u0105ce preferencje u\u017cytkownika, oraz liczyd\u0142o klikni\u0119\u0107; polityka prywatno\u015bci serwisu YouTube opisana jest pod adresem:\u00a0<a href=\"http:\/\/www.google.pl\/intl\/pl\/policies\/privacy\/\">http:\/\/www.google.pl\/intl\/pl\/policies\/privacy\/<\/a>,<\/li>\n<li>w serwisie player.vimeo.com i av.vimeo.com \u2013 pozwalaj\u0105ce na zalogowanie si\u0119, a tak\u017ce cookies umieszczane przez reklamodawc\u00f3w w celu dopasowania tre\u015bci i form reklam; polityka plik\u00f3w cookies serwisu Vimeo dost\u0119pna jest pod adresem http:\/\/vimeo.com\/cookie_policy.<\/li>\n<\/ul>\n<p><strong>W wi\u0119kszo\u015bci przegl\u0105darek internetowych mo\u017cna: kasowa\u0107 pliki typu cookies z twardego dysku komputera (z poziomu ustawie\u0144 przegl\u0105darki), zablokowa\u0107 wszystkie przysy\u0142ane pliki typu cookies lub ustawi\u0107 ostrze\u017cenie przed zapisaniem ich na dysku.\u00a0<\/strong><\/p>\n<p>Nale\u017cy mie\u0107 na uwadze, \u017ce zmiany ustawie\u0144 tych plik\u00f3w polegaj\u0105ce na ograniczeniu ich stosowania mog\u0105 wp\u0142yn\u0105\u0107 na niekt\u00f3re funkcjonalno\u015bci dost\u0119pne na stronach internetowych je stosuj\u0105cych np. uniemo\u017cliwiaj\u0105c zalogowanie si\u0119 na konto pocztowe.\u00a0<strong>Brak zmiany tych ustawie\u0144 oznacza akceptacj\u0119 dla stosowania plik\u00f3w typu cookies<\/strong>.<\/p>\n<p><strong>Poni\u017cej wskazujemy spos\u00f3b zmiany ustawie\u0144 cookies w najbardziej popularnych wyszukiwarkach:<\/strong><\/p>\n<p><strong>Google Chrome<\/strong><br \/>Menu &gt; Ustawienia &gt; Poka\u017c ustawienia zaawansowane &gt; Prywatno\u015b\u0107 &gt; Ustawienia tre\u015bci &gt; Pliki cookies \u00a0\u2013 nale\u017cy wybra\u0107 odpowiedni\u0105 opcj\u0119.<\/p>\n<p><strong>Internet Explorer<\/strong><br \/>Menu &gt; Narz\u0119dzia &gt; Opcje internetowe &gt; Prywatno\u015b\u0107 \u2013 nale\u017cy wybra\u0107 odpowiedni\u0105 opcj\u0119.<\/p>\n<p><strong>Mozilla Firefox<\/strong><br \/>Menu &gt; Opcje &gt; Prywatno\u015b\u0107 &gt; Historia \u2013 nale\u017cy wybra\u0107 odpowiedni\u0105 opcj\u0119.<\/p>\n<p><strong>Opera<\/strong><br \/>Menu &gt; Preferencje &gt; Zaawansowane &gt; Ciasteczka \u2013 nale\u017cy wybra\u0107 odpowiedni\u0105 opcj\u0119.<\/p>\n<p><strong>Safari<\/strong><br \/>Menu &gt; Preferencje &gt; Prywatno\u015b\u0107 &gt; Pliki cookies \u2013 nale\u017cy wybra\u0107 odpowiedni\u0105 opcj\u0119.<\/p>\n<p>\u00a0<\/p>\n","protected":false},"excerpt":{"rendered":"<p>W celu \u015bwiadczenia us\u0142ug na najwy\u017cszym poziomie stosujemy\u00a0pliki cookies. Korzystanie z naszej witryny oznacza, \u017ce b\u0119d\u0105 one zamieszczane w Pa\u0144stwa urz\u0105dzeniu. W ka\u017cdym momencie mo\u017cna dokona\u0107 zmiany ustawie\u0144 Pa\u0144stwa przegl\u0105darki.\u00a0 Dla Pa\u0144stwa wygody serwis\u00a0instytutpolski.pl\u00a0, nale\u017c\u0105cy do Ministerstwa Spraw Zagranicznych Rzeczypospolitej Polskiej, u\u017cywa plik\u00f3w cookies po to,\u00a0by dostosowa\u0107 serwis do potrzeb u\u017cytkownik\u00f3w, a tak\u017ce w celach [&hellip;]<\/p>\n","protected":false},"author":26,"featured_media":4287,"parent":0,"menu_order":0,"comment_status":"closed","ping_status":"closed","template":"","meta":{"inline_featured_image":false,"_monsterinsights_skip_tracking":false,"_monsterinsights_sitenote_active":false,"_monsterinsights_sitenote_note":"","_monsterinsights_sitenote_category":0,"footnotes":""},"class_list":["post-4290","page","type-page","status-publish","has-post-thumbnail","hentry"],"yoast_head":"<!-- This site is optimized with the Yoast SEO plugin v24.6 - https:\/\/yoast.com\/wordpress\/plugins\/seo\/ -->\n<title>Polityka dotycz\u0105ca cookies - Instytut Polski w Madrycie<\/title>\n<meta name=\"robots\" content=\"index, follow, max-snippet:-1, max-image-preview:large, max-video-preview:-1\" \/>\n<link rel=\"canonical\" href=\"https:\/\/instytutpolski.pl\/madrid\/pl\/polityka-dotyczaca-cookies\/\" \/>\n<meta property=\"og:locale\" content=\"pl_PL\" \/>\n<meta property=\"og:type\" content=\"article\" \/>\n<meta property=\"og:title\" content=\"Polityka dotycz\u0105ca cookies - Instytut Polski w Madrycie\" \/>\n<meta property=\"og:description\" content=\"W celu \u015bwiadczenia us\u0142ug na najwy\u017cszym poziomie stosujemy\u00a0pliki cookies. Korzystanie z naszej witryny oznacza, \u017ce b\u0119d\u0105 one zamieszczane w Pa\u0144stwa urz\u0105dzeniu. W ka\u017cdym momencie mo\u017cna dokona\u0107 zmiany ustawie\u0144 Pa\u0144stwa przegl\u0105darki.\u00a0 Dla Pa\u0144stwa wygody serwis\u00a0instytutpolski.pl\u00a0, nale\u017c\u0105cy do Ministerstwa Spraw Zagranicznych Rzeczypospolitej Polskiej, u\u017cywa plik\u00f3w cookies po to,\u00a0by dostosowa\u0107 serwis do potrzeb u\u017cytkownik\u00f3w, a tak\u017ce w celach [&hellip;]\" \/>\n<meta property=\"og:url\" content=\"https:\/\/instytutpolski.pl\/madrid\/pl\/polityka-dotyczaca-cookies\/\" \/>\n<meta property=\"og:site_name\" content=\"Instytut Polski w Madrycie\" \/>\n<meta property=\"article:modified_time\" content=\"2020-06-02T14:45:34+00:00\" \/>\n<meta property=\"og:image\" content=\"https:\/\/instytutpolski.pl\/madrid\/wp-content\/uploads\/sites\/16\/2020\/06\/Krokusy-2.jpg\" \/>\n\t<meta property=\"og:image:width\" content=\"2048\" \/>\n\t<meta property=\"og:image:height\" content=\"1365\" \/>\n\t<meta property=\"og:image:type\" content=\"image\/jpeg\" \/>\n<meta name=\"twitter:card\" content=\"summary_large_image\" \/>\n<meta name=\"twitter:label1\" content=\"Szacowany czas czytania\" \/>\n\t<meta name=\"twitter:data1\" content=\"3 minuty\" \/>\n<script type=\"application\/ld+json\" class=\"yoast-schema-graph\">{\"@context\":\"https:\/\/schema.org\",\"@graph\":[{\"@type\":\"WebPage\",\"@id\":\"https:\/\/instytutpolski.pl\/madrid\/pl\/polityka-dotyczaca-cookies\/\",\"url\":\"https:\/\/instytutpolski.pl\/madrid\/pl\/polityka-dotyczaca-cookies\/\",\"name\":\"Polityka dotycz\u0105ca cookies - Instytut Polski w Madrycie\",\"isPartOf\":{\"@id\":\"https:\/\/instytutpolski.pl\/madrid\/#website\"},\"primaryImageOfPage\":{\"@id\":\"https:\/\/instytutpolski.pl\/madrid\/pl\/polityka-dotyczaca-cookies\/#primaryimage\"},\"image\":{\"@id\":\"https:\/\/instytutpolski.pl\/madrid\/pl\/polityka-dotyczaca-cookies\/#primaryimage\"},\"thumbnailUrl\":\"https:\/\/instytutpolski.pl\/madrid\/wp-content\/uploads\/sites\/16\/2020\/06\/Krokusy-2.jpg\",\"datePublished\":\"2020-06-02T14:04:44+00:00\",\"dateModified\":\"2020-06-02T14:45:34+00:00\",\"breadcrumb\":{\"@id\":\"https:\/\/instytutpolski.pl\/madrid\/pl\/polityka-dotyczaca-cookies\/#breadcrumb\"},\"inLanguage\":\"pl-PL\",\"potentialAction\":[{\"@type\":\"ReadAction\",\"target\":[\"https:\/\/instytutpolski.pl\/madrid\/pl\/polityka-dotyczaca-cookies\/\"]}]},{\"@type\":\"ImageObject\",\"inLanguage\":\"pl-PL\",\"@id\":\"https:\/\/instytutpolski.pl\/madrid\/pl\/polityka-dotyczaca-cookies\/#primaryimage\",\"url\":\"https:\/\/instytutpolski.pl\/madrid\/wp-content\/uploads\/sites\/16\/2020\/06\/Krokusy-2.jpg\",\"contentUrl\":\"https:\/\/instytutpolski.pl\/madrid\/wp-content\/uploads\/sites\/16\/2020\/06\/Krokusy-2.jpg\",\"width\":2048,\"height\":1365},{\"@type\":\"BreadcrumbList\",\"@id\":\"https:\/\/instytutpolski.pl\/madrid\/pl\/polityka-dotyczaca-cookies\/#breadcrumb\",\"itemListElement\":[{\"@type\":\"ListItem\",\"position\":1,\"name\":\"Home\",\"item\":\"https:\/\/instytutpolski.pl\/madrid\/\"},{\"@type\":\"ListItem\",\"position\":2,\"name\":\"Polityka dotycz\u0105ca cookies\"}]},{\"@type\":\"WebSite\",\"@id\":\"https:\/\/instytutpolski.pl\/madrid\/#website\",\"url\":\"https:\/\/instytutpolski.pl\/madrid\/\",\"name\":\"Instytut Polski w Madrycie\",\"description\":\"Instytuty Polskie\",\"potentialAction\":[{\"@type\":\"SearchAction\",\"target\":{\"@type\":\"EntryPoint\",\"urlTemplate\":\"https:\/\/instytutpolski.pl\/madrid\/?s={search_term_string}\"},\"query-input\":{\"@type\":\"PropertyValueSpecification\",\"valueRequired\":true,\"valueName\":\"search_term_string\"}}],\"inLanguage\":\"pl-PL\"}]}<\/script>\n<!-- \/ Yoast SEO plugin. -->","yoast_head_json":{"title":"Polityka dotycz\u0105ca cookies - Instytut Polski w Madrycie","robots":{"index":"index","follow":"follow","max-snippet":"max-snippet:-1","max-image-preview":"max-image-preview:large","max-video-preview":"max-video-preview:-1"},"canonical":"https:\/\/instytutpolski.pl\/madrid\/pl\/polityka-dotyczaca-cookies\/","og_locale":"pl_PL","og_type":"article","og_title":"Polityka dotycz\u0105ca cookies - Instytut Polski w Madrycie","og_description":"W celu \u015bwiadczenia us\u0142ug na najwy\u017cszym poziomie stosujemy\u00a0pliki cookies. Korzystanie z naszej witryny oznacza, \u017ce b\u0119d\u0105 one zamieszczane w Pa\u0144stwa urz\u0105dzeniu. W ka\u017cdym momencie mo\u017cna dokona\u0107 zmiany ustawie\u0144 Pa\u0144stwa przegl\u0105darki.\u00a0 Dla Pa\u0144stwa wygody serwis\u00a0instytutpolski.pl\u00a0, nale\u017c\u0105cy do Ministerstwa Spraw Zagranicznych Rzeczypospolitej Polskiej, u\u017cywa plik\u00f3w cookies po to,\u00a0by dostosowa\u0107 serwis do potrzeb u\u017cytkownik\u00f3w, a tak\u017ce w celach [&hellip;]","og_url":"https:\/\/instytutpolski.pl\/madrid\/pl\/polityka-dotyczaca-cookies\/","og_site_name":"Instytut Polski w Madrycie","article_modified_time":"2020-06-02T14:45:34+00:00","og_image":[{"width":2048,"height":1365,"url":"https:\/\/instytutpolski.pl\/madrid\/wp-content\/uploads\/sites\/16\/2020\/06\/Krokusy-2.jpg","type":"image\/jpeg"}],"twitter_card":"summary_large_image","twitter_misc":{"Szacowany czas czytania":"3 minuty"},"schema":{"@context":"https:\/\/schema.org","@graph":[{"@type":"WebPage","@id":"https:\/\/instytutpolski.pl\/madrid\/pl\/polityka-dotyczaca-cookies\/","url":"https:\/\/instytutpolski.pl\/madrid\/pl\/polityka-dotyczaca-cookies\/","name":"Polityka dotycz\u0105ca cookies - Instytut Polski w Madrycie","isPartOf":{"@id":"https:\/\/instytutpolski.pl\/madrid\/#website"},"primaryImageOfPage":{"@id":"https:\/\/instytutpolski.pl\/madrid\/pl\/polityka-dotyczaca-cookies\/#primaryimage"},"image":{"@id":"https:\/\/instytutpolski.pl\/madrid\/pl\/polityka-dotyczaca-cookies\/#primaryimage"},"thumbnailUrl":"https:\/\/instytutpolski.pl\/madrid\/wp-content\/uploads\/sites\/16\/2020\/06\/Krokusy-2.jpg","datePublished":"2020-06-02T14:04:44+00:00","dateModified":"2020-06-02T14:45:34+00:00","breadcrumb":{"@id":"https:\/\/instytutpolski.pl\/madrid\/pl\/polityka-dotyczaca-cookies\/#breadcrumb"},"inLanguage":"pl-PL","potentialAction":[{"@type":"ReadAction","target":["https:\/\/instytutpolski.pl\/madrid\/pl\/polityka-dotyczaca-cookies\/"]}]},{"@type":"ImageObject","inLanguage":"pl-PL","@id":"https:\/\/instytutpolski.pl\/madrid\/pl\/polityka-dotyczaca-cookies\/#primaryimage","url":"https:\/\/instytutpolski.pl\/madrid\/wp-content\/uploads\/sites\/16\/2020\/06\/Krokusy-2.jpg","contentUrl":"https:\/\/instytutpolski.pl\/madrid\/wp-content\/uploads\/sites\/16\/2020\/06\/Krokusy-2.jpg","width":2048,"height":1365},{"@type":"BreadcrumbList","@id":"https:\/\/instytutpolski.pl\/madrid\/pl\/polityka-dotyczaca-cookies\/#breadcrumb","itemListElement":[{"@type":"ListItem","position":1,"name":"Home","item":"https:\/\/instytutpolski.pl\/madrid\/"},{"@type":"ListItem","position":2,"name":"Polityka dotycz\u0105ca cookies"}]},{"@type":"WebSite","@id":"https:\/\/instytutpolski.pl\/madrid\/#website","url":"https:\/\/instytutpolski.pl\/madrid\/","name":"Instytut Polski w Madrycie","description":"Instytuty Polskie","potentialAction":[{"@type":"SearchAction","target":{"@type":"EntryPoint","urlTemplate":"https:\/\/instytutpolski.pl\/madrid\/?s={search_term_string}"},"query-input":{"@type":"PropertyValueSpecification","valueRequired":true,"valueName":"search_term_string"}}],"inLanguage":"pl-PL"}]}},"_links":{"self":[{"href":"https:\/\/instytutpolski.pl\/madrid\/wp-json\/wp\/v2\/pages\/4290","targetHints":{"allow":["GET"]}}],"collection":[{"href":"https:\/\/instytutpolski.pl\/madrid\/wp-json\/wp\/v2\/pages"}],"about":[{"href":"https:\/\/instytutpolski.pl\/madrid\/wp-json\/wp\/v2\/types\/page"}],"author":[{"embeddable":true,"href":"https:\/\/instytutpolski.pl\/madrid\/wp-json\/wp\/v2\/users\/26"}],"replies":[{"embeddable":true,"href":"https:\/\/instytutpolski.pl\/madrid\/wp-json\/wp\/v2\/comments?post=4290"}],"version-history":[{"count":1,"href":"https:\/\/instytutpolski.pl\/madrid\/wp-json\/wp\/v2\/pages\/4290\/revisions"}],"predecessor-version":[{"id":4291,"href":"https:\/\/instytutpolski.pl\/madrid\/wp-json\/wp\/v2\/pages\/4290\/revisions\/4291"}],"wp:featuredmedia":[{"embeddable":true,"href":"https:\/\/instytutpolski.pl\/madrid\/wp-json\/wp\/v2\/media\/4287"}],"wp:attachment":[{"href":"https:\/\/instytutpolski.pl\/madrid\/wp-json\/wp\/v2\/media?parent=4290"}],"curies":[{"name":"wp","href":"https:\/\/api.w.org\/{rel}","templated":true}]}}