{"id":4305,"date":"2020-06-07T23:38:20","date_gmt":"2020-06-07T21:38:20","guid":{"rendered":"https:\/\/instytutpolski.pl\/madrid\/?page_id=4305"},"modified":"2020-06-08T19:30:25","modified_gmt":"2020-06-08T17:30:25","slug":"deklaracja-dostepnosci","status":"publish","type":"page","link":"https:\/\/instytutpolski.pl\/madrid\/pl\/deklaracja-dostepnosci\/","title":{"rendered":"Deklaracja dost\u0119pno\u015bci"},"content":{"rendered":"\n<h3><b>Deklaracja dost\u0119pno\u015bci serwisu Ministerstwa Spraw Zagranicznych: instytutpolski.pl\/madrid<\/b><\/h3>\n<p id=\"a11y-wstep\"><span id=\"\u201ea11y-podmiot\u201d\">Ministerstwo Spraw Zagranicznych<\/span> zobowi\u0105zuje si\u0119 zapewni\u0107 dost\u0119pno\u015b\u0107 swojej strony internetowej zgodnie z przepisami ustawy z dnia 4 kwietnia 2019 r. o dost\u0119pno\u015bci cyfrowej stron internetowych i aplikacji mobilnych podmiot\u00f3w publicznych. O\u015bwiadczenie w sprawie dost\u0119pno\u015bci ma zastosowanie do <a id=\"\u201da11y-url\u201d\" href=\"https:\/\/instytutpolski.pl\/madrid\">serwisu internetowego Ministerstwa Spraw Zagranicznych <\/a>.<\/p>\n<p id=\"\u201da11y-data-publikacja\u201d\">Data publikacji strony internetowej: 1.06.2020<\/p>\n<p id=\"\u201da11y-data-aktualizacja\u201d\">Data ostatniej du\u017cej aktualizacji: 1.06.2020<\/p>\n<p>Strona internetowa jest cz\u0119\u015bciowo zgodna z ustaw\u0105 o dost\u0119pno\u015bci cyfrowej stron internetowych i aplikacji mobilnych podmiot\u00f3w publicznych z powodu niezgodno\u015bci lub wy\u0142\u0105cze\u0144 wymienionych poni\u017cej.<\/p>\n<p><br \/>Na stronie internetowej mog\u0105 znajdowa\u0107 si\u0119 filmy, do kt\u00f3rych nie dodano napis\u00f3w dla os\u00f3b G\u0142uchych. W przypadku potrzeby komunikacji w jednej z trzech form: polski j\u0119zyk migowy (PJM), system j\u0119zykowo-migowy (SJM), spos\u00f3b komunikowania si\u0119 os\u00f3b g\u0142uchoniewidomych (SKOGN), prosimy o przes\u0142anie wiadomo\u015bci na adres <a href=\"mailto:bazi.tlumaczenia@msz.gov.pl\">bazi.tlumaczenia@msz.gov.pl<\/a>.<\/p>\n<p>O\u015bwiadczenie sporz\u0105dzono dnia <span id=\"\u201da11y-data-sporzadzenie\u201d\">2020-05-29.<\/span><\/p>\n<p id=\"\u201da11y-audytor\u201d\">Deklaracj\u0119 sporz\u0105dzono na podstawie samooceny przeprowadzonej przez podmiot publiczny.<\/p>\n<p>Na stronie internetowej mo\u017cna korzysta\u0107 ze standardowych skr\u00f3t\u00f3w klawiaturowych.<\/p>\n<h3 id=\"\u201da11y-kontakt\u201d\"><b>Informacje zwrotne i dane kontaktowe<\/b><\/h3>\n<p>W przypadku problem\u00f3w z dost\u0119pno\u015bci\u0105 strony internetowej prosimy o kontakt pod adresem mailowym <a href=\"http:\/\/redakcja@msz.gov.pl\">redakcja@msz.gov.pl<\/a>. Kontaktowa\u0107 mo\u017cna si\u0119 tak\u017ce dzwoni\u0105c na numer telefonu 48 <span id=\"\u201da11y-telefon\u201d\">22 523 93 56<\/span>. T\u0105 sam\u0105 drog\u0105 mo\u017cna sk\u0142ada\u0107 wnioski o udost\u0119pnienie informacji niedost\u0119pnej oraz sk\u0142ada\u0107 skargi na brak zapewnienia dost\u0119pno\u015bci.<\/p>\n<p id=\"\u201da11y-procedura\u201d\">Ka\u017cdy ma prawo do wyst\u0105pienia z \u017c\u0105daniem zapewnienia dost\u0119pno\u015bci cyfrowej strony internetowej, aplikacji mobilnej lub jakiego\u015b ich elementu. Mo\u017cna tak\u017ce za\u017c\u0105da\u0107 udost\u0119pnienia informacji za pomoc\u0105 alternatywnego sposobu dost\u0119pu, na przyk\u0142ad przez odczytanie niedost\u0119pnego cyfrowo dokumentu, opisanie zawarto\u015bci filmu bez audiodeskrypcji itp. \u017b\u0105danie powinno zawiera\u0107 dane osoby zg\u0142aszaj\u0105cej \u017c\u0105danie, wskazanie, o kt\u00f3r\u0105 stron\u0119 internetow\u0105 lub aplikacj\u0119 mobiln\u0105 chodzi oraz spos\u00f3b kontaktu. Je\u017celi osoba \u017c\u0105daj\u0105ca zg\u0142asza potrzeb\u0119 otrzymania informacji za pomoc\u0105 alternatywnego sposobu dost\u0119pu, powinna tak\u017ce okre\u015bli\u0107 dogodny dla niej spos\u00f3b przedstawienia tej informacji. Podmiot publiczny powinien zrealizowa\u0107 \u017c\u0105danie niezw\u0142ocznie, nie p\u00f3\u017aniej ni\u017c w ci\u0105gu 7 dni od dnia wyst\u0105pienia z \u017c\u0105daniem. Je\u017celi dotrzymanie tego terminu nie jest mo\u017cliwe, podmiot publiczny niezw\u0142ocznie informuje o tym wnosz\u0105cego \u017c\u0105danie, kiedy realizacja \u017c\u0105dania b\u0119dzie mo\u017cliwa, przy czym termin ten nie mo\u017ce by\u0107 d\u0142u\u017cszy ni\u017c 2 miesi\u0105ce od dnia wyst\u0105pienia z \u017c\u0105daniem. Je\u017celi zapewnienie dost\u0119pno\u015bci cyfrowej nie jest mo\u017cliwe, podmiot publiczny mo\u017ce zaproponowa\u0107 alternatywny spos\u00f3b dost\u0119pu do informacji. W przypadku, gdy podmiot publiczny odm\u00f3wi realizacji \u017c\u0105dania zapewnienia dost\u0119pno\u015bci lub alternatywnego sposobu dost\u0119pu do informacji, wnosz\u0105cy \u017c\u0105danie mo\u017cne z\u0142o\u017cy\u0107 skarg\u0119 w sprawie zapewniana dost\u0119pno\u015bci cyfrowej strony internetowej, aplikacji mobilnej lub elementu strony internetowej, lub aplikacji mobilnej. Po wyczerpaniu wskazanej wy\u017cej procedury mo\u017cna tak\u017ce z\u0142o\u017cy\u0107 wniosek do Rzecznika Praw Obywatelskich.<\/p>\n<p>Po wyczerpaniu wszystkich mo\u017cliwo\u015bci skarg\u0119 mo\u017cna przes\u0142a\u0107 tak\u017ce do <a href=\"https:\/\/www.rpo.gov.pl\/content\/jak-zglosic-sie-do-rzecznika-praw-obywatelskich\">Rzecznika Praw Obywatelskich<\/a>.<\/p>\n<h3 id=\"\u201da11y-architektura\u201d\"><b>Dost\u0119pno\u015b\u0107 architektoniczna<\/b><\/h3>\n<p>Instytut Polski w Madrycie informuje, \u017ce w ramach dost\u0119pno\u015bci architektonicznej zagwarantowany jest dost\u0119p dla os\u00f3b niepe\u0142nosprawnych do sali konferencyjnej znajduj\u0105cej si\u0119 na poziomie ulicy. Cz\u0119\u015b\u0107 biurowa oraz toalety znajduj\u0105 si\u0119 na wy\u017cszym poziomie bez windy, w zwi\u0105zku z czym nie spe\u0142niaj\u0105 wymog\u00f3w dost\u0119pu dla os\u00f3b niepe\u0142nosprawnych. Plac\u00f3wka nie posiada w\u0142asnych miejsc parkingowych. W bezpo\u015brednim s\u0105siedztwie plac\u00f3wki nie ma te\u017c miejsc postojowych dla pojazd\u00f3w os\u00f3b niepe\u0142nosprawnych.<\/p>\n","protected":false},"excerpt":{"rendered":"<p>Deklaracja dost\u0119pno\u015bci serwisu Ministerstwa Spraw Zagranicznych: instytutpolski.pl\/madrid Ministerstwo Spraw Zagranicznych zobowi\u0105zuje si\u0119 zapewni\u0107 dost\u0119pno\u015b\u0107 swojej strony internetowej zgodnie z przepisami ustawy z dnia 4 kwietnia 2019 r. o dost\u0119pno\u015bci cyfrowej stron internetowych i aplikacji mobilnych podmiot\u00f3w publicznych. O\u015bwiadczenie w sprawie dost\u0119pno\u015bci ma zastosowanie do serwisu internetowego Ministerstwa Spraw Zagranicznych . Data publikacji strony internetowej: 1.06.2020 [&hellip;]<\/p>\n","protected":false},"author":26,"featured_media":4301,"parent":0,"menu_order":0,"comment_status":"closed","ping_status":"closed","template":"","meta":{"inline_featured_image":false,"_monsterinsights_skip_tracking":false,"_monsterinsights_sitenote_active":false,"_monsterinsights_sitenote_note":"","_monsterinsights_sitenote_category":0,"footnotes":""},"class_list":["post-4305","page","type-page","status-publish","has-post-thumbnail","hentry"],"yoast_head":"<!-- This site is optimized with the Yoast SEO plugin v24.6 - https:\/\/yoast.com\/wordpress\/plugins\/seo\/ -->\n<title>Deklaracja dost\u0119pno\u015bci - Instytut Polski w Madrycie<\/title>\n<meta name=\"robots\" content=\"index, follow, max-snippet:-1, max-image-preview:large, max-video-preview:-1\" \/>\n<link rel=\"canonical\" href=\"https:\/\/instytutpolski.pl\/madrid\/pl\/deklaracja-dostepnosci\/\" \/>\n<meta property=\"og:locale\" content=\"pl_PL\" \/>\n<meta property=\"og:type\" content=\"article\" \/>\n<meta property=\"og:title\" content=\"Deklaracja dost\u0119pno\u015bci - Instytut Polski w Madrycie\" \/>\n<meta property=\"og:description\" content=\"Deklaracja dost\u0119pno\u015bci serwisu Ministerstwa Spraw Zagranicznych: instytutpolski.pl\/madrid Ministerstwo Spraw Zagranicznych zobowi\u0105zuje si\u0119 zapewni\u0107 dost\u0119pno\u015b\u0107 swojej strony internetowej zgodnie z przepisami ustawy z dnia 4 kwietnia 2019 r. o dost\u0119pno\u015bci cyfrowej stron internetowych i aplikacji mobilnych podmiot\u00f3w publicznych. O\u015bwiadczenie w sprawie dost\u0119pno\u015bci ma zastosowanie do serwisu internetowego Ministerstwa Spraw Zagranicznych . Data publikacji strony internetowej: 1.06.2020 [&hellip;]\" \/>\n<meta property=\"og:url\" content=\"https:\/\/instytutpolski.pl\/madrid\/pl\/deklaracja-dostepnosci\/\" \/>\n<meta property=\"og:site_name\" content=\"Instytut Polski w Madrycie\" \/>\n<meta property=\"article:modified_time\" content=\"2020-06-08T17:30:25+00:00\" \/>\n<meta property=\"og:image\" content=\"https:\/\/instytutpolski.pl\/madrid\/wp-content\/uploads\/sites\/16\/2020\/06\/49730644737_2411e77127_k.jpg\" \/>\n\t<meta property=\"og:image:width\" content=\"2048\" \/>\n\t<meta property=\"og:image:height\" content=\"1365\" \/>\n\t<meta property=\"og:image:type\" content=\"image\/jpeg\" \/>\n<meta name=\"twitter:card\" content=\"summary_large_image\" \/>\n<meta name=\"twitter:label1\" content=\"Szacowany czas czytania\" \/>\n\t<meta name=\"twitter:data1\" content=\"3 minuty\" \/>\n<script type=\"application\/ld+json\" class=\"yoast-schema-graph\">{\"@context\":\"https:\/\/schema.org\",\"@graph\":[{\"@type\":\"WebPage\",\"@id\":\"https:\/\/instytutpolski.pl\/madrid\/pl\/deklaracja-dostepnosci\/\",\"url\":\"https:\/\/instytutpolski.pl\/madrid\/pl\/deklaracja-dostepnosci\/\",\"name\":\"Deklaracja dost\u0119pno\u015bci - Instytut Polski w Madrycie\",\"isPartOf\":{\"@id\":\"https:\/\/instytutpolski.pl\/madrid\/#website\"},\"primaryImageOfPage\":{\"@id\":\"https:\/\/instytutpolski.pl\/madrid\/pl\/deklaracja-dostepnosci\/#primaryimage\"},\"image\":{\"@id\":\"https:\/\/instytutpolski.pl\/madrid\/pl\/deklaracja-dostepnosci\/#primaryimage\"},\"thumbnailUrl\":\"https:\/\/instytutpolski.pl\/madrid\/wp-content\/uploads\/sites\/16\/2020\/06\/49730644737_2411e77127_k.jpg\",\"datePublished\":\"2020-06-07T21:38:20+00:00\",\"dateModified\":\"2020-06-08T17:30:25+00:00\",\"breadcrumb\":{\"@id\":\"https:\/\/instytutpolski.pl\/madrid\/pl\/deklaracja-dostepnosci\/#breadcrumb\"},\"inLanguage\":\"pl-PL\",\"potentialAction\":[{\"@type\":\"ReadAction\",\"target\":[\"https:\/\/instytutpolski.pl\/madrid\/pl\/deklaracja-dostepnosci\/\"]}]},{\"@type\":\"ImageObject\",\"inLanguage\":\"pl-PL\",\"@id\":\"https:\/\/instytutpolski.pl\/madrid\/pl\/deklaracja-dostepnosci\/#primaryimage\",\"url\":\"https:\/\/instytutpolski.pl\/madrid\/wp-content\/uploads\/sites\/16\/2020\/06\/49730644737_2411e77127_k.jpg\",\"contentUrl\":\"https:\/\/instytutpolski.pl\/madrid\/wp-content\/uploads\/sites\/16\/2020\/06\/49730644737_2411e77127_k.jpg\",\"width\":2048,\"height\":1365},{\"@type\":\"BreadcrumbList\",\"@id\":\"https:\/\/instytutpolski.pl\/madrid\/pl\/deklaracja-dostepnosci\/#breadcrumb\",\"itemListElement\":[{\"@type\":\"ListItem\",\"position\":1,\"name\":\"Home\",\"item\":\"https:\/\/instytutpolski.pl\/madrid\/\"},{\"@type\":\"ListItem\",\"position\":2,\"name\":\"Deklaracja dost\u0119pno\u015bci\"}]},{\"@type\":\"WebSite\",\"@id\":\"https:\/\/instytutpolski.pl\/madrid\/#website\",\"url\":\"https:\/\/instytutpolski.pl\/madrid\/\",\"name\":\"Instytut Polski w Madrycie\",\"description\":\"Instytuty Polskie\",\"potentialAction\":[{\"@type\":\"SearchAction\",\"target\":{\"@type\":\"EntryPoint\",\"urlTemplate\":\"https:\/\/instytutpolski.pl\/madrid\/?s={search_term_string}\"},\"query-input\":{\"@type\":\"PropertyValueSpecification\",\"valueRequired\":true,\"valueName\":\"search_term_string\"}}],\"inLanguage\":\"pl-PL\"}]}<\/script>\n<!-- \/ Yoast SEO plugin. -->","yoast_head_json":{"title":"Deklaracja dost\u0119pno\u015bci - Instytut Polski w Madrycie","robots":{"index":"index","follow":"follow","max-snippet":"max-snippet:-1","max-image-preview":"max-image-preview:large","max-video-preview":"max-video-preview:-1"},"canonical":"https:\/\/instytutpolski.pl\/madrid\/pl\/deklaracja-dostepnosci\/","og_locale":"pl_PL","og_type":"article","og_title":"Deklaracja dost\u0119pno\u015bci - Instytut Polski w Madrycie","og_description":"Deklaracja dost\u0119pno\u015bci serwisu Ministerstwa Spraw Zagranicznych: instytutpolski.pl\/madrid Ministerstwo Spraw Zagranicznych zobowi\u0105zuje si\u0119 zapewni\u0107 dost\u0119pno\u015b\u0107 swojej strony internetowej zgodnie z przepisami ustawy z dnia 4 kwietnia 2019 r. o dost\u0119pno\u015bci cyfrowej stron internetowych i aplikacji mobilnych podmiot\u00f3w publicznych. O\u015bwiadczenie w sprawie dost\u0119pno\u015bci ma zastosowanie do serwisu internetowego Ministerstwa Spraw Zagranicznych . Data publikacji strony internetowej: 1.06.2020 [&hellip;]","og_url":"https:\/\/instytutpolski.pl\/madrid\/pl\/deklaracja-dostepnosci\/","og_site_name":"Instytut Polski w Madrycie","article_modified_time":"2020-06-08T17:30:25+00:00","og_image":[{"width":2048,"height":1365,"url":"https:\/\/instytutpolski.pl\/madrid\/wp-content\/uploads\/sites\/16\/2020\/06\/49730644737_2411e77127_k.jpg","type":"image\/jpeg"}],"twitter_card":"summary_large_image","twitter_misc":{"Szacowany czas czytania":"3 minuty"},"schema":{"@context":"https:\/\/schema.org","@graph":[{"@type":"WebPage","@id":"https:\/\/instytutpolski.pl\/madrid\/pl\/deklaracja-dostepnosci\/","url":"https:\/\/instytutpolski.pl\/madrid\/pl\/deklaracja-dostepnosci\/","name":"Deklaracja dost\u0119pno\u015bci - Instytut Polski w Madrycie","isPartOf":{"@id":"https:\/\/instytutpolski.pl\/madrid\/#website"},"primaryImageOfPage":{"@id":"https:\/\/instytutpolski.pl\/madrid\/pl\/deklaracja-dostepnosci\/#primaryimage"},"image":{"@id":"https:\/\/instytutpolski.pl\/madrid\/pl\/deklaracja-dostepnosci\/#primaryimage"},"thumbnailUrl":"https:\/\/instytutpolski.pl\/madrid\/wp-content\/uploads\/sites\/16\/2020\/06\/49730644737_2411e77127_k.jpg","datePublished":"2020-06-07T21:38:20+00:00","dateModified":"2020-06-08T17:30:25+00:00","breadcrumb":{"@id":"https:\/\/instytutpolski.pl\/madrid\/pl\/deklaracja-dostepnosci\/#breadcrumb"},"inLanguage":"pl-PL","potentialAction":[{"@type":"ReadAction","target":["https:\/\/instytutpolski.pl\/madrid\/pl\/deklaracja-dostepnosci\/"]}]},{"@type":"ImageObject","inLanguage":"pl-PL","@id":"https:\/\/instytutpolski.pl\/madrid\/pl\/deklaracja-dostepnosci\/#primaryimage","url":"https:\/\/instytutpolski.pl\/madrid\/wp-content\/uploads\/sites\/16\/2020\/06\/49730644737_2411e77127_k.jpg","contentUrl":"https:\/\/instytutpolski.pl\/madrid\/wp-content\/uploads\/sites\/16\/2020\/06\/49730644737_2411e77127_k.jpg","width":2048,"height":1365},{"@type":"BreadcrumbList","@id":"https:\/\/instytutpolski.pl\/madrid\/pl\/deklaracja-dostepnosci\/#breadcrumb","itemListElement":[{"@type":"ListItem","position":1,"name":"Home","item":"https:\/\/instytutpolski.pl\/madrid\/"},{"@type":"ListItem","position":2,"name":"Deklaracja dost\u0119pno\u015bci"}]},{"@type":"WebSite","@id":"https:\/\/instytutpolski.pl\/madrid\/#website","url":"https:\/\/instytutpolski.pl\/madrid\/","name":"Instytut Polski w Madrycie","description":"Instytuty Polskie","potentialAction":[{"@type":"SearchAction","target":{"@type":"EntryPoint","urlTemplate":"https:\/\/instytutpolski.pl\/madrid\/?s={search_term_string}"},"query-input":{"@type":"PropertyValueSpecification","valueRequired":true,"valueName":"search_term_string"}}],"inLanguage":"pl-PL"}]}},"_links":{"self":[{"href":"https:\/\/instytutpolski.pl\/madrid\/wp-json\/wp\/v2\/pages\/4305","targetHints":{"allow":["GET"]}}],"collection":[{"href":"https:\/\/instytutpolski.pl\/madrid\/wp-json\/wp\/v2\/pages"}],"about":[{"href":"https:\/\/instytutpolski.pl\/madrid\/wp-json\/wp\/v2\/types\/page"}],"author":[{"embeddable":true,"href":"https:\/\/instytutpolski.pl\/madrid\/wp-json\/wp\/v2\/users\/26"}],"replies":[{"embeddable":true,"href":"https:\/\/instytutpolski.pl\/madrid\/wp-json\/wp\/v2\/comments?post=4305"}],"version-history":[{"count":1,"href":"https:\/\/instytutpolski.pl\/madrid\/wp-json\/wp\/v2\/pages\/4305\/revisions"}],"predecessor-version":[{"id":4306,"href":"https:\/\/instytutpolski.pl\/madrid\/wp-json\/wp\/v2\/pages\/4305\/revisions\/4306"}],"wp:featuredmedia":[{"embeddable":true,"href":"https:\/\/instytutpolski.pl\/madrid\/wp-json\/wp\/v2\/media\/4301"}],"wp:attachment":[{"href":"https:\/\/instytutpolski.pl\/madrid\/wp-json\/wp\/v2\/media?parent=4305"}],"curies":[{"name":"wp","href":"https:\/\/api.w.org\/{rel}","templated":true}]}}