{"id":442,"date":"2019-06-25T10:13:05","date_gmt":"2019-06-25T08:13:05","guid":{"rendered":"https:\/\/instytutpolski.pl\/madryt\/?page_id=442"},"modified":"2020-01-24T14:21:03","modified_gmt":"2020-01-24T13:21:03","slug":"universidades-polacas","status":"publish","type":"page","link":"https:\/\/instytutpolski.pl\/madrid\/conoce-polonia\/ciencia-en-polonia\/universidades-polacas\/","title":{"rendered":"Universidades polacas"},"content":{"rendered":"\n<p>Universidad de Gdansk<br>Uniwersytet Gdanski<br>80-952 Gdansk, ul. Bazynskiego 1a<br>Telefon:(0048) 585 525 071, 585 529 328, 585 529 326,<br>internet:&nbsp;<a href=\"http:\/\/www.univ.gda.pl\/\">www.univ.gda.pl<\/a><\/p>\n\n\n\n<p>Adam Mickiewicz de Poznan<\/p>\n\n\n\n<p>Uniwersytet im. Adama Mickiewicza w Poznaniu<br>61-712 Poznan, ul. Wieniawskiego 1<br>Telefon:(0048) 618 536 251,<br>internet:&nbsp;<a href=\"http:\/\/www.amu.edu.pl\/\">www.amu.edu.pl<\/a><\/p>\n\n\n\n<p>Jagel\u00f3nica de Cracovia<br>Uniwersytet Jagiellonski w Krakowie<br>31-007 Krak\u00f3w, ul. Golebia 24<br>Telefon:(0048) 124 226 689 Fax:(0048) 124 226 306<br>internet:&nbsp;<a href=\"http:\/\/www.uj.edu.pl\/\">www.uj.edu.pl<\/a><\/p>\n\n\n\n<p>Universidad de Lodz<br>Uniwersytet Lodzki<br>90-191 \u00a3\u00f3dz, ul. Narutowicza 65<br>Telefon:(0048) 426 354 083, 426 354 086, 426 354 087,<br>internet:&nbsp;<a href=\"http:\/\/www.uni.lodz.pl\/\">www.uni.lodz.pl<\/a><\/p>\n\n\n\n<p>Universidad de Nicol\u00e1s Cop\u00e9rnico de Torun<br>Uniwersytet Mikolaja Kopernika w Toruniu<br>87-100 Torun, ul. Gagarina 11<br>Telefon:(0048) 566 114 236, 566 114 235<br>internet:&nbsp;<a href=\"http:\/\/www.umk.pl\/en\/\">http:\/\/www.umk.pl\/en\/<\/a><\/p>\n\n\n\n<p>Universidad de Silesia<br>Uniwersytet Slaski<br>40-007 Katowice, ul. Bankowa 12<br>Telefon:(0048) 323 591 956, 323 591 957,<br>internet:&nbsp;<a href=\"http:\/\/www.us.edu.pl\/\">www.us.edu.pl<\/a><\/p>\n\n\n\n<p>Universidad de Szczecin<br>Uniwersytet Szczecinski<br>70-357 Szczecin, al. Jedno\u0153ci Narodowej 22a<br>Telefon:(0048) 914 343 188, 914 891 689<br>internet:&nbsp;<a href=\"http:\/\/www.univ.szczecin.pl\/\">www.univ.szczecin.pl<\/a><\/p>\n\n\n\n<p>Universidad de Maria Curie-Sklodowska de Lublin<br>Uniwersytet Marii Curie-Sklodowskiej w Lublinie<br>20-031 Lublin, pl. Marii Curie-Sklodowskiej 5<br>Telefon:(0048) 815 375 122, 815 375 125,<br>internet:&nbsp;<a href=\"http:\/\/www.umcs.lublin.pl\/\">www.umcs.lublin.pl<\/a><\/p>\n\n\n\n<p>Universidad de Bialystok<br>Uniwersytet w Bialymstoku<br>15-097 Bialystok, ul. M. Curie-Sklodowskiej 14<br>Telefon:(0048) 857 457 000<br>internet:&nbsp;<a href=\"http:\/\/www.uwb.edu.pl\/\">www.uwb.edu.pl<\/a><\/p>\n\n\n\n<p>Universidad de Opole<br>Uniwersytet Opolski<br>45-052 Opole, ul. Oleska 48<br>Telefon:(0048) 774 545 841<br>internet:&nbsp;<a href=\"http:\/\/www.uni.opole.pl\/\">www.uni.opole.pl<\/a><\/p>\n\n\n\n<p>Universidad de Varsovia<br>Uniwersytet Warszawski<br>00-325 Warszawa, ul. Krakowskie Przedmieocie 26\/28<br>Telefon:(0048) 228 268 316, 226 200 381<br>internet:&nbsp;<a href=\"http:\/\/www.uw.edu.pl\/\">www.uw.edu.pl<\/a><\/p>\n\n\n\n<p>Universidad de Wroclaw<br>Uniwersytet Wroclawski<br>50-137 Wroclaw, pl. Uniwersytecki 1<br>Telefon:(0048) 713 402 237, 713 430 143,<br>internet:&nbsp;<a href=\"http:\/\/www.adm.uni.wroc.pl\/\">www.adm.uni.wroc.pl<\/a><\/p>\n\n\n\n<p>Universidad Warmia-Mazury de Olsztyn<br>Uniwersytet Warmi\u0144sko-Mazurski w Olsztynie<br>10-917 Olsztyn, ul. Oczapowskiego 2<br>Telefon:(0048) 895 234 913 (Kortowo), 895 272 615 (Glowackiego 17)<br>Fax:(0048) 895 240 408<br>internet:&nbsp;<a href=\"http:\/\/www.uwm.edu.pl\/\">www.uwm.edu.pl<\/a>&nbsp;<a href=\"http:\/\/www.uni.olsztyn.pl\/\">www.uni.olsztyn.pl<\/a><\/p>\n\n\n\n<p>Universidad de Cardenal Stefan Wyszynski de Varsovia<br>Uniwersytet Kardynala Stefana Wyszy\u0144skiego w Warszawie<br>01-815 Warszawa, ul. Dewajtis 5<br>Telefon:(0048) 225 618 800,<br>internet:&nbsp;<a href=\"http:\/\/www.uksw.edu.pl\/\">www.uksw.edu.pl<\/a><br>e-mail:&nbsp;<a href=\"mailto:rektor@uksw.edu.pl\">rektor@uksw.edu.pl<\/a><\/p>\n\n\n\n<p><br><strong>Academias art\u00edsticas<\/strong><\/p>\n\n\n\n<p><br>&#8212;&#8212;&#8212;&#8212;&#8212;&#8212;&#8212;&#8212;&#8212;&#8212;&#8212;&#8212;&#8212;&#8212;&#8212;&#8212;&#8212;&#8212;&#8212;&#8212;&#8212;&#8212;&#8212;&#8212;&#8212;&#8212;&#8211;<\/p>\n\n\n\n<p>Academia de M\u00fasica Fryderyk Chopin de Varsovia<br>Akademia Muzyczna im. Fryderyka Chopina w Warszawie<br>00-368 Warszawa,<br>ul. Ok\u00f3lnik 2<br>Telefon:(0048) 228 277 241,<br>internet:&nbsp;<a href=\"http:\/\/www.chopin.edu.pl\/\">www.chopin.edu.pl<\/a><br>e-mail:&nbsp;<a href=\"mailto:nauka@chopin.edu.pl\">nauka@chopin.edu.pl<\/a><\/p>\n\n\n\n<p>Academia de M\u00fasica Ignacy Jan Paderewski de Pozna\u0144<br>Akademia Muzyczna im. Ignacego Jana Paderewskiego w Poznaniu<br>61-808 Pozna\u0144,<br>ul. Sw. Marcin 87<br>Telefon:(0048) 618 525 132,<br>Fax:(0048) 618 536 676,<br>internet:&nbsp;<a href=\"http:\/\/www.amuz.poznan.pl\/\">www.amuz.poznan.pl<\/a><br>e-mail:&nbsp;<a href=\"mailto:amuz@man.poznan.pl\">amuz@man.poznan.pl<\/a><\/p>\n\n\n\n<p>Academia de M\u00fasica de Cracovia<br>Akademia Muzyczna w Krakowie<br>31-038 Krak\u00f3w,<br>ul. Starowislna 3<br>Telefon:(0048) 124 220 455<br>Fax:(0048) 124 222 343,<br>internet:&nbsp;<a href=\"http:\/\/www.amuz.krakow.pl\/en\/\">http:\/\/www.amuz.krakow.pl\/en\/<\/a><\/p>\n\n\n\n<p>Academia de M\u00fasica de Lodz<br>Akademia Muzyczna w Lodzi<br>90-716 L\u00f3dz,<br>ul. Gdanska 32<br>Telefon:(0048) 426 339 952,<br>internet:&nbsp;<a href=\"http:\/\/www.amuz.lodz.pl\/\">www.amuz.lodz.pl<\/a><\/p>\n\n\n\n<p>Academia de M\u00fasica Stanislaw Moniuszko de Gdansk<br>Akademia Muzyczna im. Stanislawa Moniuszki w Gdansku<br>80-743 Gdansk,<br>ul. Lakowa 1\/2<br>Telefon:(0048) 583 009 200<br>Fax:(0048) 583 009 210<br>internet:&nbsp;<a href=\"http:\/\/www.amuz.gda.pl\/\">www.amuz.gda.pl<\/a><\/p>\n\n\n\n<p>Academia de M\u00fasica Karol Szymanowski de Katowice<br>Akademia Muzyczna im. Karola Szymanowskiego w Katowicach<br>40-025 Katowice,<br>ul. Zacisze 3<br>Telefon:(0048) 322 554 017,<br>Fax:(0048) 322 564 485,<br>internet:&nbsp;<a href=\"http:\/\/www.am.katowice.pl\/Pages\/academy.html\">http:\/\/www.am.katowice.pl\/Pages\/academy.html<\/a><\/p>\n\n\n\n<p>Academia de M\u00fasica Feliks Nowowiejski de Bydgoszcz<br>Akademia Muzyczna im. Feliksa Nowowiejskiego w Bydgoszczy<br>85-008 Bydgoszcz,<br>ul. Slowackiego 7<br>Telefon:(0048) 523 211 142,<br>Fax:(0048) 523 212 350,<br>internet:&nbsp;<a href=\"http:\/\/www.amuz.bydgoszcz.pl\/\">www.amuz.bydgoszcz.pl<\/a><\/p>\n\n\n\n<p>Academia de Bellas Artes Wladyslaw Strzeminski de L\u00f3dz<br>Akademia Sztuk Pieknych im. Wladyslawa Strzeminskiego w Lodzi<br>91-726 L\u00f3d\u017a,<br>ul. Wojska Polskiego 121<br>Telefon:(0048) 426 561 056, 426 562 200,<br>Fax:(0048) 426 562 192,<br>internet:&nbsp;<a href=\"http:\/\/www.asp.lodz.pl\/pl\/index.php\">http:\/\/www.asp.lodz.pl\/pl\/index.php<\/a><\/p>\n\n\n\n<p>Academia de Bellas Artes Jan Matejko de Cracovia<br>Akademia Sztuk Pieknych im. Jana Matejki w Krakowie<br>31-157 Krak\u00f3w,<br>Plac Matejki 13<br>Telefon:(0048) 124 221 131, 124 220 922,<br>Fax:(0048) 124 226 566,<br>internet:&nbsp;<a href=\"http:\/\/149.156.19.10\/info.html\">http:\/\/149.156.19.10\/info.html<\/a><\/p>\n\n\n\n<p>Academia de Bellas Artes de Gdansk<br>Akademia Sztuk Pieknych w Gdansku<br>80-836 Gdansk,<br>ul. Targ Weglowy 6<br>Telefon:(0048) 583 012 801,<br>Fax:(0048) 583 012 200,<br>internet:&nbsp;<a href=\"http:\/\/www.asp.gda.pl\/\">www.asp.gda.pl<\/a><br>e-mail:&nbsp;<a href=\"mailto:oi@asp.gda.pl\">oi@asp.gda.pl<\/a><\/p>\n\n\n\n<p>Academia de Bellas Artes de Poznan<br>Akademia Sztuk Pieknych w Poznaniu<br>60-967 Poznan,<br>ul. Aleje Marcinkowskiego 29<br>Telefon:(0048) 618 552 521,<br>Fax:(0048) 618 522 309,<br>internet:&nbsp;<a href=\"http:\/\/www.asp.poznan.pl\/\">www.asp.poznan.pl<\/a><br>e-mail:&nbsp;<a href=\"mailto:office@adm.asp.poznan.pl\">office@adm.asp.poznan.pl<\/a><\/p>\n\n\n\n<p>Academia de Bellas Artes de Varsovia<br>Akademia Sztuk Pieknych w Warszawie<br>00-068 Warszawa,<br>ul.Krakowskie Przedmie\u0153cie 5<br>Telefon:(0048) 228 266 251,<br>Fax:(0048) 228 262 114,<br>internet:&nbsp;<a href=\"http:\/\/www.asp.waw.pl\/index.aspx\">http:\/\/www.asp.waw.pl\/index.aspx<\/a><\/p>\n\n\n\n<p>Academia de Bellas Artes de Wroclaw<br>Akademia Sztuk Pieknych we Wroclawiu<br>50-156 Wroclaw,<br>Pl. Polski 3\/4<br>Telefon:(0048) 713 438 031,<br>Fax:(0048) 713 431 558,<br>internet:&nbsp;<a href=\"http:\/\/www.asp.wroc.pl\/\">www.asp.wroc.pl<\/a><\/p>\n\n\n\n<p>Academia de Teatro Aleksander Zelwerowicz de Varsovia<br>Akademia Teatralna im. Aleksandra Zelwerowicza w Warszawie<br>00-246 Warszawa,<br>ul. Miodowa 22\/24<br>Telefon:(0048) 228 310 216,<br>internet:&nbsp;<a href=\"http:\/\/www.at.edu.pl\/\">http:\/\/www.at.edu.pl\/<\/a><\/p>\n\n\n\n<p>Escuela Nacional Superior de Teatro Ludwik Solski de Cracovia<br>Panstwowa Wyzsza Szkola Teatralna im. Ludwika Solskiego w Krakowie<br>31-109 Krak\u00f3w,<br>ul. Straszewskiego 21-22<br>Telefon:(0048) 124 228 196, 124 221 855,<br>Fax:(0048) 124 220 209,<br>internet:&nbsp;<a href=\"http:\/\/www.pwst.krakow.pl\/index.jsp\">http:\/\/www.pwst.krakow.pl\/index.jsp<\/a><\/p>\n\n\n\n<p>&#8212;&#8212;&#8212;&#8212;&#8212;&#8212;&#8212;&#8212;&#8212;&#8212;&#8212;&#8212;&#8212;&#8212;&#8212;&#8212;&#8212;&#8212;&#8212;&#8212;&#8212;&#8212;&#8212;&#8212;&#8212;&#8212;&#8211;<br><strong>Academias de medicina<\/strong><\/p>\n\n\n\n<p><br>&#8212;&#8212;&#8212;&#8212;&#8212;&#8212;&#8212;&#8212;&#8212;&#8212;&#8212;&#8212;&#8212;&#8212;&#8212;&#8212;&#8212;&#8212;&#8212;&#8212;&#8212;&#8212;&#8212;&#8212;&#8212;&#8212;&#8211;<\/p>\n\n\n\n<p>Academia de Medicina de Varsovia<br>Akademia Medyczna w Warszawie<br>02-032 Warszawa,<br>ul. Filtrowa 30<br>Telefon: (0048) 228 250 051,<br>Fax: (0048) 228 257 300,<br>internet:&nbsp;<a href=\"http:\/\/www.amwaw.edu.pl\/\">www.amwaw.edu.pl<\/a><\/p>\n\n\n\n<p>Academia Silesiana de Medicina de Katowice<br>Slaska Akademia Medyczna w Katowicach<br>40-055 Katowice,<br>ul. Poniatowskiego 15<br>Telefon:(0048) 322 512 001,<br>internet:&nbsp;<a href=\"http:\/\/www.slam.katowice.pl\/\">www.slam.katowice.pl<\/a><br>Academia de Medicina Karol Marcinkowski de Poznan<br>Akademia Medyczna im. Karola Marcinkowskiego w Poznaniu<br>61-701 Poznan,<br>ul. Fredry 10<br>Telefon:(0048) 618 521 161,<br>Fax:(0048) 618 520 455,<br>internet:&nbsp;<a href=\"http:\/\/www.usoms.poznan.pl\/\">www.usoms.poznan.pl<\/a><\/p>\n\n\n\n<p>Academia de Medicina Ludwik Rydygier de Bydgoszcz<br>Akademia Medyczna im. Ludwika Rydygiera w Bydgoszczy<br>85-067 Bydgoszcz,<br>ul. Jagielonska 13<br>Telefon: (0048) 523 229 527,<br>Fax:(0048) 523 229 848,<br>internet:&nbsp;<a href=\"http:\/\/www.amb.bydgoszcz.pl\/\">www.amb.bydgoszcz.pl<\/a><\/p>\n\n\n\n<p>Academia de Medicina Piast\u00f3w Slaskich de Wroclaw<br>Akademia Medyczna im.Piast\u00f3w Slaskich we Wroclawiu<br>50-367 Wroclaw,<br>ul. Pasteura 1<br>Telefon: (0048) 713 280 435, 713 209 914,<br>Fax: (0048) 713 285 729,<br>internet:&nbsp;<a href=\"http:\/\/www.am.wroc.pl\/\">www.am.wroc.pl<\/a><\/p>\n\n\n\n<p>Academia de Medicina de Bialystok<br>Akademia Medyczna w Bialymstoku<br>15-230 Bialystok,<br>ul. Kilinskiego 1<br>Telefon: (0048) 857 422 021,<br>Fax: (0048) 857 424 907,<br>internet: amb.ac.bialystok.pl<\/p>\n\n\n\n<p>Academia de Medicina en Gdansk<br>Akademia Medyczna w Gdansku<br>80-210 Gda\u00f1sk,<br>ul. Marii Sklodowskiej-Curie 3a<br>Telefon: (0048) 583 492 222,<br>internet:&nbsp;<a href=\"http:\/\/www.amg.gda.pl\/\">www.amg.gda.pl<\/a><\/p>\n\n\n\n<p>Academia de Medicina de Lublin<br>Akademia Medyczna w Lublinie<br>20-950 Lublin,<br>Al. Raclawickie 1<br>Telefon: (0048) 815 324 633, 815 320 061,<br>Fax: (0048) 815 328 903,<br>internet:&nbsp;<a href=\"http:\/\/www.am.lublin.pl\/\">www.am.lublin.pl<\/a><\/p>\n\n\n\n<p>Academia de Medicina de Lodz<br>Akademia Medyczna w Lodzi<br>90-419 L\u00f3dz,<br>Al. Kosciuszki 4<br>Telefon: (0048) 426 325 100,<br>internet:&nbsp;<a href=\"http:\/\/www.am.lodz.pl\/\">www.am.lodz.pl<\/a><\/p>\n\n\n\n<p>Collegium Medicum de la Universidad Jagel\u00f3nica de Cracovia<br>Collegium Medicum Uniwersytetu Jagiellonskiego w Krakowie<br>31-008 Krak\u00f3w,<br>ul. Ow. Anny 12<br>Telefon: (0048) 124 214 978,<br>Fax: (0048) 124 222 578,<br>internet:&nbsp;<a href=\"http:\/\/www.cm-uj.krakow.pl\/\">www.cm-uj.krakow.pl<\/a><\/p>\n\n\n\n<p>Academia Pomerana de Medicina de Szczecin<br>Pomorska Akademia Medyczna w Szczecinie<br>70-204 Szczecin,<br>ul. Rybacka 1<br>Telefon: (0048) 914 332 502,<br>internet:&nbsp;<a href=\"http:\/\/www.pam.szczecin.pl\/\">www.pam.szczecin.pl<\/a><br><\/p>\n\n\n\n<p><strong>Escuelas superiores de marina<\/strong><\/p>\n\n\n\n<p><br>&#8212;&#8212;&#8212;&#8212;&#8212;&#8212;&#8212;&#8212;&#8212;&#8212;&#8212;&#8212;&#8212;&#8212;&#8212;&#8212;&#8212;&#8212;&#8212;&#8212;&#8212;&#8212;&#8212;&#8212;&#8212;&#8212;&#8211;<\/p>\n\n\n\n<p>Escuela Superior de Marina de Gdynia<br>Wyzsza Szkola Morska w Gdyni<br>81-225 Gdynia,<br>81-225 Gdynia,<br>ul. Morska 81-87<br>Telefon: (0048) 586 217 041,<br>Fax: (0048) 586 206 701,<br>internet:&nbsp;<a href=\"http:\/\/www.wsm.gdynia.pl\/\">www.wsm.gdynia.pl<\/a><\/p>\n\n\n\n<p>Escuela Superior de Marina de Szczecin<br>Wyzsza Szkola Morska w Szczecinie<br>70-500 Szczecin,<br>ul. Wa\u0142y Chrobrego 1\/2<br>Telefon: (0048) 914 334 155, 914 344 226,<br>internet:&nbsp;<a href=\"http:\/\/www.wsm.szczecin.pl\/\">www.wsm.szczecin.pl<\/a><\/p>\n","protected":false},"excerpt":{"rendered":"<p>Universidad de GdanskUniwersytet Gdanski80-952 Gdansk, ul. Bazynskiego 1aTelefon:(0048) 585 525 071, 585 529 328, 585 529 326,internet:&nbsp;www.univ.gda.pl Adam Mickiewicz de Poznan Uniwersytet im. Adama Mickiewicza w Poznaniu61-712 Poznan, ul. Wieniawskiego 1Telefon:(0048) 618 536 251,internet:&nbsp;www.amu.edu.pl Jagel\u00f3nica de CracoviaUniwersytet Jagiellonski w Krakowie31-007 Krak\u00f3w, ul. Golebia 24Telefon:(0048) 124 226 689 Fax:(0048) 124 226 306internet:&nbsp;www.uj.edu.pl Universidad de LodzUniwersytet Lodzki90-191 [&hellip;]<\/p>\n","protected":false},"author":1,"featured_media":444,"parent":437,"menu_order":0,"comment_status":"closed","ping_status":"closed","template":"","meta":{"inline_featured_image":false,"_monsterinsights_skip_tracking":false,"_monsterinsights_sitenote_active":false,"_monsterinsights_sitenote_note":"","_monsterinsights_sitenote_category":0,"footnotes":""},"class_list":["post-442","page","type-page","status-publish","has-post-thumbnail","hentry"],"yoast_head":"<!-- This site is optimized with the Yoast SEO plugin v24.6 - https:\/\/yoast.com\/wordpress\/plugins\/seo\/ -->\n<title>Universidades polacas - Instytut Polski w Madrycie<\/title>\n<meta name=\"robots\" content=\"index, follow, max-snippet:-1, max-image-preview:large, max-video-preview:-1\" \/>\n<link rel=\"canonical\" href=\"https:\/\/instytutpolski.pl\/madrid\/conoce-polonia\/ciencia-en-polonia\/universidades-polacas\/\" \/>\n<meta property=\"og:locale\" content=\"pl_PL\" \/>\n<meta property=\"og:type\" content=\"article\" \/>\n<meta property=\"og:title\" content=\"Universidades polacas - Instytut Polski w Madrycie\" \/>\n<meta property=\"og:description\" content=\"Universidad de GdanskUniwersytet Gdanski80-952 Gdansk, ul. Bazynskiego 1aTelefon:(0048) 585 525 071, 585 529 328, 585 529 326,internet:&nbsp;www.univ.gda.pl Adam Mickiewicz de Poznan Uniwersytet im. Adama Mickiewicza w Poznaniu61-712 Poznan, ul. Wieniawskiego 1Telefon:(0048) 618 536 251,internet:&nbsp;www.amu.edu.pl Jagel\u00f3nica de CracoviaUniwersytet Jagiellonski w Krakowie31-007 Krak\u00f3w, ul. Golebia 24Telefon:(0048) 124 226 689 Fax:(0048) 124 226 306internet:&nbsp;www.uj.edu.pl Universidad de LodzUniwersytet Lodzki90-191 [&hellip;]\" \/>\n<meta property=\"og:url\" content=\"https:\/\/instytutpolski.pl\/madrid\/conoce-polonia\/ciencia-en-polonia\/universidades-polacas\/\" \/>\n<meta property=\"og:site_name\" content=\"Instytut Polski w Madrycie\" \/>\n<meta property=\"article:modified_time\" content=\"2020-01-24T13:21:03+00:00\" \/>\n<meta property=\"og:image\" content=\"https:\/\/instytutpolski.pl\/madrid\/wp-content\/uploads\/sites\/16\/2019\/06\/polskie-uczelnie.jpg\" \/>\n\t<meta property=\"og:image:width\" content=\"1920\" \/>\n\t<meta property=\"og:image:height\" content=\"700\" \/>\n\t<meta property=\"og:image:type\" content=\"image\/jpeg\" \/>\n<meta name=\"twitter:card\" content=\"summary_large_image\" \/>\n<meta name=\"twitter:label1\" content=\"Szacowany czas czytania\" \/>\n\t<meta name=\"twitter:data1\" content=\"5 minut\" \/>\n<script type=\"application\/ld+json\" class=\"yoast-schema-graph\">{\"@context\":\"https:\/\/schema.org\",\"@graph\":[{\"@type\":\"WebPage\",\"@id\":\"https:\/\/instytutpolski.pl\/madrid\/conoce-polonia\/ciencia-en-polonia\/universidades-polacas\/\",\"url\":\"https:\/\/instytutpolski.pl\/madrid\/conoce-polonia\/ciencia-en-polonia\/universidades-polacas\/\",\"name\":\"Universidades polacas - Instytut Polski w Madrycie\",\"isPartOf\":{\"@id\":\"https:\/\/instytutpolski.pl\/madrid\/#website\"},\"primaryImageOfPage\":{\"@id\":\"https:\/\/instytutpolski.pl\/madrid\/conoce-polonia\/ciencia-en-polonia\/universidades-polacas\/#primaryimage\"},\"image\":{\"@id\":\"https:\/\/instytutpolski.pl\/madrid\/conoce-polonia\/ciencia-en-polonia\/universidades-polacas\/#primaryimage\"},\"thumbnailUrl\":\"https:\/\/instytutpolski.pl\/madrid\/wp-content\/uploads\/sites\/16\/2019\/06\/polskie-uczelnie.jpg\",\"datePublished\":\"2019-06-25T08:13:05+00:00\",\"dateModified\":\"2020-01-24T13:21:03+00:00\",\"breadcrumb\":{\"@id\":\"https:\/\/instytutpolski.pl\/madrid\/conoce-polonia\/ciencia-en-polonia\/universidades-polacas\/#breadcrumb\"},\"inLanguage\":\"pl-PL\",\"potentialAction\":[{\"@type\":\"ReadAction\",\"target\":[\"https:\/\/instytutpolski.pl\/madrid\/conoce-polonia\/ciencia-en-polonia\/universidades-polacas\/\"]}]},{\"@type\":\"ImageObject\",\"inLanguage\":\"pl-PL\",\"@id\":\"https:\/\/instytutpolski.pl\/madrid\/conoce-polonia\/ciencia-en-polonia\/universidades-polacas\/#primaryimage\",\"url\":\"https:\/\/instytutpolski.pl\/madrid\/wp-content\/uploads\/sites\/16\/2019\/06\/polskie-uczelnie.jpg\",\"contentUrl\":\"https:\/\/instytutpolski.pl\/madrid\/wp-content\/uploads\/sites\/16\/2019\/06\/polskie-uczelnie.jpg\",\"width\":1920,\"height\":700},{\"@type\":\"BreadcrumbList\",\"@id\":\"https:\/\/instytutpolski.pl\/madrid\/conoce-polonia\/ciencia-en-polonia\/universidades-polacas\/#breadcrumb\",\"itemListElement\":[{\"@type\":\"ListItem\",\"position\":1,\"name\":\"Home\",\"item\":\"https:\/\/instytutpolski.pl\/madrid\/\"},{\"@type\":\"ListItem\",\"position\":2,\"name\":\"Conoce Polonia\",\"item\":\"https:\/\/instytutpolski.pl\/madrid\/conoce-polonia\/\"},{\"@type\":\"ListItem\",\"position\":3,\"name\":\"Ciencia\",\"item\":\"https:\/\/instytutpolski.pl\/madrid\/conoce-polonia\/ciencia-en-polonia\/\"},{\"@type\":\"ListItem\",\"position\":4,\"name\":\"Universidades polacas\"}]},{\"@type\":\"WebSite\",\"@id\":\"https:\/\/instytutpolski.pl\/madrid\/#website\",\"url\":\"https:\/\/instytutpolski.pl\/madrid\/\",\"name\":\"Instytut Polski w Madrycie\",\"description\":\"Instytuty Polskie\",\"potentialAction\":[{\"@type\":\"SearchAction\",\"target\":{\"@type\":\"EntryPoint\",\"urlTemplate\":\"https:\/\/instytutpolski.pl\/madrid\/?s={search_term_string}\"},\"query-input\":{\"@type\":\"PropertyValueSpecification\",\"valueRequired\":true,\"valueName\":\"search_term_string\"}}],\"inLanguage\":\"pl-PL\"}]}<\/script>\n<!-- \/ Yoast SEO plugin. -->","yoast_head_json":{"title":"Universidades polacas - Instytut Polski w Madrycie","robots":{"index":"index","follow":"follow","max-snippet":"max-snippet:-1","max-image-preview":"max-image-preview:large","max-video-preview":"max-video-preview:-1"},"canonical":"https:\/\/instytutpolski.pl\/madrid\/conoce-polonia\/ciencia-en-polonia\/universidades-polacas\/","og_locale":"pl_PL","og_type":"article","og_title":"Universidades polacas - Instytut Polski w Madrycie","og_description":"Universidad de GdanskUniwersytet Gdanski80-952 Gdansk, ul. Bazynskiego 1aTelefon:(0048) 585 525 071, 585 529 328, 585 529 326,internet:&nbsp;www.univ.gda.pl Adam Mickiewicz de Poznan Uniwersytet im. Adama Mickiewicza w Poznaniu61-712 Poznan, ul. Wieniawskiego 1Telefon:(0048) 618 536 251,internet:&nbsp;www.amu.edu.pl Jagel\u00f3nica de CracoviaUniwersytet Jagiellonski w Krakowie31-007 Krak\u00f3w, ul. Golebia 24Telefon:(0048) 124 226 689 Fax:(0048) 124 226 306internet:&nbsp;www.uj.edu.pl Universidad de LodzUniwersytet Lodzki90-191 [&hellip;]","og_url":"https:\/\/instytutpolski.pl\/madrid\/conoce-polonia\/ciencia-en-polonia\/universidades-polacas\/","og_site_name":"Instytut Polski w Madrycie","article_modified_time":"2020-01-24T13:21:03+00:00","og_image":[{"width":1920,"height":700,"url":"https:\/\/instytutpolski.pl\/madrid\/wp-content\/uploads\/sites\/16\/2019\/06\/polskie-uczelnie.jpg","type":"image\/jpeg"}],"twitter_card":"summary_large_image","twitter_misc":{"Szacowany czas czytania":"5 minut"},"schema":{"@context":"https:\/\/schema.org","@graph":[{"@type":"WebPage","@id":"https:\/\/instytutpolski.pl\/madrid\/conoce-polonia\/ciencia-en-polonia\/universidades-polacas\/","url":"https:\/\/instytutpolski.pl\/madrid\/conoce-polonia\/ciencia-en-polonia\/universidades-polacas\/","name":"Universidades polacas - Instytut Polski w Madrycie","isPartOf":{"@id":"https:\/\/instytutpolski.pl\/madrid\/#website"},"primaryImageOfPage":{"@id":"https:\/\/instytutpolski.pl\/madrid\/conoce-polonia\/ciencia-en-polonia\/universidades-polacas\/#primaryimage"},"image":{"@id":"https:\/\/instytutpolski.pl\/madrid\/conoce-polonia\/ciencia-en-polonia\/universidades-polacas\/#primaryimage"},"thumbnailUrl":"https:\/\/instytutpolski.pl\/madrid\/wp-content\/uploads\/sites\/16\/2019\/06\/polskie-uczelnie.jpg","datePublished":"2019-06-25T08:13:05+00:00","dateModified":"2020-01-24T13:21:03+00:00","breadcrumb":{"@id":"https:\/\/instytutpolski.pl\/madrid\/conoce-polonia\/ciencia-en-polonia\/universidades-polacas\/#breadcrumb"},"inLanguage":"pl-PL","potentialAction":[{"@type":"ReadAction","target":["https:\/\/instytutpolski.pl\/madrid\/conoce-polonia\/ciencia-en-polonia\/universidades-polacas\/"]}]},{"@type":"ImageObject","inLanguage":"pl-PL","@id":"https:\/\/instytutpolski.pl\/madrid\/conoce-polonia\/ciencia-en-polonia\/universidades-polacas\/#primaryimage","url":"https:\/\/instytutpolski.pl\/madrid\/wp-content\/uploads\/sites\/16\/2019\/06\/polskie-uczelnie.jpg","contentUrl":"https:\/\/instytutpolski.pl\/madrid\/wp-content\/uploads\/sites\/16\/2019\/06\/polskie-uczelnie.jpg","width":1920,"height":700},{"@type":"BreadcrumbList","@id":"https:\/\/instytutpolski.pl\/madrid\/conoce-polonia\/ciencia-en-polonia\/universidades-polacas\/#breadcrumb","itemListElement":[{"@type":"ListItem","position":1,"name":"Home","item":"https:\/\/instytutpolski.pl\/madrid\/"},{"@type":"ListItem","position":2,"name":"Conoce Polonia","item":"https:\/\/instytutpolski.pl\/madrid\/conoce-polonia\/"},{"@type":"ListItem","position":3,"name":"Ciencia","item":"https:\/\/instytutpolski.pl\/madrid\/conoce-polonia\/ciencia-en-polonia\/"},{"@type":"ListItem","position":4,"name":"Universidades polacas"}]},{"@type":"WebSite","@id":"https:\/\/instytutpolski.pl\/madrid\/#website","url":"https:\/\/instytutpolski.pl\/madrid\/","name":"Instytut Polski w Madrycie","description":"Instytuty Polskie","potentialAction":[{"@type":"SearchAction","target":{"@type":"EntryPoint","urlTemplate":"https:\/\/instytutpolski.pl\/madrid\/?s={search_term_string}"},"query-input":{"@type":"PropertyValueSpecification","valueRequired":true,"valueName":"search_term_string"}}],"inLanguage":"pl-PL"}]}},"_links":{"self":[{"href":"https:\/\/instytutpolski.pl\/madrid\/wp-json\/wp\/v2\/pages\/442","targetHints":{"allow":["GET"]}}],"collection":[{"href":"https:\/\/instytutpolski.pl\/madrid\/wp-json\/wp\/v2\/pages"}],"about":[{"href":"https:\/\/instytutpolski.pl\/madrid\/wp-json\/wp\/v2\/types\/page"}],"author":[{"embeddable":true,"href":"https:\/\/instytutpolski.pl\/madrid\/wp-json\/wp\/v2\/users\/1"}],"replies":[{"embeddable":true,"href":"https:\/\/instytutpolski.pl\/madrid\/wp-json\/wp\/v2\/comments?post=442"}],"version-history":[{"count":4,"href":"https:\/\/instytutpolski.pl\/madrid\/wp-json\/wp\/v2\/pages\/442\/revisions"}],"predecessor-version":[{"id":2432,"href":"https:\/\/instytutpolski.pl\/madrid\/wp-json\/wp\/v2\/pages\/442\/revisions\/2432"}],"up":[{"embeddable":true,"href":"https:\/\/instytutpolski.pl\/madrid\/wp-json\/wp\/v2\/pages\/437"}],"wp:featuredmedia":[{"embeddable":true,"href":"https:\/\/instytutpolski.pl\/madrid\/wp-json\/wp\/v2\/media\/444"}],"wp:attachment":[{"href":"https:\/\/instytutpolski.pl\/madrid\/wp-json\/wp\/v2\/media?parent=442"}],"curies":[{"name":"wp","href":"https:\/\/api.w.org\/{rel}","templated":true}]}}