{"id":448,"date":"2019-06-25T10:14:14","date_gmt":"2019-06-25T08:14:14","guid":{"rendered":"https:\/\/instytutpolski.pl\/madryt\/?page_id=448"},"modified":"2020-01-24T12:11:32","modified_gmt":"2020-01-24T11:11:32","slug":"reconocimiento-de-los-titulos","status":"publish","type":"page","link":"https:\/\/instytutpolski.pl\/madrid\/conoce-polonia\/ciencia-en-polonia\/reconocimiento-de-los-titulos\/","title":{"rendered":"Reconocimiento de los t\u00edtulos"},"content":{"rendered":"\n<p><strong>Informaci\u00f3n sobre el reconocimiento en Polonia de certificados y t\u00edtulos acad\u00e9micos obtenidos en Espa\u00f1a y sobre las normas de&nbsp; reconocimiento de las cualificaciones profesionales de las profesiones reguladas.<\/strong><br><br><strong>La homologaci\u00f3n<\/strong>&nbsp;\u2013u otra modalidad de reconocimiento de t\u00edtulos y certificados acad\u00e9micos\u2013 deber\u00e1 ser solicitada en el pa\u00eds de destino.<br>El procedimiento de homologaci\u00f3n de un certificado o t\u00edtulo espa\u00f1ol variar\u00e1 en funci\u00f3n de si el interesado desea continuar su formaci\u00f3n en Polonia o bien acceder a un puesto de trabajo en dicho pa\u00eds, seg\u00fan se expone a continuaci\u00f3n:&nbsp;<\/p>\n\n\n\n<p>a)&nbsp;Continuaci\u00f3n de la formaci\u00f3n<\/p>\n\n\n\n<p><strong>Aquellas personas que posean el t\u00edtulo de bachiller o un t\u00edtulo universitario espa\u00f1ol<\/strong>&nbsp;y que deseen iniciar o continuar sus estudios en Polonia, deber\u00e1n apostillar su t\u00edtulo en el Ministerio de Justicia antes de emprender el viaje.<br><strong>La apostilla<\/strong>&nbsp;no podr\u00e1 ser sustituida por ning\u00fan otro tipo de legalizaci\u00f3n.<\/p>\n\n\n\n<p>De conformidad con el art. 9 de la Orden del Ministro de Educaci\u00f3n y Ciencia de 6 de abril de 2006 por la que se regula la homologaci\u00f3n de los certificados escolares y t\u00edtulos de bachillerato obtenidos en el extranjero,&nbsp;&nbsp;<strong>el t\u00edtulo de bachiller espa\u00f1ol, que permite acceder a cualquier carrera universitaria en Espa\u00f1a, podr\u00e1 ser homologado con el t\u00edtulo de bachiller polaco<\/strong>&nbsp;(\u015bwiadectwo dojrza\u0142o\u015bci).&nbsp;<strong>La homologaci\u00f3n de dichos t\u00edtulos es competencia de los Servicios Regionales de Inspecci\u00f3n de Ense\u00f1anza<\/strong>&nbsp;(Wojew\u00f3dzkie Kuratorium O\u015bwiaty)&nbsp;&nbsp;<strong>y su tr\u00e1mite es pr\u00e1cticamente autom\u00e1tico.<br><\/strong>La solicitud de homologaci\u00f3n deber\u00e1 presentarse ante la Inspecci\u00f3n Regional de Ense\u00f1anza competente del domicilio del titular o, en su defecto, de la sede de su Universidad.<br>El texto de la citada Orden puede ser consultado en nuestra p\u00e1gina web:<br><a href=\"http:\/\/www.nauka.gov.pl\/g2\/oryginal\/2013_05\/adae302c6f4a1001e49741df8971846d.pdf\">http:\/\/www.nauka.gov.pl\/g2\/oryginal\/2013_05\/adae302c6f4a1001e49741df8971846d.pdf<\/a>&nbsp;.<br>Los t\u00edtulos de bachillerato internacional IB (International Baccalaureate) y europeo (European Baccalaureate) no requieren homologaci\u00f3n.<br><br><strong>Los t\u00edtulos expedidos en cualquiera de los estados de la UE, EFTA u OCDE<\/strong>&nbsp;son reconocidos en Polonia conforme a la disposici\u00f3n del art. 191 a aptdo. 1 de la Ley de educaci\u00f3n superior, de 27 de julio de 2005.&nbsp; Seg\u00fan establece el art. 191a aptdo. 3 de dicha Ley ,&nbsp;<strong>los t\u00edtulos de ense\u00f1anza superior obtenidos en Espa\u00f1a, que facultan a sus titulares para continuar los estudios superiores o acceder a estudios de doctorado en dicho pa\u00eds, permiten a sus titulares continuar la ense\u00f1anza en Polonia, al nivel que corresponda<\/strong>&nbsp;(estudios de posgrado, post-universitarios o de doctorado) o para preparar el doctorado.<\/p>\n\n\n\n<p>b)&nbsp;Acceso al trabajo<\/p>\n\n\n\n<p>A efectos profesionales, los diplomas de ense\u00f1anza secundaria o de otro nivel as\u00ed como los t\u00edtulos de bachillerato podr\u00e1n ser homologados con sus equivalentes&nbsp; polacos, conforme a lo dispuesto en la Orden del Ministro de Educaci\u00f3n y Ciencia de 6 de abril de 2006 por la que se regula la homologaci\u00f3n de los certificados escolares y t\u00edtulos de bachillerato obtenidos en el extranjero. La homologaci\u00f3n deber\u00e1 solicitarse a la Inspecci\u00f3n Regional de Ense\u00f1anza competente del domicilio del titular o, en su defecto, de la sede de la entidad donde haya de presentarse dicho diploma o t\u00edtulo (p.ej. la sede social de la empresa).<\/p>\n\n\n\n<p>Con arreglo a la disposici\u00f3n del art. 191 a aptdo. 3 de la Ley de educaci\u00f3n superior, de 27 de julio de 2005,&nbsp;<strong>un t\u00edtulo emitido por una instituci\u00f3n de ense\u00f1anza espa\u00f1ola que certifique:<br><\/strong>&#8211; una formaci\u00f3n de 3 a\u00f1os o estudios de primer ciclo de una duraci\u00f3n m\u00ednima de 3 a\u00f1os: acredita una formaci\u00f3n superior&nbsp; equivalente al primer&nbsp; ciclo universitario en Polonia;<br>&#8211; estudios de segundo ciclo o estudios de ciclo \u00fanico de una duraci\u00f3n m\u00ednima de 4 a\u00f1os: acredita una formaci\u00f3n superior&nbsp; equivalente al segundo ciclo universitario en Polonia.<br>El t\u00edtulo espa\u00f1ol podr\u00e1 homologarse con su equivalente polaco mediante el procedimiento previsto en la Orden del Ministro de Ciencia y Educaci\u00f3n Superior de 1 de septiembre de 2011 por la que se regula la homologaci\u00f3n de los t\u00edtulos universitarios obtenidos en el extranjero .<\/p>\n\n\n\n<p><strong>En caso de solicitar la homologaci\u00f3n del t\u00edtulo conforme al art. 191a aptdo.&nbsp; 1 o al amparo de la citada Orden no se exigir\u00e1 la apostilla.&nbsp; Por otra parte, la apostilla no implica reconocimiento del t\u00edtulo y no podr\u00e1 sustituir los procedimientos arriba descritos.<\/strong><\/p>\n\n\n\n<p>Con el fin de obtener informaci\u00f3n detallada sobre las normas de reconocimiento&nbsp;<strong>en Polonia<\/strong>&nbsp;de t\u00edtulos acad\u00e9micos expedidos en el extranjero, los interesados deber\u00e1n dirigirse&nbsp;<strong>al Centro ENIC\/NARIC<\/strong>&nbsp;en el Departamento de Estrategia del Ministerio de Ciencia y Ense\u00f1anza Superior , Unidad de reconocimiento acad\u00e9mico (Departament Strategii MNiSW &#8211; Zesp\u00f3\u0142 ds.&nbsp; uznawalno\u015bci wykszta\u0142cenia), tel. +48 22 52 92 266, e-mail&nbsp;<a href=\"mailto:enic-naric@nauka.gov.pl\">enic-naric@nauka.gov.pl<\/a>&nbsp;.<br>Asimismo, podr\u00e1n informarse sobre el reconocimiento acad\u00e9mico en Polonia en nuestra p\u00e1gina web:<br>&#8211;<a href=\"http:\/\/www.nauka.gov.pl\/uznawanie-wyksztalcenia\/departament-strategii-enic-naric-polska.html\">http:\/\/www.nauka.gov.pl\/uznawanie-wyksztalcenia\/departament-strategii-enic-naric-polska.html<\/a>&nbsp;(en polaco)<br>&#8211;<a href=\"http:\/\/www.nauka.gov.pl\/en\/recognition-of-academic-qualifications\/\">http:\/\/www.nauka.gov.pl\/en\/recognition-of-academic-qualifications\/<\/a>&nbsp;(en ingl\u00e9s)<br><strong><br>Por otra parte, existen normas espec\u00edficas que regulan el reconocimiento de las cualificaciones profesionales para el ejercicio de las profesiones reguladas.<\/strong>&nbsp;Los t\u00edtulos expedidos en los estados de la UE, EFTA y OCDE, requerir\u00e1n homologaci\u00f3n exclusivamente si el titular desea ejercer con el t\u00edtulo profesional polaco. En Polonia ,el punto nacional de contacto competente en dicha materia es el Departamento de Estrategia del Ministerio de Ciencia y Ense\u00f1anza Superior, Unidad de Coordinaci\u00f3n del Sistema de Reconocimiento de Cualificaciones Profesionales (Departament Strategii MNiSW, Zesp\u00f3\u0142 ds. Koordynacji Sytemu Uznawania Kwalifikacji Zawodowych ), tel. + 48 22 52 92 326, +48 22 50 17 849<br>e-mail&nbsp;<a href=\"mailto:kwalifikacje@mnisw.gov.pl\">kwalifikacje@mnisw.gov.pl<\/a>&nbsp;. Los interesados tambi\u00e9n podr\u00e1n informarse sobre las normas de reconocimiento de cualificaciones profesionales en las siguientes p\u00e1ginas:<br>&#8211;<a href=\"http:\/\/www.nauka.gov.pl\/kontakt-uznawanie-kwalifikacji\/polski-osrodek-informacji-ds-uznawania-kwalifikacji-zawodowych-na-podstawie-dyrektywy-2005-36-we-kontakt.html\">http:\/\/www.nauka.gov.pl\/kontakt-uznawanie-kwalifikacji\/polski-osrodek-informacji-ds-uznawania-kwalifikacji-zawodowych-na-podstawie-dyrektywy-2005-36-we-kontakt.html<\/a>&nbsp;(en polaco)<br>&#8211;<a href=\"http:\/\/www.nauka.gov.pl\/en\/recognition-of-professional-qualifications-directive-2005-36-ec\/\">http:\/\/www.nauka.gov.pl\/en\/recognition-of-professional-qualifications-directive-2005-36-ec\/<\/a>&nbsp;(en ingl\u00e9s)<\/p>\n\n\n\n<p><strong>Si desean recabar informaci\u00f3n sobre las normas de reconocimiento en Espa\u00f1a de t\u00edtulos acad\u00e9micos obtenidos en Polonia, las personas interesadas pueden dirigirse al centro espa\u00f1ol ENIC\/NARIC:<br><\/strong>NARIC Espa\u00f1a, Ministerio de Educaci\u00f3n, Cultura y Deporte, SG de T\u00edtulos y Reconocimiento de Cualificaciones, Paseo del Prado, 28 &#8211; 28014 Madrid,<br>Tel.: 00 34 91 506 55 93, Fax: 00 34 91 506 57 06, E-mail:&nbsp;<a href=\"mailto:naric@mecd.es\">naric@mecd.es<\/a>,<\/p>\n\n\n\n<figure class=\"wp-block-embed\"><div class=\"wp-block-embed__wrapper\">\nhttp:\/\/www.mecd.gob.es\/servicios-al-ciudadano-mecd\/catalogo\/educacion\/gestion-titulos\/estudios-universitarios\/titulos-extranjeros.html\n<\/div><\/figure>\n","protected":false},"excerpt":{"rendered":"<p>Informaci\u00f3n sobre el reconocimiento en Polonia de certificados y t\u00edtulos acad\u00e9micos obtenidos en Espa\u00f1a y sobre las normas de&nbsp; reconocimiento de las cualificaciones profesionales de las profesiones reguladas. La homologaci\u00f3n&nbsp;\u2013u otra modalidad de reconocimiento de t\u00edtulos y certificados acad\u00e9micos\u2013 deber\u00e1 ser solicitada en el pa\u00eds de destino.El procedimiento de homologaci\u00f3n de un certificado o t\u00edtulo [&hellip;]<\/p>\n","protected":false},"author":1,"featured_media":0,"parent":437,"menu_order":0,"comment_status":"closed","ping_status":"closed","template":"","meta":{"inline_featured_image":false,"_monsterinsights_skip_tracking":false,"_monsterinsights_sitenote_active":false,"_monsterinsights_sitenote_note":"","_monsterinsights_sitenote_category":0,"footnotes":""},"class_list":["post-448","page","type-page","status-publish","hentry"],"yoast_head":"<!-- This site is optimized with the Yoast SEO plugin v24.6 - https:\/\/yoast.com\/wordpress\/plugins\/seo\/ -->\n<title>Reconocimiento de los t\u00edtulos - Instytut Polski w Madrycie<\/title>\n<meta name=\"robots\" content=\"index, follow, max-snippet:-1, max-image-preview:large, max-video-preview:-1\" \/>\n<link rel=\"canonical\" href=\"https:\/\/instytutpolski.pl\/madrid\/conoce-polonia\/ciencia-en-polonia\/reconocimiento-de-los-titulos\/\" \/>\n<meta property=\"og:locale\" content=\"pl_PL\" \/>\n<meta property=\"og:type\" content=\"article\" \/>\n<meta property=\"og:title\" content=\"Reconocimiento de los t\u00edtulos - Instytut Polski w Madrycie\" \/>\n<meta property=\"og:description\" content=\"Informaci\u00f3n sobre el reconocimiento en Polonia de certificados y t\u00edtulos acad\u00e9micos obtenidos en Espa\u00f1a y sobre las normas de&nbsp; reconocimiento de las cualificaciones profesionales de las profesiones reguladas. La homologaci\u00f3n&nbsp;\u2013u otra modalidad de reconocimiento de t\u00edtulos y certificados acad\u00e9micos\u2013 deber\u00e1 ser solicitada en el pa\u00eds de destino.El procedimiento de homologaci\u00f3n de un certificado o t\u00edtulo [&hellip;]\" \/>\n<meta property=\"og:url\" content=\"https:\/\/instytutpolski.pl\/madrid\/conoce-polonia\/ciencia-en-polonia\/reconocimiento-de-los-titulos\/\" \/>\n<meta property=\"og:site_name\" content=\"Instytut Polski w Madrycie\" \/>\n<meta property=\"article:modified_time\" content=\"2020-01-24T11:11:32+00:00\" \/>\n<meta name=\"twitter:card\" content=\"summary_large_image\" \/>\n<meta name=\"twitter:label1\" content=\"Szacowany czas czytania\" \/>\n\t<meta name=\"twitter:data1\" content=\"6 minut\" \/>\n<script type=\"application\/ld+json\" class=\"yoast-schema-graph\">{\"@context\":\"https:\/\/schema.org\",\"@graph\":[{\"@type\":\"WebPage\",\"@id\":\"https:\/\/instytutpolski.pl\/madrid\/conoce-polonia\/ciencia-en-polonia\/reconocimiento-de-los-titulos\/\",\"url\":\"https:\/\/instytutpolski.pl\/madrid\/conoce-polonia\/ciencia-en-polonia\/reconocimiento-de-los-titulos\/\",\"name\":\"Reconocimiento de los t\u00edtulos - Instytut Polski w Madrycie\",\"isPartOf\":{\"@id\":\"https:\/\/instytutpolski.pl\/madrid\/#website\"},\"datePublished\":\"2019-06-25T08:14:14+00:00\",\"dateModified\":\"2020-01-24T11:11:32+00:00\",\"breadcrumb\":{\"@id\":\"https:\/\/instytutpolski.pl\/madrid\/conoce-polonia\/ciencia-en-polonia\/reconocimiento-de-los-titulos\/#breadcrumb\"},\"inLanguage\":\"pl-PL\",\"potentialAction\":[{\"@type\":\"ReadAction\",\"target\":[\"https:\/\/instytutpolski.pl\/madrid\/conoce-polonia\/ciencia-en-polonia\/reconocimiento-de-los-titulos\/\"]}]},{\"@type\":\"BreadcrumbList\",\"@id\":\"https:\/\/instytutpolski.pl\/madrid\/conoce-polonia\/ciencia-en-polonia\/reconocimiento-de-los-titulos\/#breadcrumb\",\"itemListElement\":[{\"@type\":\"ListItem\",\"position\":1,\"name\":\"Home\",\"item\":\"https:\/\/instytutpolski.pl\/madrid\/\"},{\"@type\":\"ListItem\",\"position\":2,\"name\":\"Conoce Polonia\",\"item\":\"https:\/\/instytutpolski.pl\/madrid\/conoce-polonia\/\"},{\"@type\":\"ListItem\",\"position\":3,\"name\":\"Ciencia\",\"item\":\"https:\/\/instytutpolski.pl\/madrid\/conoce-polonia\/ciencia-en-polonia\/\"},{\"@type\":\"ListItem\",\"position\":4,\"name\":\"Reconocimiento de los t\u00edtulos\"}]},{\"@type\":\"WebSite\",\"@id\":\"https:\/\/instytutpolski.pl\/madrid\/#website\",\"url\":\"https:\/\/instytutpolski.pl\/madrid\/\",\"name\":\"Instytut Polski w Madrycie\",\"description\":\"Instytuty Polskie\",\"potentialAction\":[{\"@type\":\"SearchAction\",\"target\":{\"@type\":\"EntryPoint\",\"urlTemplate\":\"https:\/\/instytutpolski.pl\/madrid\/?s={search_term_string}\"},\"query-input\":{\"@type\":\"PropertyValueSpecification\",\"valueRequired\":true,\"valueName\":\"search_term_string\"}}],\"inLanguage\":\"pl-PL\"}]}<\/script>\n<!-- \/ Yoast SEO plugin. -->","yoast_head_json":{"title":"Reconocimiento de los t\u00edtulos - Instytut Polski w Madrycie","robots":{"index":"index","follow":"follow","max-snippet":"max-snippet:-1","max-image-preview":"max-image-preview:large","max-video-preview":"max-video-preview:-1"},"canonical":"https:\/\/instytutpolski.pl\/madrid\/conoce-polonia\/ciencia-en-polonia\/reconocimiento-de-los-titulos\/","og_locale":"pl_PL","og_type":"article","og_title":"Reconocimiento de los t\u00edtulos - Instytut Polski w Madrycie","og_description":"Informaci\u00f3n sobre el reconocimiento en Polonia de certificados y t\u00edtulos acad\u00e9micos obtenidos en Espa\u00f1a y sobre las normas de&nbsp; reconocimiento de las cualificaciones profesionales de las profesiones reguladas. La homologaci\u00f3n&nbsp;\u2013u otra modalidad de reconocimiento de t\u00edtulos y certificados acad\u00e9micos\u2013 deber\u00e1 ser solicitada en el pa\u00eds de destino.El procedimiento de homologaci\u00f3n de un certificado o t\u00edtulo [&hellip;]","og_url":"https:\/\/instytutpolski.pl\/madrid\/conoce-polonia\/ciencia-en-polonia\/reconocimiento-de-los-titulos\/","og_site_name":"Instytut Polski w Madrycie","article_modified_time":"2020-01-24T11:11:32+00:00","twitter_card":"summary_large_image","twitter_misc":{"Szacowany czas czytania":"6 minut"},"schema":{"@context":"https:\/\/schema.org","@graph":[{"@type":"WebPage","@id":"https:\/\/instytutpolski.pl\/madrid\/conoce-polonia\/ciencia-en-polonia\/reconocimiento-de-los-titulos\/","url":"https:\/\/instytutpolski.pl\/madrid\/conoce-polonia\/ciencia-en-polonia\/reconocimiento-de-los-titulos\/","name":"Reconocimiento de los t\u00edtulos - Instytut Polski w Madrycie","isPartOf":{"@id":"https:\/\/instytutpolski.pl\/madrid\/#website"},"datePublished":"2019-06-25T08:14:14+00:00","dateModified":"2020-01-24T11:11:32+00:00","breadcrumb":{"@id":"https:\/\/instytutpolski.pl\/madrid\/conoce-polonia\/ciencia-en-polonia\/reconocimiento-de-los-titulos\/#breadcrumb"},"inLanguage":"pl-PL","potentialAction":[{"@type":"ReadAction","target":["https:\/\/instytutpolski.pl\/madrid\/conoce-polonia\/ciencia-en-polonia\/reconocimiento-de-los-titulos\/"]}]},{"@type":"BreadcrumbList","@id":"https:\/\/instytutpolski.pl\/madrid\/conoce-polonia\/ciencia-en-polonia\/reconocimiento-de-los-titulos\/#breadcrumb","itemListElement":[{"@type":"ListItem","position":1,"name":"Home","item":"https:\/\/instytutpolski.pl\/madrid\/"},{"@type":"ListItem","position":2,"name":"Conoce Polonia","item":"https:\/\/instytutpolski.pl\/madrid\/conoce-polonia\/"},{"@type":"ListItem","position":3,"name":"Ciencia","item":"https:\/\/instytutpolski.pl\/madrid\/conoce-polonia\/ciencia-en-polonia\/"},{"@type":"ListItem","position":4,"name":"Reconocimiento de los t\u00edtulos"}]},{"@type":"WebSite","@id":"https:\/\/instytutpolski.pl\/madrid\/#website","url":"https:\/\/instytutpolski.pl\/madrid\/","name":"Instytut Polski w Madrycie","description":"Instytuty Polskie","potentialAction":[{"@type":"SearchAction","target":{"@type":"EntryPoint","urlTemplate":"https:\/\/instytutpolski.pl\/madrid\/?s={search_term_string}"},"query-input":{"@type":"PropertyValueSpecification","valueRequired":true,"valueName":"search_term_string"}}],"inLanguage":"pl-PL"}]}},"_links":{"self":[{"href":"https:\/\/instytutpolski.pl\/madrid\/wp-json\/wp\/v2\/pages\/448","targetHints":{"allow":["GET"]}}],"collection":[{"href":"https:\/\/instytutpolski.pl\/madrid\/wp-json\/wp\/v2\/pages"}],"about":[{"href":"https:\/\/instytutpolski.pl\/madrid\/wp-json\/wp\/v2\/types\/page"}],"author":[{"embeddable":true,"href":"https:\/\/instytutpolski.pl\/madrid\/wp-json\/wp\/v2\/users\/1"}],"replies":[{"embeddable":true,"href":"https:\/\/instytutpolski.pl\/madrid\/wp-json\/wp\/v2\/comments?post=448"}],"version-history":[{"count":2,"href":"https:\/\/instytutpolski.pl\/madrid\/wp-json\/wp\/v2\/pages\/448\/revisions"}],"predecessor-version":[{"id":1138,"href":"https:\/\/instytutpolski.pl\/madrid\/wp-json\/wp\/v2\/pages\/448\/revisions\/1138"}],"up":[{"embeddable":true,"href":"https:\/\/instytutpolski.pl\/madrid\/wp-json\/wp\/v2\/pages\/437"}],"wp:attachment":[{"href":"https:\/\/instytutpolski.pl\/madrid\/wp-json\/wp\/v2\/media?parent=448"}],"curies":[{"name":"wp","href":"https:\/\/api.w.org\/{rel}","templated":true}]}}