{"id":452,"date":"2019-06-25T10:17:23","date_gmt":"2019-06-25T08:17:23","guid":{"rendered":"https:\/\/instytutpolski.pl\/madryt\/?page_id=452"},"modified":"2020-06-09T11:42:20","modified_gmt":"2020-06-09T09:42:20","slug":"programas-de-investigacion","status":"publish","type":"page","link":"https:\/\/instytutpolski.pl\/madrid\/conoce-polonia\/ciencia-en-polonia\/programas-de-investigacion\/","title":{"rendered":"Programas de investigaci\u00f3n"},"content":{"rendered":"\n<p><\/p>\n\n\n\n<p><\/p>\n\n\n\n<p><strong>El Centro Nacional de la Ciencia (Narodowe Centrum Nauki)<\/strong>\u00a0es la instituci\u00f3n responsable de apoyar la investigaci\u00f3n cient\u00edfica llevada a cabo por los centros polacos independientemente, o en colaboraci\u00f3n con centros extranjeros: <\/p>\n\n\n\n<p><a href=\"https:\/\/www.ncn.gov.pl\/?language=en\">https:\/\/www.ncn.gov.pl\/?language=en<\/a><\/p>\n","protected":false},"excerpt":{"rendered":"<p>El Centro Nacional de la Ciencia (Narodowe Centrum Nauki)\u00a0es la instituci\u00f3n responsable de apoyar la investigaci\u00f3n cient\u00edfica llevada a cabo por los centros polacos independientemente, o en colaboraci\u00f3n con centros extranjeros: https:\/\/www.ncn.gov.pl\/?language=en<\/p>\n","protected":false},"author":1,"featured_media":0,"parent":437,"menu_order":0,"comment_status":"closed","ping_status":"closed","template":"","meta":{"inline_featured_image":false,"_monsterinsights_skip_tracking":false,"_monsterinsights_sitenote_active":false,"_monsterinsights_sitenote_note":"","_monsterinsights_sitenote_category":0,"footnotes":""},"class_list":["post-452","page","type-page","status-publish","hentry"],"yoast_head":"<!-- This site is optimized with the Yoast SEO plugin v24.6 - https:\/\/yoast.com\/wordpress\/plugins\/seo\/ -->\n<title>Programas de investigaci\u00f3n - Instytut Polski w Madrycie<\/title>\n<meta name=\"robots\" content=\"index, follow, max-snippet:-1, max-image-preview:large, max-video-preview:-1\" \/>\n<link rel=\"canonical\" href=\"https:\/\/instytutpolski.pl\/madrid\/conoce-polonia\/ciencia-en-polonia\/programas-de-investigacion\/\" \/>\n<meta property=\"og:locale\" content=\"pl_PL\" \/>\n<meta property=\"og:type\" content=\"article\" \/>\n<meta property=\"og:title\" content=\"Programas de investigaci\u00f3n - Instytut Polski w Madrycie\" \/>\n<meta property=\"og:description\" content=\"El Centro Nacional de la Ciencia (Narodowe Centrum Nauki)\u00a0es la instituci\u00f3n responsable de apoyar la investigaci\u00f3n cient\u00edfica llevada a cabo por los centros polacos independientemente, o en colaboraci\u00f3n con centros extranjeros: https:\/\/www.ncn.gov.pl\/?language=en\" \/>\n<meta property=\"og:url\" content=\"https:\/\/instytutpolski.pl\/madrid\/conoce-polonia\/ciencia-en-polonia\/programas-de-investigacion\/\" \/>\n<meta property=\"og:site_name\" content=\"Instytut Polski w Madrycie\" \/>\n<meta property=\"article:modified_time\" content=\"2020-06-09T09:42:20+00:00\" \/>\n<meta name=\"twitter:card\" content=\"summary_large_image\" \/>\n<script type=\"application\/ld+json\" class=\"yoast-schema-graph\">{\"@context\":\"https:\/\/schema.org\",\"@graph\":[{\"@type\":\"WebPage\",\"@id\":\"https:\/\/instytutpolski.pl\/madrid\/conoce-polonia\/ciencia-en-polonia\/programas-de-investigacion\/\",\"url\":\"https:\/\/instytutpolski.pl\/madrid\/conoce-polonia\/ciencia-en-polonia\/programas-de-investigacion\/\",\"name\":\"Programas de investigaci\u00f3n - Instytut Polski w Madrycie\",\"isPartOf\":{\"@id\":\"https:\/\/instytutpolski.pl\/madrid\/#website\"},\"datePublished\":\"2019-06-25T08:17:23+00:00\",\"dateModified\":\"2020-06-09T09:42:20+00:00\",\"breadcrumb\":{\"@id\":\"https:\/\/instytutpolski.pl\/madrid\/conoce-polonia\/ciencia-en-polonia\/programas-de-investigacion\/#breadcrumb\"},\"inLanguage\":\"pl-PL\",\"potentialAction\":[{\"@type\":\"ReadAction\",\"target\":[\"https:\/\/instytutpolski.pl\/madrid\/conoce-polonia\/ciencia-en-polonia\/programas-de-investigacion\/\"]}]},{\"@type\":\"BreadcrumbList\",\"@id\":\"https:\/\/instytutpolski.pl\/madrid\/conoce-polonia\/ciencia-en-polonia\/programas-de-investigacion\/#breadcrumb\",\"itemListElement\":[{\"@type\":\"ListItem\",\"position\":1,\"name\":\"Home\",\"item\":\"https:\/\/instytutpolski.pl\/madrid\/\"},{\"@type\":\"ListItem\",\"position\":2,\"name\":\"Conoce Polonia\",\"item\":\"https:\/\/instytutpolski.pl\/madrid\/conoce-polonia\/\"},{\"@type\":\"ListItem\",\"position\":3,\"name\":\"Ciencia\",\"item\":\"https:\/\/instytutpolski.pl\/madrid\/conoce-polonia\/ciencia-en-polonia\/\"},{\"@type\":\"ListItem\",\"position\":4,\"name\":\"Programas de investigaci\u00f3n\"}]},{\"@type\":\"WebSite\",\"@id\":\"https:\/\/instytutpolski.pl\/madrid\/#website\",\"url\":\"https:\/\/instytutpolski.pl\/madrid\/\",\"name\":\"Instytut Polski w Madrycie\",\"description\":\"Instytuty Polskie\",\"potentialAction\":[{\"@type\":\"SearchAction\",\"target\":{\"@type\":\"EntryPoint\",\"urlTemplate\":\"https:\/\/instytutpolski.pl\/madrid\/?s={search_term_string}\"},\"query-input\":{\"@type\":\"PropertyValueSpecification\",\"valueRequired\":true,\"valueName\":\"search_term_string\"}}],\"inLanguage\":\"pl-PL\"}]}<\/script>\n<!-- \/ Yoast SEO plugin. -->","yoast_head_json":{"title":"Programas de investigaci\u00f3n - Instytut Polski w Madrycie","robots":{"index":"index","follow":"follow","max-snippet":"max-snippet:-1","max-image-preview":"max-image-preview:large","max-video-preview":"max-video-preview:-1"},"canonical":"https:\/\/instytutpolski.pl\/madrid\/conoce-polonia\/ciencia-en-polonia\/programas-de-investigacion\/","og_locale":"pl_PL","og_type":"article","og_title":"Programas de investigaci\u00f3n - Instytut Polski w Madrycie","og_description":"El Centro Nacional de la Ciencia (Narodowe Centrum Nauki)\u00a0es la instituci\u00f3n responsable de apoyar la investigaci\u00f3n cient\u00edfica llevada a cabo por los centros polacos independientemente, o en colaboraci\u00f3n con centros extranjeros: https:\/\/www.ncn.gov.pl\/?language=en","og_url":"https:\/\/instytutpolski.pl\/madrid\/conoce-polonia\/ciencia-en-polonia\/programas-de-investigacion\/","og_site_name":"Instytut Polski w Madrycie","article_modified_time":"2020-06-09T09:42:20+00:00","twitter_card":"summary_large_image","schema":{"@context":"https:\/\/schema.org","@graph":[{"@type":"WebPage","@id":"https:\/\/instytutpolski.pl\/madrid\/conoce-polonia\/ciencia-en-polonia\/programas-de-investigacion\/","url":"https:\/\/instytutpolski.pl\/madrid\/conoce-polonia\/ciencia-en-polonia\/programas-de-investigacion\/","name":"Programas de investigaci\u00f3n - Instytut Polski w Madrycie","isPartOf":{"@id":"https:\/\/instytutpolski.pl\/madrid\/#website"},"datePublished":"2019-06-25T08:17:23+00:00","dateModified":"2020-06-09T09:42:20+00:00","breadcrumb":{"@id":"https:\/\/instytutpolski.pl\/madrid\/conoce-polonia\/ciencia-en-polonia\/programas-de-investigacion\/#breadcrumb"},"inLanguage":"pl-PL","potentialAction":[{"@type":"ReadAction","target":["https:\/\/instytutpolski.pl\/madrid\/conoce-polonia\/ciencia-en-polonia\/programas-de-investigacion\/"]}]},{"@type":"BreadcrumbList","@id":"https:\/\/instytutpolski.pl\/madrid\/conoce-polonia\/ciencia-en-polonia\/programas-de-investigacion\/#breadcrumb","itemListElement":[{"@type":"ListItem","position":1,"name":"Home","item":"https:\/\/instytutpolski.pl\/madrid\/"},{"@type":"ListItem","position":2,"name":"Conoce Polonia","item":"https:\/\/instytutpolski.pl\/madrid\/conoce-polonia\/"},{"@type":"ListItem","position":3,"name":"Ciencia","item":"https:\/\/instytutpolski.pl\/madrid\/conoce-polonia\/ciencia-en-polonia\/"},{"@type":"ListItem","position":4,"name":"Programas de investigaci\u00f3n"}]},{"@type":"WebSite","@id":"https:\/\/instytutpolski.pl\/madrid\/#website","url":"https:\/\/instytutpolski.pl\/madrid\/","name":"Instytut Polski w Madrycie","description":"Instytuty Polskie","potentialAction":[{"@type":"SearchAction","target":{"@type":"EntryPoint","urlTemplate":"https:\/\/instytutpolski.pl\/madrid\/?s={search_term_string}"},"query-input":{"@type":"PropertyValueSpecification","valueRequired":true,"valueName":"search_term_string"}}],"inLanguage":"pl-PL"}]}},"_links":{"self":[{"href":"https:\/\/instytutpolski.pl\/madrid\/wp-json\/wp\/v2\/pages\/452","targetHints":{"allow":["GET"]}}],"collection":[{"href":"https:\/\/instytutpolski.pl\/madrid\/wp-json\/wp\/v2\/pages"}],"about":[{"href":"https:\/\/instytutpolski.pl\/madrid\/wp-json\/wp\/v2\/types\/page"}],"author":[{"embeddable":true,"href":"https:\/\/instytutpolski.pl\/madrid\/wp-json\/wp\/v2\/users\/1"}],"replies":[{"embeddable":true,"href":"https:\/\/instytutpolski.pl\/madrid\/wp-json\/wp\/v2\/comments?post=452"}],"version-history":[{"count":2,"href":"https:\/\/instytutpolski.pl\/madrid\/wp-json\/wp\/v2\/pages\/452\/revisions"}],"predecessor-version":[{"id":4314,"href":"https:\/\/instytutpolski.pl\/madrid\/wp-json\/wp\/v2\/pages\/452\/revisions\/4314"}],"up":[{"embeddable":true,"href":"https:\/\/instytutpolski.pl\/madrid\/wp-json\/wp\/v2\/pages\/437"}],"wp:attachment":[{"href":"https:\/\/instytutpolski.pl\/madrid\/wp-json\/wp\/v2\/media?parent=452"}],"curies":[{"name":"wp","href":"https:\/\/api.w.org\/{rel}","templated":true}]}}