{"id":473,"date":"2019-06-25T10:55:42","date_gmt":"2019-06-25T08:55:42","guid":{"rendered":"https:\/\/instytutpolski.pl\/madryt\/?page_id=473"},"modified":"2024-01-18T16:11:32","modified_gmt":"2024-01-18T15:11:32","slug":"cursos-de-polaco-organizados-por-el-instituto-polaco-de-cultura","status":"publish","type":"page","link":"https:\/\/instytutpolski.pl\/madrid\/lengua-polaca\/cursos-de-polaco-organizados-por-el-instituto-polaco-de-cultura\/","title":{"rendered":"Cursos de polaco en el Instituto Polaco de Cultura"},"content":{"rendered":"\n<div id=\"fancybox-wrap\">\n<div id=\"fancybox-outer\">\n<div id=\"fancybox-content\">\n<div>\n<div id=\"fb-page\">\n<section id=\"article-mod\">\n<article><header>\n<h4>Cursos de polaco\u00a0<\/h4>\n<\/header><\/article>\n<\/section>\n<\/div>\n<\/div>\n<\/div>\n<\/div>\n<\/div>\n<div class=\"lead\">\u00a1Ya puedes aprender polaco o mejorar tu nivel! Ap\u00fantate a los cursos de polaco para hispanohablantes ofrecidos por el Instituto Polaco de Cultura.<\/div>\n<p>Los cursos tienen lugar de septiembre a junio en formato online.<\/p>\n<p><strong>M\u00c1S INFO<\/strong><\/p>\n<p><strong>Calendario del curso<\/strong><br \/>De septiembre a junio.<\/p>\n<p><strong>Horas lectivas<\/strong><br \/>20 clases de 90 minutos cada una (30 horas de duraci\u00f3n total del curso)\u00a0<\/p>\n<p><strong>Coste<\/strong><br \/>200 euros \/ trimestre (matr\u00edcula y examen incluidos)\u00a0<\/p>\n<p><strong>Horarios\u00a0<\/strong><br \/>Martes y jueves<\/p>\n<p><strong>Modalidad<\/strong><br \/>Clases impartidas en directo a trav\u00e9s de la plataforma Zoom en grupos de m\u00ednimo 4 personas y m\u00e1ximo de 12<\/p>\n<p>*No se garantiza la creaci\u00f3n de todos los grupos (para la creaci\u00f3n de los mismos es necesario alcanzar el cupo m\u00ednimo de personas inscritas)<\/p>\n<p><strong>Contacto<\/strong><br \/>Resuelve tus dudas, escr\u00edbenos un email a\u00a0<a href=\"mailto:cursos@instytutpolski.pl\">cursos@instytutpolski.pl<\/a><\/p>\n<p>PROFESORAS<\/p>\n<p><strong>Magdalena D\u0119bowska<\/strong>: doble licenciatura por la Universidad Jaguell\u00f3nica de Cracovia en filolog\u00eda italiana y filolog\u00eda polaca, especializada en la ense\u00f1anza de polaco para extranjeros. Con una amplia experiencia en educaci\u00f3n biling\u00fce, imparte habitualmente clases de polaco, individuales y de grupo, de diferentes niveles y edades.<\/p>\n<p><strong>Magdalena Piasta<\/strong>: licenciada en filolog\u00eda polaca por la Universidad de Wroc\u0142aw, especializada en la ense\u00f1anza de polaco para extranjeros. Profesora de lengua y literatura polaca en el Colegio Adjunto a la Embajada de Polonia en Espa\u00f1a, suma m\u00e1s de 15 a\u00f1os de experiencia ense\u00f1ando polaco a particulares y a grupos.<\/p>\n","protected":false},"excerpt":{"rendered":"<p>Cursos de polaco\u00a0 \u00a1Ya puedes aprender polaco o mejorar tu nivel! Ap\u00fantate a los cursos de polaco para hispanohablantes ofrecidos por el Instituto Polaco de Cultura. Los cursos tienen lugar de septiembre a junio en formato online. M\u00c1S INFO Calendario del cursoDe septiembre a junio. Horas lectivas20 clases de 90 minutos cada una (30 horas [&hellip;]<\/p>\n","protected":false},"author":1,"featured_media":475,"parent":467,"menu_order":0,"comment_status":"closed","ping_status":"closed","template":"","meta":{"inline_featured_image":false,"_monsterinsights_skip_tracking":false,"_monsterinsights_sitenote_active":false,"_monsterinsights_sitenote_note":"","_monsterinsights_sitenote_category":0,"footnotes":""},"class_list":["post-473","page","type-page","status-publish","has-post-thumbnail","hentry"],"yoast_head":"<!-- This site is optimized with the Yoast SEO plugin v24.6 - https:\/\/yoast.com\/wordpress\/plugins\/seo\/ -->\n<title>Cursos de polaco en el Instituto Polaco de Cultura - Instytut Polski w Madrycie<\/title>\n<meta name=\"robots\" content=\"index, follow, max-snippet:-1, max-image-preview:large, max-video-preview:-1\" \/>\n<link rel=\"canonical\" href=\"https:\/\/instytutpolski.pl\/madrid\/lengua-polaca\/cursos-de-polaco-organizados-por-el-instituto-polaco-de-cultura\/\" \/>\n<meta property=\"og:locale\" content=\"pl_PL\" \/>\n<meta property=\"og:type\" content=\"article\" \/>\n<meta property=\"og:title\" content=\"Cursos de polaco en el Instituto Polaco de Cultura - Instytut Polski w Madrycie\" \/>\n<meta property=\"og:description\" content=\"Cursos de polaco\u00a0 \u00a1Ya puedes aprender polaco o mejorar tu nivel! Ap\u00fantate a los cursos de polaco para hispanohablantes ofrecidos por el Instituto Polaco de Cultura. Los cursos tienen lugar de septiembre a junio en formato online. M\u00c1S INFO Calendario del cursoDe septiembre a junio. Horas lectivas20 clases de 90 minutos cada una (30 horas [&hellip;]\" \/>\n<meta property=\"og:url\" content=\"https:\/\/instytutpolski.pl\/madrid\/lengua-polaca\/cursos-de-polaco-organizados-por-el-instituto-polaco-de-cultura\/\" \/>\n<meta property=\"og:site_name\" content=\"Instytut Polski w Madrycie\" \/>\n<meta property=\"article:modified_time\" content=\"2024-01-18T15:11:32+00:00\" \/>\n<meta property=\"og:image\" content=\"https:\/\/instytutpolski.pl\/madrid\/wp-content\/uploads\/sites\/16\/2019\/06\/kursy-jezyka-polskiego-kultury.jpg\" \/>\n\t<meta property=\"og:image:width\" content=\"1920\" \/>\n\t<meta property=\"og:image:height\" content=\"700\" \/>\n\t<meta property=\"og:image:type\" content=\"image\/jpeg\" \/>\n<meta name=\"twitter:card\" content=\"summary_large_image\" \/>\n<meta name=\"twitter:label1\" content=\"Szacowany czas czytania\" \/>\n\t<meta name=\"twitter:data1\" content=\"2 minuty\" \/>\n<script type=\"application\/ld+json\" class=\"yoast-schema-graph\">{\"@context\":\"https:\/\/schema.org\",\"@graph\":[{\"@type\":\"WebPage\",\"@id\":\"https:\/\/instytutpolski.pl\/madrid\/lengua-polaca\/cursos-de-polaco-organizados-por-el-instituto-polaco-de-cultura\/\",\"url\":\"https:\/\/instytutpolski.pl\/madrid\/lengua-polaca\/cursos-de-polaco-organizados-por-el-instituto-polaco-de-cultura\/\",\"name\":\"Cursos de polaco en el Instituto Polaco de Cultura - Instytut Polski w Madrycie\",\"isPartOf\":{\"@id\":\"https:\/\/instytutpolski.pl\/madrid\/#website\"},\"primaryImageOfPage\":{\"@id\":\"https:\/\/instytutpolski.pl\/madrid\/lengua-polaca\/cursos-de-polaco-organizados-por-el-instituto-polaco-de-cultura\/#primaryimage\"},\"image\":{\"@id\":\"https:\/\/instytutpolski.pl\/madrid\/lengua-polaca\/cursos-de-polaco-organizados-por-el-instituto-polaco-de-cultura\/#primaryimage\"},\"thumbnailUrl\":\"https:\/\/instytutpolski.pl\/madrid\/wp-content\/uploads\/sites\/16\/2019\/06\/kursy-jezyka-polskiego-kultury.jpg\",\"datePublished\":\"2019-06-25T08:55:42+00:00\",\"dateModified\":\"2024-01-18T15:11:32+00:00\",\"breadcrumb\":{\"@id\":\"https:\/\/instytutpolski.pl\/madrid\/lengua-polaca\/cursos-de-polaco-organizados-por-el-instituto-polaco-de-cultura\/#breadcrumb\"},\"inLanguage\":\"pl-PL\",\"potentialAction\":[{\"@type\":\"ReadAction\",\"target\":[\"https:\/\/instytutpolski.pl\/madrid\/lengua-polaca\/cursos-de-polaco-organizados-por-el-instituto-polaco-de-cultura\/\"]}]},{\"@type\":\"ImageObject\",\"inLanguage\":\"pl-PL\",\"@id\":\"https:\/\/instytutpolski.pl\/madrid\/lengua-polaca\/cursos-de-polaco-organizados-por-el-instituto-polaco-de-cultura\/#primaryimage\",\"url\":\"https:\/\/instytutpolski.pl\/madrid\/wp-content\/uploads\/sites\/16\/2019\/06\/kursy-jezyka-polskiego-kultury.jpg\",\"contentUrl\":\"https:\/\/instytutpolski.pl\/madrid\/wp-content\/uploads\/sites\/16\/2019\/06\/kursy-jezyka-polskiego-kultury.jpg\",\"width\":1920,\"height\":700},{\"@type\":\"BreadcrumbList\",\"@id\":\"https:\/\/instytutpolski.pl\/madrid\/lengua-polaca\/cursos-de-polaco-organizados-por-el-instituto-polaco-de-cultura\/#breadcrumb\",\"itemListElement\":[{\"@type\":\"ListItem\",\"position\":1,\"name\":\"Home\",\"item\":\"https:\/\/instytutpolski.pl\/madrid\/\"},{\"@type\":\"ListItem\",\"position\":2,\"name\":\"Lengua polaca\",\"item\":\"https:\/\/instytutpolski.pl\/madrid\/lengua-polaca\/\"},{\"@type\":\"ListItem\",\"position\":3,\"name\":\"Cursos de polaco en el Instituto Polaco de Cultura\"}]},{\"@type\":\"WebSite\",\"@id\":\"https:\/\/instytutpolski.pl\/madrid\/#website\",\"url\":\"https:\/\/instytutpolski.pl\/madrid\/\",\"name\":\"Instytut Polski w Madrycie\",\"description\":\"Instytuty Polskie\",\"potentialAction\":[{\"@type\":\"SearchAction\",\"target\":{\"@type\":\"EntryPoint\",\"urlTemplate\":\"https:\/\/instytutpolski.pl\/madrid\/?s={search_term_string}\"},\"query-input\":{\"@type\":\"PropertyValueSpecification\",\"valueRequired\":true,\"valueName\":\"search_term_string\"}}],\"inLanguage\":\"pl-PL\"}]}<\/script>\n<!-- \/ Yoast SEO plugin. -->","yoast_head_json":{"title":"Cursos de polaco en el Instituto Polaco de Cultura - Instytut Polski w Madrycie","robots":{"index":"index","follow":"follow","max-snippet":"max-snippet:-1","max-image-preview":"max-image-preview:large","max-video-preview":"max-video-preview:-1"},"canonical":"https:\/\/instytutpolski.pl\/madrid\/lengua-polaca\/cursos-de-polaco-organizados-por-el-instituto-polaco-de-cultura\/","og_locale":"pl_PL","og_type":"article","og_title":"Cursos de polaco en el Instituto Polaco de Cultura - Instytut Polski w Madrycie","og_description":"Cursos de polaco\u00a0 \u00a1Ya puedes aprender polaco o mejorar tu nivel! Ap\u00fantate a los cursos de polaco para hispanohablantes ofrecidos por el Instituto Polaco de Cultura. Los cursos tienen lugar de septiembre a junio en formato online. M\u00c1S INFO Calendario del cursoDe septiembre a junio. Horas lectivas20 clases de 90 minutos cada una (30 horas [&hellip;]","og_url":"https:\/\/instytutpolski.pl\/madrid\/lengua-polaca\/cursos-de-polaco-organizados-por-el-instituto-polaco-de-cultura\/","og_site_name":"Instytut Polski w Madrycie","article_modified_time":"2024-01-18T15:11:32+00:00","og_image":[{"width":1920,"height":700,"url":"https:\/\/instytutpolski.pl\/madrid\/wp-content\/uploads\/sites\/16\/2019\/06\/kursy-jezyka-polskiego-kultury.jpg","type":"image\/jpeg"}],"twitter_card":"summary_large_image","twitter_misc":{"Szacowany czas czytania":"2 minuty"},"schema":{"@context":"https:\/\/schema.org","@graph":[{"@type":"WebPage","@id":"https:\/\/instytutpolski.pl\/madrid\/lengua-polaca\/cursos-de-polaco-organizados-por-el-instituto-polaco-de-cultura\/","url":"https:\/\/instytutpolski.pl\/madrid\/lengua-polaca\/cursos-de-polaco-organizados-por-el-instituto-polaco-de-cultura\/","name":"Cursos de polaco en el Instituto Polaco de Cultura - Instytut Polski w Madrycie","isPartOf":{"@id":"https:\/\/instytutpolski.pl\/madrid\/#website"},"primaryImageOfPage":{"@id":"https:\/\/instytutpolski.pl\/madrid\/lengua-polaca\/cursos-de-polaco-organizados-por-el-instituto-polaco-de-cultura\/#primaryimage"},"image":{"@id":"https:\/\/instytutpolski.pl\/madrid\/lengua-polaca\/cursos-de-polaco-organizados-por-el-instituto-polaco-de-cultura\/#primaryimage"},"thumbnailUrl":"https:\/\/instytutpolski.pl\/madrid\/wp-content\/uploads\/sites\/16\/2019\/06\/kursy-jezyka-polskiego-kultury.jpg","datePublished":"2019-06-25T08:55:42+00:00","dateModified":"2024-01-18T15:11:32+00:00","breadcrumb":{"@id":"https:\/\/instytutpolski.pl\/madrid\/lengua-polaca\/cursos-de-polaco-organizados-por-el-instituto-polaco-de-cultura\/#breadcrumb"},"inLanguage":"pl-PL","potentialAction":[{"@type":"ReadAction","target":["https:\/\/instytutpolski.pl\/madrid\/lengua-polaca\/cursos-de-polaco-organizados-por-el-instituto-polaco-de-cultura\/"]}]},{"@type":"ImageObject","inLanguage":"pl-PL","@id":"https:\/\/instytutpolski.pl\/madrid\/lengua-polaca\/cursos-de-polaco-organizados-por-el-instituto-polaco-de-cultura\/#primaryimage","url":"https:\/\/instytutpolski.pl\/madrid\/wp-content\/uploads\/sites\/16\/2019\/06\/kursy-jezyka-polskiego-kultury.jpg","contentUrl":"https:\/\/instytutpolski.pl\/madrid\/wp-content\/uploads\/sites\/16\/2019\/06\/kursy-jezyka-polskiego-kultury.jpg","width":1920,"height":700},{"@type":"BreadcrumbList","@id":"https:\/\/instytutpolski.pl\/madrid\/lengua-polaca\/cursos-de-polaco-organizados-por-el-instituto-polaco-de-cultura\/#breadcrumb","itemListElement":[{"@type":"ListItem","position":1,"name":"Home","item":"https:\/\/instytutpolski.pl\/madrid\/"},{"@type":"ListItem","position":2,"name":"Lengua polaca","item":"https:\/\/instytutpolski.pl\/madrid\/lengua-polaca\/"},{"@type":"ListItem","position":3,"name":"Cursos de polaco en el Instituto Polaco de Cultura"}]},{"@type":"WebSite","@id":"https:\/\/instytutpolski.pl\/madrid\/#website","url":"https:\/\/instytutpolski.pl\/madrid\/","name":"Instytut Polski w Madrycie","description":"Instytuty Polskie","potentialAction":[{"@type":"SearchAction","target":{"@type":"EntryPoint","urlTemplate":"https:\/\/instytutpolski.pl\/madrid\/?s={search_term_string}"},"query-input":{"@type":"PropertyValueSpecification","valueRequired":true,"valueName":"search_term_string"}}],"inLanguage":"pl-PL"}]}},"_links":{"self":[{"href":"https:\/\/instytutpolski.pl\/madrid\/wp-json\/wp\/v2\/pages\/473","targetHints":{"allow":["GET"]}}],"collection":[{"href":"https:\/\/instytutpolski.pl\/madrid\/wp-json\/wp\/v2\/pages"}],"about":[{"href":"https:\/\/instytutpolski.pl\/madrid\/wp-json\/wp\/v2\/types\/page"}],"author":[{"embeddable":true,"href":"https:\/\/instytutpolski.pl\/madrid\/wp-json\/wp\/v2\/users\/1"}],"replies":[{"embeddable":true,"href":"https:\/\/instytutpolski.pl\/madrid\/wp-json\/wp\/v2\/comments?post=473"}],"version-history":[{"count":12,"href":"https:\/\/instytutpolski.pl\/madrid\/wp-json\/wp\/v2\/pages\/473\/revisions"}],"predecessor-version":[{"id":7658,"href":"https:\/\/instytutpolski.pl\/madrid\/wp-json\/wp\/v2\/pages\/473\/revisions\/7658"}],"up":[{"embeddable":true,"href":"https:\/\/instytutpolski.pl\/madrid\/wp-json\/wp\/v2\/pages\/467"}],"wp:featuredmedia":[{"embeddable":true,"href":"https:\/\/instytutpolski.pl\/madrid\/wp-json\/wp\/v2\/media\/475"}],"wp:attachment":[{"href":"https:\/\/instytutpolski.pl\/madrid\/wp-json\/wp\/v2\/media?parent=473"}],"curies":[{"name":"wp","href":"https:\/\/api.w.org\/{rel}","templated":true}]}}