{"id":484,"date":"2019-06-25T11:07:17","date_gmt":"2019-06-25T09:07:17","guid":{"rendered":"https:\/\/instytutpolski.pl\/madryt\/?page_id=484"},"modified":"2020-04-17T12:54:46","modified_gmt":"2020-04-17T10:54:46","slug":"lectorados-de-polaco-en-las-universidades-espanolas","status":"publish","type":"page","link":"https:\/\/instytutpolski.pl\/madrid\/lengua-polaca\/lectorados-de-polaco-en-las-universidades-espanolas\/","title":{"rendered":"Lectorados de polaco en las universidades espa\u00f1olas"},"content":{"rendered":"\n<p>Actualmente, diferentes cursos de lengua y cultura polaca se ofertan en tres universidades espa\u00f1olas:<\/p>\n\n\n\n<p><strong>Universidad de Alicante<\/strong>, Departamento de Traducci\u00f3n e Interpretaci\u00f3n, <a href=\"https:\/\/dti.ua.es\/es\/\">https:\/\/dti.ua.es\/es\/<\/a><\/p>\n\n\n\n<p><strong>Universidad de Barcelona<\/strong>, Departamento de Lenguas y Literaturas Modernas y de Estudios Ingleses, Secci\u00f3n de Filolog\u00eda Eslava, <a href=\"http:\/\/stel.ub.edu\/slavia\/?lang=es\">http:\/\/stel.ub.edu\/slavia\/?lang=es<\/a><\/p>\n\n\n\n<p><strong>Universidad de Granada<\/strong>, Departamento de Filolog\u00eda Griega y Filolog\u00eda Eslava, <a href=\"http:\/\/graecaslavica.ugr.es\/\">http:\/\/graecaslavica.ugr.es\/<\/a><\/p>\n\n\n\n<p><\/p>\n","protected":false},"excerpt":{"rendered":"<p>Actualmente, diferentes cursos de lengua y cultura polaca se ofertan en tres universidades espa\u00f1olas: Universidad de Alicante, Departamento de Traducci\u00f3n e Interpretaci\u00f3n, https:\/\/dti.ua.es\/es\/ Universidad de Barcelona, Departamento de Lenguas y Literaturas Modernas y de Estudios Ingleses, Secci\u00f3n de Filolog\u00eda Eslava, http:\/\/stel.ub.edu\/slavia\/?lang=es Universidad de Granada, Departamento de Filolog\u00eda Griega y Filolog\u00eda Eslava, http:\/\/graecaslavica.ugr.es\/<\/p>\n","protected":false},"author":1,"featured_media":486,"parent":467,"menu_order":0,"comment_status":"closed","ping_status":"closed","template":"","meta":{"inline_featured_image":false,"_monsterinsights_skip_tracking":false,"_monsterinsights_sitenote_active":false,"_monsterinsights_sitenote_note":"","_monsterinsights_sitenote_category":0,"footnotes":""},"class_list":["post-484","page","type-page","status-publish","has-post-thumbnail","hentry"],"yoast_head":"<!-- This site is optimized with the Yoast SEO plugin v24.6 - https:\/\/yoast.com\/wordpress\/plugins\/seo\/ -->\n<title>Lectorados de polaco en las universidades espa\u00f1olas - Instytut Polski w Madrycie<\/title>\n<meta name=\"robots\" content=\"index, follow, max-snippet:-1, max-image-preview:large, max-video-preview:-1\" \/>\n<link rel=\"canonical\" href=\"https:\/\/instytutpolski.pl\/madrid\/lengua-polaca\/lectorados-de-polaco-en-las-universidades-espanolas\/\" \/>\n<meta property=\"og:locale\" content=\"pl_PL\" \/>\n<meta property=\"og:type\" content=\"article\" \/>\n<meta property=\"og:title\" content=\"Lectorados de polaco en las universidades espa\u00f1olas - Instytut Polski w Madrycie\" \/>\n<meta property=\"og:description\" content=\"Actualmente, diferentes cursos de lengua y cultura polaca se ofertan en tres universidades espa\u00f1olas: Universidad de Alicante, Departamento de Traducci\u00f3n e Interpretaci\u00f3n, https:\/\/dti.ua.es\/es\/ Universidad de Barcelona, Departamento de Lenguas y Literaturas Modernas y de Estudios Ingleses, Secci\u00f3n de Filolog\u00eda Eslava, http:\/\/stel.ub.edu\/slavia\/?lang=es Universidad de Granada, Departamento de Filolog\u00eda Griega y Filolog\u00eda Eslava, http:\/\/graecaslavica.ugr.es\/\" \/>\n<meta property=\"og:url\" content=\"https:\/\/instytutpolski.pl\/madrid\/lengua-polaca\/lectorados-de-polaco-en-las-universidades-espanolas\/\" \/>\n<meta property=\"og:site_name\" content=\"Instytut Polski w Madrycie\" \/>\n<meta property=\"article:modified_time\" content=\"2020-04-17T10:54:46+00:00\" \/>\n<meta property=\"og:image\" content=\"https:\/\/instytutpolski.pl\/madrid\/wp-content\/uploads\/sites\/16\/2019\/06\/lektoraty-jezyka-polskiego.jpg\" \/>\n\t<meta property=\"og:image:width\" content=\"1920\" \/>\n\t<meta property=\"og:image:height\" content=\"700\" \/>\n\t<meta property=\"og:image:type\" content=\"image\/jpeg\" \/>\n<meta name=\"twitter:card\" content=\"summary_large_image\" \/>\n<script type=\"application\/ld+json\" class=\"yoast-schema-graph\">{\"@context\":\"https:\/\/schema.org\",\"@graph\":[{\"@type\":\"WebPage\",\"@id\":\"https:\/\/instytutpolski.pl\/madrid\/lengua-polaca\/lectorados-de-polaco-en-las-universidades-espanolas\/\",\"url\":\"https:\/\/instytutpolski.pl\/madrid\/lengua-polaca\/lectorados-de-polaco-en-las-universidades-espanolas\/\",\"name\":\"Lectorados de polaco en las universidades espa\u00f1olas - Instytut Polski w Madrycie\",\"isPartOf\":{\"@id\":\"https:\/\/instytutpolski.pl\/madrid\/#website\"},\"primaryImageOfPage\":{\"@id\":\"https:\/\/instytutpolski.pl\/madrid\/lengua-polaca\/lectorados-de-polaco-en-las-universidades-espanolas\/#primaryimage\"},\"image\":{\"@id\":\"https:\/\/instytutpolski.pl\/madrid\/lengua-polaca\/lectorados-de-polaco-en-las-universidades-espanolas\/#primaryimage\"},\"thumbnailUrl\":\"https:\/\/instytutpolski.pl\/madrid\/wp-content\/uploads\/sites\/16\/2019\/06\/lektoraty-jezyka-polskiego.jpg\",\"datePublished\":\"2019-06-25T09:07:17+00:00\",\"dateModified\":\"2020-04-17T10:54:46+00:00\",\"breadcrumb\":{\"@id\":\"https:\/\/instytutpolski.pl\/madrid\/lengua-polaca\/lectorados-de-polaco-en-las-universidades-espanolas\/#breadcrumb\"},\"inLanguage\":\"pl-PL\",\"potentialAction\":[{\"@type\":\"ReadAction\",\"target\":[\"https:\/\/instytutpolski.pl\/madrid\/lengua-polaca\/lectorados-de-polaco-en-las-universidades-espanolas\/\"]}]},{\"@type\":\"ImageObject\",\"inLanguage\":\"pl-PL\",\"@id\":\"https:\/\/instytutpolski.pl\/madrid\/lengua-polaca\/lectorados-de-polaco-en-las-universidades-espanolas\/#primaryimage\",\"url\":\"https:\/\/instytutpolski.pl\/madrid\/wp-content\/uploads\/sites\/16\/2019\/06\/lektoraty-jezyka-polskiego.jpg\",\"contentUrl\":\"https:\/\/instytutpolski.pl\/madrid\/wp-content\/uploads\/sites\/16\/2019\/06\/lektoraty-jezyka-polskiego.jpg\",\"width\":1920,\"height\":700},{\"@type\":\"BreadcrumbList\",\"@id\":\"https:\/\/instytutpolski.pl\/madrid\/lengua-polaca\/lectorados-de-polaco-en-las-universidades-espanolas\/#breadcrumb\",\"itemListElement\":[{\"@type\":\"ListItem\",\"position\":1,\"name\":\"Home\",\"item\":\"https:\/\/instytutpolski.pl\/madrid\/\"},{\"@type\":\"ListItem\",\"position\":2,\"name\":\"Lengua polaca\",\"item\":\"https:\/\/instytutpolski.pl\/madrid\/lengua-polaca\/\"},{\"@type\":\"ListItem\",\"position\":3,\"name\":\"Lectorados de polaco en las universidades espa\u00f1olas\"}]},{\"@type\":\"WebSite\",\"@id\":\"https:\/\/instytutpolski.pl\/madrid\/#website\",\"url\":\"https:\/\/instytutpolski.pl\/madrid\/\",\"name\":\"Instytut Polski w Madrycie\",\"description\":\"Instytuty Polskie\",\"potentialAction\":[{\"@type\":\"SearchAction\",\"target\":{\"@type\":\"EntryPoint\",\"urlTemplate\":\"https:\/\/instytutpolski.pl\/madrid\/?s={search_term_string}\"},\"query-input\":{\"@type\":\"PropertyValueSpecification\",\"valueRequired\":true,\"valueName\":\"search_term_string\"}}],\"inLanguage\":\"pl-PL\"}]}<\/script>\n<!-- \/ Yoast SEO plugin. -->","yoast_head_json":{"title":"Lectorados de polaco en las universidades espa\u00f1olas - Instytut Polski w Madrycie","robots":{"index":"index","follow":"follow","max-snippet":"max-snippet:-1","max-image-preview":"max-image-preview:large","max-video-preview":"max-video-preview:-1"},"canonical":"https:\/\/instytutpolski.pl\/madrid\/lengua-polaca\/lectorados-de-polaco-en-las-universidades-espanolas\/","og_locale":"pl_PL","og_type":"article","og_title":"Lectorados de polaco en las universidades espa\u00f1olas - Instytut Polski w Madrycie","og_description":"Actualmente, diferentes cursos de lengua y cultura polaca se ofertan en tres universidades espa\u00f1olas: Universidad de Alicante, Departamento de Traducci\u00f3n e Interpretaci\u00f3n, https:\/\/dti.ua.es\/es\/ Universidad de Barcelona, Departamento de Lenguas y Literaturas Modernas y de Estudios Ingleses, Secci\u00f3n de Filolog\u00eda Eslava, http:\/\/stel.ub.edu\/slavia\/?lang=es Universidad de Granada, Departamento de Filolog\u00eda Griega y Filolog\u00eda Eslava, http:\/\/graecaslavica.ugr.es\/","og_url":"https:\/\/instytutpolski.pl\/madrid\/lengua-polaca\/lectorados-de-polaco-en-las-universidades-espanolas\/","og_site_name":"Instytut Polski w Madrycie","article_modified_time":"2020-04-17T10:54:46+00:00","og_image":[{"width":1920,"height":700,"url":"https:\/\/instytutpolski.pl\/madrid\/wp-content\/uploads\/sites\/16\/2019\/06\/lektoraty-jezyka-polskiego.jpg","type":"image\/jpeg"}],"twitter_card":"summary_large_image","schema":{"@context":"https:\/\/schema.org","@graph":[{"@type":"WebPage","@id":"https:\/\/instytutpolski.pl\/madrid\/lengua-polaca\/lectorados-de-polaco-en-las-universidades-espanolas\/","url":"https:\/\/instytutpolski.pl\/madrid\/lengua-polaca\/lectorados-de-polaco-en-las-universidades-espanolas\/","name":"Lectorados de polaco en las universidades espa\u00f1olas - Instytut Polski w Madrycie","isPartOf":{"@id":"https:\/\/instytutpolski.pl\/madrid\/#website"},"primaryImageOfPage":{"@id":"https:\/\/instytutpolski.pl\/madrid\/lengua-polaca\/lectorados-de-polaco-en-las-universidades-espanolas\/#primaryimage"},"image":{"@id":"https:\/\/instytutpolski.pl\/madrid\/lengua-polaca\/lectorados-de-polaco-en-las-universidades-espanolas\/#primaryimage"},"thumbnailUrl":"https:\/\/instytutpolski.pl\/madrid\/wp-content\/uploads\/sites\/16\/2019\/06\/lektoraty-jezyka-polskiego.jpg","datePublished":"2019-06-25T09:07:17+00:00","dateModified":"2020-04-17T10:54:46+00:00","breadcrumb":{"@id":"https:\/\/instytutpolski.pl\/madrid\/lengua-polaca\/lectorados-de-polaco-en-las-universidades-espanolas\/#breadcrumb"},"inLanguage":"pl-PL","potentialAction":[{"@type":"ReadAction","target":["https:\/\/instytutpolski.pl\/madrid\/lengua-polaca\/lectorados-de-polaco-en-las-universidades-espanolas\/"]}]},{"@type":"ImageObject","inLanguage":"pl-PL","@id":"https:\/\/instytutpolski.pl\/madrid\/lengua-polaca\/lectorados-de-polaco-en-las-universidades-espanolas\/#primaryimage","url":"https:\/\/instytutpolski.pl\/madrid\/wp-content\/uploads\/sites\/16\/2019\/06\/lektoraty-jezyka-polskiego.jpg","contentUrl":"https:\/\/instytutpolski.pl\/madrid\/wp-content\/uploads\/sites\/16\/2019\/06\/lektoraty-jezyka-polskiego.jpg","width":1920,"height":700},{"@type":"BreadcrumbList","@id":"https:\/\/instytutpolski.pl\/madrid\/lengua-polaca\/lectorados-de-polaco-en-las-universidades-espanolas\/#breadcrumb","itemListElement":[{"@type":"ListItem","position":1,"name":"Home","item":"https:\/\/instytutpolski.pl\/madrid\/"},{"@type":"ListItem","position":2,"name":"Lengua polaca","item":"https:\/\/instytutpolski.pl\/madrid\/lengua-polaca\/"},{"@type":"ListItem","position":3,"name":"Lectorados de polaco en las universidades espa\u00f1olas"}]},{"@type":"WebSite","@id":"https:\/\/instytutpolski.pl\/madrid\/#website","url":"https:\/\/instytutpolski.pl\/madrid\/","name":"Instytut Polski w Madrycie","description":"Instytuty Polskie","potentialAction":[{"@type":"SearchAction","target":{"@type":"EntryPoint","urlTemplate":"https:\/\/instytutpolski.pl\/madrid\/?s={search_term_string}"},"query-input":{"@type":"PropertyValueSpecification","valueRequired":true,"valueName":"search_term_string"}}],"inLanguage":"pl-PL"}]}},"_links":{"self":[{"href":"https:\/\/instytutpolski.pl\/madrid\/wp-json\/wp\/v2\/pages\/484","targetHints":{"allow":["GET"]}}],"collection":[{"href":"https:\/\/instytutpolski.pl\/madrid\/wp-json\/wp\/v2\/pages"}],"about":[{"href":"https:\/\/instytutpolski.pl\/madrid\/wp-json\/wp\/v2\/types\/page"}],"author":[{"embeddable":true,"href":"https:\/\/instytutpolski.pl\/madrid\/wp-json\/wp\/v2\/users\/1"}],"replies":[{"embeddable":true,"href":"https:\/\/instytutpolski.pl\/madrid\/wp-json\/wp\/v2\/comments?post=484"}],"version-history":[{"count":4,"href":"https:\/\/instytutpolski.pl\/madrid\/wp-json\/wp\/v2\/pages\/484\/revisions"}],"predecessor-version":[{"id":2863,"href":"https:\/\/instytutpolski.pl\/madrid\/wp-json\/wp\/v2\/pages\/484\/revisions\/2863"}],"up":[{"embeddable":true,"href":"https:\/\/instytutpolski.pl\/madrid\/wp-json\/wp\/v2\/pages\/467"}],"wp:featuredmedia":[{"embeddable":true,"href":"https:\/\/instytutpolski.pl\/madrid\/wp-json\/wp\/v2\/media\/486"}],"wp:attachment":[{"href":"https:\/\/instytutpolski.pl\/madrid\/wp-json\/wp\/v2\/media?parent=484"}],"curies":[{"name":"wp","href":"https:\/\/api.w.org\/{rel}","templated":true}]}}