{"id":490,"date":"2019-06-25T11:08:01","date_gmt":"2019-06-25T09:08:01","guid":{"rendered":"https:\/\/instytutpolski.pl\/madryt\/?page_id=490"},"modified":"2020-01-24T14:37:36","modified_gmt":"2020-01-24T13:37:36","slug":"estudios-universitarios-de-lengua-y-cultura-polacas-en-espana","status":"publish","type":"page","link":"https:\/\/instytutpolski.pl\/madrid\/lengua-polaca\/estudios-universitarios-de-lengua-y-cultura-polacas-en-espana\/","title":{"rendered":"Estudios universitarios de lengua y cultura polacas en Espa\u00f1a"},"content":{"rendered":"\n<p>Estudios superiores de Lengua, Literatura y Cultura Polacas en la Universidad Complutense de Madrid<\/p>\n\n\n\n<p> Los estudios superiores de Lengua, Literatura y Cultura Polacas se realizan a los largo de 4 cursos acad\u00e9micos y en combinaci\u00f3n con otra de las siguientes lenguas (y su correspondiente literatura y cultura): alem\u00e1n, \u00e1rabe, b\u00falgaro, eslovaco, franc\u00e9s, hebreo, griego moderno, ingl\u00e9s, italiano, lenguas rom\u00e1nicas y ruso.<br>\u00a0A la finalizaci\u00f3n, el estudiante obtiene el t\u00edtulo universitario de Graduado en Lenguas Modernas y sus Literaturas: Lengua, Literatura y Cultura Polacas (como Maior o como Minor, seg\u00fan sea la modalidad cursada). Este t\u00edtulo universitario permite al graduado el ejercicio de actividades profesionales o el acceso a estudios de tercer ciclo y la elaboraci\u00f3n de una tesis doctoral en el \u00e1mbito de la Lengua, la Literatura o la Cultura Polacas, y la obtenci\u00f3n del correspondiente T\u00edtulo de Doctor, supremo t\u00edtulo acad\u00e9mico y profesional.<br>\u00a0Durante los 4 a\u00f1os de estudios del Grado, los alumnos tienen la posibilidad de realizar uno de los cursos acad\u00e9micos completo en alguna de las universidades polacas con las que Universidad Complutense de Madrid mantiene convenios de colaboraci\u00f3n cient\u00edfica y acad\u00e9mica: Universidad Jaguell\u00f3nica de Cracovia, Universidad de Varsovia, Universidad de Wroc\u0142aw, Universidad Adam Mickiewicz de Pozna\u0144. Estos estudios se realizan en el marco del Programa Europeo de Intercambio de alumnos universitarios ERASMUS.<br>\u00a0La Universidad Complutense de Madrid es la \u00fanica universidad espa\u00f1ola que cuenta con estudios superiores de Maior\/Minor especializados en Lengua, Literatura y Cultura Polacas y otorga un t\u00edtulo universitario de Grado perteneciente al Espacio Europeo de Educaci\u00f3n Superior.<br>\u00a0La labor del profesorado de Filolog\u00eda Polaca fue reconocida en el a\u00f1o 2007 con la menci\u00f3n honor\u00edfica del POLONICUM (Centro de la Lengua y Cultura Polaca para Extranjeros de la Universidad de Varsovia). <\/p>\n\n\n\n<p> PLAN DE ESTUDIOS<br>GRADO EN LENGUAS MODERNAS Y SUS LITERATURAS<br>MAIOR Y MINOR EN LENGUA, LITERATURA Y CULTURA POLACAS<br>PRIMER CURSO<br>Adem\u00e1s de las materias obligatorias comunes en este Grado, se estudia:<br>\u25a0 Lengua polaca I y II*<br>SEGUNDO CURSO<br>\u25a0 Lengua polaca III y IV*<br>\u25a0 Morfosintaxis polaca, curso te\u00f3rico-pr\u00e1ctico*<br>\u25a0 Literatura polaca: de la Edad Media a la Ilustraci\u00f3n*<br>\u25a0 Claves culturales de la Polonia contempor\u00e1nea*<br>TERCER CURSO<br>\u25a0 Lengua polaca V y VI*<br>\u25a0 Gram\u00e1tica polaca<br>\u25a0 An\u00e1lisis ling\u00fc\u00edstico del texto polaco<br>\u25a0 Literatura polaca: Romanticismo y Positivismo*<br>\u25a0 La cultura polaca y sus manifestaciones art\u00edsticas<br>CUARTO CURSO<br>\u25a0 Lengua polaca VII y VIII<br>\u25a0 La lengua polaca y su historia<br>\u25a0 Literatura polaca moderna y contempor\u00e1nea*<br>\u25a0 La literatura polaca a trav\u00e9s del cine<br>OPTATIVAS<br>\u25a0 Relaciones literarias y culturales hispano-eslavas<br>\u25a0 Claves hist\u00f3ricas del mundo eslavo<br>\u25a0 Ling\u00fc\u00edstica eslava<br>Todas las asignaturas son cuatrimestrales y de 6 ECTS.<br>Las asignaturas marcadas con asterisco (*) conforman los estudios del Minor integrado en el Maior. <\/p>\n","protected":false},"excerpt":{"rendered":"<p>Estudios superiores de Lengua, Literatura y Cultura Polacas en la Universidad Complutense de Madrid Los estudios superiores de Lengua, Literatura y Cultura Polacas se realizan a los largo de 4 cursos acad\u00e9micos y en combinaci\u00f3n con otra de las siguientes lenguas (y su correspondiente literatura y cultura): alem\u00e1n, \u00e1rabe, b\u00falgaro, eslovaco, franc\u00e9s, hebreo, griego moderno, [&hellip;]<\/p>\n","protected":false},"author":1,"featured_media":492,"parent":467,"menu_order":0,"comment_status":"closed","ping_status":"closed","template":"","meta":{"inline_featured_image":false,"_monsterinsights_skip_tracking":false,"_monsterinsights_sitenote_active":false,"_monsterinsights_sitenote_note":"","_monsterinsights_sitenote_category":0,"footnotes":""},"class_list":["post-490","page","type-page","status-publish","has-post-thumbnail","hentry"],"yoast_head":"<!-- This site is optimized with the Yoast SEO plugin v24.6 - https:\/\/yoast.com\/wordpress\/plugins\/seo\/ -->\n<title>Estudios universitarios de lengua y cultura polacas en Espa\u00f1a - Instytut Polski w Madrycie<\/title>\n<meta name=\"robots\" content=\"index, follow, max-snippet:-1, max-image-preview:large, max-video-preview:-1\" \/>\n<link rel=\"canonical\" href=\"https:\/\/instytutpolski.pl\/madrid\/lengua-polaca\/estudios-universitarios-de-lengua-y-cultura-polacas-en-espana\/\" \/>\n<meta property=\"og:locale\" content=\"pl_PL\" \/>\n<meta property=\"og:type\" content=\"article\" \/>\n<meta property=\"og:title\" content=\"Estudios universitarios de lengua y cultura polacas en Espa\u00f1a - Instytut Polski w Madrycie\" \/>\n<meta property=\"og:description\" content=\"Estudios superiores de Lengua, Literatura y Cultura Polacas en la Universidad Complutense de Madrid Los estudios superiores de Lengua, Literatura y Cultura Polacas se realizan a los largo de 4 cursos acad\u00e9micos y en combinaci\u00f3n con otra de las siguientes lenguas (y su correspondiente literatura y cultura): alem\u00e1n, \u00e1rabe, b\u00falgaro, eslovaco, franc\u00e9s, hebreo, griego moderno, [&hellip;]\" \/>\n<meta property=\"og:url\" content=\"https:\/\/instytutpolski.pl\/madrid\/lengua-polaca\/estudios-universitarios-de-lengua-y-cultura-polacas-en-espana\/\" \/>\n<meta property=\"og:site_name\" content=\"Instytut Polski w Madrycie\" \/>\n<meta property=\"article:modified_time\" content=\"2020-01-24T13:37:36+00:00\" \/>\n<meta property=\"og:image\" content=\"https:\/\/instytutpolski.pl\/madrid\/wp-content\/uploads\/sites\/16\/2019\/06\/studia-polonoznawcze.jpg\" \/>\n\t<meta property=\"og:image:width\" content=\"1920\" \/>\n\t<meta property=\"og:image:height\" content=\"700\" \/>\n\t<meta property=\"og:image:type\" content=\"image\/jpeg\" \/>\n<meta name=\"twitter:card\" content=\"summary_large_image\" \/>\n<meta name=\"twitter:label1\" content=\"Szacowany czas czytania\" \/>\n\t<meta name=\"twitter:data1\" content=\"2 minuty\" \/>\n<script type=\"application\/ld+json\" class=\"yoast-schema-graph\">{\"@context\":\"https:\/\/schema.org\",\"@graph\":[{\"@type\":\"WebPage\",\"@id\":\"https:\/\/instytutpolski.pl\/madrid\/lengua-polaca\/estudios-universitarios-de-lengua-y-cultura-polacas-en-espana\/\",\"url\":\"https:\/\/instytutpolski.pl\/madrid\/lengua-polaca\/estudios-universitarios-de-lengua-y-cultura-polacas-en-espana\/\",\"name\":\"Estudios universitarios de lengua y cultura polacas en Espa\u00f1a - Instytut Polski w Madrycie\",\"isPartOf\":{\"@id\":\"https:\/\/instytutpolski.pl\/madrid\/#website\"},\"primaryImageOfPage\":{\"@id\":\"https:\/\/instytutpolski.pl\/madrid\/lengua-polaca\/estudios-universitarios-de-lengua-y-cultura-polacas-en-espana\/#primaryimage\"},\"image\":{\"@id\":\"https:\/\/instytutpolski.pl\/madrid\/lengua-polaca\/estudios-universitarios-de-lengua-y-cultura-polacas-en-espana\/#primaryimage\"},\"thumbnailUrl\":\"https:\/\/instytutpolski.pl\/madrid\/wp-content\/uploads\/sites\/16\/2019\/06\/studia-polonoznawcze.jpg\",\"datePublished\":\"2019-06-25T09:08:01+00:00\",\"dateModified\":\"2020-01-24T13:37:36+00:00\",\"breadcrumb\":{\"@id\":\"https:\/\/instytutpolski.pl\/madrid\/lengua-polaca\/estudios-universitarios-de-lengua-y-cultura-polacas-en-espana\/#breadcrumb\"},\"inLanguage\":\"pl-PL\",\"potentialAction\":[{\"@type\":\"ReadAction\",\"target\":[\"https:\/\/instytutpolski.pl\/madrid\/lengua-polaca\/estudios-universitarios-de-lengua-y-cultura-polacas-en-espana\/\"]}]},{\"@type\":\"ImageObject\",\"inLanguage\":\"pl-PL\",\"@id\":\"https:\/\/instytutpolski.pl\/madrid\/lengua-polaca\/estudios-universitarios-de-lengua-y-cultura-polacas-en-espana\/#primaryimage\",\"url\":\"https:\/\/instytutpolski.pl\/madrid\/wp-content\/uploads\/sites\/16\/2019\/06\/studia-polonoznawcze.jpg\",\"contentUrl\":\"https:\/\/instytutpolski.pl\/madrid\/wp-content\/uploads\/sites\/16\/2019\/06\/studia-polonoznawcze.jpg\",\"width\":1920,\"height\":700},{\"@type\":\"BreadcrumbList\",\"@id\":\"https:\/\/instytutpolski.pl\/madrid\/lengua-polaca\/estudios-universitarios-de-lengua-y-cultura-polacas-en-espana\/#breadcrumb\",\"itemListElement\":[{\"@type\":\"ListItem\",\"position\":1,\"name\":\"Home\",\"item\":\"https:\/\/instytutpolski.pl\/madrid\/\"},{\"@type\":\"ListItem\",\"position\":2,\"name\":\"Lengua polaca\",\"item\":\"https:\/\/instytutpolski.pl\/madrid\/lengua-polaca\/\"},{\"@type\":\"ListItem\",\"position\":3,\"name\":\"Estudios universitarios de lengua y cultura polacas en Espa\u00f1a\"}]},{\"@type\":\"WebSite\",\"@id\":\"https:\/\/instytutpolski.pl\/madrid\/#website\",\"url\":\"https:\/\/instytutpolski.pl\/madrid\/\",\"name\":\"Instytut Polski w Madrycie\",\"description\":\"Instytuty Polskie\",\"potentialAction\":[{\"@type\":\"SearchAction\",\"target\":{\"@type\":\"EntryPoint\",\"urlTemplate\":\"https:\/\/instytutpolski.pl\/madrid\/?s={search_term_string}\"},\"query-input\":{\"@type\":\"PropertyValueSpecification\",\"valueRequired\":true,\"valueName\":\"search_term_string\"}}],\"inLanguage\":\"pl-PL\"}]}<\/script>\n<!-- \/ Yoast SEO plugin. -->","yoast_head_json":{"title":"Estudios universitarios de lengua y cultura polacas en Espa\u00f1a - Instytut Polski w Madrycie","robots":{"index":"index","follow":"follow","max-snippet":"max-snippet:-1","max-image-preview":"max-image-preview:large","max-video-preview":"max-video-preview:-1"},"canonical":"https:\/\/instytutpolski.pl\/madrid\/lengua-polaca\/estudios-universitarios-de-lengua-y-cultura-polacas-en-espana\/","og_locale":"pl_PL","og_type":"article","og_title":"Estudios universitarios de lengua y cultura polacas en Espa\u00f1a - Instytut Polski w Madrycie","og_description":"Estudios superiores de Lengua, Literatura y Cultura Polacas en la Universidad Complutense de Madrid Los estudios superiores de Lengua, Literatura y Cultura Polacas se realizan a los largo de 4 cursos acad\u00e9micos y en combinaci\u00f3n con otra de las siguientes lenguas (y su correspondiente literatura y cultura): alem\u00e1n, \u00e1rabe, b\u00falgaro, eslovaco, franc\u00e9s, hebreo, griego moderno, [&hellip;]","og_url":"https:\/\/instytutpolski.pl\/madrid\/lengua-polaca\/estudios-universitarios-de-lengua-y-cultura-polacas-en-espana\/","og_site_name":"Instytut Polski w Madrycie","article_modified_time":"2020-01-24T13:37:36+00:00","og_image":[{"width":1920,"height":700,"url":"https:\/\/instytutpolski.pl\/madrid\/wp-content\/uploads\/sites\/16\/2019\/06\/studia-polonoznawcze.jpg","type":"image\/jpeg"}],"twitter_card":"summary_large_image","twitter_misc":{"Szacowany czas czytania":"2 minuty"},"schema":{"@context":"https:\/\/schema.org","@graph":[{"@type":"WebPage","@id":"https:\/\/instytutpolski.pl\/madrid\/lengua-polaca\/estudios-universitarios-de-lengua-y-cultura-polacas-en-espana\/","url":"https:\/\/instytutpolski.pl\/madrid\/lengua-polaca\/estudios-universitarios-de-lengua-y-cultura-polacas-en-espana\/","name":"Estudios universitarios de lengua y cultura polacas en Espa\u00f1a - Instytut Polski w Madrycie","isPartOf":{"@id":"https:\/\/instytutpolski.pl\/madrid\/#website"},"primaryImageOfPage":{"@id":"https:\/\/instytutpolski.pl\/madrid\/lengua-polaca\/estudios-universitarios-de-lengua-y-cultura-polacas-en-espana\/#primaryimage"},"image":{"@id":"https:\/\/instytutpolski.pl\/madrid\/lengua-polaca\/estudios-universitarios-de-lengua-y-cultura-polacas-en-espana\/#primaryimage"},"thumbnailUrl":"https:\/\/instytutpolski.pl\/madrid\/wp-content\/uploads\/sites\/16\/2019\/06\/studia-polonoznawcze.jpg","datePublished":"2019-06-25T09:08:01+00:00","dateModified":"2020-01-24T13:37:36+00:00","breadcrumb":{"@id":"https:\/\/instytutpolski.pl\/madrid\/lengua-polaca\/estudios-universitarios-de-lengua-y-cultura-polacas-en-espana\/#breadcrumb"},"inLanguage":"pl-PL","potentialAction":[{"@type":"ReadAction","target":["https:\/\/instytutpolski.pl\/madrid\/lengua-polaca\/estudios-universitarios-de-lengua-y-cultura-polacas-en-espana\/"]}]},{"@type":"ImageObject","inLanguage":"pl-PL","@id":"https:\/\/instytutpolski.pl\/madrid\/lengua-polaca\/estudios-universitarios-de-lengua-y-cultura-polacas-en-espana\/#primaryimage","url":"https:\/\/instytutpolski.pl\/madrid\/wp-content\/uploads\/sites\/16\/2019\/06\/studia-polonoznawcze.jpg","contentUrl":"https:\/\/instytutpolski.pl\/madrid\/wp-content\/uploads\/sites\/16\/2019\/06\/studia-polonoznawcze.jpg","width":1920,"height":700},{"@type":"BreadcrumbList","@id":"https:\/\/instytutpolski.pl\/madrid\/lengua-polaca\/estudios-universitarios-de-lengua-y-cultura-polacas-en-espana\/#breadcrumb","itemListElement":[{"@type":"ListItem","position":1,"name":"Home","item":"https:\/\/instytutpolski.pl\/madrid\/"},{"@type":"ListItem","position":2,"name":"Lengua polaca","item":"https:\/\/instytutpolski.pl\/madrid\/lengua-polaca\/"},{"@type":"ListItem","position":3,"name":"Estudios universitarios de lengua y cultura polacas en Espa\u00f1a"}]},{"@type":"WebSite","@id":"https:\/\/instytutpolski.pl\/madrid\/#website","url":"https:\/\/instytutpolski.pl\/madrid\/","name":"Instytut Polski w Madrycie","description":"Instytuty Polskie","potentialAction":[{"@type":"SearchAction","target":{"@type":"EntryPoint","urlTemplate":"https:\/\/instytutpolski.pl\/madrid\/?s={search_term_string}"},"query-input":{"@type":"PropertyValueSpecification","valueRequired":true,"valueName":"search_term_string"}}],"inLanguage":"pl-PL"}]}},"_links":{"self":[{"href":"https:\/\/instytutpolski.pl\/madrid\/wp-json\/wp\/v2\/pages\/490","targetHints":{"allow":["GET"]}}],"collection":[{"href":"https:\/\/instytutpolski.pl\/madrid\/wp-json\/wp\/v2\/pages"}],"about":[{"href":"https:\/\/instytutpolski.pl\/madrid\/wp-json\/wp\/v2\/types\/page"}],"author":[{"embeddable":true,"href":"https:\/\/instytutpolski.pl\/madrid\/wp-json\/wp\/v2\/users\/1"}],"replies":[{"embeddable":true,"href":"https:\/\/instytutpolski.pl\/madrid\/wp-json\/wp\/v2\/comments?post=490"}],"version-history":[{"count":3,"href":"https:\/\/instytutpolski.pl\/madrid\/wp-json\/wp\/v2\/pages\/490\/revisions"}],"predecessor-version":[{"id":1230,"href":"https:\/\/instytutpolski.pl\/madrid\/wp-json\/wp\/v2\/pages\/490\/revisions\/1230"}],"up":[{"embeddable":true,"href":"https:\/\/instytutpolski.pl\/madrid\/wp-json\/wp\/v2\/pages\/467"}],"wp:featuredmedia":[{"embeddable":true,"href":"https:\/\/instytutpolski.pl\/madrid\/wp-json\/wp\/v2\/media\/492"}],"wp:attachment":[{"href":"https:\/\/instytutpolski.pl\/madrid\/wp-json\/wp\/v2\/media?parent=490"}],"curies":[{"name":"wp","href":"https:\/\/api.w.org\/{rel}","templated":true}]}}