{"id":4967,"date":"2020-10-27T12:28:16","date_gmt":"2020-10-27T11:28:16","guid":{"rendered":"https:\/\/instytutpolski.pl\/madrid\/?page_id=4967"},"modified":"2021-02-18T13:27:13","modified_gmt":"2021-02-18T12:27:13","slug":"la-coleccion-digital-del-museo-nacional","status":"publish","type":"page","link":"https:\/\/instytutpolski.pl\/madrid\/conoce-polonia\/cultura-en-polonia\/museos\/la-coleccion-digital-del-museo-nacional\/","title":{"rendered":"La Colecci\u00f3n Digital del Museo Nacional"},"content":{"rendered":"\n<div class=\"wp-block-image\"><figure class=\"alignright\"><img decoding=\"async\" src=\"https:\/\/instytutpolski.pl\/minsk\/wp-content\/uploads\/sites\/6\/2020\/10\/fot_Adam-Oleksiak_MNW_5-300x200.jpg\" alt=\"\" \/><figcaption>Foto: Adam Oleksiak\/MNW<\/figcaption><\/figure><\/div>\n\n\n\n<p><a href=\"https:\/\/cyfrowe.mnw.art.pl\/en\/home\">La Colecci\u00f3n Digital del Museo Nacional en Varsovia<\/a> presenta hasta 60 mil objetos muse\u00edsticos de los m\u00e1s de 800 mil que componen la colecci\u00f3n del Museo. Entre los objetos seleccionados hay obras maestras de la pintura, la escultura y la gr\u00e1fica polacas, antiguas pinturas murales de Faras descubiertas por arque\u00f3logos polacos, arte medieval y contempor\u00e1neo. Cualquier persona, independientemente de su lugar de residencia, puede realizar una visita virtual al Museo Nacional en Varsovia. El portal est\u00e1 personalizado: el usuario puede navegar por la colecci\u00f3n en una l\u00ednea de tiempo o seleccionar obras maestras espec\u00edficas, y guardar el historial de su b\u00fasqueda en su perfil en el portal.<\/p>\n\n\n\n<div class=\"wp-block-image\"><figure class=\"alignleft\"><img decoding=\"async\" src=\"https:\/\/instytutpolski.pl\/wien\/wp-content\/uploads\/sites\/2\/2020\/10\/fot_Adam-Oleksiak_MNW_8-ok-1-200x300.jpg\" alt=\"\" \/><figcaption>Foto: Adam Oleksiak\/MNW<\/figcaption><\/figure><\/div>\n\n\n\n<p>&#8211; <em>Los objetos que merecen especialmente la atenci\u00f3n se encuentran en la secci\u00f3n de <a href=\"https:\/\/cyfrowe.mnw.art.pl\/en\/masterpieces\">obras maestras<\/a><\/em> &#8211; dice Karolina Tabak, jefa del Departamento de Digitalizaci\u00f3n y Documentaci\u00f3n Visual del Museo Nacional en Varsovia. &#8211; <em>Le invitamos tambi\u00e9n a explorar <a href=\"https:\/\/cyfrowe.mnw.art.pl\/en\/thematic-trails\">los recorridos tem\u00e1ticos<\/a> que son presentaciones interactivas sobre las colecciones del Museo y diversos fen\u00f3menos de la cultura, por ejemplo, <a href=\"https:\/\/cyfrowe.mnw.art.pl\/en\/thematic-trails\/127\">Faras &#8211; los tesoros del desierto<\/a>, <a href=\"https:\/\/cyfrowe.mnw.art.pl\/en\/thematic-trails\/260\">Crimen y muerte<\/a>, <a href=\"https:\/\/cyfrowe.mnw.art.pl\/en\/thematic-trails\/257\">Ni\u00f1o<\/a>, <a href=\"https:\/\/cyfrowe.mnw.art.pl\/en\/thematic-trails\/258\">En el estudio del artista<\/a><\/em> &#8211; a\u00f1ade. En la colecci\u00f3n digital se puede ver, por ejemplo, el primer plano del cuadro <a href=\"https:\/\/cyfrowe.mnw.art.pl\/en\/catalog\/509927\">&#8222;La batalla de Grunwald&#8221;<\/a> de Jan Matejko, y -pulsando sobre unos marcadores especiales- conocer a las figuras representadas en \u00e9l.<\/p>\n\n\n\n<p>Los amantes del arte pueden descargar fotos de los objetos que les interesen en especial. Las fotograf\u00edas de obras van acompa\u00f1adas de informaci\u00f3n sobre las condiciones de su uso, incluidos los derechos de autor. Las im\u00e1genes de objetos de dominio p\u00fablico pueden descargarse, modificarse y utilizarse sin restricciones, tambi\u00e9n comercialmente, siempre y cuando hayan pasado al menos 70 a\u00f1os desde la muerte de su autor. Los visitantes del portal pueden utilizar las reproducciones para crear sus propios artilugios.<\/p>\n\n\n\n<figure class=\"wp-block-image\"><img decoding=\"async\" src=\"https:\/\/instytutpolski.pl\/wien\/wp-content\/uploads\/sites\/2\/2020\/10\/fot_Adam-Oleksiak_MNW_9-ok-1-1024x683.jpg\" alt=\"\" \/><figcaption>Foto: Adam Oleksiak\/MNW<\/figcaption><\/figure>\n","protected":false},"excerpt":{"rendered":"<p>La Colecci\u00f3n Digital del Museo Nacional en Varsovia presenta hasta 60 mil objetos muse\u00edsticos de los m\u00e1s de 800 mil que componen la colecci\u00f3n del Museo. Entre los objetos seleccionados hay obras maestras de la pintura, la escultura y la gr\u00e1fica polacas, antiguas pinturas murales de Faras descubiertas por arque\u00f3logos polacos, arte medieval y contempor\u00e1neo. [&hellip;]<\/p>\n","protected":false},"author":52,"featured_media":4679,"parent":4643,"menu_order":0,"comment_status":"closed","ping_status":"closed","template":"","meta":{"inline_featured_image":false,"_monsterinsights_skip_tracking":false,"_monsterinsights_sitenote_active":false,"_monsterinsights_sitenote_note":"","_monsterinsights_sitenote_category":0,"footnotes":""},"class_list":["post-4967","page","type-page","status-publish","has-post-thumbnail","hentry"],"yoast_head":"<!-- This site is optimized with the Yoast SEO plugin v24.6 - https:\/\/yoast.com\/wordpress\/plugins\/seo\/ -->\n<title>La Colecci\u00f3n Digital del Museo Nacional - Instytut Polski w Madrycie<\/title>\n<meta name=\"robots\" content=\"index, follow, max-snippet:-1, max-image-preview:large, max-video-preview:-1\" \/>\n<link rel=\"canonical\" href=\"https:\/\/instytutpolski.pl\/madrid\/conoce-polonia\/cultura-en-polonia\/museos\/la-coleccion-digital-del-museo-nacional\/\" \/>\n<meta property=\"og:locale\" content=\"pl_PL\" \/>\n<meta property=\"og:type\" content=\"article\" \/>\n<meta property=\"og:title\" content=\"La Colecci\u00f3n Digital del Museo Nacional - Instytut Polski w Madrycie\" \/>\n<meta property=\"og:description\" content=\"La Colecci\u00f3n Digital del Museo Nacional en Varsovia presenta hasta 60 mil objetos muse\u00edsticos de los m\u00e1s de 800 mil que componen la colecci\u00f3n del Museo. Entre los objetos seleccionados hay obras maestras de la pintura, la escultura y la gr\u00e1fica polacas, antiguas pinturas murales de Faras descubiertas por arque\u00f3logos polacos, arte medieval y contempor\u00e1neo. [&hellip;]\" \/>\n<meta property=\"og:url\" content=\"https:\/\/instytutpolski.pl\/madrid\/conoce-polonia\/cultura-en-polonia\/museos\/la-coleccion-digital-del-museo-nacional\/\" \/>\n<meta property=\"og:site_name\" content=\"Instytut Polski w Madrycie\" \/>\n<meta property=\"article:modified_time\" content=\"2021-02-18T12:27:13+00:00\" \/>\n<meta property=\"og:image\" content=\"https:\/\/instytutpolski.pl\/madrid\/wp-content\/uploads\/sites\/16\/2020\/10\/fot_Adam-Oleksiak_MNW_9-gotowe-scaled.jpg\" \/>\n\t<meta property=\"og:image:width\" content=\"2560\" \/>\n\t<meta property=\"og:image:height\" content=\"1003\" \/>\n\t<meta property=\"og:image:type\" content=\"image\/jpeg\" \/>\n<meta name=\"twitter:card\" content=\"summary_large_image\" \/>\n<meta name=\"twitter:label1\" content=\"Szacowany czas czytania\" \/>\n\t<meta name=\"twitter:data1\" content=\"2 minuty\" \/>\n<script type=\"application\/ld+json\" class=\"yoast-schema-graph\">{\"@context\":\"https:\/\/schema.org\",\"@graph\":[{\"@type\":\"WebPage\",\"@id\":\"https:\/\/instytutpolski.pl\/madrid\/conoce-polonia\/cultura-en-polonia\/museos\/la-coleccion-digital-del-museo-nacional\/\",\"url\":\"https:\/\/instytutpolski.pl\/madrid\/conoce-polonia\/cultura-en-polonia\/museos\/la-coleccion-digital-del-museo-nacional\/\",\"name\":\"La Colecci\u00f3n Digital del Museo Nacional - Instytut Polski w Madrycie\",\"isPartOf\":{\"@id\":\"https:\/\/instytutpolski.pl\/madrid\/#website\"},\"primaryImageOfPage\":{\"@id\":\"https:\/\/instytutpolski.pl\/madrid\/conoce-polonia\/cultura-en-polonia\/museos\/la-coleccion-digital-del-museo-nacional\/#primaryimage\"},\"image\":{\"@id\":\"https:\/\/instytutpolski.pl\/madrid\/conoce-polonia\/cultura-en-polonia\/museos\/la-coleccion-digital-del-museo-nacional\/#primaryimage\"},\"thumbnailUrl\":\"https:\/\/instytutpolski.pl\/madrid\/wp-content\/uploads\/sites\/16\/2020\/10\/fot_Adam-Oleksiak_MNW_9-gotowe-scaled.jpg\",\"datePublished\":\"2020-10-27T11:28:16+00:00\",\"dateModified\":\"2021-02-18T12:27:13+00:00\",\"breadcrumb\":{\"@id\":\"https:\/\/instytutpolski.pl\/madrid\/conoce-polonia\/cultura-en-polonia\/museos\/la-coleccion-digital-del-museo-nacional\/#breadcrumb\"},\"inLanguage\":\"pl-PL\",\"potentialAction\":[{\"@type\":\"ReadAction\",\"target\":[\"https:\/\/instytutpolski.pl\/madrid\/conoce-polonia\/cultura-en-polonia\/museos\/la-coleccion-digital-del-museo-nacional\/\"]}]},{\"@type\":\"ImageObject\",\"inLanguage\":\"pl-PL\",\"@id\":\"https:\/\/instytutpolski.pl\/madrid\/conoce-polonia\/cultura-en-polonia\/museos\/la-coleccion-digital-del-museo-nacional\/#primaryimage\",\"url\":\"https:\/\/instytutpolski.pl\/madrid\/wp-content\/uploads\/sites\/16\/2020\/10\/fot_Adam-Oleksiak_MNW_9-gotowe-scaled.jpg\",\"contentUrl\":\"https:\/\/instytutpolski.pl\/madrid\/wp-content\/uploads\/sites\/16\/2020\/10\/fot_Adam-Oleksiak_MNW_9-gotowe-scaled.jpg\",\"width\":2560,\"height\":1003},{\"@type\":\"BreadcrumbList\",\"@id\":\"https:\/\/instytutpolski.pl\/madrid\/conoce-polonia\/cultura-en-polonia\/museos\/la-coleccion-digital-del-museo-nacional\/#breadcrumb\",\"itemListElement\":[{\"@type\":\"ListItem\",\"position\":1,\"name\":\"Home\",\"item\":\"https:\/\/instytutpolski.pl\/madrid\/\"},{\"@type\":\"ListItem\",\"position\":2,\"name\":\"Conoce Polonia\",\"item\":\"https:\/\/instytutpolski.pl\/madrid\/conoce-polonia\/\"},{\"@type\":\"ListItem\",\"position\":3,\"name\":\"Cultura\",\"item\":\"https:\/\/instytutpolski.pl\/madrid\/conoce-polonia\/cultura-en-polonia\/\"},{\"@type\":\"ListItem\",\"position\":4,\"name\":\"Museos\",\"item\":\"https:\/\/instytutpolski.pl\/madrid\/conoce-polonia\/cultura-en-polonia\/museos\/\"},{\"@type\":\"ListItem\",\"position\":5,\"name\":\"La Colecci\u00f3n Digital del Museo Nacional\"}]},{\"@type\":\"WebSite\",\"@id\":\"https:\/\/instytutpolski.pl\/madrid\/#website\",\"url\":\"https:\/\/instytutpolski.pl\/madrid\/\",\"name\":\"Instytut Polski w Madrycie\",\"description\":\"Instytuty Polskie\",\"potentialAction\":[{\"@type\":\"SearchAction\",\"target\":{\"@type\":\"EntryPoint\",\"urlTemplate\":\"https:\/\/instytutpolski.pl\/madrid\/?s={search_term_string}\"},\"query-input\":{\"@type\":\"PropertyValueSpecification\",\"valueRequired\":true,\"valueName\":\"search_term_string\"}}],\"inLanguage\":\"pl-PL\"}]}<\/script>\n<!-- \/ Yoast SEO plugin. -->","yoast_head_json":{"title":"La Colecci\u00f3n Digital del Museo Nacional - Instytut Polski w Madrycie","robots":{"index":"index","follow":"follow","max-snippet":"max-snippet:-1","max-image-preview":"max-image-preview:large","max-video-preview":"max-video-preview:-1"},"canonical":"https:\/\/instytutpolski.pl\/madrid\/conoce-polonia\/cultura-en-polonia\/museos\/la-coleccion-digital-del-museo-nacional\/","og_locale":"pl_PL","og_type":"article","og_title":"La Colecci\u00f3n Digital del Museo Nacional - Instytut Polski w Madrycie","og_description":"La Colecci\u00f3n Digital del Museo Nacional en Varsovia presenta hasta 60 mil objetos muse\u00edsticos de los m\u00e1s de 800 mil que componen la colecci\u00f3n del Museo. Entre los objetos seleccionados hay obras maestras de la pintura, la escultura y la gr\u00e1fica polacas, antiguas pinturas murales de Faras descubiertas por arque\u00f3logos polacos, arte medieval y contempor\u00e1neo. [&hellip;]","og_url":"https:\/\/instytutpolski.pl\/madrid\/conoce-polonia\/cultura-en-polonia\/museos\/la-coleccion-digital-del-museo-nacional\/","og_site_name":"Instytut Polski w Madrycie","article_modified_time":"2021-02-18T12:27:13+00:00","og_image":[{"width":2560,"height":1003,"url":"https:\/\/instytutpolski.pl\/madrid\/wp-content\/uploads\/sites\/16\/2020\/10\/fot_Adam-Oleksiak_MNW_9-gotowe-scaled.jpg","type":"image\/jpeg"}],"twitter_card":"summary_large_image","twitter_misc":{"Szacowany czas czytania":"2 minuty"},"schema":{"@context":"https:\/\/schema.org","@graph":[{"@type":"WebPage","@id":"https:\/\/instytutpolski.pl\/madrid\/conoce-polonia\/cultura-en-polonia\/museos\/la-coleccion-digital-del-museo-nacional\/","url":"https:\/\/instytutpolski.pl\/madrid\/conoce-polonia\/cultura-en-polonia\/museos\/la-coleccion-digital-del-museo-nacional\/","name":"La Colecci\u00f3n Digital del Museo Nacional - Instytut Polski w Madrycie","isPartOf":{"@id":"https:\/\/instytutpolski.pl\/madrid\/#website"},"primaryImageOfPage":{"@id":"https:\/\/instytutpolski.pl\/madrid\/conoce-polonia\/cultura-en-polonia\/museos\/la-coleccion-digital-del-museo-nacional\/#primaryimage"},"image":{"@id":"https:\/\/instytutpolski.pl\/madrid\/conoce-polonia\/cultura-en-polonia\/museos\/la-coleccion-digital-del-museo-nacional\/#primaryimage"},"thumbnailUrl":"https:\/\/instytutpolski.pl\/madrid\/wp-content\/uploads\/sites\/16\/2020\/10\/fot_Adam-Oleksiak_MNW_9-gotowe-scaled.jpg","datePublished":"2020-10-27T11:28:16+00:00","dateModified":"2021-02-18T12:27:13+00:00","breadcrumb":{"@id":"https:\/\/instytutpolski.pl\/madrid\/conoce-polonia\/cultura-en-polonia\/museos\/la-coleccion-digital-del-museo-nacional\/#breadcrumb"},"inLanguage":"pl-PL","potentialAction":[{"@type":"ReadAction","target":["https:\/\/instytutpolski.pl\/madrid\/conoce-polonia\/cultura-en-polonia\/museos\/la-coleccion-digital-del-museo-nacional\/"]}]},{"@type":"ImageObject","inLanguage":"pl-PL","@id":"https:\/\/instytutpolski.pl\/madrid\/conoce-polonia\/cultura-en-polonia\/museos\/la-coleccion-digital-del-museo-nacional\/#primaryimage","url":"https:\/\/instytutpolski.pl\/madrid\/wp-content\/uploads\/sites\/16\/2020\/10\/fot_Adam-Oleksiak_MNW_9-gotowe-scaled.jpg","contentUrl":"https:\/\/instytutpolski.pl\/madrid\/wp-content\/uploads\/sites\/16\/2020\/10\/fot_Adam-Oleksiak_MNW_9-gotowe-scaled.jpg","width":2560,"height":1003},{"@type":"BreadcrumbList","@id":"https:\/\/instytutpolski.pl\/madrid\/conoce-polonia\/cultura-en-polonia\/museos\/la-coleccion-digital-del-museo-nacional\/#breadcrumb","itemListElement":[{"@type":"ListItem","position":1,"name":"Home","item":"https:\/\/instytutpolski.pl\/madrid\/"},{"@type":"ListItem","position":2,"name":"Conoce Polonia","item":"https:\/\/instytutpolski.pl\/madrid\/conoce-polonia\/"},{"@type":"ListItem","position":3,"name":"Cultura","item":"https:\/\/instytutpolski.pl\/madrid\/conoce-polonia\/cultura-en-polonia\/"},{"@type":"ListItem","position":4,"name":"Museos","item":"https:\/\/instytutpolski.pl\/madrid\/conoce-polonia\/cultura-en-polonia\/museos\/"},{"@type":"ListItem","position":5,"name":"La Colecci\u00f3n Digital del Museo Nacional"}]},{"@type":"WebSite","@id":"https:\/\/instytutpolski.pl\/madrid\/#website","url":"https:\/\/instytutpolski.pl\/madrid\/","name":"Instytut Polski w Madrycie","description":"Instytuty Polskie","potentialAction":[{"@type":"SearchAction","target":{"@type":"EntryPoint","urlTemplate":"https:\/\/instytutpolski.pl\/madrid\/?s={search_term_string}"},"query-input":{"@type":"PropertyValueSpecification","valueRequired":true,"valueName":"search_term_string"}}],"inLanguage":"pl-PL"}]}},"_links":{"self":[{"href":"https:\/\/instytutpolski.pl\/madrid\/wp-json\/wp\/v2\/pages\/4967","targetHints":{"allow":["GET"]}}],"collection":[{"href":"https:\/\/instytutpolski.pl\/madrid\/wp-json\/wp\/v2\/pages"}],"about":[{"href":"https:\/\/instytutpolski.pl\/madrid\/wp-json\/wp\/v2\/types\/page"}],"author":[{"embeddable":true,"href":"https:\/\/instytutpolski.pl\/madrid\/wp-json\/wp\/v2\/users\/52"}],"replies":[{"embeddable":true,"href":"https:\/\/instytutpolski.pl\/madrid\/wp-json\/wp\/v2\/comments?post=4967"}],"version-history":[{"count":3,"href":"https:\/\/instytutpolski.pl\/madrid\/wp-json\/wp\/v2\/pages\/4967\/revisions"}],"predecessor-version":[{"id":5061,"href":"https:\/\/instytutpolski.pl\/madrid\/wp-json\/wp\/v2\/pages\/4967\/revisions\/5061"}],"up":[{"embeddable":true,"href":"https:\/\/instytutpolski.pl\/madrid\/wp-json\/wp\/v2\/pages\/4643"}],"wp:featuredmedia":[{"embeddable":true,"href":"https:\/\/instytutpolski.pl\/madrid\/wp-json\/wp\/v2\/media\/4679"}],"wp:attachment":[{"href":"https:\/\/instytutpolski.pl\/madrid\/wp-json\/wp\/v2\/media?parent=4967"}],"curies":[{"name":"wp","href":"https:\/\/api.w.org\/{rel}","templated":true}]}}