{"id":504,"date":"2019-06-25T11:16:04","date_gmt":"2019-06-25T09:16:04","guid":{"rendered":"https:\/\/instytutpolski.pl\/madryt\/?page_id=504"},"modified":"2026-03-26T12:37:07","modified_gmt":"2026-03-26T11:37:07","slug":"sobre-el-instituto-polaco-de-cultura","status":"publish","type":"page","link":"https:\/\/instytutpolski.pl\/madrid\/sobre-el-instituto-polaco-de-cultura\/","title":{"rendered":"Sobre el Instituto Polaco de Cultura"},"content":{"rendered":"\n<p>El Instituto Polaco de Cultura en Madrid, dependiente del Ministerio de Asuntos Exteriores de Polonia, tiene un objetivo sencillo y apasionante: acercar Polonia a los espa\u00f1oles y mostrar todo lo que nuestro pa\u00eds tiene que ofrecer \u2014su historia, su creatividad, su talento y su vibrante vida cultural. Llevamos haci\u00e9ndolo desde 2009.<\/p>\n<p>Trabajamos para que los creadores polacos tengan una presencia constante en los principales espacios culturales de la Pen\u00ednsula Ib\u00e9rica. Colaboramos con museos, festivales, teatros, universidades y centros de arte de Espa\u00f1a, impulsando nuevos puentes entre artistas e instituciones que enriquecen el di\u00e1logo cultural entre ambos pa\u00edses.<\/p>\n<p>Desde el Instituto Polaco de Cultura en Madrid queremos compartir una visi\u00f3n actual, abierta y plural del talento polaco, dirigida no solo a profesionales y expertos, sino tambi\u00e9n a todos los p\u00fablicos curiosos por descubrir nuevas voces y nuevas perspectivas.<\/p>\n<p>Este compromiso ha sido recientemente reconocido con el Premio a la Diplomacia Cultural en la primera edici\u00f3n de los Premios Internacionales <em>The Diplomat in Spain 2025<\/em>, celebrados en el Hotel F\u00e9nix Gran Meli\u00e1 de Madrid y presididos por el secretario de Estado de Asuntos Exteriores y Globales, Diego Mart\u00ednez Bel\u00edo. Un reconocimiento que nos anima a seguir conectando culturas y creando nuevas oportunidades de encuentro.<\/p>\n\n\n\n<p><\/p>\n","protected":false},"excerpt":{"rendered":"<p>El Instituto Polaco de Cultura en Madrid, dependiente del Ministerio de Asuntos Exteriores de Polonia, tiene un objetivo sencillo y apasionante: acercar Polonia a los espa\u00f1oles y mostrar todo lo que nuestro pa\u00eds tiene que ofrecer \u2014su historia, su creatividad, su talento y su vibrante vida cultural. Llevamos haci\u00e9ndolo desde 2009. Trabajamos para que los [&hellip;]<\/p>\n","protected":false},"author":1,"featured_media":8218,"parent":0,"menu_order":0,"comment_status":"closed","ping_status":"closed","template":"","meta":{"inline_featured_image":false,"_monsterinsights_skip_tracking":false,"_monsterinsights_sitenote_active":false,"_monsterinsights_sitenote_note":"","_monsterinsights_sitenote_category":0,"footnotes":""},"class_list":["post-504","page","type-page","status-publish","has-post-thumbnail","hentry"],"yoast_head":"<!-- This site is optimized with the Yoast SEO plugin v24.6 - https:\/\/yoast.com\/wordpress\/plugins\/seo\/ -->\n<title>Sobre el Instituto Polaco de Cultura - Instytut Polski w Madrycie<\/title>\n<meta name=\"robots\" content=\"index, follow, max-snippet:-1, max-image-preview:large, max-video-preview:-1\" \/>\n<link rel=\"canonical\" href=\"https:\/\/instytutpolski.pl\/madrid\/sobre-el-instituto-polaco-de-cultura\/\" \/>\n<meta property=\"og:locale\" content=\"pl_PL\" \/>\n<meta property=\"og:type\" content=\"article\" \/>\n<meta property=\"og:title\" content=\"Sobre el Instituto Polaco de Cultura - Instytut Polski w Madrycie\" \/>\n<meta property=\"og:description\" content=\"El Instituto Polaco de Cultura en Madrid, dependiente del Ministerio de Asuntos Exteriores de Polonia, tiene un objetivo sencillo y apasionante: acercar Polonia a los espa\u00f1oles y mostrar todo lo que nuestro pa\u00eds tiene que ofrecer \u2014su historia, su creatividad, su talento y su vibrante vida cultural. Llevamos haci\u00e9ndolo desde 2009. Trabajamos para que los [&hellip;]\" \/>\n<meta property=\"og:url\" content=\"https:\/\/instytutpolski.pl\/madrid\/sobre-el-instituto-polaco-de-cultura\/\" \/>\n<meta property=\"og:site_name\" content=\"Instytut Polski w Madrycie\" \/>\n<meta property=\"article:modified_time\" content=\"2026-03-26T11:37:07+00:00\" \/>\n<meta property=\"og:image\" content=\"https:\/\/instytutpolski.pl\/madrid\/wp-content\/uploads\/sites\/16\/2025\/02\/IP02-scaled.jpg\" \/>\n\t<meta property=\"og:image:width\" content=\"2560\" \/>\n\t<meta property=\"og:image:height\" content=\"1707\" \/>\n\t<meta property=\"og:image:type\" content=\"image\/jpeg\" \/>\n<meta name=\"twitter:card\" content=\"summary_large_image\" \/>\n<meta name=\"twitter:label1\" content=\"Szacowany czas czytania\" \/>\n\t<meta name=\"twitter:data1\" content=\"2 minuty\" \/>\n<script type=\"application\/ld+json\" class=\"yoast-schema-graph\">{\"@context\":\"https:\/\/schema.org\",\"@graph\":[{\"@type\":\"WebPage\",\"@id\":\"https:\/\/instytutpolski.pl\/madrid\/sobre-el-instituto-polaco-de-cultura\/\",\"url\":\"https:\/\/instytutpolski.pl\/madrid\/sobre-el-instituto-polaco-de-cultura\/\",\"name\":\"Sobre el Instituto Polaco de Cultura - Instytut Polski w Madrycie\",\"isPartOf\":{\"@id\":\"https:\/\/instytutpolski.pl\/madrid\/#website\"},\"primaryImageOfPage\":{\"@id\":\"https:\/\/instytutpolski.pl\/madrid\/sobre-el-instituto-polaco-de-cultura\/#primaryimage\"},\"image\":{\"@id\":\"https:\/\/instytutpolski.pl\/madrid\/sobre-el-instituto-polaco-de-cultura\/#primaryimage\"},\"thumbnailUrl\":\"https:\/\/instytutpolski.pl\/madrid\/wp-content\/uploads\/sites\/16\/2025\/02\/IP02-scaled.jpg\",\"datePublished\":\"2019-06-25T09:16:04+00:00\",\"dateModified\":\"2026-03-26T11:37:07+00:00\",\"breadcrumb\":{\"@id\":\"https:\/\/instytutpolski.pl\/madrid\/sobre-el-instituto-polaco-de-cultura\/#breadcrumb\"},\"inLanguage\":\"pl-PL\",\"potentialAction\":[{\"@type\":\"ReadAction\",\"target\":[\"https:\/\/instytutpolski.pl\/madrid\/sobre-el-instituto-polaco-de-cultura\/\"]}]},{\"@type\":\"ImageObject\",\"inLanguage\":\"pl-PL\",\"@id\":\"https:\/\/instytutpolski.pl\/madrid\/sobre-el-instituto-polaco-de-cultura\/#primaryimage\",\"url\":\"https:\/\/instytutpolski.pl\/madrid\/wp-content\/uploads\/sites\/16\/2025\/02\/IP02-scaled.jpg\",\"contentUrl\":\"https:\/\/instytutpolski.pl\/madrid\/wp-content\/uploads\/sites\/16\/2025\/02\/IP02-scaled.jpg\",\"width\":2560,\"height\":1707},{\"@type\":\"BreadcrumbList\",\"@id\":\"https:\/\/instytutpolski.pl\/madrid\/sobre-el-instituto-polaco-de-cultura\/#breadcrumb\",\"itemListElement\":[{\"@type\":\"ListItem\",\"position\":1,\"name\":\"Home\",\"item\":\"https:\/\/instytutpolski.pl\/madrid\/\"},{\"@type\":\"ListItem\",\"position\":2,\"name\":\"Sobre el Instituto Polaco de Cultura\"}]},{\"@type\":\"WebSite\",\"@id\":\"https:\/\/instytutpolski.pl\/madrid\/#website\",\"url\":\"https:\/\/instytutpolski.pl\/madrid\/\",\"name\":\"Instytut Polski w Madrycie\",\"description\":\"Instytuty Polskie\",\"potentialAction\":[{\"@type\":\"SearchAction\",\"target\":{\"@type\":\"EntryPoint\",\"urlTemplate\":\"https:\/\/instytutpolski.pl\/madrid\/?s={search_term_string}\"},\"query-input\":{\"@type\":\"PropertyValueSpecification\",\"valueRequired\":true,\"valueName\":\"search_term_string\"}}],\"inLanguage\":\"pl-PL\"}]}<\/script>\n<!-- \/ Yoast SEO plugin. -->","yoast_head_json":{"title":"Sobre el Instituto Polaco de Cultura - Instytut Polski w Madrycie","robots":{"index":"index","follow":"follow","max-snippet":"max-snippet:-1","max-image-preview":"max-image-preview:large","max-video-preview":"max-video-preview:-1"},"canonical":"https:\/\/instytutpolski.pl\/madrid\/sobre-el-instituto-polaco-de-cultura\/","og_locale":"pl_PL","og_type":"article","og_title":"Sobre el Instituto Polaco de Cultura - Instytut Polski w Madrycie","og_description":"El Instituto Polaco de Cultura en Madrid, dependiente del Ministerio de Asuntos Exteriores de Polonia, tiene un objetivo sencillo y apasionante: acercar Polonia a los espa\u00f1oles y mostrar todo lo que nuestro pa\u00eds tiene que ofrecer \u2014su historia, su creatividad, su talento y su vibrante vida cultural. Llevamos haci\u00e9ndolo desde 2009. Trabajamos para que los [&hellip;]","og_url":"https:\/\/instytutpolski.pl\/madrid\/sobre-el-instituto-polaco-de-cultura\/","og_site_name":"Instytut Polski w Madrycie","article_modified_time":"2026-03-26T11:37:07+00:00","og_image":[{"width":2560,"height":1707,"url":"https:\/\/instytutpolski.pl\/madrid\/wp-content\/uploads\/sites\/16\/2025\/02\/IP02-scaled.jpg","type":"image\/jpeg"}],"twitter_card":"summary_large_image","twitter_misc":{"Szacowany czas czytania":"2 minuty"},"schema":{"@context":"https:\/\/schema.org","@graph":[{"@type":"WebPage","@id":"https:\/\/instytutpolski.pl\/madrid\/sobre-el-instituto-polaco-de-cultura\/","url":"https:\/\/instytutpolski.pl\/madrid\/sobre-el-instituto-polaco-de-cultura\/","name":"Sobre el Instituto Polaco de Cultura - Instytut Polski w Madrycie","isPartOf":{"@id":"https:\/\/instytutpolski.pl\/madrid\/#website"},"primaryImageOfPage":{"@id":"https:\/\/instytutpolski.pl\/madrid\/sobre-el-instituto-polaco-de-cultura\/#primaryimage"},"image":{"@id":"https:\/\/instytutpolski.pl\/madrid\/sobre-el-instituto-polaco-de-cultura\/#primaryimage"},"thumbnailUrl":"https:\/\/instytutpolski.pl\/madrid\/wp-content\/uploads\/sites\/16\/2025\/02\/IP02-scaled.jpg","datePublished":"2019-06-25T09:16:04+00:00","dateModified":"2026-03-26T11:37:07+00:00","breadcrumb":{"@id":"https:\/\/instytutpolski.pl\/madrid\/sobre-el-instituto-polaco-de-cultura\/#breadcrumb"},"inLanguage":"pl-PL","potentialAction":[{"@type":"ReadAction","target":["https:\/\/instytutpolski.pl\/madrid\/sobre-el-instituto-polaco-de-cultura\/"]}]},{"@type":"ImageObject","inLanguage":"pl-PL","@id":"https:\/\/instytutpolski.pl\/madrid\/sobre-el-instituto-polaco-de-cultura\/#primaryimage","url":"https:\/\/instytutpolski.pl\/madrid\/wp-content\/uploads\/sites\/16\/2025\/02\/IP02-scaled.jpg","contentUrl":"https:\/\/instytutpolski.pl\/madrid\/wp-content\/uploads\/sites\/16\/2025\/02\/IP02-scaled.jpg","width":2560,"height":1707},{"@type":"BreadcrumbList","@id":"https:\/\/instytutpolski.pl\/madrid\/sobre-el-instituto-polaco-de-cultura\/#breadcrumb","itemListElement":[{"@type":"ListItem","position":1,"name":"Home","item":"https:\/\/instytutpolski.pl\/madrid\/"},{"@type":"ListItem","position":2,"name":"Sobre el Instituto Polaco de Cultura"}]},{"@type":"WebSite","@id":"https:\/\/instytutpolski.pl\/madrid\/#website","url":"https:\/\/instytutpolski.pl\/madrid\/","name":"Instytut Polski w Madrycie","description":"Instytuty Polskie","potentialAction":[{"@type":"SearchAction","target":{"@type":"EntryPoint","urlTemplate":"https:\/\/instytutpolski.pl\/madrid\/?s={search_term_string}"},"query-input":{"@type":"PropertyValueSpecification","valueRequired":true,"valueName":"search_term_string"}}],"inLanguage":"pl-PL"}]}},"_links":{"self":[{"href":"https:\/\/instytutpolski.pl\/madrid\/wp-json\/wp\/v2\/pages\/504","targetHints":{"allow":["GET"]}}],"collection":[{"href":"https:\/\/instytutpolski.pl\/madrid\/wp-json\/wp\/v2\/pages"}],"about":[{"href":"https:\/\/instytutpolski.pl\/madrid\/wp-json\/wp\/v2\/types\/page"}],"author":[{"embeddable":true,"href":"https:\/\/instytutpolski.pl\/madrid\/wp-json\/wp\/v2\/users\/1"}],"replies":[{"embeddable":true,"href":"https:\/\/instytutpolski.pl\/madrid\/wp-json\/wp\/v2\/comments?post=504"}],"version-history":[{"count":6,"href":"https:\/\/instytutpolski.pl\/madrid\/wp-json\/wp\/v2\/pages\/504\/revisions"}],"predecessor-version":[{"id":9988,"href":"https:\/\/instytutpolski.pl\/madrid\/wp-json\/wp\/v2\/pages\/504\/revisions\/9988"}],"wp:featuredmedia":[{"embeddable":true,"href":"https:\/\/instytutpolski.pl\/madrid\/wp-json\/wp\/v2\/media\/8218"}],"wp:attachment":[{"href":"https:\/\/instytutpolski.pl\/madrid\/wp-json\/wp\/v2\/media?parent=504"}],"curies":[{"name":"wp","href":"https:\/\/api.w.org\/{rel}","templated":true}]}}