{"id":10177,"date":"2021-02-10T09:41:25","date_gmt":"2021-02-10T08:41:25","guid":{"rendered":"https:\/\/instytutpolski.pl\/minsk\/?page_id=10177"},"modified":"2021-02-10T09:48:04","modified_gmt":"2021-02-10T08:48:04","slug":"tadeusz-rozewicz-zyciorys","status":"publish","type":"page","link":"https:\/\/instytutpolski.pl\/minsk\/pl\/tadeusz-rozewicz-zyciorys\/","title":{"rendered":"Tadeusz R\u00f3\u017cewicz. \u017byciorys"},"content":{"rendered":"\n<p><strong><b>Tadeusz R\u00f3\u017cewicz<\/b><\/strong>\u00a0urodzi\u0142 si\u0119 9 pa\u017adziernika 1921 roku w Radomsku jako czwarty z\u00a0pi\u0105tki dzieci. Za m\u0142odu uczy\u0142 si\u0119 w\u00a0Gimnazjum imienia Feliksa Fabianiego w\u00a0Radomsku. Tam te\u017c uzyska\u0142 tak zwan\u0105 ma\u0142\u0105 matur\u0119.<\/p>\n<p>Na zainteresowanie R\u00f3\u017cewicza literatur\u0105 w\u00a0du\u017cej mierze\u00a0wp\u0142yn\u0105\u0142 jego starszy brat Janusz. To w\u0142a\u015bnie on przedstawia\u0142 przysz\u0142emu poecie ksi\u0105\u017cki, a\u00a0tak\u017ce czasopisma, takie jak \u201eSkamandra\u201d czy \u201eWiadomo\u015bci Literackie\u201d. R\u00f3\u017cewicz zacz\u0105\u0142 pisa\u0107 pierwsze wiersze, gdy mia\u0142 kilkana\u015bcie lat. W\u00a0tym okresie pisa\u0142 tak\u017ce dla czasopisma \u201ePod Znakiem Marii\u201d.<\/p>\n<p>W czasie wojny R\u00f3\u017cewicz pracowa\u0142 pocz\u0105tkowo w\u00a0rodzinnym Radomsku jako magazynier i\u00a0goniec, p\u00f3\u017aniej zosta\u0142 uczniem stolarskim w\u00a0jednej z\u00a0miejscowych fabryk.\u00a0<\/p>\n<p>W 1942 roku zosta\u0142 \u017co\u0142nierzem Armii Krajowej. R\u00f3\u017cewicz otrzyma\u0142 pseudonim \u201eSatyr\u201d. Rok p\u00f3\u017aniej przeniesiono go do oddzia\u0142\u00f3w le\u015bnych. W\u00a0latach 1943\u20131944 bra\u0142 czynny udzia\u0142 w\u00a0walkach prowadzonych przez \u017co\u0142nierzy Armii Krajowej. Stale pisa\u0142 wtedy wiersze, redagowa\u0142 tak\u017ce czasopismo wojenne \u201eCzyn Zbrojny\u201d. Jego tw\u00f3rczo\u015b\u0107 cieszy\u0142a si\u0119 du\u017c\u0105 popularno\u015bci\u0105 w\u015br\u00f3d innych partyzant\u00f3w.<\/p>\n<p>To wtedy powsta\u0142y\u00a0<em><i>Echa le\u015bne<\/i><\/em>, kt\u00f3re nale\u017cy uzna\u0107 za faktyczny debiut literacki Tadeusza R\u00f3\u017cewicza. Pochlebne opinie o\u00a0tym tomiku wyra\u017ca\u0142o wielu przyjaci\u00f3\u0142 poety, a\u00a0tak\u017ce jego brat Janusz, kt\u00f3ry przepowiada\u0142 mu wielk\u0105 karier\u0119. Brat poety zgin\u0105\u0142 w\u00a01944 roku, najpierw pojmany, a\u00a0nast\u0119pnie rozstrzelany przez Niemc\u00f3w.<\/p>\n<p>W 1945 roku Tadeusz R\u00f3\u017cewicz ujawni\u0142 si\u0119 w\u00a0Komisji Likwidacyjnej. Kilka lat p\u00f3\u017aniej odznaczono go Medalem Wojska Polskiego. w\u00a01974 roku zosta\u0142 za\u015b uhonorowany Krzy\u017cem Armii Krajowej, kt\u00f3ry przyznano mu w\u00a0Londynie.<\/p>\n<p>Po wojnie pocz\u0105tkowo mieszka\u0142 w\u00a0Cz\u0119stochowie, gdzie dalej tworzy\u0142 i\u00a0udziela\u0142 si\u0119 w\u00a0miejscowym \u015brodowisku kulturalnym, mi\u0119dzy innymi pisz\u0105c dla czasopisma literackiego \u201eOdrodzenie\u201d. W\u00a0redakcji tego pisma pozna\u0142 Juliana Przybosia, kt\u00f3ry dostrzeg\u0142 w\u00a0R\u00f3\u017cewiczu wielki talent i\u00a0nam\u00f3wi\u0142 go, \u017ceby przeni\u00f3s\u0142 si\u0119 do Krakowa.\u00a0W Krakowie R\u00f3\u017cewicz zda\u0142 matur\u0119, po czym rozpocz\u0105\u0142 studia z\u00a0historii sztuki na Uniwersytecie Jagiello\u0144skim (ostatecznie ich nie uko\u0144czy\u0142). Aktywnie udziela\u0142 si\u0119 w\u00a0\u017cyciu intelektualnym i\u00a0literackim \u00f3wczesnego Krakowa.<\/p>\n<p>G\u0142o\u015bnym echem odbi\u0142y si\u0119 kolejne tomy R\u00f3\u017cewicza wydane ju\u017c po wojnie \u2013\u00a0<em><i>Niepok\u00f3j i\u00a0Czerwona r\u0119kawiczka<\/i><\/em>. Wiersze m\u0142odego poety wysoko cenili mi\u0119dzy innymi Leopold Staff i\u00a0Czes\u0142aw Mi\u0142osz. To w\u0142a\u015bnie wtedy powsta\u0142 jeden z\u00a0najs\u0142ynniejszych wierszy R\u00f3\u017cewicza \u2013\u00a0<em><i>Ocalony<\/i><\/em>.<\/p>\n<p>W kolejnych latach R\u00f3\u017cewicz pr\u00f3bowa\u0142 wyemigrowa\u0107 z\u00a0Polski, mi\u0119dzy innymi prosz\u0105c\u00a0Juliana Przybosia o\u00a0pomoc w\u00a0wyje\u017adzie do Pary\u017ca. Tych plan\u00f3w nie uda\u0142o\u00a0si\u0119 jednak zrealizowa\u0107. Kr\u00f3tki okres poeta sp\u0119dzi\u0142 tylko na W\u0119grzech.\u00a0Do Polski wr\u00f3ci\u0142 na pocz\u0105tku lat pi\u0119\u0107dziesi\u0105tych i\u00a0zamieszka\u0142 w\u00a0Gliwicach, gdzie cierpia\u0142 bied\u0119. W\u00a0tym okresie wiele utwor\u00f3w poety by\u0142o poddawanych krytyce.\u00a0Na pocz\u0105tku lat pi\u0119\u0107dziesi\u0105tych urodzili si\u0119 jego dwaj synowie.<\/p>\n<p>Po \u015bmierci J\u00f3zefa Stalina i\u00a0wydarzeniach 1956 roku krytyka zacz\u0119\u0142a ceni\u0107 wiersze R\u00f3\u017cewicza za podejmowanie przez poet\u0119 tematu d\u0105\u017cenia do wyzwolenia.<\/p>\n<p>W kolejnych latach R\u00f3\u017cewicz zwr\u00f3ci\u0142 si\u0119 w\u00a0stron\u0119 dramatu. Zafascynowany dokonaniami tw\u00f3rc\u00f3w teatru absurdu, Samuela Becketta czy Eug\u00e8ne\u2019a Ionesco, stworzy\u0142 jeden z\u00a0najwa\u017cniejszych utwor\u00f3w dramatycznych w\u00a0historii literatury polskiej \u2013\u00a0<em><i>Kartotek\u0119<\/i><\/em>. Sztuka, powsta\u0142a w\u00a01960 roku, cz\u0119sto uznawana za jeden z\u00a0pierwszych przyk\u0142ad\u00f3w teatru absurdu w\u00a0rodzimej literaturze.<\/p>\n<p>W p\u00f3\u017aniejszym okresie R\u00f3\u017cewicz cz\u0119sto eksperymentowa\u0142 z\u00a0form\u0105, mieszaj\u0105c gatunki, \u0142\u0105cz\u0105c poezj\u0119 z\u00a0dramatem i\u00a0proz\u0105. Jednym z\u00a0najwa\u017cniejszych przyk\u0142ad\u00f3w tej strategii literackiej jest\u00a0<em><i>Przygotowanie do wieczoru autorskiego<\/i><\/em>.<\/p>\n<p>W 1964 roku poeta zosta\u0142 wymieniony jako jeden z\u00a0sygnatariuszy listu pisarzy polskich wystosowanego w\u00a0prote\u015bcie przeciw \u201eListowi 34\u201d. W\u00a0li\u015bcie, kt\u00f3ry podpisa\u0142 R\u00f3\u017cewicz (zwanym \u201eKontrlistem 600\u201d), wyra\u017cano sprzeciw wobec, jak to okre\u015blono, uprawianej na \u0142amach prasy zachodniej kampanii oczerniaj\u0105cej Polsk\u0119 Ludow\u0105. Wielu literat\u00f3w, kt\u00f3rych nazwiska wymieniono w\u00a0li\u015bcie twierdzi\u0142o\u00a0jednak\u017ce, \u017ce jego tre\u015b\u0107 zmieniono po z\u0142o\u017ceniu przez nich podpis\u00f3w, a\u00a0tym samym by\u0142 on sfa\u0142szowany. W\u00a0kolejnych latach R\u00f3\u017cewicz by\u0142 celem atak\u00f3w ze strony r\u00f3\u017cnych literat\u00f3w, mi\u0119dzy innymi Przybosia.<\/p>\n<p>Od 1968 roku a\u017c do \u015bmierci poeta mieszka\u0142 we Wroc\u0142awiu.<\/p>\n<p>W kolejnych latach tworzy\u0142 zbiory poezji i\u00a0dramaty. Do najbardziej znanych utwor\u00f3w dramatycznych R\u00f3\u017cewicza z\u00a0lat p\u00f3\u017aniejszych zaliczaj\u0105 si\u0119 mi\u0119dzy innymi\u00a0<em><i>Odej\u015bcie g\u0142odomora\u00a0<\/i><\/em>(1977) i\u00a0<em><i>Do piachu<\/i><\/em>\u00a0(1979). Na pocz\u0105tku lat dziewi\u0119\u0107dziesi\u0105tych R\u00f3\u017cewicz stworzy\u0142 uwsp\u00f3\u0142cze\u015bnion\u0105 wersj\u0119 swojego najs\u0142ynniejszego dzie\u0142a dramatycznego \u2013\u00a0<em><i>Kartotek\u0119 rozrzucon\u0105<\/i><\/em>, w\u00a0kt\u00f3rej zawar\u0142 dodatkowe sceny odnosz\u0105ce si\u0119 do \u00f3wczesnej rzeczywisto\u015bci.<\/p>\n<p>R\u00f3\u017cewicz by\u0142 cz\u0142onkiem Stowarzyszenia Pisarzy Polskich. By\u0142 laureatem licznych nagr\u00f3d literackich, mi\u0119dzy innymi Nagrody Poetyckiej Silesius przyznawanej we Wroc\u0142awiu za dokonania w\u00a0dziedzinie literatury \u015brodkowoeuropejskiej. W\u00a02000 roku zosta\u0142 laureatem Nagrody Literackiej Nike za tom poezji\u00a0<em><i>Matka odchodzi<\/i><\/em>.<\/p>\n<p>Zmar\u0142 w\u00a0kwietniu 2014 roku we Wroc\u0142awiu. Jego prochy z\u0142o\u017cono na cmentarzu przy ko\u015bciele ewangelickim Naszego Zbawiciela w\u00a0Karpaczu.<\/p>\n<p>Dzie\u0142a Tadeusza R\u00f3\u017cewicza przet\u0142umaczono na 49 j\u0119zyk\u00f3w.<\/p>\n<p>\u00a0<\/p>\n<p style=\"text-align: center\"><strong><b>Tw\u00f3rczo\u015b\u0107<\/b><\/strong><\/p>\n<p><strong><b>Poezja<\/b><\/strong>:<\/p>\n<ul>\n<li><em><i>1944 \u2013 &#8222;Echa le\u015bne&#8221; (pod pseudonimem Satyr),<\/i><\/em><\/li>\n<li><em><i>1947 \u2013 &#8222;Niepok\u00f3j&#8221; (zawiera wiersz &#8222;Ocalony&#8221;),<\/i><\/em><\/li>\n<li><em><i>1948 \u2013 &#8222;Czerwona r\u0119kawiczka&#8221;,<\/i><\/em><\/li>\n<li><em><i>1950 \u2013 &#8222;Pi\u0119\u0107 poemat\u00f3w&#8221;,<\/i><\/em><\/li>\n<li><em><i>1951 \u2013 &#8222;Czas, kt\u00f3ry idzie&#8221;,<\/i><\/em><\/li>\n<li><em><i>1952 \u2013 &#8222;Wiersze i obrazy&#8221;,<\/i><\/em><\/li>\n<li><em><i>1953 \u2013 &#8222;Wyb\u00f3r wierszy&#8221;,<\/i><\/em><\/li>\n<li><em><i>1954 \u2013 &#8222;R\u00f3wnina&#8221;,<\/i><\/em><\/li>\n<li><em><i>1955 \u2013 &#8222;Srebrny k\u0142os&#8221; (zawiera wiersz &#8222;Przepa\u015b\u0107&#8221;),<\/i><\/em><\/li>\n<li><em><i>1955 \u2013 &#8222;U\u015bmiechy&#8221;,<\/i><\/em><\/li>\n<li><em><i>1956 \u2013 &#8222;Poemat otwarty&#8221;,<\/i><\/em><\/li>\n<li><em><i>1957 \u2013 &#8222;Poezje zebrane&#8221;,<\/i><\/em><\/li>\n<li><em><i>1958 \u2013 &#8222;Formy&#8221; (zawiera wiersz &#8222;List do ludo\u017cerc\u00f3w&#8221;),<\/i><\/em><\/li>\n<li><em><i>1960 \u2013 &#8222;Rozmowa z ksi\u0119ciem&#8221; (wiersze i proza poetycka),<\/i><\/em><\/li>\n<li><em><i>1961 \u2013 &#8222;G\u0142os Anonima&#8221; (zawiera poemat &#8222;Et in Arcadia ego&#8221;),<\/i><\/em><\/li>\n<li><em><i>1961 \u2013 &#8222;Zielona r\u00f3\u017ca. Kartoteka&#8221; (poezje i dramat),<\/i><\/em><\/li>\n<li><em><i>1962 \u2013 &#8222;Nic w p\u0142aszczu Prospera&#8221;,<\/i><\/em><\/li>\n<li><em><i>1963 \u2013 &#8222;Niepok\u00f3j. Wyb\u00f3r wierszy 1945\u20131961&#8221;,<\/i><\/em><\/li>\n<li><em><i>1964 \u2013 &#8222;Twarz&#8221;,<\/i><\/em><\/li>\n<li><em><i>1967 \u2013 &#8222;Wiersze i poematy&#8221;,<\/i><\/em><\/li>\n<li><em><i>1968 \u2013 &#8222;Twarz trzecia&#8221; (zawiera poematy &#8222;Spadanie&#8221; i &#8222;Non-stop-show&#8221;),<\/i><\/em><\/li>\n<li><em><i>1969 \u2013 &#8222;Regio&#8221; (zawiera poemat proz\u0105 &#8222;Z\u0142owiony&#8221;),<\/i><\/em><\/li>\n<li><em><i>1970 \u2013 &#8222;Poezje zebrane&#8221;,<\/i><\/em><\/li>\n<li><em><i>1973 \u2013 &#8222;Poezja, dramat, proza&#8221; (wyb\u00f3r),<\/i><\/em><\/li>\n<li><em><i>1974 \u2013 &#8222;Wiersze&#8221;,<\/i><\/em><\/li>\n<li><em><i>1976 \u2013 &#8222;Poezje zebrane&#8221;,<\/i><\/em><\/li>\n<li><em><i>1977 \u2013 &#8222;Duszyczka&#8221; (poemat proz\u0105),<\/i><\/em><\/li>\n<li><em><i>1983 \u2013 &#8222;Na powierzchni poematu i w \u015brodku. Nowy wyb\u00f3r poezji&#8221;,<\/i><\/em><\/li>\n<li><em><i>1984 \u2013 &#8222;Poezje wybrane (II)&#8221;,<\/i><\/em><\/li>\n<li><em><i>1987 \u2013 &#8222;Poezje&#8221;,<\/i><\/em><\/li>\n<li><em><i>1988 \u2013 &#8222;Poezja&#8221; T. 1-2,<\/i><\/em><\/li>\n<li><em><i>1991 \u2013 &#8222;P\u0142askorze\u017aba&#8221;,<\/i><\/em><\/li>\n<li><em><i>1991 \u2013 &#8222;Poezje wybrane&#8221;,<\/i><\/em><\/li>\n<li><em><i>1996 \u2013 &#8222;Zawsze fragment&#8221;,<\/i><\/em><\/li>\n<li><em><i>1998 \u2013 &#8222;Zawsze fragment. Recycling&#8221;,<\/i><\/em><\/li>\n<li><em><i>1999 \u2013 &#8222;Matka odchodzi&#8221; \u2013 ksi\u0105\u017cka otrzyma\u0142a laur \u015al\u0105skiego Wawrzynu Literackiego za 1999 rok oraz Nike w 2000,<\/i><\/em><\/li>\n<li><em><i>2001 \u2013 &#8222;No\u017cyk profesora&#8221; (poemat i wiersze),<\/i><\/em><\/li>\n<li><em><i>2002 \u2013 &#8222;Szara strefa&#8221;,<\/i><\/em><\/li>\n<li><em><i>2004 \u2013 &#8222;Wyj\u015bcie&#8221;,<\/i><\/em><\/li>\n<li><em><i>2005 \u2013 &#8222;U\u015bmiechy&#8221;,<\/i><\/em><\/li>\n<li><em><i>2007 \u2013 &#8222;Nauka chodzenia. Gehen lernen&#8221;,<\/i><\/em><\/li>\n<li><em><i>2008 \u2013 &#8222;Kup kota w worku&#8221;,<\/i><\/em><\/li>\n<li><em><i>2011 \u2013 &#8222;Historia pi\u0119ciu wierszy&#8221;,<\/i><\/em><\/li>\n<li><em><i>2011 \u2013 &#8222;Dorzecze R\u00f3\u017cewicza&#8221; (antologia wierszy uzupe\u0142niona szkicami dwudziestu czterech poet\u00f3w),<\/i><\/em><\/li>\n<li><em><i>2012 \u2013 &#8222;to i owo&#8221;,<\/i><\/em><\/li>\n<li><em><i>2014 \u2013 &#8222;Wiersze przeczytane&#8221;,<\/i><\/em><\/li>\n<li><em><i>2015 \u2013 &#8222;Ostatnia wolno\u015b\u0107&#8221;,<\/i><\/em><\/li>\n<li><em><i>2015 \u2013 &#8222;Znikanie&#8221;.<\/i><\/em><\/li>\n<li>\u00a0<\/li>\n<\/ul>\n<p><strong><b>Proza<\/b><\/strong>:<\/p>\n<ul>\n<li>1946 \u2013 &#8222;W \u0142y\u017cce wody&#8221; (satyry),<\/li>\n<li>1953 \u2013 &#8222;Kartki z W\u0119gier&#8221; (reporta\u017ce),<\/li>\n<li>1955 \u2013 &#8222;Opad\u0142y li\u015bcie z drzew&#8221; (opowiadania),<\/li>\n<li>1960 \u2013 &#8222;Przerwany egzamin&#8221; (opowiadania),<\/li>\n<li>1966 \u2013 &#8222;Wycieczka do muzeum&#8221; (opowiadania),<\/li>\n<li>1968 \u2013 &#8222;Opowiadania wybrane&#8221;,<\/li>\n<li>1970 \u2013 &#8222;\u015amier\u0107 w starych dekoracjach&#8221; (opowiadania),<\/li>\n<li>1971 \u2013 &#8222;Przygotowanie do wieczoru autorskiego&#8221; (szkice, wspomnienia, utwory sceniczne),<\/li>\n<li>1973 \u2013 &#8222;Proza&#8221;,<\/li>\n<li>1979 \u2013 &#8222;Opowiadania traumatyczne. Duszyczka&#8221; (miniatury literackie),<\/li>\n<li>1979 \u2013 &#8222;Pr\u00f3ba rekonstrukcji&#8221;,<\/li>\n<li>1980 \u2013 &#8222;Tarcza z paj\u0119czyny&#8221;,<\/li>\n<li>1990 \u2013 &#8222;Proza&#8221; T. 1-2,<\/li>\n<li>2010 \u2013 &#8222;Wycieczka do muzeum&#8221; (poszerzone wydanie ksi\u0105\u017cki z 1966 roku)<\/li>\n<li>2010 \u2013 &#8222;Margines, ale&#8230;&#8221;,<\/li>\n<li>2011 \u2013 &#8222;Wbrew sobie. Rozmowy z Tadeuszem R\u00f3\u017cewiczem&#8221;.<\/li>\n<\/ul>\n<p><strong><b>Dramaty<\/b><\/strong>:<\/p>\n<ul>\n<li>1960 \u2013 &#8222;Kartoteka&#8221;,<\/li>\n<li>1962 \u2013 &#8222;Grupa Laokoona&#8221;,<\/li>\n<li>1964 \u2013 &#8222;\u015awiadkowie albo nasza ma\u0142a stabilizacja&#8221;,<\/li>\n<li>1965 \u2013 &#8222;\u015amieszny staruszek&#8221;,<\/li>\n<li>1965 \u2013 &#8222;Wyszed\u0142 z domu&#8221;,<\/li>\n<li>1967 \u2013 &#8222;Spaghetti i miecz&#8221;,<\/li>\n<li>1969 \u2013 &#8222;Stara kobieta wysiaduje&#8221;,<\/li>\n<li>1970 \u2013 &#8222;Akt przerywany&#8221;,<\/li>\n<li>1971 \u2013 &#8222;Rajski ogr\u00f3dek&#8221;,<\/li>\n<li>1972 \u2013 &#8222;Na czworakach&#8221;,<\/li>\n<li>1975 \u2013 &#8222;Bia\u0142e ma\u0142\u017ce\u0144stwo&#8221;,<\/li>\n<li>1977 \u2013 &#8222;Odej\u015bcie g\u0142odomora&#8221;,<\/li>\n<li>1979 \u2013 &#8222;Przyrost naturalny&#8221;,<\/li>\n<li>1979 \u2013 &#8222;\u015amier\u0107 w starych dekoracjach&#8221;,<\/li>\n<li>1979 \u2013 &#8222;Do piachu&#8221;,<\/li>\n<li>1982 \u2013 &#8222;Pu\u0142apka&#8221;,<\/li>\n<li>1997 \u2013 &#8222;Kartoteka rozrzucona&#8221;.<\/li>\n<\/ul>\n<p><strong><b>\u00a0<\/b><\/strong>\u0179r\u00f3d\u0142a:<\/p>\n<p><a href=\"https:\/\/pl.wikipedia.org\/wiki\/Tadeusz_R%C3%B3%C5%BCewicz\">https:\/\/pl.wikipedia.org\/wiki\/Tadeusz_R%C3%B3%C5%BCewicz<\/a><br \/><a href=\"https:\/\/culture.pl\/pl\/tworca\/tadeusz-rozewicz\">https:\/\/culture.pl\/pl\/tworca\/tadeusz-rozewicz<\/a><br \/><a href=\"http:\/\/encyklopedia.pwn.pl\/haslo\/Rozewicz-Tadeusz;3969606.html\">http:\/\/encyklopedia.pwn.pl\/haslo\/Rozewicz-Tadeusz;3969606.html<\/a><a href=\"https:\/\/www.polskieradio.pl\/24\/289\/Artykul\/1108138,Tadeusz-Rozewicz-%E2%80%93-poeta-okaleczony-przez-wojne\">https:\/\/www.polskieradio.pl\/24\/289\/Artykul\/1108138,Tadeusz-Rozewicz-%E2%80%93-poeta-okaleczony-przez-wojne<\/a><\/p>\n<p><a href=\"https:\/\/nowynapis.eu\/autor\/tadeusz-rozewicz\"><strong><b>https:\/\/nowynapis.eu\/autor\/tadeusz-rozewicz<\/b><\/strong><\/a><\/p>\n\n\n\n<p><em>Zdj\u0119cie: Tadeusz R\u00f3\u017cewicz, 2003, fot. Krzysztof Wojciechowski \/ Forum<\/em><\/p>\n","protected":false},"excerpt":{"rendered":"<p>Tadeusz R\u00f3\u017cewicz\u00a0urodzi\u0142 si\u0119 9 pa\u017adziernika 1921 roku w Radomsku jako czwarty z\u00a0pi\u0105tki dzieci. Za m\u0142odu uczy\u0142 si\u0119 w\u00a0Gimnazjum imienia Feliksa Fabianiego w\u00a0Radomsku. Tam te\u017c uzyska\u0142 tak zwan\u0105 ma\u0142\u0105 matur\u0119. Na zainteresowanie R\u00f3\u017cewicza literatur\u0105 w\u00a0du\u017cej mierze\u00a0wp\u0142yn\u0105\u0142 jego starszy brat Janusz. To w\u0142a\u015bnie on przedstawia\u0142 przysz\u0142emu poecie ksi\u0105\u017cki, a\u00a0tak\u017ce czasopisma, takie jak \u201eSkamandra\u201d czy \u201eWiadomo\u015bci Literackie\u201d. R\u00f3\u017cewicz [&hellip;]<\/p>\n","protected":false},"author":65,"featured_media":10170,"parent":0,"menu_order":0,"comment_status":"closed","ping_status":"closed","template":"","meta":{"inline_featured_image":false,"_monsterinsights_skip_tracking":false,"_monsterinsights_sitenote_active":false,"_monsterinsights_sitenote_note":"","_monsterinsights_sitenote_category":0,"footnotes":""},"class_list":["post-10177","page","type-page","status-publish","has-post-thumbnail","hentry"],"yoast_head":"<!-- This site is optimized with the Yoast SEO plugin v24.6 - https:\/\/yoast.com\/wordpress\/plugins\/seo\/ -->\n<title>Tadeusz R\u00f3\u017cewicz. \u017byciorys - Instytut Polski w Mi\u0144sku<\/title>\n<meta name=\"robots\" content=\"index, follow, max-snippet:-1, max-image-preview:large, max-video-preview:-1\" \/>\n<link rel=\"canonical\" href=\"https:\/\/instytutpolski.pl\/minsk\/pl\/tadeusz-rozewicz-zyciorys\/\" \/>\n<meta property=\"og:locale\" content=\"pl_PL\" \/>\n<meta property=\"og:type\" content=\"article\" \/>\n<meta property=\"og:title\" content=\"Tadeusz R\u00f3\u017cewicz. \u017byciorys - Instytut Polski w Mi\u0144sku\" \/>\n<meta property=\"og:description\" content=\"Tadeusz R\u00f3\u017cewicz\u00a0urodzi\u0142 si\u0119 9 pa\u017adziernika 1921 roku w Radomsku jako czwarty z\u00a0pi\u0105tki dzieci. Za m\u0142odu uczy\u0142 si\u0119 w\u00a0Gimnazjum imienia Feliksa Fabianiego w\u00a0Radomsku. Tam te\u017c uzyska\u0142 tak zwan\u0105 ma\u0142\u0105 matur\u0119. Na zainteresowanie R\u00f3\u017cewicza literatur\u0105 w\u00a0du\u017cej mierze\u00a0wp\u0142yn\u0105\u0142 jego starszy brat Janusz. To w\u0142a\u015bnie on przedstawia\u0142 przysz\u0142emu poecie ksi\u0105\u017cki, a\u00a0tak\u017ce czasopisma, takie jak \u201eSkamandra\u201d czy \u201eWiadomo\u015bci Literackie\u201d. R\u00f3\u017cewicz [&hellip;]\" \/>\n<meta property=\"og:url\" content=\"https:\/\/instytutpolski.pl\/minsk\/pl\/tadeusz-rozewicz-zyciorys\/\" \/>\n<meta property=\"og:site_name\" content=\"Instytut Polski w Mi\u0144sku\" \/>\n<meta property=\"article:modified_time\" content=\"2021-02-10T08:48:04+00:00\" \/>\n<meta property=\"og:image\" content=\"https:\/\/instytutpolski.pl\/minsk\/wp-content\/uploads\/sites\/6\/2021\/02\/rozewicz-K.Wojciechowski.jpg\" \/>\n\t<meta property=\"og:image:width\" content=\"759\" \/>\n\t<meta property=\"og:image:height\" content=\"508\" \/>\n\t<meta property=\"og:image:type\" content=\"image\/jpeg\" \/>\n<meta name=\"twitter:card\" content=\"summary_large_image\" \/>\n<meta name=\"twitter:label1\" content=\"Szacowany czas czytania\" \/>\n\t<meta name=\"twitter:data1\" content=\"6 minut\" \/>\n<script type=\"application\/ld+json\" class=\"yoast-schema-graph\">{\"@context\":\"https:\/\/schema.org\",\"@graph\":[{\"@type\":\"WebPage\",\"@id\":\"https:\/\/instytutpolski.pl\/minsk\/pl\/tadeusz-rozewicz-zyciorys\/\",\"url\":\"https:\/\/instytutpolski.pl\/minsk\/pl\/tadeusz-rozewicz-zyciorys\/\",\"name\":\"Tadeusz R\u00f3\u017cewicz. \u017byciorys - Instytut Polski w Mi\u0144sku\",\"isPartOf\":{\"@id\":\"https:\/\/instytutpolski.pl\/minsk\/#website\"},\"primaryImageOfPage\":{\"@id\":\"https:\/\/instytutpolski.pl\/minsk\/pl\/tadeusz-rozewicz-zyciorys\/#primaryimage\"},\"image\":{\"@id\":\"https:\/\/instytutpolski.pl\/minsk\/pl\/tadeusz-rozewicz-zyciorys\/#primaryimage\"},\"thumbnailUrl\":\"https:\/\/instytutpolski.pl\/minsk\/wp-content\/uploads\/sites\/6\/2021\/02\/rozewicz-K.Wojciechowski.jpg\",\"datePublished\":\"2021-02-10T08:41:25+00:00\",\"dateModified\":\"2021-02-10T08:48:04+00:00\",\"breadcrumb\":{\"@id\":\"https:\/\/instytutpolski.pl\/minsk\/pl\/tadeusz-rozewicz-zyciorys\/#breadcrumb\"},\"inLanguage\":\"pl-PL\",\"potentialAction\":[{\"@type\":\"ReadAction\",\"target\":[\"https:\/\/instytutpolski.pl\/minsk\/pl\/tadeusz-rozewicz-zyciorys\/\"]}]},{\"@type\":\"ImageObject\",\"inLanguage\":\"pl-PL\",\"@id\":\"https:\/\/instytutpolski.pl\/minsk\/pl\/tadeusz-rozewicz-zyciorys\/#primaryimage\",\"url\":\"https:\/\/instytutpolski.pl\/minsk\/wp-content\/uploads\/sites\/6\/2021\/02\/rozewicz-K.Wojciechowski.jpg\",\"contentUrl\":\"https:\/\/instytutpolski.pl\/minsk\/wp-content\/uploads\/sites\/6\/2021\/02\/rozewicz-K.Wojciechowski.jpg\",\"width\":759,\"height\":508},{\"@type\":\"BreadcrumbList\",\"@id\":\"https:\/\/instytutpolski.pl\/minsk\/pl\/tadeusz-rozewicz-zyciorys\/#breadcrumb\",\"itemListElement\":[{\"@type\":\"ListItem\",\"position\":1,\"name\":\"Home\",\"item\":\"https:\/\/instytutpolski.pl\/minsk\/\"},{\"@type\":\"ListItem\",\"position\":2,\"name\":\"Tadeusz R\u00f3\u017cewicz. \u017byciorys\"}]},{\"@type\":\"WebSite\",\"@id\":\"https:\/\/instytutpolski.pl\/minsk\/#website\",\"url\":\"https:\/\/instytutpolski.pl\/minsk\/\",\"name\":\"Instytut Polski w Mi\u0144sku\",\"description\":\"Instytuty Polskie\",\"potentialAction\":[{\"@type\":\"SearchAction\",\"target\":{\"@type\":\"EntryPoint\",\"urlTemplate\":\"https:\/\/instytutpolski.pl\/minsk\/?s={search_term_string}\"},\"query-input\":{\"@type\":\"PropertyValueSpecification\",\"valueRequired\":true,\"valueName\":\"search_term_string\"}}],\"inLanguage\":\"pl-PL\"}]}<\/script>\n<!-- \/ Yoast SEO plugin. -->","yoast_head_json":{"title":"Tadeusz R\u00f3\u017cewicz. \u017byciorys - Instytut Polski w Mi\u0144sku","robots":{"index":"index","follow":"follow","max-snippet":"max-snippet:-1","max-image-preview":"max-image-preview:large","max-video-preview":"max-video-preview:-1"},"canonical":"https:\/\/instytutpolski.pl\/minsk\/pl\/tadeusz-rozewicz-zyciorys\/","og_locale":"pl_PL","og_type":"article","og_title":"Tadeusz R\u00f3\u017cewicz. \u017byciorys - Instytut Polski w Mi\u0144sku","og_description":"Tadeusz R\u00f3\u017cewicz\u00a0urodzi\u0142 si\u0119 9 pa\u017adziernika 1921 roku w Radomsku jako czwarty z\u00a0pi\u0105tki dzieci. Za m\u0142odu uczy\u0142 si\u0119 w\u00a0Gimnazjum imienia Feliksa Fabianiego w\u00a0Radomsku. Tam te\u017c uzyska\u0142 tak zwan\u0105 ma\u0142\u0105 matur\u0119. Na zainteresowanie R\u00f3\u017cewicza literatur\u0105 w\u00a0du\u017cej mierze\u00a0wp\u0142yn\u0105\u0142 jego starszy brat Janusz. To w\u0142a\u015bnie on przedstawia\u0142 przysz\u0142emu poecie ksi\u0105\u017cki, a\u00a0tak\u017ce czasopisma, takie jak \u201eSkamandra\u201d czy \u201eWiadomo\u015bci Literackie\u201d. R\u00f3\u017cewicz [&hellip;]","og_url":"https:\/\/instytutpolski.pl\/minsk\/pl\/tadeusz-rozewicz-zyciorys\/","og_site_name":"Instytut Polski w Mi\u0144sku","article_modified_time":"2021-02-10T08:48:04+00:00","og_image":[{"width":759,"height":508,"url":"https:\/\/instytutpolski.pl\/minsk\/wp-content\/uploads\/sites\/6\/2021\/02\/rozewicz-K.Wojciechowski.jpg","type":"image\/jpeg"}],"twitter_card":"summary_large_image","twitter_misc":{"Szacowany czas czytania":"6 minut"},"schema":{"@context":"https:\/\/schema.org","@graph":[{"@type":"WebPage","@id":"https:\/\/instytutpolski.pl\/minsk\/pl\/tadeusz-rozewicz-zyciorys\/","url":"https:\/\/instytutpolski.pl\/minsk\/pl\/tadeusz-rozewicz-zyciorys\/","name":"Tadeusz R\u00f3\u017cewicz. \u017byciorys - Instytut Polski w Mi\u0144sku","isPartOf":{"@id":"https:\/\/instytutpolski.pl\/minsk\/#website"},"primaryImageOfPage":{"@id":"https:\/\/instytutpolski.pl\/minsk\/pl\/tadeusz-rozewicz-zyciorys\/#primaryimage"},"image":{"@id":"https:\/\/instytutpolski.pl\/minsk\/pl\/tadeusz-rozewicz-zyciorys\/#primaryimage"},"thumbnailUrl":"https:\/\/instytutpolski.pl\/minsk\/wp-content\/uploads\/sites\/6\/2021\/02\/rozewicz-K.Wojciechowski.jpg","datePublished":"2021-02-10T08:41:25+00:00","dateModified":"2021-02-10T08:48:04+00:00","breadcrumb":{"@id":"https:\/\/instytutpolski.pl\/minsk\/pl\/tadeusz-rozewicz-zyciorys\/#breadcrumb"},"inLanguage":"pl-PL","potentialAction":[{"@type":"ReadAction","target":["https:\/\/instytutpolski.pl\/minsk\/pl\/tadeusz-rozewicz-zyciorys\/"]}]},{"@type":"ImageObject","inLanguage":"pl-PL","@id":"https:\/\/instytutpolski.pl\/minsk\/pl\/tadeusz-rozewicz-zyciorys\/#primaryimage","url":"https:\/\/instytutpolski.pl\/minsk\/wp-content\/uploads\/sites\/6\/2021\/02\/rozewicz-K.Wojciechowski.jpg","contentUrl":"https:\/\/instytutpolski.pl\/minsk\/wp-content\/uploads\/sites\/6\/2021\/02\/rozewicz-K.Wojciechowski.jpg","width":759,"height":508},{"@type":"BreadcrumbList","@id":"https:\/\/instytutpolski.pl\/minsk\/pl\/tadeusz-rozewicz-zyciorys\/#breadcrumb","itemListElement":[{"@type":"ListItem","position":1,"name":"Home","item":"https:\/\/instytutpolski.pl\/minsk\/"},{"@type":"ListItem","position":2,"name":"Tadeusz R\u00f3\u017cewicz. \u017byciorys"}]},{"@type":"WebSite","@id":"https:\/\/instytutpolski.pl\/minsk\/#website","url":"https:\/\/instytutpolski.pl\/minsk\/","name":"Instytut Polski w Mi\u0144sku","description":"Instytuty Polskie","potentialAction":[{"@type":"SearchAction","target":{"@type":"EntryPoint","urlTemplate":"https:\/\/instytutpolski.pl\/minsk\/?s={search_term_string}"},"query-input":{"@type":"PropertyValueSpecification","valueRequired":true,"valueName":"search_term_string"}}],"inLanguage":"pl-PL"}]}},"_links":{"self":[{"href":"https:\/\/instytutpolski.pl\/minsk\/wp-json\/wp\/v2\/pages\/10177","targetHints":{"allow":["GET"]}}],"collection":[{"href":"https:\/\/instytutpolski.pl\/minsk\/wp-json\/wp\/v2\/pages"}],"about":[{"href":"https:\/\/instytutpolski.pl\/minsk\/wp-json\/wp\/v2\/types\/page"}],"author":[{"embeddable":true,"href":"https:\/\/instytutpolski.pl\/minsk\/wp-json\/wp\/v2\/users\/65"}],"replies":[{"embeddable":true,"href":"https:\/\/instytutpolski.pl\/minsk\/wp-json\/wp\/v2\/comments?post=10177"}],"version-history":[{"count":1,"href":"https:\/\/instytutpolski.pl\/minsk\/wp-json\/wp\/v2\/pages\/10177\/revisions"}],"predecessor-version":[{"id":10178,"href":"https:\/\/instytutpolski.pl\/minsk\/wp-json\/wp\/v2\/pages\/10177\/revisions\/10178"}],"wp:featuredmedia":[{"embeddable":true,"href":"https:\/\/instytutpolski.pl\/minsk\/wp-json\/wp\/v2\/media\/10170"}],"wp:attachment":[{"href":"https:\/\/instytutpolski.pl\/minsk\/wp-json\/wp\/v2\/media?parent=10177"}],"curies":[{"name":"wp","href":"https:\/\/api.w.org\/{rel}","templated":true}]}}