{"id":11171,"date":"2021-04-22T15:38:53","date_gmt":"2021-04-22T12:38:53","guid":{"rendered":"https:\/\/instytutpolski.pl\/minsk\/?page_id=11171"},"modified":"2021-04-22T15:48:29","modified_gmt":"2021-04-22T12:48:29","slug":"stanislaw-lem-zyciorys","status":"publish","type":"page","link":"https:\/\/instytutpolski.pl\/minsk\/pl\/stanislaw-lem-zyciorys\/","title":{"rendered":"Stanis\u0142aw Lem. \u017byciorys"},"content":{"rendered":"\n<div id=\"attachment_10679\" style=\"width: 238px\" class=\"wp-caption alignleft\"><a href=\"https:\/\/instytutpolski.pl\/minsk\/wp-content\/uploads\/sites\/6\/2021\/03\/1966_rakieta-778x1024-1.jpg\"><img loading=\"lazy\" decoding=\"async\" aria-describedby=\"caption-attachment-10679\" class=\"wp-image-10679 size-medium\" src=\"https:\/\/instytutpolski.pl\/minsk\/wp-content\/uploads\/sites\/6\/2021\/03\/1966_rakieta-778x1024-1-228x300.jpg\" alt=\"\" width=\"228\" height=\"300\" srcset=\"https:\/\/instytutpolski.pl\/minsk\/wp-content\/uploads\/sites\/6\/2021\/03\/1966_rakieta-778x1024-1-228x300.jpg 228w, https:\/\/instytutpolski.pl\/minsk\/wp-content\/uploads\/sites\/6\/2021\/03\/1966_rakieta-778x1024-1-768x1011.jpg 768w, https:\/\/instytutpolski.pl\/minsk\/wp-content\/uploads\/sites\/6\/2021\/03\/1966_rakieta-778x1024-1.jpg 778w\" sizes=\"auto, (max-width: 228px) 100vw, 228px\" \/><\/a><p id=\"caption-attachment-10679\" class=\"wp-caption-text\">\u0421\u0442\u0430\u043d\u0456\u0441\u043b\u0430\u045e \u041b\u0435\u043c (12.09.1921\u201427.03.2006) \/ \u00a9 by Tomasz Lem<\/p><\/div>\n<p><em>Czo\u0142owy przedstawiciel polskiej fantastyki naukowej, filozof, futurolog i eseista, w swoim dorobku ma r\u00f3wnie\u017c powie\u015bci realistyczne i teksty satyryczne.<\/em><\/p>\n<p>Urodzony <strong>12 wrze\u015bnia 1921<\/strong> we Lwowie jako syn wzi\u0119tego laryngologa Samuela Lehma i Sabiny Woller (swoje dzieci\u0144stwo wspomina w autobiograficznej ksi\u0105\u017cce &#8222;Wysoki Zamek&#8221;), krewny Mariana Hemara. Absolwent II Gimnazjum im. Karola Szajnochy, planowa\u0142 rozpocz\u0105\u0107 studia na Politechnice Lwowskej, jednak w okupowanym przez wojska radzieckie Lwowie okaza\u0142o si\u0119 to niemo\u017cliwe. Dzi\u0119ki znajomo\u015bciom ojca dosta\u0142 si\u0119 na studia medyczne, przerwane w okresie okupacji niemieckiej, kiedy to pracowa\u0142 jako pomocnik mechanika i spawacz. Lem kontynuowa\u0142 je r\u00f3wnie\u017c po wojnie, rezygnuj\u0105c jednak z ostatnich egzamin\u00f3w, by unikn\u0105\u0107 poboru do wojska. W 1946 ca\u0142a rodzina przenios\u0142a si\u0119 do Krakowa, nie chc\u0105c przyj\u0105\u0107 obywatelstwa ZSRR.<\/p>\n<p>Kariera literacka Stanis\u0142awa Lema zacz\u0119\u0142a si\u0119 od wsp\u00f3\u0142pracy z czasopismami <em>(&#8222;Ku\u017anica&#8221;, &#8222;Tygodnik Powszechny&#8221;, &#8222;Nowy \u015awiat Przyg\u00f3d&#8221;<\/em>). Pocz\u0105tkowo zamieszcza\u0142 w nich wiersze, p\u00f3\u017aniej zwyczajowo dodawane jako aneks do &#8222;Wysokiego Zamku&#8221;, oraz opowiadania o tematyce okupacyjnej. W &#8222;Nowym \u015awiecie Przyg\u00f3d&#8221; wydrukowano te\u017c w odcinkach jego pierwsz\u0105 powie\u015b\u0107 fantastyczn\u0105, zatytu\u0142owan\u0105 <strong>&#8222;Cz\u0142owiek z Marsa&#8221;<\/strong>.<\/p>\n<p>W latach 1947-1950 pisarz pracowa\u0142 w Konwersatorium Naukoznawczym prowadzonym przez dra Mieczys\u0142awa Choynowskiego. Po zamkni\u0119ciu tej instytucji znalaz\u0142 si\u0119 w trudnej sytuacji materialnej i \u017cyciowej. Niespodziewany sukces <strong>&#8222;Astronaut\u00f3w&#8221;<\/strong> &#8211; pierwszej powie\u015bci fantastycznej Lema, jak\u0105 wydano w formie ksi\u0105\u017ckowej &#8211; i r\u00f3wnoleg\u0142e problemy z drukiem wcze\u015bniejszego <strong>&#8222;Szpitala Przemienienia&#8221;<\/strong> (z powodu wymaga\u0144 cenzury rozwini\u0119tego do trylogii <strong>&#8222;Czas nieutracony&#8221;<\/strong>, ko\u0144cz\u0105cej si\u0119 przyj\u0119ciem przez g\u0142\u00f3wnego bohatera legitymacji partyjnej) sprawi\u0142y, \u017ce pisarz postanowi\u0142 na dobre zaj\u0105\u0107 si\u0119 tworzeniem fantastyki. Z jednej strony zapewnia\u0142o mu to mo\u017cliwo\u015b\u0107 snucia interesuj\u0105cych go refleksji na temat miejsca technologii w \u017cyciu cz\u0142owieka, z drugiej &#8211; u\u0142atwia\u0142o omijanie cenzury.<\/p>\n<p>W 1953 Stanis\u0142aw Lem o\u017ceni\u0142 si\u0119 z Barbar\u0105 Le\u015bniak, lekarzem radiologiem; ich syn Tomasz urodzi\u0142 si\u0119 w roku 1968. W latach 1983-1988 pisarz przebywa\u0142 na emigracji (Berlin, Wiede\u0144), by potem zamieszka\u0107 w Krakowie. W ostatnich latach \u017cycia intensywnie wsp\u00f3\u0142pracowa\u0142 z &#8222;Tygodnikiem Powszechnym&#8221;. Pisarz zmar\u0142 27 marca 2006 roku, a urn\u0119 z jego prochami z\u0142o\u017cono na Cmentarzu Salwatorskim. Mimo \u017ce sam deklarowa\u0142 si\u0119 jako agnostyk, na pro\u015bb\u0119 rodziny poch\u00f3wku dokonano wed\u0142ug obrz\u0105dku katolickiego.<\/p>\n<p>Stanis\u0142aw Lem posiada\u0142 kilka doktorat\u00f3w honoris causa (m.in. Politechniki Wroc\u0142awskiej, Uniwersytetu Jagiello\u0144skiego, Uniwersytetu Lwowskiego i Uniwersytetu w Bielefeld). W roku 1973 pisarzowi przyznano honorowe cz\u0142onkostwo ameryka\u0144skiego stowarzyszenia Science Fiction Writers of America, lecz z powodu perturbacji proceduralnych odrzuci\u0142 on oferowane w 1975 roku cz\u0142onkostwo zwyczajne. Nazwiskiem naszego autora nazwano r\u00f3wnie\u017c planetoid\u0119 3836 Lem.<\/p>\n<p><strong>Og\u00f3lne om\u00f3wienie tw\u00f3rczo\u015bci<\/strong><\/p>\n<p>Na wielokszta\u0142tno\u015b\u0107 omawianej tw\u00f3rczo\u015bci zwr\u00f3ci\u0142 uwag\u0119 Jan B\u0142o\u0144ski ju\u017c w roku 1961 (&#8222;\u017bycie Literackie&#8221; nr 497). Stanis\u0142aw Lem dotkn\u0105\u0142 wszystkich prawie mo\u017cliwo\u015bci, jakie daje pisarzowi wsp\u00f3\u0142czesna science-fiction. Mo\u017cna nawet powiedzie\u0107, \u017ce w swojej &#8211; chronologicznie zwi\u0119z\u0142ej, lecz ilo\u015bciowo obfitej &#8211; tw\u00f3rczo\u015bci powt\u00f3rzy\u0142 niejako ewolucj\u0119 gatunku: w istocie, rozpocz\u0105\u0142 od powiastek prostych, ufnych, krzepi\u0105cych (&#8222;Astronauci&#8221;, &#8222;Ob\u0142ok Magellana&#8221;), by wkr\u00f3tce doj\u015b\u0107 zar\u00f3wno do parodii (&#8222;Dzienniki gwiazdowe Ijona Tichego&#8221;), jak do apokaliptycznej i koncentracyjnej wizji &#8222;najgorszego z mo\u017cliwych \u015bwiat\u00f3w&#8221; (&#8222;Eden&#8221;). Co wi\u0119cej &#8211; systematycznie sprawdza\u0142 szanse literackie, kt\u00f3re przynosi fantazja naukowa.<\/p>\n<p>Utwory Lema mo\u017cna roboczo podzieli\u0107 na kilka grup. Po zapomnianych ju\u017c dzi\u015b opowiadaniach oraz po wczesnych, optymistycznych w wymowie powie\u015bciach (przez samego pisarza krytykowanych p\u00f3\u017aniej jako &#8222;socrealistyczne&#8221;), w latach 60. Lem stworzy\u0142 dzie\u0142a maj\u0105ce najwi\u0119cej wsp\u00f3lnego z kanoniczn\u0105 form\u0105 fantastyki naukowej, a przy okazji wprowadzaj\u0105ce w ten gatunek elementy swoi\u015bcie poj\u0119tego realizmu. Mowa tu o powie\u015bciach takich, jak <strong>&#8222;Eden&#8221;<\/strong> (1959), <strong>&#8222;Powr\u00f3t z gwiazd&#8221;<\/strong> (1961), <strong>&#8222;Solaris&#8221;<\/strong> (1961), <strong>&#8222;Niezwyci\u0119\u017cony&#8221;<\/strong> (1964), <strong>&#8222;G\u0142os Pana&#8221;<\/strong> (1968), a tak\u017ce o drukowanych w r\u00f3\u017cnych zbiorach opowiadaniach, kt\u00f3re ostatecznie z\u0142o\u017cy\u0142y si\u0119 na zbi\u00f3r <strong>&#8222;Opowie\u015bci o pilocie Pirxie&#8221;<\/strong> (1968). Po 1968 Lem w\u0142a\u015bciwie wr\u00f3ci\u0142 do tej formu\u0142y pisarskiej tylko raz, w ostatniej powie\u015bci zatytu\u0142owanej <strong>&#8222;Fiasko&#8221;<\/strong> (1987).<\/p>\n<p>Nieco d\u0142u\u017cej pojawia\u0142y si\u0119 utwory o zabarwieniu groteskowym, niekiedy przewrotnie archaizowane, \u0142\u0105czone w cykle za spraw\u0105 wyrazistych postaci g\u0142\u00f3wnych bohater\u00f3w, takich jak gwiezdny podr\u00f3\u017cnik Ijon Tichy b\u0105d\u017a konstruktorzy Trurl i Klapaucjusz. Teksty tego rodzaju cechuje z regu\u0142y wielka inwencja j\u0119zykowa. Pojawiaj\u0105 si\u0119 w nich techniczno-feudalne neologizmy, rymowanki, a tak\u017ce skrajnie groteskowe nazwy urz\u0105dze\u0144 przysz\u0142ego \u015bwiata. Ostatnia powie\u015b\u0107 z Ijonem Tichym &#8211; <strong>&#8222;Pok\u00f3j na ziemi&#8221;<\/strong> &#8211; wysz\u0142a w roku 1987.<\/p>\n<p>Z czasem punkt ci\u0119\u017cko\u015bci tw\u00f3rczo\u015bci Lema przesuwa\u0142 si\u0119 coraz bardziej w kierunku eseistyki i rozwa\u017ca\u0144 filozoficznych. Najistotniejszym dzie\u0142em tego rodzaju jest z pewno\u015bci\u0105 <strong>&#8222;Summa technologiae&#8221;<\/strong>, cho\u0107 warto wspomnie\u0107 r\u00f3wnie\u017c <strong>&#8222;Filozofi\u0119 przypadku&#8221;<\/strong>, gdy\u017c echo zawartych tam pogl\u0105d\u00f3w pobrzmiewa w antykryminalnych utworach <strong>&#8222;\u015aledztwo&#8221; <\/strong>i <strong>&#8222;Katar&#8221;<\/strong>.<\/p>\n<p>Na pograniczu groteski i eseistyki sytuuj\u0105 si\u0119 tzw. apokryfy &#8211; recenzje ksi\u0105\u017cek nieistniej\u0105cych. Tu warto wspomnie\u0107, \u017ce w ich przypadku proporcja &#8211; mniej wi\u0119cej r\u00f3wna w <strong>&#8222;Doskona\u0142ej pr\u00f3\u017cni&#8221;<\/strong> &#8211; z czasem przesuwa\u0142a si\u0119 w stron\u0119 tonacji serio. Ostatnia z cyklu recenzja ksi\u0105\u017cki &#8222;World as Holocaust&#8221; by\u0142a ju\u017c napisana w ten spos\u00f3b, \u017ce znany jest przypadek, gdy t\u0119 pozycj\u0119 potraktowano jako istniej\u0105c\u0105.<\/p>\n<p>W ko\u0144cowym okresie \u017cycia Lem by\u0142 aktywny jako felietonista. Jego teksty pojawia\u0142y si\u0119 przede wszystkim w &#8222;Tygodniku Powszechnym&#8221; oraz &#8211; jako <strong>&#8222;Rozwa\u017cania sylwiczne&#8221;<\/strong> &#8211; w miesi\u0119czniku &#8222;Odra&#8221;. Felietony te dotyczy\u0142y g\u0142\u00f3wnie tera\u017aniejszo\u015bci i przysz\u0142o\u015bci szeroko poj\u0119tej cywilizacji, a forma by\u0142a do\u015b\u0107 tradycyjna, a zatem odleg\u0142a od brawury niekt\u00f3rych dawniejszych utwor\u00f3w. B\u0142yskotliwo\u015b\u0107 pomys\u0142\u00f3w pozosta\u0142a jednak ta sama, co zwykle &#8211; jak w uwadze, \u017ce naturaln\u0105 kolej\u0105 rzeczy przed sztuczn\u0105 inteligencj\u0105 powinien pojawi\u0107 si\u0119 byt taki, jak &#8222;sztuczny kretyn&#8221;.<\/p>\n\n\n\n<p><em>\u0179r\u00f3d\u0142o:<\/em> <em><a href=\"https:\/\/culture.pl\/pl\/tworca\/stanislaw-lem\">www.culture.pl<\/a><\/em><\/p>\n","protected":false},"excerpt":{"rendered":"<p>Czo\u0142owy przedstawiciel polskiej fantastyki naukowej, filozof, futurolog i eseista, w swoim dorobku ma r\u00f3wnie\u017c powie\u015bci realistyczne i teksty satyryczne. Urodzony 12 wrze\u015bnia 1921 we Lwowie jako syn wzi\u0119tego laryngologa Samuela Lehma i Sabiny Woller (swoje dzieci\u0144stwo wspomina w autobiograficznej ksi\u0105\u017cce &#8222;Wysoki Zamek&#8221;), krewny Mariana Hemara. Absolwent II Gimnazjum im. Karola Szajnochy, planowa\u0142 rozpocz\u0105\u0107 studia na [&hellip;]<\/p>\n","protected":false},"author":65,"featured_media":0,"parent":0,"menu_order":0,"comment_status":"closed","ping_status":"closed","template":"","meta":{"inline_featured_image":false,"_monsterinsights_skip_tracking":false,"_monsterinsights_sitenote_active":false,"_monsterinsights_sitenote_note":"","_monsterinsights_sitenote_category":0,"footnotes":""},"class_list":["post-11171","page","type-page","status-publish","hentry"],"yoast_head":"<!-- This site is optimized with the Yoast SEO plugin v24.6 - https:\/\/yoast.com\/wordpress\/plugins\/seo\/ -->\n<title>Stanis\u0142aw Lem. \u017byciorys - Instytut Polski w Mi\u0144sku<\/title>\n<meta name=\"robots\" content=\"index, follow, max-snippet:-1, max-image-preview:large, max-video-preview:-1\" \/>\n<link rel=\"canonical\" href=\"https:\/\/instytutpolski.pl\/minsk\/pl\/stanislaw-lem-zyciorys\/\" \/>\n<meta property=\"og:locale\" content=\"pl_PL\" \/>\n<meta property=\"og:type\" content=\"article\" \/>\n<meta property=\"og:title\" content=\"Stanis\u0142aw Lem. \u017byciorys - Instytut Polski w Mi\u0144sku\" \/>\n<meta property=\"og:description\" content=\"Czo\u0142owy przedstawiciel polskiej fantastyki naukowej, filozof, futurolog i eseista, w swoim dorobku ma r\u00f3wnie\u017c powie\u015bci realistyczne i teksty satyryczne. Urodzony 12 wrze\u015bnia 1921 we Lwowie jako syn wzi\u0119tego laryngologa Samuela Lehma i Sabiny Woller (swoje dzieci\u0144stwo wspomina w autobiograficznej ksi\u0105\u017cce &#8222;Wysoki Zamek&#8221;), krewny Mariana Hemara. Absolwent II Gimnazjum im. Karola Szajnochy, planowa\u0142 rozpocz\u0105\u0107 studia na [&hellip;]\" \/>\n<meta property=\"og:url\" content=\"https:\/\/instytutpolski.pl\/minsk\/pl\/stanislaw-lem-zyciorys\/\" \/>\n<meta property=\"og:site_name\" content=\"Instytut Polski w Mi\u0144sku\" \/>\n<meta property=\"article:modified_time\" content=\"2021-04-22T12:48:29+00:00\" \/>\n<meta property=\"og:image\" content=\"https:\/\/instytutpolski.pl\/minsk\/wp-content\/uploads\/sites\/6\/2021\/03\/1966_rakieta-778x1024-1-228x300.jpg\" \/>\n<meta name=\"twitter:card\" content=\"summary_large_image\" \/>\n<meta name=\"twitter:label1\" content=\"Szacowany czas czytania\" \/>\n\t<meta name=\"twitter:data1\" content=\"5 minut\" \/>\n<script type=\"application\/ld+json\" class=\"yoast-schema-graph\">{\"@context\":\"https:\/\/schema.org\",\"@graph\":[{\"@type\":\"WebPage\",\"@id\":\"https:\/\/instytutpolski.pl\/minsk\/pl\/stanislaw-lem-zyciorys\/\",\"url\":\"https:\/\/instytutpolski.pl\/minsk\/pl\/stanislaw-lem-zyciorys\/\",\"name\":\"Stanis\u0142aw Lem. \u017byciorys - Instytut Polski w Mi\u0144sku\",\"isPartOf\":{\"@id\":\"https:\/\/instytutpolski.pl\/minsk\/#website\"},\"primaryImageOfPage\":{\"@id\":\"https:\/\/instytutpolski.pl\/minsk\/pl\/stanislaw-lem-zyciorys\/#primaryimage\"},\"image\":{\"@id\":\"https:\/\/instytutpolski.pl\/minsk\/pl\/stanislaw-lem-zyciorys\/#primaryimage\"},\"thumbnailUrl\":\"https:\/\/instytutpolski.pl\/minsk\/wp-content\/uploads\/sites\/6\/2021\/03\/1966_rakieta-778x1024-1-228x300.jpg\",\"datePublished\":\"2021-04-22T12:38:53+00:00\",\"dateModified\":\"2021-04-22T12:48:29+00:00\",\"breadcrumb\":{\"@id\":\"https:\/\/instytutpolski.pl\/minsk\/pl\/stanislaw-lem-zyciorys\/#breadcrumb\"},\"inLanguage\":\"pl-PL\",\"potentialAction\":[{\"@type\":\"ReadAction\",\"target\":[\"https:\/\/instytutpolski.pl\/minsk\/pl\/stanislaw-lem-zyciorys\/\"]}]},{\"@type\":\"ImageObject\",\"inLanguage\":\"pl-PL\",\"@id\":\"https:\/\/instytutpolski.pl\/minsk\/pl\/stanislaw-lem-zyciorys\/#primaryimage\",\"url\":\"https:\/\/instytutpolski.pl\/minsk\/wp-content\/uploads\/sites\/6\/2021\/03\/1966_rakieta-778x1024-1.jpg\",\"contentUrl\":\"https:\/\/instytutpolski.pl\/minsk\/wp-content\/uploads\/sites\/6\/2021\/03\/1966_rakieta-778x1024-1.jpg\",\"width\":778,\"height\":1024},{\"@type\":\"BreadcrumbList\",\"@id\":\"https:\/\/instytutpolski.pl\/minsk\/pl\/stanislaw-lem-zyciorys\/#breadcrumb\",\"itemListElement\":[{\"@type\":\"ListItem\",\"position\":1,\"name\":\"Home\",\"item\":\"https:\/\/instytutpolski.pl\/minsk\/\"},{\"@type\":\"ListItem\",\"position\":2,\"name\":\"Stanis\u0142aw Lem. \u017byciorys\"}]},{\"@type\":\"WebSite\",\"@id\":\"https:\/\/instytutpolski.pl\/minsk\/#website\",\"url\":\"https:\/\/instytutpolski.pl\/minsk\/\",\"name\":\"Instytut Polski w Mi\u0144sku\",\"description\":\"Instytuty Polskie\",\"potentialAction\":[{\"@type\":\"SearchAction\",\"target\":{\"@type\":\"EntryPoint\",\"urlTemplate\":\"https:\/\/instytutpolski.pl\/minsk\/?s={search_term_string}\"},\"query-input\":{\"@type\":\"PropertyValueSpecification\",\"valueRequired\":true,\"valueName\":\"search_term_string\"}}],\"inLanguage\":\"pl-PL\"}]}<\/script>\n<!-- \/ Yoast SEO plugin. -->","yoast_head_json":{"title":"Stanis\u0142aw Lem. \u017byciorys - Instytut Polski w Mi\u0144sku","robots":{"index":"index","follow":"follow","max-snippet":"max-snippet:-1","max-image-preview":"max-image-preview:large","max-video-preview":"max-video-preview:-1"},"canonical":"https:\/\/instytutpolski.pl\/minsk\/pl\/stanislaw-lem-zyciorys\/","og_locale":"pl_PL","og_type":"article","og_title":"Stanis\u0142aw Lem. \u017byciorys - Instytut Polski w Mi\u0144sku","og_description":"Czo\u0142owy przedstawiciel polskiej fantastyki naukowej, filozof, futurolog i eseista, w swoim dorobku ma r\u00f3wnie\u017c powie\u015bci realistyczne i teksty satyryczne. Urodzony 12 wrze\u015bnia 1921 we Lwowie jako syn wzi\u0119tego laryngologa Samuela Lehma i Sabiny Woller (swoje dzieci\u0144stwo wspomina w autobiograficznej ksi\u0105\u017cce &#8222;Wysoki Zamek&#8221;), krewny Mariana Hemara. Absolwent II Gimnazjum im. Karola Szajnochy, planowa\u0142 rozpocz\u0105\u0107 studia na [&hellip;]","og_url":"https:\/\/instytutpolski.pl\/minsk\/pl\/stanislaw-lem-zyciorys\/","og_site_name":"Instytut Polski w Mi\u0144sku","article_modified_time":"2021-04-22T12:48:29+00:00","og_image":[{"url":"https:\/\/instytutpolski.pl\/minsk\/wp-content\/uploads\/sites\/6\/2021\/03\/1966_rakieta-778x1024-1-228x300.jpg","type":"","width":"","height":""}],"twitter_card":"summary_large_image","twitter_misc":{"Szacowany czas czytania":"5 minut"},"schema":{"@context":"https:\/\/schema.org","@graph":[{"@type":"WebPage","@id":"https:\/\/instytutpolski.pl\/minsk\/pl\/stanislaw-lem-zyciorys\/","url":"https:\/\/instytutpolski.pl\/minsk\/pl\/stanislaw-lem-zyciorys\/","name":"Stanis\u0142aw Lem. \u017byciorys - Instytut Polski w Mi\u0144sku","isPartOf":{"@id":"https:\/\/instytutpolski.pl\/minsk\/#website"},"primaryImageOfPage":{"@id":"https:\/\/instytutpolski.pl\/minsk\/pl\/stanislaw-lem-zyciorys\/#primaryimage"},"image":{"@id":"https:\/\/instytutpolski.pl\/minsk\/pl\/stanislaw-lem-zyciorys\/#primaryimage"},"thumbnailUrl":"https:\/\/instytutpolski.pl\/minsk\/wp-content\/uploads\/sites\/6\/2021\/03\/1966_rakieta-778x1024-1-228x300.jpg","datePublished":"2021-04-22T12:38:53+00:00","dateModified":"2021-04-22T12:48:29+00:00","breadcrumb":{"@id":"https:\/\/instytutpolski.pl\/minsk\/pl\/stanislaw-lem-zyciorys\/#breadcrumb"},"inLanguage":"pl-PL","potentialAction":[{"@type":"ReadAction","target":["https:\/\/instytutpolski.pl\/minsk\/pl\/stanislaw-lem-zyciorys\/"]}]},{"@type":"ImageObject","inLanguage":"pl-PL","@id":"https:\/\/instytutpolski.pl\/minsk\/pl\/stanislaw-lem-zyciorys\/#primaryimage","url":"https:\/\/instytutpolski.pl\/minsk\/wp-content\/uploads\/sites\/6\/2021\/03\/1966_rakieta-778x1024-1.jpg","contentUrl":"https:\/\/instytutpolski.pl\/minsk\/wp-content\/uploads\/sites\/6\/2021\/03\/1966_rakieta-778x1024-1.jpg","width":778,"height":1024},{"@type":"BreadcrumbList","@id":"https:\/\/instytutpolski.pl\/minsk\/pl\/stanislaw-lem-zyciorys\/#breadcrumb","itemListElement":[{"@type":"ListItem","position":1,"name":"Home","item":"https:\/\/instytutpolski.pl\/minsk\/"},{"@type":"ListItem","position":2,"name":"Stanis\u0142aw Lem. \u017byciorys"}]},{"@type":"WebSite","@id":"https:\/\/instytutpolski.pl\/minsk\/#website","url":"https:\/\/instytutpolski.pl\/minsk\/","name":"Instytut Polski w Mi\u0144sku","description":"Instytuty Polskie","potentialAction":[{"@type":"SearchAction","target":{"@type":"EntryPoint","urlTemplate":"https:\/\/instytutpolski.pl\/minsk\/?s={search_term_string}"},"query-input":{"@type":"PropertyValueSpecification","valueRequired":true,"valueName":"search_term_string"}}],"inLanguage":"pl-PL"}]}},"_links":{"self":[{"href":"https:\/\/instytutpolski.pl\/minsk\/wp-json\/wp\/v2\/pages\/11171","targetHints":{"allow":["GET"]}}],"collection":[{"href":"https:\/\/instytutpolski.pl\/minsk\/wp-json\/wp\/v2\/pages"}],"about":[{"href":"https:\/\/instytutpolski.pl\/minsk\/wp-json\/wp\/v2\/types\/page"}],"author":[{"embeddable":true,"href":"https:\/\/instytutpolski.pl\/minsk\/wp-json\/wp\/v2\/users\/65"}],"replies":[{"embeddable":true,"href":"https:\/\/instytutpolski.pl\/minsk\/wp-json\/wp\/v2\/comments?post=11171"}],"version-history":[{"count":1,"href":"https:\/\/instytutpolski.pl\/minsk\/wp-json\/wp\/v2\/pages\/11171\/revisions"}],"predecessor-version":[{"id":11172,"href":"https:\/\/instytutpolski.pl\/minsk\/wp-json\/wp\/v2\/pages\/11171\/revisions\/11172"}],"wp:attachment":[{"href":"https:\/\/instytutpolski.pl\/minsk\/wp-json\/wp\/v2\/media?parent=11171"}],"curies":[{"name":"wp","href":"https:\/\/api.w.org\/{rel}","templated":true}]}}