{"id":1404,"date":"2019-06-04T23:52:06","date_gmt":"2019-06-04T21:52:06","guid":{"rendered":"https:\/\/instytutpolski.pl\/minsk\/?page_id=1404"},"modified":"2020-02-18T10:46:10","modified_gmt":"2020-02-18T09:46:10","slug":"biblioteka-i-wideoteka-2","status":"publish","type":"page","link":"https:\/\/instytutpolski.pl\/minsk\/pl\/biblioteka-i-wideoteka-2\/","title":{"rendered":"Biblioteka i Wideoteka"},"content":{"rendered":"\n<div align=\"center\">\n<p><b>Szanowni Pa\u0144stwo!<\/b><\/p>\n<p>Rozpocz\u0119li\u015bmy remont, jest to sprawa powa\u017cna, inspiruj\u0105ca, ale czasoch\u0142onna.<\/p>\n<p>Do\u00a0<b>ko\u0144ca lutego Biblioteka i Wideoteka b\u0119d\u0105 nieczynne<\/b>, my za\u015b b\u0119dziemy robi\u0107 wszystko, aby zbiory bezpiecznie to prze\u017cy\u0142y.<\/p>\n<p>Przepraszamy za utrudnienia i przypominamy, \u017ce ju\u017c wkr\u00f3tce zobaczymy si\u0119 na\u00a0<b>Mi\u0144skich Targach Ksi\u0105\u017cki<\/b>\u00a0(5-9 lutego), Polskie Stoisko tradycyjnie przygotowa\u0142o du\u017co imprez i nowo\u015bci. Program ju\u017c wkr\u00f3tce si\u0119 pojawi na naszej stronie.<\/p>\n<\/div>\n<div align=\"center\"><hr \/><\/div>\n<div align=\"center\">\u00a0<\/div>\n<div align=\"center\">Szanowni Pa\u0144stwo!<\/div>\n<div>\n<p>Z wielk\u0105 przyjemno\u015bci\u0105 informujemy, \u017ce Biblioteka Instytutu Polskiego w Mi\u0144sku zaprasza czytelnik\u00f3w w nast\u0119puj\u0105cych godzinach:<\/p>\n<p style=\"text-align: center\">we wtorki 12.00-17.00<\/p>\n<p align=\"center\">w \u015brody 12.00-18.00<\/p>\n<p align=\"center\">w pi\u0105tki 12.00-17.00<\/p>\n<p align=\"center\">Ksi\u0105\u017cki i czasopisma ju\u017c czekaj\u0105!<br \/><br \/><\/p>\n<hr \/><\/div>\n<div>\n<p>Jednocze\u015bnie przypominamy, \u017ce Katalog Biblioteki Instytutu Polskiego jest dost\u0119pny on-line. W dowolnej chwili mog\u0105 Pa\u0144stwo przejrze\u0107 wszystkie dost\u0119pne na p\u00f3\u0142kach Biblioteki pozycje oraz zam\u00f3wi\u0107 potrzebne ksi\u0105\u017cki.<\/p>\n<p align=\"center\"><b><a href=\"http:\/\/xn--szukamksiki-4kb16m.pl\/SzukamKsiazki\/katalog\/index.html?selectedBib=1331\"><span style=\"color: #ff0000\">KATALOG ON-LINE<\/span><\/a><\/b><\/p>\n<p>\u017beby dokona\u0107 zam\u00f3wienia czy sprawdzi\u0107 stan konta czytelnika, nale\u017cy zarejestrowa\u0107 si\u0119 w programie\u00a0<b>MAK+.<\/b><\/p>\n<p>W lewym menu trzeba wybra\u0107 dzia\u0142\u00a0<i>Rejestracja<\/i>\u00a0\u0456 wprowadzi\u0107 odpowiednie dane.<\/p>\n<p><b>UWAGA!<\/b>\u00a0Litery w numerze paszportu nale\u017cy podawa\u0107 cyrylic\u0105.<\/p>\n<div><img decoding=\"async\" src=\"http:\/\/www.pl.instpol.by\/i\/photo\/mak.jpg\" alt=\"\" border=\"0\" \/><\/div>\n<\/div>\n<div>\u00a0<\/div>\n<div>\n<p>Po rejestracji w systemie trzeba wybra\u0107 Login (imi\u0119 u\u017cytkownika) i\u00a0<i>Has\u0142o<\/i>\u00a0dla swojego konta, i mog\u0105 Pa\u0144stwo wyruszy\u0107 w wirtualn\u0105 podr\u00f3\u017c po p\u00f3\u0142kach naszej Biblioteki.<br \/><br \/><\/p>\n<hr \/>\n<p>Biblioteka Instytutu Polskiego w Mi\u0144sku rozpocz\u0119\u0142a swoj\u0105 dzia\u0142alno\u015b\u0107 w pa\u017adzierniku 2002 roku, i w obecnie jej zbiory zawieraj\u0105 ponad 7000 pozycji z nast\u0119puj\u0105cych dziedzin:<\/p>\n<ul>\n<li>Literatura pi\u0119kna<\/li>\n<li>Literatura dla dzieci i m\u0142odzie\u017cy<\/li>\n<li>Kultura i sztuka<\/li>\n<li>Polityka i ekonomia<\/li>\n<li>Historia<\/li>\n<li>Religia i filozofia<\/li>\n<li>Teatr i kino<\/li>\n<li>Biografie znanych os\u00f3b<\/li>\n<li>Albumy<\/li>\n<li>S\u0142owniki<\/li>\n<\/ul>\n<p>Standardowy okres wypo\u017cyczenia ksi\u0105\u017cek wynosi 1 miesi\u0105c.<\/p>\n<p>Ksi\u0105\u017cki o szczeg\u00f3lnej warto\u015bci oraz albumy, encyklopedie i s\u0142owniki s\u0105 udost\u0119pniane wy\u0142\u0105cznie na miejscu.<\/p>\n<p>Zapis do Biblioteki Instytutu Polskiego w Mi\u0144sku odbywa si\u0119 na podstawie wa\u017cnego paszportu, a w przypadku student\u00f3w paszportu i legitymacji studenckiej. Za niepe\u0142noletniego czytelnika Biblioteki odpowiadaj\u0105 i podpisuj\u0105 kart\u0119 zapisu rodzice lub opiekunowie prawni.<\/p>\n<p>Korzystanie z Biblioteki Instytutu Polskiego jest bezp\u0142atne.<\/p>\n<p align=\"center\"><b>Wideoteka<\/b><\/p>\n<p>Wideoteka proponuje do wypo\u017cyczenia filmy w j\u0119zyku polskim, w formacie DVD.<\/p>\n<p>Zbiory wideoteki zawieraj\u0105 filmy z XX i XXI wieku, w tym filmy fabularne i dokumentalne, wyr\u00f3\u017cnione nagrodami polskich i mi\u0119dzynarodowych festiwali filmowych.<\/p>\n<p>Instytut Polski proponuje pozycje zar\u00f3wno dla doros\u0142ych, jak i dla dzieci. Na kolekcj\u0119 Wideoteki sk\u0142adaj\u0105 si\u0119 najlepsze tytu\u0142y klasycznego kina polskiego oraz najnowsze dzie\u0142a polskich re\u017cyser\u00f3w wsp\u00f3\u0142czesnych.<\/p>\n<p>Wielbiciele teatru polskiego maj\u0105 mo\u017cliwo\u015b\u0107 zapoznania si\u0119 ze specjalnym cyklem telewizji polskiej pod tytu\u0142em \u201eZ\u0142ota setka Teatru TV\u201d &#8211; s\u0105 to nagrania stu najlepszych polskich spektakli telewizyjnych.<\/p>\n<\/div>\n","protected":false},"excerpt":{"rendered":"<p>Szanowni Pa\u0144stwo! Rozpocz\u0119li\u015bmy remont, jest to sprawa powa\u017cna, inspiruj\u0105ca, ale czasoch\u0142onna. Do\u00a0ko\u0144ca lutego Biblioteka i Wideoteka b\u0119d\u0105 nieczynne, my za\u015b b\u0119dziemy robi\u0107 wszystko, aby zbiory bezpiecznie to prze\u017cy\u0142y. Przepraszamy za utrudnienia i przypominamy, \u017ce ju\u017c wkr\u00f3tce zobaczymy si\u0119 na\u00a0Mi\u0144skich Targach Ksi\u0105\u017cki\u00a0(5-9 lutego), Polskie Stoisko tradycyjnie przygotowa\u0142o du\u017co imprez i nowo\u015bci. Program ju\u017c wkr\u00f3tce si\u0119 pojawi [&hellip;]<\/p>\n","protected":false},"author":64,"featured_media":0,"parent":0,"menu_order":0,"comment_status":"closed","ping_status":"closed","template":"","meta":{"inline_featured_image":false,"_monsterinsights_skip_tracking":false,"_monsterinsights_sitenote_active":false,"_monsterinsights_sitenote_note":"","_monsterinsights_sitenote_category":0,"footnotes":""},"class_list":["post-1404","page","type-page","status-publish","hentry"],"yoast_head":"<!-- This site is optimized with the Yoast SEO plugin v24.6 - https:\/\/yoast.com\/wordpress\/plugins\/seo\/ -->\n<title>Biblioteka i Wideoteka - Instytut Polski w Mi\u0144sku<\/title>\n<meta name=\"robots\" content=\"index, follow, max-snippet:-1, max-image-preview:large, max-video-preview:-1\" \/>\n<link rel=\"canonical\" href=\"https:\/\/instytutpolski.pl\/minsk\/pl\/biblioteka-i-wideoteka-2\/\" \/>\n<meta property=\"og:locale\" content=\"pl_PL\" \/>\n<meta property=\"og:type\" content=\"article\" \/>\n<meta property=\"og:title\" content=\"Biblioteka i Wideoteka - Instytut Polski w Mi\u0144sku\" \/>\n<meta property=\"og:description\" content=\"Szanowni Pa\u0144stwo! Rozpocz\u0119li\u015bmy remont, jest to sprawa powa\u017cna, inspiruj\u0105ca, ale czasoch\u0142onna. Do\u00a0ko\u0144ca lutego Biblioteka i Wideoteka b\u0119d\u0105 nieczynne, my za\u015b b\u0119dziemy robi\u0107 wszystko, aby zbiory bezpiecznie to prze\u017cy\u0142y. Przepraszamy za utrudnienia i przypominamy, \u017ce ju\u017c wkr\u00f3tce zobaczymy si\u0119 na\u00a0Mi\u0144skich Targach Ksi\u0105\u017cki\u00a0(5-9 lutego), Polskie Stoisko tradycyjnie przygotowa\u0142o du\u017co imprez i nowo\u015bci. Program ju\u017c wkr\u00f3tce si\u0119 pojawi [&hellip;]\" \/>\n<meta property=\"og:url\" content=\"https:\/\/instytutpolski.pl\/minsk\/pl\/biblioteka-i-wideoteka-2\/\" \/>\n<meta property=\"og:site_name\" content=\"Instytut Polski w Mi\u0144sku\" \/>\n<meta property=\"article:modified_time\" content=\"2020-02-18T09:46:10+00:00\" \/>\n<meta property=\"og:image\" content=\"http:\/\/www.pl.instpol.by\/i\/photo\/mak.jpg\" \/>\n<meta name=\"twitter:card\" content=\"summary_large_image\" \/>\n<meta name=\"twitter:label1\" content=\"Szacowany czas czytania\" \/>\n\t<meta name=\"twitter:data1\" content=\"2 minuty\" \/>\n<script type=\"application\/ld+json\" class=\"yoast-schema-graph\">{\"@context\":\"https:\/\/schema.org\",\"@graph\":[{\"@type\":\"WebPage\",\"@id\":\"https:\/\/instytutpolski.pl\/minsk\/pl\/biblioteka-i-wideoteka-2\/\",\"url\":\"https:\/\/instytutpolski.pl\/minsk\/pl\/biblioteka-i-wideoteka-2\/\",\"name\":\"Biblioteka i Wideoteka - Instytut Polski w Mi\u0144sku\",\"isPartOf\":{\"@id\":\"https:\/\/instytutpolski.pl\/minsk\/#website\"},\"primaryImageOfPage\":{\"@id\":\"https:\/\/instytutpolski.pl\/minsk\/pl\/biblioteka-i-wideoteka-2\/#primaryimage\"},\"image\":{\"@id\":\"https:\/\/instytutpolski.pl\/minsk\/pl\/biblioteka-i-wideoteka-2\/#primaryimage\"},\"thumbnailUrl\":\"http:\/\/www.pl.instpol.by\/i\/photo\/mak.jpg\",\"datePublished\":\"2019-06-04T21:52:06+00:00\",\"dateModified\":\"2020-02-18T09:46:10+00:00\",\"breadcrumb\":{\"@id\":\"https:\/\/instytutpolski.pl\/minsk\/pl\/biblioteka-i-wideoteka-2\/#breadcrumb\"},\"inLanguage\":\"pl-PL\",\"potentialAction\":[{\"@type\":\"ReadAction\",\"target\":[\"https:\/\/instytutpolski.pl\/minsk\/pl\/biblioteka-i-wideoteka-2\/\"]}]},{\"@type\":\"ImageObject\",\"inLanguage\":\"pl-PL\",\"@id\":\"https:\/\/instytutpolski.pl\/minsk\/pl\/biblioteka-i-wideoteka-2\/#primaryimage\",\"url\":\"http:\/\/www.pl.instpol.by\/i\/photo\/mak.jpg\",\"contentUrl\":\"http:\/\/www.pl.instpol.by\/i\/photo\/mak.jpg\"},{\"@type\":\"BreadcrumbList\",\"@id\":\"https:\/\/instytutpolski.pl\/minsk\/pl\/biblioteka-i-wideoteka-2\/#breadcrumb\",\"itemListElement\":[{\"@type\":\"ListItem\",\"position\":1,\"name\":\"Home\",\"item\":\"https:\/\/instytutpolski.pl\/minsk\/\"},{\"@type\":\"ListItem\",\"position\":2,\"name\":\"Biblioteka i Wideoteka\"}]},{\"@type\":\"WebSite\",\"@id\":\"https:\/\/instytutpolski.pl\/minsk\/#website\",\"url\":\"https:\/\/instytutpolski.pl\/minsk\/\",\"name\":\"Instytut Polski w Mi\u0144sku\",\"description\":\"Instytuty Polskie\",\"potentialAction\":[{\"@type\":\"SearchAction\",\"target\":{\"@type\":\"EntryPoint\",\"urlTemplate\":\"https:\/\/instytutpolski.pl\/minsk\/?s={search_term_string}\"},\"query-input\":{\"@type\":\"PropertyValueSpecification\",\"valueRequired\":true,\"valueName\":\"search_term_string\"}}],\"inLanguage\":\"pl-PL\"}]}<\/script>\n<!-- \/ Yoast SEO plugin. -->","yoast_head_json":{"title":"Biblioteka i Wideoteka - Instytut Polski w Mi\u0144sku","robots":{"index":"index","follow":"follow","max-snippet":"max-snippet:-1","max-image-preview":"max-image-preview:large","max-video-preview":"max-video-preview:-1"},"canonical":"https:\/\/instytutpolski.pl\/minsk\/pl\/biblioteka-i-wideoteka-2\/","og_locale":"pl_PL","og_type":"article","og_title":"Biblioteka i Wideoteka - Instytut Polski w Mi\u0144sku","og_description":"Szanowni Pa\u0144stwo! Rozpocz\u0119li\u015bmy remont, jest to sprawa powa\u017cna, inspiruj\u0105ca, ale czasoch\u0142onna. Do\u00a0ko\u0144ca lutego Biblioteka i Wideoteka b\u0119d\u0105 nieczynne, my za\u015b b\u0119dziemy robi\u0107 wszystko, aby zbiory bezpiecznie to prze\u017cy\u0142y. Przepraszamy za utrudnienia i przypominamy, \u017ce ju\u017c wkr\u00f3tce zobaczymy si\u0119 na\u00a0Mi\u0144skich Targach Ksi\u0105\u017cki\u00a0(5-9 lutego), Polskie Stoisko tradycyjnie przygotowa\u0142o du\u017co imprez i nowo\u015bci. Program ju\u017c wkr\u00f3tce si\u0119 pojawi [&hellip;]","og_url":"https:\/\/instytutpolski.pl\/minsk\/pl\/biblioteka-i-wideoteka-2\/","og_site_name":"Instytut Polski w Mi\u0144sku","article_modified_time":"2020-02-18T09:46:10+00:00","og_image":[{"url":"http:\/\/www.pl.instpol.by\/i\/photo\/mak.jpg","type":"","width":"","height":""}],"twitter_card":"summary_large_image","twitter_misc":{"Szacowany czas czytania":"2 minuty"},"schema":{"@context":"https:\/\/schema.org","@graph":[{"@type":"WebPage","@id":"https:\/\/instytutpolski.pl\/minsk\/pl\/biblioteka-i-wideoteka-2\/","url":"https:\/\/instytutpolski.pl\/minsk\/pl\/biblioteka-i-wideoteka-2\/","name":"Biblioteka i Wideoteka - Instytut Polski w Mi\u0144sku","isPartOf":{"@id":"https:\/\/instytutpolski.pl\/minsk\/#website"},"primaryImageOfPage":{"@id":"https:\/\/instytutpolski.pl\/minsk\/pl\/biblioteka-i-wideoteka-2\/#primaryimage"},"image":{"@id":"https:\/\/instytutpolski.pl\/minsk\/pl\/biblioteka-i-wideoteka-2\/#primaryimage"},"thumbnailUrl":"http:\/\/www.pl.instpol.by\/i\/photo\/mak.jpg","datePublished":"2019-06-04T21:52:06+00:00","dateModified":"2020-02-18T09:46:10+00:00","breadcrumb":{"@id":"https:\/\/instytutpolski.pl\/minsk\/pl\/biblioteka-i-wideoteka-2\/#breadcrumb"},"inLanguage":"pl-PL","potentialAction":[{"@type":"ReadAction","target":["https:\/\/instytutpolski.pl\/minsk\/pl\/biblioteka-i-wideoteka-2\/"]}]},{"@type":"ImageObject","inLanguage":"pl-PL","@id":"https:\/\/instytutpolski.pl\/minsk\/pl\/biblioteka-i-wideoteka-2\/#primaryimage","url":"http:\/\/www.pl.instpol.by\/i\/photo\/mak.jpg","contentUrl":"http:\/\/www.pl.instpol.by\/i\/photo\/mak.jpg"},{"@type":"BreadcrumbList","@id":"https:\/\/instytutpolski.pl\/minsk\/pl\/biblioteka-i-wideoteka-2\/#breadcrumb","itemListElement":[{"@type":"ListItem","position":1,"name":"Home","item":"https:\/\/instytutpolski.pl\/minsk\/"},{"@type":"ListItem","position":2,"name":"Biblioteka i Wideoteka"}]},{"@type":"WebSite","@id":"https:\/\/instytutpolski.pl\/minsk\/#website","url":"https:\/\/instytutpolski.pl\/minsk\/","name":"Instytut Polski w Mi\u0144sku","description":"Instytuty Polskie","potentialAction":[{"@type":"SearchAction","target":{"@type":"EntryPoint","urlTemplate":"https:\/\/instytutpolski.pl\/minsk\/?s={search_term_string}"},"query-input":{"@type":"PropertyValueSpecification","valueRequired":true,"valueName":"search_term_string"}}],"inLanguage":"pl-PL"}]}},"_links":{"self":[{"href":"https:\/\/instytutpolski.pl\/minsk\/wp-json\/wp\/v2\/pages\/1404","targetHints":{"allow":["GET"]}}],"collection":[{"href":"https:\/\/instytutpolski.pl\/minsk\/wp-json\/wp\/v2\/pages"}],"about":[{"href":"https:\/\/instytutpolski.pl\/minsk\/wp-json\/wp\/v2\/types\/page"}],"author":[{"embeddable":true,"href":"https:\/\/instytutpolski.pl\/minsk\/wp-json\/wp\/v2\/users\/64"}],"replies":[{"embeddable":true,"href":"https:\/\/instytutpolski.pl\/minsk\/wp-json\/wp\/v2\/comments?post=1404"}],"version-history":[{"count":2,"href":"https:\/\/instytutpolski.pl\/minsk\/wp-json\/wp\/v2\/pages\/1404\/revisions"}],"predecessor-version":[{"id":2274,"href":"https:\/\/instytutpolski.pl\/minsk\/wp-json\/wp\/v2\/pages\/1404\/revisions\/2274"}],"wp:attachment":[{"href":"https:\/\/instytutpolski.pl\/minsk\/wp-json\/wp\/v2\/media?parent=1404"}],"curies":[{"name":"wp","href":"https:\/\/api.w.org\/{rel}","templated":true}]}}