{"id":193,"date":"2019-05-27T15:52:46","date_gmt":"2019-05-27T13:52:46","guid":{"rendered":"https:\/\/instytutpolski.pl\/minsk\/?page_id=193"},"modified":"2019-05-27T15:52:46","modified_gmt":"2019-05-27T13:52:46","slug":"kursy-jezyka-polskiego","status":"publish","type":"page","link":"https:\/\/instytutpolski.pl\/minsk\/pl\/kursy-jezyka-polskiego\/","title":{"rendered":"Kursy j\u0119zyka polskiego"},"content":{"rendered":"\n<p align=\"center\"><span style=\"color: #000000\">Szanowni Pa\u0144stwo,<\/span><\/p>\n<div align=\"center\"><span style=\"color: #000000\">Uprzejmie informujemy, \u017ce&nbsp;<\/span>zg\u0142oszenia na kurs j\u0119zyka polskiego na rok akademicki 2019-2020&nbsp;b\u0119d\u0105<strong>&nbsp;<\/strong>przyjmowane&nbsp;w terminie&nbsp;<strong>od 3 do 28 czerwca 2019 roku<\/strong>.<\/div>\n<div align=\"center\">&nbsp;<\/div>\n<div align=\"center\">&nbsp;<\/div>\n<div align=\"center\">Formularz zg\u0142oszeniowy b\u0119dzie udost\u0119pniony&nbsp;<u>podczas rekrutacji<\/u>.<\/div>\n<div align=\"center\">&nbsp;<\/div>\n<div align=\"center\">&nbsp;<\/div>\n<div align=\"center\">&nbsp;<\/div>\n\n\n\n<div align=\"center\">\u00a0<\/div>\n<div align=\"center\"><span style=\"color: #800000\"><b>REGULAMIN rekrutacji<br \/><\/b><b>na nieodp\u0142atny 2-letni kurs j\u0119zyka polskiego<\/b><\/span><\/div>\n<p>1. Zg\u0142oszenia udzia\u0142u w kursie s\u0105 przyjmowane jeden raz w roku \u2013\u00a0<b>w czerwcu<\/b>.<\/p>\n<p>2. Rekrutacja odbywa si\u0119 drog\u0105 konkursow\u0105 na podstawie nades\u0142anych zg\u0142osze\u0144, wed\u0142ug odpowiedniego wzoru.<\/p>\n<p>3. Formularz zg\u0142oszeniowy dost\u0119pny jest<b>\u00a0<u>online<\/u><\/b>\u00a0na stronie Instytutu Polskiego w Mi\u0144sku\u00a0<u>tylko podczas rekrutacji<\/u>.<\/p>\n<p>4. Na kursy przyjmowane s\u0105 zg\u0142oszenia kandydat\u00f3w bez znajomo\u015bci j\u0119zyka polskiego lub znaj\u0105cych j\u0119zyk na poziomie podstawowym. W wyj\u0105tkowych przypadkach osoby ze znajomo\u015bci\u0105 j\u0119zyka polskiego na poziomie \u015brednim lub wysokim mog\u0105 by\u0107 przyj\u0119te na drugi rok nauczania.<\/p>\n<p>5. Do udzia\u0142u w konkursie zg\u0142asza\u0107 si\u0119 mo\u017ce ka\u017cdy obywatel Republiki Bia\u0142oru\u015b oraz obywatele innych pa\u0144stw, zamieszkuj\u0105cy na sta\u0142e na terytorium Bia\u0142orusi, maj\u0105cy\u00a0<b>uko\u0144czone 18 lat<\/b>.<\/p>\n<p>6. Osoby, kt\u00f3re uko\u0144czy\u0142y kurs w poprzednich latach lub zosta\u0142y skre\u015blone z listy uczestnik\u00f3w zaj\u0119\u0107, nie mog\u0105 po raz kolejny zg\u0142asza\u0107 si\u0119 do udzia\u0142u w kursie.<\/p>\n<p>8.\u00a0<b>Wyniki<\/b>\u00a0naboru og\u0142aszane s\u0105\u00a0<b>we wrze\u015bniu<\/b>\u00a0\u2013 lista przyj\u0119tych na kurs os\u00f3b zostanie opublikowana na stronie Instytutu Polskiego w Mi\u0144sku.<\/p>\n<p><b>9. W zwi\u0105zku z bardzo du\u017c\u0105 liczb\u0105 kandydat\u00f3w Instytut Polski w Mi\u0144sku zastrzega sobie prawo do decyzji o kryteriach naboru.<\/b><\/p>\n<div><b>\u00a0<\/b><\/div>\n<div>\n<p align=\"center\"><b><span style=\"color: #800000\">Regu\u0142y PROWADZENIA ZAJ\u0118\u0106 na kursach<\/span><\/b><\/p>\n<p>1. Miasta prowadzenia zaj\u0119\u0107:\u00a0<b>Mi\u0144sk, Mohylew, Mo\u0142odeczno, Witebsk<\/b>.<\/p>\n<p>2. Rok akademicki na kursach zaczyna si\u0119 w\u00a0<b>pa\u017adzierniku\u00a0<\/b>bie\u017c\u0105cego roku i ko\u0144czy si\u0119 w\u00a0<b>maju\u00a0<\/b>kolejnego roku.<\/p>\n<p>3. Pe\u0142ny kurs trwa\u00a0<b>2 lata<\/b>.<\/p>\n<p>4. Zaj\u0119cia odbywaj\u0105 si\u0119\u00a0<b>2 razy w tygodniu, w godzinach wieczornych<\/b>\u00a0(zwykle od godz. 18 \/ 19.),\u00a0<b>w dni powszednie<\/b>.<\/p>\n<p>5. Rozk\u0142ad i miejsce prowadzenia zaj\u0119\u0107 ustala si\u0119 bezpo\u015brednio przed rozpocz\u0119ciem roku akademickiego.<\/p>\n<p>6. Informacja o rozpocz\u0119ciu zaj\u0119\u0107 zostanie wys\u0142ana drog\u0105 elektroniczn\u0105 na adres e-mailowy do wszystkich zaliczonych na kurs w ostatnim tygodniu wrze\u015bnia.<\/p>\n<p>7. Czas trwania zaj\u0119\u0107 \u2014\u00a0<b>2 godziny akademickie \/ 90 minut<\/b>.<\/p>\n<p>8. Zaj\u0119cia odbywaj\u0105 si\u0119 zgodnie z kalendarzem pa\u0144stwowych dni \u015bwi\u0105tecznych Polski i Bia\u0142orusi. W dni \u015bwi\u0105teczne zaj\u0119cia si\u0119 nie odbywaj\u0105.<\/p>\n<p>9. Kursy realizowane s\u0105 w grupach\u00a0<b>25-30-osobowych<\/b>.<\/p>\n<p>10. Ka\u017cdy uczestnik kursu jest zobowi\u0105zany do uczestniczenia w zaj\u0119ciach zgodnie z rozk\u0142adem grupy.<\/p>\n<p>11. W przypadku usprawiedliwionej nieobecno\u015bci na zaj\u0119ciach uczestnik jest zobowi\u0105zany do poinformowania wyk\u0142adowcy.<\/p>\n<p>12. W przypadku opuszczenia ponad 30% zaj\u0119\u0107 w miesi\u0105cu uczestnik kursu zostanie skre\u015blony z listy.<\/p>\n<p>13. Udzielenie urlopu akademickiego rozpatrywane jest indywidualnie, po zg\u0142oszeniu si\u0119 uczestnika do Organizatora kurs\u00f3w.<\/p>\n<p>14. Udzia\u0142 w kursach jest\u00a0<b>NIEODP\u0141ATNY<\/b>\u00a0dla wszystkich uczestnik\u00f3w.<\/p>\n<p>15. Program nauczania oparty jest o podr\u0119czniki z serii\u00a0<b>\u201ePOLSKI krok po kroku\u201d<\/b>\u00a0z wykorzystaniem materia\u0142u dodatkowego.<\/p>\n<p>16. Ka\u017cdy uczestnik kursu jest zobowi\u0105zany do\u00a0<b>zakupu podr\u0119cznik\u00f3w na w\u0142asny koszt<\/b>.<\/p>\n<p>17. Kurs ko\u0144czy si\u0119 napisaniem\u00a0<b>obowi\u0105zkowej pracy ko\u0144cowej<\/b>.<\/p>\n<p>18. Na zako\u0144czenie uczestnicy otrzymuj\u0105 za\u015bwiadczenie uko\u0144czenia kursu j\u0119zyka polskiego organizowanego przez Instytut Polski w Mi\u0144sku (bez okre\u015blenia poziomu zaawansowania).<\/p>\n<\/div>\n","protected":false},"excerpt":{"rendered":"<p>Szanowni Pa\u0144stwo, Uprzejmie informujemy, \u017ce&nbsp;zg\u0142oszenia na kurs j\u0119zyka polskiego na rok akademicki 2019-2020&nbsp;b\u0119d\u0105&nbsp;przyjmowane&nbsp;w terminie&nbsp;od 3 do 28 czerwca 2019 roku. &nbsp; &nbsp; Formularz zg\u0142oszeniowy b\u0119dzie udost\u0119pniony&nbsp;podczas rekrutacji. &nbsp; &nbsp; &nbsp; \u00a0 REGULAMIN rekrutacjina nieodp\u0142atny 2-letni kurs j\u0119zyka polskiego 1. Zg\u0142oszenia udzia\u0142u w kursie s\u0105 przyjmowane jeden raz w roku \u2013\u00a0w czerwcu. 2. Rekrutacja odbywa si\u0119 [&hellip;]<\/p>\n","protected":false},"author":1,"featured_media":0,"parent":0,"menu_order":0,"comment_status":"closed","ping_status":"closed","template":"","meta":{"inline_featured_image":false,"_monsterinsights_skip_tracking":false,"_monsterinsights_sitenote_active":false,"_monsterinsights_sitenote_note":"","_monsterinsights_sitenote_category":0,"footnotes":""},"class_list":["post-193","page","type-page","status-publish","hentry"],"yoast_head":"<!-- This site is optimized with the Yoast SEO plugin v24.6 - https:\/\/yoast.com\/wordpress\/plugins\/seo\/ -->\n<title>Kursy j\u0119zyka polskiego - Instytut Polski w Mi\u0144sku<\/title>\n<meta name=\"robots\" content=\"index, follow, max-snippet:-1, max-image-preview:large, max-video-preview:-1\" \/>\n<link rel=\"canonical\" href=\"https:\/\/instytutpolski.pl\/minsk\/pl\/kursy-jezyka-polskiego\/\" \/>\n<meta property=\"og:locale\" content=\"pl_PL\" \/>\n<meta property=\"og:type\" content=\"article\" \/>\n<meta property=\"og:title\" content=\"Kursy j\u0119zyka polskiego - Instytut Polski w Mi\u0144sku\" \/>\n<meta property=\"og:description\" content=\"Szanowni Pa\u0144stwo, Uprzejmie informujemy, \u017ce&nbsp;zg\u0142oszenia na kurs j\u0119zyka polskiego na rok akademicki 2019-2020&nbsp;b\u0119d\u0105&nbsp;przyjmowane&nbsp;w terminie&nbsp;od 3 do 28 czerwca 2019 roku. &nbsp; &nbsp; Formularz zg\u0142oszeniowy b\u0119dzie udost\u0119pniony&nbsp;podczas rekrutacji. &nbsp; &nbsp; &nbsp; \u00a0 REGULAMIN rekrutacjina nieodp\u0142atny 2-letni kurs j\u0119zyka polskiego 1. Zg\u0142oszenia udzia\u0142u w kursie s\u0105 przyjmowane jeden raz w roku \u2013\u00a0w czerwcu. 2. Rekrutacja odbywa si\u0119 [&hellip;]\" \/>\n<meta property=\"og:url\" content=\"https:\/\/instytutpolski.pl\/minsk\/pl\/kursy-jezyka-polskiego\/\" \/>\n<meta property=\"og:site_name\" content=\"Instytut Polski w Mi\u0144sku\" \/>\n<meta name=\"twitter:card\" content=\"summary_large_image\" \/>\n<meta name=\"twitter:label1\" content=\"Szacowany czas czytania\" \/>\n\t<meta name=\"twitter:data1\" content=\"3 minuty\" \/>\n<script type=\"application\/ld+json\" class=\"yoast-schema-graph\">{\"@context\":\"https:\/\/schema.org\",\"@graph\":[{\"@type\":\"WebPage\",\"@id\":\"https:\/\/instytutpolski.pl\/minsk\/pl\/kursy-jezyka-polskiego\/\",\"url\":\"https:\/\/instytutpolski.pl\/minsk\/pl\/kursy-jezyka-polskiego\/\",\"name\":\"Kursy j\u0119zyka polskiego - Instytut Polski w Mi\u0144sku\",\"isPartOf\":{\"@id\":\"https:\/\/instytutpolski.pl\/minsk\/#website\"},\"datePublished\":\"2019-05-27T13:52:46+00:00\",\"breadcrumb\":{\"@id\":\"https:\/\/instytutpolski.pl\/minsk\/pl\/kursy-jezyka-polskiego\/#breadcrumb\"},\"inLanguage\":\"pl-PL\",\"potentialAction\":[{\"@type\":\"ReadAction\",\"target\":[\"https:\/\/instytutpolski.pl\/minsk\/pl\/kursy-jezyka-polskiego\/\"]}]},{\"@type\":\"BreadcrumbList\",\"@id\":\"https:\/\/instytutpolski.pl\/minsk\/pl\/kursy-jezyka-polskiego\/#breadcrumb\",\"itemListElement\":[{\"@type\":\"ListItem\",\"position\":1,\"name\":\"Home\",\"item\":\"https:\/\/instytutpolski.pl\/minsk\/\"},{\"@type\":\"ListItem\",\"position\":2,\"name\":\"Kursy j\u0119zyka polskiego\"}]},{\"@type\":\"WebSite\",\"@id\":\"https:\/\/instytutpolski.pl\/minsk\/#website\",\"url\":\"https:\/\/instytutpolski.pl\/minsk\/\",\"name\":\"Instytut Polski w Mi\u0144sku\",\"description\":\"Instytuty Polskie\",\"potentialAction\":[{\"@type\":\"SearchAction\",\"target\":{\"@type\":\"EntryPoint\",\"urlTemplate\":\"https:\/\/instytutpolski.pl\/minsk\/?s={search_term_string}\"},\"query-input\":{\"@type\":\"PropertyValueSpecification\",\"valueRequired\":true,\"valueName\":\"search_term_string\"}}],\"inLanguage\":\"pl-PL\"}]}<\/script>\n<!-- \/ Yoast SEO plugin. -->","yoast_head_json":{"title":"Kursy j\u0119zyka polskiego - Instytut Polski w Mi\u0144sku","robots":{"index":"index","follow":"follow","max-snippet":"max-snippet:-1","max-image-preview":"max-image-preview:large","max-video-preview":"max-video-preview:-1"},"canonical":"https:\/\/instytutpolski.pl\/minsk\/pl\/kursy-jezyka-polskiego\/","og_locale":"pl_PL","og_type":"article","og_title":"Kursy j\u0119zyka polskiego - Instytut Polski w Mi\u0144sku","og_description":"Szanowni Pa\u0144stwo, Uprzejmie informujemy, \u017ce&nbsp;zg\u0142oszenia na kurs j\u0119zyka polskiego na rok akademicki 2019-2020&nbsp;b\u0119d\u0105&nbsp;przyjmowane&nbsp;w terminie&nbsp;od 3 do 28 czerwca 2019 roku. &nbsp; &nbsp; Formularz zg\u0142oszeniowy b\u0119dzie udost\u0119pniony&nbsp;podczas rekrutacji. &nbsp; &nbsp; &nbsp; \u00a0 REGULAMIN rekrutacjina nieodp\u0142atny 2-letni kurs j\u0119zyka polskiego 1. Zg\u0142oszenia udzia\u0142u w kursie s\u0105 przyjmowane jeden raz w roku \u2013\u00a0w czerwcu. 2. Rekrutacja odbywa si\u0119 [&hellip;]","og_url":"https:\/\/instytutpolski.pl\/minsk\/pl\/kursy-jezyka-polskiego\/","og_site_name":"Instytut Polski w Mi\u0144sku","twitter_card":"summary_large_image","twitter_misc":{"Szacowany czas czytania":"3 minuty"},"schema":{"@context":"https:\/\/schema.org","@graph":[{"@type":"WebPage","@id":"https:\/\/instytutpolski.pl\/minsk\/pl\/kursy-jezyka-polskiego\/","url":"https:\/\/instytutpolski.pl\/minsk\/pl\/kursy-jezyka-polskiego\/","name":"Kursy j\u0119zyka polskiego - Instytut Polski w Mi\u0144sku","isPartOf":{"@id":"https:\/\/instytutpolski.pl\/minsk\/#website"},"datePublished":"2019-05-27T13:52:46+00:00","breadcrumb":{"@id":"https:\/\/instytutpolski.pl\/minsk\/pl\/kursy-jezyka-polskiego\/#breadcrumb"},"inLanguage":"pl-PL","potentialAction":[{"@type":"ReadAction","target":["https:\/\/instytutpolski.pl\/minsk\/pl\/kursy-jezyka-polskiego\/"]}]},{"@type":"BreadcrumbList","@id":"https:\/\/instytutpolski.pl\/minsk\/pl\/kursy-jezyka-polskiego\/#breadcrumb","itemListElement":[{"@type":"ListItem","position":1,"name":"Home","item":"https:\/\/instytutpolski.pl\/minsk\/"},{"@type":"ListItem","position":2,"name":"Kursy j\u0119zyka polskiego"}]},{"@type":"WebSite","@id":"https:\/\/instytutpolski.pl\/minsk\/#website","url":"https:\/\/instytutpolski.pl\/minsk\/","name":"Instytut Polski w Mi\u0144sku","description":"Instytuty Polskie","potentialAction":[{"@type":"SearchAction","target":{"@type":"EntryPoint","urlTemplate":"https:\/\/instytutpolski.pl\/minsk\/?s={search_term_string}"},"query-input":{"@type":"PropertyValueSpecification","valueRequired":true,"valueName":"search_term_string"}}],"inLanguage":"pl-PL"}]}},"_links":{"self":[{"href":"https:\/\/instytutpolski.pl\/minsk\/wp-json\/wp\/v2\/pages\/193","targetHints":{"allow":["GET"]}}],"collection":[{"href":"https:\/\/instytutpolski.pl\/minsk\/wp-json\/wp\/v2\/pages"}],"about":[{"href":"https:\/\/instytutpolski.pl\/minsk\/wp-json\/wp\/v2\/types\/page"}],"author":[{"embeddable":true,"href":"https:\/\/instytutpolski.pl\/minsk\/wp-json\/wp\/v2\/users\/1"}],"replies":[{"embeddable":true,"href":"https:\/\/instytutpolski.pl\/minsk\/wp-json\/wp\/v2\/comments?post=193"}],"version-history":[{"count":2,"href":"https:\/\/instytutpolski.pl\/minsk\/wp-json\/wp\/v2\/pages\/193\/revisions"}],"predecessor-version":[{"id":195,"href":"https:\/\/instytutpolski.pl\/minsk\/wp-json\/wp\/v2\/pages\/193\/revisions\/195"}],"wp:attachment":[{"href":"https:\/\/instytutpolski.pl\/minsk\/wp-json\/wp\/v2\/media?parent=193"}],"curies":[{"name":"wp","href":"https:\/\/api.w.org\/{rel}","templated":true}]}}