{"id":421,"date":"2019-05-27T12:53:23","date_gmt":"2019-05-27T10:53:23","guid":{"rendered":"https:\/\/instytutpolski.pl\/minsk\/?page_id=421"},"modified":"2020-02-21T13:31:40","modified_gmt":"2020-02-21T12:31:40","slug":"o-nas","status":"publish","type":"page","link":"https:\/\/instytutpolski.pl\/minsk\/pl\/o-nas\/","title":{"rendered":"O nas"},"content":{"rendered":"\n<p align=\"justify\">Instytut Polski w Mi\u0144sku to plac\u00f3wka o statusie dyplomatycznym, kt\u00f3ra rozpocz\u0119\u0142a swoj\u0105 dzia\u0142alno\u015b\u0107 w 1994 roku. Instytut zajmuje si\u0119 promocj\u0105 osi\u0105gni\u0119\u0107 polskiej kultury, historii i nauki, prezentacj\u0105 i ochron\u0105 polskiego dziedzictwa, nawi\u0105zywaniem i rozwojem kontakt\u00f3w, wymian\u0105 do\u015bwiadcze\u0144 i wsparciem dialogu pomi\u0119dzy Polsk\u0105 a Bia\u0142orusi\u0105. To jeden z 25 Instytut\u00f3w Polskich na \u015bwiecie.<\/p>\n<h5 align=\"justify\"><b><span style=\"color: #ff0000\">Misja i zadania<\/span><\/b><\/h5>\n<p align=\"justify\">Realizacja dzia\u0142a\u0144 z zakresu dyplomacji publicznej i kulturalnej, w tym: organizacja konferencji i seminari\u00f3w naukowych; wystaw artystycznych i historycznych; koncert\u00f3w muzyki klasycznej i wsp\u00f3\u0142czesnej; spektakli polskich zespo\u0142\u00f3w teatralnych, pokazy arcydzie\u0142 polskiej sztuki filmowej; wydawanie polskiej literatury pi\u0119knej i naukowej w t\u0142umaczeniu na j\u0119zyk bia\u0142oruski; promocja wiedzy o Polsce wsp\u00f3\u0142czesnej i nauczania j\u0119zyka polskiego. Instytut realizuje corocznie ponad 100 r\u00f3\u017cnorodnych projekt\u00f3w, z udzia\u0142em artyst\u00f3w, naukowc\u00f3w i ekspert\u00f3w z Polski i Bia\u0142orusi.<\/p>\n<h5><span style=\"color: #ff0000\">Zesp\u00f3\u0142 \/ Pracownicy<\/span><\/h5>\n<p><b>Cezary Karpi\u0144ski<\/b><br \/>Dyrektor,\u00a0<br \/>Radca Minister Ambasady RP w RB<\/p>\n<p><b>Dorota Mamaj<br \/><\/b>Zast\u0119pca Dyrektora,<br \/>I Radca Ambasady RP w RB<\/p>\n<p><b>Olga Gud<br \/><\/b>asystent dyrektora, t\u0142umacz-korespondent<br \/><a href=\"mailto:Olga.Gud[at]instytutpolski.org\"><span style=\"color: #ff0000\">Olga.Gud[at]instytutpolski.org<\/span><\/a><\/p>\n<p><b>Elena Zdobnikowa<br \/><\/b>ekspert ds. spraw programowo-organizacyjnych<br \/><a href=\"mailto:Elena.Zdobnikowa[at]instytutpolski.org\"><span style=\"color: #ff0000\">Elena.Zdobnikowa[at]instytutpolski.org<\/span><\/a><\/p>\n<p><strong>Alina Karpi\u0144ska<\/strong> koordynator projekt\u00f3w <a href=\"mailto:Alina.Karpi%C5%84ska@msz.gov.pl\"><span style=\"color: #ff0000\">Alina.Karpi\u0144ska[at]msz.gov.pl<\/span><\/a><\/p>\n<p><b>Vitali Darashuk<br \/><\/b>koordynator projekt\u00f3w\u00a0 <span style=\"color: #ff0000\">Vitali.Darashuk[at]instytutpolski.org\u00a0<\/span><\/p>\n<p><b>Maria Pushkina<br \/><\/b>Biblioteka<br \/><a href=\"mailto:biblioteka.minsk[at]instytutpolski.org\"><span style=\"color: #ff0000\">biblioteka.minsk[at]instytutpolski.org<\/span><\/a><\/p>\n","protected":false},"excerpt":{"rendered":"<p>Instytut Polski w Mi\u0144sku to plac\u00f3wka o statusie dyplomatycznym, kt\u00f3ra rozpocz\u0119\u0142a swoj\u0105 dzia\u0142alno\u015b\u0107 w 1994 roku. Instytut zajmuje si\u0119 promocj\u0105 osi\u0105gni\u0119\u0107 polskiej kultury, historii i nauki, prezentacj\u0105 i ochron\u0105 polskiego dziedzictwa, nawi\u0105zywaniem i rozwojem kontakt\u00f3w, wymian\u0105 do\u015bwiadcze\u0144 i wsparciem dialogu pomi\u0119dzy Polsk\u0105 a Bia\u0142orusi\u0105. To jeden z 25 Instytut\u00f3w Polskich na \u015bwiecie. Misja i zadania [&hellip;]<\/p>\n","protected":false},"author":1,"featured_media":0,"parent":0,"menu_order":0,"comment_status":"closed","ping_status":"closed","template":"","meta":{"inline_featured_image":false,"_monsterinsights_skip_tracking":false,"_monsterinsights_sitenote_active":false,"_monsterinsights_sitenote_note":"","_monsterinsights_sitenote_category":0,"footnotes":""},"class_list":["post-421","page","type-page","status-publish","hentry"],"yoast_head":"<!-- This site is optimized with the Yoast SEO plugin v24.6 - https:\/\/yoast.com\/wordpress\/plugins\/seo\/ -->\n<title>O nas - Instytut Polski w Mi\u0144sku<\/title>\n<meta name=\"robots\" content=\"index, follow, max-snippet:-1, max-image-preview:large, max-video-preview:-1\" \/>\n<link rel=\"canonical\" href=\"https:\/\/instytutpolski.pl\/minsk\/pl\/o-nas\/\" \/>\n<meta property=\"og:locale\" content=\"pl_PL\" \/>\n<meta property=\"og:type\" content=\"article\" \/>\n<meta property=\"og:title\" content=\"O nas - Instytut Polski w Mi\u0144sku\" \/>\n<meta property=\"og:description\" content=\"Instytut Polski w Mi\u0144sku to plac\u00f3wka o statusie dyplomatycznym, kt\u00f3ra rozpocz\u0119\u0142a swoj\u0105 dzia\u0142alno\u015b\u0107 w 1994 roku. Instytut zajmuje si\u0119 promocj\u0105 osi\u0105gni\u0119\u0107 polskiej kultury, historii i nauki, prezentacj\u0105 i ochron\u0105 polskiego dziedzictwa, nawi\u0105zywaniem i rozwojem kontakt\u00f3w, wymian\u0105 do\u015bwiadcze\u0144 i wsparciem dialogu pomi\u0119dzy Polsk\u0105 a Bia\u0142orusi\u0105. To jeden z 25 Instytut\u00f3w Polskich na \u015bwiecie. Misja i zadania [&hellip;]\" \/>\n<meta property=\"og:url\" content=\"https:\/\/instytutpolski.pl\/minsk\/pl\/o-nas\/\" \/>\n<meta property=\"og:site_name\" content=\"Instytut Polski w Mi\u0144sku\" \/>\n<meta property=\"article:modified_time\" content=\"2020-02-21T12:31:40+00:00\" \/>\n<meta name=\"twitter:card\" content=\"summary_large_image\" \/>\n<meta name=\"twitter:label1\" content=\"Szacowany czas czytania\" \/>\n\t<meta name=\"twitter:data1\" content=\"1 minuta\" \/>\n<script type=\"application\/ld+json\" class=\"yoast-schema-graph\">{\"@context\":\"https:\/\/schema.org\",\"@graph\":[{\"@type\":\"WebPage\",\"@id\":\"https:\/\/instytutpolski.pl\/minsk\/pl\/o-nas\/\",\"url\":\"https:\/\/instytutpolski.pl\/minsk\/pl\/o-nas\/\",\"name\":\"O nas - Instytut Polski w Mi\u0144sku\",\"isPartOf\":{\"@id\":\"https:\/\/instytutpolski.pl\/minsk\/#website\"},\"datePublished\":\"2019-05-27T10:53:23+00:00\",\"dateModified\":\"2020-02-21T12:31:40+00:00\",\"breadcrumb\":{\"@id\":\"https:\/\/instytutpolski.pl\/minsk\/pl\/o-nas\/#breadcrumb\"},\"inLanguage\":\"pl-PL\",\"potentialAction\":[{\"@type\":\"ReadAction\",\"target\":[\"https:\/\/instytutpolski.pl\/minsk\/pl\/o-nas\/\"]}]},{\"@type\":\"BreadcrumbList\",\"@id\":\"https:\/\/instytutpolski.pl\/minsk\/pl\/o-nas\/#breadcrumb\",\"itemListElement\":[{\"@type\":\"ListItem\",\"position\":1,\"name\":\"Home\",\"item\":\"https:\/\/instytutpolski.pl\/minsk\/\"},{\"@type\":\"ListItem\",\"position\":2,\"name\":\"O nas\"}]},{\"@type\":\"WebSite\",\"@id\":\"https:\/\/instytutpolski.pl\/minsk\/#website\",\"url\":\"https:\/\/instytutpolski.pl\/minsk\/\",\"name\":\"Instytut Polski w Mi\u0144sku\",\"description\":\"Instytuty Polskie\",\"potentialAction\":[{\"@type\":\"SearchAction\",\"target\":{\"@type\":\"EntryPoint\",\"urlTemplate\":\"https:\/\/instytutpolski.pl\/minsk\/?s={search_term_string}\"},\"query-input\":{\"@type\":\"PropertyValueSpecification\",\"valueRequired\":true,\"valueName\":\"search_term_string\"}}],\"inLanguage\":\"pl-PL\"}]}<\/script>\n<!-- \/ Yoast SEO plugin. -->","yoast_head_json":{"title":"O nas - Instytut Polski w Mi\u0144sku","robots":{"index":"index","follow":"follow","max-snippet":"max-snippet:-1","max-image-preview":"max-image-preview:large","max-video-preview":"max-video-preview:-1"},"canonical":"https:\/\/instytutpolski.pl\/minsk\/pl\/o-nas\/","og_locale":"pl_PL","og_type":"article","og_title":"O nas - Instytut Polski w Mi\u0144sku","og_description":"Instytut Polski w Mi\u0144sku to plac\u00f3wka o statusie dyplomatycznym, kt\u00f3ra rozpocz\u0119\u0142a swoj\u0105 dzia\u0142alno\u015b\u0107 w 1994 roku. Instytut zajmuje si\u0119 promocj\u0105 osi\u0105gni\u0119\u0107 polskiej kultury, historii i nauki, prezentacj\u0105 i ochron\u0105 polskiego dziedzictwa, nawi\u0105zywaniem i rozwojem kontakt\u00f3w, wymian\u0105 do\u015bwiadcze\u0144 i wsparciem dialogu pomi\u0119dzy Polsk\u0105 a Bia\u0142orusi\u0105. To jeden z 25 Instytut\u00f3w Polskich na \u015bwiecie. Misja i zadania [&hellip;]","og_url":"https:\/\/instytutpolski.pl\/minsk\/pl\/o-nas\/","og_site_name":"Instytut Polski w Mi\u0144sku","article_modified_time":"2020-02-21T12:31:40+00:00","twitter_card":"summary_large_image","twitter_misc":{"Szacowany czas czytania":"1 minuta"},"schema":{"@context":"https:\/\/schema.org","@graph":[{"@type":"WebPage","@id":"https:\/\/instytutpolski.pl\/minsk\/pl\/o-nas\/","url":"https:\/\/instytutpolski.pl\/minsk\/pl\/o-nas\/","name":"O nas - Instytut Polski w Mi\u0144sku","isPartOf":{"@id":"https:\/\/instytutpolski.pl\/minsk\/#website"},"datePublished":"2019-05-27T10:53:23+00:00","dateModified":"2020-02-21T12:31:40+00:00","breadcrumb":{"@id":"https:\/\/instytutpolski.pl\/minsk\/pl\/o-nas\/#breadcrumb"},"inLanguage":"pl-PL","potentialAction":[{"@type":"ReadAction","target":["https:\/\/instytutpolski.pl\/minsk\/pl\/o-nas\/"]}]},{"@type":"BreadcrumbList","@id":"https:\/\/instytutpolski.pl\/minsk\/pl\/o-nas\/#breadcrumb","itemListElement":[{"@type":"ListItem","position":1,"name":"Home","item":"https:\/\/instytutpolski.pl\/minsk\/"},{"@type":"ListItem","position":2,"name":"O nas"}]},{"@type":"WebSite","@id":"https:\/\/instytutpolski.pl\/minsk\/#website","url":"https:\/\/instytutpolski.pl\/minsk\/","name":"Instytut Polski w Mi\u0144sku","description":"Instytuty Polskie","potentialAction":[{"@type":"SearchAction","target":{"@type":"EntryPoint","urlTemplate":"https:\/\/instytutpolski.pl\/minsk\/?s={search_term_string}"},"query-input":{"@type":"PropertyValueSpecification","valueRequired":true,"valueName":"search_term_string"}}],"inLanguage":"pl-PL"}]}},"_links":{"self":[{"href":"https:\/\/instytutpolski.pl\/minsk\/wp-json\/wp\/v2\/pages\/421","targetHints":{"allow":["GET"]}}],"collection":[{"href":"https:\/\/instytutpolski.pl\/minsk\/wp-json\/wp\/v2\/pages"}],"about":[{"href":"https:\/\/instytutpolski.pl\/minsk\/wp-json\/wp\/v2\/types\/page"}],"author":[{"embeddable":true,"href":"https:\/\/instytutpolski.pl\/minsk\/wp-json\/wp\/v2\/users\/1"}],"replies":[{"embeddable":true,"href":"https:\/\/instytutpolski.pl\/minsk\/wp-json\/wp\/v2\/comments?post=421"}],"version-history":[{"count":4,"href":"https:\/\/instytutpolski.pl\/minsk\/wp-json\/wp\/v2\/pages\/421\/revisions"}],"predecessor-version":[{"id":2320,"href":"https:\/\/instytutpolski.pl\/minsk\/wp-json\/wp\/v2\/pages\/421\/revisions\/2320"}],"wp:attachment":[{"href":"https:\/\/instytutpolski.pl\/minsk\/wp-json\/wp\/v2\/media?parent=421"}],"curies":[{"name":"wp","href":"https:\/\/api.w.org\/{rel}","templated":true}]}}