{"id":644,"date":"2019-06-27T14:53:29","date_gmt":"2019-06-27T12:53:29","guid":{"rendered":"https:\/\/instytutpolski.pl\/minsk\/?page_id=644"},"modified":"2020-04-16T15:56:27","modified_gmt":"2020-04-16T13:56:27","slug":"stypendia-w-ramach-umow-dwustronnych","status":"publish","type":"page","link":"https:\/\/instytutpolski.pl\/minsk\/pl\/poznaj-polske\/stypendia-w-polsce\/stypendia-w-ramach-umow-dwustronnych\/","title":{"rendered":"Stypendia w ramach um\u00f3w dwustronnych"},"content":{"rendered":"\n<p><span data-contrast=\"auto\">Wsp\u00f3\u0142prac\u0105 obj\u0119te s\u0105 m.in.:\u202fArmenia, Belgia Walonia, Bia\u0142oru\u015b, Bu\u0142garia, Chiny, Chorwacja, Czechy, Egipt, Francja, Izrael, Japonia, Jemen, Kazachstan,\u202fKorea, Macedonia, Mongolia, Rumunia, Serbia, S\u0142owacja, S\u0142owenia, Tajwan, Ukraina, W\u0119gry, Wietnam, W\u0142ochy.<\/span><b><span data-contrast=\"auto\">\u00a0<\/span><\/b><span data-contrast=\"auto\">W ramach programu pobyt mo\u017ce trwa\u0107 od 3 dni do 12 miesi\u0119cy w danym roku akademickim.<\/span><b><span data-contrast=\"auto\">\u00a0<\/span><\/b><span data-ccp-props=\"{&quot;201341983&quot;:0,&quot;335551550&quot;:6,&quot;335551620&quot;:6,&quot;335559685&quot;:708,&quot;335559739&quot;:0,&quot;335559740&quot;:240}\">\u00a0<\/span><\/p>\n<p><a href=\"https:\/\/www.nawa.gov.pl\/studenci\/studenci-zagraniczni\/program-wymiany-osobowej-studentow-i-naukowcow-w-ramach-wspolpracy-bilateralnej-oferta-przyjazdowa\"><span data-contrast=\"none\">Wi\u0119cej informacji o programie wsp\u00f3\u0142pracy<\/span><\/a><span data-ccp-props=\"{&quot;201341983&quot;:0,&quot;335551550&quot;:6,&quot;335551620&quot;:6,&quot;335559685&quot;:708,&quot;335559739&quot;:0,&quot;335559740&quot;:240}\">\u00a0<\/span><\/p>\n<p>\u00a0<\/p>\n<p><span data-ccp-props=\"{&quot;201341983&quot;:0,&quot;335551550&quot;:6,&quot;335551620&quot;:6,&quot;335559685&quot;:708,&quot;335559739&quot;:0,&quot;335559740&quot;:240}\">\u00a0<\/span><span data-contrast=\"auto\">Wi\u0119cej o<\/span><b><span data-contrast=\"auto\">\u00a0<a href=\"https:\/\/www.nawa.gov.pl\/instytucje\">projektach dedykowanych instytucjom<\/a><\/span><\/b><span data-contrast=\"auto\">: <\/span><\/p>\n<p><a href=\"https:\/\/nawa.gov.pl\/instytucje\/promocja-zagraniczna\"><span data-contrast=\"auto\">Promocja Zagraniczna<\/span><\/a><\/p>\n<p><a href=\"https:\/\/nawa.gov.pl\/instytucje\/program-prom\"><span data-contrast=\"auto\"> Program PROM<\/span><\/a><\/p>\n<p><a href=\"https:\/\/www.nawa.gov.pl\/instytucje\/akademickie-partnerstwa-miedzynarodowe\"><span data-contrast=\"auto\">Akademickie Partnerstwa Mi\u0119dzynarodowe<\/span><\/a><\/p>\n<p><a href=\"https:\/\/nawa.gov.pl\/instytucje\/welcome-to-poland\"><span data-contrast=\"auto\">Welcome<\/span><span data-contrast=\"auto\"> to Poland<\/span><\/a><\/p>\n<p><a href=\"https:\/\/www.nawa.gov.pl\/instytucje\/ster-stypendia-doktorskie-dla-cudzoziemcow\"><span data-contrast=\"auto\">STER &#8211; Stypendia doktorskie dla cudzoziemc\u00f3w<\/span><\/a><span data-contrast=\"auto\">; <\/span><\/p>\n<p><span data-contrast=\"auto\"><a href=\"https:\/\/nawa.gov.pl\/instytucje\/katamaran-przygotowanie-i-realizacja-wspolnych-studiow-ii-stopnia\">KATAMARAN<\/a> &#8211; Przygotowanie i realizacja wsp\u00f3lnych studi\u00f3w II stopnia<\/span><\/p>\n","protected":false},"excerpt":{"rendered":"<p>Wsp\u00f3\u0142prac\u0105 obj\u0119te s\u0105 m.in.:\u202fArmenia, Belgia Walonia, Bia\u0142oru\u015b, Bu\u0142garia, Chiny, Chorwacja, Czechy, Egipt, Francja, Izrael, Japonia, Jemen, Kazachstan,\u202fKorea, Macedonia, Mongolia, Rumunia, Serbia, S\u0142owacja, S\u0142owenia, Tajwan, Ukraina, W\u0119gry, Wietnam, W\u0142ochy.\u00a0W ramach programu pobyt mo\u017ce trwa\u0107 od 3 dni do 12 miesi\u0119cy w danym roku akademickim.\u00a0\u00a0 Wi\u0119cej informacji o programie wsp\u00f3\u0142pracy\u00a0 \u00a0 \u00a0Wi\u0119cej o\u00a0projektach dedykowanych instytucjom: Promocja Zagraniczna [&hellip;]<\/p>\n","protected":false},"author":1,"featured_media":0,"parent":636,"menu_order":0,"comment_status":"closed","ping_status":"closed","template":"","meta":{"inline_featured_image":false,"_monsterinsights_skip_tracking":false,"_monsterinsights_sitenote_active":false,"_monsterinsights_sitenote_note":"","_monsterinsights_sitenote_category":0,"footnotes":""},"class_list":["post-644","page","type-page","status-publish","hentry"],"yoast_head":"<!-- This site is optimized with the Yoast SEO plugin v24.6 - https:\/\/yoast.com\/wordpress\/plugins\/seo\/ -->\n<title>Stypendia w ramach um\u00f3w dwustronnych - Instytut Polski w Mi\u0144sku<\/title>\n<meta name=\"robots\" content=\"index, follow, max-snippet:-1, max-image-preview:large, max-video-preview:-1\" \/>\n<link rel=\"canonical\" href=\"https:\/\/instytutpolski.pl\/minsk\/pl\/poznaj-polske\/stypendia-w-polsce\/stypendia-w-ramach-umow-dwustronnych\/\" \/>\n<meta property=\"og:locale\" content=\"pl_PL\" \/>\n<meta property=\"og:type\" content=\"article\" \/>\n<meta property=\"og:title\" content=\"Stypendia w ramach um\u00f3w dwustronnych - Instytut Polski w Mi\u0144sku\" \/>\n<meta property=\"og:description\" content=\"Wsp\u00f3\u0142prac\u0105 obj\u0119te s\u0105 m.in.:\u202fArmenia, Belgia Walonia, Bia\u0142oru\u015b, Bu\u0142garia, Chiny, Chorwacja, Czechy, Egipt, Francja, Izrael, Japonia, Jemen, Kazachstan,\u202fKorea, Macedonia, Mongolia, Rumunia, Serbia, S\u0142owacja, S\u0142owenia, Tajwan, Ukraina, W\u0119gry, Wietnam, W\u0142ochy.\u00a0W ramach programu pobyt mo\u017ce trwa\u0107 od 3 dni do 12 miesi\u0119cy w danym roku akademickim.\u00a0\u00a0 Wi\u0119cej informacji o programie wsp\u00f3\u0142pracy\u00a0 \u00a0 \u00a0Wi\u0119cej o\u00a0projektach dedykowanych instytucjom: Promocja Zagraniczna [&hellip;]\" \/>\n<meta property=\"og:url\" content=\"https:\/\/instytutpolski.pl\/minsk\/pl\/poznaj-polske\/stypendia-w-polsce\/stypendia-w-ramach-umow-dwustronnych\/\" \/>\n<meta property=\"og:site_name\" content=\"Instytut Polski w Mi\u0144sku\" \/>\n<meta property=\"article:modified_time\" content=\"2020-04-16T13:56:27+00:00\" \/>\n<meta name=\"twitter:card\" content=\"summary_large_image\" \/>\n<script type=\"application\/ld+json\" class=\"yoast-schema-graph\">{\"@context\":\"https:\/\/schema.org\",\"@graph\":[{\"@type\":\"WebPage\",\"@id\":\"https:\/\/instytutpolski.pl\/minsk\/pl\/poznaj-polske\/stypendia-w-polsce\/stypendia-w-ramach-umow-dwustronnych\/\",\"url\":\"https:\/\/instytutpolski.pl\/minsk\/pl\/poznaj-polske\/stypendia-w-polsce\/stypendia-w-ramach-umow-dwustronnych\/\",\"name\":\"Stypendia w ramach um\u00f3w dwustronnych - Instytut Polski w Mi\u0144sku\",\"isPartOf\":{\"@id\":\"https:\/\/instytutpolski.pl\/minsk\/#website\"},\"datePublished\":\"2019-06-27T12:53:29+00:00\",\"dateModified\":\"2020-04-16T13:56:27+00:00\",\"breadcrumb\":{\"@id\":\"https:\/\/instytutpolski.pl\/minsk\/pl\/poznaj-polske\/stypendia-w-polsce\/stypendia-w-ramach-umow-dwustronnych\/#breadcrumb\"},\"inLanguage\":\"pl-PL\",\"potentialAction\":[{\"@type\":\"ReadAction\",\"target\":[\"https:\/\/instytutpolski.pl\/minsk\/pl\/poznaj-polske\/stypendia-w-polsce\/stypendia-w-ramach-umow-dwustronnych\/\"]}]},{\"@type\":\"BreadcrumbList\",\"@id\":\"https:\/\/instytutpolski.pl\/minsk\/pl\/poznaj-polske\/stypendia-w-polsce\/stypendia-w-ramach-umow-dwustronnych\/#breadcrumb\",\"itemListElement\":[{\"@type\":\"ListItem\",\"position\":1,\"name\":\"Home\",\"item\":\"https:\/\/instytutpolski.pl\/minsk\/\"},{\"@type\":\"ListItem\",\"position\":2,\"name\":\"Poznaj Polsk\u0119\",\"item\":\"https:\/\/instytutpolski.pl\/minsk\/pl\/poznaj-polske\/\"},{\"@type\":\"ListItem\",\"position\":3,\"name\":\"Stypendia w Polsce\",\"item\":\"https:\/\/instytutpolski.pl\/minsk\/pl\/poznaj-polske\/stypendia-w-polsce\/\"},{\"@type\":\"ListItem\",\"position\":4,\"name\":\"Stypendia w ramach um\u00f3w dwustronnych\"}]},{\"@type\":\"WebSite\",\"@id\":\"https:\/\/instytutpolski.pl\/minsk\/#website\",\"url\":\"https:\/\/instytutpolski.pl\/minsk\/\",\"name\":\"Instytut Polski w Mi\u0144sku\",\"description\":\"Instytuty Polskie\",\"potentialAction\":[{\"@type\":\"SearchAction\",\"target\":{\"@type\":\"EntryPoint\",\"urlTemplate\":\"https:\/\/instytutpolski.pl\/minsk\/?s={search_term_string}\"},\"query-input\":{\"@type\":\"PropertyValueSpecification\",\"valueRequired\":true,\"valueName\":\"search_term_string\"}}],\"inLanguage\":\"pl-PL\"}]}<\/script>\n<!-- \/ Yoast SEO plugin. -->","yoast_head_json":{"title":"Stypendia w ramach um\u00f3w dwustronnych - Instytut Polski w Mi\u0144sku","robots":{"index":"index","follow":"follow","max-snippet":"max-snippet:-1","max-image-preview":"max-image-preview:large","max-video-preview":"max-video-preview:-1"},"canonical":"https:\/\/instytutpolski.pl\/minsk\/pl\/poznaj-polske\/stypendia-w-polsce\/stypendia-w-ramach-umow-dwustronnych\/","og_locale":"pl_PL","og_type":"article","og_title":"Stypendia w ramach um\u00f3w dwustronnych - Instytut Polski w Mi\u0144sku","og_description":"Wsp\u00f3\u0142prac\u0105 obj\u0119te s\u0105 m.in.:\u202fArmenia, Belgia Walonia, Bia\u0142oru\u015b, Bu\u0142garia, Chiny, Chorwacja, Czechy, Egipt, Francja, Izrael, Japonia, Jemen, Kazachstan,\u202fKorea, Macedonia, Mongolia, Rumunia, Serbia, S\u0142owacja, S\u0142owenia, Tajwan, Ukraina, W\u0119gry, Wietnam, W\u0142ochy.\u00a0W ramach programu pobyt mo\u017ce trwa\u0107 od 3 dni do 12 miesi\u0119cy w danym roku akademickim.\u00a0\u00a0 Wi\u0119cej informacji o programie wsp\u00f3\u0142pracy\u00a0 \u00a0 \u00a0Wi\u0119cej o\u00a0projektach dedykowanych instytucjom: Promocja Zagraniczna [&hellip;]","og_url":"https:\/\/instytutpolski.pl\/minsk\/pl\/poznaj-polske\/stypendia-w-polsce\/stypendia-w-ramach-umow-dwustronnych\/","og_site_name":"Instytut Polski w Mi\u0144sku","article_modified_time":"2020-04-16T13:56:27+00:00","twitter_card":"summary_large_image","schema":{"@context":"https:\/\/schema.org","@graph":[{"@type":"WebPage","@id":"https:\/\/instytutpolski.pl\/minsk\/pl\/poznaj-polske\/stypendia-w-polsce\/stypendia-w-ramach-umow-dwustronnych\/","url":"https:\/\/instytutpolski.pl\/minsk\/pl\/poznaj-polske\/stypendia-w-polsce\/stypendia-w-ramach-umow-dwustronnych\/","name":"Stypendia w ramach um\u00f3w dwustronnych - Instytut Polski w Mi\u0144sku","isPartOf":{"@id":"https:\/\/instytutpolski.pl\/minsk\/#website"},"datePublished":"2019-06-27T12:53:29+00:00","dateModified":"2020-04-16T13:56:27+00:00","breadcrumb":{"@id":"https:\/\/instytutpolski.pl\/minsk\/pl\/poznaj-polske\/stypendia-w-polsce\/stypendia-w-ramach-umow-dwustronnych\/#breadcrumb"},"inLanguage":"pl-PL","potentialAction":[{"@type":"ReadAction","target":["https:\/\/instytutpolski.pl\/minsk\/pl\/poznaj-polske\/stypendia-w-polsce\/stypendia-w-ramach-umow-dwustronnych\/"]}]},{"@type":"BreadcrumbList","@id":"https:\/\/instytutpolski.pl\/minsk\/pl\/poznaj-polske\/stypendia-w-polsce\/stypendia-w-ramach-umow-dwustronnych\/#breadcrumb","itemListElement":[{"@type":"ListItem","position":1,"name":"Home","item":"https:\/\/instytutpolski.pl\/minsk\/"},{"@type":"ListItem","position":2,"name":"Poznaj Polsk\u0119","item":"https:\/\/instytutpolski.pl\/minsk\/pl\/poznaj-polske\/"},{"@type":"ListItem","position":3,"name":"Stypendia w Polsce","item":"https:\/\/instytutpolski.pl\/minsk\/pl\/poznaj-polske\/stypendia-w-polsce\/"},{"@type":"ListItem","position":4,"name":"Stypendia w ramach um\u00f3w dwustronnych"}]},{"@type":"WebSite","@id":"https:\/\/instytutpolski.pl\/minsk\/#website","url":"https:\/\/instytutpolski.pl\/minsk\/","name":"Instytut Polski w Mi\u0144sku","description":"Instytuty Polskie","potentialAction":[{"@type":"SearchAction","target":{"@type":"EntryPoint","urlTemplate":"https:\/\/instytutpolski.pl\/minsk\/?s={search_term_string}"},"query-input":{"@type":"PropertyValueSpecification","valueRequired":true,"valueName":"search_term_string"}}],"inLanguage":"pl-PL"}]}},"_links":{"self":[{"href":"https:\/\/instytutpolski.pl\/minsk\/wp-json\/wp\/v2\/pages\/644","targetHints":{"allow":["GET"]}}],"collection":[{"href":"https:\/\/instytutpolski.pl\/minsk\/wp-json\/wp\/v2\/pages"}],"about":[{"href":"https:\/\/instytutpolski.pl\/minsk\/wp-json\/wp\/v2\/types\/page"}],"author":[{"embeddable":true,"href":"https:\/\/instytutpolski.pl\/minsk\/wp-json\/wp\/v2\/users\/1"}],"replies":[{"embeddable":true,"href":"https:\/\/instytutpolski.pl\/minsk\/wp-json\/wp\/v2\/comments?post=644"}],"version-history":[{"count":4,"href":"https:\/\/instytutpolski.pl\/minsk\/wp-json\/wp\/v2\/pages\/644\/revisions"}],"predecessor-version":[{"id":3123,"href":"https:\/\/instytutpolski.pl\/minsk\/wp-json\/wp\/v2\/pages\/644\/revisions\/3123"}],"up":[{"embeddable":true,"href":"https:\/\/instytutpolski.pl\/minsk\/wp-json\/wp\/v2\/pages\/636"}],"wp:attachment":[{"href":"https:\/\/instytutpolski.pl\/minsk\/wp-json\/wp\/v2\/media?parent=644"}],"curies":[{"name":"wp","href":"https:\/\/api.w.org\/{rel}","templated":true}]}}