{"id":703,"date":"2019-06-28T08:54:17","date_gmt":"2019-06-28T06:54:17","guid":{"rendered":"https:\/\/instytutpolski.pl\/minsk\/?page_id=703"},"modified":"2020-07-16T11:53:37","modified_gmt":"2020-07-16T09:53:37","slug":"inne-ogolnodostepne-kursy-jezyka-polskiego","status":"publish","type":"page","link":"https:\/\/instytutpolski.pl\/minsk\/pl\/jezyk-polski\/inne-ogolnodostepne-kursy-jezyka-polskiego\/","title":{"rendered":"Inne og\u00f3lnodost\u0119pne kursy j\u0119zyka polskiego"},"content":{"rendered":"\n<p><a href=\"https:\/\/www.umcs.pl\/pl\/kursy-przygotowawcze-i-kursy-jezyka-polskiego-2020,8073.htm#page-1\"><span class=\"TextRun SCXW170174841 BCX0\" lang=\"PL-PL\" xml:lang=\"PL-PL\" data-contrast=\"auto\"><span class=\"NormalTextRun SCXW170174841 BCX0\" data-ccp-parastyle=\"Normal (Web)\">Centrum J\u0119zyka i Kultury Polskiej dla Polonii i Cudzoziemc\u00f3w<\/span><\/span><span class=\"TextRun SCXW170174841 BCX0\" lang=\"PL-PL\" xml:lang=\"PL-PL\" data-contrast=\"auto\"><span class=\"NormalTextRun SCXW170174841 BCX0\" data-ccp-parastyle=\"Normal (Web)\"> &#8211; UMCS Lublin <\/span><\/span><\/a><\/p>\n<p>Roczny kurs przygotowawczy do podj\u0119cia studi\u00f3w w j\u0119zyku polskim &#8211; poziom \u015bredni lub zaawansowany<\/p>\n\n\n\n<p><\/p>\n","protected":false},"excerpt":{"rendered":"<p>Centrum J\u0119zyka i Kultury Polskiej dla Polonii i Cudzoziemc\u00f3w &#8211; UMCS Lublin Roczny kurs przygotowawczy do podj\u0119cia studi\u00f3w w j\u0119zyku polskim &#8211; poziom \u015bredni lub zaawansowany<\/p>\n","protected":false},"author":1,"featured_media":0,"parent":690,"menu_order":0,"comment_status":"closed","ping_status":"closed","template":"","meta":{"inline_featured_image":false,"_monsterinsights_skip_tracking":false,"_monsterinsights_sitenote_active":false,"_monsterinsights_sitenote_note":"","_monsterinsights_sitenote_category":0,"footnotes":""},"class_list":["post-703","page","type-page","status-publish","hentry"],"yoast_head":"<!-- This site is optimized with the Yoast SEO plugin v24.6 - https:\/\/yoast.com\/wordpress\/plugins\/seo\/ -->\n<title>Inne og\u00f3lnodost\u0119pne kursy j\u0119zyka polskiego - Instytut Polski w Mi\u0144sku<\/title>\n<meta name=\"robots\" content=\"index, follow, max-snippet:-1, max-image-preview:large, max-video-preview:-1\" \/>\n<link rel=\"canonical\" href=\"https:\/\/instytutpolski.pl\/minsk\/pl\/jezyk-polski\/inne-ogolnodostepne-kursy-jezyka-polskiego\/\" \/>\n<meta property=\"og:locale\" content=\"pl_PL\" \/>\n<meta property=\"og:type\" content=\"article\" \/>\n<meta property=\"og:title\" content=\"Inne og\u00f3lnodost\u0119pne kursy j\u0119zyka polskiego - Instytut Polski w Mi\u0144sku\" \/>\n<meta property=\"og:description\" content=\"Centrum J\u0119zyka i Kultury Polskiej dla Polonii i Cudzoziemc\u00f3w &#8211; UMCS Lublin Roczny kurs przygotowawczy do podj\u0119cia studi\u00f3w w j\u0119zyku polskim &#8211; poziom \u015bredni lub zaawansowany\" \/>\n<meta property=\"og:url\" content=\"https:\/\/instytutpolski.pl\/minsk\/pl\/jezyk-polski\/inne-ogolnodostepne-kursy-jezyka-polskiego\/\" \/>\n<meta property=\"og:site_name\" content=\"Instytut Polski w Mi\u0144sku\" \/>\n<meta property=\"article:modified_time\" content=\"2020-07-16T09:53:37+00:00\" \/>\n<meta name=\"twitter:card\" content=\"summary_large_image\" \/>\n<script type=\"application\/ld+json\" class=\"yoast-schema-graph\">{\"@context\":\"https:\/\/schema.org\",\"@graph\":[{\"@type\":\"WebPage\",\"@id\":\"https:\/\/instytutpolski.pl\/minsk\/pl\/jezyk-polski\/inne-ogolnodostepne-kursy-jezyka-polskiego\/\",\"url\":\"https:\/\/instytutpolski.pl\/minsk\/pl\/jezyk-polski\/inne-ogolnodostepne-kursy-jezyka-polskiego\/\",\"name\":\"Inne og\u00f3lnodost\u0119pne kursy j\u0119zyka polskiego - Instytut Polski w Mi\u0144sku\",\"isPartOf\":{\"@id\":\"https:\/\/instytutpolski.pl\/minsk\/#website\"},\"datePublished\":\"2019-06-28T06:54:17+00:00\",\"dateModified\":\"2020-07-16T09:53:37+00:00\",\"breadcrumb\":{\"@id\":\"https:\/\/instytutpolski.pl\/minsk\/pl\/jezyk-polski\/inne-ogolnodostepne-kursy-jezyka-polskiego\/#breadcrumb\"},\"inLanguage\":\"pl-PL\",\"potentialAction\":[{\"@type\":\"ReadAction\",\"target\":[\"https:\/\/instytutpolski.pl\/minsk\/pl\/jezyk-polski\/inne-ogolnodostepne-kursy-jezyka-polskiego\/\"]}]},{\"@type\":\"BreadcrumbList\",\"@id\":\"https:\/\/instytutpolski.pl\/minsk\/pl\/jezyk-polski\/inne-ogolnodostepne-kursy-jezyka-polskiego\/#breadcrumb\",\"itemListElement\":[{\"@type\":\"ListItem\",\"position\":1,\"name\":\"Home\",\"item\":\"https:\/\/instytutpolski.pl\/minsk\/\"},{\"@type\":\"ListItem\",\"position\":2,\"name\":\"J\u0119zyk polski\",\"item\":\"https:\/\/instytutpolski.pl\/minsk\/pl\/jezyk-polski\/\"},{\"@type\":\"ListItem\",\"position\":3,\"name\":\"Inne og\u00f3lnodost\u0119pne kursy j\u0119zyka polskiego\"}]},{\"@type\":\"WebSite\",\"@id\":\"https:\/\/instytutpolski.pl\/minsk\/#website\",\"url\":\"https:\/\/instytutpolski.pl\/minsk\/\",\"name\":\"Instytut Polski w Mi\u0144sku\",\"description\":\"Instytuty Polskie\",\"potentialAction\":[{\"@type\":\"SearchAction\",\"target\":{\"@type\":\"EntryPoint\",\"urlTemplate\":\"https:\/\/instytutpolski.pl\/minsk\/?s={search_term_string}\"},\"query-input\":{\"@type\":\"PropertyValueSpecification\",\"valueRequired\":true,\"valueName\":\"search_term_string\"}}],\"inLanguage\":\"pl-PL\"}]}<\/script>\n<!-- \/ Yoast SEO plugin. -->","yoast_head_json":{"title":"Inne og\u00f3lnodost\u0119pne kursy j\u0119zyka polskiego - Instytut Polski w Mi\u0144sku","robots":{"index":"index","follow":"follow","max-snippet":"max-snippet:-1","max-image-preview":"max-image-preview:large","max-video-preview":"max-video-preview:-1"},"canonical":"https:\/\/instytutpolski.pl\/minsk\/pl\/jezyk-polski\/inne-ogolnodostepne-kursy-jezyka-polskiego\/","og_locale":"pl_PL","og_type":"article","og_title":"Inne og\u00f3lnodost\u0119pne kursy j\u0119zyka polskiego - Instytut Polski w Mi\u0144sku","og_description":"Centrum J\u0119zyka i Kultury Polskiej dla Polonii i Cudzoziemc\u00f3w &#8211; UMCS Lublin Roczny kurs przygotowawczy do podj\u0119cia studi\u00f3w w j\u0119zyku polskim &#8211; poziom \u015bredni lub zaawansowany","og_url":"https:\/\/instytutpolski.pl\/minsk\/pl\/jezyk-polski\/inne-ogolnodostepne-kursy-jezyka-polskiego\/","og_site_name":"Instytut Polski w Mi\u0144sku","article_modified_time":"2020-07-16T09:53:37+00:00","twitter_card":"summary_large_image","schema":{"@context":"https:\/\/schema.org","@graph":[{"@type":"WebPage","@id":"https:\/\/instytutpolski.pl\/minsk\/pl\/jezyk-polski\/inne-ogolnodostepne-kursy-jezyka-polskiego\/","url":"https:\/\/instytutpolski.pl\/minsk\/pl\/jezyk-polski\/inne-ogolnodostepne-kursy-jezyka-polskiego\/","name":"Inne og\u00f3lnodost\u0119pne kursy j\u0119zyka polskiego - Instytut Polski w Mi\u0144sku","isPartOf":{"@id":"https:\/\/instytutpolski.pl\/minsk\/#website"},"datePublished":"2019-06-28T06:54:17+00:00","dateModified":"2020-07-16T09:53:37+00:00","breadcrumb":{"@id":"https:\/\/instytutpolski.pl\/minsk\/pl\/jezyk-polski\/inne-ogolnodostepne-kursy-jezyka-polskiego\/#breadcrumb"},"inLanguage":"pl-PL","potentialAction":[{"@type":"ReadAction","target":["https:\/\/instytutpolski.pl\/minsk\/pl\/jezyk-polski\/inne-ogolnodostepne-kursy-jezyka-polskiego\/"]}]},{"@type":"BreadcrumbList","@id":"https:\/\/instytutpolski.pl\/minsk\/pl\/jezyk-polski\/inne-ogolnodostepne-kursy-jezyka-polskiego\/#breadcrumb","itemListElement":[{"@type":"ListItem","position":1,"name":"Home","item":"https:\/\/instytutpolski.pl\/minsk\/"},{"@type":"ListItem","position":2,"name":"J\u0119zyk polski","item":"https:\/\/instytutpolski.pl\/minsk\/pl\/jezyk-polski\/"},{"@type":"ListItem","position":3,"name":"Inne og\u00f3lnodost\u0119pne kursy j\u0119zyka polskiego"}]},{"@type":"WebSite","@id":"https:\/\/instytutpolski.pl\/minsk\/#website","url":"https:\/\/instytutpolski.pl\/minsk\/","name":"Instytut Polski w Mi\u0144sku","description":"Instytuty Polskie","potentialAction":[{"@type":"SearchAction","target":{"@type":"EntryPoint","urlTemplate":"https:\/\/instytutpolski.pl\/minsk\/?s={search_term_string}"},"query-input":{"@type":"PropertyValueSpecification","valueRequired":true,"valueName":"search_term_string"}}],"inLanguage":"pl-PL"}]}},"_links":{"self":[{"href":"https:\/\/instytutpolski.pl\/minsk\/wp-json\/wp\/v2\/pages\/703","targetHints":{"allow":["GET"]}}],"collection":[{"href":"https:\/\/instytutpolski.pl\/minsk\/wp-json\/wp\/v2\/pages"}],"about":[{"href":"https:\/\/instytutpolski.pl\/minsk\/wp-json\/wp\/v2\/types\/page"}],"author":[{"embeddable":true,"href":"https:\/\/instytutpolski.pl\/minsk\/wp-json\/wp\/v2\/users\/1"}],"replies":[{"embeddable":true,"href":"https:\/\/instytutpolski.pl\/minsk\/wp-json\/wp\/v2\/comments?post=703"}],"version-history":[{"count":2,"href":"https:\/\/instytutpolski.pl\/minsk\/wp-json\/wp\/v2\/pages\/703\/revisions"}],"predecessor-version":[{"id":7401,"href":"https:\/\/instytutpolski.pl\/minsk\/wp-json\/wp\/v2\/pages\/703\/revisions\/7401"}],"up":[{"embeddable":true,"href":"https:\/\/instytutpolski.pl\/minsk\/wp-json\/wp\/v2\/pages\/690"}],"wp:attachment":[{"href":"https:\/\/instytutpolski.pl\/minsk\/wp-json\/wp\/v2\/media?parent=703"}],"curies":[{"name":"wp","href":"https:\/\/api.w.org\/{rel}","templated":true}]}}