{"id":728,"date":"2019-06-28T08:57:08","date_gmt":"2019-06-28T06:57:08","guid":{"rendered":"https:\/\/instytutpolski.pl\/minsk\/?page_id=728"},"modified":"2020-07-16T13:13:05","modified_gmt":"2020-07-16T11:13:05","slug":"kursy-i-materialy-on-line","status":"publish","type":"page","link":"https:\/\/instytutpolski.pl\/minsk\/pl\/jezyk-polski\/kursy-i-materialy-on-line\/","title":{"rendered":"kursy i materia\u0142y on-line"},"content":{"rendered":"\n<p>Informacje o tym gdzie na \u015bwiecie mo\u017cna uczy\u0107 si\u0119 j\u0119zyka polskiego na interaktywnej mapie Polski poza Polsk\u0105 <a href=\"https:\/\/polski.msz.gov.pl\/\">https:\/\/polski.msz.gov.pl\/<\/a><\/p>\n\n\n\n<p>Na stronie e-ksi\u0119garni\u00a0<strong>Publio<\/strong>\u00a0zebrana jest\u00a0<a href=\"http:\/\/www.publio.pl\/e-booki,jezyk-polski-jako-obcy,k2701.html\">ca\u0142a kolekcja elektronicznych podr\u0119cznik\u00f3w do nauki j\u0119zyka polskiego jako obcego<\/a>. Pocz\u0105tkuj\u0105cym proponujemy zwr\u00f3ci\u0107 uwag\u0119 na pozycj\u0119\u00a0<a href=\"http:\/\/www.publio.pl\/gramatyka-dlaczego-nie-joanna-machowska,p49420.html\">\u201eGramatyka? Dlaczego nie?! \u0106wiczenia gramatyczne dla poziomu A1\u201d<\/a>\u00a0Joanny Machowskiej, a bardziej zaawansowanym studentom \u2013 na s\u0142ynn\u0105\u00a0<a href=\"http:\/\/www.publio.pl\/przygoda-z-gramatyka-jozef-pyzik,p79234.html\">\u201ePrzygod\u0119 z gramatyk\u0105\u201d<\/a>\u00a0J\u00f3zefa Pyzika (poziom B2, C1). Wiele podr\u0119cznik\u00f3w-ebook\u00f3w mo\u017cna znale\u017a\u0107 r\u00f3wnie\u017c na stronie ksi\u0119garni\u00a0<strong>Tania ksi\u0105\u017cka<\/strong>. Pocz\u0105tkuj\u0105ce mog\u0105 zajrze\u0107 do ilustrowanego s\u0142ownika Anny Seretny\u00a0<a href=\"https:\/\/www.taniaksiazka.pl\/ebook-a-co-to-takiego-pdf-p-279084.html\">\u201eA co to takiego?\u201d<\/a>, jest te\u017c przeb\u00f3j wszelkich czas\u00f3w\u00a0<a href=\"https:\/\/www.taniaksiazka.pl\/ebook-praktyczna-gramatyka-jezyka-polskiego-pdf-p-349090.html\">\u201ePraktyczna gramatyka\u201d<\/a>\u00a0Liliany Madelskiej.<\/p>\n<p>W mi\u0119dzyczasie wydawnictwo\u00a0<strong>\u201eProlog<\/strong>\u201d wyda\u0142o w formacie pdf ca\u0142\u0105 swoj\u0105 s\u0142ynn\u0105 seri\u0119\u00a0<a href=\"https:\/\/prologpublishing.com\/en\/104.html\">\u201eHurra po polsku\u201d<\/a>. Hurra!<\/p>\n<p>Na wszystkich tych stronach istnieje mo\u017cliwo\u015b\u0107 podgl\u0105du fragmentu ksi\u0105\u017cki. W taki spos\u00f3b mo\u017cna samodzielnie podj\u0105\u0107 decyzj\u0119, czy spos\u00f3b i forma podania materia\u0142\u00f3w jest odpowiednia. Ka\u017cda ksi\u0119garnia ma swoje promocje i od tego zale\u017cy, gdzie mo\u017cna kupi\u0107 podr\u0119czniki taniej. Koszty na e-booki mo\u017cna por\u00f3wnywa\u0107 za pomoc\u0105 strony\u00a0<a href=\"https:\/\/ebooki.swiatczytnikow.pl\/\">\u015awiat czytnik\u00f3w<\/a>.<\/p>\n<p>Bezp\u0142atne materia\u0142y do nauki j\u0119zyka polskiego znajdziemy na stronie projektu\u00a0<a href=\"http:\/\/www.popolskupopolsce.edu.pl\/\"><strong>Po polsku po Polsce<\/strong><\/a>, jest to platforma e-learningowa, zawieraj\u0105ca kurs j\u0119zyka polskiego jako obcego dla pocz\u0105tkuj\u0105cych (poziom A1). Kurs j\u0119zykowy zosta\u0142 stworzony przy wsparciu Ministerstwa Spraw Zagranicznych i zaplanowany jest jako wirtualna podr\u00f3\u017c po Polsce \u2013 wybieramy \u201eKurs j\u0119zyka polskiego\u201d i przygoda si\u0119 zaczyna. Materia\u0142y d\u017awi\u0119kowe pomog\u0105 opanowa\u0107 wymow\u0119, jest te\u017c du\u017co dialog\u00f3w i podpowiedzi.<\/p>\n<p>Strona\u00a0<a href=\"http:\/\/wlaczpolske.pl\/index.php\"><strong>W\u0142\u0105cz Polsk\u0119!<\/strong><\/a>\u00a0pomo\u017ce dzieciom (od 5 do 14+), ucz\u0105cym si\u0119 j\u0119zyka polskiego za granic\u0105. Tutaj mo\u017cemy skorzysta\u0107 z przyk\u0142adowego zestawu materia\u0142\u00f3w albo u\u0142o\u017cy\u0107 w\u0142asny podr\u0119cznik, odpowiadaj\u0105cy wszystkim naszym w\u0142asnym wymaganiom.<\/p>\n<p>Bia\u0142oruski Narodowy Uniwersytet Techniczny opublikowa\u0142 na swojej stronie podr\u0119cznik\u00a0<a href=\"https:\/\/rep.bntu.by\/handle\/data\/5066\"><strong>W.Barawiec \u201eJ\u0119zyk polski. Kurs pocz\u0105tkowy\u201d<\/strong><\/a>. Prosta, ale przydatna podstawa do rozpocz\u0119cia przygody z j\u0119zykiem polskim, je\u015bli jest konieczne wsparcie j\u0119zyka rosyjskiego.<\/p>\n<p>Wielu wyk\u0142adowc\u00f3w si\u0119ga teraz po format blog\u00f3w, polecamy zwr\u00f3ci\u0107 uwag\u0119 na YT kana\u0142\u00a0<a href=\"https:\/\/www.youtube.com\/channel\/UCOJ8InFS6bdCVzsZKIdmK4w\/featured\"><strong>\u201ePolski z Ani\u0105\u201d<\/strong><\/a>: dr Anna Rabczuk, adiunkt Centrum J\u0119zyka i Kultury Polskiej \u201cPolonicum\u201d dla Cudzoziemc\u00f3w Uniwersytetu Warszawskiego, od wielu lat uczy polskiego, a ten projekt realizuje przy wsparciu Narodowej Agencji Wymiany Akademickiej w ramach Programu Nowoczesna Promocja Zagraniczna.<\/p>\n<p>W 2017 roku ukaza\u0142 si\u0119 podr\u0119cznik\u00a0<strong>\u201ePolskie Czytanki\u201d<\/strong>, materia\u0142y do tego wydania dobrane s\u0105 odpowiednio poziomom A1-A2 (i troch\u0119 B1), ka\u017cdy tekst jest otagowany tematycznie, a wszystko to autorzy ju\u017c nagrali i umie\u015bcili w otwartym dost\u0119pie\u00a0<a href=\"https:\/\/www.youtube.com\/channel\/UCvzwLa8JgeamkVwgTJeYFtg\/videos\">na swoim kanale<\/a>.<\/p>\n<p>Dzia\u0142alno\u015b\u0107 kana\u0142u\u00a0<a href=\"https:\/\/www.youtube.com\/channel\/UCsgfj9bKwyVVf6ACsSg1eKg\"><strong>\u201eI love Polish\u201d<\/strong><\/a>\u00a0dopiero si\u0119 zaczyna, ale wybrany przez autor\u00f3w format jest bardzo inspiruj\u0105cy: proste sytuacje komunikacyjne (przywitania\/po\u017cegnania) podawane s\u0105 poprzez mix przyk\u0142ad\u00f3w z polskich film\u00f3w. Nowe odcinki \u2013 co tydzie\u0144.<\/p>\n<p>Wielbicielom podcast\u00f3w podpowiadamy \u2013 darmowa strona\u00a0<a href=\"https:\/\/www.hellopolish.pl\/\"><strong>Hello Polish!<\/strong><\/a>\u00a0pomaga zapozna\u0107 si\u0119 z j\u0119zykiem potocznym na poziomach od A1 do C2. Autorami s\u0105 profesjonalni lektorzy, kt\u00f3rzy przygotowali r\u00f3wnie\u017c dwa podr\u0119czniki elektroniczne, mo\u017cna je kupi\u0107 bezpo\u015brednio w dziale \u201cSklep\u201d.<\/p>\n<p>Podr\u0119cznik\u00a0<strong>\u201eP<\/strong><strong>odlasie w legendach. teksty z \u0107wiczeniami dla obcokrajowc\u00f3w\u201d<\/strong>\u00a0przygotowany zosta\u0142 przez Instytut Filologii Polskiej Uniwersytetu w Bia\u0142ymstoku, wydanie zawiera 16 specjalnie spreparowanych legend podlaskich ze specjalnym za\u0142\u0105cznikiem: \u0107wiczenia gramatyczne i leksykalne, przyk\u0142ady deklinacji oraz minis\u0142owniczek z t\u0142umaczeniem m.in. na bia\u0142oruski i rosyjski. Ca\u0142kowicie legalnie podr\u0119cznik jest\u00a0<a href=\"http:\/\/pollando.uwb.edu.pl\/wp-content\/Pliki\/Podlasie1.pdf\">dost\u0119pny w sieci<\/a>.<\/p>\n<p>Dla tych, kt\u00f3rzy ju\u017c kupili popularn\u0105 seri\u0119 podr\u0119cznik\u00f3w \u201ePolski krok po kroku\u201d, dost\u0119pny jest mi\u0142y bonus: pami\u0119tacie pewnie, \u017ce ka\u017cdy produkt szko\u0142y j\u0119zykowej \u201eGlossa\u201d zawiera kod dost\u0119pu do\u00a0<a href=\"https:\/\/e-polish.eu\/polskij-jazyk-dlja-inostrancev\"><strong>platformy internetowej<\/strong><\/a><strong>,<\/strong>\u00a0a tam znajdziemy jeszcze wi\u0119cej zada\u0144, \u0107wicze\u0144, aktywno\u015bci i mo\u017cliwo\u015bci.<\/p>\n<p>Aby utrzyma\u0107 aktywno\u015b\u0107 j\u0119zykow\u0105 w ci\u0105gu dnia, przyjemnie jest mie\u0107 pod r\u0119k\u0105 polskoj\u0119zyczn\u0105 opcj\u0119 w aplikacjach mobilnych\u00a0<a href=\"https:\/\/www.busuu.com\/ru\"><strong>busuu<\/strong><\/a>\u00a0i\u00a0<a href=\"https:\/\/www.duolingo.com\/\"><strong>duolingo<\/strong><\/a><strong>.<\/strong><\/p>\n\n\n\n<h2>Polskie s\u0142owniki online<\/h2>\n<p><a href=\"http:\/\/www.sjp.pwn.pl\/\">http:\/\/www.sjp.pwn.pl<\/a><\/p>\n<p><a href=\"http:\/\/www.so.pwn.pl\/\">http:\/\/www.so.pwn.pl<\/a><\/p>\n<p><a href=\"http:\/\/www.swo.pwn.pl\/\">http:\/\/www.swo.pwn.pl<\/a><\/p>\n<p><a href=\"http:\/\/korpus.pwn.pl\/\">http:\/\/korpus.pwn.pl\/<\/a><\/p>\n\n\n\n<p><\/p>\n","protected":false},"excerpt":{"rendered":"<p>Informacje o tym gdzie na \u015bwiecie mo\u017cna uczy\u0107 si\u0119 j\u0119zyka polskiego na interaktywnej mapie Polski poza Polsk\u0105 https:\/\/polski.msz.gov.pl\/ Na stronie e-ksi\u0119garni\u00a0Publio\u00a0zebrana jest\u00a0ca\u0142a kolekcja elektronicznych podr\u0119cznik\u00f3w do nauki j\u0119zyka polskiego jako obcego. Pocz\u0105tkuj\u0105cym proponujemy zwr\u00f3ci\u0107 uwag\u0119 na pozycj\u0119\u00a0\u201eGramatyka? Dlaczego nie?! \u0106wiczenia gramatyczne dla poziomu A1\u201d\u00a0Joanny Machowskiej, a bardziej zaawansowanym studentom \u2013 na s\u0142ynn\u0105\u00a0\u201ePrzygod\u0119 z gramatyk\u0105\u201d\u00a0J\u00f3zefa Pyzika [&hellip;]<\/p>\n","protected":false},"author":1,"featured_media":0,"parent":690,"menu_order":0,"comment_status":"closed","ping_status":"closed","template":"","meta":{"inline_featured_image":false,"_monsterinsights_skip_tracking":false,"_monsterinsights_sitenote_active":false,"_monsterinsights_sitenote_note":"","_monsterinsights_sitenote_category":0,"footnotes":""},"class_list":["post-728","page","type-page","status-publish","hentry"],"yoast_head":"<!-- This site is optimized with the Yoast SEO plugin v24.6 - https:\/\/yoast.com\/wordpress\/plugins\/seo\/ -->\n<title>kursy i materia\u0142y on-line - Instytut Polski w Mi\u0144sku<\/title>\n<meta name=\"robots\" content=\"index, follow, max-snippet:-1, max-image-preview:large, max-video-preview:-1\" \/>\n<link rel=\"canonical\" href=\"https:\/\/instytutpolski.pl\/minsk\/pl\/jezyk-polski\/kursy-i-materialy-on-line\/\" \/>\n<meta property=\"og:locale\" content=\"pl_PL\" \/>\n<meta property=\"og:type\" content=\"article\" \/>\n<meta property=\"og:title\" content=\"kursy i materia\u0142y on-line - Instytut Polski w Mi\u0144sku\" \/>\n<meta property=\"og:description\" content=\"Informacje o tym gdzie na \u015bwiecie mo\u017cna uczy\u0107 si\u0119 j\u0119zyka polskiego na interaktywnej mapie Polski poza Polsk\u0105 https:\/\/polski.msz.gov.pl\/ Na stronie e-ksi\u0119garni\u00a0Publio\u00a0zebrana jest\u00a0ca\u0142a kolekcja elektronicznych podr\u0119cznik\u00f3w do nauki j\u0119zyka polskiego jako obcego. Pocz\u0105tkuj\u0105cym proponujemy zwr\u00f3ci\u0107 uwag\u0119 na pozycj\u0119\u00a0\u201eGramatyka? Dlaczego nie?! \u0106wiczenia gramatyczne dla poziomu A1\u201d\u00a0Joanny Machowskiej, a bardziej zaawansowanym studentom \u2013 na s\u0142ynn\u0105\u00a0\u201ePrzygod\u0119 z gramatyk\u0105\u201d\u00a0J\u00f3zefa Pyzika [&hellip;]\" \/>\n<meta property=\"og:url\" content=\"https:\/\/instytutpolski.pl\/minsk\/pl\/jezyk-polski\/kursy-i-materialy-on-line\/\" \/>\n<meta property=\"og:site_name\" content=\"Instytut Polski w Mi\u0144sku\" \/>\n<meta property=\"article:modified_time\" content=\"2020-07-16T11:13:05+00:00\" \/>\n<meta name=\"twitter:card\" content=\"summary_large_image\" \/>\n<meta name=\"twitter:label1\" content=\"Szacowany czas czytania\" \/>\n\t<meta name=\"twitter:data1\" content=\"4 minuty\" \/>\n<script type=\"application\/ld+json\" class=\"yoast-schema-graph\">{\"@context\":\"https:\/\/schema.org\",\"@graph\":[{\"@type\":\"WebPage\",\"@id\":\"https:\/\/instytutpolski.pl\/minsk\/pl\/jezyk-polski\/kursy-i-materialy-on-line\/\",\"url\":\"https:\/\/instytutpolski.pl\/minsk\/pl\/jezyk-polski\/kursy-i-materialy-on-line\/\",\"name\":\"kursy i materia\u0142y on-line - Instytut Polski w Mi\u0144sku\",\"isPartOf\":{\"@id\":\"https:\/\/instytutpolski.pl\/minsk\/#website\"},\"datePublished\":\"2019-06-28T06:57:08+00:00\",\"dateModified\":\"2020-07-16T11:13:05+00:00\",\"breadcrumb\":{\"@id\":\"https:\/\/instytutpolski.pl\/minsk\/pl\/jezyk-polski\/kursy-i-materialy-on-line\/#breadcrumb\"},\"inLanguage\":\"pl-PL\",\"potentialAction\":[{\"@type\":\"ReadAction\",\"target\":[\"https:\/\/instytutpolski.pl\/minsk\/pl\/jezyk-polski\/kursy-i-materialy-on-line\/\"]}]},{\"@type\":\"BreadcrumbList\",\"@id\":\"https:\/\/instytutpolski.pl\/minsk\/pl\/jezyk-polski\/kursy-i-materialy-on-line\/#breadcrumb\",\"itemListElement\":[{\"@type\":\"ListItem\",\"position\":1,\"name\":\"Home\",\"item\":\"https:\/\/instytutpolski.pl\/minsk\/\"},{\"@type\":\"ListItem\",\"position\":2,\"name\":\"J\u0119zyk polski\",\"item\":\"https:\/\/instytutpolski.pl\/minsk\/pl\/jezyk-polski\/\"},{\"@type\":\"ListItem\",\"position\":3,\"name\":\"kursy i materia\u0142y on-line\"}]},{\"@type\":\"WebSite\",\"@id\":\"https:\/\/instytutpolski.pl\/minsk\/#website\",\"url\":\"https:\/\/instytutpolski.pl\/minsk\/\",\"name\":\"Instytut Polski w Mi\u0144sku\",\"description\":\"Instytuty Polskie\",\"potentialAction\":[{\"@type\":\"SearchAction\",\"target\":{\"@type\":\"EntryPoint\",\"urlTemplate\":\"https:\/\/instytutpolski.pl\/minsk\/?s={search_term_string}\"},\"query-input\":{\"@type\":\"PropertyValueSpecification\",\"valueRequired\":true,\"valueName\":\"search_term_string\"}}],\"inLanguage\":\"pl-PL\"}]}<\/script>\n<!-- \/ Yoast SEO plugin. -->","yoast_head_json":{"title":"kursy i materia\u0142y on-line - Instytut Polski w Mi\u0144sku","robots":{"index":"index","follow":"follow","max-snippet":"max-snippet:-1","max-image-preview":"max-image-preview:large","max-video-preview":"max-video-preview:-1"},"canonical":"https:\/\/instytutpolski.pl\/minsk\/pl\/jezyk-polski\/kursy-i-materialy-on-line\/","og_locale":"pl_PL","og_type":"article","og_title":"kursy i materia\u0142y on-line - Instytut Polski w Mi\u0144sku","og_description":"Informacje o tym gdzie na \u015bwiecie mo\u017cna uczy\u0107 si\u0119 j\u0119zyka polskiego na interaktywnej mapie Polski poza Polsk\u0105 https:\/\/polski.msz.gov.pl\/ Na stronie e-ksi\u0119garni\u00a0Publio\u00a0zebrana jest\u00a0ca\u0142a kolekcja elektronicznych podr\u0119cznik\u00f3w do nauki j\u0119zyka polskiego jako obcego. Pocz\u0105tkuj\u0105cym proponujemy zwr\u00f3ci\u0107 uwag\u0119 na pozycj\u0119\u00a0\u201eGramatyka? Dlaczego nie?! \u0106wiczenia gramatyczne dla poziomu A1\u201d\u00a0Joanny Machowskiej, a bardziej zaawansowanym studentom \u2013 na s\u0142ynn\u0105\u00a0\u201ePrzygod\u0119 z gramatyk\u0105\u201d\u00a0J\u00f3zefa Pyzika [&hellip;]","og_url":"https:\/\/instytutpolski.pl\/minsk\/pl\/jezyk-polski\/kursy-i-materialy-on-line\/","og_site_name":"Instytut Polski w Mi\u0144sku","article_modified_time":"2020-07-16T11:13:05+00:00","twitter_card":"summary_large_image","twitter_misc":{"Szacowany czas czytania":"4 minuty"},"schema":{"@context":"https:\/\/schema.org","@graph":[{"@type":"WebPage","@id":"https:\/\/instytutpolski.pl\/minsk\/pl\/jezyk-polski\/kursy-i-materialy-on-line\/","url":"https:\/\/instytutpolski.pl\/minsk\/pl\/jezyk-polski\/kursy-i-materialy-on-line\/","name":"kursy i materia\u0142y on-line - Instytut Polski w Mi\u0144sku","isPartOf":{"@id":"https:\/\/instytutpolski.pl\/minsk\/#website"},"datePublished":"2019-06-28T06:57:08+00:00","dateModified":"2020-07-16T11:13:05+00:00","breadcrumb":{"@id":"https:\/\/instytutpolski.pl\/minsk\/pl\/jezyk-polski\/kursy-i-materialy-on-line\/#breadcrumb"},"inLanguage":"pl-PL","potentialAction":[{"@type":"ReadAction","target":["https:\/\/instytutpolski.pl\/minsk\/pl\/jezyk-polski\/kursy-i-materialy-on-line\/"]}]},{"@type":"BreadcrumbList","@id":"https:\/\/instytutpolski.pl\/minsk\/pl\/jezyk-polski\/kursy-i-materialy-on-line\/#breadcrumb","itemListElement":[{"@type":"ListItem","position":1,"name":"Home","item":"https:\/\/instytutpolski.pl\/minsk\/"},{"@type":"ListItem","position":2,"name":"J\u0119zyk polski","item":"https:\/\/instytutpolski.pl\/minsk\/pl\/jezyk-polski\/"},{"@type":"ListItem","position":3,"name":"kursy i materia\u0142y on-line"}]},{"@type":"WebSite","@id":"https:\/\/instytutpolski.pl\/minsk\/#website","url":"https:\/\/instytutpolski.pl\/minsk\/","name":"Instytut Polski w Mi\u0144sku","description":"Instytuty Polskie","potentialAction":[{"@type":"SearchAction","target":{"@type":"EntryPoint","urlTemplate":"https:\/\/instytutpolski.pl\/minsk\/?s={search_term_string}"},"query-input":{"@type":"PropertyValueSpecification","valueRequired":true,"valueName":"search_term_string"}}],"inLanguage":"pl-PL"}]}},"_links":{"self":[{"href":"https:\/\/instytutpolski.pl\/minsk\/wp-json\/wp\/v2\/pages\/728","targetHints":{"allow":["GET"]}}],"collection":[{"href":"https:\/\/instytutpolski.pl\/minsk\/wp-json\/wp\/v2\/pages"}],"about":[{"href":"https:\/\/instytutpolski.pl\/minsk\/wp-json\/wp\/v2\/types\/page"}],"author":[{"embeddable":true,"href":"https:\/\/instytutpolski.pl\/minsk\/wp-json\/wp\/v2\/users\/1"}],"replies":[{"embeddable":true,"href":"https:\/\/instytutpolski.pl\/minsk\/wp-json\/wp\/v2\/comments?post=728"}],"version-history":[{"count":2,"href":"https:\/\/instytutpolski.pl\/minsk\/wp-json\/wp\/v2\/pages\/728\/revisions"}],"predecessor-version":[{"id":7417,"href":"https:\/\/instytutpolski.pl\/minsk\/wp-json\/wp\/v2\/pages\/728\/revisions\/7417"}],"up":[{"embeddable":true,"href":"https:\/\/instytutpolski.pl\/minsk\/wp-json\/wp\/v2\/pages\/690"}],"wp:attachment":[{"href":"https:\/\/instytutpolski.pl\/minsk\/wp-json\/wp\/v2\/media?parent=728"}],"curies":[{"name":"wp","href":"https:\/\/api.w.org\/{rel}","templated":true}]}}