{"id":737,"date":"2019-06-28T08:59:06","date_gmt":"2019-06-28T06:59:06","guid":{"rendered":"https:\/\/instytutpolski.pl\/minsk\/?page_id=737"},"modified":"2020-06-09T01:51:25","modified_gmt":"2020-06-08T23:51:25","slug":"kontakt","status":"publish","type":"page","link":"https:\/\/instytutpolski.pl\/minsk\/pl\/o-instytucie-polskim\/kontakt\/","title":{"rendered":"Kontakt"},"content":{"rendered":"\n<p>Mi\u0144sk, ul. Wo\u0142odarskiego 6<br \/>220030 Bia\u0142oru\u015b<\/p>\n<p><b>Godziny otwarcia<\/b><\/p>\n<p>Poniedzia\u0142ek-pi\u0105tek 9:00 \u2014 17:00<\/p>\n<div>Sekretariat<\/div>\n<div>tel. +375 (17) 255-23-71<br \/>faks. +375 (17) 378-95-81<br \/>e-mail:\u00a0<a href=\"mailto:minsk@instytutpolski.org\"><span style=\"color: #ff0000;\">minsk[at]instytutpolski.org<\/span><\/a><\/div>\n<div>\u00a0<\/div>\n<div>\u00a0<\/div>\n<p><em>W sprawach skarg i wniosk\u00f3w Dyrektor Instytutu Polskiego w Mi\u0144sku przyjmuje w pierwszy wtorek ka\u017cdego miesi\u0105ca, w godzinach 10:00-12:00, po wcze\u015bniejszym um\u00f3wieniu.<\/em><\/p>\n","protected":false},"excerpt":{"rendered":"<p>Mi\u0144sk, ul. Wo\u0142odarskiego 6220030 Bia\u0142oru\u015b Godziny otwarcia Poniedzia\u0142ek-pi\u0105tek 9:00 \u2014 17:00 Sekretariat tel. +375 (17) 255-23-71faks. +375 (17) 378-95-81e-mail:\u00a0minsk[at]instytutpolski.org \u00a0 \u00a0 W sprawach skarg i wniosk\u00f3w Dyrektor Instytutu Polskiego w Mi\u0144sku przyjmuje w pierwszy wtorek ka\u017cdego miesi\u0105ca, w godzinach 10:00-12:00, po wcze\u015bniejszym um\u00f3wieniu.<\/p>\n","protected":false},"author":1,"featured_media":3067,"parent":733,"menu_order":0,"comment_status":"closed","ping_status":"closed","template":"","meta":{"inline_featured_image":false,"_monsterinsights_skip_tracking":false,"_monsterinsights_sitenote_active":false,"_monsterinsights_sitenote_note":"","_monsterinsights_sitenote_category":0,"footnotes":""},"class_list":["post-737","page","type-page","status-publish","has-post-thumbnail","hentry"],"yoast_head":"<!-- This site is optimized with the Yoast SEO plugin v24.6 - https:\/\/yoast.com\/wordpress\/plugins\/seo\/ -->\n<title>Kontakt - Instytut Polski w Mi\u0144sku<\/title>\n<meta name=\"robots\" content=\"index, follow, max-snippet:-1, max-image-preview:large, max-video-preview:-1\" \/>\n<link rel=\"canonical\" href=\"https:\/\/instytutpolski.pl\/minsk\/pl\/o-instytucie-polskim\/kontakt\/\" \/>\n<meta property=\"og:locale\" content=\"pl_PL\" \/>\n<meta property=\"og:type\" content=\"article\" \/>\n<meta property=\"og:title\" content=\"Kontakt - Instytut Polski w Mi\u0144sku\" \/>\n<meta property=\"og:description\" content=\"Mi\u0144sk, ul. Wo\u0142odarskiego 6220030 Bia\u0142oru\u015b Godziny otwarcia Poniedzia\u0142ek-pi\u0105tek 9:00 \u2014 17:00 Sekretariat tel. +375 (17) 255-23-71faks. +375 (17) 378-95-81e-mail:\u00a0minsk[at]instytutpolski.org \u00a0 \u00a0 W sprawach skarg i wniosk\u00f3w Dyrektor Instytutu Polskiego w Mi\u0144sku przyjmuje w pierwszy wtorek ka\u017cdego miesi\u0105ca, w godzinach 10:00-12:00, po wcze\u015bniejszym um\u00f3wieniu.\" \/>\n<meta property=\"og:url\" content=\"https:\/\/instytutpolski.pl\/minsk\/pl\/o-instytucie-polskim\/kontakt\/\" \/>\n<meta property=\"og:site_name\" content=\"Instytut Polski w Mi\u0144sku\" \/>\n<meta property=\"article:modified_time\" content=\"2020-06-08T23:51:25+00:00\" \/>\n<meta property=\"og:image\" content=\"https:\/\/instytutpolski.pl\/minsk\/wp-content\/uploads\/sites\/6\/2020\/04\/IP-foto.jpg\" \/>\n\t<meta property=\"og:image:width\" content=\"1334\" \/>\n\t<meta property=\"og:image:height\" content=\"1000\" \/>\n\t<meta property=\"og:image:type\" content=\"image\/jpeg\" \/>\n<meta name=\"twitter:card\" content=\"summary_large_image\" \/>\n<script type=\"application\/ld+json\" class=\"yoast-schema-graph\">{\"@context\":\"https:\/\/schema.org\",\"@graph\":[{\"@type\":\"WebPage\",\"@id\":\"https:\/\/instytutpolski.pl\/minsk\/pl\/o-instytucie-polskim\/kontakt\/\",\"url\":\"https:\/\/instytutpolski.pl\/minsk\/pl\/o-instytucie-polskim\/kontakt\/\",\"name\":\"Kontakt - Instytut Polski w Mi\u0144sku\",\"isPartOf\":{\"@id\":\"https:\/\/instytutpolski.pl\/minsk\/#website\"},\"primaryImageOfPage\":{\"@id\":\"https:\/\/instytutpolski.pl\/minsk\/pl\/o-instytucie-polskim\/kontakt\/#primaryimage\"},\"image\":{\"@id\":\"https:\/\/instytutpolski.pl\/minsk\/pl\/o-instytucie-polskim\/kontakt\/#primaryimage\"},\"thumbnailUrl\":\"https:\/\/instytutpolski.pl\/minsk\/wp-content\/uploads\/sites\/6\/2020\/04\/IP-foto.jpg\",\"datePublished\":\"2019-06-28T06:59:06+00:00\",\"dateModified\":\"2020-06-08T23:51:25+00:00\",\"breadcrumb\":{\"@id\":\"https:\/\/instytutpolski.pl\/minsk\/pl\/o-instytucie-polskim\/kontakt\/#breadcrumb\"},\"inLanguage\":\"pl-PL\",\"potentialAction\":[{\"@type\":\"ReadAction\",\"target\":[\"https:\/\/instytutpolski.pl\/minsk\/pl\/o-instytucie-polskim\/kontakt\/\"]}]},{\"@type\":\"ImageObject\",\"inLanguage\":\"pl-PL\",\"@id\":\"https:\/\/instytutpolski.pl\/minsk\/pl\/o-instytucie-polskim\/kontakt\/#primaryimage\",\"url\":\"https:\/\/instytutpolski.pl\/minsk\/wp-content\/uploads\/sites\/6\/2020\/04\/IP-foto.jpg\",\"contentUrl\":\"https:\/\/instytutpolski.pl\/minsk\/wp-content\/uploads\/sites\/6\/2020\/04\/IP-foto.jpg\",\"width\":1334,\"height\":1000},{\"@type\":\"BreadcrumbList\",\"@id\":\"https:\/\/instytutpolski.pl\/minsk\/pl\/o-instytucie-polskim\/kontakt\/#breadcrumb\",\"itemListElement\":[{\"@type\":\"ListItem\",\"position\":1,\"name\":\"Home\",\"item\":\"https:\/\/instytutpolski.pl\/minsk\/\"},{\"@type\":\"ListItem\",\"position\":2,\"name\":\"INSTYTUT POLSKI\",\"item\":\"https:\/\/instytutpolski.pl\/minsk\/pl\/o-instytucie-polskim\/\"},{\"@type\":\"ListItem\",\"position\":3,\"name\":\"Kontakt\"}]},{\"@type\":\"WebSite\",\"@id\":\"https:\/\/instytutpolski.pl\/minsk\/#website\",\"url\":\"https:\/\/instytutpolski.pl\/minsk\/\",\"name\":\"Instytut Polski w Mi\u0144sku\",\"description\":\"Instytuty Polskie\",\"potentialAction\":[{\"@type\":\"SearchAction\",\"target\":{\"@type\":\"EntryPoint\",\"urlTemplate\":\"https:\/\/instytutpolski.pl\/minsk\/?s={search_term_string}\"},\"query-input\":{\"@type\":\"PropertyValueSpecification\",\"valueRequired\":true,\"valueName\":\"search_term_string\"}}],\"inLanguage\":\"pl-PL\"}]}<\/script>\n<!-- \/ Yoast SEO plugin. -->","yoast_head_json":{"title":"Kontakt - Instytut Polski w Mi\u0144sku","robots":{"index":"index","follow":"follow","max-snippet":"max-snippet:-1","max-image-preview":"max-image-preview:large","max-video-preview":"max-video-preview:-1"},"canonical":"https:\/\/instytutpolski.pl\/minsk\/pl\/o-instytucie-polskim\/kontakt\/","og_locale":"pl_PL","og_type":"article","og_title":"Kontakt - Instytut Polski w Mi\u0144sku","og_description":"Mi\u0144sk, ul. Wo\u0142odarskiego 6220030 Bia\u0142oru\u015b Godziny otwarcia Poniedzia\u0142ek-pi\u0105tek 9:00 \u2014 17:00 Sekretariat tel. +375 (17) 255-23-71faks. +375 (17) 378-95-81e-mail:\u00a0minsk[at]instytutpolski.org \u00a0 \u00a0 W sprawach skarg i wniosk\u00f3w Dyrektor Instytutu Polskiego w Mi\u0144sku przyjmuje w pierwszy wtorek ka\u017cdego miesi\u0105ca, w godzinach 10:00-12:00, po wcze\u015bniejszym um\u00f3wieniu.","og_url":"https:\/\/instytutpolski.pl\/minsk\/pl\/o-instytucie-polskim\/kontakt\/","og_site_name":"Instytut Polski w Mi\u0144sku","article_modified_time":"2020-06-08T23:51:25+00:00","og_image":[{"width":1334,"height":1000,"url":"https:\/\/instytutpolski.pl\/minsk\/wp-content\/uploads\/sites\/6\/2020\/04\/IP-foto.jpg","type":"image\/jpeg"}],"twitter_card":"summary_large_image","schema":{"@context":"https:\/\/schema.org","@graph":[{"@type":"WebPage","@id":"https:\/\/instytutpolski.pl\/minsk\/pl\/o-instytucie-polskim\/kontakt\/","url":"https:\/\/instytutpolski.pl\/minsk\/pl\/o-instytucie-polskim\/kontakt\/","name":"Kontakt - Instytut Polski w Mi\u0144sku","isPartOf":{"@id":"https:\/\/instytutpolski.pl\/minsk\/#website"},"primaryImageOfPage":{"@id":"https:\/\/instytutpolski.pl\/minsk\/pl\/o-instytucie-polskim\/kontakt\/#primaryimage"},"image":{"@id":"https:\/\/instytutpolski.pl\/minsk\/pl\/o-instytucie-polskim\/kontakt\/#primaryimage"},"thumbnailUrl":"https:\/\/instytutpolski.pl\/minsk\/wp-content\/uploads\/sites\/6\/2020\/04\/IP-foto.jpg","datePublished":"2019-06-28T06:59:06+00:00","dateModified":"2020-06-08T23:51:25+00:00","breadcrumb":{"@id":"https:\/\/instytutpolski.pl\/minsk\/pl\/o-instytucie-polskim\/kontakt\/#breadcrumb"},"inLanguage":"pl-PL","potentialAction":[{"@type":"ReadAction","target":["https:\/\/instytutpolski.pl\/minsk\/pl\/o-instytucie-polskim\/kontakt\/"]}]},{"@type":"ImageObject","inLanguage":"pl-PL","@id":"https:\/\/instytutpolski.pl\/minsk\/pl\/o-instytucie-polskim\/kontakt\/#primaryimage","url":"https:\/\/instytutpolski.pl\/minsk\/wp-content\/uploads\/sites\/6\/2020\/04\/IP-foto.jpg","contentUrl":"https:\/\/instytutpolski.pl\/minsk\/wp-content\/uploads\/sites\/6\/2020\/04\/IP-foto.jpg","width":1334,"height":1000},{"@type":"BreadcrumbList","@id":"https:\/\/instytutpolski.pl\/minsk\/pl\/o-instytucie-polskim\/kontakt\/#breadcrumb","itemListElement":[{"@type":"ListItem","position":1,"name":"Home","item":"https:\/\/instytutpolski.pl\/minsk\/"},{"@type":"ListItem","position":2,"name":"INSTYTUT POLSKI","item":"https:\/\/instytutpolski.pl\/minsk\/pl\/o-instytucie-polskim\/"},{"@type":"ListItem","position":3,"name":"Kontakt"}]},{"@type":"WebSite","@id":"https:\/\/instytutpolski.pl\/minsk\/#website","url":"https:\/\/instytutpolski.pl\/minsk\/","name":"Instytut Polski w Mi\u0144sku","description":"Instytuty Polskie","potentialAction":[{"@type":"SearchAction","target":{"@type":"EntryPoint","urlTemplate":"https:\/\/instytutpolski.pl\/minsk\/?s={search_term_string}"},"query-input":{"@type":"PropertyValueSpecification","valueRequired":true,"valueName":"search_term_string"}}],"inLanguage":"pl-PL"}]}},"_links":{"self":[{"href":"https:\/\/instytutpolski.pl\/minsk\/wp-json\/wp\/v2\/pages\/737","targetHints":{"allow":["GET"]}}],"collection":[{"href":"https:\/\/instytutpolski.pl\/minsk\/wp-json\/wp\/v2\/pages"}],"about":[{"href":"https:\/\/instytutpolski.pl\/minsk\/wp-json\/wp\/v2\/types\/page"}],"author":[{"embeddable":true,"href":"https:\/\/instytutpolski.pl\/minsk\/wp-json\/wp\/v2\/users\/1"}],"replies":[{"embeddable":true,"href":"https:\/\/instytutpolski.pl\/minsk\/wp-json\/wp\/v2\/comments?post=737"}],"version-history":[{"count":5,"href":"https:\/\/instytutpolski.pl\/minsk\/wp-json\/wp\/v2\/pages\/737\/revisions"}],"predecessor-version":[{"id":4519,"href":"https:\/\/instytutpolski.pl\/minsk\/wp-json\/wp\/v2\/pages\/737\/revisions\/4519"}],"up":[{"embeddable":true,"href":"https:\/\/instytutpolski.pl\/minsk\/wp-json\/wp\/v2\/pages\/733"}],"wp:featuredmedia":[{"embeddable":true,"href":"https:\/\/instytutpolski.pl\/minsk\/wp-json\/wp\/v2\/media\/3067"}],"wp:attachment":[{"href":"https:\/\/instytutpolski.pl\/minsk\/wp-json\/wp\/v2\/media?parent=737"}],"curies":[{"name":"wp","href":"https:\/\/api.w.org\/{rel}","templated":true}]}}