{"id":745,"date":"2019-06-28T08:59:42","date_gmt":"2019-06-28T06:59:42","guid":{"rendered":"https:\/\/instytutpolski.pl\/minsk\/?page_id=745"},"modified":"2020-04-16T14:57:16","modified_gmt":"2020-04-16T12:57:16","slug":"katalog-on-line","status":"publish","type":"page","link":"https:\/\/instytutpolski.pl\/minsk\/pl\/o-instytucie-polskim\/biblioteka\/katalog-on-line\/","title":{"rendered":"Katalog Biblioteki on-line"},"content":{"rendered":"\n<div>\n<p>Katalog Biblioteki Instytutu Polskiego jest dost\u0119pny on-line. W dowolnej chwili mog\u0105 Pa\u0144stwo przejrze\u0107 wszystkie dost\u0119pne na p\u00f3\u0142kach Biblioteki pozycje oraz zam\u00f3wi\u0107 potrzebne ksi\u0105\u017cki.<\/p>\n<p align=\"center\"><b><a href=\"http:\/\/xn--szukamksiki-4kb16m.pl\/SzukamKsiazki\/katalog\/index.html?selectedBib=1331\"><span style=\"color: #ff0000\">KATALOG ON-LINE<\/span><\/a><\/b><\/p>\n<p>\u017beby dokona\u0107 zam\u00f3wienia czy sprawdzi\u0107 stan konta czytelnika, nale\u017cy zarejestrowa\u0107 si\u0119 w programie\u00a0<b>MAK+.<\/b><\/p>\n<p>W lewym menu trzeba wybra\u0107 dzia\u0142\u00a0<i>Rejestracja<\/i>\u00a0\u0456 wprowadzi\u0107 odpowiednie dane.<\/p>\n<p><b>UWAGA!<\/b>\u00a0Litery w numerze paszportu nale\u017cy podawa\u0107 cyrylic\u0105.<\/p>\n<div><img decoding=\"async\" src=\"http:\/\/www.pl.instpol.by\/i\/photo\/mak.jpg\" alt=\"\" border=\"0\" \/><\/div>\n<\/div>\n<div>\u00a0<\/div>\n<div>\n<p>Po rejestracji w systemie trzeba wybra\u0107 Login (imi\u0119 u\u017cytkownika) i\u00a0<i>Has\u0142o<\/i>\u00a0dla swojego konta, i mog\u0105 Pa\u0144stwo wyruszy\u0107 w wirtualn\u0105 podr\u00f3\u017c po p\u00f3\u0142kach naszej Biblioteki.<\/p>\n<\/div>\n","protected":false},"excerpt":{"rendered":"<p>Katalog Biblioteki Instytutu Polskiego jest dost\u0119pny on-line. W dowolnej chwili mog\u0105 Pa\u0144stwo przejrze\u0107 wszystkie dost\u0119pne na p\u00f3\u0142kach Biblioteki pozycje oraz zam\u00f3wi\u0107 potrzebne ksi\u0105\u017cki. KATALOG ON-LINE \u017beby dokona\u0107 zam\u00f3wienia czy sprawdzi\u0107 stan konta czytelnika, nale\u017cy zarejestrowa\u0107 si\u0119 w programie\u00a0MAK+. W lewym menu trzeba wybra\u0107 dzia\u0142\u00a0Rejestracja\u00a0\u0456 wprowadzi\u0107 odpowiednie dane. UWAGA!\u00a0Litery w numerze paszportu nale\u017cy podawa\u0107 cyrylic\u0105. \u00a0 [&hellip;]<\/p>\n","protected":false},"author":1,"featured_media":0,"parent":741,"menu_order":0,"comment_status":"closed","ping_status":"closed","template":"","meta":{"inline_featured_image":false,"_monsterinsights_skip_tracking":false,"_monsterinsights_sitenote_active":false,"_monsterinsights_sitenote_note":"","_monsterinsights_sitenote_category":0,"footnotes":""},"class_list":["post-745","page","type-page","status-publish","hentry"],"yoast_head":"<!-- This site is optimized with the Yoast SEO plugin v24.6 - https:\/\/yoast.com\/wordpress\/plugins\/seo\/ -->\n<title>Katalog Biblioteki on-line - Instytut Polski w Mi\u0144sku<\/title>\n<meta name=\"robots\" content=\"index, follow, max-snippet:-1, max-image-preview:large, max-video-preview:-1\" \/>\n<link rel=\"canonical\" href=\"https:\/\/instytutpolski.pl\/minsk\/pl\/o-instytucie-polskim\/biblioteka\/katalog-on-line\/\" \/>\n<meta property=\"og:locale\" content=\"pl_PL\" \/>\n<meta property=\"og:type\" content=\"article\" \/>\n<meta property=\"og:title\" content=\"Katalog Biblioteki on-line - Instytut Polski w Mi\u0144sku\" \/>\n<meta property=\"og:description\" content=\"Katalog Biblioteki Instytutu Polskiego jest dost\u0119pny on-line. W dowolnej chwili mog\u0105 Pa\u0144stwo przejrze\u0107 wszystkie dost\u0119pne na p\u00f3\u0142kach Biblioteki pozycje oraz zam\u00f3wi\u0107 potrzebne ksi\u0105\u017cki. KATALOG ON-LINE \u017beby dokona\u0107 zam\u00f3wienia czy sprawdzi\u0107 stan konta czytelnika, nale\u017cy zarejestrowa\u0107 si\u0119 w programie\u00a0MAK+. W lewym menu trzeba wybra\u0107 dzia\u0142\u00a0Rejestracja\u00a0\u0456 wprowadzi\u0107 odpowiednie dane. UWAGA!\u00a0Litery w numerze paszportu nale\u017cy podawa\u0107 cyrylic\u0105. \u00a0 [&hellip;]\" \/>\n<meta property=\"og:url\" content=\"https:\/\/instytutpolski.pl\/minsk\/pl\/o-instytucie-polskim\/biblioteka\/katalog-on-line\/\" \/>\n<meta property=\"og:site_name\" content=\"Instytut Polski w Mi\u0144sku\" \/>\n<meta property=\"article:modified_time\" content=\"2020-04-16T12:57:16+00:00\" \/>\n<meta property=\"og:image\" content=\"http:\/\/www.pl.instpol.by\/i\/photo\/mak.jpg\" \/>\n<meta name=\"twitter:card\" content=\"summary_large_image\" \/>\n<script type=\"application\/ld+json\" class=\"yoast-schema-graph\">{\"@context\":\"https:\/\/schema.org\",\"@graph\":[{\"@type\":\"WebPage\",\"@id\":\"https:\/\/instytutpolski.pl\/minsk\/pl\/o-instytucie-polskim\/biblioteka\/katalog-on-line\/\",\"url\":\"https:\/\/instytutpolski.pl\/minsk\/pl\/o-instytucie-polskim\/biblioteka\/katalog-on-line\/\",\"name\":\"Katalog Biblioteki on-line - Instytut Polski w Mi\u0144sku\",\"isPartOf\":{\"@id\":\"https:\/\/instytutpolski.pl\/minsk\/#website\"},\"primaryImageOfPage\":{\"@id\":\"https:\/\/instytutpolski.pl\/minsk\/pl\/o-instytucie-polskim\/biblioteka\/katalog-on-line\/#primaryimage\"},\"image\":{\"@id\":\"https:\/\/instytutpolski.pl\/minsk\/pl\/o-instytucie-polskim\/biblioteka\/katalog-on-line\/#primaryimage\"},\"thumbnailUrl\":\"http:\/\/www.pl.instpol.by\/i\/photo\/mak.jpg\",\"datePublished\":\"2019-06-28T06:59:42+00:00\",\"dateModified\":\"2020-04-16T12:57:16+00:00\",\"breadcrumb\":{\"@id\":\"https:\/\/instytutpolski.pl\/minsk\/pl\/o-instytucie-polskim\/biblioteka\/katalog-on-line\/#breadcrumb\"},\"inLanguage\":\"pl-PL\",\"potentialAction\":[{\"@type\":\"ReadAction\",\"target\":[\"https:\/\/instytutpolski.pl\/minsk\/pl\/o-instytucie-polskim\/biblioteka\/katalog-on-line\/\"]}]},{\"@type\":\"ImageObject\",\"inLanguage\":\"pl-PL\",\"@id\":\"https:\/\/instytutpolski.pl\/minsk\/pl\/o-instytucie-polskim\/biblioteka\/katalog-on-line\/#primaryimage\",\"url\":\"http:\/\/www.pl.instpol.by\/i\/photo\/mak.jpg\",\"contentUrl\":\"http:\/\/www.pl.instpol.by\/i\/photo\/mak.jpg\"},{\"@type\":\"BreadcrumbList\",\"@id\":\"https:\/\/instytutpolski.pl\/minsk\/pl\/o-instytucie-polskim\/biblioteka\/katalog-on-line\/#breadcrumb\",\"itemListElement\":[{\"@type\":\"ListItem\",\"position\":1,\"name\":\"Home\",\"item\":\"https:\/\/instytutpolski.pl\/minsk\/\"},{\"@type\":\"ListItem\",\"position\":2,\"name\":\"INSTYTUT POLSKI\",\"item\":\"https:\/\/instytutpolski.pl\/minsk\/pl\/o-instytucie-polskim\/\"},{\"@type\":\"ListItem\",\"position\":3,\"name\":\"Biblioteka\",\"item\":\"https:\/\/instytutpolski.pl\/minsk\/pl\/o-instytucie-polskim\/biblioteka\/\"},{\"@type\":\"ListItem\",\"position\":4,\"name\":\"Katalog Biblioteki on-line\"}]},{\"@type\":\"WebSite\",\"@id\":\"https:\/\/instytutpolski.pl\/minsk\/#website\",\"url\":\"https:\/\/instytutpolski.pl\/minsk\/\",\"name\":\"Instytut Polski w Mi\u0144sku\",\"description\":\"Instytuty Polskie\",\"potentialAction\":[{\"@type\":\"SearchAction\",\"target\":{\"@type\":\"EntryPoint\",\"urlTemplate\":\"https:\/\/instytutpolski.pl\/minsk\/?s={search_term_string}\"},\"query-input\":{\"@type\":\"PropertyValueSpecification\",\"valueRequired\":true,\"valueName\":\"search_term_string\"}}],\"inLanguage\":\"pl-PL\"}]}<\/script>\n<!-- \/ Yoast SEO plugin. -->","yoast_head_json":{"title":"Katalog Biblioteki on-line - Instytut Polski w Mi\u0144sku","robots":{"index":"index","follow":"follow","max-snippet":"max-snippet:-1","max-image-preview":"max-image-preview:large","max-video-preview":"max-video-preview:-1"},"canonical":"https:\/\/instytutpolski.pl\/minsk\/pl\/o-instytucie-polskim\/biblioteka\/katalog-on-line\/","og_locale":"pl_PL","og_type":"article","og_title":"Katalog Biblioteki on-line - Instytut Polski w Mi\u0144sku","og_description":"Katalog Biblioteki Instytutu Polskiego jest dost\u0119pny on-line. W dowolnej chwili mog\u0105 Pa\u0144stwo przejrze\u0107 wszystkie dost\u0119pne na p\u00f3\u0142kach Biblioteki pozycje oraz zam\u00f3wi\u0107 potrzebne ksi\u0105\u017cki. KATALOG ON-LINE \u017beby dokona\u0107 zam\u00f3wienia czy sprawdzi\u0107 stan konta czytelnika, nale\u017cy zarejestrowa\u0107 si\u0119 w programie\u00a0MAK+. W lewym menu trzeba wybra\u0107 dzia\u0142\u00a0Rejestracja\u00a0\u0456 wprowadzi\u0107 odpowiednie dane. UWAGA!\u00a0Litery w numerze paszportu nale\u017cy podawa\u0107 cyrylic\u0105. \u00a0 [&hellip;]","og_url":"https:\/\/instytutpolski.pl\/minsk\/pl\/o-instytucie-polskim\/biblioteka\/katalog-on-line\/","og_site_name":"Instytut Polski w Mi\u0144sku","article_modified_time":"2020-04-16T12:57:16+00:00","og_image":[{"url":"http:\/\/www.pl.instpol.by\/i\/photo\/mak.jpg","type":"","width":"","height":""}],"twitter_card":"summary_large_image","schema":{"@context":"https:\/\/schema.org","@graph":[{"@type":"WebPage","@id":"https:\/\/instytutpolski.pl\/minsk\/pl\/o-instytucie-polskim\/biblioteka\/katalog-on-line\/","url":"https:\/\/instytutpolski.pl\/minsk\/pl\/o-instytucie-polskim\/biblioteka\/katalog-on-line\/","name":"Katalog Biblioteki on-line - Instytut Polski w Mi\u0144sku","isPartOf":{"@id":"https:\/\/instytutpolski.pl\/minsk\/#website"},"primaryImageOfPage":{"@id":"https:\/\/instytutpolski.pl\/minsk\/pl\/o-instytucie-polskim\/biblioteka\/katalog-on-line\/#primaryimage"},"image":{"@id":"https:\/\/instytutpolski.pl\/minsk\/pl\/o-instytucie-polskim\/biblioteka\/katalog-on-line\/#primaryimage"},"thumbnailUrl":"http:\/\/www.pl.instpol.by\/i\/photo\/mak.jpg","datePublished":"2019-06-28T06:59:42+00:00","dateModified":"2020-04-16T12:57:16+00:00","breadcrumb":{"@id":"https:\/\/instytutpolski.pl\/minsk\/pl\/o-instytucie-polskim\/biblioteka\/katalog-on-line\/#breadcrumb"},"inLanguage":"pl-PL","potentialAction":[{"@type":"ReadAction","target":["https:\/\/instytutpolski.pl\/minsk\/pl\/o-instytucie-polskim\/biblioteka\/katalog-on-line\/"]}]},{"@type":"ImageObject","inLanguage":"pl-PL","@id":"https:\/\/instytutpolski.pl\/minsk\/pl\/o-instytucie-polskim\/biblioteka\/katalog-on-line\/#primaryimage","url":"http:\/\/www.pl.instpol.by\/i\/photo\/mak.jpg","contentUrl":"http:\/\/www.pl.instpol.by\/i\/photo\/mak.jpg"},{"@type":"BreadcrumbList","@id":"https:\/\/instytutpolski.pl\/minsk\/pl\/o-instytucie-polskim\/biblioteka\/katalog-on-line\/#breadcrumb","itemListElement":[{"@type":"ListItem","position":1,"name":"Home","item":"https:\/\/instytutpolski.pl\/minsk\/"},{"@type":"ListItem","position":2,"name":"INSTYTUT POLSKI","item":"https:\/\/instytutpolski.pl\/minsk\/pl\/o-instytucie-polskim\/"},{"@type":"ListItem","position":3,"name":"Biblioteka","item":"https:\/\/instytutpolski.pl\/minsk\/pl\/o-instytucie-polskim\/biblioteka\/"},{"@type":"ListItem","position":4,"name":"Katalog Biblioteki on-line"}]},{"@type":"WebSite","@id":"https:\/\/instytutpolski.pl\/minsk\/#website","url":"https:\/\/instytutpolski.pl\/minsk\/","name":"Instytut Polski w Mi\u0144sku","description":"Instytuty Polskie","potentialAction":[{"@type":"SearchAction","target":{"@type":"EntryPoint","urlTemplate":"https:\/\/instytutpolski.pl\/minsk\/?s={search_term_string}"},"query-input":{"@type":"PropertyValueSpecification","valueRequired":true,"valueName":"search_term_string"}}],"inLanguage":"pl-PL"}]}},"_links":{"self":[{"href":"https:\/\/instytutpolski.pl\/minsk\/wp-json\/wp\/v2\/pages\/745","targetHints":{"allow":["GET"]}}],"collection":[{"href":"https:\/\/instytutpolski.pl\/minsk\/wp-json\/wp\/v2\/pages"}],"about":[{"href":"https:\/\/instytutpolski.pl\/minsk\/wp-json\/wp\/v2\/types\/page"}],"author":[{"embeddable":true,"href":"https:\/\/instytutpolski.pl\/minsk\/wp-json\/wp\/v2\/users\/1"}],"replies":[{"embeddable":true,"href":"https:\/\/instytutpolski.pl\/minsk\/wp-json\/wp\/v2\/comments?post=745"}],"version-history":[{"count":2,"href":"https:\/\/instytutpolski.pl\/minsk\/wp-json\/wp\/v2\/pages\/745\/revisions"}],"predecessor-version":[{"id":3072,"href":"https:\/\/instytutpolski.pl\/minsk\/wp-json\/wp\/v2\/pages\/745\/revisions\/3072"}],"up":[{"embeddable":true,"href":"https:\/\/instytutpolski.pl\/minsk\/wp-json\/wp\/v2\/pages\/741"}],"wp:attachment":[{"href":"https:\/\/instytutpolski.pl\/minsk\/wp-json\/wp\/v2\/media?parent=745"}],"curies":[{"name":"wp","href":"https:\/\/api.w.org\/{rel}","templated":true}]}}